{"id":5444,"date":"2024-11-25T23:42:41","date_gmt":"2024-11-25T15:42:41","guid":{"rendered":"https:\/\/www.hnhlcranes.com\/?post_type=product&#038;p=5444"},"modified":"2025-01-10T15:05:04","modified_gmt":"2025-01-10T07:05:04","slug":"rozrzutnik-pojemnikow","status":"publish","type":"product","link":"https:\/\/www.hnhlcranes.com\/pl\/produkt\/rozrzutnik-pojemnikow\/","title":{"rendered":"Rozrzutnik pojemnik\u00f3w"},"content":{"rendered":"<h3><strong>Wprowadzenie do rozrzutnika kontenerowego<\/strong><\/h3>\n<p>A <strong>rozrzutnik pojemnik\u00f3w<\/strong> to urz\u0105dzenie zaprojektowane specjalnie do podnoszenia, transportu i precyzyjnego umieszczania kontener\u00f3w. Jest on zwykle u\u017cywany w d\u017awigach portowych, takich jak d\u017awigi nabrze\u017cne i suwnice bramowe. Rozrzutnik \u0142\u0105czy si\u0119 z hakiem d\u017awigu lub linami podnosz\u0105cymi i zapewnia bezpieczne podnoszenie i przenoszenie kontener\u00f3w. Dzi\u0119ki mechanizmom wysuwania i blokowania, rozpieracz kontenerowy odgrywa kluczow\u0105 rol\u0119 w utrzymaniu stabilno\u015bci i bezpiecze\u0144stwa kontener\u00f3w podczas procesu podnoszenia.<\/p>\n<h3><strong>G\u0142\u00f3wne funkcje<\/strong><\/h3>\n<ul>\n<li><strong>Podnoszenie kontener\u00f3w<\/strong>: Podstawow\u0105 funkcj\u0105 rozrzutnika kontener\u00f3w jest podnoszenie kontener\u00f3w ze statk\u00f3w towarowych lub z plac\u00f3w portowych i transportowanie ich do innych lokalizacji. \u0141\u0105czy si\u0119 on z czterema naro\u017cnymi odlewami kontenera, zabezpieczaj\u0105c kontener na miejscu podczas operacji podnoszenia.<\/li>\n<li><strong>Precyzyjne rozmieszczenie<\/strong>: Rozrzutnik kontener\u00f3w zapewnia precyzyjne umieszczanie kontener\u00f3w podczas przenoszenia ich z jednej lokalizacji do drugiej. Jest to szczeg\u00f3lnie wa\u017cne w operacjach portowych, gdzie wymagana jest wysoka precyzja przy uk\u0142adaniu i roz\u0142adunku. Rozrzutnik pomaga zapobiega\u0107 przechylaniu si\u0119 lub spadaniu kontener\u00f3w podczas przenoszenia.<\/li>\n<li><strong>Rozszerzenie i regulacja<\/strong>: Wi\u0119kszo\u015b\u0107 rozrzutnik\u00f3w kontener\u00f3w jest wyposa\u017cona w funkcj\u0119 rozsuwania, umo\u017cliwiaj\u0105c\u0105 dostosowanie ich szeroko\u015bci do r\u00f3\u017cnych rozmiar\u00f3w kontener\u00f3w (takich jak kontenery 20-stopowe, 40-stopowe lub 45-stopowe). Taka mo\u017cliwo\u015b\u0107 adaptacji oznacza, \u017ce ten sam rozrzutnik mo\u017ce obs\u0142ugiwa\u0107 wiele rozmiar\u00f3w kontener\u00f3w, zwi\u0119kszaj\u0105c wydajno\u015b\u0107 operacyjn\u0105.<\/li>\n<li><strong>Mechanizm blokuj\u0105cy<\/strong>: Aby pojemnik nie zsun\u0105\u0142 si\u0119 podczas podnoszenia, rozrzutnik pojemnik\u00f3w jest wyposa\u017cony w mechanizm blokuj\u0105cy. Mo\u017ce on by\u0107 automatyczny lub r\u0119czny i bezpiecznie blokuje cztery naro\u017cne odlewy pojemnika po pod\u0142\u0105czeniu, zapobiegaj\u0105c przypadkowemu od\u0142\u0105czeniu podczas procesu podnoszenia.<\/li>\n<li><strong>Zwi\u0119kszona wydajno\u015b\u0107<\/strong>: Rozrzutniki kontener\u00f3w zosta\u0142y zaprojektowane z my\u015bl\u0105 o szybkim pod\u0142\u0105czaniu i od\u0142\u0105czaniu, co zwi\u0119ksza wydajno\u015b\u0107 operacyjn\u0105 d\u017awigu. W zat\u0142oczonych portach rozrzutnik skraca czas obs\u0142ugi, pomagaj\u0105c przyspieszy\u0107 obs\u0142ug\u0119 i transport \u0142adunk\u00f3w.<\/li>\n<\/ul>\n<h3><strong>Kluczowe elementy strukturalne<\/strong><\/h3>\n<ul>\n<li><strong>Rama<\/strong>: Rama podtrzymuje ca\u0142\u0105 konstrukcj\u0119 rozrzutnika i jest zwykle wykonana ze stali o wysokiej wytrzyma\u0142o\u015bci, aby wytrzyma\u0107 ci\u0119\u017car kontenera.<\/li>\n<li><strong>Haki lub pier\u015bcienie do podnoszenia<\/strong>: \u0141\u0105cz\u0105 one rozrzutnik z systemem podnoszenia \u017curawia, u\u0142atwiaj\u0105c operacj\u0119 podnoszenia.<\/li>\n<li><strong>Wysuwane ramiona<\/strong>: Wysuwana cz\u0119\u015b\u0107 rozrzutnika umo\u017cliwia dostosowanie go do r\u00f3\u017cnych rozmiar\u00f3w pojemnik\u00f3w.<\/li>\n<li><strong>Mechanizm blokuj\u0105cy<\/strong>: Mechanizm ten zapewnia bezpieczne mocowanie naro\u017cnik\u00f3w kontenera do rozrzutnika, zapobiegaj\u0105c przesuwaniu si\u0119 kontenera.<\/li>\n<li><strong>System kontroli<\/strong>: Nowoczesne rozrzutniki kontenerowe mog\u0105 by\u0107 wyposa\u017cone w elektroniczne systemy sterowania do zarz\u0105dzania wysuwaniem, blokowaniem i innymi funkcjami, a niekt\u00f3re z nich oferuj\u0105 nawet mo\u017cliwo\u015b\u0107 zdalnego sterowania.<\/li>\n<\/ul>\n<h3><strong>Zalety<\/strong><\/h3>\n<ul>\n<li><strong>Zwi\u0119kszona wydajno\u015b\u0107<\/strong>: Automatyczny system blokowania i szybka konstrukcja znacznie poprawiaj\u0105 wydajno\u015b\u0107 obs\u0142ugi kontener\u00f3w.<\/li>\n<li><strong>Mo\u017cliwo\u015b\u0107 dostosowania do r\u00f3\u017cnych rozmiar\u00f3w<\/strong>: Wysuwane ramiona sprawiaj\u0105, \u017ce rozrzutnik nadaje si\u0119 do szerokiej gamy rozmiar\u00f3w pojemnik\u00f3w, zapewniaj\u0105c du\u017c\u0105 wszechstronno\u015b\u0107.<\/li>\n<li><strong>Wysoki poziom bezpiecze\u0144stwa<\/strong>: Mechanizm blokuj\u0105cy zapewnia stabilno\u015b\u0107 i bezpiecze\u0144stwo pojemnik\u00f3w podczas przenoszenia, zmniejszaj\u0105c ryzyko wypadk\u00f3w.<\/li>\n<li><strong>Ograniczona interwencja r\u0119czna<\/strong>: Nowoczesne rozrzutniki kontener\u00f3w s\u0105 cz\u0119sto wyposa\u017cone w zautomatyzowane systemy sterowania, kt\u00f3re ograniczaj\u0105 konieczno\u015b\u0107 r\u0119cznego wykonywania czynno\u015bci oraz zwi\u0119kszaj\u0105 bezpiecze\u0144stwo i wydajno\u015b\u0107.<\/li>\n<\/ul>\n<h3><strong>Wnioski<\/strong><\/h3>\n<p>Podsumowuj\u0105c, rozrzutnik kontener\u00f3w jest niezb\u0119dnym elementem wyposa\u017cenia w portach, dokach i innych operacjach zwi\u0105zanych z obs\u0142ug\u0105 kontener\u00f3w. Zapewnia wydajne, bezpieczne i precyzyjne podnoszenie i przenoszenie kontener\u00f3w. Mo\u017cliwo\u015b\u0107 przed\u0142u\u017cenia i mechanizmy blokuj\u0105ce pozwalaj\u0105 na dostosowanie go do r\u00f3\u017cnych rozmiar\u00f3w kontener\u00f3w, dzi\u0119ki czemu jest szeroko stosowany w transporcie kontener\u00f3w, za\u0142adunku, roz\u0142adunku i uk\u0142adaniu w stosy na ca\u0142ym \u015bwiecie.<\/p>","protected":false},"excerpt":{"rendered":"<p>Producenci rozrzutnik\u00f3w kontenerowych, 20-stopowy rozrzutnik kontenerowy, p\u00f3\u0142automatyczny rozrzutnik kontenerowy, 40-stopowa rama do podnoszenia kontener\u00f3w, rozrzutnik kontenerowy<\/p>","protected":false},"featured_media":7148,"template":"","meta":{"_kad_post_transparent":"default","_kad_post_title":"","_kad_post_layout":"default","_kad_post_sidebar_id":"","_kad_post_content_style":"default","_kad_post_vertical_padding":"show","_kad_post_feature":"","_kad_post_feature_position":"","_kad_post_header":false,"_kad_post_footer":false},"product_brand":[],"product_cat":[59],"product_tag":[508,510,513,497,514,512,515,498,521,376,517,518,496,507,520,516,495,522,494,504,502,505,501,506,499,523,503,519,509,500,493,511],"class_list":{"0":"post-5444","1":"product","2":"type-product","3":"status-publish","4":"has-post-thumbnail","6":"product_cat-crane-spreader","7":"product_tag-20ft-container-spreader","8":"product_tag-40ft-container-lifting-frame","9":"product_tag-billet-clamps","10":"product_tag-billet-crane-clamp","11":"product_tag-billet-crane-clamps-manufacturer","12":"product_tag-billet-lifting-clamp","13":"product_tag-billet-lifting-clamps-china-supplier","14":"product_tag-c-type-hook","15":"product_tag-c-type-spreader","16":"product_tag-china-crane-parts-supplier","17":"product_tag-coil-c-type-hook","18":"product_tag-coil-hook","19":"product_tag-container-spreader","20":"product_tag-container-spreader-manufacturers","21":"product_tag-crane-c-hook","22":"product_tag-crane-c-type-spreader","23":"product_tag-crane-grab","24":"product_tag-crane-magnets","25":"product_tag-crane-spreader","26":"product_tag-electric-motor-grab","27":"product_tag-electro-hydraulic-multi-flap-grab","28":"product_tag-electro-hydraulicclamshell-grab","29":"product_tag-four-rope-grab","30":"product_tag-grab-manufacturers","31":"product_tag-lifting-electromagnet","32":"product_tag-lifting-electromagnet-spreader","33":"product_tag-orange-peel-grab","34":"product_tag-overhead-crane-steel-coil-c-type-hook","35":"product_tag-semi-automatic-container-spreader","36":"product_tag-singlr-rope-grab","37":"product_tag-special-crane-spreader","38":"product_tag-tec-container-spreader","40":"first","41":"instock","42":"shipping-taxable","43":"product-type-simple","44":"entry","45":"content-bg","46":"loop-entry"},"yoast_head":"<!-- This site is optimized with the Yoast SEO plugin v24.5 - https:\/\/yoast.com\/wordpress\/plugins\/seo\/ -->\n<title>Container spreader - Container spreader manufacturers- Crane Parts Manufacturer<\/title>\n<meta name=\"description\" content=\"Container spreader manufacturer,Semi Automatic container spreader,40ft Container Lifting Frame,China Crane Parts Supplier\" \/>\n<meta name=\"robots\" content=\"index, follow, max-snippet:-1, max-image-preview:large, max-video-preview:-1\" \/>\n<link rel=\"canonical\" href=\"https:\/\/www.hnhlcranes.com\/pl\/produkt\/rozrzutnik-pojemnikow\/\" \/>\n<meta property=\"og:locale\" content=\"pl_PL\" \/>\n<meta property=\"og:type\" content=\"article\" \/>\n<meta property=\"og:title\" content=\"Container spreader - Container spreader manufacturers- Crane Parts Manufacturer\" \/>\n<meta property=\"og:description\" content=\"Container spreader manufacturer,Semi Automatic container spreader,40ft Container Lifting Frame,China Crane Parts Supplier\" \/>\n<meta property=\"og:url\" content=\"https:\/\/www.hnhlcranes.com\/pl\/produkt\/rozrzutnik-pojemnikow\/\" \/>\n<meta property=\"og:site_name\" content=\"Crane Parts Manufacturer\" \/>\n<meta property=\"article:modified_time\" content=\"2025-01-10T07:05:04+00:00\" \/>\n<meta property=\"og:image\" content=\"https:\/\/www.hnhlcranes.com\/wp-content\/uploads\/2024\/11\/Container-spreader.jpg\" \/>\n\t<meta property=\"og:image:width\" content=\"600\" \/>\n\t<meta property=\"og:image:height\" content=\"600\" \/>\n\t<meta property=\"og:image:type\" content=\"image\/jpeg\" \/>\n<meta name=\"twitter:card\" content=\"summary_large_image\" \/>\n<meta name=\"twitter:label1\" content=\"Szacowany czas czytania\" \/>\n\t<meta name=\"twitter:data1\" content=\"3 minuty\" \/>\n<script type=\"application\/ld+json\" class=\"yoast-schema-graph\">{\"@context\":\"https:\/\/schema.org\",\"@graph\":[{\"@type\":\"WebPage\",\"@id\":\"https:\/\/www.hnhlcranes.com\/product\/container-spreader\/\",\"url\":\"https:\/\/www.hnhlcranes.com\/product\/container-spreader\/\",\"name\":\"Container spreader - Container spreader manufacturers- Crane Parts Manufacturer\",\"isPartOf\":{\"@id\":\"https:\/\/www.hnhlcranes.com\/#website\"},\"primaryImageOfPage\":{\"@id\":\"https:\/\/www.hnhlcranes.com\/product\/container-spreader\/#primaryimage\"},\"image\":{\"@id\":\"https:\/\/www.hnhlcranes.com\/product\/container-spreader\/#primaryimage\"},\"thumbnailUrl\":\"https:\/\/www.hnhlcranes.com\/wp-content\/uploads\/2024\/11\/Container-spreader.jpg\",\"datePublished\":\"2024-11-25T15:42:41+00:00\",\"dateModified\":\"2025-01-10T07:05:04+00:00\",\"description\":\"Container spreader manufacturer,Semi Automatic container spreader,40ft Container Lifting Frame,China Crane Parts Supplier\",\"breadcrumb\":{\"@id\":\"https:\/\/www.hnhlcranes.com\/product\/container-spreader\/#breadcrumb\"},\"inLanguage\":\"pl-PL\",\"potentialAction\":[{\"@type\":\"ReadAction\",\"target\":[\"https:\/\/www.hnhlcranes.com\/product\/container-spreader\/\"]}]},{\"@type\":\"ImageObject\",\"inLanguage\":\"pl-PL\",\"@id\":\"https:\/\/www.hnhlcranes.com\/product\/container-spreader\/#primaryimage\",\"url\":\"https:\/\/www.hnhlcranes.com\/wp-content\/uploads\/2024\/11\/Container-spreader.jpg\",\"contentUrl\":\"https:\/\/www.hnhlcranes.com\/wp-content\/uploads\/2024\/11\/Container-spreader.jpg\",\"width\":600,\"height\":600},{\"@type\":\"BreadcrumbList\",\"@id\":\"https:\/\/www.hnhlcranes.com\/product\/container-spreader\/#breadcrumb\",\"itemListElement\":[{\"@type\":\"ListItem\",\"position\":1,\"name\":\"home\",\"item\":\"https:\/\/www.hnhlcranes.com\/\"},{\"@type\":\"ListItem\",\"position\":2,\"name\":\"products\",\"item\":\"https:\/\/www.hnhlcranes.com\/products\/\"},{\"@type\":\"ListItem\",\"position\":3,\"name\":\"Container spreader\"}]},{\"@type\":\"WebSite\",\"@id\":\"https:\/\/www.hnhlcranes.com\/#website\",\"url\":\"https:\/\/www.hnhlcranes.com\/\",\"name\":\"Crane Parts Manufacturer\",\"description\":\"Crane Wheels,Crane Drums,Crane Hooks,Crane Coupling,Crane End Carriage,Electric Hoist,European Crane Parts,Crane Rail Clip,Crane Spreader,Crane Motor,Crane Reducer,Crane Brake,Light Crane Parts,Workstation Crane Parts,Crane Electrical Parts,China Crane Parts Supplier,China Crane Parts Manufacturer,Angle box type crane wheel,45 degree split crane wheel,European crane wheel,Crane Wheel Blocks,Overhead crane drum,European crane drum,Overhead crane hook,European crane hook,Crane pulley block,Gear coupling,Brake wheel coupling,Drum gear coupling,Brake wheel drum gear coupling,Cardan Shaft Coupling,WZL drum coupling,Plum blossom elastic coupling,Brake wheel plum elastic coupling,European Single girder crane end carriage,European Double girder crane end carriage,European Suspension  crane end carriage,Wire Rope Electric Hoist,Electric Chain Hoist,European Single Girder Wire Rope Electric Hoist,European Double Girder Wire Rope Electric Hoist,Crane grab,Container spreader,Billet crane clamps,C-type hook,Lifting Electromagnet,YZR crane motor,YZP crane motor,ZQ Reducer,ZSC Reducer,QJ Reducer,QJ-L Reducer,QJY Reducer,H series gearbox,F Series Gear Motor,K Series Gear Motor,R Series Gear Motor,travelling machinery gear motor,Electro hydraulic drum brake,Electro hydraulic disc brake,Crane Safety brake,Crane cable trolley,Crane remote controller,Crane pendant controller,Crane electrical control cabinet,Crane limit switch,Crane sound and light alarm,Heavy Duty Aviation Connector,Crane overload limiter\",\"publisher\":{\"@id\":\"https:\/\/www.hnhlcranes.com\/#organization\"},\"potentialAction\":[{\"@type\":\"SearchAction\",\"target\":{\"@type\":\"EntryPoint\",\"urlTemplate\":\"https:\/\/www.hnhlcranes.com\/?s={search_term_string}\"},\"query-input\":{\"@type\":\"PropertyValueSpecification\",\"valueRequired\":true,\"valueName\":\"search_term_string\"}}],\"inLanguage\":\"pl-PL\"},{\"@type\":\"Organization\",\"@id\":\"https:\/\/www.hnhlcranes.com\/#organization\",\"name\":\"Crane Parts Manufacturer\",\"url\":\"https:\/\/www.hnhlcranes.com\/\",\"logo\":{\"@type\":\"ImageObject\",\"inLanguage\":\"pl-PL\",\"@id\":\"https:\/\/www.hnhlcranes.com\/#\/schema\/logo\/image\/\",\"url\":\"https:\/\/www.hnhlcranes.com\/wp-content\/uploads\/2025\/01\/HL-logo-1.png\",\"contentUrl\":\"https:\/\/www.hnhlcranes.com\/wp-content\/uploads\/2025\/01\/HL-logo-1.png\",\"width\":600,\"height\":169,\"caption\":\"Crane Parts Manufacturer\"},\"image\":{\"@id\":\"https:\/\/www.hnhlcranes.com\/#\/schema\/logo\/image\/\"}}]}<\/script>\n<!-- \/ Yoast SEO plugin. -->","yoast_head_json":{"title":"Container spreader - Container spreader manufacturers- Crane Parts Manufacturer","description":"Container spreader manufacturer,Semi Automatic container spreader,40ft Container Lifting Frame,China Crane Parts Supplier","robots":{"index":"index","follow":"follow","max-snippet":"max-snippet:-1","max-image-preview":"max-image-preview:large","max-video-preview":"max-video-preview:-1"},"canonical":"https:\/\/www.hnhlcranes.com\/pl\/produkt\/rozrzutnik-pojemnikow\/","og_locale":"pl_PL","og_type":"article","og_title":"Container spreader - Container spreader manufacturers- Crane Parts Manufacturer","og_description":"Container spreader manufacturer,Semi Automatic container spreader,40ft Container Lifting Frame,China Crane Parts Supplier","og_url":"https:\/\/www.hnhlcranes.com\/pl\/produkt\/rozrzutnik-pojemnikow\/","og_site_name":"Crane Parts Manufacturer","article_modified_time":"2025-01-10T07:05:04+00:00","og_image":[{"width":600,"height":600,"url":"https:\/\/www.hnhlcranes.com\/wp-content\/uploads\/2024\/11\/Container-spreader.jpg","type":"image\/jpeg"}],"twitter_card":"summary_large_image","twitter_misc":{"Szacowany czas czytania":"3 minuty"},"schema":{"@context":"https:\/\/schema.org","@graph":[{"@type":"WebPage","@id":"https:\/\/www.hnhlcranes.com\/product\/container-spreader\/","url":"https:\/\/www.hnhlcranes.com\/product\/container-spreader\/","name":"Container spreader - Container spreader manufacturers- Crane Parts Manufacturer","isPartOf":{"@id":"https:\/\/www.hnhlcranes.com\/#website"},"primaryImageOfPage":{"@id":"https:\/\/www.hnhlcranes.com\/product\/container-spreader\/#primaryimage"},"image":{"@id":"https:\/\/www.hnhlcranes.com\/product\/container-spreader\/#primaryimage"},"thumbnailUrl":"https:\/\/www.hnhlcranes.com\/wp-content\/uploads\/2024\/11\/Container-spreader.jpg","datePublished":"2024-11-25T15:42:41+00:00","dateModified":"2025-01-10T07:05:04+00:00","description":"Container spreader manufacturer,Semi Automatic container spreader,40ft Container Lifting Frame,China Crane Parts Supplier","breadcrumb":{"@id":"https:\/\/www.hnhlcranes.com\/product\/container-spreader\/#breadcrumb"},"inLanguage":"pl-PL","potentialAction":[{"@type":"ReadAction","target":["https:\/\/www.hnhlcranes.com\/product\/container-spreader\/"]}]},{"@type":"ImageObject","inLanguage":"pl-PL","@id":"https:\/\/www.hnhlcranes.com\/product\/container-spreader\/#primaryimage","url":"https:\/\/www.hnhlcranes.com\/wp-content\/uploads\/2024\/11\/Container-spreader.jpg","contentUrl":"https:\/\/www.hnhlcranes.com\/wp-content\/uploads\/2024\/11\/Container-spreader.jpg","width":600,"height":600},{"@type":"BreadcrumbList","@id":"https:\/\/www.hnhlcranes.com\/product\/container-spreader\/#breadcrumb","itemListElement":[{"@type":"ListItem","position":1,"name":"home","item":"https:\/\/www.hnhlcranes.com\/"},{"@type":"ListItem","position":2,"name":"products","item":"https:\/\/www.hnhlcranes.com\/products\/"},{"@type":"ListItem","position":3,"name":"Container spreader"}]},{"@type":"WebSite","@id":"https:\/\/www.hnhlcranes.com\/#website","url":"https:\/\/www.hnhlcranes.com\/","name":"Crane Parts Manufacturer","description":"Crane Wheels,Crane Drums,Crane Hooks,Crane Coupling,Crane End Carriage,Electric Hoist,European Crane Parts,Crane Rail Clip,Crane Spreader,Crane Motor,Crane Reducer,Crane Brake,Light Crane Parts,Workstation Crane Parts,Crane Electrical Parts,China Crane Parts Supplier,China Crane Parts Manufacturer,Angle box type crane wheel,45 degree split crane wheel,European crane wheel,Crane Wheel Blocks,Overhead crane drum,European crane drum,Overhead crane hook,European crane hook,Crane pulley block,Gear coupling,Brake wheel coupling,Drum gear coupling,Brake wheel drum gear coupling,Cardan Shaft Coupling,WZL drum coupling,Plum blossom elastic coupling,Brake wheel plum elastic coupling,European Single girder crane end carriage,European Double girder crane end carriage,European Suspension  crane end carriage,Wire Rope Electric Hoist,Electric Chain Hoist,European Single Girder Wire Rope Electric Hoist,European Double Girder Wire Rope Electric Hoist,Crane grab,Container spreader,Billet crane clamps,C-type hook,Lifting Electromagnet,YZR crane motor,YZP crane motor,ZQ Reducer,ZSC Reducer,QJ Reducer,QJ-L Reducer,QJY Reducer,H series gearbox,F Series Gear Motor,K Series Gear Motor,R Series Gear Motor,travelling machinery gear motor,Electro hydraulic drum brake,Electro hydraulic disc brake,Crane Safety brake,Crane cable trolley,Crane remote controller,Crane pendant controller,Crane electrical control cabinet,Crane limit switch,Crane sound and light alarm,Heavy Duty Aviation Connector,Crane overload limiter","publisher":{"@id":"https:\/\/www.hnhlcranes.com\/#organization"},"potentialAction":[{"@type":"SearchAction","target":{"@type":"EntryPoint","urlTemplate":"https:\/\/www.hnhlcranes.com\/?s={search_term_string}"},"query-input":{"@type":"PropertyValueSpecification","valueRequired":true,"valueName":"search_term_string"}}],"inLanguage":"pl-PL"},{"@type":"Organization","@id":"https:\/\/www.hnhlcranes.com\/#organization","name":"Crane Parts Manufacturer","url":"https:\/\/www.hnhlcranes.com\/","logo":{"@type":"ImageObject","inLanguage":"pl-PL","@id":"https:\/\/www.hnhlcranes.com\/#\/schema\/logo\/image\/","url":"https:\/\/www.hnhlcranes.com\/wp-content\/uploads\/2025\/01\/HL-logo-1.png","contentUrl":"https:\/\/www.hnhlcranes.com\/wp-content\/uploads\/2025\/01\/HL-logo-1.png","width":600,"height":169,"caption":"Crane Parts Manufacturer"},"image":{"@id":"https:\/\/www.hnhlcranes.com\/#\/schema\/logo\/image\/"}}]}},"_links":{"self":[{"href":"https:\/\/www.hnhlcranes.com\/pl\/wp-json\/wp\/v2\/product\/5444","targetHints":{"allow":["GET"]}}],"collection":[{"href":"https:\/\/www.hnhlcranes.com\/pl\/wp-json\/wp\/v2\/product"}],"about":[{"href":"https:\/\/www.hnhlcranes.com\/pl\/wp-json\/wp\/v2\/types\/product"}],"version-history":[{"count":4,"href":"https:\/\/www.hnhlcranes.com\/pl\/wp-json\/wp\/v2\/product\/5444\/revisions"}],"predecessor-version":[{"id":7152,"href":"https:\/\/www.hnhlcranes.com\/pl\/wp-json\/wp\/v2\/product\/5444\/revisions\/7152"}],"wp:featuredmedia":[{"embeddable":true,"href":"https:\/\/www.hnhlcranes.com\/pl\/wp-json\/wp\/v2\/media\/7148"}],"wp:attachment":[{"href":"https:\/\/www.hnhlcranes.com\/pl\/wp-json\/wp\/v2\/media?parent=5444"}],"wp:term":[{"taxonomy":"product_brand","embeddable":true,"href":"https:\/\/www.hnhlcranes.com\/pl\/wp-json\/wp\/v2\/product_brand?post=5444"},{"taxonomy":"product_cat","embeddable":true,"href":"https:\/\/www.hnhlcranes.com\/pl\/wp-json\/wp\/v2\/product_cat?post=5444"},{"taxonomy":"product_tag","embeddable":true,"href":"https:\/\/www.hnhlcranes.com\/pl\/wp-json\/wp\/v2\/product_tag?post=5444"}],"curies":[{"name":"wp","href":"https:\/\/api.w.org\/{rel}","templated":true}]}}