{"id":5472,"date":"2024-11-26T00:45:41","date_gmt":"2024-11-25T16:45:41","guid":{"rendered":"https:\/\/www.hnhlcranes.com\/?post_type=product&#038;p=5472"},"modified":"2025-01-10T15:26:49","modified_gmt":"2025-01-10T07:26:49","slug":"hak-typu-c","status":"publish","type":"product","link":"https:\/\/www.hnhlcranes.com\/pl\/produkt\/hak-typu-c\/","title":{"rendered":"Hak typu C"},"content":{"rendered":"<h3><strong>Wprowadzenie do hak\u00f3w typu C<\/strong><\/h3>\n<p>The <strong>Hak typu C<\/strong> jest szeroko stosowanym urz\u0105dzeniem podnosz\u0105cym w d\u017awigach i urz\u0105dzeniach podnosz\u0105cych, kt\u00f3rego nazwa pochodzi od kszta\u0142tu litery \"C\". S\u0142u\u017cy g\u0142\u00f3wnie do przenoszenia i podnoszenia ci\u0119\u017ckich \u0142adunk\u00f3w i jest powszechnie stosowany w operacjach przenoszenia i podnoszenia materia\u0142\u00f3w w produkcji przemys\u0142owej, logistyce magazynowej i na placach budowy. Ze wzgl\u0119du na prost\u0105 konstrukcj\u0119 i du\u017c\u0105 no\u015bno\u015b\u0107, haki typu C s\u0105 powszechnym narz\u0119dziem w r\u00f3\u017cnych zadaniach zwi\u0105zanych z podnoszeniem.<\/p>\n<h3><strong>Hak typu C <\/strong><strong>Kluczowe cechy<\/strong><\/h3>\n<ul>\n<li><strong>Prosta struktura<\/strong>: Haki typu C charakteryzuj\u0105 si\u0119 prost\u0105 konstrukcj\u0105 w kszta\u0142cie litery C, dzi\u0119ki czemu s\u0105 \u0142atwe w produkcji i u\u017cytkowaniu. Zazwyczaj wykonane s\u0105 ze stali o wysokiej wytrzyma\u0142o\u015bci lub materia\u0142u stopowego, kt\u00f3ry zapewnia doskona\u0142\u0105 no\u015bno\u015b\u0107 i trwa\u0142o\u015b\u0107.<\/li>\n<li><strong>Du\u017ca no\u015bno\u015b\u0107<\/strong>: Konstrukcja hak\u00f3w typu C umo\u017cliwia wytrzymanie znacznego napr\u0119\u017cenia i ci\u0119\u017caru, dzi\u0119ki czemu nadaj\u0105 si\u0119 one do podnoszenia ci\u0119\u017ckich przedmiot\u00f3w. Dzi\u0119ki dobrze zaprojektowanej konstrukcji, hak typu C zapewnia wydajne i bezpieczne wsparcie podczas operacji podnoszenia.<\/li>\n<li><strong>Silna zdolno\u015b\u0107 adaptacji<\/strong>: Hak typu C jest szeroko stosowany w d\u017awigach, \u017curawiach wie\u017cowych, w\u00f3zkach podno\u015bnikowych i innych urz\u0105dzeniach, zdolnych do przenoszenia materia\u0142\u00f3w o r\u00f3\u017cnych rozmiarach i kszta\u0142tach. Jest u\u017cywany nie tylko do podnoszenia du\u017cych element\u00f3w, ale tak\u017ce do przenoszenia materia\u0142\u00f3w przemys\u0142owych, takich jak stal, maszyny i materia\u0142y budowlane.<\/li>\n<li><strong>Wysoki poziom bezpiecze\u0144stwa<\/strong>: Wiele hak\u00f3w typu C jest wyposa\u017conych w funkcje zapobiegaj\u0105ce upadkowi, takie jak blokady bezpiecze\u0144stwa lub specjalne konstrukcje otworu haka. Mechanizmy te skutecznie zapobiegaj\u0105 spadaniu przedmiot\u00f3w podczas podnoszenia, zapewniaj\u0105c bezpiecze\u0144stwo operacji podnoszenia.<\/li>\n<\/ul>\n<h3><strong>Zasada dzia\u0142ania<\/strong><\/h3>\n<p>Zasada dzia\u0142ania hak\u00f3w typu C jest prosta. Zazwyczaj \u0142\u0105czy si\u0119 go z lin\u0105 stalow\u0105 lub \u0142a\u0144cuchem urz\u0105dzenia podnosz\u0105cego. Podczas podnoszenia lina stalowa zabezpiecza \u0142adunek przez otw\u00f3r haka. Si\u0142a podnoszenia \u017curawia jest nast\u0119pnie wykorzystywana do podnoszenia \u0142adunku. Ze wzgl\u0119du na konstrukcj\u0119 haka, otw\u00f3r haka zapewnia silne wsparcie, aby mocno utrzyma\u0107 \u0142adunek, utrzymuj\u0105c stabilno\u015b\u0107 podczas ca\u0142ego procesu podnoszenia.<\/p>\n<h3><strong>Zalety<\/strong><\/h3>\n<ul>\n<li><strong>Wydajno\u015b\u0107 i niezawodno\u015b\u0107<\/strong>: Konstrukcja hak\u00f3w typu C umo\u017cliwia szybkie i niezawodne podnoszenie ci\u0119\u017ckich przedmiot\u00f3w, dzi\u0119ki czemu nadaje si\u0119 do cz\u0119stych operacji podnoszenia.<\/li>\n<li><strong>Op\u0142acalno\u015b\u0107<\/strong>: Ze wzgl\u0119du na prost\u0105 konstrukcj\u0119 i mocne materia\u0142y, koszt produkcji haka typu C jest stosunkowo niski, a koszty konserwacji s\u0105 minimalne, co czyni go ekonomicznym i praktycznym narz\u0119dziem do podnoszenia.<\/li>\n<li><strong>\u0141atwo\u015b\u0107 obs\u0142ugi<\/strong>: Hak typu C jest \u0142atwy w obs\u0142udze, z szybkim pod\u0142\u0105czaniem i od\u0142\u0105czaniem, skracaj\u0105c czas przygotowania i poprawiaj\u0105c wydajno\u015b\u0107 pracy.<\/li>\n<li><strong>Wysoki poziom bezpiecze\u0144stwa<\/strong>: Haki typu C wyposa\u017cone w blokady bezpiecze\u0144stwa i funkcje zapobiegaj\u0105ce upadkowi skutecznie zmniejszaj\u0105 ryzyko upadku przedmiot\u00f3w podczas procesu podnoszenia, zapewniaj\u0105c bezpiecze\u0144stwo podczas pracy.<\/li>\n<\/ul>\n<h3><strong>Wnioski<\/strong><\/h3>\n<p>Podsumowuj\u0105c, haki typu C, dzi\u0119ki swojej prostej, ale solidnej konstrukcji, s\u0105 niezb\u0119dnym narz\u0119dziem do podnoszenia, szeroko stosowanym w r\u00f3\u017cnych zadaniach zwi\u0105zanych z podnoszeniem. Jego konstrukcja umo\u017cliwia przenoszenie ci\u0119\u017ckich \u0142adunk\u00f3w, dostosowanie do r\u00f3\u017cnorodnych potrzeb zwi\u0105zanych z podnoszeniem oraz zapewnienie wysokiego bezpiecze\u0144stwa i \u0142atwo\u015bci obs\u0142ugi. Niezale\u017cnie od tego, czy chodzi o place budowy, zak\u0142ady przemys\u0142owe, porty czy magazyny, haki typu C odgrywaj\u0105 kluczow\u0105 rol\u0119 w poprawie wydajno\u015bci pracy i zapewnieniu bezpiecze\u0144stwa podczas operacji podnoszenia.<\/p>\n<h6><strong><span style=\"font-family: arial, helvetica, sans-serif; font-size: 18pt;\">Wymiary i parametry<\/span><\/strong><\/h6>\n<p><img fetchpriority=\"high\" decoding=\"async\" class=\"alignnone wp-image-7171\" src=\"https:\/\/www.hnhlcranes.com\/wp-content\/uploads\/2024\/11\/C-type-hook-7-245x300.jpg\" alt=\"\" width=\"955\" height=\"1169\" srcset=\"https:\/\/www.hnhlcranes.com\/wp-content\/uploads\/2024\/11\/C-type-hook-7-245x300.jpg 245w, https:\/\/www.hnhlcranes.com\/wp-content\/uploads\/2024\/11\/C-type-hook-7-768x939.jpg 768w, https:\/\/www.hnhlcranes.com\/wp-content\/uploads\/2024\/11\/C-type-hook-7-600x734.jpg 600w, https:\/\/www.hnhlcranes.com\/wp-content\/uploads\/2024\/11\/C-type-hook-7.jpg 800w\" sizes=\"(max-width: 955px) 100vw, 955px\" \/><\/p>","protected":false},"excerpt":{"rendered":"<p>Hak typu C cewki, hak cewki, hak typu C suwnicy stalowej cewki, hak typu C suwnicy, rozpieracz typu C, hak typu C, rozpieracz typu C suwnicy, specjalny rozpieracz suwnicy<\/p>","protected":false},"featured_media":7172,"template":"","meta":{"_kad_post_transparent":"default","_kad_post_title":"","_kad_post_layout":"default","_kad_post_sidebar_id":"","_kad_post_content_style":"default","_kad_post_vertical_padding":"show","_kad_post_feature":"","_kad_post_feature_position":"","_kad_post_header":false,"_kad_post_footer":false},"product_brand":[],"product_cat":[59],"product_tag":[508,510,513,497,514,512,515,498,521,376,517,518,496,507,520,516,495,522,494,504,502,505,501,506,499,523,503,519,509,500,493,511],"class_list":{"0":"post-5472","1":"product","2":"type-product","3":"status-publish","4":"has-post-thumbnail","6":"product_cat-crane-spreader","7":"product_tag-20ft-container-spreader","8":"product_tag-40ft-container-lifting-frame","9":"product_tag-billet-clamps","10":"product_tag-billet-crane-clamp","11":"product_tag-billet-crane-clamps-manufacturer","12":"product_tag-billet-lifting-clamp","13":"product_tag-billet-lifting-clamps-china-supplier","14":"product_tag-c-type-hook","15":"product_tag-c-type-spreader","16":"product_tag-china-crane-parts-supplier","17":"product_tag-coil-c-type-hook","18":"product_tag-coil-hook","19":"product_tag-container-spreader","20":"product_tag-container-spreader-manufacturers","21":"product_tag-crane-c-hook","22":"product_tag-crane-c-type-spreader","23":"product_tag-crane-grab","24":"product_tag-crane-magnets","25":"product_tag-crane-spreader","26":"product_tag-electric-motor-grab","27":"product_tag-electro-hydraulic-multi-flap-grab","28":"product_tag-electro-hydraulicclamshell-grab","29":"product_tag-four-rope-grab","30":"product_tag-grab-manufacturers","31":"product_tag-lifting-electromagnet","32":"product_tag-lifting-electromagnet-spreader","33":"product_tag-orange-peel-grab","34":"product_tag-overhead-crane-steel-coil-c-type-hook","35":"product_tag-semi-automatic-container-spreader","36":"product_tag-singlr-rope-grab","37":"product_tag-special-crane-spreader","38":"product_tag-tec-container-spreader","40":"first","41":"instock","42":"featured","43":"shipping-taxable","44":"product-type-simple","45":"entry","46":"content-bg","47":"loop-entry"},"yoast_head":"<!-- This site is optimized with the Yoast SEO plugin v24.5 - https:\/\/yoast.com\/wordpress\/plugins\/seo\/ -->\n<title>C-type hook - Crane C-type spreader-Coil hook-Crane Parts Manufacturer<\/title>\n<meta name=\"description\" content=\"Special Crane Spreader,Coil C-Type Hook,coil hooks,Overhead Crane Steel Coil C-Type Hooks,Crane C-hooks,C-type spreader,C-type hook\" \/>\n<meta name=\"robots\" content=\"index, follow, max-snippet:-1, max-image-preview:large, max-video-preview:-1\" \/>\n<link rel=\"canonical\" href=\"https:\/\/www.hnhlcranes.com\/pl\/produkt\/hak-typu-c\/\" \/>\n<meta property=\"og:locale\" content=\"pl_PL\" \/>\n<meta property=\"og:type\" content=\"article\" \/>\n<meta property=\"og:title\" content=\"C-type hook - Crane C-type spreader-Coil hook-Crane Parts Manufacturer\" \/>\n<meta property=\"og:description\" content=\"Special Crane Spreader,Coil C-Type Hook,coil hooks,Overhead Crane Steel Coil C-Type Hooks,Crane C-hooks,C-type spreader,C-type hook\" \/>\n<meta property=\"og:url\" content=\"https:\/\/www.hnhlcranes.com\/pl\/produkt\/hak-typu-c\/\" \/>\n<meta property=\"og:site_name\" content=\"Crane Parts Manufacturer\" \/>\n<meta property=\"article:modified_time\" content=\"2025-01-10T07:26:49+00:00\" \/>\n<meta property=\"og:image\" content=\"https:\/\/www.hnhlcranes.com\/wp-content\/uploads\/2024\/11\/C-type-hook.jpg\" \/>\n\t<meta property=\"og:image:width\" content=\"600\" \/>\n\t<meta property=\"og:image:height\" content=\"600\" \/>\n\t<meta property=\"og:image:type\" content=\"image\/jpeg\" \/>\n<meta name=\"twitter:card\" content=\"summary_large_image\" \/>\n<meta name=\"twitter:label1\" content=\"Szacowany czas czytania\" \/>\n\t<meta name=\"twitter:data1\" content=\"3 minuty\" \/>\n<script type=\"application\/ld+json\" class=\"yoast-schema-graph\">{\"@context\":\"https:\/\/schema.org\",\"@graph\":[{\"@type\":\"WebPage\",\"@id\":\"https:\/\/www.hnhlcranes.com\/product\/c-type-hook\/\",\"url\":\"https:\/\/www.hnhlcranes.com\/product\/c-type-hook\/\",\"name\":\"C-type hook - Crane C-type spreader-Coil hook-Crane Parts Manufacturer\",\"isPartOf\":{\"@id\":\"https:\/\/www.hnhlcranes.com\/#website\"},\"primaryImageOfPage\":{\"@id\":\"https:\/\/www.hnhlcranes.com\/product\/c-type-hook\/#primaryimage\"},\"image\":{\"@id\":\"https:\/\/www.hnhlcranes.com\/product\/c-type-hook\/#primaryimage\"},\"thumbnailUrl\":\"https:\/\/www.hnhlcranes.com\/wp-content\/uploads\/2024\/11\/C-type-hook.jpg\",\"datePublished\":\"2024-11-25T16:45:41+00:00\",\"dateModified\":\"2025-01-10T07:26:49+00:00\",\"description\":\"Special Crane Spreader,Coil C-Type Hook,coil hooks,Overhead Crane Steel Coil C-Type Hooks,Crane C-hooks,C-type spreader,C-type hook\",\"breadcrumb\":{\"@id\":\"https:\/\/www.hnhlcranes.com\/product\/c-type-hook\/#breadcrumb\"},\"inLanguage\":\"pl-PL\",\"potentialAction\":[{\"@type\":\"ReadAction\",\"target\":[\"https:\/\/www.hnhlcranes.com\/product\/c-type-hook\/\"]}]},{\"@type\":\"ImageObject\",\"inLanguage\":\"pl-PL\",\"@id\":\"https:\/\/www.hnhlcranes.com\/product\/c-type-hook\/#primaryimage\",\"url\":\"https:\/\/www.hnhlcranes.com\/wp-content\/uploads\/2024\/11\/C-type-hook.jpg\",\"contentUrl\":\"https:\/\/www.hnhlcranes.com\/wp-content\/uploads\/2024\/11\/C-type-hook.jpg\",\"width\":600,\"height\":600},{\"@type\":\"BreadcrumbList\",\"@id\":\"https:\/\/www.hnhlcranes.com\/product\/c-type-hook\/#breadcrumb\",\"itemListElement\":[{\"@type\":\"ListItem\",\"position\":1,\"name\":\"home\",\"item\":\"https:\/\/www.hnhlcranes.com\/\"},{\"@type\":\"ListItem\",\"position\":2,\"name\":\"products\",\"item\":\"https:\/\/www.hnhlcranes.com\/products\/\"},{\"@type\":\"ListItem\",\"position\":3,\"name\":\"C-type hook\"}]},{\"@type\":\"WebSite\",\"@id\":\"https:\/\/www.hnhlcranes.com\/#website\",\"url\":\"https:\/\/www.hnhlcranes.com\/\",\"name\":\"Crane Parts Manufacturer\",\"description\":\"Crane Wheels,Crane Drums,Crane Hooks,Crane Coupling,Crane End Carriage,Electric Hoist,European Crane Parts,Crane Rail Clip,Crane Spreader,Crane Motor,Crane Reducer,Crane Brake,Light Crane Parts,Workstation Crane Parts,Crane Electrical Parts,China Crane Parts Supplier,China Crane Parts Manufacturer,Angle box type crane wheel,45 degree split crane wheel,European crane wheel,Crane Wheel Blocks,Overhead crane drum,European crane drum,Overhead crane hook,European crane hook,Crane pulley block,Gear coupling,Brake wheel coupling,Drum gear coupling,Brake wheel drum gear coupling,Cardan Shaft Coupling,WZL drum coupling,Plum blossom elastic coupling,Brake wheel plum elastic coupling,European Single girder crane end carriage,European Double girder crane end carriage,European Suspension  crane end carriage,Wire Rope Electric Hoist,Electric Chain Hoist,European Single Girder Wire Rope Electric Hoist,European Double Girder Wire Rope Electric Hoist,Crane grab,Container spreader,Billet crane clamps,C-type hook,Lifting Electromagnet,YZR crane motor,YZP crane motor,ZQ Reducer,ZSC Reducer,QJ Reducer,QJ-L Reducer,QJY Reducer,H series gearbox,F Series Gear Motor,K Series Gear Motor,R Series Gear Motor,travelling machinery gear motor,Electro hydraulic drum brake,Electro hydraulic disc brake,Crane Safety brake,Crane cable trolley,Crane remote controller,Crane pendant controller,Crane electrical control cabinet,Crane limit switch,Crane sound and light alarm,Heavy Duty Aviation Connector,Crane overload limiter\",\"publisher\":{\"@id\":\"https:\/\/www.hnhlcranes.com\/#organization\"},\"potentialAction\":[{\"@type\":\"SearchAction\",\"target\":{\"@type\":\"EntryPoint\",\"urlTemplate\":\"https:\/\/www.hnhlcranes.com\/?s={search_term_string}\"},\"query-input\":{\"@type\":\"PropertyValueSpecification\",\"valueRequired\":true,\"valueName\":\"search_term_string\"}}],\"inLanguage\":\"pl-PL\"},{\"@type\":\"Organization\",\"@id\":\"https:\/\/www.hnhlcranes.com\/#organization\",\"name\":\"Crane Parts Manufacturer\",\"url\":\"https:\/\/www.hnhlcranes.com\/\",\"logo\":{\"@type\":\"ImageObject\",\"inLanguage\":\"pl-PL\",\"@id\":\"https:\/\/www.hnhlcranes.com\/#\/schema\/logo\/image\/\",\"url\":\"https:\/\/www.hnhlcranes.com\/wp-content\/uploads\/2025\/01\/HL-logo-1.png\",\"contentUrl\":\"https:\/\/www.hnhlcranes.com\/wp-content\/uploads\/2025\/01\/HL-logo-1.png\",\"width\":600,\"height\":169,\"caption\":\"Crane Parts Manufacturer\"},\"image\":{\"@id\":\"https:\/\/www.hnhlcranes.com\/#\/schema\/logo\/image\/\"}}]}<\/script>\n<!-- \/ Yoast SEO plugin. -->","yoast_head_json":{"title":"C-type hook - Crane C-type spreader-Coil hook-Crane Parts Manufacturer","description":"Special Crane Spreader,Coil C-Type Hook,coil hooks,Overhead Crane Steel Coil C-Type Hooks,Crane C-hooks,C-type spreader,C-type hook","robots":{"index":"index","follow":"follow","max-snippet":"max-snippet:-1","max-image-preview":"max-image-preview:large","max-video-preview":"max-video-preview:-1"},"canonical":"https:\/\/www.hnhlcranes.com\/pl\/produkt\/hak-typu-c\/","og_locale":"pl_PL","og_type":"article","og_title":"C-type hook - Crane C-type spreader-Coil hook-Crane Parts Manufacturer","og_description":"Special Crane Spreader,Coil C-Type Hook,coil hooks,Overhead Crane Steel Coil C-Type Hooks,Crane C-hooks,C-type spreader,C-type hook","og_url":"https:\/\/www.hnhlcranes.com\/pl\/produkt\/hak-typu-c\/","og_site_name":"Crane Parts Manufacturer","article_modified_time":"2025-01-10T07:26:49+00:00","og_image":[{"width":600,"height":600,"url":"https:\/\/www.hnhlcranes.com\/wp-content\/uploads\/2024\/11\/C-type-hook.jpg","type":"image\/jpeg"}],"twitter_card":"summary_large_image","twitter_misc":{"Szacowany czas czytania":"3 minuty"},"schema":{"@context":"https:\/\/schema.org","@graph":[{"@type":"WebPage","@id":"https:\/\/www.hnhlcranes.com\/product\/c-type-hook\/","url":"https:\/\/www.hnhlcranes.com\/product\/c-type-hook\/","name":"C-type hook - Crane C-type spreader-Coil hook-Crane Parts Manufacturer","isPartOf":{"@id":"https:\/\/www.hnhlcranes.com\/#website"},"primaryImageOfPage":{"@id":"https:\/\/www.hnhlcranes.com\/product\/c-type-hook\/#primaryimage"},"image":{"@id":"https:\/\/www.hnhlcranes.com\/product\/c-type-hook\/#primaryimage"},"thumbnailUrl":"https:\/\/www.hnhlcranes.com\/wp-content\/uploads\/2024\/11\/C-type-hook.jpg","datePublished":"2024-11-25T16:45:41+00:00","dateModified":"2025-01-10T07:26:49+00:00","description":"Special Crane Spreader,Coil C-Type Hook,coil hooks,Overhead Crane Steel Coil C-Type Hooks,Crane C-hooks,C-type spreader,C-type hook","breadcrumb":{"@id":"https:\/\/www.hnhlcranes.com\/product\/c-type-hook\/#breadcrumb"},"inLanguage":"pl-PL","potentialAction":[{"@type":"ReadAction","target":["https:\/\/www.hnhlcranes.com\/product\/c-type-hook\/"]}]},{"@type":"ImageObject","inLanguage":"pl-PL","@id":"https:\/\/www.hnhlcranes.com\/product\/c-type-hook\/#primaryimage","url":"https:\/\/www.hnhlcranes.com\/wp-content\/uploads\/2024\/11\/C-type-hook.jpg","contentUrl":"https:\/\/www.hnhlcranes.com\/wp-content\/uploads\/2024\/11\/C-type-hook.jpg","width":600,"height":600},{"@type":"BreadcrumbList","@id":"https:\/\/www.hnhlcranes.com\/product\/c-type-hook\/#breadcrumb","itemListElement":[{"@type":"ListItem","position":1,"name":"home","item":"https:\/\/www.hnhlcranes.com\/"},{"@type":"ListItem","position":2,"name":"products","item":"https:\/\/www.hnhlcranes.com\/products\/"},{"@type":"ListItem","position":3,"name":"C-type hook"}]},{"@type":"WebSite","@id":"https:\/\/www.hnhlcranes.com\/#website","url":"https:\/\/www.hnhlcranes.com\/","name":"Crane Parts Manufacturer","description":"Crane Wheels,Crane Drums,Crane Hooks,Crane Coupling,Crane End Carriage,Electric Hoist,European Crane Parts,Crane Rail Clip,Crane Spreader,Crane Motor,Crane Reducer,Crane Brake,Light Crane Parts,Workstation Crane Parts,Crane Electrical Parts,China Crane Parts Supplier,China Crane Parts Manufacturer,Angle box type crane wheel,45 degree split crane wheel,European crane wheel,Crane Wheel Blocks,Overhead crane drum,European crane drum,Overhead crane hook,European crane hook,Crane pulley block,Gear coupling,Brake wheel coupling,Drum gear coupling,Brake wheel drum gear coupling,Cardan Shaft Coupling,WZL drum coupling,Plum blossom elastic coupling,Brake wheel plum elastic coupling,European Single girder crane end carriage,European Double girder crane end carriage,European Suspension  crane end carriage,Wire Rope Electric Hoist,Electric Chain Hoist,European Single Girder Wire Rope Electric Hoist,European Double Girder Wire Rope Electric Hoist,Crane grab,Container spreader,Billet crane clamps,C-type hook,Lifting Electromagnet,YZR crane motor,YZP crane motor,ZQ Reducer,ZSC Reducer,QJ Reducer,QJ-L Reducer,QJY Reducer,H series gearbox,F Series Gear Motor,K Series Gear Motor,R Series Gear Motor,travelling machinery gear motor,Electro hydraulic drum brake,Electro hydraulic disc brake,Crane Safety brake,Crane cable trolley,Crane remote controller,Crane pendant controller,Crane electrical control cabinet,Crane limit switch,Crane sound and light alarm,Heavy Duty Aviation Connector,Crane overload limiter","publisher":{"@id":"https:\/\/www.hnhlcranes.com\/#organization"},"potentialAction":[{"@type":"SearchAction","target":{"@type":"EntryPoint","urlTemplate":"https:\/\/www.hnhlcranes.com\/?s={search_term_string}"},"query-input":{"@type":"PropertyValueSpecification","valueRequired":true,"valueName":"search_term_string"}}],"inLanguage":"pl-PL"},{"@type":"Organization","@id":"https:\/\/www.hnhlcranes.com\/#organization","name":"Crane Parts Manufacturer","url":"https:\/\/www.hnhlcranes.com\/","logo":{"@type":"ImageObject","inLanguage":"pl-PL","@id":"https:\/\/www.hnhlcranes.com\/#\/schema\/logo\/image\/","url":"https:\/\/www.hnhlcranes.com\/wp-content\/uploads\/2025\/01\/HL-logo-1.png","contentUrl":"https:\/\/www.hnhlcranes.com\/wp-content\/uploads\/2025\/01\/HL-logo-1.png","width":600,"height":169,"caption":"Crane Parts Manufacturer"},"image":{"@id":"https:\/\/www.hnhlcranes.com\/#\/schema\/logo\/image\/"}}]}},"_links":{"self":[{"href":"https:\/\/www.hnhlcranes.com\/pl\/wp-json\/wp\/v2\/product\/5472","targetHints":{"allow":["GET"]}}],"collection":[{"href":"https:\/\/www.hnhlcranes.com\/pl\/wp-json\/wp\/v2\/product"}],"about":[{"href":"https:\/\/www.hnhlcranes.com\/pl\/wp-json\/wp\/v2\/types\/product"}],"version-history":[{"count":5,"href":"https:\/\/www.hnhlcranes.com\/pl\/wp-json\/wp\/v2\/product\/5472\/revisions"}],"predecessor-version":[{"id":7176,"href":"https:\/\/www.hnhlcranes.com\/pl\/wp-json\/wp\/v2\/product\/5472\/revisions\/7176"}],"wp:featuredmedia":[{"embeddable":true,"href":"https:\/\/www.hnhlcranes.com\/pl\/wp-json\/wp\/v2\/media\/7172"}],"wp:attachment":[{"href":"https:\/\/www.hnhlcranes.com\/pl\/wp-json\/wp\/v2\/media?parent=5472"}],"wp:term":[{"taxonomy":"product_brand","embeddable":true,"href":"https:\/\/www.hnhlcranes.com\/pl\/wp-json\/wp\/v2\/product_brand?post=5472"},{"taxonomy":"product_cat","embeddable":true,"href":"https:\/\/www.hnhlcranes.com\/pl\/wp-json\/wp\/v2\/product_cat?post=5472"},{"taxonomy":"product_tag","embeddable":true,"href":"https:\/\/www.hnhlcranes.com\/pl\/wp-json\/wp\/v2\/product_tag?post=5472"}],"curies":[{"name":"wp","href":"https:\/\/api.w.org\/{rel}","templated":true}]}}