{"id":5519,"date":"2024-11-29T21:34:40","date_gmt":"2024-11-29T13:34:40","guid":{"rendered":"https:\/\/www.hnhlcranes.com\/?post_type=product&#038;p=5519"},"modified":"2025-01-10T17:34:32","modified_gmt":"2025-01-10T09:34:32","slug":"zacisk-szynowy-wjkc","status":"publish","type":"product","link":"https:\/\/www.hnhlcranes.com\/pl\/produkt\/zacisk-szynowy-wjkc\/","title":{"rendered":"WJKC Rail Clip"},"content":{"rendered":"<h3><strong>Cechy klipsa na szyn\u0119 WJKC<\/strong><\/h3>\n<h4><strong>Aplikacje podstawowe<\/strong><\/h4>\n<p>Zacisk szynowy WJKC jest u\u017cywany g\u0142\u00f3wnie do mocowania szyn \u017curawia z poziomymi ko\u0142ami prowadz\u0105cymi na stalowych belkach \u017curawia. Dodatkowo jest on r\u00f3wnie\u017c wykorzystywany do mocowania szyn na wielkotona\u017cowych suwnicach z mi\u0119kkim hakiem. Ta wszechstronno\u015b\u0107 sprawia, \u017ce jest to niezb\u0119dny element zar\u00f3wno w systemach szyn d\u017awigowych, jak i w operacjach d\u017awigowych na du\u017c\u0105 skal\u0119.<\/p>\n<h4><strong>\u0141atwo\u015b\u0107 instalacji<\/strong><\/h4>\n<p>Jedn\u0105 z kluczowych zalet zacisku szynowego WJKC jest jego konstrukcja, kt\u00f3ra u\u0142atwia monta\u017c, regulacj\u0119 i wymian\u0119 szyn. Funkcja ta upraszcza proces konfiguracji i konserwacji, umo\u017cliwiaj\u0105c szybsz\u0105 instalacj\u0119 i minimalizuj\u0105c przestoje podczas konserwacji lub wymiany szyn.<\/p>\n<h4><strong>Nie wymaga wiercenia<\/strong><\/h4>\n<p>W przeciwie\u0144stwie do tradycyjnych rozwi\u0105za\u0144, zaciski te eliminuj\u0105 konieczno\u015b\u0107 wiercenia otwor\u00f3w w belkach podsuwnicowych. Zamiast tego s\u0105 one bezpo\u015brednio przyspawane do g\u00f3rnego ko\u0142nierza belki podsuwnicowej, co nie tylko oszcz\u0119dza czas podczas instalacji, ale tak\u017ce zachowuje integralno\u015b\u0107 strukturaln\u0105 belki podsuwnicowej. Taka konstrukcja zmniejsza potencjalne os\u0142abienie spowodowane wierceniem.<\/p>\n<h4><strong>Podw\u00f3jne po\u0142\u0105czenie \u015brubowe<\/strong><\/h4>\n<p>W celu zwi\u0119kszenia stabilno\u015bci i niezawodno\u015bci, urz\u0105dzenia mocuj\u0105ce WJKC wykorzystuj\u0105 wy\u0142\u0105cznie po\u0142\u0105czenie z dwoma \u015brubami. Gwarantuje to, \u017ce zaciski s\u0105 bezpiecznie zamocowane i mog\u0105 wytrzyma\u0107 du\u017ce si\u0142y wywierane podczas operacji d\u017awigowych, poprawiaj\u0105c og\u00f3lne bezpiecze\u0144stwo i wydajno\u015b\u0107 systemu szynowego.<\/p>\n<h4><strong>No\u015bno\u015b\u0107<\/strong><\/h4>\n<p>The <strong>Zacisk szynowy WJKC<\/strong> jest dost\u0119pny w r\u00f3\u017cnych modelach, z kt\u00f3rych ka\u017cdy zosta\u0142 zaprojektowany do obs\u0142ugi r\u00f3\u017cnych si\u0142 bocznych:<\/p>\n<ul>\n<li><strong>WJKC1<\/strong>: Model ten obs\u0142uguje maksymaln\u0105 si\u0142\u0119 boczn\u0105 135 kN z poziomych k\u00f3\u0142 prowadz\u0105cych, dzi\u0119ki czemu nadaje si\u0119 do zastosowa\u0144 o \u015brednim obci\u0105\u017ceniu.<\/li>\n<li><strong>WJKC2<\/strong>: Zaprojektowany do przenoszenia maksymalnej si\u0142y bocznej 220 kN, model ten jest idealny do ci\u0119\u017cszych operacji d\u017awigowych.<\/li>\n<li><strong>WJKC3<\/strong>: Model WJKC3 mo\u017ce wytrzyma\u0107 maksymaln\u0105 si\u0142\u0119 boczn\u0105 400 kN, co czyni go najbardziej wytrzyma\u0142\u0105 opcj\u0105 dla \u017curawi o du\u017cej skali i ud\u017awigu.<\/li>\n<\/ul>\n<p>Og\u00f3lnie rzecz bior\u0105c <strong>Zacisk szynowy WJKC<\/strong> oferuje niezawodne i wydajne rozwi\u0105zanie do zabezpieczania szyn \u017curawia, dzi\u0119ki \u0142atwej instalacji, wysokiej no\u015bno\u015bci i minimalnemu wp\u0142ywowi na integralno\u015b\u0107 belki \u017curawia. Podw\u00f3jne po\u0142\u0105czenie \u015brubowe i konstrukcja niewymagaj\u0105ca wiercenia sprawiaj\u0105, \u017ce jest to wygodny i trwa\u0142y wyb\u00f3r zar\u00f3wno dla operator\u00f3w d\u017awig\u00f3w, jak i zespo\u0142\u00f3w konserwacyjnych.<\/p>","protected":false},"excerpt":{"rendered":"<p><span style=\"font-family: arial, helvetica, sans-serif;\"><strong>Specyfikacje klipsa na szyn\u0119 WJKC<\/strong><\/span><\/p>\n<ul>\n<li><strong>Modele<\/strong>: WJKC1, WJKC2, WJKC3<\/li>\n<li><strong>Metoda mocowania<\/strong>: Spawana p\u0142yta podstawy<\/li>\n<\/ul>","protected":false},"featured_media":7089,"template":"","meta":{"_kad_post_transparent":"default","_kad_post_title":"","_kad_post_layout":"default","_kad_post_sidebar_id":"","_kad_post_content_style":"default","_kad_post_vertical_padding":"show","_kad_post_feature":"","_kad_post_feature_position":"","_kad_post_header":false,"_kad_post_footer":false},"product_brand":[],"product_cat":[83],"product_tag":[483,482,481,480,376,489,486,490,488,484,492,487,485,493,478,491,477,479],"class_list":{"0":"post-5519","1":"product","2":"type-product","3":"status-publish","4":"has-post-thumbnail","6":"product_cat-crane-rail-clip","7":"product_tag-05g525-rail-clip","8":"product_tag-cgbk-rail-clip","9":"product_tag-cgek-rail-clip","10":"product_tag-cgwk-rail-clip","11":"product_tag-china-crane-parts-supplier","12":"product_tag-crane-rail-clamp","13":"product_tag-crane-rail-clip","14":"product_tag-crane-rail-clip-supplier","15":"product_tag-crane-rail-fixing-device","16":"product_tag-hdgy-rail-clip","17":"product_tag-rail-connection-splint","18":"product_tag-rail-fixing-device","19":"product_tag-rail-joint","20":"product_tag-special-crane-spreader","21":"product_tag-swjk-rail-clip","22":"product_tag-tracks-jointing-plates","23":"product_tag-wjk-rail-clip","24":"product_tag-wjkc-rail-clip","26":"first","27":"instock","28":"shipping-taxable","29":"product-type-simple","30":"entry","31":"content-bg","32":"loop-entry"},"yoast_head":"<!-- This site is optimized with the Yoast SEO plugin v24.5 - https:\/\/yoast.com\/wordpress\/plugins\/seo\/ -->\n<title>WJKC Rail Clip - Rail fixing device-Crane Rail Clamp-Crane Parts Manufacturer<\/title>\n<meta name=\"description\" content=\"Rail Clips,WJKC Rail Clip,Crane Rail Clips,Rail fixing device,Crane Rail fixing device,crane Rail Clamp,SWJK Rail Clips,Overhead Crane Rail Clip\" \/>\n<meta name=\"robots\" content=\"index, follow, max-snippet:-1, max-image-preview:large, max-video-preview:-1\" \/>\n<link rel=\"canonical\" href=\"https:\/\/www.hnhlcranes.com\/pl\/produkt\/zacisk-szynowy-wjkc\/\" \/>\n<meta property=\"og:locale\" content=\"pl_PL\" \/>\n<meta property=\"og:type\" content=\"article\" \/>\n<meta property=\"og:title\" content=\"WJKC Rail Clip - Rail fixing device-Crane Rail Clamp-Crane Parts Manufacturer\" \/>\n<meta property=\"og:description\" content=\"Rail Clips,WJKC Rail Clip,Crane Rail Clips,Rail fixing device,Crane Rail fixing device,crane Rail Clamp,SWJK Rail Clips,Overhead Crane Rail Clip\" \/>\n<meta property=\"og:url\" content=\"https:\/\/www.hnhlcranes.com\/pl\/produkt\/zacisk-szynowy-wjkc\/\" \/>\n<meta property=\"og:site_name\" content=\"Crane Parts Manufacturer\" \/>\n<meta property=\"article:modified_time\" content=\"2025-01-10T09:34:32+00:00\" \/>\n<meta property=\"og:image\" content=\"https:\/\/www.hnhlcranes.com\/wp-content\/uploads\/2024\/11\/WJKC3-Rail-Clip.jpg\" \/>\n\t<meta property=\"og:image:width\" content=\"600\" \/>\n\t<meta property=\"og:image:height\" content=\"600\" \/>\n\t<meta property=\"og:image:type\" content=\"image\/jpeg\" \/>\n<meta name=\"twitter:card\" content=\"summary_large_image\" \/>\n<meta name=\"twitter:label1\" content=\"Szacowany czas czytania\" \/>\n\t<meta name=\"twitter:data1\" content=\"2 minuty\" \/>\n<script type=\"application\/ld+json\" class=\"yoast-schema-graph\">{\"@context\":\"https:\/\/schema.org\",\"@graph\":[{\"@type\":\"WebPage\",\"@id\":\"https:\/\/www.hnhlcranes.com\/product\/wjkc-rail-clip\/\",\"url\":\"https:\/\/www.hnhlcranes.com\/product\/wjkc-rail-clip\/\",\"name\":\"WJKC Rail Clip - Rail fixing device-Crane Rail Clamp-Crane Parts Manufacturer\",\"isPartOf\":{\"@id\":\"https:\/\/www.hnhlcranes.com\/#website\"},\"primaryImageOfPage\":{\"@id\":\"https:\/\/www.hnhlcranes.com\/product\/wjkc-rail-clip\/#primaryimage\"},\"image\":{\"@id\":\"https:\/\/www.hnhlcranes.com\/product\/wjkc-rail-clip\/#primaryimage\"},\"thumbnailUrl\":\"https:\/\/www.hnhlcranes.com\/wp-content\/uploads\/2024\/11\/WJKC3-Rail-Clip.jpg\",\"datePublished\":\"2024-11-29T13:34:40+00:00\",\"dateModified\":\"2025-01-10T09:34:32+00:00\",\"description\":\"Rail Clips,WJKC Rail Clip,Crane Rail Clips,Rail fixing device,Crane Rail fixing device,crane Rail Clamp,SWJK Rail Clips,Overhead Crane Rail Clip\",\"breadcrumb\":{\"@id\":\"https:\/\/www.hnhlcranes.com\/product\/wjkc-rail-clip\/#breadcrumb\"},\"inLanguage\":\"pl-PL\",\"potentialAction\":[{\"@type\":\"ReadAction\",\"target\":[\"https:\/\/www.hnhlcranes.com\/product\/wjkc-rail-clip\/\"]}]},{\"@type\":\"ImageObject\",\"inLanguage\":\"pl-PL\",\"@id\":\"https:\/\/www.hnhlcranes.com\/product\/wjkc-rail-clip\/#primaryimage\",\"url\":\"https:\/\/www.hnhlcranes.com\/wp-content\/uploads\/2024\/11\/WJKC3-Rail-Clip.jpg\",\"contentUrl\":\"https:\/\/www.hnhlcranes.com\/wp-content\/uploads\/2024\/11\/WJKC3-Rail-Clip.jpg\",\"width\":600,\"height\":600},{\"@type\":\"BreadcrumbList\",\"@id\":\"https:\/\/www.hnhlcranes.com\/product\/wjkc-rail-clip\/#breadcrumb\",\"itemListElement\":[{\"@type\":\"ListItem\",\"position\":1,\"name\":\"home\",\"item\":\"https:\/\/www.hnhlcranes.com\/\"},{\"@type\":\"ListItem\",\"position\":2,\"name\":\"products\",\"item\":\"https:\/\/www.hnhlcranes.com\/products\/\"},{\"@type\":\"ListItem\",\"position\":3,\"name\":\"WJKC Rail Clip\"}]},{\"@type\":\"WebSite\",\"@id\":\"https:\/\/www.hnhlcranes.com\/#website\",\"url\":\"https:\/\/www.hnhlcranes.com\/\",\"name\":\"Crane Parts Manufacturer\",\"description\":\"Crane Wheels,Crane Drums,Crane Hooks,Crane Coupling,Crane End Carriage,Electric Hoist,European Crane Parts,Crane Rail Clip,Crane Spreader,Crane Motor,Crane Reducer,Crane Brake,Light Crane Parts,Workstation Crane Parts,Crane Electrical Parts,China Crane Parts Supplier,China Crane Parts Manufacturer,Angle box type crane wheel,45 degree split crane wheel,European crane wheel,Crane Wheel Blocks,Overhead crane drum,European crane drum,Overhead crane hook,European crane hook,Crane pulley block,Gear coupling,Brake wheel coupling,Drum gear coupling,Brake wheel drum gear coupling,Cardan Shaft Coupling,WZL drum coupling,Plum blossom elastic coupling,Brake wheel plum elastic coupling,European Single girder crane end carriage,European Double girder crane end carriage,European Suspension  crane end carriage,Wire Rope Electric Hoist,Electric Chain Hoist,European Single Girder Wire Rope Electric Hoist,European Double Girder Wire Rope Electric Hoist,Crane grab,Container spreader,Billet crane clamps,C-type hook,Lifting Electromagnet,YZR crane motor,YZP crane motor,ZQ Reducer,ZSC Reducer,QJ Reducer,QJ-L Reducer,QJY Reducer,H series gearbox,F Series Gear Motor,K Series Gear Motor,R Series Gear Motor,travelling machinery gear motor,Electro hydraulic drum brake,Electro hydraulic disc brake,Crane Safety brake,Crane cable trolley,Crane remote controller,Crane pendant controller,Crane electrical control cabinet,Crane limit switch,Crane sound and light alarm,Heavy Duty Aviation Connector,Crane overload limiter\",\"publisher\":{\"@id\":\"https:\/\/www.hnhlcranes.com\/#organization\"},\"potentialAction\":[{\"@type\":\"SearchAction\",\"target\":{\"@type\":\"EntryPoint\",\"urlTemplate\":\"https:\/\/www.hnhlcranes.com\/?s={search_term_string}\"},\"query-input\":{\"@type\":\"PropertyValueSpecification\",\"valueRequired\":true,\"valueName\":\"search_term_string\"}}],\"inLanguage\":\"pl-PL\"},{\"@type\":\"Organization\",\"@id\":\"https:\/\/www.hnhlcranes.com\/#organization\",\"name\":\"Crane Parts Manufacturer\",\"url\":\"https:\/\/www.hnhlcranes.com\/\",\"logo\":{\"@type\":\"ImageObject\",\"inLanguage\":\"pl-PL\",\"@id\":\"https:\/\/www.hnhlcranes.com\/#\/schema\/logo\/image\/\",\"url\":\"https:\/\/www.hnhlcranes.com\/wp-content\/uploads\/2025\/01\/HL-logo-1.png\",\"contentUrl\":\"https:\/\/www.hnhlcranes.com\/wp-content\/uploads\/2025\/01\/HL-logo-1.png\",\"width\":600,\"height\":169,\"caption\":\"Crane Parts Manufacturer\"},\"image\":{\"@id\":\"https:\/\/www.hnhlcranes.com\/#\/schema\/logo\/image\/\"}}]}<\/script>\n<!-- \/ Yoast SEO plugin. -->","yoast_head_json":{"title":"WJKC Rail Clip - Rail fixing device-Crane Rail Clamp-Crane Parts Manufacturer","description":"Rail Clips,WJKC Rail Clip,Crane Rail Clips,Rail fixing device,Crane Rail fixing device,crane Rail Clamp,SWJK Rail Clips,Overhead Crane Rail Clip","robots":{"index":"index","follow":"follow","max-snippet":"max-snippet:-1","max-image-preview":"max-image-preview:large","max-video-preview":"max-video-preview:-1"},"canonical":"https:\/\/www.hnhlcranes.com\/pl\/produkt\/zacisk-szynowy-wjkc\/","og_locale":"pl_PL","og_type":"article","og_title":"WJKC Rail Clip - Rail fixing device-Crane Rail Clamp-Crane Parts Manufacturer","og_description":"Rail Clips,WJKC Rail Clip,Crane Rail Clips,Rail fixing device,Crane Rail fixing device,crane Rail Clamp,SWJK Rail Clips,Overhead Crane Rail Clip","og_url":"https:\/\/www.hnhlcranes.com\/pl\/produkt\/zacisk-szynowy-wjkc\/","og_site_name":"Crane Parts Manufacturer","article_modified_time":"2025-01-10T09:34:32+00:00","og_image":[{"width":600,"height":600,"url":"https:\/\/www.hnhlcranes.com\/wp-content\/uploads\/2024\/11\/WJKC3-Rail-Clip.jpg","type":"image\/jpeg"}],"twitter_card":"summary_large_image","twitter_misc":{"Szacowany czas czytania":"2 minuty"},"schema":{"@context":"https:\/\/schema.org","@graph":[{"@type":"WebPage","@id":"https:\/\/www.hnhlcranes.com\/product\/wjkc-rail-clip\/","url":"https:\/\/www.hnhlcranes.com\/product\/wjkc-rail-clip\/","name":"WJKC Rail Clip - Rail fixing device-Crane Rail Clamp-Crane Parts Manufacturer","isPartOf":{"@id":"https:\/\/www.hnhlcranes.com\/#website"},"primaryImageOfPage":{"@id":"https:\/\/www.hnhlcranes.com\/product\/wjkc-rail-clip\/#primaryimage"},"image":{"@id":"https:\/\/www.hnhlcranes.com\/product\/wjkc-rail-clip\/#primaryimage"},"thumbnailUrl":"https:\/\/www.hnhlcranes.com\/wp-content\/uploads\/2024\/11\/WJKC3-Rail-Clip.jpg","datePublished":"2024-11-29T13:34:40+00:00","dateModified":"2025-01-10T09:34:32+00:00","description":"Rail Clips,WJKC Rail Clip,Crane Rail Clips,Rail fixing device,Crane Rail fixing device,crane Rail Clamp,SWJK Rail Clips,Overhead Crane Rail Clip","breadcrumb":{"@id":"https:\/\/www.hnhlcranes.com\/product\/wjkc-rail-clip\/#breadcrumb"},"inLanguage":"pl-PL","potentialAction":[{"@type":"ReadAction","target":["https:\/\/www.hnhlcranes.com\/product\/wjkc-rail-clip\/"]}]},{"@type":"ImageObject","inLanguage":"pl-PL","@id":"https:\/\/www.hnhlcranes.com\/product\/wjkc-rail-clip\/#primaryimage","url":"https:\/\/www.hnhlcranes.com\/wp-content\/uploads\/2024\/11\/WJKC3-Rail-Clip.jpg","contentUrl":"https:\/\/www.hnhlcranes.com\/wp-content\/uploads\/2024\/11\/WJKC3-Rail-Clip.jpg","width":600,"height":600},{"@type":"BreadcrumbList","@id":"https:\/\/www.hnhlcranes.com\/product\/wjkc-rail-clip\/#breadcrumb","itemListElement":[{"@type":"ListItem","position":1,"name":"home","item":"https:\/\/www.hnhlcranes.com\/"},{"@type":"ListItem","position":2,"name":"products","item":"https:\/\/www.hnhlcranes.com\/products\/"},{"@type":"ListItem","position":3,"name":"WJKC Rail Clip"}]},{"@type":"WebSite","@id":"https:\/\/www.hnhlcranes.com\/#website","url":"https:\/\/www.hnhlcranes.com\/","name":"Crane Parts Manufacturer","description":"Crane Wheels,Crane Drums,Crane Hooks,Crane Coupling,Crane End Carriage,Electric Hoist,European Crane Parts,Crane Rail Clip,Crane Spreader,Crane Motor,Crane Reducer,Crane Brake,Light Crane Parts,Workstation Crane Parts,Crane Electrical Parts,China Crane Parts Supplier,China Crane Parts Manufacturer,Angle box type crane wheel,45 degree split crane wheel,European crane wheel,Crane Wheel Blocks,Overhead crane drum,European crane drum,Overhead crane hook,European crane hook,Crane pulley block,Gear coupling,Brake wheel coupling,Drum gear coupling,Brake wheel drum gear coupling,Cardan Shaft Coupling,WZL drum coupling,Plum blossom elastic coupling,Brake wheel plum elastic coupling,European Single girder crane end carriage,European Double girder crane end carriage,European Suspension  crane end carriage,Wire Rope Electric Hoist,Electric Chain Hoist,European Single Girder Wire Rope Electric Hoist,European Double Girder Wire Rope Electric Hoist,Crane grab,Container spreader,Billet crane clamps,C-type hook,Lifting Electromagnet,YZR crane motor,YZP crane motor,ZQ Reducer,ZSC Reducer,QJ Reducer,QJ-L Reducer,QJY Reducer,H series gearbox,F Series Gear Motor,K Series Gear Motor,R Series Gear Motor,travelling machinery gear motor,Electro hydraulic drum brake,Electro hydraulic disc brake,Crane Safety brake,Crane cable trolley,Crane remote controller,Crane pendant controller,Crane electrical control cabinet,Crane limit switch,Crane sound and light alarm,Heavy Duty Aviation Connector,Crane overload limiter","publisher":{"@id":"https:\/\/www.hnhlcranes.com\/#organization"},"potentialAction":[{"@type":"SearchAction","target":{"@type":"EntryPoint","urlTemplate":"https:\/\/www.hnhlcranes.com\/?s={search_term_string}"},"query-input":{"@type":"PropertyValueSpecification","valueRequired":true,"valueName":"search_term_string"}}],"inLanguage":"pl-PL"},{"@type":"Organization","@id":"https:\/\/www.hnhlcranes.com\/#organization","name":"Crane Parts Manufacturer","url":"https:\/\/www.hnhlcranes.com\/","logo":{"@type":"ImageObject","inLanguage":"pl-PL","@id":"https:\/\/www.hnhlcranes.com\/#\/schema\/logo\/image\/","url":"https:\/\/www.hnhlcranes.com\/wp-content\/uploads\/2025\/01\/HL-logo-1.png","contentUrl":"https:\/\/www.hnhlcranes.com\/wp-content\/uploads\/2025\/01\/HL-logo-1.png","width":600,"height":169,"caption":"Crane Parts Manufacturer"},"image":{"@id":"https:\/\/www.hnhlcranes.com\/#\/schema\/logo\/image\/"}}]}},"_links":{"self":[{"href":"https:\/\/www.hnhlcranes.com\/pl\/wp-json\/wp\/v2\/product\/5519","targetHints":{"allow":["GET"]}}],"collection":[{"href":"https:\/\/www.hnhlcranes.com\/pl\/wp-json\/wp\/v2\/product"}],"about":[{"href":"https:\/\/www.hnhlcranes.com\/pl\/wp-json\/wp\/v2\/types\/product"}],"version-history":[{"count":5,"href":"https:\/\/www.hnhlcranes.com\/pl\/wp-json\/wp\/v2\/product\/5519\/revisions"}],"predecessor-version":[{"id":7193,"href":"https:\/\/www.hnhlcranes.com\/pl\/wp-json\/wp\/v2\/product\/5519\/revisions\/7193"}],"wp:featuredmedia":[{"embeddable":true,"href":"https:\/\/www.hnhlcranes.com\/pl\/wp-json\/wp\/v2\/media\/7089"}],"wp:attachment":[{"href":"https:\/\/www.hnhlcranes.com\/pl\/wp-json\/wp\/v2\/media?parent=5519"}],"wp:term":[{"taxonomy":"product_brand","embeddable":true,"href":"https:\/\/www.hnhlcranes.com\/pl\/wp-json\/wp\/v2\/product_brand?post=5519"},{"taxonomy":"product_cat","embeddable":true,"href":"https:\/\/www.hnhlcranes.com\/pl\/wp-json\/wp\/v2\/product_cat?post=5519"},{"taxonomy":"product_tag","embeddable":true,"href":"https:\/\/www.hnhlcranes.com\/pl\/wp-json\/wp\/v2\/product_tag?post=5519"}],"curies":[{"name":"wp","href":"https:\/\/api.w.org\/{rel}","templated":true}]}}