{"id":5544,"date":"2024-11-29T22:40:44","date_gmt":"2024-11-29T14:40:44","guid":{"rendered":"https:\/\/www.hnhlcranes.com\/?post_type=product&#038;p=5544"},"modified":"2025-01-10T18:14:36","modified_gmt":"2025-01-10T10:14:36","slug":"zacisk-szyny-hdgy","status":"publish","type":"product","link":"https:\/\/www.hnhlcranes.com\/pl\/produkt\/zacisk-szyny-hdgy\/","title":{"rendered":"Zacisk szynowy HDGY"},"content":{"rendered":"<h3><strong>Cechy HDGY Rail Clip<\/strong><\/h3>\n<h4><strong>Elastyczne mocowanie i mniejsze zu\u017cycie<\/strong><\/h4>\n<p>The <strong>Zacisk szynowy HDGY<\/strong> zosta\u0142 specjalnie zaprojektowany, aby zapewni\u0107 elastyczne mocowanie szyn do betonowych belek d\u017awigu. Taka konstrukcja zmniejsza zu\u017cycie g\u0142\u00f3wki szyny, minimalizuje wp\u0142yw na belk\u0119 \u017curawia, zmniejsza zu\u017cycie ko\u0142nierza ko\u0142a \u017curawia i obni\u017ca poziom ha\u0142asu. W rezultacie system zwi\u0119ksza zar\u00f3wno trwa\u0142o\u015b\u0107, jak i wydajno\u015b\u0107 pracy d\u017awigu.<\/p>\n<h4><strong>Zwi\u0119kszona stabilno\u015b\u0107 dzi\u0119ki elastycznej gumowej podk\u0142adce kompozytowej<\/strong><\/h4>\n<p>Dzi\u0119ki zastosowaniu elastycznej gumowej podk\u0142adki kompozytowej mi\u0119dzy szyn\u0105 a belk\u0105 d\u017awigu, zacisk szynowy HDGY znacznie zwi\u0119ksza tarcie, zapobiegaj\u0105c przemieszczaniu si\u0119 szyny. Dodatkowo, funkcja ta eliminuje lub minimalizuje nier\u00f3wne szczeliny wzd\u0142u\u017c d\u0142ugo\u015bci szyny, co prowadzi do lepszego rozk\u0142adu napr\u0119\u017ce\u0144 \u015brub na p\u0142ytach zaciskowych, dodatkowo zwi\u0119kszaj\u0105c og\u00f3ln\u0105 stabilno\u015b\u0107 systemu.<\/p>\n<h4><strong>Optymalny rozk\u0142ad napr\u0119\u017ce\u0144<\/strong><\/h4>\n<p>Gumowa podk\u0142adka zosta\u0142a zaprojektowana z lekko wypuk\u0142ym przekrojem, aby zapewni\u0107 racjonalny rozk\u0142ad napr\u0119\u017ce\u0144. Co wi\u0119cej, ma\u0142e prostok\u0105tne grzbiety na podk\u0142adce poprawiaj\u0105 jej kontakt z szyn\u0105, zwi\u0119kszaj\u0105c elastyczno\u015b\u0107 i zapewniaj\u0105c skuteczne t\u0142umienie drga\u0144, co ostatecznie przyczynia si\u0119 do p\u0142ynniejszej pracy i mniejszego zu\u017cycia.<\/p>\n<h4><strong>Wytrzyma\u0142a konstrukcja<\/strong><\/h4>\n<p>Gumowa podk\u0142adka posiada prostok\u0105tne rowki, kt\u00f3re minimalizuj\u0105 boczne odkszta\u0142cenia pod wp\u0142ywem napr\u0119\u017ce\u0144 i zmniejszaj\u0105 uszkodzenia powierzchni spowodowane \u015bciskaniem. Ponadto, dzi\u0119ki wzmocnieniu stal\u0105, struktura zacisku szynowego HDGY jest bardzo trwa\u0142a, zachowuj\u0105c doskona\u0142\u0105 wydajno\u015b\u0107 nawet po 2 milionach cykli zm\u0119czeniowych, zapewniaj\u0105c d\u0142ugoterminow\u0105 niezawodno\u015b\u0107.<\/p>\n<h4><strong>Bezpieczne i symetryczne p\u0142ytki zaciskowe<\/strong><\/h4>\n<p>P\u0142yty zaciskowe s\u0105 bezpiecznie przymocowane do belki \u017curawia, dzi\u0119ki czemu s\u0105 odporne na poluzowanie i minimalizuj\u0105 zu\u017cycie belki \u017curawia. Symetryczna konstrukcja p\u0142yt zaciskowych tworzy w przekroju poprzecznym struktur\u0119 w kszta\u0142cie klina, skutecznie ograniczaj\u0105c boczne przemieszczanie si\u0119 szyny, co zapewnia stabilno\u015b\u0107 podczas pracy \u017curawia.<\/p>\n<h4><strong>Mo\u017cliwo\u015b\u0107 dostosowania do instalacji i konserwacji<\/strong><\/h4>\n<p>Aby upro\u015bci\u0107 instalacj\u0119 i konserwacj\u0119, eliptyczne szczeliny w p\u0142ycie zacisku umo\u017cliwiaj\u0105 boczn\u0105 regulacj\u0119. Dodatkowo, nachylone otwory w po\u0142\u0105czeniu z blokami antypo\u015blizgowymi zapobiegaj\u0105 przemieszczaniu si\u0119 zacisku i u\u0142atwiaj\u0105 boczne wyr\u00f3wnanie podczas instalacji lub konserwacji, zapewniaj\u0105c precyzyjn\u0105 regulacj\u0119 i \u0142atwo\u015b\u0107 obs\u0142ugi.<\/p>\n<h4><strong>Tolerancja dla ruchu szyny<\/strong><\/h4>\n<p>System zosta\u0142 zaprojektowany tak, aby uwzgl\u0119dni\u0107 niewielkie ruchy szyny podczas pracy d\u017awigu. Zapewnia to elastyczno\u015b\u0107 bez uszczerbku dla stabilno\u015bci, umo\u017cliwiaj\u0105c wydajny ruch przy jednoczesnym zachowaniu integralno\u015bci szyny i systemu d\u017awigu.<\/p>\n<h3><strong>Kroki instalacji zacisku szynowego HDGY<\/strong><\/h3>\n<h4><strong>Pozycjonowanie gumowej podk\u0142adki<\/strong><\/h4>\n<p>Najpierw umie\u015b\u0107 gumow\u0105 podk\u0142adk\u0119 z prostok\u0105tnymi grzbietami i rowkami r\u00f3wnolegle do szyny i umie\u015b\u0107 j\u0105 pod ni\u0105. Upewnij si\u0119, \u017ce podk\u0142adka jest prostopad\u0142a do linii \u015brodkowej szyny i prawid\u0142owo ustawiona wzgl\u0119dem \u015brub po obu stronach. Zapewni to precyzyjne umieszczenie i wyr\u00f3wnanie w celu uzyskania optymalnej wydajno\u015bci.<\/p>\n<h4><strong>Przygotowanie warstwy bazowej<\/strong><\/h4>\n<p>Przed umieszczeniem gumowej podk\u0142adki na betonowej warstwie bazowej nale\u017cy dok\u0142adnie oczy\u015bci\u0107 powierzchni\u0119, aby usun\u0105\u0107 wszelkie zanieczyszczenia. Ten krok jest niezb\u0119dny, aby upewni\u0107 si\u0119, \u017ce nie ma \u017cadnych zanieczyszcze\u0144, kt\u00f3re mog\u0142yby zmniejszy\u0107 wydajno\u015b\u0107 systemu.<\/p>\n<h4><strong>Monta\u017c p\u0142ytki zaciskowej<\/strong><\/h4>\n<p>Wykonaj nast\u0119puj\u0105ce kroki w procesie monta\u017cu:<\/p>\n<ul>\n<li>W\u0142\u00f3\u017c \u015bruby do wst\u0119pnie wywierconych otwor\u00f3w w \u017celbetowej belce d\u017awigu.<\/li>\n<li>Umie\u015b\u0107 korpus p\u0142ytki zaciskowej na podstawie.<\/li>\n<li>Dodaj blok antypo\u015blizgowy z ma\u0142ym ko\u0144cem skierowanym w stron\u0119 szyny, aby zwi\u0119kszy\u0107 stabilno\u015b\u0107.<\/li>\n<li>Za\u0142\u00f3\u017c podk\u0142adk\u0119 spr\u0119\u017cyst\u0105 i nakr\u0119tk\u0119, a nast\u0119pnie dokr\u0119\u0107 zesp\u00f3\u0142.<\/li>\n<li>Wyreguluj p\u0142ytk\u0119 zaciskow\u0105 tak, aby \u015bci\u015ble przylega\u0142a do kraw\u0119dzi szyny.<\/li>\n<li>Na koniec ca\u0142kowicie dokr\u0119\u0107 \u015bruby, aby zamocowa\u0107 komponenty na miejscu.<\/li>\n<\/ul>\n<h4><strong>Wyr\u00f3wnanie p\u0142yty zaciskowej<\/strong><\/h4>\n<p>Upewnij si\u0119, \u017ce linia \u015brodkowa p\u0142ytki zaciskowej jest prostopad\u0142a do linii \u015brodkowej szyny bez przekrzywienia. Ten krok gwarantuje, \u017ce p\u0142ytka zaciskowa jest odpowiednio wyr\u00f3wnana, aby zapewni\u0107 optymalne mocowanie szyny i og\u00f3ln\u0105 wydajno\u015b\u0107 systemu.<\/p>","protected":false},"excerpt":{"rendered":"<h6><span style=\"font-family: arial, helvetica, sans-serif; font-size: 14pt;\"><strong>Specyfikacje HDGY Rail Clip<\/strong><\/span><\/h6>\n<ul>\n<li><strong>Modele:<\/strong> HDGY24, HDGY38A, HDGY38B, HDGY43, HDGY50, HDGY70, HDGY80, HDGY100, HDGY120<\/li>\n<li><strong>Metoda mocowania:<\/strong> Mocowanie \u015brub<\/li>\n<\/ul>","protected":false},"featured_media":7117,"template":"","meta":{"_kad_post_transparent":"default","_kad_post_title":"","_kad_post_layout":"default","_kad_post_sidebar_id":"","_kad_post_content_style":"default","_kad_post_vertical_padding":"show","_kad_post_feature":"","_kad_post_feature_position":"","_kad_post_header":false,"_kad_post_footer":false},"product_brand":[],"product_cat":[83],"product_tag":[483,482,481,480,376,489,486,490,488,484,492,487,485,493,478,491,477,479],"class_list":{"0":"post-5544","1":"product","2":"type-product","3":"status-publish","4":"has-post-thumbnail","6":"product_cat-crane-rail-clip","7":"product_tag-05g525-rail-clip","8":"product_tag-cgbk-rail-clip","9":"product_tag-cgek-rail-clip","10":"product_tag-cgwk-rail-clip","11":"product_tag-china-crane-parts-supplier","12":"product_tag-crane-rail-clamp","13":"product_tag-crane-rail-clip","14":"product_tag-crane-rail-clip-supplier","15":"product_tag-crane-rail-fixing-device","16":"product_tag-hdgy-rail-clip","17":"product_tag-rail-connection-splint","18":"product_tag-rail-fixing-device","19":"product_tag-rail-joint","20":"product_tag-special-crane-spreader","21":"product_tag-swjk-rail-clip","22":"product_tag-tracks-jointing-plates","23":"product_tag-wjk-rail-clip","24":"product_tag-wjkc-rail-clip","26":"first","27":"instock","28":"shipping-taxable","29":"product-type-simple","30":"entry","31":"content-bg","32":"loop-entry"},"yoast_head":"<!-- This site is optimized with the Yoast SEO plugin v24.5 - https:\/\/yoast.com\/wordpress\/plugins\/seo\/ -->\n<title>HDGY Rail Clip - Crane Rail fixing device-crane Rail Clamp- Crane Parts Manufacturer<\/title>\n<meta name=\"description\" content=\"Rail Clips,HDGY Rail Clip,Crane Rail Clips,Rail fixing device,Crane Rail fixing device,crane Rail Clamp,WJK Rail Clips,Overhead Crane Rail Clip\" \/>\n<meta name=\"robots\" content=\"index, follow, max-snippet:-1, max-image-preview:large, max-video-preview:-1\" \/>\n<link rel=\"canonical\" href=\"https:\/\/www.hnhlcranes.com\/pl\/produkt\/zacisk-szyny-hdgy\/\" \/>\n<meta property=\"og:locale\" content=\"pl_PL\" \/>\n<meta property=\"og:type\" content=\"article\" \/>\n<meta property=\"og:title\" content=\"HDGY Rail Clip - Crane Rail fixing device-crane Rail Clamp- Crane Parts Manufacturer\" \/>\n<meta property=\"og:description\" content=\"Rail Clips,HDGY Rail Clip,Crane Rail Clips,Rail fixing device,Crane Rail fixing device,crane Rail Clamp,WJK Rail Clips,Overhead Crane Rail Clip\" \/>\n<meta property=\"og:url\" content=\"https:\/\/www.hnhlcranes.com\/pl\/produkt\/zacisk-szyny-hdgy\/\" \/>\n<meta property=\"og:site_name\" content=\"Crane Parts Manufacturer\" \/>\n<meta property=\"article:modified_time\" content=\"2025-01-10T10:14:36+00:00\" \/>\n<meta property=\"og:image\" content=\"https:\/\/www.hnhlcranes.com\/wp-content\/uploads\/2024\/11\/HDGY-Rail-Clip.jpg\" \/>\n\t<meta property=\"og:image:width\" content=\"600\" \/>\n\t<meta property=\"og:image:height\" content=\"600\" \/>\n\t<meta property=\"og:image:type\" content=\"image\/jpeg\" \/>\n<meta name=\"twitter:card\" content=\"summary_large_image\" \/>\n<meta name=\"twitter:label1\" content=\"Szacowany czas czytania\" \/>\n\t<meta name=\"twitter:data1\" content=\"3 minuty\" \/>\n<script type=\"application\/ld+json\" class=\"yoast-schema-graph\">{\"@context\":\"https:\/\/schema.org\",\"@graph\":[{\"@type\":\"WebPage\",\"@id\":\"https:\/\/www.hnhlcranes.com\/product\/hdgy-rail-clip\/\",\"url\":\"https:\/\/www.hnhlcranes.com\/product\/hdgy-rail-clip\/\",\"name\":\"HDGY Rail Clip - Crane Rail fixing device-crane Rail Clamp- Crane Parts Manufacturer\",\"isPartOf\":{\"@id\":\"https:\/\/www.hnhlcranes.com\/#website\"},\"primaryImageOfPage\":{\"@id\":\"https:\/\/www.hnhlcranes.com\/product\/hdgy-rail-clip\/#primaryimage\"},\"image\":{\"@id\":\"https:\/\/www.hnhlcranes.com\/product\/hdgy-rail-clip\/#primaryimage\"},\"thumbnailUrl\":\"https:\/\/www.hnhlcranes.com\/wp-content\/uploads\/2024\/11\/HDGY-Rail-Clip.jpg\",\"datePublished\":\"2024-11-29T14:40:44+00:00\",\"dateModified\":\"2025-01-10T10:14:36+00:00\",\"description\":\"Rail Clips,HDGY Rail Clip,Crane Rail Clips,Rail fixing device,Crane Rail fixing device,crane Rail Clamp,WJK Rail Clips,Overhead Crane Rail Clip\",\"breadcrumb\":{\"@id\":\"https:\/\/www.hnhlcranes.com\/product\/hdgy-rail-clip\/#breadcrumb\"},\"inLanguage\":\"pl-PL\",\"potentialAction\":[{\"@type\":\"ReadAction\",\"target\":[\"https:\/\/www.hnhlcranes.com\/product\/hdgy-rail-clip\/\"]}]},{\"@type\":\"ImageObject\",\"inLanguage\":\"pl-PL\",\"@id\":\"https:\/\/www.hnhlcranes.com\/product\/hdgy-rail-clip\/#primaryimage\",\"url\":\"https:\/\/www.hnhlcranes.com\/wp-content\/uploads\/2024\/11\/HDGY-Rail-Clip.jpg\",\"contentUrl\":\"https:\/\/www.hnhlcranes.com\/wp-content\/uploads\/2024\/11\/HDGY-Rail-Clip.jpg\",\"width\":600,\"height\":600},{\"@type\":\"BreadcrumbList\",\"@id\":\"https:\/\/www.hnhlcranes.com\/product\/hdgy-rail-clip\/#breadcrumb\",\"itemListElement\":[{\"@type\":\"ListItem\",\"position\":1,\"name\":\"home\",\"item\":\"https:\/\/www.hnhlcranes.com\/\"},{\"@type\":\"ListItem\",\"position\":2,\"name\":\"products\",\"item\":\"https:\/\/www.hnhlcranes.com\/products\/\"},{\"@type\":\"ListItem\",\"position\":3,\"name\":\"HDGY Rail Clip\"}]},{\"@type\":\"WebSite\",\"@id\":\"https:\/\/www.hnhlcranes.com\/#website\",\"url\":\"https:\/\/www.hnhlcranes.com\/\",\"name\":\"Crane Parts Manufacturer\",\"description\":\"Crane Wheels,Crane Drums,Crane Hooks,Crane Coupling,Crane End Carriage,Electric Hoist,European Crane Parts,Crane Rail Clip,Crane Spreader,Crane Motor,Crane Reducer,Crane Brake,Light Crane Parts,Workstation Crane Parts,Crane Electrical Parts,China Crane Parts Supplier,China Crane Parts Manufacturer,Angle box type crane wheel,45 degree split crane wheel,European crane wheel,Crane Wheel Blocks,Overhead crane drum,European crane drum,Overhead crane hook,European crane hook,Crane pulley block,Gear coupling,Brake wheel coupling,Drum gear coupling,Brake wheel drum gear coupling,Cardan Shaft Coupling,WZL drum coupling,Plum blossom elastic coupling,Brake wheel plum elastic coupling,European Single girder crane end carriage,European Double girder crane end carriage,European Suspension  crane end carriage,Wire Rope Electric Hoist,Electric Chain Hoist,European Single Girder Wire Rope Electric Hoist,European Double Girder Wire Rope Electric Hoist,Crane grab,Container spreader,Billet crane clamps,C-type hook,Lifting Electromagnet,YZR crane motor,YZP crane motor,ZQ Reducer,ZSC Reducer,QJ Reducer,QJ-L Reducer,QJY Reducer,H series gearbox,F Series Gear Motor,K Series Gear Motor,R Series Gear Motor,travelling machinery gear motor,Electro hydraulic drum brake,Electro hydraulic disc brake,Crane Safety brake,Crane cable trolley,Crane remote controller,Crane pendant controller,Crane electrical control cabinet,Crane limit switch,Crane sound and light alarm,Heavy Duty Aviation Connector,Crane overload limiter\",\"publisher\":{\"@id\":\"https:\/\/www.hnhlcranes.com\/#organization\"},\"potentialAction\":[{\"@type\":\"SearchAction\",\"target\":{\"@type\":\"EntryPoint\",\"urlTemplate\":\"https:\/\/www.hnhlcranes.com\/?s={search_term_string}\"},\"query-input\":{\"@type\":\"PropertyValueSpecification\",\"valueRequired\":true,\"valueName\":\"search_term_string\"}}],\"inLanguage\":\"pl-PL\"},{\"@type\":\"Organization\",\"@id\":\"https:\/\/www.hnhlcranes.com\/#organization\",\"name\":\"Crane Parts Manufacturer\",\"url\":\"https:\/\/www.hnhlcranes.com\/\",\"logo\":{\"@type\":\"ImageObject\",\"inLanguage\":\"pl-PL\",\"@id\":\"https:\/\/www.hnhlcranes.com\/#\/schema\/logo\/image\/\",\"url\":\"https:\/\/www.hnhlcranes.com\/wp-content\/uploads\/2025\/01\/HL-logo-1.png\",\"contentUrl\":\"https:\/\/www.hnhlcranes.com\/wp-content\/uploads\/2025\/01\/HL-logo-1.png\",\"width\":600,\"height\":169,\"caption\":\"Crane Parts Manufacturer\"},\"image\":{\"@id\":\"https:\/\/www.hnhlcranes.com\/#\/schema\/logo\/image\/\"}}]}<\/script>\n<!-- \/ Yoast SEO plugin. -->","yoast_head_json":{"title":"HDGY Rail Clip - Crane Rail fixing device-crane Rail Clamp- Crane Parts Manufacturer","description":"Rail Clips,HDGY Rail Clip,Crane Rail Clips,Rail fixing device,Crane Rail fixing device,crane Rail Clamp,WJK Rail Clips,Overhead Crane Rail Clip","robots":{"index":"index","follow":"follow","max-snippet":"max-snippet:-1","max-image-preview":"max-image-preview:large","max-video-preview":"max-video-preview:-1"},"canonical":"https:\/\/www.hnhlcranes.com\/pl\/produkt\/zacisk-szyny-hdgy\/","og_locale":"pl_PL","og_type":"article","og_title":"HDGY Rail Clip - Crane Rail fixing device-crane Rail Clamp- Crane Parts Manufacturer","og_description":"Rail Clips,HDGY Rail Clip,Crane Rail Clips,Rail fixing device,Crane Rail fixing device,crane Rail Clamp,WJK Rail Clips,Overhead Crane Rail Clip","og_url":"https:\/\/www.hnhlcranes.com\/pl\/produkt\/zacisk-szyny-hdgy\/","og_site_name":"Crane Parts Manufacturer","article_modified_time":"2025-01-10T10:14:36+00:00","og_image":[{"width":600,"height":600,"url":"https:\/\/www.hnhlcranes.com\/wp-content\/uploads\/2024\/11\/HDGY-Rail-Clip.jpg","type":"image\/jpeg"}],"twitter_card":"summary_large_image","twitter_misc":{"Szacowany czas czytania":"3 minuty"},"schema":{"@context":"https:\/\/schema.org","@graph":[{"@type":"WebPage","@id":"https:\/\/www.hnhlcranes.com\/product\/hdgy-rail-clip\/","url":"https:\/\/www.hnhlcranes.com\/product\/hdgy-rail-clip\/","name":"HDGY Rail Clip - Crane Rail fixing device-crane Rail Clamp- Crane Parts Manufacturer","isPartOf":{"@id":"https:\/\/www.hnhlcranes.com\/#website"},"primaryImageOfPage":{"@id":"https:\/\/www.hnhlcranes.com\/product\/hdgy-rail-clip\/#primaryimage"},"image":{"@id":"https:\/\/www.hnhlcranes.com\/product\/hdgy-rail-clip\/#primaryimage"},"thumbnailUrl":"https:\/\/www.hnhlcranes.com\/wp-content\/uploads\/2024\/11\/HDGY-Rail-Clip.jpg","datePublished":"2024-11-29T14:40:44+00:00","dateModified":"2025-01-10T10:14:36+00:00","description":"Rail Clips,HDGY Rail Clip,Crane Rail Clips,Rail fixing device,Crane Rail fixing device,crane Rail Clamp,WJK Rail Clips,Overhead Crane Rail Clip","breadcrumb":{"@id":"https:\/\/www.hnhlcranes.com\/product\/hdgy-rail-clip\/#breadcrumb"},"inLanguage":"pl-PL","potentialAction":[{"@type":"ReadAction","target":["https:\/\/www.hnhlcranes.com\/product\/hdgy-rail-clip\/"]}]},{"@type":"ImageObject","inLanguage":"pl-PL","@id":"https:\/\/www.hnhlcranes.com\/product\/hdgy-rail-clip\/#primaryimage","url":"https:\/\/www.hnhlcranes.com\/wp-content\/uploads\/2024\/11\/HDGY-Rail-Clip.jpg","contentUrl":"https:\/\/www.hnhlcranes.com\/wp-content\/uploads\/2024\/11\/HDGY-Rail-Clip.jpg","width":600,"height":600},{"@type":"BreadcrumbList","@id":"https:\/\/www.hnhlcranes.com\/product\/hdgy-rail-clip\/#breadcrumb","itemListElement":[{"@type":"ListItem","position":1,"name":"home","item":"https:\/\/www.hnhlcranes.com\/"},{"@type":"ListItem","position":2,"name":"products","item":"https:\/\/www.hnhlcranes.com\/products\/"},{"@type":"ListItem","position":3,"name":"HDGY Rail Clip"}]},{"@type":"WebSite","@id":"https:\/\/www.hnhlcranes.com\/#website","url":"https:\/\/www.hnhlcranes.com\/","name":"Crane Parts Manufacturer","description":"Crane Wheels,Crane Drums,Crane Hooks,Crane Coupling,Crane End Carriage,Electric Hoist,European Crane Parts,Crane Rail Clip,Crane Spreader,Crane Motor,Crane Reducer,Crane Brake,Light Crane Parts,Workstation Crane Parts,Crane Electrical Parts,China Crane Parts Supplier,China Crane Parts Manufacturer,Angle box type crane wheel,45 degree split crane wheel,European crane wheel,Crane Wheel Blocks,Overhead crane drum,European crane drum,Overhead crane hook,European crane hook,Crane pulley block,Gear coupling,Brake wheel coupling,Drum gear coupling,Brake wheel drum gear coupling,Cardan Shaft Coupling,WZL drum coupling,Plum blossom elastic coupling,Brake wheel plum elastic coupling,European Single girder crane end carriage,European Double girder crane end carriage,European Suspension  crane end carriage,Wire Rope Electric Hoist,Electric Chain Hoist,European Single Girder Wire Rope Electric Hoist,European Double Girder Wire Rope Electric Hoist,Crane grab,Container spreader,Billet crane clamps,C-type hook,Lifting Electromagnet,YZR crane motor,YZP crane motor,ZQ Reducer,ZSC Reducer,QJ Reducer,QJ-L Reducer,QJY Reducer,H series gearbox,F Series Gear Motor,K Series Gear Motor,R Series Gear Motor,travelling machinery gear motor,Electro hydraulic drum brake,Electro hydraulic disc brake,Crane Safety brake,Crane cable trolley,Crane remote controller,Crane pendant controller,Crane electrical control cabinet,Crane limit switch,Crane sound and light alarm,Heavy Duty Aviation Connector,Crane overload limiter","publisher":{"@id":"https:\/\/www.hnhlcranes.com\/#organization"},"potentialAction":[{"@type":"SearchAction","target":{"@type":"EntryPoint","urlTemplate":"https:\/\/www.hnhlcranes.com\/?s={search_term_string}"},"query-input":{"@type":"PropertyValueSpecification","valueRequired":true,"valueName":"search_term_string"}}],"inLanguage":"pl-PL"},{"@type":"Organization","@id":"https:\/\/www.hnhlcranes.com\/#organization","name":"Crane Parts Manufacturer","url":"https:\/\/www.hnhlcranes.com\/","logo":{"@type":"ImageObject","inLanguage":"pl-PL","@id":"https:\/\/www.hnhlcranes.com\/#\/schema\/logo\/image\/","url":"https:\/\/www.hnhlcranes.com\/wp-content\/uploads\/2025\/01\/HL-logo-1.png","contentUrl":"https:\/\/www.hnhlcranes.com\/wp-content\/uploads\/2025\/01\/HL-logo-1.png","width":600,"height":169,"caption":"Crane Parts Manufacturer"},"image":{"@id":"https:\/\/www.hnhlcranes.com\/#\/schema\/logo\/image\/"}}]}},"_links":{"self":[{"href":"https:\/\/www.hnhlcranes.com\/pl\/wp-json\/wp\/v2\/product\/5544","targetHints":{"allow":["GET"]}}],"collection":[{"href":"https:\/\/www.hnhlcranes.com\/pl\/wp-json\/wp\/v2\/product"}],"about":[{"href":"https:\/\/www.hnhlcranes.com\/pl\/wp-json\/wp\/v2\/types\/product"}],"version-history":[{"count":3,"href":"https:\/\/www.hnhlcranes.com\/pl\/wp-json\/wp\/v2\/product\/5544\/revisions"}],"predecessor-version":[{"id":7196,"href":"https:\/\/www.hnhlcranes.com\/pl\/wp-json\/wp\/v2\/product\/5544\/revisions\/7196"}],"wp:featuredmedia":[{"embeddable":true,"href":"https:\/\/www.hnhlcranes.com\/pl\/wp-json\/wp\/v2\/media\/7117"}],"wp:attachment":[{"href":"https:\/\/www.hnhlcranes.com\/pl\/wp-json\/wp\/v2\/media?parent=5544"}],"wp:term":[{"taxonomy":"product_brand","embeddable":true,"href":"https:\/\/www.hnhlcranes.com\/pl\/wp-json\/wp\/v2\/product_brand?post=5544"},{"taxonomy":"product_cat","embeddable":true,"href":"https:\/\/www.hnhlcranes.com\/pl\/wp-json\/wp\/v2\/product_cat?post=5544"},{"taxonomy":"product_tag","embeddable":true,"href":"https:\/\/www.hnhlcranes.com\/pl\/wp-json\/wp\/v2\/product_tag?post=5544"}],"curies":[{"name":"wp","href":"https:\/\/api.w.org\/{rel}","templated":true}]}}