{"id":5659,"date":"2024-12-03T17:07:45","date_gmt":"2024-12-03T09:07:45","guid":{"rendered":"https:\/\/www.hnhlcranes.com\/?post_type=product&#038;p=5659"},"modified":"2025-01-08T01:06:53","modified_gmt":"2025-01-07T17:06:53","slug":"europejski-wozek-koncowy-zurawia-podwieszanego","status":"publish","type":"product","link":"https:\/\/www.hnhlcranes.com\/pl\/produkt\/europejski-wozek-koncowy-zurawia-podwieszanego\/","title":{"rendered":"Europejski w\u00f3zek ko\u0144cowy \u017curawia podwieszanego"},"content":{"rendered":"<p>The <strong>Europejski w\u00f3zek ko\u0144cowy \u017curawia podwieszanego<\/strong> jest istotnym elementem w systemach \u017curawi podwieszanych, zaprojektowanym w celu wsparcia konstrukcji \u017curawia i umo\u017cliwienia poziomego ruchu wzd\u0142u\u017c g\u0105sienic. Zaprojektowany zgodnie z europejskimi standardami, oferuje wysok\u0105 wydajno\u015b\u0107, kompaktowo\u015b\u0107 i trwa\u0142o\u015b\u0107. Ten typ w\u00f3zka ko\u0144cowego jest szeroko stosowany w r\u00f3\u017cnych zastosowaniach przemys\u0142owych, w kt\u00f3rych niezb\u0119dna jest optymalizacja przestrzeni, precyzja i p\u0142ynna praca. W szczeg\u00f3lno\u015bci, jego konstrukcja zawieszenia pozwala na wi\u0119ksz\u0105 elastyczno\u015b\u0107 w ruchu d\u017awigu, co czyni go szczeg\u00f3lnie odpowiednim dla obiekt\u00f3w o ograniczonej przestrzeni.<\/p>\n<h3>G\u0142\u00f3wne cechy:<\/h3>\n<ol>\n<li><strong>Projektowanie strukturalne<\/strong>: Europejski w\u00f3zek ko\u0144cowy \u017curawia podwieszanego ma solidn\u0105 stalow\u0105 ram\u0119, kt\u00f3ra zapewnia zar\u00f3wno wysok\u0105 wytrzyma\u0142o\u015b\u0107, jak i lekki profil. Konstrukcja zawieszenia eliminuje potrzeb\u0119 stosowania tradycyjnych podp\u00f3r, umo\u017cliwiaj\u0105c wydajn\u0105 prac\u0119 w \u015brodowiskach o ograniczonej przestrzeni. Ponadto kompaktowa konstrukcja minimalizuje przestrze\u0144 monta\u017cow\u0105 i poprawia og\u00f3ln\u0105 wydajno\u015b\u0107 operacyjn\u0105.<\/li>\n<li><strong>Uk\u0142ad nap\u0119dowy<\/strong>: W\u00f3zek ko\u0144cowy jest wyposa\u017cony w zaawansowany elektryczny uk\u0142ad nap\u0119dowy, zwykle zasilany silnikami pr\u0105du przemiennego. Silniki te zapewniaj\u0105 sta\u0142\u0105 i stabiln\u0105 pr\u0119dko\u015b\u0107 jazdy, zapewniaj\u0105c jednocze\u015bnie precyzyjn\u0105 kontrol\u0119 nad ruchem \u017curawia. Ponadto uk\u0142ad nap\u0119dowy zapewnia p\u0142ynn\u0105 prac\u0119 przy minimalnym zu\u017cyciu energii, dzi\u0119ki czemu idealnie nadaje si\u0119 do d\u0142ugotrwa\u0142ego u\u017cytkowania w wymagaj\u0105cych \u015brodowiskach przemys\u0142owych.<\/li>\n<li><strong>Mechanizm zawieszenia<\/strong>: W przeciwie\u0144stwie do tradycyjnych w\u00f3zk\u00f3w ko\u0144cowych, konstrukcja zawieszenia umo\u017cliwia zawieszenie w\u00f3zka ko\u0144cowego na konstrukcji \u017curawia. Zapewnia to wi\u0119ksz\u0105 elastyczno\u015b\u0107 i p\u0142ynniejsz\u0105 prac\u0119, szczeg\u00f3lnie w ciasnych przestrzeniach lub gdy wymagane jest minimalne tarcie. Uwzgl\u0119dnia r\u00f3wnie\u017c niewsp\u00f3\u0142osiowo\u015b\u0107 pionow\u0105, zmniejszaj\u0105c obci\u0105\u017cenie systemu d\u017awigu.<\/li>\n<li><strong>System g\u0105sienic i k\u00f3\u0142<\/strong>: W\u00f3zek ko\u0144cowy zawiera zestawy ko\u0142owe wykonane z materia\u0142\u00f3w o wysokiej wytrzyma\u0142o\u015bci, oferuj\u0105ce doskona\u0142\u0105 odporno\u015b\u0107 na zu\u017cycie i no\u015bno\u015b\u0107. Ko\u0142a te zosta\u0142y zaprojektowane do p\u0142ynnej pracy na znormalizowanych g\u0105sienicach \u017curawia, zapewniaj\u0105c stabilny i niezawodny ruch.<\/li>\n<li><strong>Precyzja i stabilno\u015b\u0107<\/strong>: W\u00f3zek ko\u0144cowy \u017curawia z europejskim zawieszeniem zosta\u0142 zaprojektowany z my\u015bl\u0105 o precyzyjnej i stabilnej pracy. Minimalizuje ha\u0142as i wibracje podczas ruchu, zapewniaj\u0105c p\u0142ynn\u0105 prac\u0119 \u017curawia nawet przy du\u017cych obci\u0105\u017ceniach i przyczyniaj\u0105c si\u0119 do wydajnej pracy przez d\u0142ugi czas.<\/li>\n<\/ol>\n<h3>Zalety:<\/h3>\n<ul>\n<li><strong>Wydajno\u015b\u0107 przestrzenna<\/strong>: Konstrukcja zawieszenia eliminuje potrzeb\u0119 stosowania dodatkowych podp\u00f3r, oszcz\u0119dzaj\u0105c w ten spos\u00f3b cenn\u0105 przestrze\u0144 i oferuj\u0105c wi\u0119ksz\u0105 elastyczno\u015b\u0107 zar\u00f3wno w instalacji, jak i obs\u0142udze. Jest to szczeg\u00f3lnie korzystne w obiektach o ograniczonej powierzchni.<\/li>\n<li><strong>P\u0142ynne dzia\u0142anie<\/strong>: Mechanizm zawieszenia minimalizuje tarcie, umo\u017cliwiaj\u0105c p\u0142ynniejszy ruch, co zmniejsza zu\u017cycie systemu i poprawia og\u00f3ln\u0105 wydajno\u015b\u0107 operacyjn\u0105.<\/li>\n<li><strong>Efektywno\u015b\u0107 energetyczna<\/strong>: Zaawansowany elektryczny uk\u0142ad nap\u0119dowy zapewnia optymalne zu\u017cycie energii, zmniejszaj\u0105c koszty operacyjne przy zachowaniu wysokiej wydajno\u015bci.<\/li>\n<li><strong>Elastyczno\u015b\u0107<\/strong>: Konstrukcja zawieszenia pozwala w\u00f3zkowi ko\u0144cowemu na dostosowanie si\u0119 do niewsp\u00f3\u0142osiowo\u015bci pionowej i nier\u00f3wnych powierzchni, oferuj\u0105c wi\u0119ksz\u0105 elastyczno\u015b\u0107 operacyjn\u0105 i zmniejszaj\u0105c obci\u0105\u017cenie systemu d\u017awigu.<\/li>\n<li><strong>Niski poziom ha\u0142asu i wibracji<\/strong>: W\u00f3zek ko\u0144cowy pracuje z minimalnym ha\u0142asem i wibracjami, przyczyniaj\u0105c si\u0119 do cichszego i bardziej komfortowego \u015brodowiska pracy.<\/li>\n<\/ul>\n<h3>Wnioski:<\/h3>\n<p>Europejski podwieszany w\u00f3zek ko\u0144cowy \u017curawia jest wydajnym, kompaktowym i wysoce elastycznym komponentem idealnym do szerokiego zakresu zastosowa\u0144 przemys\u0142owych. Konstrukcja zawieszenia oferuje szereg korzy\u015bci, w tym oszcz\u0119dno\u015b\u0107 miejsca, p\u0142ynn\u0105 prac\u0119 i wysok\u0105 precyzj\u0119. Chocia\u017c pocz\u0105tkowe wymagania inwestycyjne i konserwacyjne mog\u0105 by\u0107 wy\u017csze ni\u017c w przypadku tradycyjnych w\u00f3zk\u00f3w ko\u0144cowych, d\u0142ugoterminowe korzy\u015bci, takie jak oszcz\u0119dno\u015b\u0107 energii, zwi\u0119kszona elastyczno\u015b\u0107 i mniejsze zu\u017cycie, sprawiaj\u0105, \u017ce jest to bardzo odpowiedni wyb\u00f3r dla obiekt\u00f3w o wymagaj\u0105cych potrzebach operacyjnych.<\/p>\n<h3><strong><span style=\"font-family: arial, helvetica, sans-serif; font-size: 18pt;\">1.DU10 3.2t W\u00f3zek ko\u0144cowy \u017curawia podwieszanego<\/span><\/strong><\/h3>\n<p><img fetchpriority=\"high\" decoding=\"async\" class=\"alignnone wp-image-7002\" src=\"https:\/\/www.hnhlcranes.com\/wp-content\/uploads\/2024\/12\/European-Suspension-crane-end-carriage-3.2t-300x211.jpg\" alt=\"\" width=\"899\" height=\"632\" srcset=\"https:\/\/www.hnhlcranes.com\/wp-content\/uploads\/2024\/12\/European-Suspension-crane-end-carriage-3.2t-300x211.jpg 300w, https:\/\/www.hnhlcranes.com\/wp-content\/uploads\/2024\/12\/European-Suspension-crane-end-carriage-3.2t-768x540.jpg 768w, https:\/\/www.hnhlcranes.com\/wp-content\/uploads\/2024\/12\/European-Suspension-crane-end-carriage-3.2t-600x422.jpg 600w, https:\/\/www.hnhlcranes.com\/wp-content\/uploads\/2024\/12\/European-Suspension-crane-end-carriage-3.2t.jpg 1000w\" sizes=\"(max-width: 899px) 100vw, 899px\" \/><\/p>\n<p>&nbsp;<\/p>\n<p>\u2460 bufor<i>\uff1b<\/i>\u2461Belka ko\u0144cowa<i>\uff1b<\/i>Ko\u0142a<i>(dysk)<\/i><i>\uff1b<\/i>Ko\u0142a<i>(bezczynno\u015b\u0107)<\/i><i>\uff1b<\/i>Ko\u0142a<i>(bieg ja\u0142owy lub jazda)<\/i><\/p>\n<p>&nbsp;<\/p>\n<h3><strong><span style=\"font-family: arial, helvetica, sans-serif; font-size: 18pt;\">2.DU13 5t W\u00f3zek ko\u0144cowy \u017curawia podwieszanego<\/span><\/strong><\/h3>\n<p><img decoding=\"async\" class=\"alignnone wp-image-7003\" src=\"https:\/\/www.hnhlcranes.com\/wp-content\/uploads\/2024\/12\/European-Suspension-crane-end-carriage-5t-300x226.jpg\" alt=\"\" width=\"901\" height=\"679\" srcset=\"https:\/\/www.hnhlcranes.com\/wp-content\/uploads\/2024\/12\/European-Suspension-crane-end-carriage-5t-300x226.jpg 300w, https:\/\/www.hnhlcranes.com\/wp-content\/uploads\/2024\/12\/European-Suspension-crane-end-carriage-5t-768x578.jpg 768w, https:\/\/www.hnhlcranes.com\/wp-content\/uploads\/2024\/12\/European-Suspension-crane-end-carriage-5t-600x451.jpg 600w, https:\/\/www.hnhlcranes.com\/wp-content\/uploads\/2024\/12\/European-Suspension-crane-end-carriage-5t.jpg 1000w\" sizes=\"(max-width: 901px) 100vw, 901px\" \/><\/p>\n<p>&nbsp;<\/p>\n<p>\u2460 bufor<i>\uff1b<\/i>\u2461Belka ko\u0144cowa<i>\uff1b<\/i>Ko\u0142a<i>(nap\u0119d)\uff1b<\/i>Ko\u0142a<i>(bezczynno\u015b\u0107)\uff1b<\/i>Ko\u0142a<i>(bieg ja\u0142owy lub jazda)<\/i><\/p>\n<p>&nbsp;<\/p>\n<h3><strong><span style=\"font-family: arial, helvetica, sans-serif; font-size: 18pt;\">3.DU16 10t W\u00f3zek ko\u0144cowy \u017curawia podwieszanego<\/span><\/strong><\/h3>\n<p><img decoding=\"async\" class=\"alignnone wp-image-7004\" src=\"https:\/\/www.hnhlcranes.com\/wp-content\/uploads\/2024\/12\/European-Suspension-crane-end-carriage-10t-300x216.jpg\" alt=\"\" width=\"900\" height=\"648\" srcset=\"https:\/\/www.hnhlcranes.com\/wp-content\/uploads\/2024\/12\/European-Suspension-crane-end-carriage-10t-300x216.jpg 300w, https:\/\/www.hnhlcranes.com\/wp-content\/uploads\/2024\/12\/European-Suspension-crane-end-carriage-10t-768x553.jpg 768w, https:\/\/www.hnhlcranes.com\/wp-content\/uploads\/2024\/12\/European-Suspension-crane-end-carriage-10t-600x432.jpg 600w, https:\/\/www.hnhlcranes.com\/wp-content\/uploads\/2024\/12\/European-Suspension-crane-end-carriage-10t.jpg 1000w\" sizes=\"(max-width: 900px) 100vw, 900px\" \/><\/p>\n<p>\u2460 bufor<i>\uff1b<\/i>\u2461Belka ko\u0144cowa<i>\uff1b<\/i>Ko\u0142a<i>(nap\u0119d)\uff1b<\/i>Ko\u0142a<i>(bezczynno\u015b\u0107)\uff1b<\/i>Ko\u0142a<i>(bieg ja\u0142owy lub jazda)<\/i><\/p>","protected":false},"excerpt":{"rendered":"<h6><strong><span style=\"font-family: arial, helvetica, sans-serif; font-size: 14pt;\">Specyfikacje europejskiego w\u00f3zka ko\u0144cowego \u017curawia podwieszanego<\/span><\/strong><\/h6>\n<ul>\n<li><strong>Modele<\/strong>DU10,DU13,DU16<\/li>\n<li><strong>Materia\u0142 ko\u0142a<\/strong>: 40Cr<\/li>\n<li><strong>Rodzaje po\u0142\u0105cze\u0144 k\u00f3\u0142<\/strong>: sprz\u0119t<\/li>\n<li><strong>Dopasowana forma toru:<\/strong> Belka dwuteowa, belka dwuteowa<\/li>\n<\/ul>","protected":false},"featured_media":6999,"template":"","meta":{"_kad_post_transparent":"default","_kad_post_title":"","_kad_post_layout":"default","_kad_post_sidebar_id":"","_kad_post_content_style":"default","_kad_post_vertical_padding":"show","_kad_post_feature":"","_kad_post_feature_position":"","_kad_post_header":false,"_kad_post_footer":false},"product_brand":[],"product_cat":[62,61],"product_tag":[376,443,445,456,442,450,454,453,447,441,451,455,446,440,448,444,452,449],"class_list":{"0":"post-5659","1":"product","2":"type-product","3":"status-publish","4":"has-post-thumbnail","6":"product_cat-crane-end-carriage","7":"product_cat-european-crane-parts","8":"product_tag-china-crane-parts-supplier","9":"product_tag-crane-end-beam","10":"product_tag-crane-end-beam-manufacturer","11":"product_tag-crane-end-carriage","12":"product_tag-end-carriage","13":"product_tag-end-carriages","14":"product_tag-european-double-girder-crane-end-carriage","15":"product_tag-european-single-girder-crane-end-carriage","16":"product_tag-european-style-hoist-double-beam-crane-end-beam","17":"product_tag-european-style-single-beam-crane-end-carriage","18":"product_tag-european-style-suspended-single-beam-crane-end-beam","19":"product_tag-european-suspension-crane-end-carriage","20":"product_tag-fem-double-girder-crane-end-carriages","21":"product_tag-fem-single-girder-crane-end-carriage","22":"product_tag-fem-suspension-crane-end-carriage","23":"product_tag-fen-din-european-style-single-beam-crane-end-carriage","24":"product_tag-fen-din-suspension-crane-end-beam","25":"product_tag-suspension-crane-end-beam","27":"first","28":"instock","29":"shipping-taxable","30":"product-type-simple","31":"entry","32":"content-bg","33":"loop-entry"},"yoast_head":"<!-- This site is optimized with the Yoast SEO plugin v24.5 - https:\/\/yoast.com\/wordpress\/plugins\/seo\/ -->\n<title>European Suspension crane end carriage - Suspension end beamCrane Parts Manufacturer<\/title>\n<meta name=\"description\" content=\"Suspension crane end beam,European style suspended single beam crane end beam,FEN\/DIN Suspension crane end beam,European Suspension crane end carriage\" \/>\n<meta name=\"robots\" content=\"index, follow, max-snippet:-1, max-image-preview:large, max-video-preview:-1\" \/>\n<link rel=\"canonical\" href=\"https:\/\/www.hnhlcranes.com\/pl\/produkt\/europejski-wozek-koncowy-zurawia-podwieszanego\/\" \/>\n<meta property=\"og:locale\" content=\"pl_PL\" \/>\n<meta property=\"og:type\" content=\"article\" \/>\n<meta property=\"og:title\" content=\"European Suspension crane end carriage - Suspension end beamCrane Parts Manufacturer\" \/>\n<meta property=\"og:description\" content=\"Suspension crane end beam,European style suspended single beam crane end beam,FEN\/DIN Suspension crane end beam,European Suspension crane end carriage\" \/>\n<meta property=\"og:url\" content=\"https:\/\/www.hnhlcranes.com\/pl\/produkt\/europejski-wozek-koncowy-zurawia-podwieszanego\/\" \/>\n<meta property=\"og:site_name\" content=\"Crane Parts Manufacturer\" \/>\n<meta property=\"article:modified_time\" content=\"2025-01-07T17:06:53+00:00\" \/>\n<meta property=\"og:image\" content=\"https:\/\/www.hnhlcranes.com\/wp-content\/uploads\/2024\/12\/European-Suspension-crane-end-carriage.jpg\" \/>\n\t<meta property=\"og:image:width\" content=\"600\" \/>\n\t<meta property=\"og:image:height\" content=\"600\" \/>\n\t<meta property=\"og:image:type\" content=\"image\/jpeg\" \/>\n<meta name=\"twitter:card\" content=\"summary_large_image\" \/>\n<meta name=\"twitter:label1\" content=\"Szacowany czas czytania\" \/>\n\t<meta name=\"twitter:data1\" content=\"4 minuty\" \/>\n<script type=\"application\/ld+json\" class=\"yoast-schema-graph\">{\"@context\":\"https:\/\/schema.org\",\"@graph\":[{\"@type\":\"WebPage\",\"@id\":\"https:\/\/www.hnhlcranes.com\/product\/european-suspension-crane-end-carriage\/\",\"url\":\"https:\/\/www.hnhlcranes.com\/product\/european-suspension-crane-end-carriage\/\",\"name\":\"European Suspension crane end carriage - Suspension end beamCrane Parts Manufacturer\",\"isPartOf\":{\"@id\":\"https:\/\/www.hnhlcranes.com\/#website\"},\"primaryImageOfPage\":{\"@id\":\"https:\/\/www.hnhlcranes.com\/product\/european-suspension-crane-end-carriage\/#primaryimage\"},\"image\":{\"@id\":\"https:\/\/www.hnhlcranes.com\/product\/european-suspension-crane-end-carriage\/#primaryimage\"},\"thumbnailUrl\":\"https:\/\/www.hnhlcranes.com\/wp-content\/uploads\/2024\/12\/European-Suspension-crane-end-carriage.jpg\",\"datePublished\":\"2024-12-03T09:07:45+00:00\",\"dateModified\":\"2025-01-07T17:06:53+00:00\",\"description\":\"Suspension crane end beam,European style suspended single beam crane end beam,FEN\/DIN Suspension crane end beam,European Suspension crane end carriage\",\"breadcrumb\":{\"@id\":\"https:\/\/www.hnhlcranes.com\/product\/european-suspension-crane-end-carriage\/#breadcrumb\"},\"inLanguage\":\"pl-PL\",\"potentialAction\":[{\"@type\":\"ReadAction\",\"target\":[\"https:\/\/www.hnhlcranes.com\/product\/european-suspension-crane-end-carriage\/\"]}]},{\"@type\":\"ImageObject\",\"inLanguage\":\"pl-PL\",\"@id\":\"https:\/\/www.hnhlcranes.com\/product\/european-suspension-crane-end-carriage\/#primaryimage\",\"url\":\"https:\/\/www.hnhlcranes.com\/wp-content\/uploads\/2024\/12\/European-Suspension-crane-end-carriage.jpg\",\"contentUrl\":\"https:\/\/www.hnhlcranes.com\/wp-content\/uploads\/2024\/12\/European-Suspension-crane-end-carriage.jpg\",\"width\":600,\"height\":600},{\"@type\":\"BreadcrumbList\",\"@id\":\"https:\/\/www.hnhlcranes.com\/product\/european-suspension-crane-end-carriage\/#breadcrumb\",\"itemListElement\":[{\"@type\":\"ListItem\",\"position\":1,\"name\":\"home\",\"item\":\"https:\/\/www.hnhlcranes.com\/\"},{\"@type\":\"ListItem\",\"position\":2,\"name\":\"products\",\"item\":\"https:\/\/www.hnhlcranes.com\/products\/\"},{\"@type\":\"ListItem\",\"position\":3,\"name\":\"European Suspension crane end carriage\"}]},{\"@type\":\"WebSite\",\"@id\":\"https:\/\/www.hnhlcranes.com\/#website\",\"url\":\"https:\/\/www.hnhlcranes.com\/\",\"name\":\"Crane Parts Manufacturer\",\"description\":\"Crane Wheels,Crane Drums,Crane Hooks,Crane Coupling,Crane End Carriage,Electric Hoist,European Crane Parts,Crane Rail Clip,Crane Spreader,Crane Motor,Crane Reducer,Crane Brake,Light Crane Parts,Workstation Crane Parts,Crane Electrical Parts,China Crane Parts Supplier,China Crane Parts Manufacturer,Angle box type crane wheel,45 degree split crane wheel,European crane wheel,Crane Wheel Blocks,Overhead crane drum,European crane drum,Overhead crane hook,European crane hook,Crane pulley block,Gear coupling,Brake wheel coupling,Drum gear coupling,Brake wheel drum gear coupling,Cardan Shaft Coupling,WZL drum coupling,Plum blossom elastic coupling,Brake wheel plum elastic coupling,European Single girder crane end carriage,European Double girder crane end carriage,European Suspension  crane end carriage,Wire Rope Electric Hoist,Electric Chain Hoist,European Single Girder Wire Rope Electric Hoist,European Double Girder Wire Rope Electric Hoist,Crane grab,Container spreader,Billet crane clamps,C-type hook,Lifting Electromagnet,YZR crane motor,YZP crane motor,ZQ Reducer,ZSC Reducer,QJ Reducer,QJ-L Reducer,QJY Reducer,H series gearbox,F Series Gear Motor,K Series Gear Motor,R Series Gear Motor,travelling machinery gear motor,Electro hydraulic drum brake,Electro hydraulic disc brake,Crane Safety brake,Crane cable trolley,Crane remote controller,Crane pendant controller,Crane electrical control cabinet,Crane limit switch,Crane sound and light alarm,Heavy Duty Aviation Connector,Crane overload limiter\",\"publisher\":{\"@id\":\"https:\/\/www.hnhlcranes.com\/#organization\"},\"potentialAction\":[{\"@type\":\"SearchAction\",\"target\":{\"@type\":\"EntryPoint\",\"urlTemplate\":\"https:\/\/www.hnhlcranes.com\/?s={search_term_string}\"},\"query-input\":{\"@type\":\"PropertyValueSpecification\",\"valueRequired\":true,\"valueName\":\"search_term_string\"}}],\"inLanguage\":\"pl-PL\"},{\"@type\":\"Organization\",\"@id\":\"https:\/\/www.hnhlcranes.com\/#organization\",\"name\":\"Crane Parts Manufacturer\",\"url\":\"https:\/\/www.hnhlcranes.com\/\",\"logo\":{\"@type\":\"ImageObject\",\"inLanguage\":\"pl-PL\",\"@id\":\"https:\/\/www.hnhlcranes.com\/#\/schema\/logo\/image\/\",\"url\":\"https:\/\/www.hnhlcranes.com\/wp-content\/uploads\/2025\/01\/HL-logo-1.png\",\"contentUrl\":\"https:\/\/www.hnhlcranes.com\/wp-content\/uploads\/2025\/01\/HL-logo-1.png\",\"width\":600,\"height\":169,\"caption\":\"Crane Parts Manufacturer\"},\"image\":{\"@id\":\"https:\/\/www.hnhlcranes.com\/#\/schema\/logo\/image\/\"}}]}<\/script>\n<!-- \/ Yoast SEO plugin. -->","yoast_head_json":{"title":"European Suspension crane end carriage - Suspension end beamCrane Parts Manufacturer","description":"Suspension crane end beam,European style suspended single beam crane end beam,FEN\/DIN Suspension crane end beam,European Suspension crane end carriage","robots":{"index":"index","follow":"follow","max-snippet":"max-snippet:-1","max-image-preview":"max-image-preview:large","max-video-preview":"max-video-preview:-1"},"canonical":"https:\/\/www.hnhlcranes.com\/pl\/produkt\/europejski-wozek-koncowy-zurawia-podwieszanego\/","og_locale":"pl_PL","og_type":"article","og_title":"European Suspension crane end carriage - Suspension end beamCrane Parts Manufacturer","og_description":"Suspension crane end beam,European style suspended single beam crane end beam,FEN\/DIN Suspension crane end beam,European Suspension crane end carriage","og_url":"https:\/\/www.hnhlcranes.com\/pl\/produkt\/europejski-wozek-koncowy-zurawia-podwieszanego\/","og_site_name":"Crane Parts Manufacturer","article_modified_time":"2025-01-07T17:06:53+00:00","og_image":[{"width":600,"height":600,"url":"https:\/\/www.hnhlcranes.com\/wp-content\/uploads\/2024\/12\/European-Suspension-crane-end-carriage.jpg","type":"image\/jpeg"}],"twitter_card":"summary_large_image","twitter_misc":{"Szacowany czas czytania":"4 minuty"},"schema":{"@context":"https:\/\/schema.org","@graph":[{"@type":"WebPage","@id":"https:\/\/www.hnhlcranes.com\/product\/european-suspension-crane-end-carriage\/","url":"https:\/\/www.hnhlcranes.com\/product\/european-suspension-crane-end-carriage\/","name":"European Suspension crane end carriage - Suspension end beamCrane Parts Manufacturer","isPartOf":{"@id":"https:\/\/www.hnhlcranes.com\/#website"},"primaryImageOfPage":{"@id":"https:\/\/www.hnhlcranes.com\/product\/european-suspension-crane-end-carriage\/#primaryimage"},"image":{"@id":"https:\/\/www.hnhlcranes.com\/product\/european-suspension-crane-end-carriage\/#primaryimage"},"thumbnailUrl":"https:\/\/www.hnhlcranes.com\/wp-content\/uploads\/2024\/12\/European-Suspension-crane-end-carriage.jpg","datePublished":"2024-12-03T09:07:45+00:00","dateModified":"2025-01-07T17:06:53+00:00","description":"Suspension crane end beam,European style suspended single beam crane end beam,FEN\/DIN Suspension crane end beam,European Suspension crane end carriage","breadcrumb":{"@id":"https:\/\/www.hnhlcranes.com\/product\/european-suspension-crane-end-carriage\/#breadcrumb"},"inLanguage":"pl-PL","potentialAction":[{"@type":"ReadAction","target":["https:\/\/www.hnhlcranes.com\/product\/european-suspension-crane-end-carriage\/"]}]},{"@type":"ImageObject","inLanguage":"pl-PL","@id":"https:\/\/www.hnhlcranes.com\/product\/european-suspension-crane-end-carriage\/#primaryimage","url":"https:\/\/www.hnhlcranes.com\/wp-content\/uploads\/2024\/12\/European-Suspension-crane-end-carriage.jpg","contentUrl":"https:\/\/www.hnhlcranes.com\/wp-content\/uploads\/2024\/12\/European-Suspension-crane-end-carriage.jpg","width":600,"height":600},{"@type":"BreadcrumbList","@id":"https:\/\/www.hnhlcranes.com\/product\/european-suspension-crane-end-carriage\/#breadcrumb","itemListElement":[{"@type":"ListItem","position":1,"name":"home","item":"https:\/\/www.hnhlcranes.com\/"},{"@type":"ListItem","position":2,"name":"products","item":"https:\/\/www.hnhlcranes.com\/products\/"},{"@type":"ListItem","position":3,"name":"European Suspension crane end carriage"}]},{"@type":"WebSite","@id":"https:\/\/www.hnhlcranes.com\/#website","url":"https:\/\/www.hnhlcranes.com\/","name":"Crane Parts Manufacturer","description":"Crane Wheels,Crane Drums,Crane Hooks,Crane Coupling,Crane End Carriage,Electric Hoist,European Crane Parts,Crane Rail Clip,Crane Spreader,Crane Motor,Crane Reducer,Crane Brake,Light Crane Parts,Workstation Crane Parts,Crane Electrical Parts,China Crane Parts Supplier,China Crane Parts Manufacturer,Angle box type crane wheel,45 degree split crane wheel,European crane wheel,Crane Wheel Blocks,Overhead crane drum,European crane drum,Overhead crane hook,European crane hook,Crane pulley block,Gear coupling,Brake wheel coupling,Drum gear coupling,Brake wheel drum gear coupling,Cardan Shaft Coupling,WZL drum coupling,Plum blossom elastic coupling,Brake wheel plum elastic coupling,European Single girder crane end carriage,European Double girder crane end carriage,European Suspension  crane end carriage,Wire Rope Electric Hoist,Electric Chain Hoist,European Single Girder Wire Rope Electric Hoist,European Double Girder Wire Rope Electric Hoist,Crane grab,Container spreader,Billet crane clamps,C-type hook,Lifting Electromagnet,YZR crane motor,YZP crane motor,ZQ Reducer,ZSC Reducer,QJ Reducer,QJ-L Reducer,QJY Reducer,H series gearbox,F Series Gear Motor,K Series Gear Motor,R Series Gear Motor,travelling machinery gear motor,Electro hydraulic drum brake,Electro hydraulic disc brake,Crane Safety brake,Crane cable trolley,Crane remote controller,Crane pendant controller,Crane electrical control cabinet,Crane limit switch,Crane sound and light alarm,Heavy Duty Aviation Connector,Crane overload limiter","publisher":{"@id":"https:\/\/www.hnhlcranes.com\/#organization"},"potentialAction":[{"@type":"SearchAction","target":{"@type":"EntryPoint","urlTemplate":"https:\/\/www.hnhlcranes.com\/?s={search_term_string}"},"query-input":{"@type":"PropertyValueSpecification","valueRequired":true,"valueName":"search_term_string"}}],"inLanguage":"pl-PL"},{"@type":"Organization","@id":"https:\/\/www.hnhlcranes.com\/#organization","name":"Crane Parts Manufacturer","url":"https:\/\/www.hnhlcranes.com\/","logo":{"@type":"ImageObject","inLanguage":"pl-PL","@id":"https:\/\/www.hnhlcranes.com\/#\/schema\/logo\/image\/","url":"https:\/\/www.hnhlcranes.com\/wp-content\/uploads\/2025\/01\/HL-logo-1.png","contentUrl":"https:\/\/www.hnhlcranes.com\/wp-content\/uploads\/2025\/01\/HL-logo-1.png","width":600,"height":169,"caption":"Crane Parts Manufacturer"},"image":{"@id":"https:\/\/www.hnhlcranes.com\/#\/schema\/logo\/image\/"}}]}},"_links":{"self":[{"href":"https:\/\/www.hnhlcranes.com\/pl\/wp-json\/wp\/v2\/product\/5659","targetHints":{"allow":["GET"]}}],"collection":[{"href":"https:\/\/www.hnhlcranes.com\/pl\/wp-json\/wp\/v2\/product"}],"about":[{"href":"https:\/\/www.hnhlcranes.com\/pl\/wp-json\/wp\/v2\/types\/product"}],"version-history":[{"count":6,"href":"https:\/\/www.hnhlcranes.com\/pl\/wp-json\/wp\/v2\/product\/5659\/revisions"}],"predecessor-version":[{"id":7008,"href":"https:\/\/www.hnhlcranes.com\/pl\/wp-json\/wp\/v2\/product\/5659\/revisions\/7008"}],"wp:featuredmedia":[{"embeddable":true,"href":"https:\/\/www.hnhlcranes.com\/pl\/wp-json\/wp\/v2\/media\/6999"}],"wp:attachment":[{"href":"https:\/\/www.hnhlcranes.com\/pl\/wp-json\/wp\/v2\/media?parent=5659"}],"wp:term":[{"taxonomy":"product_brand","embeddable":true,"href":"https:\/\/www.hnhlcranes.com\/pl\/wp-json\/wp\/v2\/product_brand?post=5659"},{"taxonomy":"product_cat","embeddable":true,"href":"https:\/\/www.hnhlcranes.com\/pl\/wp-json\/wp\/v2\/product_cat?post=5659"},{"taxonomy":"product_tag","embeddable":true,"href":"https:\/\/www.hnhlcranes.com\/pl\/wp-json\/wp\/v2\/product_tag?post=5659"}],"curies":[{"name":"wp","href":"https:\/\/api.w.org\/{rel}","templated":true}]}}