{"id":5728,"date":"2024-12-05T22:19:32","date_gmt":"2024-12-05T14:19:32","guid":{"rendered":"https:\/\/www.hnhlcranes.com\/?post_type=product&#038;p=5728"},"modified":"2025-01-14T23:58:21","modified_gmt":"2025-01-14T15:58:21","slug":"wozek-kablowy-dzwigu","status":"publish","type":"product","link":"https:\/\/www.hnhlcranes.com\/pl\/produkt\/wozek-kablowy-dzwigu\/","title":{"rendered":"W\u00f3zek kablowy d\u017awigu"},"content":{"rendered":"<div class=\"flex max-w-full flex-col flex-grow\">\n<div class=\"min-h-8 text-message flex w-full flex-col items-end gap-2 whitespace-normal break-words [.text-message+&amp;]:mt-5\" dir=\"auto\" data-message-author-role=\"assistant\" data-message-id=\"d22886da-3fb2-45fa-876a-33dd54db9fd5\" data-message-model-slug=\"gpt-4o\">\n<div class=\"flex w-full flex-col gap-1 empty:hidden first:pt-[3px]\">\n<div class=\"markdown prose w-full break-words dark:prose-invert light\">\n<h3>Przegl\u0105d w\u00f3zk\u00f3w kablowych GHC Crane<\/h3>\n<p>W\u00f3zek kablowy GHC Crane dzia\u0142a jako aktywny system zasilania dla w\u00f3zk\u00f3w suwnicowych. Sk\u0142ada si\u0119 z k\u00f3\u0142, wspornik\u00f3w i p\u0142yt wsporczych, kt\u00f3re bezpiecznie utrzymuj\u0105 mi\u0119kkie kable na miejscu. Synchronizuj\u0105c ram\u0119 trakcyjn\u0105 z w\u00f3zkiem kablowym, skutecznie dostarcza on moc do \u017curawia.<\/p>\n<h3>Cechy i rodzaje<\/h3>\n<p>Aby zapewni\u0107 wszechstronno\u015b\u0107, seria w\u00f3zk\u00f3w kablowych GHC Crane oferuje lekkie, \u015brednie i ci\u0119\u017ckie typy. Ponadto w\u00f3zki s\u0105 wyposa\u017cone w ko\u0142a jezdne o trzech \u015brednicach: \u03a680, \u03a663 i \u03a650. Ud\u017awig w\u00f3zk\u00f3w jest r\u00f3\u017cny i waha si\u0119 od mniej ni\u017c 50 kg do 150 kg. Ponadto ka\u017cdy typ jest dost\u0119pny w r\u00f3\u017cnych konfiguracjach w zale\u017cno\u015bci od liczby warstw p\u0142yty no\u015bnej: jednowarstwowej, dwuwarstwowej lub tr\u00f3jwarstwowej.<\/p>\n<h3>Konfiguracje i modele<\/h3>\n<p>W\u00f3zki te s\u0105 dost\u0119pne w trzech g\u0142\u00f3wnych konfiguracjach: W\u00f3zek wiod\u0105cy s\u0142u\u017cy jako w\u00f3zek trakcji kablowej, jednostka ko\u0144cowa funkcjonuje jako sta\u0142y wspornik zawieszenia, a jednostki po\u015brednie dzia\u0142aj\u0105 jako w\u00f3zki kablowe. W szczeg\u00f3lno\u015bci seria obejmuje pi\u0119\u0107 modeli: I, II, III, IV i V.<\/p>\n<h3>Personalizacja<\/h3>\n<p>W przypadku u\u017cytkownik\u00f3w wymagaj\u0105cych okre\u015blonych belek dwuteowych, takich jak rozmiary 12#, 14#, 16# lub wi\u0119ksze, opcje dostosowywania s\u0105 dost\u0119pne podczas procesu zamawiania.<\/p>\n<h6><strong><span style=\"font-family: arial, helvetica, sans-serif; font-size: 18pt;\">Specyfikacje w\u00f3zka kablowego GHC Crane<\/span><\/strong><\/h6>\n<table style=\"width: 100%; border-style: solid; border-color: #000000;\" border=\"1\" cellspacing=\"0.5\">\n<thead>\n<tr>\n<th style=\"text-align: center;\">Typ<\/th>\n<th style=\"text-align: center;\">A<\/th>\n<th style=\"text-align: center;\">a<\/th>\n<th style=\"text-align: center;\">B<\/th>\n<th style=\"text-align: center;\">I<\/th>\n<th style=\"text-align: center;\">L<\/th>\n<th style=\"text-align: center;\">l<\/th>\n<th style=\"text-align: center;\">R<\/th>\n<th style=\"text-align: center;\">Waga (kg)<\/th>\n<\/tr>\n<\/thead>\n<tbody>\n<tr>\n<td style=\"text-align: center;\">GHC-I 10#<\/td>\n<td style=\"text-align: center;\">170<\/td>\n<td style=\"text-align: center;\">72<\/td>\n<td style=\"text-align: center;\">195<\/td>\n<td style=\"text-align: center;\">110<\/td>\n<td style=\"text-align: center;\">145<\/td>\n<td style=\"text-align: center;\">110<\/td>\n<td style=\"text-align: center;\">50<\/td>\n<td style=\"text-align: center;\">2.84<\/td>\n<\/tr>\n<tr>\n<td style=\"text-align: center;\">GHC-II 10#<\/td>\n<td style=\"text-align: center;\">240<\/td>\n<td style=\"text-align: center;\">135<\/td>\n<td style=\"text-align: center;\">245<\/td>\n<td style=\"text-align: center;\">120<\/td>\n<td style=\"text-align: center;\">220<\/td>\n<td style=\"text-align: center;\">135<\/td>\n<td style=\"text-align: center;\">60<\/td>\n<td style=\"text-align: center;\">5.88<\/td>\n<\/tr>\n<tr>\n<td style=\"text-align: center;\">GHC-III 10#<\/td>\n<td style=\"text-align: center;\">240<\/td>\n<td style=\"text-align: center;\">135<\/td>\n<td style=\"text-align: center;\">285<\/td>\n<td style=\"text-align: center;\">130<\/td>\n<td style=\"text-align: center;\">260<\/td>\n<td style=\"text-align: center;\">180<\/td>\n<td style=\"text-align: center;\">80<\/td>\n<td style=\"text-align: center;\">7.09<\/td>\n<\/tr>\n<tr>\n<td style=\"text-align: center;\">GHC-IV 10#<\/td>\n<td style=\"text-align: center;\">320<\/td>\n<td style=\"text-align: center;\">200<\/td>\n<td style=\"text-align: center;\">315<\/td>\n<td style=\"text-align: center;\">130<\/td>\n<td style=\"text-align: center;\">300<\/td>\n<td style=\"text-align: center;\">200<\/td>\n<td style=\"text-align: center;\">95<\/td>\n<td style=\"text-align: center;\">7.33<\/td>\n<\/tr>\n<tr>\n<td style=\"text-align: center;\">GHC-V 10#<\/td>\n<td style=\"text-align: center;\">420<\/td>\n<td style=\"text-align: center;\">200<\/td>\n<td style=\"text-align: center;\">350<\/td>\n<td style=\"text-align: center;\">150<\/td>\n<td style=\"text-align: center;\">360<\/td>\n<td style=\"text-align: center;\">260<\/td>\n<td style=\"text-align: center;\">120<\/td>\n<td style=\"text-align: center;\">8.35<\/td>\n<\/tr>\n<\/tbody>\n<\/table>\n<h3>Instrukcja monta\u017cu w\u00f3zka kablowego d\u017awigu<\/h3>\n<ul>\n<li><strong>Zainstaluj sta\u0142y wspornik zawieszenia:<\/strong> Rozpocznij od zamontowania sta\u0142ego wspornika zawieszenia. Nast\u0119pnie przyspawaj \u017celazn\u0105 zatyczk\u0119 z ty\u0142u dla dodatkowego zabezpieczenia, zapewniaj\u0105c, \u017ce wspornik pozostanie na swoim miejscu.<\/li>\n<li><strong>Wyreguluj g\u0142owic\u0119 trakcyjn\u0105:<\/strong> Nast\u0119pnie nale\u017cy wyregulowa\u0107 g\u0142owic\u0119 trakcyjn\u0105, aby zapobiec uderzaniu w\u00f3zka o kraw\u0119dzie otworu trakcyjnego podczas pracy. Regulacja ta zapewnia p\u0142ynny ruch i pozwala unikn\u0105\u0107 potencjalnych uszkodze\u0144.<\/li>\n<li><strong>Zapewnij odpowiedni\u0105 d\u0142ugo\u015b\u0107 kabla:<\/strong> Upewnij si\u0119, \u017ce d\u0142ugo\u015b\u0107 liny jest 1,2 razy wi\u0119ksza od rozpi\u0119to\u015bci \u017curawia plus 8 metr\u00f3w. D\u0142ugo\u015b\u0107 ta jest niezb\u0119dna do bezpiecznej i wydajnej pracy.<\/li>\n<li><strong>Modyfikacja d\u0142ugo\u015bci stalowego drutu trakcyjnego:<\/strong> Wyreguluj d\u0142ugo\u015b\u0107 stalowej linki trakcyjnej tak, aby by\u0142a kr\u00f3tsza ni\u017c odcinki kabla. Pozwoli to stalowej lince przenie\u015b\u0107 obci\u0105\u017cenie robocze, zapobiegaj\u0105c nadmiernemu napr\u0119\u017ceniu kabli.<\/li>\n<li><strong>Obs\u0142uga kabli o r\u00f3\u017cnych \u015brednicach:<\/strong> W przypadku kabli o r\u00f3\u017cnych \u015brednicach nale\u017cy umie\u015bci\u0107 mi\u0119kkie gumowe podk\u0142adki mi\u0119dzy zaciskami kablowymi. Ten krok zapewnia jednolit\u0105 \u015brednic\u0119 zewn\u0119trzn\u0105, co gwarantuje bezpieczne i szczelne dopasowanie.<\/li>\n<li><strong>R\u00f3wnomierne roz\u0142o\u017cenie obci\u0105\u017cenia kabla:<\/strong> Roz\u0142\u00f3\u017c obci\u0105\u017cenie kabla r\u00f3wnomiernie po obu stronach p\u0142yt no\u015bnych, aby utrzyma\u0107 zr\u00f3wnowa\u017cone napr\u0119\u017cenie i zapobiec potencjalnym uszkodzeniom lub zu\u017cyciu.<\/li>\n<li><strong>R\u00f3wnowaga obci\u0105\u017cenia w w\u00f3zkach wielowarstwowych:<\/strong> W przypadku korzystania z dwuwarstwowych lub tr\u00f3jwarstwowych w\u00f3zk\u00f3w kablowych nale\u017cy stosowa\u0107 te same zasady wywa\u017cania. Zapewnia to r\u00f3wnomierne roz\u0142o\u017cenie obci\u0105\u017cenia, co sprzyja stabilno\u015bci podczas pracy.<\/li>\n<li><strong>Regulacja za pomoc\u0105 podw\u00f3jnych podk\u0142adek:<\/strong> U\u017cyj podw\u00f3jnych podk\u0142adek na zespole w\u00f3zka jako podk\u0142adek regulacyjnych. Je\u015bli rozstaw k\u00f3\u0142 jest nieodpowiedni, nale\u017cy umie\u015bci\u0107 podk\u0142adki wewn\u0105trz nieruchomych p\u0142yt, aby prawid\u0142owo ustawi\u0107 rozstaw k\u00f3\u0142.<\/li>\n<\/ul>\n<\/div>\n<\/div>\n<\/div>\n<\/div>\n<div class=\"flex max-w-full flex-col flex-grow\">\n<div class=\"min-h-8 text-message flex w-full flex-col items-end gap-2 whitespace-normal break-words [.text-message+&amp;]:mt-5\" dir=\"auto\" data-message-author-role=\"assistant\" data-message-id=\"c8d7d5a5-db5c-4384-9025-33dbfdf6a310\" data-message-model-slug=\"gpt-4o\">\n<div class=\"flex w-full flex-col gap-1 empty:hidden first:pt-[3px]\">\n<div class=\"markdown prose w-full break-words dark:prose-invert light\">\n<p><img fetchpriority=\"high\" decoding=\"async\" class=\"alignnone wp-image-7446\" src=\"https:\/\/www.hnhlcranes.com\/wp-content\/uploads\/2024\/12\/Crane-cable-trolley-5-300x115.jpg\" alt=\"\" width=\"900\" height=\"345\" srcset=\"https:\/\/www.hnhlcranes.com\/wp-content\/uploads\/2024\/12\/Crane-cable-trolley-5-300x115.jpg 300w, https:\/\/www.hnhlcranes.com\/wp-content\/uploads\/2024\/12\/Crane-cable-trolley-5-768x294.jpg 768w, https:\/\/www.hnhlcranes.com\/wp-content\/uploads\/2024\/12\/Crane-cable-trolley-5-600x230.jpg 600w, https:\/\/www.hnhlcranes.com\/wp-content\/uploads\/2024\/12\/Crane-cable-trolley-5.jpg 900w\" sizes=\"(max-width: 900px) 100vw, 900px\" \/><\/p>\n<\/div>\n<\/div>\n<\/div>\n<\/div>\n<p>&nbsp;<\/p>","protected":false},"excerpt":{"rendered":"<h6><strong><span style=\"font-family: arial, helvetica, sans-serif; font-size: 14pt;\">W\u00f3zek kablowy GHC Crane Kluczowe parametry:<\/span><\/strong><\/h6>\n<ul>\n<li><strong>Modele:<\/strong> GHC-I, GHC-II, GHC-III, GHC-IV, GHC-V<\/li>\n<li><strong>\u015arednica ko\u0142a krocz\u0105cego:<\/strong> \u03a650, \u03a663, \u03a680<\/li>\n<li><strong>Ud\u017awig:<\/strong> 50~150 kg<\/li>\n<li><strong>Kompatybilne rozmiary belek dwuteowych:<\/strong> 10#, 12#, 14#, 16#<\/li>\n<\/ul>","protected":false},"featured_media":7444,"template":"","meta":{"_kad_post_transparent":"default","_kad_post_title":"","_kad_post_layout":"default","_kad_post_sidebar_id":"","_kad_post_content_style":"default","_kad_post_vertical_padding":"show","_kad_post_feature":"","_kad_post_feature_position":"","_kad_post_header":false,"_kad_post_footer":false},"product_brand":[],"product_cat":[65],"product_tag":[632,622,376,634,612,616,626,627,629,613,617,620,615,614,618,628,619,621,623,630,635,633,625,631,624],"class_list":{"0":"post-5728","1":"product","2":"type-product","3":"status-publish","4":"has-post-thumbnail","6":"product_cat-crane-electrical-parts","7":"product_tag-aviation-plug","8":"product_tag-cable-trolley","9":"product_tag-china-crane-parts-supplier","10":"product_tag-crane-aviation-plug","11":"product_tag-crane-cable-trolley","12":"product_tag-crane-control-cabinet","13":"product_tag-crane-control-handle","14":"product_tag-crane-controls","15":"product_tag-crane-electrical-control-cabinet","16":"product_tag-crane-electrical-part","17":"product_tag-crane-limit-switch","18":"product_tag-crane-overload-limiter","19":"product_tag-crane-pendant-controller","20":"product_tag-crane-remote-controller","21":"product_tag-crane-sound-and-light-alarm","22":"product_tag-electrical-control-cabinet","23":"product_tag-heavy-duty-aviation-connector","24":"product_tag-i-beam-cable-trolley","25":"product_tag-i-beam-cable-trolley-supplier","26":"product_tag-limit-switch","27":"product_tag-overload-limiter","28":"product_tag-quick-connector","29":"product_tag-remote-controller","30":"product_tag-sound-and-light-alarm","31":"product_tag-wireless-remote-control","33":"first","34":"instock","35":"featured","36":"shipping-taxable","37":"product-type-simple","38":"entry","39":"content-bg","40":"loop-entry"},"yoast_head":"<!-- This site is optimized with the Yoast SEO plugin v24.5 - https:\/\/yoast.com\/wordpress\/plugins\/seo\/ -->\n<title>Crane cable trolley - I-beam cable trolley-cable trolley- Crane Parts Manufacturer<\/title>\n<meta name=\"description\" content=\"crane cable trolley, I-beam cable trolley,Crane Electrical Parts, I-beam cable trolley manufacturer,cable trolley,cable trolley Supplier\" \/>\n<meta name=\"robots\" content=\"index, follow, max-snippet:-1, max-image-preview:large, max-video-preview:-1\" \/>\n<link rel=\"canonical\" href=\"https:\/\/www.hnhlcranes.com\/pl\/produkt\/wozek-kablowy-dzwigu\/\" \/>\n<meta property=\"og:locale\" content=\"pl_PL\" \/>\n<meta property=\"og:type\" content=\"article\" \/>\n<meta property=\"og:title\" content=\"Crane cable trolley - I-beam cable trolley-cable trolley- Crane Parts Manufacturer\" \/>\n<meta property=\"og:description\" content=\"crane cable trolley, I-beam cable trolley,Crane Electrical Parts, I-beam cable trolley manufacturer,cable trolley,cable trolley Supplier\" \/>\n<meta property=\"og:url\" content=\"https:\/\/www.hnhlcranes.com\/pl\/produkt\/wozek-kablowy-dzwigu\/\" \/>\n<meta property=\"og:site_name\" content=\"Crane Parts Manufacturer\" \/>\n<meta property=\"article:modified_time\" content=\"2025-01-14T15:58:21+00:00\" \/>\n<meta property=\"og:image\" content=\"https:\/\/www.hnhlcranes.com\/wp-content\/uploads\/2024\/12\/Crane-cable-trolley.jpg\" \/>\n\t<meta property=\"og:image:width\" content=\"600\" \/>\n\t<meta property=\"og:image:height\" content=\"600\" \/>\n\t<meta property=\"og:image:type\" content=\"image\/jpeg\" \/>\n<meta name=\"twitter:card\" content=\"summary_large_image\" \/>\n<meta name=\"twitter:label1\" content=\"Szacowany czas czytania\" \/>\n\t<meta name=\"twitter:data1\" content=\"3 minuty\" \/>\n<script type=\"application\/ld+json\" class=\"yoast-schema-graph\">{\"@context\":\"https:\/\/schema.org\",\"@graph\":[{\"@type\":\"WebPage\",\"@id\":\"https:\/\/www.hnhlcranes.com\/product\/crane-cable-trolley\/\",\"url\":\"https:\/\/www.hnhlcranes.com\/product\/crane-cable-trolley\/\",\"name\":\"Crane cable trolley - I-beam cable trolley-cable trolley- Crane Parts Manufacturer\",\"isPartOf\":{\"@id\":\"https:\/\/www.hnhlcranes.com\/#website\"},\"primaryImageOfPage\":{\"@id\":\"https:\/\/www.hnhlcranes.com\/product\/crane-cable-trolley\/#primaryimage\"},\"image\":{\"@id\":\"https:\/\/www.hnhlcranes.com\/product\/crane-cable-trolley\/#primaryimage\"},\"thumbnailUrl\":\"https:\/\/www.hnhlcranes.com\/wp-content\/uploads\/2024\/12\/Crane-cable-trolley.jpg\",\"datePublished\":\"2024-12-05T14:19:32+00:00\",\"dateModified\":\"2025-01-14T15:58:21+00:00\",\"description\":\"crane cable trolley, I-beam cable trolley,Crane Electrical Parts, I-beam cable trolley manufacturer,cable trolley,cable trolley Supplier\",\"breadcrumb\":{\"@id\":\"https:\/\/www.hnhlcranes.com\/product\/crane-cable-trolley\/#breadcrumb\"},\"inLanguage\":\"pl-PL\",\"potentialAction\":[{\"@type\":\"ReadAction\",\"target\":[\"https:\/\/www.hnhlcranes.com\/product\/crane-cable-trolley\/\"]}]},{\"@type\":\"ImageObject\",\"inLanguage\":\"pl-PL\",\"@id\":\"https:\/\/www.hnhlcranes.com\/product\/crane-cable-trolley\/#primaryimage\",\"url\":\"https:\/\/www.hnhlcranes.com\/wp-content\/uploads\/2024\/12\/Crane-cable-trolley.jpg\",\"contentUrl\":\"https:\/\/www.hnhlcranes.com\/wp-content\/uploads\/2024\/12\/Crane-cable-trolley.jpg\",\"width\":600,\"height\":600},{\"@type\":\"BreadcrumbList\",\"@id\":\"https:\/\/www.hnhlcranes.com\/product\/crane-cable-trolley\/#breadcrumb\",\"itemListElement\":[{\"@type\":\"ListItem\",\"position\":1,\"name\":\"home\",\"item\":\"https:\/\/www.hnhlcranes.com\/\"},{\"@type\":\"ListItem\",\"position\":2,\"name\":\"products\",\"item\":\"https:\/\/www.hnhlcranes.com\/products\/\"},{\"@type\":\"ListItem\",\"position\":3,\"name\":\"Crane cable trolley\"}]},{\"@type\":\"WebSite\",\"@id\":\"https:\/\/www.hnhlcranes.com\/#website\",\"url\":\"https:\/\/www.hnhlcranes.com\/\",\"name\":\"Crane Parts Manufacturer\",\"description\":\"Crane Wheels,Crane Drums,Crane Hooks,Crane Coupling,Crane End Carriage,Electric Hoist,European Crane Parts,Crane Rail Clip,Crane Spreader,Crane Motor,Crane Reducer,Crane Brake,Light Crane Parts,Workstation Crane Parts,Crane Electrical Parts,China Crane Parts Supplier,China Crane Parts Manufacturer,Angle box type crane wheel,45 degree split crane wheel,European crane wheel,Crane Wheel Blocks,Overhead crane drum,European crane drum,Overhead crane hook,European crane hook,Crane pulley block,Gear coupling,Brake wheel coupling,Drum gear coupling,Brake wheel drum gear coupling,Cardan Shaft Coupling,WZL drum coupling,Plum blossom elastic coupling,Brake wheel plum elastic coupling,European Single girder crane end carriage,European Double girder crane end carriage,European Suspension  crane end carriage,Wire Rope Electric Hoist,Electric Chain Hoist,European Single Girder Wire Rope Electric Hoist,European Double Girder Wire Rope Electric Hoist,Crane grab,Container spreader,Billet crane clamps,C-type hook,Lifting Electromagnet,YZR crane motor,YZP crane motor,ZQ Reducer,ZSC Reducer,QJ Reducer,QJ-L Reducer,QJY Reducer,H series gearbox,F Series Gear Motor,K Series Gear Motor,R Series Gear Motor,travelling machinery gear motor,Electro hydraulic drum brake,Electro hydraulic disc brake,Crane Safety brake,Crane cable trolley,Crane remote controller,Crane pendant controller,Crane electrical control cabinet,Crane limit switch,Crane sound and light alarm,Heavy Duty Aviation Connector,Crane overload limiter\",\"publisher\":{\"@id\":\"https:\/\/www.hnhlcranes.com\/#organization\"},\"potentialAction\":[{\"@type\":\"SearchAction\",\"target\":{\"@type\":\"EntryPoint\",\"urlTemplate\":\"https:\/\/www.hnhlcranes.com\/?s={search_term_string}\"},\"query-input\":{\"@type\":\"PropertyValueSpecification\",\"valueRequired\":true,\"valueName\":\"search_term_string\"}}],\"inLanguage\":\"pl-PL\"},{\"@type\":\"Organization\",\"@id\":\"https:\/\/www.hnhlcranes.com\/#organization\",\"name\":\"Crane Parts Manufacturer\",\"url\":\"https:\/\/www.hnhlcranes.com\/\",\"logo\":{\"@type\":\"ImageObject\",\"inLanguage\":\"pl-PL\",\"@id\":\"https:\/\/www.hnhlcranes.com\/#\/schema\/logo\/image\/\",\"url\":\"https:\/\/www.hnhlcranes.com\/wp-content\/uploads\/2025\/01\/HL-logo-1.png\",\"contentUrl\":\"https:\/\/www.hnhlcranes.com\/wp-content\/uploads\/2025\/01\/HL-logo-1.png\",\"width\":600,\"height\":169,\"caption\":\"Crane Parts Manufacturer\"},\"image\":{\"@id\":\"https:\/\/www.hnhlcranes.com\/#\/schema\/logo\/image\/\"}}]}<\/script>\n<!-- \/ Yoast SEO plugin. -->","yoast_head_json":{"title":"Crane cable trolley - I-beam cable trolley-cable trolley- Crane Parts Manufacturer","description":"crane cable trolley, I-beam cable trolley,Crane Electrical Parts, I-beam cable trolley manufacturer,cable trolley,cable trolley Supplier","robots":{"index":"index","follow":"follow","max-snippet":"max-snippet:-1","max-image-preview":"max-image-preview:large","max-video-preview":"max-video-preview:-1"},"canonical":"https:\/\/www.hnhlcranes.com\/pl\/produkt\/wozek-kablowy-dzwigu\/","og_locale":"pl_PL","og_type":"article","og_title":"Crane cable trolley - I-beam cable trolley-cable trolley- Crane Parts Manufacturer","og_description":"crane cable trolley, I-beam cable trolley,Crane Electrical Parts, I-beam cable trolley manufacturer,cable trolley,cable trolley Supplier","og_url":"https:\/\/www.hnhlcranes.com\/pl\/produkt\/wozek-kablowy-dzwigu\/","og_site_name":"Crane Parts Manufacturer","article_modified_time":"2025-01-14T15:58:21+00:00","og_image":[{"width":600,"height":600,"url":"https:\/\/www.hnhlcranes.com\/wp-content\/uploads\/2024\/12\/Crane-cable-trolley.jpg","type":"image\/jpeg"}],"twitter_card":"summary_large_image","twitter_misc":{"Szacowany czas czytania":"3 minuty"},"schema":{"@context":"https:\/\/schema.org","@graph":[{"@type":"WebPage","@id":"https:\/\/www.hnhlcranes.com\/product\/crane-cable-trolley\/","url":"https:\/\/www.hnhlcranes.com\/product\/crane-cable-trolley\/","name":"Crane cable trolley - I-beam cable trolley-cable trolley- Crane Parts Manufacturer","isPartOf":{"@id":"https:\/\/www.hnhlcranes.com\/#website"},"primaryImageOfPage":{"@id":"https:\/\/www.hnhlcranes.com\/product\/crane-cable-trolley\/#primaryimage"},"image":{"@id":"https:\/\/www.hnhlcranes.com\/product\/crane-cable-trolley\/#primaryimage"},"thumbnailUrl":"https:\/\/www.hnhlcranes.com\/wp-content\/uploads\/2024\/12\/Crane-cable-trolley.jpg","datePublished":"2024-12-05T14:19:32+00:00","dateModified":"2025-01-14T15:58:21+00:00","description":"crane cable trolley, I-beam cable trolley,Crane Electrical Parts, I-beam cable trolley manufacturer,cable trolley,cable trolley Supplier","breadcrumb":{"@id":"https:\/\/www.hnhlcranes.com\/product\/crane-cable-trolley\/#breadcrumb"},"inLanguage":"pl-PL","potentialAction":[{"@type":"ReadAction","target":["https:\/\/www.hnhlcranes.com\/product\/crane-cable-trolley\/"]}]},{"@type":"ImageObject","inLanguage":"pl-PL","@id":"https:\/\/www.hnhlcranes.com\/product\/crane-cable-trolley\/#primaryimage","url":"https:\/\/www.hnhlcranes.com\/wp-content\/uploads\/2024\/12\/Crane-cable-trolley.jpg","contentUrl":"https:\/\/www.hnhlcranes.com\/wp-content\/uploads\/2024\/12\/Crane-cable-trolley.jpg","width":600,"height":600},{"@type":"BreadcrumbList","@id":"https:\/\/www.hnhlcranes.com\/product\/crane-cable-trolley\/#breadcrumb","itemListElement":[{"@type":"ListItem","position":1,"name":"home","item":"https:\/\/www.hnhlcranes.com\/"},{"@type":"ListItem","position":2,"name":"products","item":"https:\/\/www.hnhlcranes.com\/products\/"},{"@type":"ListItem","position":3,"name":"Crane cable trolley"}]},{"@type":"WebSite","@id":"https:\/\/www.hnhlcranes.com\/#website","url":"https:\/\/www.hnhlcranes.com\/","name":"Crane Parts Manufacturer","description":"Crane Wheels,Crane Drums,Crane Hooks,Crane Coupling,Crane End Carriage,Electric Hoist,European Crane Parts,Crane Rail Clip,Crane Spreader,Crane Motor,Crane Reducer,Crane Brake,Light Crane Parts,Workstation Crane Parts,Crane Electrical Parts,China Crane Parts Supplier,China Crane Parts Manufacturer,Angle box type crane wheel,45 degree split crane wheel,European crane wheel,Crane Wheel Blocks,Overhead crane drum,European crane drum,Overhead crane hook,European crane hook,Crane pulley block,Gear coupling,Brake wheel coupling,Drum gear coupling,Brake wheel drum gear coupling,Cardan Shaft Coupling,WZL drum coupling,Plum blossom elastic coupling,Brake wheel plum elastic coupling,European Single girder crane end carriage,European Double girder crane end carriage,European Suspension  crane end carriage,Wire Rope Electric Hoist,Electric Chain Hoist,European Single Girder Wire Rope Electric Hoist,European Double Girder Wire Rope Electric Hoist,Crane grab,Container spreader,Billet crane clamps,C-type hook,Lifting Electromagnet,YZR crane motor,YZP crane motor,ZQ Reducer,ZSC Reducer,QJ Reducer,QJ-L Reducer,QJY Reducer,H series gearbox,F Series Gear Motor,K Series Gear Motor,R Series Gear Motor,travelling machinery gear motor,Electro hydraulic drum brake,Electro hydraulic disc brake,Crane Safety brake,Crane cable trolley,Crane remote controller,Crane pendant controller,Crane electrical control cabinet,Crane limit switch,Crane sound and light alarm,Heavy Duty Aviation Connector,Crane overload limiter","publisher":{"@id":"https:\/\/www.hnhlcranes.com\/#organization"},"potentialAction":[{"@type":"SearchAction","target":{"@type":"EntryPoint","urlTemplate":"https:\/\/www.hnhlcranes.com\/?s={search_term_string}"},"query-input":{"@type":"PropertyValueSpecification","valueRequired":true,"valueName":"search_term_string"}}],"inLanguage":"pl-PL"},{"@type":"Organization","@id":"https:\/\/www.hnhlcranes.com\/#organization","name":"Crane Parts Manufacturer","url":"https:\/\/www.hnhlcranes.com\/","logo":{"@type":"ImageObject","inLanguage":"pl-PL","@id":"https:\/\/www.hnhlcranes.com\/#\/schema\/logo\/image\/","url":"https:\/\/www.hnhlcranes.com\/wp-content\/uploads\/2025\/01\/HL-logo-1.png","contentUrl":"https:\/\/www.hnhlcranes.com\/wp-content\/uploads\/2025\/01\/HL-logo-1.png","width":600,"height":169,"caption":"Crane Parts Manufacturer"},"image":{"@id":"https:\/\/www.hnhlcranes.com\/#\/schema\/logo\/image\/"}}]}},"_links":{"self":[{"href":"https:\/\/www.hnhlcranes.com\/pl\/wp-json\/wp\/v2\/product\/5728","targetHints":{"allow":["GET"]}}],"collection":[{"href":"https:\/\/www.hnhlcranes.com\/pl\/wp-json\/wp\/v2\/product"}],"about":[{"href":"https:\/\/www.hnhlcranes.com\/pl\/wp-json\/wp\/v2\/types\/product"}],"version-history":[{"count":4,"href":"https:\/\/www.hnhlcranes.com\/pl\/wp-json\/wp\/v2\/product\/5728\/revisions"}],"predecessor-version":[{"id":7448,"href":"https:\/\/www.hnhlcranes.com\/pl\/wp-json\/wp\/v2\/product\/5728\/revisions\/7448"}],"wp:featuredmedia":[{"embeddable":true,"href":"https:\/\/www.hnhlcranes.com\/pl\/wp-json\/wp\/v2\/media\/7444"}],"wp:attachment":[{"href":"https:\/\/www.hnhlcranes.com\/pl\/wp-json\/wp\/v2\/media?parent=5728"}],"wp:term":[{"taxonomy":"product_brand","embeddable":true,"href":"https:\/\/www.hnhlcranes.com\/pl\/wp-json\/wp\/v2\/product_brand?post=5728"},{"taxonomy":"product_cat","embeddable":true,"href":"https:\/\/www.hnhlcranes.com\/pl\/wp-json\/wp\/v2\/product_cat?post=5728"},{"taxonomy":"product_tag","embeddable":true,"href":"https:\/\/www.hnhlcranes.com\/pl\/wp-json\/wp\/v2\/product_tag?post=5728"}],"curies":[{"name":"wp","href":"https:\/\/api.w.org\/{rel}","templated":true}]}}