{"id":5753,"date":"2024-12-05T22:58:36","date_gmt":"2024-12-05T14:58:36","guid":{"rendered":"https:\/\/www.hnhlcranes.com\/?post_type=product&#038;p=5753"},"modified":"2025-01-14T23:46:32","modified_gmt":"2025-01-14T15:46:32","slug":"kontroler-wiszacy-dzwigu","status":"publish","type":"product","link":"https:\/\/www.hnhlcranes.com\/pl\/produkt\/kontroler-wiszacy-dzwigu\/","title":{"rendered":"Kontroler wisz\u0105cy d\u017awigu"},"content":{"rendered":"<h3>Wprowadzenie do sterownika wisz\u0105cego d\u017awigu<\/h3>\n<p>Zawieszany sterownik d\u017awigu jest przeznaczony przede wszystkim do zarz\u0105dzania r\u00f3\u017cnymi funkcjami d\u017awigu, takimi jak uruchamianie, zatrzymywanie i sterowanie ruchem kierunkowym. Oferuje on niezawodne rozwi\u0105zanie zar\u00f3wno dla operacji d\u017awigowych, jak i podno\u015bnikowych w szerokim zakresie \u015brodowisk, zar\u00f3wno wewn\u0105trz, jak i na zewn\u0105trz. Poni\u017cej szczeg\u00f3\u0142owo om\u00f3wimy jego zastosowania, metody obs\u0142ugi, funkcje bezpiecze\u0144stwa i wymagania konserwacyjne.<\/p>\n<h3>Zakres zastosowania i \u015brodowisko pracy<\/h3>\n<p>Zawieszany sterownik d\u017awigu nadaje si\u0119 do system\u00f3w sterowania dzia\u0142aj\u0105cych w nast\u0119puj\u0105cych warunkach:<\/p>\n<ul>\n<li><strong>Zasilanie AC:<\/strong> Praca z cz\u0119stotliwo\u015bci\u0105 50 Hz lub 60 Hz, przy napi\u0119ciu do 380 V.<\/li>\n<li><strong>Zasilanie pr\u0105dem sta\u0142ym:<\/strong> Odpowiedni dla napi\u0119cia roboczego do 220 V.<\/li>\n<\/ul>\n<p>Zaprojektowany z my\u015bl\u0105 o wszechstronno\u015bci, kontroler jest odporny na deszcz, \u015bnieg i kurz, co czyni go idealnym wyborem do zastosowa\u0144 zewn\u0119trznych, w tym d\u017awig\u00f3w i podno\u015bnik\u00f3w elektrycznych w trudnych warunkach pogodowych.<\/p>\n<h3>Metody dzia\u0142ania i funkcje<\/h3>\n<p>Zawieszany sterownik d\u017awigu dzia\u0142a za pomoc\u0105 przycisk\u00f3w umieszczonych na uchwycie steruj\u0105cym i zawiera kilka kluczowych funkcji, kt\u00f3re zwi\u0119kszaj\u0105 zar\u00f3wno bezpiecze\u0144stwo, jak i funkcjonalno\u015b\u0107:<\/p>\n<ul>\n<li><strong>Wy\u0142\u0105cznik awaryjny:<\/strong> Wyposa\u017cony w obrotowy wy\u0142\u0105cznik awaryjny z g\u0142owic\u0105 grzybkow\u0105, sterownik umo\u017cliwia szybkie wy\u0142\u0105czenie silnika w sytuacjach awaryjnych, zapewniaj\u0105c szybk\u0105 reakcj\u0119 na potencjalne zagro\u017cenia.<\/li>\n<li><strong>Sterowanie kierunkowe:<\/strong> Kontroler wykorzystuje przyciski z mi\u0119dzynarodowymi symbolami strza\u0142ek. Dodatkowo, przeciwleg\u0142e przyciski kierunkowe s\u0105 mechanicznie zablokowane, aby uniemo\u017cliwi\u0107 ich jednoczesne dzia\u0142anie, chroni\u0105c w ten spos\u00f3b przed przypadkowym niew\u0142a\u015bciwym u\u017cyciem.<\/li>\n<li><strong>Zawieszenie kablowe:<\/strong> Uchwyt jest zawieszony za pomoc\u0105 mi\u0119kkich, cienkich stalowych drut\u00f3w pod skrzynk\u0105 elektryczn\u0105. Taka konstrukcja minimalizuje napr\u0119\u017cenie kabla i pomaga zapobiega\u0107 uszkodzeniom rdzenia, promuj\u0105c d\u0142ugowieczno\u015b\u0107 i niezawodne dzia\u0142anie.<\/li>\n<\/ul>\n<h3>Funkcje bezpiecze\u0144stwa i ochrona<\/h3>\n<p>Zawieszany sterownik d\u017awigu jest wyposa\u017cony w kilka mechanizm\u00f3w bezpiecze\u0144stwa, kt\u00f3re zapewniaj\u0105 zar\u00f3wno bezpiecze\u0144stwo operatora, jak i trwa\u0142o\u015b\u0107 sprz\u0119tu:<\/p>\n<ul>\n<li><strong>Wodoodporno\u015b\u0107 i trwa\u0142o\u015b\u0107:<\/strong> Specjalnie zaprojektowany, aby wytrzyma\u0107 trudne warunki \u015brodowiskowe, kontroler zapewnia sta\u0142\u0105, niezawodn\u0105 wydajno\u015b\u0107, nawet w trudnych warunkach pogodowych.<\/li>\n<li><strong>Niskie napi\u0119cie steruj\u0105ce:<\/strong> Napi\u0119cie przycisku steruj\u0105cego jest ograniczone do 36 V, co zwi\u0119ksza bezpiecze\u0144stwo operatora, zmniejszaj\u0105c ryzyko pora\u017cenia pr\u0105dem podczas u\u017cytkowania.<\/li>\n<li><strong>Wysoki stopie\u0144 ochrony:<\/strong> Dzi\u0119ki imponuj\u0105cemu stopniowi ochrony IP65, kontroler jest odporny zar\u00f3wno na wod\u0119, jak i kurz, zapewniaj\u0105c funkcjonalno\u015b\u0107 w ekstremalnych warunkach.<\/li>\n<li><strong>Izolacja i odporno\u015b\u0107:<\/strong> Zastosowanie wysokiej jako\u015bci materia\u0142\u00f3w izolacyjnych gwarantuje bezpieczn\u0105 i niezawodn\u0105 prac\u0119, nawet w wilgotnym lub niekorzystnym \u015brodowisku.<\/li>\n<\/ul>\n<h3>Konserwacja i piel\u0119gnacja<\/h3>\n<p>Aby zapewni\u0107 d\u0142ugoterminow\u0105 stabilno\u015b\u0107 i funkcjonalno\u015b\u0107 sterownika wisz\u0105cego Crane, niezb\u0119dna jest regularna konserwacja. Oto kilka kluczowych wskaz\u00f3wek dotycz\u0105cych konserwacji:<\/p>\n<ul>\n<li><strong>Przycisk i kontrola zatrzymania awaryjnego:<\/strong> Okresowo sprawdzaj przyciski i wy\u0142\u0105cznik awaryjny, aby upewni\u0107 si\u0119, \u017ce pozostaj\u0105 one w pe\u0142ni sprawne, z mo\u017cliwo\u015bci\u0105 szybkiego zresetowania w razie potrzeby.<\/li>\n<li><strong>Widoczno\u015b\u0107 symboli:<\/strong> Regularnie sprawdzaj etykiety przycisk\u00f3w, aby upewni\u0107 si\u0119, \u017ce s\u0105 one wyra\u017ane i widoczne, u\u0142atwiaj\u0105c intuicyjn\u0105 obs\u0142ug\u0119.<\/li>\n<li><strong>Integralno\u015b\u0107 uk\u0142adu zawieszenia:<\/strong> Sprawd\u017a system zawieszenia uchwytu, aby upewni\u0107 si\u0119, \u017ce jest dobrze zamocowany. Pomaga to zapobiec nadmiernemu napr\u0119\u017ceniu kabli i chroni kontroler przed potencjalnym uszkodzeniem.<\/li>\n<li><strong>Ochrona \u015brodowiska:<\/strong> Kontroler nale\u017cy przechowywa\u0107 i obs\u0142ugiwa\u0107 w warunkach minimalizuj\u0105cych d\u0142ugotrwa\u0142e nara\u017cenie na ekstremalne warunki pogodowe, co pozwoli zachowa\u0107 jego funkcjonalno\u015b\u0107 i \u017cywotno\u015b\u0107.<\/li>\n<\/ul>","protected":false},"excerpt":{"rendered":"<h6><strong><span style=\"font-family: arial, helvetica, sans-serif; font-size: 14pt;\">Specyfikacje wisz\u0105cych sterownik\u00f3w d\u017awigowych<\/span><\/strong><\/h6>\n<ul>\n<li><strong>Liczba przycisk\u00f3w<\/strong>2, 4 lub 6 przycisk\u00f3w.<\/li>\n<li><strong>Poziom ochrony<\/strong>: IP65.<\/li>\n<li><strong>Napi\u0119cie steruj\u0105ce<\/strong>: 36V.<\/li>\n<li><strong>Zakres temperatur pracy<\/strong>-40\u00b0C do +85\u00b0C.<\/li>\n<\/ul>","protected":false},"featured_media":7464,"template":"","meta":{"_kad_post_transparent":"default","_kad_post_title":"","_kad_post_layout":"default","_kad_post_sidebar_id":"","_kad_post_content_style":"default","_kad_post_vertical_padding":"show","_kad_post_feature":"","_kad_post_feature_position":"","_kad_post_header":false,"_kad_post_footer":false},"product_brand":[],"product_cat":[65],"product_tag":[632,622,376,634,612,616,626,627,629,613,617,620,615,614,618,628,619,621,623,630,635,633,625,631,624],"class_list":{"0":"post-5753","1":"product","2":"type-product","3":"status-publish","4":"has-post-thumbnail","6":"product_cat-crane-electrical-parts","7":"product_tag-aviation-plug","8":"product_tag-cable-trolley","9":"product_tag-china-crane-parts-supplier","10":"product_tag-crane-aviation-plug","11":"product_tag-crane-cable-trolley","12":"product_tag-crane-control-cabinet","13":"product_tag-crane-control-handle","14":"product_tag-crane-controls","15":"product_tag-crane-electrical-control-cabinet","16":"product_tag-crane-electrical-part","17":"product_tag-crane-limit-switch","18":"product_tag-crane-overload-limiter","19":"product_tag-crane-pendant-controller","20":"product_tag-crane-remote-controller","21":"product_tag-crane-sound-and-light-alarm","22":"product_tag-electrical-control-cabinet","23":"product_tag-heavy-duty-aviation-connector","24":"product_tag-i-beam-cable-trolley","25":"product_tag-i-beam-cable-trolley-supplier","26":"product_tag-limit-switch","27":"product_tag-overload-limiter","28":"product_tag-quick-connector","29":"product_tag-remote-controller","30":"product_tag-sound-and-light-alarm","31":"product_tag-wireless-remote-control","33":"first","34":"instock","35":"shipping-taxable","36":"product-type-simple","37":"entry","38":"content-bg","39":"loop-entry"},"yoast_head":"<!-- This site is optimized with the Yoast SEO plugin v24.5 - https:\/\/yoast.com\/wordpress\/plugins\/seo\/ -->\n<title>Crane pendant controller - Crane control handle-Crane Controls-Crane Parts Manufacturer<\/title>\n<meta name=\"description\" content=\"Crane control handle,Crane Controls,Crane pendant controller,Pendant controller manufacturer,Crane pendant controller Supplier,Crane Electrical Parts\" \/>\n<meta name=\"robots\" content=\"index, follow, max-snippet:-1, max-image-preview:large, max-video-preview:-1\" \/>\n<link rel=\"canonical\" href=\"https:\/\/www.hnhlcranes.com\/pl\/produkt\/kontroler-wiszacy-dzwigu\/\" \/>\n<meta property=\"og:locale\" content=\"pl_PL\" \/>\n<meta property=\"og:type\" content=\"article\" \/>\n<meta property=\"og:title\" content=\"Crane pendant controller - Crane control handle-Crane Controls-Crane Parts Manufacturer\" \/>\n<meta property=\"og:description\" content=\"Crane control handle,Crane Controls,Crane pendant controller,Pendant controller manufacturer,Crane pendant controller Supplier,Crane Electrical Parts\" \/>\n<meta property=\"og:url\" content=\"https:\/\/www.hnhlcranes.com\/pl\/produkt\/kontroler-wiszacy-dzwigu\/\" \/>\n<meta property=\"og:site_name\" content=\"Crane Parts Manufacturer\" \/>\n<meta property=\"article:modified_time\" content=\"2025-01-14T15:46:32+00:00\" \/>\n<meta property=\"og:image\" content=\"https:\/\/www.hnhlcranes.com\/wp-content\/uploads\/2024\/12\/Crane-pendant-controller.jpg\" \/>\n\t<meta property=\"og:image:width\" content=\"600\" \/>\n\t<meta property=\"og:image:height\" content=\"600\" \/>\n\t<meta property=\"og:image:type\" content=\"image\/jpeg\" \/>\n<meta name=\"twitter:card\" content=\"summary_large_image\" \/>\n<meta name=\"twitter:label1\" content=\"Szacowany czas czytania\" \/>\n\t<meta name=\"twitter:data1\" content=\"3 minuty\" \/>\n<script type=\"application\/ld+json\" class=\"yoast-schema-graph\">{\"@context\":\"https:\/\/schema.org\",\"@graph\":[{\"@type\":\"WebPage\",\"@id\":\"https:\/\/www.hnhlcranes.com\/product\/crane-pendant-controller\/\",\"url\":\"https:\/\/www.hnhlcranes.com\/product\/crane-pendant-controller\/\",\"name\":\"Crane pendant controller - Crane control handle-Crane Controls-Crane Parts Manufacturer\",\"isPartOf\":{\"@id\":\"https:\/\/www.hnhlcranes.com\/#website\"},\"primaryImageOfPage\":{\"@id\":\"https:\/\/www.hnhlcranes.com\/product\/crane-pendant-controller\/#primaryimage\"},\"image\":{\"@id\":\"https:\/\/www.hnhlcranes.com\/product\/crane-pendant-controller\/#primaryimage\"},\"thumbnailUrl\":\"https:\/\/www.hnhlcranes.com\/wp-content\/uploads\/2024\/12\/Crane-pendant-controller.jpg\",\"datePublished\":\"2024-12-05T14:58:36+00:00\",\"dateModified\":\"2025-01-14T15:46:32+00:00\",\"description\":\"Crane control handle,Crane Controls,Crane pendant controller,Pendant controller manufacturer,Crane pendant controller Supplier,Crane Electrical Parts\",\"breadcrumb\":{\"@id\":\"https:\/\/www.hnhlcranes.com\/product\/crane-pendant-controller\/#breadcrumb\"},\"inLanguage\":\"pl-PL\",\"potentialAction\":[{\"@type\":\"ReadAction\",\"target\":[\"https:\/\/www.hnhlcranes.com\/product\/crane-pendant-controller\/\"]}]},{\"@type\":\"ImageObject\",\"inLanguage\":\"pl-PL\",\"@id\":\"https:\/\/www.hnhlcranes.com\/product\/crane-pendant-controller\/#primaryimage\",\"url\":\"https:\/\/www.hnhlcranes.com\/wp-content\/uploads\/2024\/12\/Crane-pendant-controller.jpg\",\"contentUrl\":\"https:\/\/www.hnhlcranes.com\/wp-content\/uploads\/2024\/12\/Crane-pendant-controller.jpg\",\"width\":600,\"height\":600},{\"@type\":\"BreadcrumbList\",\"@id\":\"https:\/\/www.hnhlcranes.com\/product\/crane-pendant-controller\/#breadcrumb\",\"itemListElement\":[{\"@type\":\"ListItem\",\"position\":1,\"name\":\"home\",\"item\":\"https:\/\/www.hnhlcranes.com\/\"},{\"@type\":\"ListItem\",\"position\":2,\"name\":\"products\",\"item\":\"https:\/\/www.hnhlcranes.com\/products\/\"},{\"@type\":\"ListItem\",\"position\":3,\"name\":\"Crane pendant controller\"}]},{\"@type\":\"WebSite\",\"@id\":\"https:\/\/www.hnhlcranes.com\/#website\",\"url\":\"https:\/\/www.hnhlcranes.com\/\",\"name\":\"Crane Parts Manufacturer\",\"description\":\"Crane Wheels,Crane Drums,Crane Hooks,Crane Coupling,Crane End Carriage,Electric Hoist,European Crane Parts,Crane Rail Clip,Crane Spreader,Crane Motor,Crane Reducer,Crane Brake,Light Crane Parts,Workstation Crane Parts,Crane Electrical Parts,China Crane Parts Supplier,China Crane Parts Manufacturer,Angle box type crane wheel,45 degree split crane wheel,European crane wheel,Crane Wheel Blocks,Overhead crane drum,European crane drum,Overhead crane hook,European crane hook,Crane pulley block,Gear coupling,Brake wheel coupling,Drum gear coupling,Brake wheel drum gear coupling,Cardan Shaft Coupling,WZL drum coupling,Plum blossom elastic coupling,Brake wheel plum elastic coupling,European Single girder crane end carriage,European Double girder crane end carriage,European Suspension  crane end carriage,Wire Rope Electric Hoist,Electric Chain Hoist,European Single Girder Wire Rope Electric Hoist,European Double Girder Wire Rope Electric Hoist,Crane grab,Container spreader,Billet crane clamps,C-type hook,Lifting Electromagnet,YZR crane motor,YZP crane motor,ZQ Reducer,ZSC Reducer,QJ Reducer,QJ-L Reducer,QJY Reducer,H series gearbox,F Series Gear Motor,K Series Gear Motor,R Series Gear Motor,travelling machinery gear motor,Electro hydraulic drum brake,Electro hydraulic disc brake,Crane Safety brake,Crane cable trolley,Crane remote controller,Crane pendant controller,Crane electrical control cabinet,Crane limit switch,Crane sound and light alarm,Heavy Duty Aviation Connector,Crane overload limiter\",\"publisher\":{\"@id\":\"https:\/\/www.hnhlcranes.com\/#organization\"},\"potentialAction\":[{\"@type\":\"SearchAction\",\"target\":{\"@type\":\"EntryPoint\",\"urlTemplate\":\"https:\/\/www.hnhlcranes.com\/?s={search_term_string}\"},\"query-input\":{\"@type\":\"PropertyValueSpecification\",\"valueRequired\":true,\"valueName\":\"search_term_string\"}}],\"inLanguage\":\"pl-PL\"},{\"@type\":\"Organization\",\"@id\":\"https:\/\/www.hnhlcranes.com\/#organization\",\"name\":\"Crane Parts Manufacturer\",\"url\":\"https:\/\/www.hnhlcranes.com\/\",\"logo\":{\"@type\":\"ImageObject\",\"inLanguage\":\"pl-PL\",\"@id\":\"https:\/\/www.hnhlcranes.com\/#\/schema\/logo\/image\/\",\"url\":\"https:\/\/www.hnhlcranes.com\/wp-content\/uploads\/2025\/01\/HL-logo-1.png\",\"contentUrl\":\"https:\/\/www.hnhlcranes.com\/wp-content\/uploads\/2025\/01\/HL-logo-1.png\",\"width\":600,\"height\":169,\"caption\":\"Crane Parts Manufacturer\"},\"image\":{\"@id\":\"https:\/\/www.hnhlcranes.com\/#\/schema\/logo\/image\/\"}}]}<\/script>\n<!-- \/ Yoast SEO plugin. -->","yoast_head_json":{"title":"Crane pendant controller - Crane control handle-Crane Controls-Crane Parts Manufacturer","description":"Crane control handle,Crane Controls,Crane pendant controller,Pendant controller manufacturer,Crane pendant controller Supplier,Crane Electrical Parts","robots":{"index":"index","follow":"follow","max-snippet":"max-snippet:-1","max-image-preview":"max-image-preview:large","max-video-preview":"max-video-preview:-1"},"canonical":"https:\/\/www.hnhlcranes.com\/pl\/produkt\/kontroler-wiszacy-dzwigu\/","og_locale":"pl_PL","og_type":"article","og_title":"Crane pendant controller - Crane control handle-Crane Controls-Crane Parts Manufacturer","og_description":"Crane control handle,Crane Controls,Crane pendant controller,Pendant controller manufacturer,Crane pendant controller Supplier,Crane Electrical Parts","og_url":"https:\/\/www.hnhlcranes.com\/pl\/produkt\/kontroler-wiszacy-dzwigu\/","og_site_name":"Crane Parts Manufacturer","article_modified_time":"2025-01-14T15:46:32+00:00","og_image":[{"width":600,"height":600,"url":"https:\/\/www.hnhlcranes.com\/wp-content\/uploads\/2024\/12\/Crane-pendant-controller.jpg","type":"image\/jpeg"}],"twitter_card":"summary_large_image","twitter_misc":{"Szacowany czas czytania":"3 minuty"},"schema":{"@context":"https:\/\/schema.org","@graph":[{"@type":"WebPage","@id":"https:\/\/www.hnhlcranes.com\/product\/crane-pendant-controller\/","url":"https:\/\/www.hnhlcranes.com\/product\/crane-pendant-controller\/","name":"Crane pendant controller - Crane control handle-Crane Controls-Crane Parts Manufacturer","isPartOf":{"@id":"https:\/\/www.hnhlcranes.com\/#website"},"primaryImageOfPage":{"@id":"https:\/\/www.hnhlcranes.com\/product\/crane-pendant-controller\/#primaryimage"},"image":{"@id":"https:\/\/www.hnhlcranes.com\/product\/crane-pendant-controller\/#primaryimage"},"thumbnailUrl":"https:\/\/www.hnhlcranes.com\/wp-content\/uploads\/2024\/12\/Crane-pendant-controller.jpg","datePublished":"2024-12-05T14:58:36+00:00","dateModified":"2025-01-14T15:46:32+00:00","description":"Crane control handle,Crane Controls,Crane pendant controller,Pendant controller manufacturer,Crane pendant controller Supplier,Crane Electrical Parts","breadcrumb":{"@id":"https:\/\/www.hnhlcranes.com\/product\/crane-pendant-controller\/#breadcrumb"},"inLanguage":"pl-PL","potentialAction":[{"@type":"ReadAction","target":["https:\/\/www.hnhlcranes.com\/product\/crane-pendant-controller\/"]}]},{"@type":"ImageObject","inLanguage":"pl-PL","@id":"https:\/\/www.hnhlcranes.com\/product\/crane-pendant-controller\/#primaryimage","url":"https:\/\/www.hnhlcranes.com\/wp-content\/uploads\/2024\/12\/Crane-pendant-controller.jpg","contentUrl":"https:\/\/www.hnhlcranes.com\/wp-content\/uploads\/2024\/12\/Crane-pendant-controller.jpg","width":600,"height":600},{"@type":"BreadcrumbList","@id":"https:\/\/www.hnhlcranes.com\/product\/crane-pendant-controller\/#breadcrumb","itemListElement":[{"@type":"ListItem","position":1,"name":"home","item":"https:\/\/www.hnhlcranes.com\/"},{"@type":"ListItem","position":2,"name":"products","item":"https:\/\/www.hnhlcranes.com\/products\/"},{"@type":"ListItem","position":3,"name":"Crane pendant controller"}]},{"@type":"WebSite","@id":"https:\/\/www.hnhlcranes.com\/#website","url":"https:\/\/www.hnhlcranes.com\/","name":"Crane Parts Manufacturer","description":"Crane Wheels,Crane Drums,Crane Hooks,Crane Coupling,Crane End Carriage,Electric Hoist,European Crane Parts,Crane Rail Clip,Crane Spreader,Crane Motor,Crane Reducer,Crane Brake,Light Crane Parts,Workstation Crane Parts,Crane Electrical Parts,China Crane Parts Supplier,China Crane Parts Manufacturer,Angle box type crane wheel,45 degree split crane wheel,European crane wheel,Crane Wheel Blocks,Overhead crane drum,European crane drum,Overhead crane hook,European crane hook,Crane pulley block,Gear coupling,Brake wheel coupling,Drum gear coupling,Brake wheel drum gear coupling,Cardan Shaft Coupling,WZL drum coupling,Plum blossom elastic coupling,Brake wheel plum elastic coupling,European Single girder crane end carriage,European Double girder crane end carriage,European Suspension  crane end carriage,Wire Rope Electric Hoist,Electric Chain Hoist,European Single Girder Wire Rope Electric Hoist,European Double Girder Wire Rope Electric Hoist,Crane grab,Container spreader,Billet crane clamps,C-type hook,Lifting Electromagnet,YZR crane motor,YZP crane motor,ZQ Reducer,ZSC Reducer,QJ Reducer,QJ-L Reducer,QJY Reducer,H series gearbox,F Series Gear Motor,K Series Gear Motor,R Series Gear Motor,travelling machinery gear motor,Electro hydraulic drum brake,Electro hydraulic disc brake,Crane Safety brake,Crane cable trolley,Crane remote controller,Crane pendant controller,Crane electrical control cabinet,Crane limit switch,Crane sound and light alarm,Heavy Duty Aviation Connector,Crane overload limiter","publisher":{"@id":"https:\/\/www.hnhlcranes.com\/#organization"},"potentialAction":[{"@type":"SearchAction","target":{"@type":"EntryPoint","urlTemplate":"https:\/\/www.hnhlcranes.com\/?s={search_term_string}"},"query-input":{"@type":"PropertyValueSpecification","valueRequired":true,"valueName":"search_term_string"}}],"inLanguage":"pl-PL"},{"@type":"Organization","@id":"https:\/\/www.hnhlcranes.com\/#organization","name":"Crane Parts Manufacturer","url":"https:\/\/www.hnhlcranes.com\/","logo":{"@type":"ImageObject","inLanguage":"pl-PL","@id":"https:\/\/www.hnhlcranes.com\/#\/schema\/logo\/image\/","url":"https:\/\/www.hnhlcranes.com\/wp-content\/uploads\/2025\/01\/HL-logo-1.png","contentUrl":"https:\/\/www.hnhlcranes.com\/wp-content\/uploads\/2025\/01\/HL-logo-1.png","width":600,"height":169,"caption":"Crane Parts Manufacturer"},"image":{"@id":"https:\/\/www.hnhlcranes.com\/#\/schema\/logo\/image\/"}}]}},"_links":{"self":[{"href":"https:\/\/www.hnhlcranes.com\/pl\/wp-json\/wp\/v2\/product\/5753","targetHints":{"allow":["GET"]}}],"collection":[{"href":"https:\/\/www.hnhlcranes.com\/pl\/wp-json\/wp\/v2\/product"}],"about":[{"href":"https:\/\/www.hnhlcranes.com\/pl\/wp-json\/wp\/v2\/types\/product"}],"version-history":[{"count":2,"href":"https:\/\/www.hnhlcranes.com\/pl\/wp-json\/wp\/v2\/product\/5753\/revisions"}],"predecessor-version":[{"id":7465,"href":"https:\/\/www.hnhlcranes.com\/pl\/wp-json\/wp\/v2\/product\/5753\/revisions\/7465"}],"wp:featuredmedia":[{"embeddable":true,"href":"https:\/\/www.hnhlcranes.com\/pl\/wp-json\/wp\/v2\/media\/7464"}],"wp:attachment":[{"href":"https:\/\/www.hnhlcranes.com\/pl\/wp-json\/wp\/v2\/media?parent=5753"}],"wp:term":[{"taxonomy":"product_brand","embeddable":true,"href":"https:\/\/www.hnhlcranes.com\/pl\/wp-json\/wp\/v2\/product_brand?post=5753"},{"taxonomy":"product_cat","embeddable":true,"href":"https:\/\/www.hnhlcranes.com\/pl\/wp-json\/wp\/v2\/product_cat?post=5753"},{"taxonomy":"product_tag","embeddable":true,"href":"https:\/\/www.hnhlcranes.com\/pl\/wp-json\/wp\/v2\/product_tag?post=5753"}],"curies":[{"name":"wp","href":"https:\/\/api.w.org\/{rel}","templated":true}]}}