{"id":5777,"date":"2024-12-06T00:21:10","date_gmt":"2024-12-05T16:21:10","guid":{"rendered":"https:\/\/www.hnhlcranes.com\/?post_type=product&#038;p=5777"},"modified":"2025-01-15T12:35:57","modified_gmt":"2025-01-15T04:35:57","slug":"wylacznik-krancowy-dzwigu","status":"publish","type":"product","link":"https:\/\/www.hnhlcranes.com\/pl\/produkt\/wylacznik-krancowy-dzwigu\/","title":{"rendered":"Wy\u0142\u0105cznik kra\u0144cowy d\u017awigu"},"content":{"rendered":"<h3>Przegl\u0105d wy\u0142\u0105cznika kra\u0144cowego d\u017awigu DXZ<\/h3>\n<p>Wy\u0142\u0105cznik kra\u0144cowy d\u017awigu DXZ jest niezb\u0119dnym urz\u0105dzeniem u\u017cywanym do regulacji zakresu roboczego d\u017awig\u00f3w i innych ci\u0119\u017ckich maszyn. Jego podstawow\u0105 funkcj\u0105 jest zapewnienie bezpiecze\u0144stwa poprzez zapobieganie kolizjom lub przeci\u0105\u017ceniom dzi\u0119ki precyzyjnej kontroli po\u0142o\u017cenia. \u0141\u0105cz\u0105c w sobie elementy mechaniczne i elektroniczne, zapewnia dok\u0142adn\u0105 kontrol\u0119 limit\u00f3w, dzi\u0119ki czemu jest niezawodnym wyborem do ci\u0119\u017ckich zastosowa\u0144.<\/p>\n<h3>Kluczowe parametry<\/h3>\n<ul>\n<li><strong>\u015arodowisko operacyjne:<\/strong>\n<ul>\n<li><strong>Zakres temperatur:<\/strong> -40\u00b0C do +55\u00b0C.<\/li>\n<li><strong>Wilgotno\u015b\u0107 wzgl\u0119dna:<\/strong> \u2264 90%.<\/li>\n<\/ul>\n<\/li>\n<li><strong>Prze\u0142o\u017cenie skrzyni bieg\u00f3w:<\/strong>\n<ul>\n<li>Dost\u0119pne opcje obejmuj\u0105: 1:13, 1:17, 1:46, 1:60, 1:78, 1:210, 1:274, 1:960.<\/li>\n<\/ul>\n<\/li>\n<li><strong>Dok\u0142adno\u015b\u0107 powtarzania pozycjonowania:<\/strong>\n<ul>\n<li>B\u0142\u0105d k\u0105towy krzywki pami\u0119ci wynosi \u2264 0,005 radiana (~0,3 stopnia).<\/li>\n<\/ul>\n<\/li>\n<li><strong>Napi\u0119cie znamionowe:<\/strong>\n<ul>\n<li>AC: 125-250 V.<\/li>\n<li>DC: 30V.<\/li>\n<\/ul>\n<\/li>\n<li><strong>Pr\u0105d znamionowy:<\/strong>\n<ul>\n<li>AC: 6A.<\/li>\n<li>DC: 4A.<\/li>\n<\/ul>\n<\/li>\n<li><strong>Obwody sterowania:<\/strong>\n<ul>\n<li>Standardowy projekt obejmuje 1-4 obwody steruj\u0105ce, ale mo\u017cna go rozszerzy\u0107 do 5-6 obwod\u00f3w w zale\u017cno\u015bci od wymaga\u0144 u\u017cytkownika.<\/li>\n<\/ul>\n<\/li>\n<\/ul>\n<h3>Aplikacje i funkcje<\/h3>\n<p>Wy\u0142\u0105cznik kra\u0144cowy d\u017awigu DXZ znajduje szerokie zastosowanie w r\u00f3\u017cnych urz\u0105dzeniach mechanicznych, zw\u0142aszcza w ci\u0119\u017ckim sprz\u0119cie, takim jak \u017curawie wie\u017cowe i suwnice bramowe. Poni\u017cej przedstawiono jego podstawowe funkcje i cechy:<\/p>\n<ul>\n<li><strong>Zapewnienie bezpiecze\u0144stwa:<\/strong>\n<ul>\n<li>Zapobiega przekraczaniu przez maszyny bezpiecznych granic operacyjnych, zapewniaj\u0105c, \u017ce sprz\u0119t dzia\u0142a w okre\u015blonych granicach.<\/li>\n<\/ul>\n<\/li>\n<li><strong>Precyzyjna kontrola:<\/strong>\n<ul>\n<li>Wykorzystuj\u0105c czujniki mechaniczne lub elektroniczne, prze\u0142\u0105cznik osi\u0105ga precyzyjne pozycjonowanie i ograniczenie zasi\u0119gu.<\/li>\n<\/ul>\n<\/li>\n<li><strong>Wszechstronno\u015b\u0107:<\/strong>\n<ul>\n<li>Jest bardzo wszechstronny i nadaje si\u0119 do r\u00f3\u017cnych \u015brodowisk o du\u017cym obci\u0105\u017ceniu, zapewniaj\u0105c niezawodne dzia\u0142anie w r\u00f3\u017cnych warunkach przemys\u0142owych.<\/li>\n<\/ul>\n<\/li>\n<\/ul>\n<h3>Instalacja i konserwacja<\/h3>\n<ul>\n<li><strong>Wskaz\u00f3wki dotycz\u0105ce instalacji:<\/strong>\n<ul>\n<li>Mocno zamocuj prze\u0142\u0105cznik, aby unikn\u0105\u0107 wibracji podczas pracy.<\/li>\n<li>Upewnij si\u0119, \u017ce wszystkie po\u0142\u0105czenia przewod\u00f3w s\u0105 prawid\u0142owe i zgodne z projektem operacyjnym.<\/li>\n<\/ul>\n<\/li>\n<li><strong>Zalecenia dotycz\u0105ce konserwacji:<\/strong>\n<ul>\n<li>Regularnie sprawdzaj elementy mechaniczne i po\u0142\u0105czenia elektryczne pod k\u0105tem zu\u017cycia lub uszkodze\u0144.<\/li>\n<li>Okresowo reguluj pozycj\u0119 i czu\u0142o\u015b\u0107 ogranicznika, aby utrzyma\u0107 optymaln\u0105 wydajno\u015b\u0107.<\/li>\n<\/ul>\n<\/li>\n<\/ul>\n<p>Przestrzeganie prawid\u0142owych praktyk instalacji i konserwacji wy\u0142\u0105cznika kra\u0144cowego d\u017awigu DXZ gwarantuje d\u0142ugoterminow\u0105 niezawodno\u015b\u0107 i przyczynia si\u0119 do bezpiecznej i wydajnej pracy system\u00f3w d\u017awigowych.<\/p>","protected":false},"excerpt":{"rendered":"<p><strong><span style=\"font-family: arial, helvetica, sans-serif; font-size: 14pt;\">G\u0142\u00f3wne parametry wy\u0142\u0105cznika kra\u0144cowego DXZ Crane:<\/span><\/strong><br \/>\nTemperatura otoczenia: Zakres temperatur roboczych wynosi od -40\u2103 do +55\u2103, a wilgotno\u015b\u0107 wzgl\u0119dna nie przekracza 90%.<br \/>\nPrze\u0142o\u017cenie: 1:13, 1:17, 1:46, 1:60, 1:78, 1:210, 1:274, 1:960<br \/>\nDok\u0142adno\u015b\u0107 powtarzania pozycjonowania: B\u0142\u0105d k\u0105towy krzywki pami\u0119ci nie przekracza 0,005 radian\u00f3w (oko\u0142o 0,3 stopnia).<br \/>\nNapi\u0119cie znamionowe: Znamionowe napi\u0119cie robocze wynosi 125-250 V AC lub 30 V DC.<br \/>\nPr\u0105d znamionowy: Znamionowy pr\u0105d roboczy wynosi 6 A (AC) lub 4 A (DC).<\/p>","protected":false},"featured_media":7482,"template":"","meta":{"_kad_post_transparent":"default","_kad_post_title":"","_kad_post_layout":"default","_kad_post_sidebar_id":"","_kad_post_content_style":"default","_kad_post_vertical_padding":"show","_kad_post_feature":"","_kad_post_feature_position":"","_kad_post_header":false,"_kad_post_footer":false},"product_brand":[],"product_cat":[65],"product_tag":[632,622,376,634,612,616,626,627,629,613,617,620,615,614,618,628,619,621,623,630,635,633,625,631,624],"class_list":{"0":"post-5777","1":"product","2":"type-product","3":"status-publish","4":"has-post-thumbnail","6":"product_cat-crane-electrical-parts","7":"product_tag-aviation-plug","8":"product_tag-cable-trolley","9":"product_tag-china-crane-parts-supplier","10":"product_tag-crane-aviation-plug","11":"product_tag-crane-cable-trolley","12":"product_tag-crane-control-cabinet","13":"product_tag-crane-control-handle","14":"product_tag-crane-controls","15":"product_tag-crane-electrical-control-cabinet","16":"product_tag-crane-electrical-part","17":"product_tag-crane-limit-switch","18":"product_tag-crane-overload-limiter","19":"product_tag-crane-pendant-controller","20":"product_tag-crane-remote-controller","21":"product_tag-crane-sound-and-light-alarm","22":"product_tag-electrical-control-cabinet","23":"product_tag-heavy-duty-aviation-connector","24":"product_tag-i-beam-cable-trolley","25":"product_tag-i-beam-cable-trolley-supplier","26":"product_tag-limit-switch","27":"product_tag-overload-limiter","28":"product_tag-quick-connector","29":"product_tag-remote-controller","30":"product_tag-sound-and-light-alarm","31":"product_tag-wireless-remote-control","33":"first","34":"instock","35":"shipping-taxable","36":"product-type-simple","37":"entry","38":"content-bg","39":"loop-entry"},"yoast_head":"<!-- This site is optimized with the Yoast SEO plugin v24.5 - https:\/\/yoast.com\/wordpress\/plugins\/seo\/ -->\n<title>Crane limit switch -\u200cDXZ limit switch-lifting rotation limit switch- Crane Parts Manufacturer<\/title>\n<meta name=\"description\" content=\"Infrared anti-collision device,cross limit switch,heavy hammer limit switch,lifting rotation limit switch,Limit switch manufacturer,Crane limit switch\" \/>\n<meta name=\"robots\" content=\"index, follow, max-snippet:-1, max-image-preview:large, max-video-preview:-1\" \/>\n<link rel=\"canonical\" href=\"https:\/\/www.hnhlcranes.com\/pl\/produkt\/wylacznik-krancowy-dzwigu\/\" \/>\n<meta property=\"og:locale\" content=\"pl_PL\" \/>\n<meta property=\"og:type\" content=\"article\" \/>\n<meta property=\"og:title\" content=\"Crane limit switch -\u200cDXZ limit switch-lifting rotation limit switch- Crane Parts Manufacturer\" \/>\n<meta property=\"og:description\" content=\"Infrared anti-collision device,cross limit switch,heavy hammer limit switch,lifting rotation limit switch,Limit switch manufacturer,Crane limit switch\" \/>\n<meta property=\"og:url\" content=\"https:\/\/www.hnhlcranes.com\/pl\/produkt\/wylacznik-krancowy-dzwigu\/\" \/>\n<meta property=\"og:site_name\" content=\"Crane Parts Manufacturer\" \/>\n<meta property=\"article:modified_time\" content=\"2025-01-15T04:35:57+00:00\" \/>\n<meta property=\"og:image\" content=\"https:\/\/www.hnhlcranes.com\/wp-content\/uploads\/2024\/12\/Crane-limit-switch.jpg\" \/>\n\t<meta property=\"og:image:width\" content=\"600\" \/>\n\t<meta property=\"og:image:height\" content=\"600\" \/>\n\t<meta property=\"og:image:type\" content=\"image\/jpeg\" \/>\n<meta name=\"twitter:card\" content=\"summary_large_image\" \/>\n<meta name=\"twitter:label1\" content=\"Szacowany czas czytania\" \/>\n\t<meta name=\"twitter:data1\" content=\"2 minuty\" \/>\n<script type=\"application\/ld+json\" class=\"yoast-schema-graph\">{\"@context\":\"https:\/\/schema.org\",\"@graph\":[{\"@type\":\"WebPage\",\"@id\":\"https:\/\/www.hnhlcranes.com\/product\/crane-limit-switch\/\",\"url\":\"https:\/\/www.hnhlcranes.com\/product\/crane-limit-switch\/\",\"name\":\"Crane limit switch -\u200cDXZ limit switch-lifting rotation limit switch- Crane Parts Manufacturer\",\"isPartOf\":{\"@id\":\"https:\/\/www.hnhlcranes.com\/#website\"},\"primaryImageOfPage\":{\"@id\":\"https:\/\/www.hnhlcranes.com\/product\/crane-limit-switch\/#primaryimage\"},\"image\":{\"@id\":\"https:\/\/www.hnhlcranes.com\/product\/crane-limit-switch\/#primaryimage\"},\"thumbnailUrl\":\"https:\/\/www.hnhlcranes.com\/wp-content\/uploads\/2024\/12\/Crane-limit-switch.jpg\",\"datePublished\":\"2024-12-05T16:21:10+00:00\",\"dateModified\":\"2025-01-15T04:35:57+00:00\",\"description\":\"Infrared anti-collision device,cross limit switch,heavy hammer limit switch,lifting rotation limit switch,Limit switch manufacturer,Crane limit switch\",\"breadcrumb\":{\"@id\":\"https:\/\/www.hnhlcranes.com\/product\/crane-limit-switch\/#breadcrumb\"},\"inLanguage\":\"pl-PL\",\"potentialAction\":[{\"@type\":\"ReadAction\",\"target\":[\"https:\/\/www.hnhlcranes.com\/product\/crane-limit-switch\/\"]}]},{\"@type\":\"ImageObject\",\"inLanguage\":\"pl-PL\",\"@id\":\"https:\/\/www.hnhlcranes.com\/product\/crane-limit-switch\/#primaryimage\",\"url\":\"https:\/\/www.hnhlcranes.com\/wp-content\/uploads\/2024\/12\/Crane-limit-switch.jpg\",\"contentUrl\":\"https:\/\/www.hnhlcranes.com\/wp-content\/uploads\/2024\/12\/Crane-limit-switch.jpg\",\"width\":600,\"height\":600},{\"@type\":\"BreadcrumbList\",\"@id\":\"https:\/\/www.hnhlcranes.com\/product\/crane-limit-switch\/#breadcrumb\",\"itemListElement\":[{\"@type\":\"ListItem\",\"position\":1,\"name\":\"home\",\"item\":\"https:\/\/www.hnhlcranes.com\/\"},{\"@type\":\"ListItem\",\"position\":2,\"name\":\"products\",\"item\":\"https:\/\/www.hnhlcranes.com\/products\/\"},{\"@type\":\"ListItem\",\"position\":3,\"name\":\"Crane limit switch\"}]},{\"@type\":\"WebSite\",\"@id\":\"https:\/\/www.hnhlcranes.com\/#website\",\"url\":\"https:\/\/www.hnhlcranes.com\/\",\"name\":\"Crane Parts Manufacturer\",\"description\":\"Crane Wheels,Crane Drums,Crane Hooks,Crane Coupling,Crane End Carriage,Electric Hoist,European Crane Parts,Crane Rail Clip,Crane Spreader,Crane Motor,Crane Reducer,Crane Brake,Light Crane Parts,Workstation Crane Parts,Crane Electrical Parts,China Crane Parts Supplier,China Crane Parts Manufacturer,Angle box type crane wheel,45 degree split crane wheel,European crane wheel,Crane Wheel Blocks,Overhead crane drum,European crane drum,Overhead crane hook,European crane hook,Crane pulley block,Gear coupling,Brake wheel coupling,Drum gear coupling,Brake wheel drum gear coupling,Cardan Shaft Coupling,WZL drum coupling,Plum blossom elastic coupling,Brake wheel plum elastic coupling,European Single girder crane end carriage,European Double girder crane end carriage,European Suspension  crane end carriage,Wire Rope Electric Hoist,Electric Chain Hoist,European Single Girder Wire Rope Electric Hoist,European Double Girder Wire Rope Electric Hoist,Crane grab,Container spreader,Billet crane clamps,C-type hook,Lifting Electromagnet,YZR crane motor,YZP crane motor,ZQ Reducer,ZSC Reducer,QJ Reducer,QJ-L Reducer,QJY Reducer,H series gearbox,F Series Gear Motor,K Series Gear Motor,R Series Gear Motor,travelling machinery gear motor,Electro hydraulic drum brake,Electro hydraulic disc brake,Crane Safety brake,Crane cable trolley,Crane remote controller,Crane pendant controller,Crane electrical control cabinet,Crane limit switch,Crane sound and light alarm,Heavy Duty Aviation Connector,Crane overload limiter\",\"publisher\":{\"@id\":\"https:\/\/www.hnhlcranes.com\/#organization\"},\"potentialAction\":[{\"@type\":\"SearchAction\",\"target\":{\"@type\":\"EntryPoint\",\"urlTemplate\":\"https:\/\/www.hnhlcranes.com\/?s={search_term_string}\"},\"query-input\":{\"@type\":\"PropertyValueSpecification\",\"valueRequired\":true,\"valueName\":\"search_term_string\"}}],\"inLanguage\":\"pl-PL\"},{\"@type\":\"Organization\",\"@id\":\"https:\/\/www.hnhlcranes.com\/#organization\",\"name\":\"Crane Parts Manufacturer\",\"url\":\"https:\/\/www.hnhlcranes.com\/\",\"logo\":{\"@type\":\"ImageObject\",\"inLanguage\":\"pl-PL\",\"@id\":\"https:\/\/www.hnhlcranes.com\/#\/schema\/logo\/image\/\",\"url\":\"https:\/\/www.hnhlcranes.com\/wp-content\/uploads\/2025\/01\/HL-logo-1.png\",\"contentUrl\":\"https:\/\/www.hnhlcranes.com\/wp-content\/uploads\/2025\/01\/HL-logo-1.png\",\"width\":600,\"height\":169,\"caption\":\"Crane Parts Manufacturer\"},\"image\":{\"@id\":\"https:\/\/www.hnhlcranes.com\/#\/schema\/logo\/image\/\"}}]}<\/script>\n<!-- \/ Yoast SEO plugin. -->","yoast_head_json":{"title":"Crane limit switch -\u200cDXZ limit switch-lifting rotation limit switch- Crane Parts Manufacturer","description":"Infrared anti-collision device,cross limit switch,heavy hammer limit switch,lifting rotation limit switch,Limit switch manufacturer,Crane limit switch","robots":{"index":"index","follow":"follow","max-snippet":"max-snippet:-1","max-image-preview":"max-image-preview:large","max-video-preview":"max-video-preview:-1"},"canonical":"https:\/\/www.hnhlcranes.com\/pl\/produkt\/wylacznik-krancowy-dzwigu\/","og_locale":"pl_PL","og_type":"article","og_title":"Crane limit switch -\u200cDXZ limit switch-lifting rotation limit switch- Crane Parts Manufacturer","og_description":"Infrared anti-collision device,cross limit switch,heavy hammer limit switch,lifting rotation limit switch,Limit switch manufacturer,Crane limit switch","og_url":"https:\/\/www.hnhlcranes.com\/pl\/produkt\/wylacznik-krancowy-dzwigu\/","og_site_name":"Crane Parts Manufacturer","article_modified_time":"2025-01-15T04:35:57+00:00","og_image":[{"width":600,"height":600,"url":"https:\/\/www.hnhlcranes.com\/wp-content\/uploads\/2024\/12\/Crane-limit-switch.jpg","type":"image\/jpeg"}],"twitter_card":"summary_large_image","twitter_misc":{"Szacowany czas czytania":"2 minuty"},"schema":{"@context":"https:\/\/schema.org","@graph":[{"@type":"WebPage","@id":"https:\/\/www.hnhlcranes.com\/product\/crane-limit-switch\/","url":"https:\/\/www.hnhlcranes.com\/product\/crane-limit-switch\/","name":"Crane limit switch -\u200cDXZ limit switch-lifting rotation limit switch- Crane Parts Manufacturer","isPartOf":{"@id":"https:\/\/www.hnhlcranes.com\/#website"},"primaryImageOfPage":{"@id":"https:\/\/www.hnhlcranes.com\/product\/crane-limit-switch\/#primaryimage"},"image":{"@id":"https:\/\/www.hnhlcranes.com\/product\/crane-limit-switch\/#primaryimage"},"thumbnailUrl":"https:\/\/www.hnhlcranes.com\/wp-content\/uploads\/2024\/12\/Crane-limit-switch.jpg","datePublished":"2024-12-05T16:21:10+00:00","dateModified":"2025-01-15T04:35:57+00:00","description":"Infrared anti-collision device,cross limit switch,heavy hammer limit switch,lifting rotation limit switch,Limit switch manufacturer,Crane limit switch","breadcrumb":{"@id":"https:\/\/www.hnhlcranes.com\/product\/crane-limit-switch\/#breadcrumb"},"inLanguage":"pl-PL","potentialAction":[{"@type":"ReadAction","target":["https:\/\/www.hnhlcranes.com\/product\/crane-limit-switch\/"]}]},{"@type":"ImageObject","inLanguage":"pl-PL","@id":"https:\/\/www.hnhlcranes.com\/product\/crane-limit-switch\/#primaryimage","url":"https:\/\/www.hnhlcranes.com\/wp-content\/uploads\/2024\/12\/Crane-limit-switch.jpg","contentUrl":"https:\/\/www.hnhlcranes.com\/wp-content\/uploads\/2024\/12\/Crane-limit-switch.jpg","width":600,"height":600},{"@type":"BreadcrumbList","@id":"https:\/\/www.hnhlcranes.com\/product\/crane-limit-switch\/#breadcrumb","itemListElement":[{"@type":"ListItem","position":1,"name":"home","item":"https:\/\/www.hnhlcranes.com\/"},{"@type":"ListItem","position":2,"name":"products","item":"https:\/\/www.hnhlcranes.com\/products\/"},{"@type":"ListItem","position":3,"name":"Crane limit switch"}]},{"@type":"WebSite","@id":"https:\/\/www.hnhlcranes.com\/#website","url":"https:\/\/www.hnhlcranes.com\/","name":"Crane Parts Manufacturer","description":"Crane Wheels,Crane Drums,Crane Hooks,Crane Coupling,Crane End Carriage,Electric Hoist,European Crane Parts,Crane Rail Clip,Crane Spreader,Crane Motor,Crane Reducer,Crane Brake,Light Crane Parts,Workstation Crane Parts,Crane Electrical Parts,China Crane Parts Supplier,China Crane Parts Manufacturer,Angle box type crane wheel,45 degree split crane wheel,European crane wheel,Crane Wheel Blocks,Overhead crane drum,European crane drum,Overhead crane hook,European crane hook,Crane pulley block,Gear coupling,Brake wheel coupling,Drum gear coupling,Brake wheel drum gear coupling,Cardan Shaft Coupling,WZL drum coupling,Plum blossom elastic coupling,Brake wheel plum elastic coupling,European Single girder crane end carriage,European Double girder crane end carriage,European Suspension  crane end carriage,Wire Rope Electric Hoist,Electric Chain Hoist,European Single Girder Wire Rope Electric Hoist,European Double Girder Wire Rope Electric Hoist,Crane grab,Container spreader,Billet crane clamps,C-type hook,Lifting Electromagnet,YZR crane motor,YZP crane motor,ZQ Reducer,ZSC Reducer,QJ Reducer,QJ-L Reducer,QJY Reducer,H series gearbox,F Series Gear Motor,K Series Gear Motor,R Series Gear Motor,travelling machinery gear motor,Electro hydraulic drum brake,Electro hydraulic disc brake,Crane Safety brake,Crane cable trolley,Crane remote controller,Crane pendant controller,Crane electrical control cabinet,Crane limit switch,Crane sound and light alarm,Heavy Duty Aviation Connector,Crane overload limiter","publisher":{"@id":"https:\/\/www.hnhlcranes.com\/#organization"},"potentialAction":[{"@type":"SearchAction","target":{"@type":"EntryPoint","urlTemplate":"https:\/\/www.hnhlcranes.com\/?s={search_term_string}"},"query-input":{"@type":"PropertyValueSpecification","valueRequired":true,"valueName":"search_term_string"}}],"inLanguage":"pl-PL"},{"@type":"Organization","@id":"https:\/\/www.hnhlcranes.com\/#organization","name":"Crane Parts Manufacturer","url":"https:\/\/www.hnhlcranes.com\/","logo":{"@type":"ImageObject","inLanguage":"pl-PL","@id":"https:\/\/www.hnhlcranes.com\/#\/schema\/logo\/image\/","url":"https:\/\/www.hnhlcranes.com\/wp-content\/uploads\/2025\/01\/HL-logo-1.png","contentUrl":"https:\/\/www.hnhlcranes.com\/wp-content\/uploads\/2025\/01\/HL-logo-1.png","width":600,"height":169,"caption":"Crane Parts Manufacturer"},"image":{"@id":"https:\/\/www.hnhlcranes.com\/#\/schema\/logo\/image\/"}}]}},"_links":{"self":[{"href":"https:\/\/www.hnhlcranes.com\/pl\/wp-json\/wp\/v2\/product\/5777","targetHints":{"allow":["GET"]}}],"collection":[{"href":"https:\/\/www.hnhlcranes.com\/pl\/wp-json\/wp\/v2\/product"}],"about":[{"href":"https:\/\/www.hnhlcranes.com\/pl\/wp-json\/wp\/v2\/types\/product"}],"version-history":[{"count":3,"href":"https:\/\/www.hnhlcranes.com\/pl\/wp-json\/wp\/v2\/product\/5777\/revisions"}],"predecessor-version":[{"id":7485,"href":"https:\/\/www.hnhlcranes.com\/pl\/wp-json\/wp\/v2\/product\/5777\/revisions\/7485"}],"wp:featuredmedia":[{"embeddable":true,"href":"https:\/\/www.hnhlcranes.com\/pl\/wp-json\/wp\/v2\/media\/7482"}],"wp:attachment":[{"href":"https:\/\/www.hnhlcranes.com\/pl\/wp-json\/wp\/v2\/media?parent=5777"}],"wp:term":[{"taxonomy":"product_brand","embeddable":true,"href":"https:\/\/www.hnhlcranes.com\/pl\/wp-json\/wp\/v2\/product_brand?post=5777"},{"taxonomy":"product_cat","embeddable":true,"href":"https:\/\/www.hnhlcranes.com\/pl\/wp-json\/wp\/v2\/product_cat?post=5777"},{"taxonomy":"product_tag","embeddable":true,"href":"https:\/\/www.hnhlcranes.com\/pl\/wp-json\/wp\/v2\/product_tag?post=5777"}],"curies":[{"name":"wp","href":"https:\/\/api.w.org\/{rel}","templated":true}]}}