{"id":5790,"date":"2024-12-06T00:55:21","date_gmt":"2024-12-05T16:55:21","guid":{"rendered":"https:\/\/www.hnhlcranes.com\/?post_type=product&#038;p=5790"},"modified":"2025-01-16T12:10:37","modified_gmt":"2025-01-16T04:10:37","slug":"alarm-dzwiekowy-i-swietlny-dzwigu","status":"publish","type":"product","link":"https:\/\/www.hnhlcranes.com\/pl\/produkt\/alarm-dzwiekowy-i-swietlny-dzwigu\/","title":{"rendered":"Alarm d\u017awi\u0119kowy i \u015bwietlny d\u017awigu"},"content":{"rendered":"<h3>Cechy i specyfikacja alarmu d\u017awi\u0119kowego i \u015bwietlnego d\u017awigu<\/h3>\n<h4><strong>Cechy<\/strong><\/h4>\n<ol>\n<li><strong>Podw\u00f3jny system ostrzegania:<\/strong>\n<ul>\n<li>Alarm d\u017awi\u0119kowy i \u015bwietlny d\u017awigu \u0142\u0105czy w sobie sygna\u0142y d\u017awi\u0119kowe i wizualne, aby skutecznie przyci\u0105ga\u0107 uwag\u0119 personelu znajduj\u0105cego si\u0119 w pobli\u017cu, zapewniaj\u0105c terminowe ostrzeganie o potencjalnych zagro\u017ceniach w r\u00f3\u017cnych \u015brodowiskach pracy.<\/li>\n<\/ul>\n<\/li>\n<li><strong>Wysoka widoczno\u015b\u0107 i g\u0142o\u015bno\u015b\u0107:<\/strong>\n<ul>\n<li>Alarm \u015bwietlny wykorzystuje migaj\u0105ce \u015bwiat\u0142a o wysokiej jasno\u015bci, zazwyczaj w kolorze czerwonym, \u017c\u00f3\u0142tym lub niebieskim, zapewniaj\u0105c doskona\u0142\u0105 widoczno\u015b\u0107 nawet w s\u0142abym o\u015bwietleniu lub ha\u0142a\u015bliwym otoczeniu. Alarm d\u017awi\u0119kowy emituje g\u0142o\u015bny d\u017awi\u0119k ostrzegawczy o regulowanej g\u0142o\u015bno\u015bci i cz\u0119stotliwo\u015bci, zapewniaj\u0105c skuteczne ostrzeganie w r\u00f3\u017cnych warunkach.<\/li>\n<\/ul>\n<\/li>\n<li><strong>Regulowane ustawienia:<\/strong>\n<ul>\n<li>U\u017cytkownicy mog\u0105 dostosowa\u0107 zar\u00f3wno g\u0142o\u015bno\u015b\u0107 d\u017awi\u0119ku, jak i intensywno\u015b\u0107 \u015bwiat\u0142a lub tryb migania w zale\u017cno\u015bci od \u015brodowiska pracy, spe\u0142niaj\u0105c r\u00f3\u017cne wymogi bezpiecze\u0144stwa.<\/li>\n<\/ul>\n<\/li>\n<li><strong>Trwa\u0142o\u015b\u0107 i ochrona:<\/strong>\n<ul>\n<li>Alarmy te zosta\u0142y zaprojektowane tak, aby by\u0142y wodoodporne, py\u0142oszczelne i odporne na wstrz\u0105sy, dzi\u0119ki czemu nadaj\u0105 si\u0119 do trudnych warunk\u00f3w pracy i zapewniaj\u0105 niezawodne dzia\u0142anie przez d\u0142ugi czas.<\/li>\n<\/ul>\n<\/li>\n<li><strong>Elastyczna instalacja:<\/strong>\n<ul>\n<li>Urz\u0105dzenia te s\u0105 przeznaczone do u\u017cytku z r\u00f3\u017cnymi typami \u017curawi (takimi jak \u017curawie wie\u017cowe, suwnice bramowe i \u017curawie samojezdne). Co wi\u0119cej, ich prosty proces instalacji pozwala na dostosowanie do r\u00f3\u017cnych potrzeb operacyjnych.<\/li>\n<\/ul>\n<\/li>\n<li><strong>Zwi\u0119kszone bezpiecze\u0144stwo na miejscu:<\/strong>\n<ul>\n<li>Zapewniaj\u0105c wczesne ostrzeganie pracownik\u00f3w, operator\u00f3w i os\u00f3b postronnych, alarmy te pomagaj\u0105 zmniejszy\u0107 prawdopodobie\u0144stwo wypadk\u00f3w, zw\u0142aszcza gdy d\u017awigi s\u0105 w ruchu, podnosz\u0105 ci\u0119\u017ckie \u0142adunki lub znajduj\u0105 si\u0119 w potencjalnie niebezpiecznych stanach.<\/li>\n<\/ul>\n<\/li>\n<\/ol>\n<h4><strong>Specyfikacje<\/strong><\/h4>\n<ol>\n<li><strong>Napi\u0119cie robocze:<\/strong>\n<ul>\n<li>Napi\u0119cie AC: 110 V, 220 V itp.<\/li>\n<li>Napi\u0119cie DC: 12 V, 24 V itp.<\/li>\n<\/ul>\n<\/li>\n<li><strong>Intensywno\u015b\u0107 d\u017awi\u0119ku:<\/strong>\n<ul>\n<li>Nat\u0119\u017cenie d\u017awi\u0119ku wynosi zazwyczaj od 85 dB do 120 dB, z mo\u017cliwo\u015bci\u0105 regulacji g\u0142o\u015bno\u015bci w zale\u017cno\u015bci od otoczenia.<\/li>\n<\/ul>\n<\/li>\n<li><strong>Typ \u015bwiat\u0142a:<\/strong>\n<ul>\n<li>Migaj\u0105ce \u015bwiat\u0142a to zazwyczaj diody LED, oferuj\u0105ce wysok\u0105 jasno\u015b\u0107 i d\u0142ug\u0105 \u017cywotno\u015b\u0107. Kolory \u015bwiat\u0142a mo\u017cna wybra\u0107 zgodnie z wymaganiami, w tym czerwony, \u017c\u00f3\u0142ty lub niebieski.<\/li>\n<\/ul>\n<\/li>\n<li><strong>Cz\u0119stotliwo\u015b\u0107 migania:<\/strong>\n<ul>\n<li>Cz\u0119stotliwo\u015b\u0107 migania wynosi zazwyczaj od 60 do 120 b\u0142ysk\u00f3w na minut\u0119, z mo\u017cliwo\u015bci\u0105 regulacji w zale\u017cno\u015bci od \u015brodowiska u\u017cytkowania.<\/li>\n<\/ul>\n<\/li>\n<li><strong>Poziom ochrony:<\/strong>\n<ul>\n<li>Stopie\u0144 ochrony wynosi zazwyczaj IP65 lub wy\u017cszy, co zapewnia prawid\u0142owe dzia\u0142anie urz\u0105dzenia w \u015brodowiskach o du\u017cej wilgotno\u015bci lub wysokim poziomie zapylenia.<\/li>\n<\/ul>\n<\/li>\n<li><strong>Zakres temperatur pracy:<\/strong>\n<ul>\n<li>Typowy zakres temperatur pracy wynosi od -20\u00b0C do +60\u00b0C, dzi\u0119ki czemu nadaje si\u0119 do r\u00f3\u017cnych trudnych warunk\u00f3w.<\/li>\n<\/ul>\n<\/li>\n<li><strong>Metoda instalacji:<\/strong>\n<ul>\n<li>R\u00f3\u017cne metody instalacji, w tym opcje monta\u017cu na wsporniku, monta\u017cu ss\u0105cego i monta\u017cu na \u015bcianie, zapewniaj\u0105 elastyczno\u015b\u0107 instalacji w r\u00f3\u017cnych \u015brodowiskach.<\/li>\n<\/ul>\n<\/li>\n<li><strong>Pr\u0105d roboczy:<\/strong>\n<ul>\n<li>Pr\u0105d roboczy wynosi zazwyczaj od 0,2 A do 1 A, w zale\u017cno\u015bci od konkretnego modelu.<\/li>\n<\/ul>\n<\/li>\n<li><strong>\u017bywotno\u015b\u0107:<\/strong>\n<ul>\n<li>Lampy LED maj\u0105 zazwyczaj \u017cywotno\u015b\u0107 ponad 50 000 godzin, zapewniaj\u0105c d\u0142ugotrwa\u0142e i niezawodne u\u017cytkowanie.<\/li>\n<\/ul>\n<\/li>\n<\/ol>\n<h3>Wnioski<\/h3>\n<p>Podsumowuj\u0105c, alarmy d\u017awi\u0119kowe i \u015bwietlne d\u017awig\u00f3w zwi\u0119kszaj\u0105 bezpiecze\u0144stwo na miejscu, oferuj\u0105c zar\u00f3wno ostrze\u017cenia d\u017awi\u0119kowe, jak i wizualne, pomagaj\u0105c zapobiega\u0107 wypadkom podczas operacji d\u017awigowych. Dzi\u0119ki regulowanej g\u0142o\u015bno\u015bci i nat\u0119\u017ceniu \u015bwiat\u0142a, doskona\u0142ej trwa\u0142o\u015bci i elastycznym metodom instalacji, te systemy alarmowe maj\u0105 szerokie zastosowanie w r\u00f3\u017cnych \u015brodowiskach przemys\u0142owych. Ich zdolno\u015b\u0107 do dostarczania niezawodnych ostrze\u017ce\u0144 zapewnia bezpieczne i wydajne operacje d\u017awigowe w r\u00f3\u017cnych warunkach.<\/p>","protected":false},"excerpt":{"rendered":"<p><strong>Cechy alarmu d\u017awi\u0119kowego i \u015bwietlnego Crane\uff1a<\/strong><\/p>\n<ul>\n<li>\u0179r\u00f3d\u0142o \u015bwiat\u0142a LED o wysokiej jasno\u015bci<\/li>\n<li>G\u0142o\u015bne alerty d\u017awi\u0119kowe<\/li>\n<li>Obs\u0142uga wielu napi\u0119\u0107<\/li>\n<li>Obrotowe \u015bwiat\u0142o ostrzegawcze (opcja)<\/li>\n<li>Wysoki stopie\u0144 ochrony<\/li>\n<li>D\u0142uga \u017cywotno\u015b\u0107<\/li>\n<\/ul>","protected":false},"featured_media":7491,"template":"","meta":{"_kad_post_transparent":"default","_kad_post_title":"","_kad_post_layout":"default","_kad_post_sidebar_id":"","_kad_post_content_style":"default","_kad_post_vertical_padding":"show","_kad_post_feature":"","_kad_post_feature_position":"","_kad_post_header":false,"_kad_post_footer":false},"product_brand":[],"product_cat":[65],"product_tag":[632,622,376,634,612,616,626,627,629,613,617,620,615,614,618,628,619,621,623,630,635,633,625,631,624],"class_list":{"0":"post-5790","1":"product","2":"type-product","3":"status-publish","4":"has-post-thumbnail","6":"product_cat-crane-electrical-parts","7":"product_tag-aviation-plug","8":"product_tag-cable-trolley","9":"product_tag-china-crane-parts-supplier","10":"product_tag-crane-aviation-plug","11":"product_tag-crane-cable-trolley","12":"product_tag-crane-control-cabinet","13":"product_tag-crane-control-handle","14":"product_tag-crane-controls","15":"product_tag-crane-electrical-control-cabinet","16":"product_tag-crane-electrical-part","17":"product_tag-crane-limit-switch","18":"product_tag-crane-overload-limiter","19":"product_tag-crane-pendant-controller","20":"product_tag-crane-remote-controller","21":"product_tag-crane-sound-and-light-alarm","22":"product_tag-electrical-control-cabinet","23":"product_tag-heavy-duty-aviation-connector","24":"product_tag-i-beam-cable-trolley","25":"product_tag-i-beam-cable-trolley-supplier","26":"product_tag-limit-switch","27":"product_tag-overload-limiter","28":"product_tag-quick-connector","29":"product_tag-remote-controller","30":"product_tag-sound-and-light-alarm","31":"product_tag-wireless-remote-control","33":"first","34":"instock","35":"shipping-taxable","36":"product-type-simple","37":"entry","38":"content-bg","39":"loop-entry"},"yoast_head":"<!-- This site is optimized with the Yoast SEO plugin v24.5 - https:\/\/yoast.com\/wordpress\/plugins\/seo\/ -->\n<title>Crane sound and light alarm - Sound and light alarm- Crane Parts Manufacturer<\/title>\n<meta name=\"description\" content=\"Sound and light alarm,Crane Electrical Parts,Sound and light alarm manufacturer,Sound and light alarm Supplier,Crane Parts Supplier\" \/>\n<meta name=\"robots\" content=\"index, follow, max-snippet:-1, max-image-preview:large, max-video-preview:-1\" \/>\n<link rel=\"canonical\" href=\"https:\/\/www.hnhlcranes.com\/pl\/produkt\/alarm-dzwiekowy-i-swietlny-dzwigu\/\" \/>\n<meta property=\"og:locale\" content=\"pl_PL\" \/>\n<meta property=\"og:type\" content=\"article\" \/>\n<meta property=\"og:title\" content=\"Crane sound and light alarm - Sound and light alarm- Crane Parts Manufacturer\" \/>\n<meta property=\"og:description\" content=\"Sound and light alarm,Crane Electrical Parts,Sound and light alarm manufacturer,Sound and light alarm Supplier,Crane Parts Supplier\" \/>\n<meta property=\"og:url\" content=\"https:\/\/www.hnhlcranes.com\/pl\/produkt\/alarm-dzwiekowy-i-swietlny-dzwigu\/\" \/>\n<meta property=\"og:site_name\" content=\"Crane Parts Manufacturer\" \/>\n<meta property=\"article:modified_time\" content=\"2025-01-16T04:10:37+00:00\" \/>\n<meta property=\"og:image\" content=\"https:\/\/www.hnhlcranes.com\/wp-content\/uploads\/2024\/12\/Crane-sound-and-light-alarm.jpg\" \/>\n\t<meta property=\"og:image:width\" content=\"600\" \/>\n\t<meta property=\"og:image:height\" content=\"600\" \/>\n\t<meta property=\"og:image:type\" content=\"image\/jpeg\" \/>\n<meta name=\"twitter:card\" content=\"summary_large_image\" \/>\n<meta name=\"twitter:label1\" content=\"Szacowany czas czytania\" \/>\n\t<meta name=\"twitter:data1\" content=\"3 minuty\" \/>\n<script type=\"application\/ld+json\" class=\"yoast-schema-graph\">{\"@context\":\"https:\/\/schema.org\",\"@graph\":[{\"@type\":\"WebPage\",\"@id\":\"https:\/\/www.hnhlcranes.com\/product\/crane-sound-and-light-alarm\/\",\"url\":\"https:\/\/www.hnhlcranes.com\/product\/crane-sound-and-light-alarm\/\",\"name\":\"Crane sound and light alarm - Sound and light alarm- Crane Parts Manufacturer\",\"isPartOf\":{\"@id\":\"https:\/\/www.hnhlcranes.com\/#website\"},\"primaryImageOfPage\":{\"@id\":\"https:\/\/www.hnhlcranes.com\/product\/crane-sound-and-light-alarm\/#primaryimage\"},\"image\":{\"@id\":\"https:\/\/www.hnhlcranes.com\/product\/crane-sound-and-light-alarm\/#primaryimage\"},\"thumbnailUrl\":\"https:\/\/www.hnhlcranes.com\/wp-content\/uploads\/2024\/12\/Crane-sound-and-light-alarm.jpg\",\"datePublished\":\"2024-12-05T16:55:21+00:00\",\"dateModified\":\"2025-01-16T04:10:37+00:00\",\"description\":\"Sound and light alarm,Crane Electrical Parts,Sound and light alarm manufacturer,Sound and light alarm Supplier,Crane Parts Supplier\",\"breadcrumb\":{\"@id\":\"https:\/\/www.hnhlcranes.com\/product\/crane-sound-and-light-alarm\/#breadcrumb\"},\"inLanguage\":\"pl-PL\",\"potentialAction\":[{\"@type\":\"ReadAction\",\"target\":[\"https:\/\/www.hnhlcranes.com\/product\/crane-sound-and-light-alarm\/\"]}]},{\"@type\":\"ImageObject\",\"inLanguage\":\"pl-PL\",\"@id\":\"https:\/\/www.hnhlcranes.com\/product\/crane-sound-and-light-alarm\/#primaryimage\",\"url\":\"https:\/\/www.hnhlcranes.com\/wp-content\/uploads\/2024\/12\/Crane-sound-and-light-alarm.jpg\",\"contentUrl\":\"https:\/\/www.hnhlcranes.com\/wp-content\/uploads\/2024\/12\/Crane-sound-and-light-alarm.jpg\",\"width\":600,\"height\":600},{\"@type\":\"BreadcrumbList\",\"@id\":\"https:\/\/www.hnhlcranes.com\/product\/crane-sound-and-light-alarm\/#breadcrumb\",\"itemListElement\":[{\"@type\":\"ListItem\",\"position\":1,\"name\":\"home\",\"item\":\"https:\/\/www.hnhlcranes.com\/\"},{\"@type\":\"ListItem\",\"position\":2,\"name\":\"products\",\"item\":\"https:\/\/www.hnhlcranes.com\/products\/\"},{\"@type\":\"ListItem\",\"position\":3,\"name\":\"Crane sound and light alarm\"}]},{\"@type\":\"WebSite\",\"@id\":\"https:\/\/www.hnhlcranes.com\/#website\",\"url\":\"https:\/\/www.hnhlcranes.com\/\",\"name\":\"Crane Parts Manufacturer\",\"description\":\"Crane Wheels,Crane Drums,Crane Hooks,Crane Coupling,Crane End Carriage,Electric Hoist,European Crane Parts,Crane Rail Clip,Crane Spreader,Crane Motor,Crane Reducer,Crane Brake,Light Crane Parts,Workstation Crane Parts,Crane Electrical Parts,China Crane Parts Supplier,China Crane Parts Manufacturer,Angle box type crane wheel,45 degree split crane wheel,European crane wheel,Crane Wheel Blocks,Overhead crane drum,European crane drum,Overhead crane hook,European crane hook,Crane pulley block,Gear coupling,Brake wheel coupling,Drum gear coupling,Brake wheel drum gear coupling,Cardan Shaft Coupling,WZL drum coupling,Plum blossom elastic coupling,Brake wheel plum elastic coupling,European Single girder crane end carriage,European Double girder crane end carriage,European Suspension  crane end carriage,Wire Rope Electric Hoist,Electric Chain Hoist,European Single Girder Wire Rope Electric Hoist,European Double Girder Wire Rope Electric Hoist,Crane grab,Container spreader,Billet crane clamps,C-type hook,Lifting Electromagnet,YZR crane motor,YZP crane motor,ZQ Reducer,ZSC Reducer,QJ Reducer,QJ-L Reducer,QJY Reducer,H series gearbox,F Series Gear Motor,K Series Gear Motor,R Series Gear Motor,travelling machinery gear motor,Electro hydraulic drum brake,Electro hydraulic disc brake,Crane Safety brake,Crane cable trolley,Crane remote controller,Crane pendant controller,Crane electrical control cabinet,Crane limit switch,Crane sound and light alarm,Heavy Duty Aviation Connector,Crane overload limiter\",\"publisher\":{\"@id\":\"https:\/\/www.hnhlcranes.com\/#organization\"},\"potentialAction\":[{\"@type\":\"SearchAction\",\"target\":{\"@type\":\"EntryPoint\",\"urlTemplate\":\"https:\/\/www.hnhlcranes.com\/?s={search_term_string}\"},\"query-input\":{\"@type\":\"PropertyValueSpecification\",\"valueRequired\":true,\"valueName\":\"search_term_string\"}}],\"inLanguage\":\"pl-PL\"},{\"@type\":\"Organization\",\"@id\":\"https:\/\/www.hnhlcranes.com\/#organization\",\"name\":\"Crane Parts Manufacturer\",\"url\":\"https:\/\/www.hnhlcranes.com\/\",\"logo\":{\"@type\":\"ImageObject\",\"inLanguage\":\"pl-PL\",\"@id\":\"https:\/\/www.hnhlcranes.com\/#\/schema\/logo\/image\/\",\"url\":\"https:\/\/www.hnhlcranes.com\/wp-content\/uploads\/2025\/01\/HL-logo-1.png\",\"contentUrl\":\"https:\/\/www.hnhlcranes.com\/wp-content\/uploads\/2025\/01\/HL-logo-1.png\",\"width\":600,\"height\":169,\"caption\":\"Crane Parts Manufacturer\"},\"image\":{\"@id\":\"https:\/\/www.hnhlcranes.com\/#\/schema\/logo\/image\/\"}}]}<\/script>\n<!-- \/ Yoast SEO plugin. -->","yoast_head_json":{"title":"Crane sound and light alarm - Sound and light alarm- Crane Parts Manufacturer","description":"Sound and light alarm,Crane Electrical Parts,Sound and light alarm manufacturer,Sound and light alarm Supplier,Crane Parts Supplier","robots":{"index":"index","follow":"follow","max-snippet":"max-snippet:-1","max-image-preview":"max-image-preview:large","max-video-preview":"max-video-preview:-1"},"canonical":"https:\/\/www.hnhlcranes.com\/pl\/produkt\/alarm-dzwiekowy-i-swietlny-dzwigu\/","og_locale":"pl_PL","og_type":"article","og_title":"Crane sound and light alarm - Sound and light alarm- Crane Parts Manufacturer","og_description":"Sound and light alarm,Crane Electrical Parts,Sound and light alarm manufacturer,Sound and light alarm Supplier,Crane Parts Supplier","og_url":"https:\/\/www.hnhlcranes.com\/pl\/produkt\/alarm-dzwiekowy-i-swietlny-dzwigu\/","og_site_name":"Crane Parts Manufacturer","article_modified_time":"2025-01-16T04:10:37+00:00","og_image":[{"width":600,"height":600,"url":"https:\/\/www.hnhlcranes.com\/wp-content\/uploads\/2024\/12\/Crane-sound-and-light-alarm.jpg","type":"image\/jpeg"}],"twitter_card":"summary_large_image","twitter_misc":{"Szacowany czas czytania":"3 minuty"},"schema":{"@context":"https:\/\/schema.org","@graph":[{"@type":"WebPage","@id":"https:\/\/www.hnhlcranes.com\/product\/crane-sound-and-light-alarm\/","url":"https:\/\/www.hnhlcranes.com\/product\/crane-sound-and-light-alarm\/","name":"Crane sound and light alarm - Sound and light alarm- Crane Parts Manufacturer","isPartOf":{"@id":"https:\/\/www.hnhlcranes.com\/#website"},"primaryImageOfPage":{"@id":"https:\/\/www.hnhlcranes.com\/product\/crane-sound-and-light-alarm\/#primaryimage"},"image":{"@id":"https:\/\/www.hnhlcranes.com\/product\/crane-sound-and-light-alarm\/#primaryimage"},"thumbnailUrl":"https:\/\/www.hnhlcranes.com\/wp-content\/uploads\/2024\/12\/Crane-sound-and-light-alarm.jpg","datePublished":"2024-12-05T16:55:21+00:00","dateModified":"2025-01-16T04:10:37+00:00","description":"Sound and light alarm,Crane Electrical Parts,Sound and light alarm manufacturer,Sound and light alarm Supplier,Crane Parts Supplier","breadcrumb":{"@id":"https:\/\/www.hnhlcranes.com\/product\/crane-sound-and-light-alarm\/#breadcrumb"},"inLanguage":"pl-PL","potentialAction":[{"@type":"ReadAction","target":["https:\/\/www.hnhlcranes.com\/product\/crane-sound-and-light-alarm\/"]}]},{"@type":"ImageObject","inLanguage":"pl-PL","@id":"https:\/\/www.hnhlcranes.com\/product\/crane-sound-and-light-alarm\/#primaryimage","url":"https:\/\/www.hnhlcranes.com\/wp-content\/uploads\/2024\/12\/Crane-sound-and-light-alarm.jpg","contentUrl":"https:\/\/www.hnhlcranes.com\/wp-content\/uploads\/2024\/12\/Crane-sound-and-light-alarm.jpg","width":600,"height":600},{"@type":"BreadcrumbList","@id":"https:\/\/www.hnhlcranes.com\/product\/crane-sound-and-light-alarm\/#breadcrumb","itemListElement":[{"@type":"ListItem","position":1,"name":"home","item":"https:\/\/www.hnhlcranes.com\/"},{"@type":"ListItem","position":2,"name":"products","item":"https:\/\/www.hnhlcranes.com\/products\/"},{"@type":"ListItem","position":3,"name":"Crane sound and light alarm"}]},{"@type":"WebSite","@id":"https:\/\/www.hnhlcranes.com\/#website","url":"https:\/\/www.hnhlcranes.com\/","name":"Crane Parts Manufacturer","description":"Crane Wheels,Crane Drums,Crane Hooks,Crane Coupling,Crane End Carriage,Electric Hoist,European Crane Parts,Crane Rail Clip,Crane Spreader,Crane Motor,Crane Reducer,Crane Brake,Light Crane Parts,Workstation Crane Parts,Crane Electrical Parts,China Crane Parts Supplier,China Crane Parts Manufacturer,Angle box type crane wheel,45 degree split crane wheel,European crane wheel,Crane Wheel Blocks,Overhead crane drum,European crane drum,Overhead crane hook,European crane hook,Crane pulley block,Gear coupling,Brake wheel coupling,Drum gear coupling,Brake wheel drum gear coupling,Cardan Shaft Coupling,WZL drum coupling,Plum blossom elastic coupling,Brake wheel plum elastic coupling,European Single girder crane end carriage,European Double girder crane end carriage,European Suspension  crane end carriage,Wire Rope Electric Hoist,Electric Chain Hoist,European Single Girder Wire Rope Electric Hoist,European Double Girder Wire Rope Electric Hoist,Crane grab,Container spreader,Billet crane clamps,C-type hook,Lifting Electromagnet,YZR crane motor,YZP crane motor,ZQ Reducer,ZSC Reducer,QJ Reducer,QJ-L Reducer,QJY Reducer,H series gearbox,F Series Gear Motor,K Series Gear Motor,R Series Gear Motor,travelling machinery gear motor,Electro hydraulic drum brake,Electro hydraulic disc brake,Crane Safety brake,Crane cable trolley,Crane remote controller,Crane pendant controller,Crane electrical control cabinet,Crane limit switch,Crane sound and light alarm,Heavy Duty Aviation Connector,Crane overload limiter","publisher":{"@id":"https:\/\/www.hnhlcranes.com\/#organization"},"potentialAction":[{"@type":"SearchAction","target":{"@type":"EntryPoint","urlTemplate":"https:\/\/www.hnhlcranes.com\/?s={search_term_string}"},"query-input":{"@type":"PropertyValueSpecification","valueRequired":true,"valueName":"search_term_string"}}],"inLanguage":"pl-PL"},{"@type":"Organization","@id":"https:\/\/www.hnhlcranes.com\/#organization","name":"Crane Parts Manufacturer","url":"https:\/\/www.hnhlcranes.com\/","logo":{"@type":"ImageObject","inLanguage":"pl-PL","@id":"https:\/\/www.hnhlcranes.com\/#\/schema\/logo\/image\/","url":"https:\/\/www.hnhlcranes.com\/wp-content\/uploads\/2025\/01\/HL-logo-1.png","contentUrl":"https:\/\/www.hnhlcranes.com\/wp-content\/uploads\/2025\/01\/HL-logo-1.png","width":600,"height":169,"caption":"Crane Parts Manufacturer"},"image":{"@id":"https:\/\/www.hnhlcranes.com\/#\/schema\/logo\/image\/"}}]}},"_links":{"self":[{"href":"https:\/\/www.hnhlcranes.com\/pl\/wp-json\/wp\/v2\/product\/5790","targetHints":{"allow":["GET"]}}],"collection":[{"href":"https:\/\/www.hnhlcranes.com\/pl\/wp-json\/wp\/v2\/product"}],"about":[{"href":"https:\/\/www.hnhlcranes.com\/pl\/wp-json\/wp\/v2\/types\/product"}],"version-history":[{"count":4,"href":"https:\/\/www.hnhlcranes.com\/pl\/wp-json\/wp\/v2\/product\/5790\/revisions"}],"predecessor-version":[{"id":7494,"href":"https:\/\/www.hnhlcranes.com\/pl\/wp-json\/wp\/v2\/product\/5790\/revisions\/7494"}],"wp:featuredmedia":[{"embeddable":true,"href":"https:\/\/www.hnhlcranes.com\/pl\/wp-json\/wp\/v2\/media\/7491"}],"wp:attachment":[{"href":"https:\/\/www.hnhlcranes.com\/pl\/wp-json\/wp\/v2\/media?parent=5790"}],"wp:term":[{"taxonomy":"product_brand","embeddable":true,"href":"https:\/\/www.hnhlcranes.com\/pl\/wp-json\/wp\/v2\/product_brand?post=5790"},{"taxonomy":"product_cat","embeddable":true,"href":"https:\/\/www.hnhlcranes.com\/pl\/wp-json\/wp\/v2\/product_cat?post=5790"},{"taxonomy":"product_tag","embeddable":true,"href":"https:\/\/www.hnhlcranes.com\/pl\/wp-json\/wp\/v2\/product_tag?post=5790"}],"curies":[{"name":"wp","href":"https:\/\/api.w.org\/{rel}","templated":true}]}}