{"id":5820,"date":"2024-12-06T01:29:13","date_gmt":"2024-12-05T17:29:13","guid":{"rendered":"https:\/\/www.hnhlcranes.com\/?post_type=product&#038;p=5820"},"modified":"2025-01-16T16:14:10","modified_gmt":"2025-01-16T08:14:10","slug":"ogranicznik-przeciazenia-dzwigu","status":"publish","type":"product","link":"https:\/\/www.hnhlcranes.com\/pl\/produkt\/ogranicznik-przeciazenia-dzwigu\/","title":{"rendered":"Ogranicznik przeci\u0105\u017cenia d\u017awigu"},"content":{"rendered":"<div class=\"flex-1 overflow-hidden\">\n<div class=\"h-full\">\n<div class=\"react-scroll-to-bottom--css-fbdqh-79elbk h-full\">\n<div class=\"react-scroll-to-bottom--css-fbdqh-1n7m0yu\">\n<div class=\"flex flex-col text-sm md:pb-9\">\n<article class=\"w-full scroll-mb-[var(--thread-trailing-height,150px)] text-token-text-primary focus-visible:outline-2 focus-visible:outline-offset-[-4px]\" dir=\"auto\" data-testid=\"conversation-turn-17\" data-scroll-anchor=\"true\">\n<div class=\"m-auto text-base py-[18px] px-3 md:px-4 w-full md:px-5 lg:px-4 xl:px-5\">\n<div class=\"mx-auto flex flex-1 gap-4 text-base md:gap-5 lg:gap-6 md:max-w-3xl lg:max-w-[40rem] xl:max-w-[48rem]\">\n<div class=\"group\/conversation-turn relative flex w-full min-w-0 flex-col agent-turn\">\n<div class=\"flex-col gap-1 md:gap-3\">\n<div class=\"flex max-w-full flex-col flex-grow\">\n<div class=\"min-h-8 text-message flex w-full flex-col items-end gap-2 whitespace-normal break-words text-start [.text-message+&amp;]:mt-5\" dir=\"auto\" data-message-author-role=\"assistant\" data-message-id=\"6538a722-2ad3-40cd-9770-c47786dcb06e\" data-message-model-slug=\"gpt-4o\">\n<div class=\"flex w-full flex-col gap-1 empty:hidden first:pt-[3px]\">\n<div class=\"markdown prose w-full break-words dark:prose-invert light\">\n<div class=\"flex max-w-full flex-col flex-grow\">\n<div class=\"min-h-8 text-message flex w-full flex-col items-end gap-2 whitespace-normal break-words text-start [.text-message+&amp;]:mt-5\" dir=\"auto\" data-message-author-role=\"assistant\" data-message-id=\"4161658d-c029-4f43-843c-307ecec1274a\" data-message-model-slug=\"gpt-4o\">\n<div class=\"flex w-full flex-col gap-1 empty:hidden first:pt-[3px]\">\n<div class=\"markdown prose w-full break-words dark:prose-invert light\">\n<h3><strong>Przydatno\u015b\u0107 dla \u015brodowiska <\/strong>Ogranicznik przeci\u0105\u017cenia d\u017awigu<\/h3>\n<ol>\n<li><strong>\u015arodowiska o wysokiej i niskiej temperaturze:<\/strong>\n<ul>\n<li>Ograniczniki przeci\u0105\u017cenia Crane s\u0105 w stanie dzia\u0142a\u0107 niezawodnie w szerokim zakresie temperatur, zazwyczaj od -40\u00b0C do +85\u00b0C, dzi\u0119ki czemu nadaj\u0105 si\u0119 zar\u00f3wno do pracy w wysokich, jak i niskich temperaturach.<\/li>\n<\/ul>\n<\/li>\n<li><strong>Wilgotne i wodoodporne \u015brodowisko:<\/strong>\n<ul>\n<li>Ograniczniki te maj\u0105 zazwyczaj stopie\u0144 ochrony IP65 lub wy\u017cszy, co zapobiega przedostawaniu si\u0119 wody i py\u0142u do wn\u0119trza urz\u0105dzenia. Dzi\u0119ki temu idealnie nadaj\u0105 si\u0119 do u\u017cytku w wilgotnych, zakurzonych lub trudnych warunkach pogodowych.<\/li>\n<\/ul>\n<\/li>\n<\/ol>\n<h3><strong>G\u0142\u00f3wne funkcje <\/strong>Ogranicznik przeci\u0105\u017cenia d\u017awigu<\/h3>\n<ol>\n<li><strong>Monitorowanie obci\u0105\u017cenia i zapobieganie przeci\u0105\u017ceniom:<\/strong>\n<ul>\n<li>Ogranicznik przeci\u0105\u017cenia stale monitoruje obci\u0105\u017cenie haka i por\u00f3wnuje je z ud\u017awigiem znamionowym \u017curawia. Je\u015bli obci\u0105\u017cenie przekracza bezpieczny limit, system automatycznie ogranicza dalsze operacje podnoszenia.<\/li>\n<\/ul>\n<\/li>\n<li><strong>Alarm automatyczny:<\/strong>\n<ul>\n<li>Gdy obci\u0105\u017cenie zbli\u017ca si\u0119 lub przekracza pr\u00f3g bezpiecze\u0144stwa, system uruchamia alarm, w tym sygna\u0142y d\u017awi\u0119kowe i wizualne, ostrzegaj\u0105c operatora o podj\u0119ciu dzia\u0142a\u0144 naprawczych i zapobiegaj\u0105c dalszemu przeci\u0105\u017ceniu.<\/li>\n<\/ul>\n<\/li>\n<li><strong>Ochrona operacyjna:<\/strong>\n<ul>\n<li>Ogranicznik przeci\u0105\u017cenia mo\u017ce wsp\u00f3\u0142pracowa\u0107 z systemem sterowania \u017curawia w celu automatycznego zmniejszenia pr\u0119dko\u015bci podnoszenia lub ca\u0142kowitego zatrzymania dalszych operacji podnoszenia, zapobiegaj\u0105c uszkodzeniom sprz\u0119tu lub zagro\u017ceniom bezpiecze\u0144stwa spowodowanym przeci\u0105\u017ceniem.<\/li>\n<\/ul>\n<\/li>\n<li><strong>Przechowywanie i analiza danych:<\/strong>\n<ul>\n<li>Ogranicznik jest zwykle wyposa\u017cony w funkcje przechowywania danych, co pozwala na rejestrowanie historycznych danych obci\u0105\u017cenia, informacji o alarmach i innych szczeg\u00f3\u0142\u00f3w operacyjnych. Pomaga to w analizie pooperacyjnej, diagnostyce i konserwacji. Niekt\u00f3re modele obs\u0142uguj\u0105 r\u00f3wnie\u017c zdalne monitorowanie i pobieranie danych.<\/li>\n<\/ul>\n<\/li>\n<li><strong>Zdalne sterowanie i alerty:<\/strong>\n<ul>\n<li>Niekt\u00f3re modele oferuj\u0105 funkcje zdalnego monitorowania i sterowania, umo\u017cliwiaj\u0105c operatorom lub mened\u017cerom przegl\u0105danie danych dotycz\u0105cych obci\u0105\u017cenia i informacji alarmowych na odleg\u0142o\u015b\u0107, co poprawia og\u00f3lne bezpiecze\u0144stwo podczas pracy \u017curawia.<\/li>\n<\/ul>\n<\/li>\n<\/ol>\n<h3><strong>Zasada dzia\u0142ania<\/strong><\/h3>\n<ol>\n<li><strong>Pomiar obci\u0105\u017cenia:<\/strong>\n<ul>\n<li>Ogranicznik przeci\u0105\u017cenia \u017curawia wykorzystuje czujniki, takie jak czujniki ci\u015bnienia, czujniki napr\u0119\u017cenia lub czujniki przemieszczenia, do pomiaru obci\u0105\u017cenia haka w czasie rzeczywistym. Czujniki wysy\u0142aj\u0105 te dane do systemu sterowania w celu ich przetworzenia.<\/li>\n<\/ul>\n<\/li>\n<li><strong>Przetwarzanie i por\u00f3wnywanie danych:<\/strong>\n<ul>\n<li>Gdy system sterowania otrzyma dane z czujnika, por\u00f3wnuje bie\u017c\u0105ce obci\u0105\u017cenie z ustawionym limitem bezpiecze\u0144stwa. Je\u015bli obci\u0105\u017cenie przekracza limit, system natychmiast uruchamia alarm i aktywuje mechanizm ochronny.<\/li>\n<\/ul>\n<\/li>\n<li><strong>Mechanizm alarmowy i zabezpieczaj\u0105cy:<\/strong>\n<ul>\n<li>Gdy obci\u0105\u017cenie przekroczy bezpieczny pr\u00f3g, system aktywuje alarm d\u017awi\u0119kowy i wizualny, aby ostrzec operatora. Jednocze\u015bnie automatycznie podejmuje dzia\u0142ania, takie jak spowolnienie pr\u0119dko\u015bci podnoszenia lub zatrzymanie dalszego podnoszenia, aby zapobiec uszkodzeniu sprz\u0119tu lub incydentom zwi\u0105zanym z bezpiecze\u0144stwem.<\/li>\n<\/ul>\n<\/li>\n<li><strong>Monitorowanie i nagrywanie w czasie rzeczywistym:<\/strong>\n<ul>\n<li>Ogranicznik przeci\u0105\u017cenia wy\u015bwietla dane obci\u0105\u017cenia w czasie rzeczywistym na ekranie i zapisuje dane historyczne do p\u00f3\u017aniejszego przegl\u0105du. Niekt\u00f3re zaawansowane modele mog\u0105 przesy\u0142a\u0107 dane zdalnie do centrum monitorowania, umo\u017cliwiaj\u0105c ci\u0105g\u0142\u0105 obserwacj\u0119 przez operatora lub zesp\u00f3\u0142 zarz\u0105dzaj\u0105cy.<\/li>\n<\/ul>\n<\/li>\n<li><strong>Dostosowanie i optymalizacja:<\/strong>\n<ul>\n<li>Niekt\u00f3re wysokiej klasy ograniczniki przeci\u0105\u017cenia posiadaj\u0105 funkcj\u0119 inteligentnej regulacji. Automatycznie dostosowuj\u0105 limit obci\u0105\u017cenia w oparciu o zmieniaj\u0105ce si\u0119 warunki pracy, zapewniaj\u0105c, \u017ce \u017curaw zawsze dzia\u0142a w bezpiecznym zakresie.<\/li>\n<\/ul>\n<\/li>\n<\/ol>\n<\/div>\n<\/div>\n<\/div>\n<\/div>\n<h6><strong><span style=\"font-family: arial, helvetica, sans-serif; font-size: 18pt;\">Wnioski<\/span><\/strong><\/h6>\n<p>The <strong>Ogranicznik przeci\u0105\u017cenia d\u017awigu QCX<\/strong> jest niezb\u0119dnym mechanizmem bezpiecze\u0144stwa dla suwnic dwud\u017awigarowych. Oferuj\u0105c dok\u0142adne monitorowanie obci\u0105\u017cenia, niezawodne alarmy i automatyczne wy\u0142\u0105czanie silnika, minimalizuje ryzyko zwi\u0105zane z przeci\u0105\u017ceniem i znacz\u0105co przyczynia si\u0119 do nowoczesnych standard\u00f3w bezpiecze\u0144stwa przemys\u0142owego.<\/p>\n<\/div>\n<\/div>\n<\/div>\n<\/div>\n<\/div>\n<\/div>\n<\/div>\n<\/div>\n<\/article>\n<\/div>\n<\/div>\n<\/div>\n<\/div>\n<\/div>\n<div><span style=\"font-family: var(--global-body-font-family);\">Czujniki z obudowami wa\u0142k\u00f3w i podstawami, w po\u0142\u0105czeniu z przyrz\u0105dami typu QCX-M, s\u0105 najcz\u0119\u015bciej stosowan\u0105 form\u0105 ogranicznik\u00f3w ud\u017awigu. Wymiary standardowych produkt\u00f3w przedstawiono w poni\u017cszej tabeli. Na przyk\u0142ad, model zam\u00f3wienia to: \u201cQCX-M-4-20t\/170-320\u201d.<\/span><\/div>\n<div><img fetchpriority=\"high\" decoding=\"async\" class=\"alignnone wp-image-7540\" src=\"https:\/\/www.hnhlcranes.com\/wp-content\/uploads\/2024\/12\/Crane-overload-limiter-7-300x188.jpg\" alt=\"\" width=\"962\" height=\"603\" srcset=\"https:\/\/www.hnhlcranes.com\/wp-content\/uploads\/2024\/12\/Crane-overload-limiter-7-300x188.jpg 300w, https:\/\/www.hnhlcranes.com\/wp-content\/uploads\/2024\/12\/Crane-overload-limiter-7-768x482.jpg 768w, https:\/\/www.hnhlcranes.com\/wp-content\/uploads\/2024\/12\/Crane-overload-limiter-7-600x377.jpg 600w, https:\/\/www.hnhlcranes.com\/wp-content\/uploads\/2024\/12\/Crane-overload-limiter-7.jpg 1000w\" sizes=\"(max-width: 962px) 100vw, 962px\" \/><\/div>\n<div>\n<p>&nbsp;<\/p>\n<p>Czujniki do ogranicznik\u00f3w du\u017cego tona\u017cu s\u0105 zazwyczaj dostosowywane do rysunk\u00f3w u\u017cytkownika. Wymiary serii w poni\u017cszej tabeli s\u0105 podsumowane w oparciu o rysunki zam\u00f3wie\u0144 g\u0142\u00f3wnych chi\u0144skich producent\u00f3w d\u017awig\u00f3w w celu odniesienia, gdy nowi u\u017cytkownicy zamawiaj\u0105 lub projektuj\u0105 niestandardowe produkty.<\/p>\n<p><img decoding=\"async\" class=\"alignnone wp-image-7541\" src=\"https:\/\/www.hnhlcranes.com\/wp-content\/uploads\/2024\/12\/Crane-overload-limiter-8-300x206.jpg\" alt=\"\" width=\"990\" height=\"680\" srcset=\"https:\/\/www.hnhlcranes.com\/wp-content\/uploads\/2024\/12\/Crane-overload-limiter-8-300x206.jpg 300w, https:\/\/www.hnhlcranes.com\/wp-content\/uploads\/2024\/12\/Crane-overload-limiter-8-768x528.jpg 768w, https:\/\/www.hnhlcranes.com\/wp-content\/uploads\/2024\/12\/Crane-overload-limiter-8-600x413.jpg 600w, https:\/\/www.hnhlcranes.com\/wp-content\/uploads\/2024\/12\/Crane-overload-limiter-8.jpg 1000w\" sizes=\"(max-width: 990px) 100vw, 990px\" \/><\/p>\n<p>Czujniki serii HLF-3A sk\u0142adaj\u0105 si\u0119 z dw\u00f3ch cz\u0119\u015bci: czujnik\u00f3w i podk\u0142adek. S\u0105 one instalowane g\u0142\u00f3wnie pod dwoma ko\u0144cami sta\u0142ego wa\u0142u ko\u0142a pasowego \u017curawia, aby wytrzyma\u0107 ci\u015bnienie generowane przez blok ko\u0142a pasowego. Zazwyczaj dwa czujniki s\u0105 u\u017cywane w grupie. S\u0105 one cz\u0119sto u\u017cywane w sytuacjach o stosunkowo wysokich wymaganiach dotycz\u0105cych dok\u0142adno\u015bci pomiaru, takich jak wagi elektroniczne d\u017awig\u00f3w.<\/p>\n<p>&nbsp;<\/p>\n<\/div>\n<div><img decoding=\"async\" class=\"alignnone wp-image-7542\" src=\"https:\/\/www.hnhlcranes.com\/wp-content\/uploads\/2024\/12\/Crane-overload-limiter-HLF-300x187.jpg\" alt=\"\" width=\"977\" height=\"609\" srcset=\"https:\/\/www.hnhlcranes.com\/wp-content\/uploads\/2024\/12\/Crane-overload-limiter-HLF-300x187.jpg 300w, https:\/\/www.hnhlcranes.com\/wp-content\/uploads\/2024\/12\/Crane-overload-limiter-HLF-768x479.jpg 768w, https:\/\/www.hnhlcranes.com\/wp-content\/uploads\/2024\/12\/Crane-overload-limiter-HLF-600x374.jpg 600w, https:\/\/www.hnhlcranes.com\/wp-content\/uploads\/2024\/12\/Crane-overload-limiter-HLF.jpg 1000w\" sizes=\"(max-width: 977px) 100vw, 977px\" \/><\/div>","protected":false},"excerpt":{"rendered":"<h6><strong><span style=\"font-family: arial, helvetica, sans-serif; font-size: 14pt;\">G\u0142\u00f3wne parametry:<\/span><\/strong><\/h6>\n<ul>\n<li>Dok\u0142adno\u015b\u0107 \u22645%F.S.<\/li>\n<li>Ostrze\u017cenie 90%, alarm 105%<\/li>\n<li>130% natychmiastowe sterowanie, wyj\u015bcie zestawu styk\u00f3w przeka\u017anika<\/li>\n<li>Wydajno\u015b\u0107 10A, 380V<\/li>\n<li>Napi\u0119cie zasilania AC380V lub 220V\/50Hz<\/li>\n<li>Temperatura otoczenia -20\uff5e+60\u2103\/90%RH<\/li>\n<li>Czujnik poziomu ochrony IP65,<\/li>\n<li>Instrument IP42<\/li>\n<\/ul>","protected":false},"featured_media":7543,"template":"","meta":{"_kad_post_transparent":"default","_kad_post_title":"","_kad_post_layout":"default","_kad_post_sidebar_id":"","_kad_post_content_style":"default","_kad_post_vertical_padding":"show","_kad_post_feature":"","_kad_post_feature_position":"","_kad_post_header":false,"_kad_post_footer":false},"product_brand":[],"product_cat":[65],"product_tag":[632,622,376,634,612,616,626,627,629,613,617,620,615,614,618,628,619,621,623,630,635,633,625,631,624],"class_list":{"0":"post-5820","1":"product","2":"type-product","3":"status-publish","4":"has-post-thumbnail","6":"product_cat-crane-electrical-parts","7":"product_tag-aviation-plug","8":"product_tag-cable-trolley","9":"product_tag-china-crane-parts-supplier","10":"product_tag-crane-aviation-plug","11":"product_tag-crane-cable-trolley","12":"product_tag-crane-control-cabinet","13":"product_tag-crane-control-handle","14":"product_tag-crane-controls","15":"product_tag-crane-electrical-control-cabinet","16":"product_tag-crane-electrical-part","17":"product_tag-crane-limit-switch","18":"product_tag-crane-overload-limiter","19":"product_tag-crane-pendant-controller","20":"product_tag-crane-remote-controller","21":"product_tag-crane-sound-and-light-alarm","22":"product_tag-electrical-control-cabinet","23":"product_tag-heavy-duty-aviation-connector","24":"product_tag-i-beam-cable-trolley","25":"product_tag-i-beam-cable-trolley-supplier","26":"product_tag-limit-switch","27":"product_tag-overload-limiter","28":"product_tag-quick-connector","29":"product_tag-remote-controller","30":"product_tag-sound-and-light-alarm","31":"product_tag-wireless-remote-control","33":"first","34":"instock","35":"shipping-taxable","36":"product-type-simple","37":"entry","38":"content-bg","39":"loop-entry"},"yoast_head":"<!-- This site is optimized with the Yoast SEO plugin v24.5 - https:\/\/yoast.com\/wordpress\/plugins\/seo\/ -->\n<title>Crane overload limiter - Overload limiter-Crane Electrical Part-Crane Parts Manufacturer<\/title>\n<meta name=\"description\" content=\"Overload limiter,Crane overload limiter manufacturer,Crane overload limiter Supplier,Crane overload limiter,Crane Parts Supplier\" \/>\n<meta name=\"robots\" content=\"index, follow, max-snippet:-1, max-image-preview:large, max-video-preview:-1\" \/>\n<link rel=\"canonical\" href=\"https:\/\/www.hnhlcranes.com\/pl\/produkt\/ogranicznik-przeciazenia-dzwigu\/\" \/>\n<meta property=\"og:locale\" content=\"pl_PL\" \/>\n<meta property=\"og:type\" content=\"article\" \/>\n<meta property=\"og:title\" content=\"Crane overload limiter - Overload limiter-Crane Electrical Part-Crane Parts Manufacturer\" \/>\n<meta property=\"og:description\" content=\"Overload limiter,Crane overload limiter manufacturer,Crane overload limiter Supplier,Crane overload limiter,Crane Parts Supplier\" \/>\n<meta property=\"og:url\" content=\"https:\/\/www.hnhlcranes.com\/pl\/produkt\/ogranicznik-przeciazenia-dzwigu\/\" \/>\n<meta property=\"og:site_name\" content=\"Crane Parts Manufacturer\" \/>\n<meta property=\"article:modified_time\" content=\"2025-01-16T08:14:10+00:00\" \/>\n<meta property=\"og:image\" content=\"https:\/\/www.hnhlcranes.com\/wp-content\/uploads\/2024\/12\/Crane-overload-limiter.jpg\" \/>\n\t<meta property=\"og:image:width\" content=\"600\" \/>\n\t<meta property=\"og:image:height\" content=\"600\" \/>\n\t<meta property=\"og:image:type\" content=\"image\/jpeg\" \/>\n<meta name=\"twitter:card\" content=\"summary_large_image\" \/>\n<meta name=\"twitter:label1\" content=\"Szacowany czas czytania\" \/>\n\t<meta name=\"twitter:data1\" content=\"4 minuty\" \/>\n<script type=\"application\/ld+json\" class=\"yoast-schema-graph\">{\"@context\":\"https:\/\/schema.org\",\"@graph\":[{\"@type\":\"WebPage\",\"@id\":\"https:\/\/www.hnhlcranes.com\/product\/crane-overload-limiter\/\",\"url\":\"https:\/\/www.hnhlcranes.com\/product\/crane-overload-limiter\/\",\"name\":\"Crane overload limiter - Overload limiter-Crane Electrical Part-Crane Parts Manufacturer\",\"isPartOf\":{\"@id\":\"https:\/\/www.hnhlcranes.com\/#website\"},\"primaryImageOfPage\":{\"@id\":\"https:\/\/www.hnhlcranes.com\/product\/crane-overload-limiter\/#primaryimage\"},\"image\":{\"@id\":\"https:\/\/www.hnhlcranes.com\/product\/crane-overload-limiter\/#primaryimage\"},\"thumbnailUrl\":\"https:\/\/www.hnhlcranes.com\/wp-content\/uploads\/2024\/12\/Crane-overload-limiter.jpg\",\"datePublished\":\"2024-12-05T17:29:13+00:00\",\"dateModified\":\"2025-01-16T08:14:10+00:00\",\"description\":\"Overload limiter,Crane overload limiter manufacturer,Crane overload limiter Supplier,Crane overload limiter,Crane Parts Supplier\",\"breadcrumb\":{\"@id\":\"https:\/\/www.hnhlcranes.com\/product\/crane-overload-limiter\/#breadcrumb\"},\"inLanguage\":\"pl-PL\",\"potentialAction\":[{\"@type\":\"ReadAction\",\"target\":[\"https:\/\/www.hnhlcranes.com\/product\/crane-overload-limiter\/\"]}]},{\"@type\":\"ImageObject\",\"inLanguage\":\"pl-PL\",\"@id\":\"https:\/\/www.hnhlcranes.com\/product\/crane-overload-limiter\/#primaryimage\",\"url\":\"https:\/\/www.hnhlcranes.com\/wp-content\/uploads\/2024\/12\/Crane-overload-limiter.jpg\",\"contentUrl\":\"https:\/\/www.hnhlcranes.com\/wp-content\/uploads\/2024\/12\/Crane-overload-limiter.jpg\",\"width\":600,\"height\":600},{\"@type\":\"BreadcrumbList\",\"@id\":\"https:\/\/www.hnhlcranes.com\/product\/crane-overload-limiter\/#breadcrumb\",\"itemListElement\":[{\"@type\":\"ListItem\",\"position\":1,\"name\":\"home\",\"item\":\"https:\/\/www.hnhlcranes.com\/\"},{\"@type\":\"ListItem\",\"position\":2,\"name\":\"products\",\"item\":\"https:\/\/www.hnhlcranes.com\/products\/\"},{\"@type\":\"ListItem\",\"position\":3,\"name\":\"Crane overload limiter\"}]},{\"@type\":\"WebSite\",\"@id\":\"https:\/\/www.hnhlcranes.com\/#website\",\"url\":\"https:\/\/www.hnhlcranes.com\/\",\"name\":\"Crane Parts Manufacturer\",\"description\":\"Crane Wheels,Crane Drums,Crane Hooks,Crane Coupling,Crane End Carriage,Electric Hoist,European Crane Parts,Crane Rail Clip,Crane Spreader,Crane Motor,Crane Reducer,Crane Brake,Light Crane Parts,Workstation Crane Parts,Crane Electrical Parts,China Crane Parts Supplier,China Crane Parts Manufacturer,Angle box type crane wheel,45 degree split crane wheel,European crane wheel,Crane Wheel Blocks,Overhead crane drum,European crane drum,Overhead crane hook,European crane hook,Crane pulley block,Gear coupling,Brake wheel coupling,Drum gear coupling,Brake wheel drum gear coupling,Cardan Shaft Coupling,WZL drum coupling,Plum blossom elastic coupling,Brake wheel plum elastic coupling,European Single girder crane end carriage,European Double girder crane end carriage,European Suspension  crane end carriage,Wire Rope Electric Hoist,Electric Chain Hoist,European Single Girder Wire Rope Electric Hoist,European Double Girder Wire Rope Electric Hoist,Crane grab,Container spreader,Billet crane clamps,C-type hook,Lifting Electromagnet,YZR crane motor,YZP crane motor,ZQ Reducer,ZSC Reducer,QJ Reducer,QJ-L Reducer,QJY Reducer,H series gearbox,F Series Gear Motor,K Series Gear Motor,R Series Gear Motor,travelling machinery gear motor,Electro hydraulic drum brake,Electro hydraulic disc brake,Crane Safety brake,Crane cable trolley,Crane remote controller,Crane pendant controller,Crane electrical control cabinet,Crane limit switch,Crane sound and light alarm,Heavy Duty Aviation Connector,Crane overload limiter\",\"publisher\":{\"@id\":\"https:\/\/www.hnhlcranes.com\/#organization\"},\"potentialAction\":[{\"@type\":\"SearchAction\",\"target\":{\"@type\":\"EntryPoint\",\"urlTemplate\":\"https:\/\/www.hnhlcranes.com\/?s={search_term_string}\"},\"query-input\":{\"@type\":\"PropertyValueSpecification\",\"valueRequired\":true,\"valueName\":\"search_term_string\"}}],\"inLanguage\":\"pl-PL\"},{\"@type\":\"Organization\",\"@id\":\"https:\/\/www.hnhlcranes.com\/#organization\",\"name\":\"Crane Parts Manufacturer\",\"url\":\"https:\/\/www.hnhlcranes.com\/\",\"logo\":{\"@type\":\"ImageObject\",\"inLanguage\":\"pl-PL\",\"@id\":\"https:\/\/www.hnhlcranes.com\/#\/schema\/logo\/image\/\",\"url\":\"https:\/\/www.hnhlcranes.com\/wp-content\/uploads\/2025\/01\/HL-logo-1.png\",\"contentUrl\":\"https:\/\/www.hnhlcranes.com\/wp-content\/uploads\/2025\/01\/HL-logo-1.png\",\"width\":600,\"height\":169,\"caption\":\"Crane Parts Manufacturer\"},\"image\":{\"@id\":\"https:\/\/www.hnhlcranes.com\/#\/schema\/logo\/image\/\"}}]}<\/script>\n<!-- \/ Yoast SEO plugin. -->","yoast_head_json":{"title":"Crane overload limiter - Overload limiter-Crane Electrical Part-Crane Parts Manufacturer","description":"Overload limiter,Crane overload limiter manufacturer,Crane overload limiter Supplier,Crane overload limiter,Crane Parts Supplier","robots":{"index":"index","follow":"follow","max-snippet":"max-snippet:-1","max-image-preview":"max-image-preview:large","max-video-preview":"max-video-preview:-1"},"canonical":"https:\/\/www.hnhlcranes.com\/pl\/produkt\/ogranicznik-przeciazenia-dzwigu\/","og_locale":"pl_PL","og_type":"article","og_title":"Crane overload limiter - Overload limiter-Crane Electrical Part-Crane Parts Manufacturer","og_description":"Overload limiter,Crane overload limiter manufacturer,Crane overload limiter Supplier,Crane overload limiter,Crane Parts Supplier","og_url":"https:\/\/www.hnhlcranes.com\/pl\/produkt\/ogranicznik-przeciazenia-dzwigu\/","og_site_name":"Crane Parts Manufacturer","article_modified_time":"2025-01-16T08:14:10+00:00","og_image":[{"width":600,"height":600,"url":"https:\/\/www.hnhlcranes.com\/wp-content\/uploads\/2024\/12\/Crane-overload-limiter.jpg","type":"image\/jpeg"}],"twitter_card":"summary_large_image","twitter_misc":{"Szacowany czas czytania":"4 minuty"},"schema":{"@context":"https:\/\/schema.org","@graph":[{"@type":"WebPage","@id":"https:\/\/www.hnhlcranes.com\/product\/crane-overload-limiter\/","url":"https:\/\/www.hnhlcranes.com\/product\/crane-overload-limiter\/","name":"Crane overload limiter - Overload limiter-Crane Electrical Part-Crane Parts Manufacturer","isPartOf":{"@id":"https:\/\/www.hnhlcranes.com\/#website"},"primaryImageOfPage":{"@id":"https:\/\/www.hnhlcranes.com\/product\/crane-overload-limiter\/#primaryimage"},"image":{"@id":"https:\/\/www.hnhlcranes.com\/product\/crane-overload-limiter\/#primaryimage"},"thumbnailUrl":"https:\/\/www.hnhlcranes.com\/wp-content\/uploads\/2024\/12\/Crane-overload-limiter.jpg","datePublished":"2024-12-05T17:29:13+00:00","dateModified":"2025-01-16T08:14:10+00:00","description":"Overload limiter,Crane overload limiter manufacturer,Crane overload limiter Supplier,Crane overload limiter,Crane Parts Supplier","breadcrumb":{"@id":"https:\/\/www.hnhlcranes.com\/product\/crane-overload-limiter\/#breadcrumb"},"inLanguage":"pl-PL","potentialAction":[{"@type":"ReadAction","target":["https:\/\/www.hnhlcranes.com\/product\/crane-overload-limiter\/"]}]},{"@type":"ImageObject","inLanguage":"pl-PL","@id":"https:\/\/www.hnhlcranes.com\/product\/crane-overload-limiter\/#primaryimage","url":"https:\/\/www.hnhlcranes.com\/wp-content\/uploads\/2024\/12\/Crane-overload-limiter.jpg","contentUrl":"https:\/\/www.hnhlcranes.com\/wp-content\/uploads\/2024\/12\/Crane-overload-limiter.jpg","width":600,"height":600},{"@type":"BreadcrumbList","@id":"https:\/\/www.hnhlcranes.com\/product\/crane-overload-limiter\/#breadcrumb","itemListElement":[{"@type":"ListItem","position":1,"name":"home","item":"https:\/\/www.hnhlcranes.com\/"},{"@type":"ListItem","position":2,"name":"products","item":"https:\/\/www.hnhlcranes.com\/products\/"},{"@type":"ListItem","position":3,"name":"Crane overload limiter"}]},{"@type":"WebSite","@id":"https:\/\/www.hnhlcranes.com\/#website","url":"https:\/\/www.hnhlcranes.com\/","name":"Crane Parts Manufacturer","description":"Crane Wheels,Crane Drums,Crane Hooks,Crane Coupling,Crane End Carriage,Electric Hoist,European Crane Parts,Crane Rail Clip,Crane Spreader,Crane Motor,Crane Reducer,Crane Brake,Light Crane Parts,Workstation Crane Parts,Crane Electrical Parts,China Crane Parts Supplier,China Crane Parts Manufacturer,Angle box type crane wheel,45 degree split crane wheel,European crane wheel,Crane Wheel Blocks,Overhead crane drum,European crane drum,Overhead crane hook,European crane hook,Crane pulley block,Gear coupling,Brake wheel coupling,Drum gear coupling,Brake wheel drum gear coupling,Cardan Shaft Coupling,WZL drum coupling,Plum blossom elastic coupling,Brake wheel plum elastic coupling,European Single girder crane end carriage,European Double girder crane end carriage,European Suspension  crane end carriage,Wire Rope Electric Hoist,Electric Chain Hoist,European Single Girder Wire Rope Electric Hoist,European Double Girder Wire Rope Electric Hoist,Crane grab,Container spreader,Billet crane clamps,C-type hook,Lifting Electromagnet,YZR crane motor,YZP crane motor,ZQ Reducer,ZSC Reducer,QJ Reducer,QJ-L Reducer,QJY Reducer,H series gearbox,F Series Gear Motor,K Series Gear Motor,R Series Gear Motor,travelling machinery gear motor,Electro hydraulic drum brake,Electro hydraulic disc brake,Crane Safety brake,Crane cable trolley,Crane remote controller,Crane pendant controller,Crane electrical control cabinet,Crane limit switch,Crane sound and light alarm,Heavy Duty Aviation Connector,Crane overload limiter","publisher":{"@id":"https:\/\/www.hnhlcranes.com\/#organization"},"potentialAction":[{"@type":"SearchAction","target":{"@type":"EntryPoint","urlTemplate":"https:\/\/www.hnhlcranes.com\/?s={search_term_string}"},"query-input":{"@type":"PropertyValueSpecification","valueRequired":true,"valueName":"search_term_string"}}],"inLanguage":"pl-PL"},{"@type":"Organization","@id":"https:\/\/www.hnhlcranes.com\/#organization","name":"Crane Parts Manufacturer","url":"https:\/\/www.hnhlcranes.com\/","logo":{"@type":"ImageObject","inLanguage":"pl-PL","@id":"https:\/\/www.hnhlcranes.com\/#\/schema\/logo\/image\/","url":"https:\/\/www.hnhlcranes.com\/wp-content\/uploads\/2025\/01\/HL-logo-1.png","contentUrl":"https:\/\/www.hnhlcranes.com\/wp-content\/uploads\/2025\/01\/HL-logo-1.png","width":600,"height":169,"caption":"Crane Parts Manufacturer"},"image":{"@id":"https:\/\/www.hnhlcranes.com\/#\/schema\/logo\/image\/"}}]}},"_links":{"self":[{"href":"https:\/\/www.hnhlcranes.com\/pl\/wp-json\/wp\/v2\/product\/5820","targetHints":{"allow":["GET"]}}],"collection":[{"href":"https:\/\/www.hnhlcranes.com\/pl\/wp-json\/wp\/v2\/product"}],"about":[{"href":"https:\/\/www.hnhlcranes.com\/pl\/wp-json\/wp\/v2\/types\/product"}],"version-history":[{"count":6,"href":"https:\/\/www.hnhlcranes.com\/pl\/wp-json\/wp\/v2\/product\/5820\/revisions"}],"predecessor-version":[{"id":7547,"href":"https:\/\/www.hnhlcranes.com\/pl\/wp-json\/wp\/v2\/product\/5820\/revisions\/7547"}],"wp:featuredmedia":[{"embeddable":true,"href":"https:\/\/www.hnhlcranes.com\/pl\/wp-json\/wp\/v2\/media\/7543"}],"wp:attachment":[{"href":"https:\/\/www.hnhlcranes.com\/pl\/wp-json\/wp\/v2\/media?parent=5820"}],"wp:term":[{"taxonomy":"product_brand","embeddable":true,"href":"https:\/\/www.hnhlcranes.com\/pl\/wp-json\/wp\/v2\/product_brand?post=5820"},{"taxonomy":"product_cat","embeddable":true,"href":"https:\/\/www.hnhlcranes.com\/pl\/wp-json\/wp\/v2\/product_cat?post=5820"},{"taxonomy":"product_tag","embeddable":true,"href":"https:\/\/www.hnhlcranes.com\/pl\/wp-json\/wp\/v2\/product_tag?post=5820"}],"curies":[{"name":"wp","href":"https:\/\/api.w.org\/{rel}","templated":true}]}}