{"id":4915,"date":"2024-11-08T16:24:37","date_gmt":"2024-11-08T08:24:37","guid":{"rendered":"https:\/\/www.hnhlcranes.com\/?post_type=product&#038;p=4915"},"modified":"2025-01-19T18:11:01","modified_gmt":"2025-01-19T10:11:01","slug":"acoplamento-da-roda-do-travao","status":"publish","type":"product","link":"https:\/\/www.hnhlcranes.com\/pt\/produto\/acoplamento-da-roda-do-travao\/","title":{"rendered":"Acoplamento da roda do trav\u00e3o"},"content":{"rendered":"<div class=\"flex max-w-full flex-col flex-grow\">\n<div class=\"min-h-8 text-message flex w-full flex-col items-end gap-2 whitespace-normal break-words text-start [.text-message+&amp;]:mt-5\" dir=\"auto\" data-message-author-role=\"assistant\" data-message-id=\"267a957f-544d-4c06-88af-57afe1e9f3ad\" data-message-model-slug=\"gpt-4o\">\n<div class=\"flex w-full flex-col gap-1 empty:hidden first:pt-[3px]\">\n<div class=\"markdown prose w-full break-words dark:prose-invert light\">\n<p>A <strong>Acoplamento da roda de trav\u00e3o<\/strong> \u00e9 um tipo de acoplamento utilizado em sistemas de acionamento mec\u00e2nico, especificamente concebido para ligar dois veios e permitir a a\u00e7\u00e3o de travagem num dos veios. Normalmente, \u00e9 constitu\u00eddo por dois componentes principais: uma roda de trav\u00e3o ligada ao veio motor e uma pe\u00e7a de acoplamento ligada ao veio acionado.<\/p>\n<h3><strong>Acoplamento da roda de trav\u00e3o <\/strong>Carater\u00edsticas principais:<\/h3>\n<ol>\n<li><strong>Estrutura<\/strong>: A estrutura de um acoplamento de roda de trav\u00e3o inclui geralmente uma roda de trav\u00e3o e um acoplamento. A roda de trav\u00e3o tem normalmente v\u00e1rias bandas ou cal\u00e7os de trav\u00e3o, que podem ser acionados por um sistema de travagem para reduzir a velocidade ou parar a rota\u00e7\u00e3o do veio.<\/li>\n<li><strong>Princ\u00edpio de funcionamento<\/strong>: Quando em funcionamento, o acoplamento transmite pot\u00eancia ao veio motor, enquanto a roda de trav\u00e3o pode aplicar for\u00e7a de travagem ao veio motor quando necess\u00e1rio, abrandando ou parando a sua rota\u00e7\u00e3o.<\/li>\n<li><strong>Aplica\u00e7\u00f5es<\/strong>: Este tipo de acoplamentos \u00e9 normalmente utilizado em sistemas que requerem controlo de velocidade ou funcionalidade de paragem de emerg\u00eancia. Por exemplo, \u00e9 comummente encontrado em gruas, transportadores, elevadores e outras m\u00e1quinas pesadas, onde proporciona efetivamente capacidades de paragem ou desacelera\u00e7\u00e3o.<\/li>\n<li><strong>Conce\u00e7\u00e3o<\/strong>: A conce\u00e7\u00e3o do acoplamento da roda de trav\u00e3o integra a transmiss\u00e3o do bin\u00e1rio e a funcionalidade de travagem, assegurando que o acoplamento n\u00e3o s\u00f3 transmite a pot\u00eancia de forma eficiente, como tamb\u00e9m proporciona um desempenho de travagem fi\u00e1vel.<\/li>\n<\/ol>\n<h3>Vantagens:<\/h3>\n<ul>\n<li><strong>Fun\u00e7\u00e3o de travagem<\/strong>: Os acoplamentos das rodas de trav\u00e3o podem proporcionar uma a\u00e7\u00e3o de travagem imediata, tornando-os ideais para aplica\u00e7\u00f5es que exijam uma paragem ou desacelera\u00e7\u00e3o r\u00e1pidas.<\/li>\n<li><strong>Conce\u00e7\u00e3o integrada<\/strong>: A combina\u00e7\u00e3o das fun\u00e7\u00f5es de travagem e de acoplamento permite economizar espa\u00e7o e reduzir os custos de instala\u00e7\u00e3o.<\/li>\n<li><strong>Elevada capacidade de carga<\/strong>: Os acoplamentos das rodas de trav\u00e3o s\u00e3o normalmente capazes de suportar bin\u00e1rios elevados e cargas pesadas, o que os torna adequados para m\u00e1quinas pesadas.<\/li>\n<\/ul>\n<h3>Desvantagens:<\/h3>\n<ul>\n<li><strong>Desgaste<\/strong>: A roda de trav\u00e3o e as pastilhas de trav\u00e3o podem sofrer desgaste ao longo do tempo, exigindo uma substitui\u00e7\u00e3o regular.<\/li>\n<li><strong>Quest\u00f5es relacionadas com o ru\u00eddo<\/strong>: A travagem pode gerar ru\u00eddo, especialmente em condi\u00e7\u00f5es de carga elevada.<\/li>\n<\/ul>\n<p>Em termos gerais, os acoplamentos de roda de trav\u00e3o s\u00e3o acoplamentos que transmitem o bin\u00e1rio e proporcionam a funcionalidade de travagem. \u00c9 amplamente utilizado em equipamentos que requerem um controlo preciso da rota\u00e7\u00e3o, particularmente em m\u00e1quinas pesadas e aplica\u00e7\u00f5es de carga elevada.<\/p>\n<\/div>\n<\/div>\n<\/div>\n<\/div>\n<p>&nbsp;<\/p>\n<p><img fetchpriority=\"high\" decoding=\"async\" class=\"alignnone wp-image-6884\" src=\"https:\/\/www.hnhlcranes.com\/wp-content\/uploads\/2024\/11\/Brake-wheel-coupling-7-300x204.jpg\" alt=\"\" width=\"954\" height=\"649\" srcset=\"https:\/\/www.hnhlcranes.com\/wp-content\/uploads\/2024\/11\/Brake-wheel-coupling-7-300x204.jpg 300w, https:\/\/www.hnhlcranes.com\/wp-content\/uploads\/2024\/11\/Brake-wheel-coupling-7-768x523.jpg 768w, https:\/\/www.hnhlcranes.com\/wp-content\/uploads\/2024\/11\/Brake-wheel-coupling-7-600x409.jpg 600w, https:\/\/www.hnhlcranes.com\/wp-content\/uploads\/2024\/11\/Brake-wheel-coupling-7.jpg 1000w\" sizes=\"(max-width: 954px) 100vw, 954px\" \/><\/p>","protected":false},"excerpt":{"rendered":"<p><strong>Par\u00e2metros de acoplamento da roda de trav\u00e3o:<\/strong><\/p>\n<ul>\n<li><strong>Bin\u00e1rio m\u00e1ximo admiss\u00edvel:<\/strong> 630 Nm a 125.000 Nm<\/li>\n<li><strong>Velocidade m\u00e1xima:<\/strong> 4000 rpm a 950 rpm<\/li>\n<li><strong>Di\u00e2metro da roda de trav\u00e3o:<\/strong> \u2205160, \u2205200, \u2205250, \u2205300, \u2205315, \u2205400, \u2205500, \u2205600, \u2205630, \u2205700, \u2205800<\/li>\n<li><strong>Material do acoplamento:<\/strong> ZG430-640, a\u00e7o 45<\/li>\n<li><strong>Tipo de acoplamento:<\/strong> Roda de trav\u00e3o com acoplamento de meio dente<\/li>\n<li><strong>Op\u00e7\u00f5es personalizadas:<\/strong> Pode fornecer os seus pr\u00f3prios desenhos, e n\u00f3s fabricaremos de acordo com as dimens\u00f5es especificadas.<\/li>\n<\/ul>","protected":false},"featured_media":6882,"template":"","meta":{"_kad_post_transparent":"default","_kad_post_title":"","_kad_post_layout":"default","_kad_post_sidebar_id":"","_kad_post_content_style":"default","_kad_post_vertical_padding":"show","_kad_post_feature":"","_kad_post_feature_position":"","_kad_post_header":false,"_kad_post_footer":false},"product_brand":[],"product_cat":[54],"product_tag":[425,427,431,439,428,376,438,374,432,424,433,373,436,426,437,423,430,435,434,429],"class_list":{"0":"post-4915","1":"product","2":"type-product","3":"status-publish","4":"has-post-thumbnail","6":"product_cat-crane-coupling","7":"product_tag-brake-wheel-coupling","8":"product_tag-brake-wheel-drum-gear-coupling","9":"product_tag-brake-wheel-plum-elastic-coupling","10":"product_tag-cardan-coupling","11":"product_tag-cardan-shaft-coupling","12":"product_tag-china-crane-parts-supplier","13":"product_tag-coupling-manufacturer","14":"product_tag-crane-accessories","15":"product_tag-crane-brake-wheel-coupling","16":"product_tag-crane-coupling","17":"product_tag-crane-gear-couplings","18":"product_tag-crane-parts","19":"product_tag-disc-couplings","20":"product_tag-drum-gear-coupling","21":"product_tag-fluid-couplings","22":"product_tag-gear-coupling","23":"product_tag-plum-blossom-elastic-coupling","24":"product_tag-power-transmission-couplings","25":"product_tag-shaft-couplings","26":"product_tag-wzl-drum-coupling","28":"first","29":"instock","30":"shipping-taxable","31":"product-type-simple","32":"entry","33":"content-bg","34":"loop-entry"},"yoast_head":"<!-- This site is optimized with the Yoast SEO plugin v24.5 - https:\/\/yoast.com\/wordpress\/plugins\/seo\/ -->\n<title>Brake wheel coupling - Crane Brake wheel coupling-Crane Parts Manufacturer<\/title>\n<meta name=\"description\" content=\"Crane brake wheel coupling,Shaft couplings,Disc Couplings,Fluid couplings,Crane parts,Crane accessories,Coupling manufacturer,Cardan coupling\" \/>\n<meta name=\"robots\" content=\"index, follow, max-snippet:-1, max-image-preview:large, max-video-preview:-1\" \/>\n<link rel=\"canonical\" href=\"https:\/\/www.hnhlcranes.com\/pt\/produto\/acoplamento-da-roda-do-travao\/\" \/>\n<meta property=\"og:locale\" content=\"pt_PT\" \/>\n<meta property=\"og:type\" content=\"article\" \/>\n<meta property=\"og:title\" content=\"Brake wheel coupling - Crane Brake wheel coupling-Crane Parts Manufacturer\" \/>\n<meta property=\"og:description\" content=\"Crane brake wheel coupling,Shaft couplings,Disc Couplings,Fluid couplings,Crane parts,Crane accessories,Coupling manufacturer,Cardan coupling\" \/>\n<meta property=\"og:url\" content=\"https:\/\/www.hnhlcranes.com\/pt\/produto\/acoplamento-da-roda-do-travao\/\" \/>\n<meta property=\"og:site_name\" content=\"Crane Parts Manufacturer\" \/>\n<meta property=\"article:modified_time\" content=\"2025-01-19T10:11:01+00:00\" \/>\n<meta property=\"og:image\" content=\"https:\/\/www.hnhlcranes.com\/wp-content\/uploads\/2024\/11\/Brake-wheel-coupling.jpg\" \/>\n\t<meta property=\"og:image:width\" content=\"600\" \/>\n\t<meta property=\"og:image:height\" content=\"600\" \/>\n\t<meta property=\"og:image:type\" content=\"image\/jpeg\" \/>\n<meta name=\"twitter:card\" content=\"summary_large_image\" \/>\n<meta name=\"twitter:label1\" content=\"Tempo estimado de leitura\" \/>\n\t<meta name=\"twitter:data1\" content=\"2 minutos\" \/>\n<script type=\"application\/ld+json\" class=\"yoast-schema-graph\">{\"@context\":\"https:\/\/schema.org\",\"@graph\":[{\"@type\":\"WebPage\",\"@id\":\"https:\/\/www.hnhlcranes.com\/product\/brake-wheel-coupling\/\",\"url\":\"https:\/\/www.hnhlcranes.com\/product\/brake-wheel-coupling\/\",\"name\":\"Brake wheel coupling - Crane Brake wheel coupling-Crane Parts Manufacturer\",\"isPartOf\":{\"@id\":\"https:\/\/www.hnhlcranes.com\/#website\"},\"primaryImageOfPage\":{\"@id\":\"https:\/\/www.hnhlcranes.com\/product\/brake-wheel-coupling\/#primaryimage\"},\"image\":{\"@id\":\"https:\/\/www.hnhlcranes.com\/product\/brake-wheel-coupling\/#primaryimage\"},\"thumbnailUrl\":\"https:\/\/www.hnhlcranes.com\/wp-content\/uploads\/2024\/11\/Brake-wheel-coupling.jpg\",\"datePublished\":\"2024-11-08T08:24:37+00:00\",\"dateModified\":\"2025-01-19T10:11:01+00:00\",\"description\":\"Crane brake wheel coupling,Shaft couplings,Disc Couplings,Fluid couplings,Crane parts,Crane accessories,Coupling manufacturer,Cardan coupling\",\"breadcrumb\":{\"@id\":\"https:\/\/www.hnhlcranes.com\/product\/brake-wheel-coupling\/#breadcrumb\"},\"inLanguage\":\"pt-PT\",\"potentialAction\":[{\"@type\":\"ReadAction\",\"target\":[\"https:\/\/www.hnhlcranes.com\/product\/brake-wheel-coupling\/\"]}]},{\"@type\":\"ImageObject\",\"inLanguage\":\"pt-PT\",\"@id\":\"https:\/\/www.hnhlcranes.com\/product\/brake-wheel-coupling\/#primaryimage\",\"url\":\"https:\/\/www.hnhlcranes.com\/wp-content\/uploads\/2024\/11\/Brake-wheel-coupling.jpg\",\"contentUrl\":\"https:\/\/www.hnhlcranes.com\/wp-content\/uploads\/2024\/11\/Brake-wheel-coupling.jpg\",\"width\":600,\"height\":600},{\"@type\":\"BreadcrumbList\",\"@id\":\"https:\/\/www.hnhlcranes.com\/product\/brake-wheel-coupling\/#breadcrumb\",\"itemListElement\":[{\"@type\":\"ListItem\",\"position\":1,\"name\":\"home\",\"item\":\"https:\/\/www.hnhlcranes.com\/\"},{\"@type\":\"ListItem\",\"position\":2,\"name\":\"products\",\"item\":\"https:\/\/www.hnhlcranes.com\/products\/\"},{\"@type\":\"ListItem\",\"position\":3,\"name\":\"Brake wheel coupling\"}]},{\"@type\":\"WebSite\",\"@id\":\"https:\/\/www.hnhlcranes.com\/#website\",\"url\":\"https:\/\/www.hnhlcranes.com\/\",\"name\":\"Crane Parts Manufacturer\",\"description\":\"Crane Wheels,Crane Drums,Crane Hooks,Crane Coupling,Crane End Carriage,Electric Hoist,European Crane Parts,Crane Rail Clip,Crane Spreader,Crane Motor,Crane Reducer,Crane Brake,Light Crane Parts,Workstation Crane Parts,Crane Electrical Parts,China Crane Parts Supplier,China Crane Parts Manufacturer,Angle box type crane wheel,45 degree split crane wheel,European crane wheel,Crane Wheel Blocks,Overhead crane drum,European crane drum,Overhead crane hook,European crane hook,Crane pulley block,Gear coupling,Brake wheel coupling,Drum gear coupling,Brake wheel drum gear coupling,Cardan Shaft Coupling,WZL drum coupling,Plum blossom elastic coupling,Brake wheel plum elastic coupling,European Single girder crane end carriage,European Double girder crane end carriage,European Suspension  crane end carriage,Wire Rope Electric Hoist,Electric Chain Hoist,European Single Girder Wire Rope Electric Hoist,European Double Girder Wire Rope Electric Hoist,Crane grab,Container spreader,Billet crane clamps,C-type hook,Lifting Electromagnet,YZR crane motor,YZP crane motor,ZQ Reducer,ZSC Reducer,QJ Reducer,QJ-L Reducer,QJY Reducer,H series gearbox,F Series Gear Motor,K Series Gear Motor,R Series Gear Motor,travelling machinery gear motor,Electro hydraulic drum brake,Electro hydraulic disc brake,Crane Safety brake,Crane cable trolley,Crane remote controller,Crane pendant controller,Crane electrical control cabinet,Crane limit switch,Crane sound and light alarm,Heavy Duty Aviation Connector,Crane overload limiter\",\"publisher\":{\"@id\":\"https:\/\/www.hnhlcranes.com\/#organization\"},\"potentialAction\":[{\"@type\":\"SearchAction\",\"target\":{\"@type\":\"EntryPoint\",\"urlTemplate\":\"https:\/\/www.hnhlcranes.com\/?s={search_term_string}\"},\"query-input\":{\"@type\":\"PropertyValueSpecification\",\"valueRequired\":true,\"valueName\":\"search_term_string\"}}],\"inLanguage\":\"pt-PT\"},{\"@type\":\"Organization\",\"@id\":\"https:\/\/www.hnhlcranes.com\/#organization\",\"name\":\"Crane Parts Manufacturer\",\"url\":\"https:\/\/www.hnhlcranes.com\/\",\"logo\":{\"@type\":\"ImageObject\",\"inLanguage\":\"pt-PT\",\"@id\":\"https:\/\/www.hnhlcranes.com\/#\/schema\/logo\/image\/\",\"url\":\"https:\/\/www.hnhlcranes.com\/wp-content\/uploads\/2025\/01\/HL-logo-1.png\",\"contentUrl\":\"https:\/\/www.hnhlcranes.com\/wp-content\/uploads\/2025\/01\/HL-logo-1.png\",\"width\":600,\"height\":169,\"caption\":\"Crane Parts Manufacturer\"},\"image\":{\"@id\":\"https:\/\/www.hnhlcranes.com\/#\/schema\/logo\/image\/\"}}]}<\/script>\n<!-- \/ Yoast SEO plugin. -->","yoast_head_json":{"title":"Brake wheel coupling - Crane Brake wheel coupling-Crane Parts Manufacturer","description":"Crane brake wheel coupling,Shaft couplings,Disc Couplings,Fluid couplings,Crane parts,Crane accessories,Coupling manufacturer,Cardan coupling","robots":{"index":"index","follow":"follow","max-snippet":"max-snippet:-1","max-image-preview":"max-image-preview:large","max-video-preview":"max-video-preview:-1"},"canonical":"https:\/\/www.hnhlcranes.com\/pt\/produto\/acoplamento-da-roda-do-travao\/","og_locale":"pt_PT","og_type":"article","og_title":"Brake wheel coupling - Crane Brake wheel coupling-Crane Parts Manufacturer","og_description":"Crane brake wheel coupling,Shaft couplings,Disc Couplings,Fluid couplings,Crane parts,Crane accessories,Coupling manufacturer,Cardan coupling","og_url":"https:\/\/www.hnhlcranes.com\/pt\/produto\/acoplamento-da-roda-do-travao\/","og_site_name":"Crane Parts Manufacturer","article_modified_time":"2025-01-19T10:11:01+00:00","og_image":[{"width":600,"height":600,"url":"https:\/\/www.hnhlcranes.com\/wp-content\/uploads\/2024\/11\/Brake-wheel-coupling.jpg","type":"image\/jpeg"}],"twitter_card":"summary_large_image","twitter_misc":{"Tempo estimado de leitura":"2 minutos"},"schema":{"@context":"https:\/\/schema.org","@graph":[{"@type":"WebPage","@id":"https:\/\/www.hnhlcranes.com\/product\/brake-wheel-coupling\/","url":"https:\/\/www.hnhlcranes.com\/product\/brake-wheel-coupling\/","name":"Brake wheel coupling - Crane Brake wheel coupling-Crane Parts Manufacturer","isPartOf":{"@id":"https:\/\/www.hnhlcranes.com\/#website"},"primaryImageOfPage":{"@id":"https:\/\/www.hnhlcranes.com\/product\/brake-wheel-coupling\/#primaryimage"},"image":{"@id":"https:\/\/www.hnhlcranes.com\/product\/brake-wheel-coupling\/#primaryimage"},"thumbnailUrl":"https:\/\/www.hnhlcranes.com\/wp-content\/uploads\/2024\/11\/Brake-wheel-coupling.jpg","datePublished":"2024-11-08T08:24:37+00:00","dateModified":"2025-01-19T10:11:01+00:00","description":"Crane brake wheel coupling,Shaft couplings,Disc Couplings,Fluid couplings,Crane parts,Crane accessories,Coupling manufacturer,Cardan coupling","breadcrumb":{"@id":"https:\/\/www.hnhlcranes.com\/product\/brake-wheel-coupling\/#breadcrumb"},"inLanguage":"pt-PT","potentialAction":[{"@type":"ReadAction","target":["https:\/\/www.hnhlcranes.com\/product\/brake-wheel-coupling\/"]}]},{"@type":"ImageObject","inLanguage":"pt-PT","@id":"https:\/\/www.hnhlcranes.com\/product\/brake-wheel-coupling\/#primaryimage","url":"https:\/\/www.hnhlcranes.com\/wp-content\/uploads\/2024\/11\/Brake-wheel-coupling.jpg","contentUrl":"https:\/\/www.hnhlcranes.com\/wp-content\/uploads\/2024\/11\/Brake-wheel-coupling.jpg","width":600,"height":600},{"@type":"BreadcrumbList","@id":"https:\/\/www.hnhlcranes.com\/product\/brake-wheel-coupling\/#breadcrumb","itemListElement":[{"@type":"ListItem","position":1,"name":"home","item":"https:\/\/www.hnhlcranes.com\/"},{"@type":"ListItem","position":2,"name":"products","item":"https:\/\/www.hnhlcranes.com\/products\/"},{"@type":"ListItem","position":3,"name":"Brake wheel coupling"}]},{"@type":"WebSite","@id":"https:\/\/www.hnhlcranes.com\/#website","url":"https:\/\/www.hnhlcranes.com\/","name":"Crane Parts Manufacturer","description":"Crane Wheels,Crane Drums,Crane Hooks,Crane Coupling,Crane End Carriage,Electric Hoist,European Crane Parts,Crane Rail Clip,Crane Spreader,Crane Motor,Crane Reducer,Crane Brake,Light Crane Parts,Workstation Crane Parts,Crane Electrical Parts,China Crane Parts Supplier,China Crane Parts Manufacturer,Angle box type crane wheel,45 degree split crane wheel,European crane wheel,Crane Wheel Blocks,Overhead crane drum,European crane drum,Overhead crane hook,European crane hook,Crane pulley block,Gear coupling,Brake wheel coupling,Drum gear coupling,Brake wheel drum gear coupling,Cardan Shaft Coupling,WZL drum coupling,Plum blossom elastic coupling,Brake wheel plum elastic coupling,European Single girder crane end carriage,European Double girder crane end carriage,European Suspension  crane end carriage,Wire Rope Electric Hoist,Electric Chain Hoist,European Single Girder Wire Rope Electric Hoist,European Double Girder Wire Rope Electric Hoist,Crane grab,Container spreader,Billet crane clamps,C-type hook,Lifting Electromagnet,YZR crane motor,YZP crane motor,ZQ Reducer,ZSC Reducer,QJ Reducer,QJ-L Reducer,QJY Reducer,H series gearbox,F Series Gear Motor,K Series Gear Motor,R Series Gear Motor,travelling machinery gear motor,Electro hydraulic drum brake,Electro hydraulic disc brake,Crane Safety brake,Crane cable trolley,Crane remote controller,Crane pendant controller,Crane electrical control cabinet,Crane limit switch,Crane sound and light alarm,Heavy Duty Aviation Connector,Crane overload limiter","publisher":{"@id":"https:\/\/www.hnhlcranes.com\/#organization"},"potentialAction":[{"@type":"SearchAction","target":{"@type":"EntryPoint","urlTemplate":"https:\/\/www.hnhlcranes.com\/?s={search_term_string}"},"query-input":{"@type":"PropertyValueSpecification","valueRequired":true,"valueName":"search_term_string"}}],"inLanguage":"pt-PT"},{"@type":"Organization","@id":"https:\/\/www.hnhlcranes.com\/#organization","name":"Crane Parts Manufacturer","url":"https:\/\/www.hnhlcranes.com\/","logo":{"@type":"ImageObject","inLanguage":"pt-PT","@id":"https:\/\/www.hnhlcranes.com\/#\/schema\/logo\/image\/","url":"https:\/\/www.hnhlcranes.com\/wp-content\/uploads\/2025\/01\/HL-logo-1.png","contentUrl":"https:\/\/www.hnhlcranes.com\/wp-content\/uploads\/2025\/01\/HL-logo-1.png","width":600,"height":169,"caption":"Crane Parts Manufacturer"},"image":{"@id":"https:\/\/www.hnhlcranes.com\/#\/schema\/logo\/image\/"}}]}},"_links":{"self":[{"href":"https:\/\/www.hnhlcranes.com\/pt\/wp-json\/wp\/v2\/product\/4915","targetHints":{"allow":["GET"]}}],"collection":[{"href":"https:\/\/www.hnhlcranes.com\/pt\/wp-json\/wp\/v2\/product"}],"about":[{"href":"https:\/\/www.hnhlcranes.com\/pt\/wp-json\/wp\/v2\/types\/product"}],"version-history":[{"count":6,"href":"https:\/\/www.hnhlcranes.com\/pt\/wp-json\/wp\/v2\/product\/4915\/revisions"}],"predecessor-version":[{"id":6889,"href":"https:\/\/www.hnhlcranes.com\/pt\/wp-json\/wp\/v2\/product\/4915\/revisions\/6889"}],"wp:featuredmedia":[{"embeddable":true,"href":"https:\/\/www.hnhlcranes.com\/pt\/wp-json\/wp\/v2\/media\/6882"}],"wp:attachment":[{"href":"https:\/\/www.hnhlcranes.com\/pt\/wp-json\/wp\/v2\/media?parent=4915"}],"wp:term":[{"taxonomy":"product_brand","embeddable":true,"href":"https:\/\/www.hnhlcranes.com\/pt\/wp-json\/wp\/v2\/product_brand?post=4915"},{"taxonomy":"product_cat","embeddable":true,"href":"https:\/\/www.hnhlcranes.com\/pt\/wp-json\/wp\/v2\/product_cat?post=4915"},{"taxonomy":"product_tag","embeddable":true,"href":"https:\/\/www.hnhlcranes.com\/pt\/wp-json\/wp\/v2\/product_tag?post=4915"}],"curies":[{"name":"wp","href":"https:\/\/api.w.org\/{rel}","templated":true}]}}