{"id":5187,"date":"2024-11-10T20:24:19","date_gmt":"2024-11-10T12:24:19","guid":{"rendered":"https:\/\/www.hnhlcranes.com\/?post_type=product&#038;p=5187"},"modified":"2025-01-12T23:50:24","modified_gmt":"2025-01-12T15:50:24","slug":"caixa-de-velocidades-da-serie-h","status":"publish","type":"product","link":"https:\/\/www.hnhlcranes.com\/pt\/produto\/caixa-de-velocidades-da-serie-h\/","title":{"rendered":"Caixa de velocidades da s\u00e9rie H"},"content":{"rendered":"<h6><strong><span style=\"font-family: arial, helvetica, sans-serif; font-size: 18pt;\">Caixa de velocidades da s\u00e9rie H Refer\u00eancia de sele\u00e7\u00e3o<\/span><\/strong><\/h6>\n<p><img fetchpriority=\"high\" decoding=\"async\" class=\"alignnone wp-image-7293\" src=\"https:\/\/www.hnhlcranes.com\/wp-content\/uploads\/2024\/11\/H-series-gearbox-5-267x300.jpg\" alt=\"\" width=\"975\" height=\"1096\" srcset=\"https:\/\/www.hnhlcranes.com\/wp-content\/uploads\/2024\/11\/H-series-gearbox-5-267x300.jpg 267w, https:\/\/www.hnhlcranes.com\/wp-content\/uploads\/2024\/11\/H-series-gearbox-5-910x1024.jpg 910w, https:\/\/www.hnhlcranes.com\/wp-content\/uploads\/2024\/11\/H-series-gearbox-5-768x864.jpg 768w, https:\/\/www.hnhlcranes.com\/wp-content\/uploads\/2024\/11\/H-series-gearbox-5-600x675.jpg 600w, https:\/\/www.hnhlcranes.com\/wp-content\/uploads\/2024\/11\/H-series-gearbox-5.jpg 987w\" sizes=\"(max-width: 975px) 100vw, 975px\" \/><\/p>\n<p><img decoding=\"async\" class=\"alignnone wp-image-7294\" src=\"https:\/\/www.hnhlcranes.com\/wp-content\/uploads\/2024\/11\/H-series-gearbox-6-234x300.jpg\" alt=\"\" width=\"969\" height=\"1242\" srcset=\"https:\/\/www.hnhlcranes.com\/wp-content\/uploads\/2024\/11\/H-series-gearbox-6-234x300.jpg 234w, https:\/\/www.hnhlcranes.com\/wp-content\/uploads\/2024\/11\/H-series-gearbox-6-799x1024.jpg 799w, https:\/\/www.hnhlcranes.com\/wp-content\/uploads\/2024\/11\/H-series-gearbox-6-768x985.jpg 768w, https:\/\/www.hnhlcranes.com\/wp-content\/uploads\/2024\/11\/H-series-gearbox-6-600x769.jpg 600w, https:\/\/www.hnhlcranes.com\/wp-content\/uploads\/2024\/11\/H-series-gearbox-6.jpg 988w\" sizes=\"(max-width: 969px) 100vw, 969px\" \/><\/p>\n<p><img decoding=\"async\" class=\"alignnone wp-image-7295\" src=\"https:\/\/www.hnhlcranes.com\/wp-content\/uploads\/2024\/11\/H-series-gearbox-7-278x300.jpg\" alt=\"\" width=\"965\" height=\"1041\" srcset=\"https:\/\/www.hnhlcranes.com\/wp-content\/uploads\/2024\/11\/H-series-gearbox-7-278x300.jpg 278w, https:\/\/www.hnhlcranes.com\/wp-content\/uploads\/2024\/11\/H-series-gearbox-7-949x1024.jpg 949w, https:\/\/www.hnhlcranes.com\/wp-content\/uploads\/2024\/11\/H-series-gearbox-7-768x829.jpg 768w, https:\/\/www.hnhlcranes.com\/wp-content\/uploads\/2024\/11\/H-series-gearbox-7-600x648.jpg 600w, https:\/\/www.hnhlcranes.com\/wp-content\/uploads\/2024\/11\/H-series-gearbox-7.jpg 985w\" sizes=\"(max-width: 965px) 100vw, 965px\" \/><\/p>\n<p><img loading=\"lazy\" decoding=\"async\" class=\"alignnone wp-image-7296\" src=\"https:\/\/www.hnhlcranes.com\/wp-content\/uploads\/2024\/11\/H-series-gearbox-8-233x300.jpg\" alt=\"\" width=\"977\" height=\"1258\" srcset=\"https:\/\/www.hnhlcranes.com\/wp-content\/uploads\/2024\/11\/H-series-gearbox-8-233x300.jpg 233w, https:\/\/www.hnhlcranes.com\/wp-content\/uploads\/2024\/11\/H-series-gearbox-8-795x1024.jpg 795w, https:\/\/www.hnhlcranes.com\/wp-content\/uploads\/2024\/11\/H-series-gearbox-8-768x989.jpg 768w, https:\/\/www.hnhlcranes.com\/wp-content\/uploads\/2024\/11\/H-series-gearbox-8-600x773.jpg 600w, https:\/\/www.hnhlcranes.com\/wp-content\/uploads\/2024\/11\/H-series-gearbox-8.jpg 985w\" sizes=\"(max-width: 977px) 100vw, 977px\" \/><\/p>\n<p><img loading=\"lazy\" decoding=\"async\" class=\"alignnone wp-image-7297\" src=\"https:\/\/www.hnhlcranes.com\/wp-content\/uploads\/2024\/11\/H-series-gearbox-9-262x300.jpg\" alt=\"\" width=\"984\" height=\"1127\" srcset=\"https:\/\/www.hnhlcranes.com\/wp-content\/uploads\/2024\/11\/H-series-gearbox-9-262x300.jpg 262w, https:\/\/www.hnhlcranes.com\/wp-content\/uploads\/2024\/11\/H-series-gearbox-9-893x1024.jpg 893w, https:\/\/www.hnhlcranes.com\/wp-content\/uploads\/2024\/11\/H-series-gearbox-9-768x880.jpg 768w, https:\/\/www.hnhlcranes.com\/wp-content\/uploads\/2024\/11\/H-series-gearbox-9-600x688.jpg 600w, https:\/\/www.hnhlcranes.com\/wp-content\/uploads\/2024\/11\/H-series-gearbox-9.jpg 985w\" sizes=\"(max-width: 984px) 100vw, 984px\" \/><\/p>\n<p><img loading=\"lazy\" decoding=\"async\" class=\"alignnone wp-image-7298\" src=\"https:\/\/www.hnhlcranes.com\/wp-content\/uploads\/2024\/11\/H-series-gearbox-10-233x300.jpg\" alt=\"\" width=\"979\" height=\"1261\" srcset=\"https:\/\/www.hnhlcranes.com\/wp-content\/uploads\/2024\/11\/H-series-gearbox-10-233x300.jpg 233w, https:\/\/www.hnhlcranes.com\/wp-content\/uploads\/2024\/11\/H-series-gearbox-10-795x1024.jpg 795w, https:\/\/www.hnhlcranes.com\/wp-content\/uploads\/2024\/11\/H-series-gearbox-10-768x989.jpg 768w, https:\/\/www.hnhlcranes.com\/wp-content\/uploads\/2024\/11\/H-series-gearbox-10-600x773.jpg 600w, https:\/\/www.hnhlcranes.com\/wp-content\/uploads\/2024\/11\/H-series-gearbox-10.jpg 985w\" sizes=\"(max-width: 979px) 100vw, 979px\" \/><\/p>\n<p><img loading=\"lazy\" decoding=\"async\" class=\"alignnone wp-image-7299\" src=\"https:\/\/www.hnhlcranes.com\/wp-content\/uploads\/2024\/11\/H-series-gearbox-11-261x300.jpg\" alt=\"\" width=\"975\" height=\"1121\" srcset=\"https:\/\/www.hnhlcranes.com\/wp-content\/uploads\/2024\/11\/H-series-gearbox-11-261x300.jpg 261w, https:\/\/www.hnhlcranes.com\/wp-content\/uploads\/2024\/11\/H-series-gearbox-11-768x882.jpg 768w, https:\/\/www.hnhlcranes.com\/wp-content\/uploads\/2024\/11\/H-series-gearbox-11-600x689.jpg 600w, https:\/\/www.hnhlcranes.com\/wp-content\/uploads\/2024\/11\/H-series-gearbox-11.jpg 985w\" sizes=\"(max-width: 975px) 100vw, 975px\" \/><\/p>\n<p><img loading=\"lazy\" decoding=\"async\" class=\"alignnone wp-image-7300\" src=\"https:\/\/www.hnhlcranes.com\/wp-content\/uploads\/2024\/11\/H-series-gearbox-12-232x300.jpg\" alt=\"\" width=\"978\" height=\"1265\" srcset=\"https:\/\/www.hnhlcranes.com\/wp-content\/uploads\/2024\/11\/H-series-gearbox-12-232x300.jpg 232w, https:\/\/www.hnhlcranes.com\/wp-content\/uploads\/2024\/11\/H-series-gearbox-12-792x1024.jpg 792w, https:\/\/www.hnhlcranes.com\/wp-content\/uploads\/2024\/11\/H-series-gearbox-12-768x993.jpg 768w, https:\/\/www.hnhlcranes.com\/wp-content\/uploads\/2024\/11\/H-series-gearbox-12-600x775.jpg 600w, https:\/\/www.hnhlcranes.com\/wp-content\/uploads\/2024\/11\/H-series-gearbox-12.jpg 985w\" sizes=\"(max-width: 978px) 100vw, 978px\" \/><\/p>\n<p><img loading=\"lazy\" decoding=\"async\" class=\"alignnone wp-image-7301\" src=\"https:\/\/www.hnhlcranes.com\/wp-content\/uploads\/2024\/11\/H-series-gearbox-13-262x300.jpg\" alt=\"\" width=\"967\" height=\"1107\" srcset=\"https:\/\/www.hnhlcranes.com\/wp-content\/uploads\/2024\/11\/H-series-gearbox-13-262x300.jpg 262w, https:\/\/www.hnhlcranes.com\/wp-content\/uploads\/2024\/11\/H-series-gearbox-13-768x880.jpg 768w, https:\/\/www.hnhlcranes.com\/wp-content\/uploads\/2024\/11\/H-series-gearbox-13-600x688.jpg 600w, https:\/\/www.hnhlcranes.com\/wp-content\/uploads\/2024\/11\/H-series-gearbox-13.jpg 985w\" sizes=\"(max-width: 967px) 100vw, 967px\" \/><\/p>\n<p><img loading=\"lazy\" decoding=\"async\" class=\"alignnone wp-image-7302\" src=\"https:\/\/www.hnhlcranes.com\/wp-content\/uploads\/2024\/11\/H-series-gearbox-14-232x300.jpg\" alt=\"\" width=\"967\" height=\"1250\" srcset=\"https:\/\/www.hnhlcranes.com\/wp-content\/uploads\/2024\/11\/H-series-gearbox-14-232x300.jpg 232w, https:\/\/www.hnhlcranes.com\/wp-content\/uploads\/2024\/11\/H-series-gearbox-14-600x777.jpg 600w\" sizes=\"(max-width: 967px) 100vw, 967px\" \/><\/p>\n<p><img loading=\"lazy\" decoding=\"async\" class=\"alignnone wp-image-7303\" src=\"https:\/\/www.hnhlcranes.com\/wp-content\/uploads\/2024\/11\/H-series-gearbox-15-263x300.jpg\" alt=\"\" width=\"972\" height=\"1109\" srcset=\"https:\/\/www.hnhlcranes.com\/wp-content\/uploads\/2024\/11\/H-series-gearbox-15-263x300.jpg 263w, https:\/\/www.hnhlcranes.com\/wp-content\/uploads\/2024\/11\/H-series-gearbox-15-897x1024.jpg 897w, https:\/\/www.hnhlcranes.com\/wp-content\/uploads\/2024\/11\/H-series-gearbox-15-768x877.jpg 768w, https:\/\/www.hnhlcranes.com\/wp-content\/uploads\/2024\/11\/H-series-gearbox-15-600x685.jpg 600w, https:\/\/www.hnhlcranes.com\/wp-content\/uploads\/2024\/11\/H-series-gearbox-15.jpg 985w\" sizes=\"(max-width: 972px) 100vw, 972px\" \/><\/p>\n<p><img loading=\"lazy\" decoding=\"async\" class=\"alignnone wp-image-7304\" src=\"https:\/\/www.hnhlcranes.com\/wp-content\/uploads\/2024\/11\/H-series-gearbox-16-232x300.jpg\" alt=\"\" width=\"966\" height=\"1249\" srcset=\"https:\/\/www.hnhlcranes.com\/wp-content\/uploads\/2024\/11\/H-series-gearbox-16-232x300.jpg 232w, https:\/\/www.hnhlcranes.com\/wp-content\/uploads\/2024\/11\/H-series-gearbox-16-793x1024.jpg 793w, https:\/\/www.hnhlcranes.com\/wp-content\/uploads\/2024\/11\/H-series-gearbox-16-768x992.jpg 768w, https:\/\/www.hnhlcranes.com\/wp-content\/uploads\/2024\/11\/H-series-gearbox-16-600x775.jpg 600w\" sizes=\"(max-width: 966px) 100vw, 966px\" \/><\/p>\n<p>&nbsp;<\/p>","protected":false},"excerpt":{"rendered":"<h6><strong><span style=\"font-size: 14pt; font-family: arial, helvetica, sans-serif;\">Caixa de velocidades da s\u00e9rie H Especifica\u00e7\u00f5es<\/span><\/strong><\/h6>\n<ul>\n<li><strong>Modelos<\/strong>: H2, H3, H4<\/li>\n<li><strong>R\u00e1cios de engrenagem<\/strong>:6.3~450<\/li>\n<li><strong>Tipos de montagem<\/strong>: A, B, C,D<\/li>\n<\/ul>","protected":false},"featured_media":7305,"template":"","meta":{"_kad_post_transparent":"default","_kad_post_title":"","_kad_post_layout":"default","_kad_post_sidebar_id":"","_kad_post_content_style":"default","_kad_post_vertical_padding":"show","_kad_post_feature":"","_kad_post_feature_position":"","_kad_post_header":false,"_kad_post_footer":false},"product_brand":[],"product_cat":[55],"product_tag":[376,374,561,558,373,542,547,557,566,555,546,559,564,541,565,551,543,548,575,570,538,571,539,576,572,540,549,544,550,563,562,567,560,552,553,556,545,554,573,568,536,574,569,537],"class_list":{"0":"post-5187","1":"product","2":"type-product","3":"status-publish","4":"has-post-thumbnail","6":"product_cat-crane-reducer","7":"product_tag-china-crane-parts-supplier","8":"product_tag-crane-accessories","9":"product_tag-crane-decelerators","10":"product_tag-crane-gearbox","11":"product_tag-crane-parts","12":"product_tag-f-series-gear-motor","13":"product_tag-f-series-three-in-one-reducer","14":"product_tag-fem-standard-gear-motors","15":"product_tag-flender-reducer","16":"product_tag-gear-motor-for-crane-traveling","17":"product_tag-gear-motors","18":"product_tag-gear-reducer","19":"product_tag-gear-reducer-for-crane","20":"product_tag-h-series-gearbox","21":"product_tag-hard-tooth-surface-reducercrane-and-hoist-reducer","22":"product_tag-helical-gear-motor-r-series","23":"product_tag-k-series-gear-motor","24":"product_tag-k-series-three-in-one-reducer","25":"product_tag-qj-crane-reducer","26":"product_tag-qj-gearbox","27":"product_tag-qj-reducer","28":"product_tag-qj-l-gearbox","29":"product_tag-qj-l-reducer","30":"product_tag-qjy-crane-reducer","31":"product_tag-qjy-gearbox","32":"product_tag-qjy-reducer","33":"product_tag-r-series-crane-reducer","34":"product_tag-r-series-gear-motor","35":"product_tag-r-series-helical-gear-units","36":"product_tag-reducer-for-crane","37":"product_tag-reducer-gearbox","38":"product_tag-reducer-manufacturer","39":"product_tag-speed-reducer","40":"product_tag-three-in-one-reducer","41":"product_tag-travelling-machinery","42":"product_tag-travelling-machinery-frequency-inverter-motors","43":"product_tag-travelling-machinery-gear-motor","44":"product_tag-travelling-motor-with-gear","45":"product_tag-zq-crane-reducer","46":"product_tag-zq-gearbox","47":"product_tag-zq-reducer","48":"product_tag-zsc-crane-reducer","49":"product_tag-zsc-gearbox","50":"product_tag-zsc-reducer","52":"first","53":"instock","54":"shipping-taxable","55":"product-type-simple","56":"entry","57":"content-bg","58":"loop-entry"},"yoast_head":"<!-- This site is optimized with the Yoast SEO plugin v24.5 - https:\/\/yoast.com\/wordpress\/plugins\/seo\/ -->\n<title>H series gearbox -Crane Gearbox -H series Reducer-Crane Parts Manufacturer<\/title>\n<meta name=\"description\" content=\"Crane Gearbox,Crane Reducer,Crane Decelerators,Reducer gearbox,Reducer for crane,Gear Reducer For Crane,Reducer manufacture,H series gearbox\" \/>\n<meta name=\"robots\" content=\"index, follow, max-snippet:-1, max-image-preview:large, max-video-preview:-1\" \/>\n<link rel=\"canonical\" href=\"https:\/\/www.hnhlcranes.com\/pt\/produto\/caixa-de-velocidades-da-serie-h\/\" \/>\n<meta property=\"og:locale\" content=\"pt_PT\" \/>\n<meta property=\"og:type\" content=\"article\" \/>\n<meta property=\"og:title\" content=\"H series gearbox -Crane Gearbox -H series Reducer-Crane Parts Manufacturer\" \/>\n<meta property=\"og:description\" content=\"Crane Gearbox,Crane Reducer,Crane Decelerators,Reducer gearbox,Reducer for crane,Gear Reducer For Crane,Reducer manufacture,H series gearbox\" \/>\n<meta property=\"og:url\" content=\"https:\/\/www.hnhlcranes.com\/pt\/produto\/caixa-de-velocidades-da-serie-h\/\" \/>\n<meta property=\"og:site_name\" content=\"Crane Parts Manufacturer\" \/>\n<meta property=\"article:modified_time\" content=\"2025-01-12T15:50:24+00:00\" \/>\n<meta property=\"og:image\" content=\"https:\/\/www.hnhlcranes.com\/wp-content\/uploads\/2024\/11\/H-series-gearbox.jpg\" \/>\n\t<meta property=\"og:image:width\" content=\"600\" \/>\n\t<meta property=\"og:image:height\" content=\"600\" \/>\n\t<meta property=\"og:image:type\" content=\"image\/jpeg\" \/>\n<meta name=\"twitter:card\" content=\"summary_large_image\" \/>\n<meta name=\"twitter:label1\" content=\"Tempo estimado de leitura\" \/>\n\t<meta name=\"twitter:data1\" content=\"3 minutos\" \/>\n<script type=\"application\/ld+json\" class=\"yoast-schema-graph\">{\"@context\":\"https:\/\/schema.org\",\"@graph\":[{\"@type\":\"WebPage\",\"@id\":\"https:\/\/www.hnhlcranes.com\/product\/h-series-gearbox\/\",\"url\":\"https:\/\/www.hnhlcranes.com\/product\/h-series-gearbox\/\",\"name\":\"H series gearbox -Crane Gearbox -H series Reducer-Crane Parts Manufacturer\",\"isPartOf\":{\"@id\":\"https:\/\/www.hnhlcranes.com\/#website\"},\"primaryImageOfPage\":{\"@id\":\"https:\/\/www.hnhlcranes.com\/product\/h-series-gearbox\/#primaryimage\"},\"image\":{\"@id\":\"https:\/\/www.hnhlcranes.com\/product\/h-series-gearbox\/#primaryimage\"},\"thumbnailUrl\":\"https:\/\/www.hnhlcranes.com\/wp-content\/uploads\/2024\/11\/H-series-gearbox.jpg\",\"datePublished\":\"2024-11-10T12:24:19+00:00\",\"dateModified\":\"2025-01-12T15:50:24+00:00\",\"description\":\"Crane Gearbox,Crane Reducer,Crane Decelerators,Reducer gearbox,Reducer for crane,Gear Reducer For Crane,Reducer manufacture,H series gearbox\",\"breadcrumb\":{\"@id\":\"https:\/\/www.hnhlcranes.com\/product\/h-series-gearbox\/#breadcrumb\"},\"inLanguage\":\"pt-PT\",\"potentialAction\":[{\"@type\":\"ReadAction\",\"target\":[\"https:\/\/www.hnhlcranes.com\/product\/h-series-gearbox\/\"]}]},{\"@type\":\"ImageObject\",\"inLanguage\":\"pt-PT\",\"@id\":\"https:\/\/www.hnhlcranes.com\/product\/h-series-gearbox\/#primaryimage\",\"url\":\"https:\/\/www.hnhlcranes.com\/wp-content\/uploads\/2024\/11\/H-series-gearbox.jpg\",\"contentUrl\":\"https:\/\/www.hnhlcranes.com\/wp-content\/uploads\/2024\/11\/H-series-gearbox.jpg\",\"width\":600,\"height\":600},{\"@type\":\"BreadcrumbList\",\"@id\":\"https:\/\/www.hnhlcranes.com\/product\/h-series-gearbox\/#breadcrumb\",\"itemListElement\":[{\"@type\":\"ListItem\",\"position\":1,\"name\":\"home\",\"item\":\"https:\/\/www.hnhlcranes.com\/\"},{\"@type\":\"ListItem\",\"position\":2,\"name\":\"products\",\"item\":\"https:\/\/www.hnhlcranes.com\/products\/\"},{\"@type\":\"ListItem\",\"position\":3,\"name\":\"H series gearbox\"}]},{\"@type\":\"WebSite\",\"@id\":\"https:\/\/www.hnhlcranes.com\/#website\",\"url\":\"https:\/\/www.hnhlcranes.com\/\",\"name\":\"Crane Parts Manufacturer\",\"description\":\"Crane Wheels,Crane Drums,Crane Hooks,Crane Coupling,Crane End Carriage,Electric Hoist,European Crane Parts,Crane Rail Clip,Crane Spreader,Crane Motor,Crane Reducer,Crane Brake,Light Crane Parts,Workstation Crane Parts,Crane Electrical Parts,China Crane Parts Supplier,China Crane Parts Manufacturer,Angle box type crane wheel,45 degree split crane wheel,European crane wheel,Crane Wheel Blocks,Overhead crane drum,European crane drum,Overhead crane hook,European crane hook,Crane pulley block,Gear coupling,Brake wheel coupling,Drum gear coupling,Brake wheel drum gear coupling,Cardan Shaft Coupling,WZL drum coupling,Plum blossom elastic coupling,Brake wheel plum elastic coupling,European Single girder crane end carriage,European Double girder crane end carriage,European Suspension  crane end carriage,Wire Rope Electric Hoist,Electric Chain Hoist,European Single Girder Wire Rope Electric Hoist,European Double Girder Wire Rope Electric Hoist,Crane grab,Container spreader,Billet crane clamps,C-type hook,Lifting Electromagnet,YZR crane motor,YZP crane motor,ZQ Reducer,ZSC Reducer,QJ Reducer,QJ-L Reducer,QJY Reducer,H series gearbox,F Series Gear Motor,K Series Gear Motor,R Series Gear Motor,travelling machinery gear motor,Electro hydraulic drum brake,Electro hydraulic disc brake,Crane Safety brake,Crane cable trolley,Crane remote controller,Crane pendant controller,Crane electrical control cabinet,Crane limit switch,Crane sound and light alarm,Heavy Duty Aviation Connector,Crane overload limiter\",\"publisher\":{\"@id\":\"https:\/\/www.hnhlcranes.com\/#organization\"},\"potentialAction\":[{\"@type\":\"SearchAction\",\"target\":{\"@type\":\"EntryPoint\",\"urlTemplate\":\"https:\/\/www.hnhlcranes.com\/?s={search_term_string}\"},\"query-input\":{\"@type\":\"PropertyValueSpecification\",\"valueRequired\":true,\"valueName\":\"search_term_string\"}}],\"inLanguage\":\"pt-PT\"},{\"@type\":\"Organization\",\"@id\":\"https:\/\/www.hnhlcranes.com\/#organization\",\"name\":\"Crane Parts Manufacturer\",\"url\":\"https:\/\/www.hnhlcranes.com\/\",\"logo\":{\"@type\":\"ImageObject\",\"inLanguage\":\"pt-PT\",\"@id\":\"https:\/\/www.hnhlcranes.com\/#\/schema\/logo\/image\/\",\"url\":\"https:\/\/www.hnhlcranes.com\/wp-content\/uploads\/2025\/01\/HL-logo-1.png\",\"contentUrl\":\"https:\/\/www.hnhlcranes.com\/wp-content\/uploads\/2025\/01\/HL-logo-1.png\",\"width\":600,\"height\":169,\"caption\":\"Crane Parts Manufacturer\"},\"image\":{\"@id\":\"https:\/\/www.hnhlcranes.com\/#\/schema\/logo\/image\/\"}}]}<\/script>\n<!-- \/ Yoast SEO plugin. -->","yoast_head_json":{"title":"H series gearbox -Crane Gearbox -H series Reducer-Crane Parts Manufacturer","description":"Crane Gearbox,Crane Reducer,Crane Decelerators,Reducer gearbox,Reducer for crane,Gear Reducer For Crane,Reducer manufacture,H series gearbox","robots":{"index":"index","follow":"follow","max-snippet":"max-snippet:-1","max-image-preview":"max-image-preview:large","max-video-preview":"max-video-preview:-1"},"canonical":"https:\/\/www.hnhlcranes.com\/pt\/produto\/caixa-de-velocidades-da-serie-h\/","og_locale":"pt_PT","og_type":"article","og_title":"H series gearbox -Crane Gearbox -H series Reducer-Crane Parts Manufacturer","og_description":"Crane Gearbox,Crane Reducer,Crane Decelerators,Reducer gearbox,Reducer for crane,Gear Reducer For Crane,Reducer manufacture,H series gearbox","og_url":"https:\/\/www.hnhlcranes.com\/pt\/produto\/caixa-de-velocidades-da-serie-h\/","og_site_name":"Crane Parts Manufacturer","article_modified_time":"2025-01-12T15:50:24+00:00","og_image":[{"width":600,"height":600,"url":"https:\/\/www.hnhlcranes.com\/wp-content\/uploads\/2024\/11\/H-series-gearbox.jpg","type":"image\/jpeg"}],"twitter_card":"summary_large_image","twitter_misc":{"Tempo estimado de leitura":"3 minutos"},"schema":{"@context":"https:\/\/schema.org","@graph":[{"@type":"WebPage","@id":"https:\/\/www.hnhlcranes.com\/product\/h-series-gearbox\/","url":"https:\/\/www.hnhlcranes.com\/product\/h-series-gearbox\/","name":"H series gearbox -Crane Gearbox -H series Reducer-Crane Parts Manufacturer","isPartOf":{"@id":"https:\/\/www.hnhlcranes.com\/#website"},"primaryImageOfPage":{"@id":"https:\/\/www.hnhlcranes.com\/product\/h-series-gearbox\/#primaryimage"},"image":{"@id":"https:\/\/www.hnhlcranes.com\/product\/h-series-gearbox\/#primaryimage"},"thumbnailUrl":"https:\/\/www.hnhlcranes.com\/wp-content\/uploads\/2024\/11\/H-series-gearbox.jpg","datePublished":"2024-11-10T12:24:19+00:00","dateModified":"2025-01-12T15:50:24+00:00","description":"Crane Gearbox,Crane Reducer,Crane Decelerators,Reducer gearbox,Reducer for crane,Gear Reducer For Crane,Reducer manufacture,H series gearbox","breadcrumb":{"@id":"https:\/\/www.hnhlcranes.com\/product\/h-series-gearbox\/#breadcrumb"},"inLanguage":"pt-PT","potentialAction":[{"@type":"ReadAction","target":["https:\/\/www.hnhlcranes.com\/product\/h-series-gearbox\/"]}]},{"@type":"ImageObject","inLanguage":"pt-PT","@id":"https:\/\/www.hnhlcranes.com\/product\/h-series-gearbox\/#primaryimage","url":"https:\/\/www.hnhlcranes.com\/wp-content\/uploads\/2024\/11\/H-series-gearbox.jpg","contentUrl":"https:\/\/www.hnhlcranes.com\/wp-content\/uploads\/2024\/11\/H-series-gearbox.jpg","width":600,"height":600},{"@type":"BreadcrumbList","@id":"https:\/\/www.hnhlcranes.com\/product\/h-series-gearbox\/#breadcrumb","itemListElement":[{"@type":"ListItem","position":1,"name":"home","item":"https:\/\/www.hnhlcranes.com\/"},{"@type":"ListItem","position":2,"name":"products","item":"https:\/\/www.hnhlcranes.com\/products\/"},{"@type":"ListItem","position":3,"name":"H series gearbox"}]},{"@type":"WebSite","@id":"https:\/\/www.hnhlcranes.com\/#website","url":"https:\/\/www.hnhlcranes.com\/","name":"Crane Parts Manufacturer","description":"Crane Wheels,Crane Drums,Crane Hooks,Crane Coupling,Crane End Carriage,Electric Hoist,European Crane Parts,Crane Rail Clip,Crane Spreader,Crane Motor,Crane Reducer,Crane Brake,Light Crane Parts,Workstation Crane Parts,Crane Electrical Parts,China Crane Parts Supplier,China Crane Parts Manufacturer,Angle box type crane wheel,45 degree split crane wheel,European crane wheel,Crane Wheel Blocks,Overhead crane drum,European crane drum,Overhead crane hook,European crane hook,Crane pulley block,Gear coupling,Brake wheel coupling,Drum gear coupling,Brake wheel drum gear coupling,Cardan Shaft Coupling,WZL drum coupling,Plum blossom elastic coupling,Brake wheel plum elastic coupling,European Single girder crane end carriage,European Double girder crane end carriage,European Suspension  crane end carriage,Wire Rope Electric Hoist,Electric Chain Hoist,European Single Girder Wire Rope Electric Hoist,European Double Girder Wire Rope Electric Hoist,Crane grab,Container spreader,Billet crane clamps,C-type hook,Lifting Electromagnet,YZR crane motor,YZP crane motor,ZQ Reducer,ZSC Reducer,QJ Reducer,QJ-L Reducer,QJY Reducer,H series gearbox,F Series Gear Motor,K Series Gear Motor,R Series Gear Motor,travelling machinery gear motor,Electro hydraulic drum brake,Electro hydraulic disc brake,Crane Safety brake,Crane cable trolley,Crane remote controller,Crane pendant controller,Crane electrical control cabinet,Crane limit switch,Crane sound and light alarm,Heavy Duty Aviation Connector,Crane overload limiter","publisher":{"@id":"https:\/\/www.hnhlcranes.com\/#organization"},"potentialAction":[{"@type":"SearchAction","target":{"@type":"EntryPoint","urlTemplate":"https:\/\/www.hnhlcranes.com\/?s={search_term_string}"},"query-input":{"@type":"PropertyValueSpecification","valueRequired":true,"valueName":"search_term_string"}}],"inLanguage":"pt-PT"},{"@type":"Organization","@id":"https:\/\/www.hnhlcranes.com\/#organization","name":"Crane Parts Manufacturer","url":"https:\/\/www.hnhlcranes.com\/","logo":{"@type":"ImageObject","inLanguage":"pt-PT","@id":"https:\/\/www.hnhlcranes.com\/#\/schema\/logo\/image\/","url":"https:\/\/www.hnhlcranes.com\/wp-content\/uploads\/2025\/01\/HL-logo-1.png","contentUrl":"https:\/\/www.hnhlcranes.com\/wp-content\/uploads\/2025\/01\/HL-logo-1.png","width":600,"height":169,"caption":"Crane Parts Manufacturer"},"image":{"@id":"https:\/\/www.hnhlcranes.com\/#\/schema\/logo\/image\/"}}]}},"_links":{"self":[{"href":"https:\/\/www.hnhlcranes.com\/pt\/wp-json\/wp\/v2\/product\/5187","targetHints":{"allow":["GET"]}}],"collection":[{"href":"https:\/\/www.hnhlcranes.com\/pt\/wp-json\/wp\/v2\/product"}],"about":[{"href":"https:\/\/www.hnhlcranes.com\/pt\/wp-json\/wp\/v2\/types\/product"}],"version-history":[{"count":2,"href":"https:\/\/www.hnhlcranes.com\/pt\/wp-json\/wp\/v2\/product\/5187\/revisions"}],"predecessor-version":[{"id":7306,"href":"https:\/\/www.hnhlcranes.com\/pt\/wp-json\/wp\/v2\/product\/5187\/revisions\/7306"}],"wp:featuredmedia":[{"embeddable":true,"href":"https:\/\/www.hnhlcranes.com\/pt\/wp-json\/wp\/v2\/media\/7305"}],"wp:attachment":[{"href":"https:\/\/www.hnhlcranes.com\/pt\/wp-json\/wp\/v2\/media?parent=5187"}],"wp:term":[{"taxonomy":"product_brand","embeddable":true,"href":"https:\/\/www.hnhlcranes.com\/pt\/wp-json\/wp\/v2\/product_brand?post=5187"},{"taxonomy":"product_cat","embeddable":true,"href":"https:\/\/www.hnhlcranes.com\/pt\/wp-json\/wp\/v2\/product_cat?post=5187"},{"taxonomy":"product_tag","embeddable":true,"href":"https:\/\/www.hnhlcranes.com\/pt\/wp-json\/wp\/v2\/product_tag?post=5187"}],"curies":[{"name":"wp","href":"https:\/\/api.w.org\/{rel}","templated":true}]}}