{"id":5424,"date":"2024-11-25T23:05:17","date_gmt":"2024-11-25T15:05:17","guid":{"rendered":"https:\/\/www.hnhlcranes.com\/?post_type=product&#038;p=5424"},"modified":"2025-01-19T18:08:18","modified_gmt":"2025-01-19T10:08:18","slug":"garra-de-guindaste","status":"publish","type":"product","link":"https:\/\/www.hnhlcranes.com\/pt\/produto\/garra-de-guindaste\/","title":{"rendered":"Agarrar na grua"},"content":{"rendered":"<h6><span style=\"font-family: arial, helvetica, sans-serif; font-size: 18pt;\"><strong>Tipos de garras de guindaste e suas carater\u00edsticas<\/strong><\/span><\/h6>\n<h6><span style=\"font-family: arial, helvetica, sans-serif; font-size: 14pt;\"><strong>Pega de corda \u00fanica<\/strong><\/span><\/h6>\n<ul>\n<li><strong>Mecanismo<\/strong>: Funciona com um cabo de a\u00e7o para efetuar as ac\u00e7\u00f5es de eleva\u00e7\u00e3o e de abertura\/fecho, utilizando um mecanismo de bloqueio especial.<\/li>\n<li><strong>Carater\u00edsticas<\/strong>: Adequado para gruas com um \u00fanico tambor de eleva\u00e7\u00e3o (gancho \u00fanico), permitindo uma abertura e um fecho perfeitos durante a carga e a descarga. F\u00e1cil de fixar e de retirar, o que o torna adequado para opera\u00e7\u00f5es subaqu\u00e1ticas e terrestres, tais como agarrar e empilhar.<\/li>\n<li><strong>Limita\u00e7\u00f5es<\/strong>: N\u00e3o podem abrir-se em pleno ar, exceto se forem de tra\u00e7\u00e3o manual ou de comando \u00e0 dist\u00e2ncia.<\/li>\n<\/ul>\n<h6><span style=\"font-family: arial, helvetica, sans-serif; font-size: 14pt;\"><strong>Pega de corda dupla<\/strong><\/span><\/h6>\n<ul>\n<li><strong>Mecanismo<\/strong>: Concebido para as gruas com duplo mecanismo de eleva\u00e7\u00e3o (um cabo para cada tambor). Utiliza um cabo para o equil\u00edbrio e o outro para abrir e fechar a garra.<\/li>\n<li><strong>Carater\u00edsticas<\/strong>:\n<ul>\n<li>Frequentemente utilizado em portos, docas e ind\u00fastrias de constru\u00e7\u00e3o.<\/li>\n<li>Dispon\u00edvel em configura\u00e7\u00f5es ligeiras, m\u00e9dias, pesadas e ultra-pesadas com base nas propriedades do material.<\/li>\n<li>Concebida para o manuseamento de materiais soltos e a granel.<\/li>\n<\/ul>\n<\/li>\n<\/ul>\n<h6><span style=\"font-family: arial, helvetica, sans-serif; font-size: 14pt;\"><strong>Agarrar com quatro cordas<\/strong><\/span><\/h6>\n<ul>\n<li><strong>Mecanismo<\/strong>: Utilizado nas gruas equipadas com dois conjuntos de tambores de cabo de a\u00e7o. Utiliza dois cabos para a sustenta\u00e7\u00e3o e dois para a abertura e o fecho das maxilas.<\/li>\n<li><strong>Aplica\u00e7\u00f5es<\/strong>: Adequado para tarefas como carregar, descarregar, empilhar e alimentar materiais. Frequentemente utilizado com pontes ou p\u00f3rticos rolantes.<\/li>\n<li><strong>Personaliza\u00e7\u00e3o<\/strong>: Pode ser adaptado com dentes, vigas paralelas ou para opera\u00e7\u00f5es subaqu\u00e1ticas com base nas necessidades do utilizador e nas carater\u00edsticas do material.<\/li>\n<\/ul>\n<h6><span style=\"font-family: arial, helvetica, sans-serif; font-size: 14pt;\"><strong>Agarrar com v\u00e1rias garras<\/strong><\/span><\/h6>\n<ul>\n<li><strong>Aplica\u00e7\u00f5es<\/strong>: Manuseia eficazmente sucata met\u00e1lica, materiais s\u00f3lidos de grandes dimens\u00f5es e res\u00edduos em ambientes exigentes como portos, caminhos-de-ferro, metalurgia e constru\u00e7\u00e3o.<\/li>\n<li><strong>Carater\u00edsticas<\/strong>:\n<ul>\n<li>Dispon\u00edvel em modelos de uma corda, duas cordas, quatro cordas e el\u00e9ctricos.<\/li>\n<li>As mand\u00edbulas fecham individualmente com base no tamanho e na forma do material, garantindo um manuseamento eficaz.<\/li>\n<li>Concebidas com 4 a 8 maxilas, personaliz\u00e1veis com base nos requisitos do utilizador e nas propriedades do material.<\/li>\n<\/ul>\n<\/li>\n<\/ul>\n<h6><span style=\"font-family: arial, helvetica, sans-serif; font-size: 14pt;\"><strong>Agarrar no tronco<\/strong><\/span><\/h6>\n<ul>\n<li><strong>Aplica\u00e7\u00f5es<\/strong>: Especificamente concebido para o manuseamento de madeira em serra\u00e7\u00f5es, grandes f\u00e1bricas de madeira, f\u00e1bricas de papel e portos. Utilizado para descarregar navios, empilhar troncos e outras tarefas relacionadas.<\/li>\n<li><strong>Carater\u00edsticas<\/strong>:\n<ul>\n<li>Dispon\u00edvel em modelos de uma corda, duas cordas, quatro cordas e el\u00e9ctricos.<\/li>\n<li>Personaliz\u00e1vel para satisfazer as necessidades espec\u00edficas do utilizador.<\/li>\n<\/ul>\n<\/li>\n<\/ul>\n<h6><span style=\"font-family: arial, helvetica, sans-serif; font-size: 14pt;\"><strong>Pega motorizada<\/strong><\/span><\/h6>\n<ul>\n<li><strong>Mecanismo<\/strong>: Equipado com o seu pr\u00f3prio mecanismo de abertura\/fecho, permite o funcionamento a qualquer altura para a movimenta\u00e7\u00e3o de materiais.<\/li>\n<li><strong>Carater\u00edsticas<\/strong>:\n<ul>\n<li>Maior produtividade em compara\u00e7\u00e3o com as garras de cabo \u00fanico.<\/li>\n<li>F\u00e1cil de montar e desmontar com elevada efici\u00eancia de carga\/descarga.<\/li>\n<li>Adequado para o manuseamento de materiais a granel soltos.<\/li>\n<li>Requer um enrolador de cabo de alimenta\u00e7\u00e3o de energia para alturas de eleva\u00e7\u00e3o mais elevadas.<\/li>\n<\/ul>\n<\/li>\n<li><strong>Limita\u00e7\u00e3o<\/strong>: N\u00e3o \u00e9 adequado para opera\u00e7\u00f5es subaqu\u00e1ticas.<\/li>\n<\/ul>\n<h6><span style=\"font-family: arial, helvetica, sans-serif; font-size: 14pt;\"><strong>Pin\u00e7a multi-garras el\u00e9ctrica e hidr\u00e1ulica<\/strong><\/span><\/h6>\n<ul>\n<li><strong>Aplica\u00e7\u00f5es<\/strong>: Concebida para o manuseamento de materiais irregulares e de grandes dimens\u00f5es, como sucata de a\u00e7o, ferro-gusa, min\u00e9rio e res\u00edduos em ambientes agressivos, substituindo eficazmente o trabalho manual.<\/li>\n<li><strong>Carater\u00edsticas<\/strong>:\n<ul>\n<li>Equipado com um sistema hidr\u00e1ulico independente, utilizando componentes de alta qualidade para um excelente desempenho.<\/li>\n<li>Cada mand\u00edbula \u00e9 acionada por um cilindro hidr\u00e1ulico separado, assegurando que n\u00e3o h\u00e1 derrame de material.<\/li>\n<li>Inclui um conetor de cabo na parte superior para uma f\u00e1cil integra\u00e7\u00e3o na grua.<\/li>\n<li>Dispon\u00edveis em v\u00e1rias configura\u00e7\u00f5es: mordentes circulares ou rectangulares, e desenhos de garras fechadas, semi-abertas ou abertas.<\/li>\n<\/ul>\n<\/li>\n<\/ul>","protected":false},"excerpt":{"rendered":"<p>Pin\u00e7a de corda \u00fanica, pin\u00e7a de quatro cordas, pin\u00e7a electro-hidr\u00e1ulica de m\u00faltiplas abas, pin\u00e7a de casca de laranja, pin\u00e7a de motor el\u00e9trico, pin\u00e7a electro-hidr\u00e1ulica de concha<\/p>","protected":false},"featured_media":7139,"template":"","meta":{"_kad_post_transparent":"default","_kad_post_title":"","_kad_post_layout":"default","_kad_post_sidebar_id":"","_kad_post_content_style":"default","_kad_post_vertical_padding":"show","_kad_post_feature":"","_kad_post_feature_position":"","_kad_post_header":false,"_kad_post_footer":false},"product_brand":[],"product_cat":[59],"product_tag":[508,510,513,497,514,512,515,498,521,376,517,518,496,507,520,516,495,522,494,504,502,505,501,506,499,523,503,519,509,500,493,511],"class_list":{"0":"post-5424","1":"product","2":"type-product","3":"status-publish","4":"has-post-thumbnail","6":"product_cat-crane-spreader","7":"product_tag-20ft-container-spreader","8":"product_tag-40ft-container-lifting-frame","9":"product_tag-billet-clamps","10":"product_tag-billet-crane-clamp","11":"product_tag-billet-crane-clamps-manufacturer","12":"product_tag-billet-lifting-clamp","13":"product_tag-billet-lifting-clamps-china-supplier","14":"product_tag-c-type-hook","15":"product_tag-c-type-spreader","16":"product_tag-china-crane-parts-supplier","17":"product_tag-coil-c-type-hook","18":"product_tag-coil-hook","19":"product_tag-container-spreader","20":"product_tag-container-spreader-manufacturers","21":"product_tag-crane-c-hook","22":"product_tag-crane-c-type-spreader","23":"product_tag-crane-grab","24":"product_tag-crane-magnets","25":"product_tag-crane-spreader","26":"product_tag-electric-motor-grab","27":"product_tag-electro-hydraulic-multi-flap-grab","28":"product_tag-electro-hydraulicclamshell-grab","29":"product_tag-four-rope-grab","30":"product_tag-grab-manufacturers","31":"product_tag-lifting-electromagnet","32":"product_tag-lifting-electromagnet-spreader","33":"product_tag-orange-peel-grab","34":"product_tag-overhead-crane-steel-coil-c-type-hook","35":"product_tag-semi-automatic-container-spreader","36":"product_tag-singlr-rope-grab","37":"product_tag-special-crane-spreader","38":"product_tag-tec-container-spreader","40":"first","41":"instock","42":"featured","43":"shipping-taxable","44":"product-type-simple","45":"entry","46":"content-bg","47":"loop-entry"},"yoast_head":"<!-- This site is optimized with the Yoast SEO plugin v24.5 - https:\/\/yoast.com\/wordpress\/plugins\/seo\/ -->\n<title>Crane grab - Four rope grab-Electric motor grab-grab manufacturer- Crane Parts Manufacturer<\/title>\n<meta name=\"description\" content=\"Singlr rope grab,Four rope grab,Electro-hydraulic multi-flap grab,Orange peel grab,Electric motor grab,Electro-Hydraulicclamshell grab,Crane grab\" \/>\n<meta name=\"robots\" content=\"index, follow, max-snippet:-1, max-image-preview:large, max-video-preview:-1\" \/>\n<link rel=\"canonical\" href=\"https:\/\/www.hnhlcranes.com\/pt\/produto\/garra-de-guindaste\/\" \/>\n<meta property=\"og:locale\" content=\"pt_PT\" \/>\n<meta property=\"og:type\" content=\"article\" \/>\n<meta property=\"og:title\" content=\"Crane grab - Four rope grab-Electric motor grab-grab manufacturer- Crane Parts Manufacturer\" \/>\n<meta property=\"og:description\" content=\"Singlr rope grab,Four rope grab,Electro-hydraulic multi-flap grab,Orange peel grab,Electric motor grab,Electro-Hydraulicclamshell grab,Crane grab\" \/>\n<meta property=\"og:url\" content=\"https:\/\/www.hnhlcranes.com\/pt\/produto\/garra-de-guindaste\/\" \/>\n<meta property=\"og:site_name\" content=\"Crane Parts Manufacturer\" \/>\n<meta property=\"article:modified_time\" content=\"2025-01-19T10:08:18+00:00\" \/>\n<meta property=\"og:image\" content=\"https:\/\/www.hnhlcranes.com\/wp-content\/uploads\/2024\/11\/Crane-grab.jpg\" \/>\n\t<meta property=\"og:image:width\" content=\"600\" \/>\n\t<meta property=\"og:image:height\" content=\"600\" \/>\n\t<meta property=\"og:image:type\" content=\"image\/jpeg\" \/>\n<meta name=\"twitter:card\" content=\"summary_large_image\" \/>\n<meta name=\"twitter:label1\" content=\"Tempo estimado de leitura\" \/>\n\t<meta name=\"twitter:data1\" content=\"3 minutos\" \/>\n<script type=\"application\/ld+json\" class=\"yoast-schema-graph\">{\"@context\":\"https:\/\/schema.org\",\"@graph\":[{\"@type\":\"WebPage\",\"@id\":\"https:\/\/www.hnhlcranes.com\/product\/crane-grab\/\",\"url\":\"https:\/\/www.hnhlcranes.com\/product\/crane-grab\/\",\"name\":\"Crane grab - Four rope grab-Electric motor grab-grab manufacturer- Crane Parts Manufacturer\",\"isPartOf\":{\"@id\":\"https:\/\/www.hnhlcranes.com\/#website\"},\"primaryImageOfPage\":{\"@id\":\"https:\/\/www.hnhlcranes.com\/product\/crane-grab\/#primaryimage\"},\"image\":{\"@id\":\"https:\/\/www.hnhlcranes.com\/product\/crane-grab\/#primaryimage\"},\"thumbnailUrl\":\"https:\/\/www.hnhlcranes.com\/wp-content\/uploads\/2024\/11\/Crane-grab.jpg\",\"datePublished\":\"2024-11-25T15:05:17+00:00\",\"dateModified\":\"2025-01-19T10:08:18+00:00\",\"description\":\"Singlr rope grab,Four rope grab,Electro-hydraulic multi-flap grab,Orange peel grab,Electric motor grab,Electro-Hydraulicclamshell grab,Crane grab\",\"breadcrumb\":{\"@id\":\"https:\/\/www.hnhlcranes.com\/product\/crane-grab\/#breadcrumb\"},\"inLanguage\":\"pt-PT\",\"potentialAction\":[{\"@type\":\"ReadAction\",\"target\":[\"https:\/\/www.hnhlcranes.com\/product\/crane-grab\/\"]}]},{\"@type\":\"ImageObject\",\"inLanguage\":\"pt-PT\",\"@id\":\"https:\/\/www.hnhlcranes.com\/product\/crane-grab\/#primaryimage\",\"url\":\"https:\/\/www.hnhlcranes.com\/wp-content\/uploads\/2024\/11\/Crane-grab.jpg\",\"contentUrl\":\"https:\/\/www.hnhlcranes.com\/wp-content\/uploads\/2024\/11\/Crane-grab.jpg\",\"width\":600,\"height\":600},{\"@type\":\"BreadcrumbList\",\"@id\":\"https:\/\/www.hnhlcranes.com\/product\/crane-grab\/#breadcrumb\",\"itemListElement\":[{\"@type\":\"ListItem\",\"position\":1,\"name\":\"home\",\"item\":\"https:\/\/www.hnhlcranes.com\/\"},{\"@type\":\"ListItem\",\"position\":2,\"name\":\"products\",\"item\":\"https:\/\/www.hnhlcranes.com\/products\/\"},{\"@type\":\"ListItem\",\"position\":3,\"name\":\"Crane grab\"}]},{\"@type\":\"WebSite\",\"@id\":\"https:\/\/www.hnhlcranes.com\/#website\",\"url\":\"https:\/\/www.hnhlcranes.com\/\",\"name\":\"Crane Parts Manufacturer\",\"description\":\"Crane Wheels,Crane Drums,Crane Hooks,Crane Coupling,Crane End Carriage,Electric Hoist,European Crane Parts,Crane Rail Clip,Crane Spreader,Crane Motor,Crane Reducer,Crane Brake,Light Crane Parts,Workstation Crane Parts,Crane Electrical Parts,China Crane Parts Supplier,China Crane Parts Manufacturer,Angle box type crane wheel,45 degree split crane wheel,European crane wheel,Crane Wheel Blocks,Overhead crane drum,European crane drum,Overhead crane hook,European crane hook,Crane pulley block,Gear coupling,Brake wheel coupling,Drum gear coupling,Brake wheel drum gear coupling,Cardan Shaft Coupling,WZL drum coupling,Plum blossom elastic coupling,Brake wheel plum elastic coupling,European Single girder crane end carriage,European Double girder crane end carriage,European Suspension  crane end carriage,Wire Rope Electric Hoist,Electric Chain Hoist,European Single Girder Wire Rope Electric Hoist,European Double Girder Wire Rope Electric Hoist,Crane grab,Container spreader,Billet crane clamps,C-type hook,Lifting Electromagnet,YZR crane motor,YZP crane motor,ZQ Reducer,ZSC Reducer,QJ Reducer,QJ-L Reducer,QJY Reducer,H series gearbox,F Series Gear Motor,K Series Gear Motor,R Series Gear Motor,travelling machinery gear motor,Electro hydraulic drum brake,Electro hydraulic disc brake,Crane Safety brake,Crane cable trolley,Crane remote controller,Crane pendant controller,Crane electrical control cabinet,Crane limit switch,Crane sound and light alarm,Heavy Duty Aviation Connector,Crane overload limiter\",\"publisher\":{\"@id\":\"https:\/\/www.hnhlcranes.com\/#organization\"},\"potentialAction\":[{\"@type\":\"SearchAction\",\"target\":{\"@type\":\"EntryPoint\",\"urlTemplate\":\"https:\/\/www.hnhlcranes.com\/?s={search_term_string}\"},\"query-input\":{\"@type\":\"PropertyValueSpecification\",\"valueRequired\":true,\"valueName\":\"search_term_string\"}}],\"inLanguage\":\"pt-PT\"},{\"@type\":\"Organization\",\"@id\":\"https:\/\/www.hnhlcranes.com\/#organization\",\"name\":\"Crane Parts Manufacturer\",\"url\":\"https:\/\/www.hnhlcranes.com\/\",\"logo\":{\"@type\":\"ImageObject\",\"inLanguage\":\"pt-PT\",\"@id\":\"https:\/\/www.hnhlcranes.com\/#\/schema\/logo\/image\/\",\"url\":\"https:\/\/www.hnhlcranes.com\/wp-content\/uploads\/2025\/01\/HL-logo-1.png\",\"contentUrl\":\"https:\/\/www.hnhlcranes.com\/wp-content\/uploads\/2025\/01\/HL-logo-1.png\",\"width\":600,\"height\":169,\"caption\":\"Crane Parts Manufacturer\"},\"image\":{\"@id\":\"https:\/\/www.hnhlcranes.com\/#\/schema\/logo\/image\/\"}}]}<\/script>\n<!-- \/ Yoast SEO plugin. -->","yoast_head_json":{"title":"Crane grab - Four rope grab-Electric motor grab-grab manufacturer- Crane Parts Manufacturer","description":"Singlr rope grab,Four rope grab,Electro-hydraulic multi-flap grab,Orange peel grab,Electric motor grab,Electro-Hydraulicclamshell grab,Crane grab","robots":{"index":"index","follow":"follow","max-snippet":"max-snippet:-1","max-image-preview":"max-image-preview:large","max-video-preview":"max-video-preview:-1"},"canonical":"https:\/\/www.hnhlcranes.com\/pt\/produto\/garra-de-guindaste\/","og_locale":"pt_PT","og_type":"article","og_title":"Crane grab - Four rope grab-Electric motor grab-grab manufacturer- Crane Parts Manufacturer","og_description":"Singlr rope grab,Four rope grab,Electro-hydraulic multi-flap grab,Orange peel grab,Electric motor grab,Electro-Hydraulicclamshell grab,Crane grab","og_url":"https:\/\/www.hnhlcranes.com\/pt\/produto\/garra-de-guindaste\/","og_site_name":"Crane Parts Manufacturer","article_modified_time":"2025-01-19T10:08:18+00:00","og_image":[{"width":600,"height":600,"url":"https:\/\/www.hnhlcranes.com\/wp-content\/uploads\/2024\/11\/Crane-grab.jpg","type":"image\/jpeg"}],"twitter_card":"summary_large_image","twitter_misc":{"Tempo estimado de leitura":"3 minutos"},"schema":{"@context":"https:\/\/schema.org","@graph":[{"@type":"WebPage","@id":"https:\/\/www.hnhlcranes.com\/product\/crane-grab\/","url":"https:\/\/www.hnhlcranes.com\/product\/crane-grab\/","name":"Crane grab - Four rope grab-Electric motor grab-grab manufacturer- Crane Parts Manufacturer","isPartOf":{"@id":"https:\/\/www.hnhlcranes.com\/#website"},"primaryImageOfPage":{"@id":"https:\/\/www.hnhlcranes.com\/product\/crane-grab\/#primaryimage"},"image":{"@id":"https:\/\/www.hnhlcranes.com\/product\/crane-grab\/#primaryimage"},"thumbnailUrl":"https:\/\/www.hnhlcranes.com\/wp-content\/uploads\/2024\/11\/Crane-grab.jpg","datePublished":"2024-11-25T15:05:17+00:00","dateModified":"2025-01-19T10:08:18+00:00","description":"Singlr rope grab,Four rope grab,Electro-hydraulic multi-flap grab,Orange peel grab,Electric motor grab,Electro-Hydraulicclamshell grab,Crane grab","breadcrumb":{"@id":"https:\/\/www.hnhlcranes.com\/product\/crane-grab\/#breadcrumb"},"inLanguage":"pt-PT","potentialAction":[{"@type":"ReadAction","target":["https:\/\/www.hnhlcranes.com\/product\/crane-grab\/"]}]},{"@type":"ImageObject","inLanguage":"pt-PT","@id":"https:\/\/www.hnhlcranes.com\/product\/crane-grab\/#primaryimage","url":"https:\/\/www.hnhlcranes.com\/wp-content\/uploads\/2024\/11\/Crane-grab.jpg","contentUrl":"https:\/\/www.hnhlcranes.com\/wp-content\/uploads\/2024\/11\/Crane-grab.jpg","width":600,"height":600},{"@type":"BreadcrumbList","@id":"https:\/\/www.hnhlcranes.com\/product\/crane-grab\/#breadcrumb","itemListElement":[{"@type":"ListItem","position":1,"name":"home","item":"https:\/\/www.hnhlcranes.com\/"},{"@type":"ListItem","position":2,"name":"products","item":"https:\/\/www.hnhlcranes.com\/products\/"},{"@type":"ListItem","position":3,"name":"Crane grab"}]},{"@type":"WebSite","@id":"https:\/\/www.hnhlcranes.com\/#website","url":"https:\/\/www.hnhlcranes.com\/","name":"Crane Parts Manufacturer","description":"Crane Wheels,Crane Drums,Crane Hooks,Crane Coupling,Crane End Carriage,Electric Hoist,European Crane Parts,Crane Rail Clip,Crane Spreader,Crane Motor,Crane Reducer,Crane Brake,Light Crane Parts,Workstation Crane Parts,Crane Electrical Parts,China Crane Parts Supplier,China Crane Parts Manufacturer,Angle box type crane wheel,45 degree split crane wheel,European crane wheel,Crane Wheel Blocks,Overhead crane drum,European crane drum,Overhead crane hook,European crane hook,Crane pulley block,Gear coupling,Brake wheel coupling,Drum gear coupling,Brake wheel drum gear coupling,Cardan Shaft Coupling,WZL drum coupling,Plum blossom elastic coupling,Brake wheel plum elastic coupling,European Single girder crane end carriage,European Double girder crane end carriage,European Suspension  crane end carriage,Wire Rope Electric Hoist,Electric Chain Hoist,European Single Girder Wire Rope Electric Hoist,European Double Girder Wire Rope Electric Hoist,Crane grab,Container spreader,Billet crane clamps,C-type hook,Lifting Electromagnet,YZR crane motor,YZP crane motor,ZQ Reducer,ZSC Reducer,QJ Reducer,QJ-L Reducer,QJY Reducer,H series gearbox,F Series Gear Motor,K Series Gear Motor,R Series Gear Motor,travelling machinery gear motor,Electro hydraulic drum brake,Electro hydraulic disc brake,Crane Safety brake,Crane cable trolley,Crane remote controller,Crane pendant controller,Crane electrical control cabinet,Crane limit switch,Crane sound and light alarm,Heavy Duty Aviation Connector,Crane overload limiter","publisher":{"@id":"https:\/\/www.hnhlcranes.com\/#organization"},"potentialAction":[{"@type":"SearchAction","target":{"@type":"EntryPoint","urlTemplate":"https:\/\/www.hnhlcranes.com\/?s={search_term_string}"},"query-input":{"@type":"PropertyValueSpecification","valueRequired":true,"valueName":"search_term_string"}}],"inLanguage":"pt-PT"},{"@type":"Organization","@id":"https:\/\/www.hnhlcranes.com\/#organization","name":"Crane Parts Manufacturer","url":"https:\/\/www.hnhlcranes.com\/","logo":{"@type":"ImageObject","inLanguage":"pt-PT","@id":"https:\/\/www.hnhlcranes.com\/#\/schema\/logo\/image\/","url":"https:\/\/www.hnhlcranes.com\/wp-content\/uploads\/2025\/01\/HL-logo-1.png","contentUrl":"https:\/\/www.hnhlcranes.com\/wp-content\/uploads\/2025\/01\/HL-logo-1.png","width":600,"height":169,"caption":"Crane Parts Manufacturer"},"image":{"@id":"https:\/\/www.hnhlcranes.com\/#\/schema\/logo\/image\/"}}]}},"_links":{"self":[{"href":"https:\/\/www.hnhlcranes.com\/pt\/wp-json\/wp\/v2\/product\/5424","targetHints":{"allow":["GET"]}}],"collection":[{"href":"https:\/\/www.hnhlcranes.com\/pt\/wp-json\/wp\/v2\/product"}],"about":[{"href":"https:\/\/www.hnhlcranes.com\/pt\/wp-json\/wp\/v2\/types\/product"}],"version-history":[{"count":3,"href":"https:\/\/www.hnhlcranes.com\/pt\/wp-json\/wp\/v2\/product\/5424\/revisions"}],"predecessor-version":[{"id":7141,"href":"https:\/\/www.hnhlcranes.com\/pt\/wp-json\/wp\/v2\/product\/5424\/revisions\/7141"}],"wp:featuredmedia":[{"embeddable":true,"href":"https:\/\/www.hnhlcranes.com\/pt\/wp-json\/wp\/v2\/media\/7139"}],"wp:attachment":[{"href":"https:\/\/www.hnhlcranes.com\/pt\/wp-json\/wp\/v2\/media?parent=5424"}],"wp:term":[{"taxonomy":"product_brand","embeddable":true,"href":"https:\/\/www.hnhlcranes.com\/pt\/wp-json\/wp\/v2\/product_brand?post=5424"},{"taxonomy":"product_cat","embeddable":true,"href":"https:\/\/www.hnhlcranes.com\/pt\/wp-json\/wp\/v2\/product_cat?post=5424"},{"taxonomy":"product_tag","embeddable":true,"href":"https:\/\/www.hnhlcranes.com\/pt\/wp-json\/wp\/v2\/product_tag?post=5424"}],"curies":[{"name":"wp","href":"https:\/\/api.w.org\/{rel}","templated":true}]}}