{"id":5444,"date":"2024-11-25T23:42:41","date_gmt":"2024-11-25T15:42:41","guid":{"rendered":"https:\/\/www.hnhlcranes.com\/?post_type=product&#038;p=5444"},"modified":"2025-01-10T15:05:04","modified_gmt":"2025-01-10T07:05:04","slug":"espalhador-de-contentores","status":"publish","type":"product","link":"https:\/\/www.hnhlcranes.com\/pt\/produto\/espalhador-de-contentores\/","title":{"rendered":"Espalhador de contentores"},"content":{"rendered":"<h3><strong>Introdu\u00e7\u00e3o ao distribuidor de contentores<\/strong><\/h3>\n<p>A <strong>espalhador de contentores<\/strong> \u00e9 um dispositivo especificamente concebido para elevar, transportar e colocar contentores com precis\u00e3o. \u00c9 normalmente utilizado em gruas portu\u00e1rias, tais como gruas de cais e gruas de p\u00f3rtico. O spreader liga-se ao gancho da grua ou aos cabos de eleva\u00e7\u00e3o e assegura a eleva\u00e7\u00e3o e o manuseamento seguros dos contentores. Com os seus mecanismos de extens\u00e3o e de bloqueio, o spreader para contentores desempenha um papel crucial na manuten\u00e7\u00e3o da estabilidade e da seguran\u00e7a dos contentores durante o processo de eleva\u00e7\u00e3o.<\/p>\n<h3><strong>Fun\u00e7\u00f5es principais<\/strong><\/h3>\n<ul>\n<li><strong>Eleva\u00e7\u00e3o de contentores<\/strong>: A principal fun\u00e7\u00e3o do spreader de contentores \u00e9 levantar os contentores dos navios de carga ou dos estaleiros portu\u00e1rios e transport\u00e1-los para outros locais. Liga-se aos quatro cantos do contentor, fixando-o no lugar durante a opera\u00e7\u00e3o de eleva\u00e7\u00e3o.<\/li>\n<li><strong>Coloca\u00e7\u00e3o precisa<\/strong>: O distribuidor de contentores assegura a coloca\u00e7\u00e3o precisa dos contentores quando os desloca de um local para outro. Isto \u00e9 especialmente importante nas opera\u00e7\u00f5es portu\u00e1rias, onde \u00e9 necess\u00e1ria uma elevada precis\u00e3o para o empilhamento e a descarga. O spreader ajuda a evitar que os contentores se inclinem ou caiam durante a transfer\u00eancia.<\/li>\n<li><strong>Extens\u00e3o e ajustamento<\/strong>: A maioria dos distribuidores de contentores est\u00e1 equipada com uma carater\u00edstica extens\u00edvel, que lhes permite ajustar a sua largura para acomodar diferentes tamanhos de contentores (tais como contentores de 20 p\u00e9s, 40 p\u00e9s ou 45 p\u00e9s). Esta adaptabilidade significa que o mesmo distribuidor pode lidar com v\u00e1rios tamanhos de contentores, aumentando a efici\u00eancia operacional.<\/li>\n<li><strong>Mecanismo de bloqueio<\/strong>: Para garantir que o contentor n\u00e3o escorrega durante a eleva\u00e7\u00e3o, o distribuidor de contentores est\u00e1 equipado com um mecanismo de bloqueio. Este pode ser autom\u00e1tico ou manual e bloqueia de forma segura os quatro cantos do contentor uma vez ligados, impedindo o seu desprendimento acidental durante o processo de eleva\u00e7\u00e3o.<\/li>\n<li><strong>Melhoria da efici\u00eancia<\/strong>: Os distribuidores de contentores foram concebidos para serem ligados e desligados rapidamente, o que aumenta a efici\u00eancia operacional da grua. Em portos movimentados, o spreader reduz o tempo de rota\u00e7\u00e3o, ajudando a acelerar o manuseamento e o transporte da carga.<\/li>\n<\/ul>\n<h3><strong>Principais componentes estruturais<\/strong><\/h3>\n<ul>\n<li><strong>Moldura<\/strong>: O quadro suporta toda a estrutura do spreader e \u00e9 normalmente fabricado em a\u00e7o de alta resist\u00eancia para suportar o peso do contentor.<\/li>\n<li><strong>Ganchos ou an\u00e9is de eleva\u00e7\u00e3o<\/strong>: Ligam o spreader ao sistema de eleva\u00e7\u00e3o da grua, facilitando a opera\u00e7\u00e3o de eleva\u00e7\u00e3o.<\/li>\n<li><strong>Bra\u00e7os extens\u00edveis<\/strong>: A parte extens\u00edvel do espalhador permite-lhe adaptar-se a diferentes tamanhos de contentores.<\/li>\n<li><strong>Mecanismo de bloqueio<\/strong>: Este mecanismo garante a fixa\u00e7\u00e3o segura dos cantos do contentor ao spreader, evitando que o contentor se desloque.<\/li>\n<li><strong>Sistema de controlo<\/strong>: Os modernos distribuidores de contentores podem dispor de sistemas de controlo eletr\u00f3nico para gerir a extens\u00e3o, o bloqueio e outras fun\u00e7\u00f5es, sendo que alguns oferecem mesmo capacidades de controlo remoto.<\/li>\n<\/ul>\n<h3><strong>Vantagens<\/strong><\/h3>\n<ul>\n<li><strong>Aumento da efici\u00eancia<\/strong>: O sistema de fecho autom\u00e1tico e a conce\u00e7\u00e3o de funcionamento r\u00e1pido melhoram significativamente a efici\u00eancia da movimenta\u00e7\u00e3o dos contentores.<\/li>\n<li><strong>Adaptabilidade a diferentes tamanhos<\/strong>: Os bra\u00e7os extens\u00edveis tornam o distribuidor adequado para uma vasta gama de tamanhos de contentores, proporcionando uma grande versatilidade.<\/li>\n<li><strong>Seguran\u00e7a elevada<\/strong>: O mecanismo de bloqueio garante que os contentores permanecem est\u00e1veis e seguros durante o manuseamento, reduzindo o risco de acidentes.<\/li>\n<li><strong>Redu\u00e7\u00e3o da interven\u00e7\u00e3o manual<\/strong>: Os modernos distribuidores de contentores est\u00e3o frequentemente equipados com sistemas de controlo automatizados, reduzindo a necessidade de opera\u00e7\u00f5es manuais e aumentando a seguran\u00e7a e a efici\u00eancia.<\/li>\n<\/ul>\n<h3><strong>Conclus\u00e3o<\/strong><\/h3>\n<p>Em conclus\u00e3o, o distribuidor de contentores \u00e9 uma pe\u00e7a essencial do equipamento em portos, docas e outras opera\u00e7\u00f5es de movimenta\u00e7\u00e3o de contentores. Proporciona uma eleva\u00e7\u00e3o e um manuseamento eficientes, seguros e precisos dos contentores. A capacidade de extens\u00e3o e os mecanismos de bloqueio permitem-lhe acomodar contentores de diferentes dimens\u00f5es, tornando-o amplamente utilizado no transporte, carga, descarga e empilhamento de contentores em todo o mundo.<\/p>","protected":false},"excerpt":{"rendered":"<p>Fabricantes de espalhadores de contentores,Espalhador de contentores de 20 p\u00e9s,Espalhador de contentores semi-autom\u00e1tico,Estrutura de eleva\u00e7\u00e3o de contentores de 40 p\u00e9s,Espalhador de contentores<\/p>","protected":false},"featured_media":7148,"template":"","meta":{"_kad_post_transparent":"default","_kad_post_title":"","_kad_post_layout":"default","_kad_post_sidebar_id":"","_kad_post_content_style":"default","_kad_post_vertical_padding":"show","_kad_post_feature":"","_kad_post_feature_position":"","_kad_post_header":false,"_kad_post_footer":false},"product_brand":[],"product_cat":[59],"product_tag":[508,510,513,497,514,512,515,498,521,376,517,518,496,507,520,516,495,522,494,504,502,505,501,506,499,523,503,519,509,500,493,511],"class_list":{"0":"post-5444","1":"product","2":"type-product","3":"status-publish","4":"has-post-thumbnail","6":"product_cat-crane-spreader","7":"product_tag-20ft-container-spreader","8":"product_tag-40ft-container-lifting-frame","9":"product_tag-billet-clamps","10":"product_tag-billet-crane-clamp","11":"product_tag-billet-crane-clamps-manufacturer","12":"product_tag-billet-lifting-clamp","13":"product_tag-billet-lifting-clamps-china-supplier","14":"product_tag-c-type-hook","15":"product_tag-c-type-spreader","16":"product_tag-china-crane-parts-supplier","17":"product_tag-coil-c-type-hook","18":"product_tag-coil-hook","19":"product_tag-container-spreader","20":"product_tag-container-spreader-manufacturers","21":"product_tag-crane-c-hook","22":"product_tag-crane-c-type-spreader","23":"product_tag-crane-grab","24":"product_tag-crane-magnets","25":"product_tag-crane-spreader","26":"product_tag-electric-motor-grab","27":"product_tag-electro-hydraulic-multi-flap-grab","28":"product_tag-electro-hydraulicclamshell-grab","29":"product_tag-four-rope-grab","30":"product_tag-grab-manufacturers","31":"product_tag-lifting-electromagnet","32":"product_tag-lifting-electromagnet-spreader","33":"product_tag-orange-peel-grab","34":"product_tag-overhead-crane-steel-coil-c-type-hook","35":"product_tag-semi-automatic-container-spreader","36":"product_tag-singlr-rope-grab","37":"product_tag-special-crane-spreader","38":"product_tag-tec-container-spreader","40":"first","41":"instock","42":"shipping-taxable","43":"product-type-simple","44":"entry","45":"content-bg","46":"loop-entry"},"yoast_head":"<!-- This site is optimized with the Yoast SEO plugin v24.5 - https:\/\/yoast.com\/wordpress\/plugins\/seo\/ -->\n<title>Container spreader - Container spreader manufacturers- Crane Parts Manufacturer<\/title>\n<meta name=\"description\" content=\"Container spreader manufacturer,Semi Automatic container spreader,40ft Container Lifting Frame,China Crane Parts Supplier\" \/>\n<meta name=\"robots\" content=\"index, follow, max-snippet:-1, max-image-preview:large, max-video-preview:-1\" \/>\n<link rel=\"canonical\" href=\"https:\/\/www.hnhlcranes.com\/pt\/produto\/espalhador-de-contentores\/\" \/>\n<meta property=\"og:locale\" content=\"pt_PT\" \/>\n<meta property=\"og:type\" content=\"article\" \/>\n<meta property=\"og:title\" content=\"Container spreader - Container spreader manufacturers- Crane Parts Manufacturer\" \/>\n<meta property=\"og:description\" content=\"Container spreader manufacturer,Semi Automatic container spreader,40ft Container Lifting Frame,China Crane Parts Supplier\" \/>\n<meta property=\"og:url\" content=\"https:\/\/www.hnhlcranes.com\/pt\/produto\/espalhador-de-contentores\/\" \/>\n<meta property=\"og:site_name\" content=\"Crane Parts Manufacturer\" \/>\n<meta property=\"article:modified_time\" content=\"2025-01-10T07:05:04+00:00\" \/>\n<meta property=\"og:image\" content=\"https:\/\/www.hnhlcranes.com\/wp-content\/uploads\/2024\/11\/Container-spreader.jpg\" \/>\n\t<meta property=\"og:image:width\" content=\"600\" \/>\n\t<meta property=\"og:image:height\" content=\"600\" \/>\n\t<meta property=\"og:image:type\" content=\"image\/jpeg\" \/>\n<meta name=\"twitter:card\" content=\"summary_large_image\" \/>\n<meta name=\"twitter:label1\" content=\"Tempo estimado de leitura\" \/>\n\t<meta name=\"twitter:data1\" content=\"3 minutos\" \/>\n<script type=\"application\/ld+json\" class=\"yoast-schema-graph\">{\"@context\":\"https:\/\/schema.org\",\"@graph\":[{\"@type\":\"WebPage\",\"@id\":\"https:\/\/www.hnhlcranes.com\/product\/container-spreader\/\",\"url\":\"https:\/\/www.hnhlcranes.com\/product\/container-spreader\/\",\"name\":\"Container spreader - Container spreader manufacturers- Crane Parts Manufacturer\",\"isPartOf\":{\"@id\":\"https:\/\/www.hnhlcranes.com\/#website\"},\"primaryImageOfPage\":{\"@id\":\"https:\/\/www.hnhlcranes.com\/product\/container-spreader\/#primaryimage\"},\"image\":{\"@id\":\"https:\/\/www.hnhlcranes.com\/product\/container-spreader\/#primaryimage\"},\"thumbnailUrl\":\"https:\/\/www.hnhlcranes.com\/wp-content\/uploads\/2024\/11\/Container-spreader.jpg\",\"datePublished\":\"2024-11-25T15:42:41+00:00\",\"dateModified\":\"2025-01-10T07:05:04+00:00\",\"description\":\"Container spreader manufacturer,Semi Automatic container spreader,40ft Container Lifting Frame,China Crane Parts Supplier\",\"breadcrumb\":{\"@id\":\"https:\/\/www.hnhlcranes.com\/product\/container-spreader\/#breadcrumb\"},\"inLanguage\":\"pt-PT\",\"potentialAction\":[{\"@type\":\"ReadAction\",\"target\":[\"https:\/\/www.hnhlcranes.com\/product\/container-spreader\/\"]}]},{\"@type\":\"ImageObject\",\"inLanguage\":\"pt-PT\",\"@id\":\"https:\/\/www.hnhlcranes.com\/product\/container-spreader\/#primaryimage\",\"url\":\"https:\/\/www.hnhlcranes.com\/wp-content\/uploads\/2024\/11\/Container-spreader.jpg\",\"contentUrl\":\"https:\/\/www.hnhlcranes.com\/wp-content\/uploads\/2024\/11\/Container-spreader.jpg\",\"width\":600,\"height\":600},{\"@type\":\"BreadcrumbList\",\"@id\":\"https:\/\/www.hnhlcranes.com\/product\/container-spreader\/#breadcrumb\",\"itemListElement\":[{\"@type\":\"ListItem\",\"position\":1,\"name\":\"home\",\"item\":\"https:\/\/www.hnhlcranes.com\/\"},{\"@type\":\"ListItem\",\"position\":2,\"name\":\"products\",\"item\":\"https:\/\/www.hnhlcranes.com\/products\/\"},{\"@type\":\"ListItem\",\"position\":3,\"name\":\"Container spreader\"}]},{\"@type\":\"WebSite\",\"@id\":\"https:\/\/www.hnhlcranes.com\/#website\",\"url\":\"https:\/\/www.hnhlcranes.com\/\",\"name\":\"Crane Parts Manufacturer\",\"description\":\"Crane Wheels,Crane Drums,Crane Hooks,Crane Coupling,Crane End Carriage,Electric Hoist,European Crane Parts,Crane Rail Clip,Crane Spreader,Crane Motor,Crane Reducer,Crane Brake,Light Crane Parts,Workstation Crane Parts,Crane Electrical Parts,China Crane Parts Supplier,China Crane Parts Manufacturer,Angle box type crane wheel,45 degree split crane wheel,European crane wheel,Crane Wheel Blocks,Overhead crane drum,European crane drum,Overhead crane hook,European crane hook,Crane pulley block,Gear coupling,Brake wheel coupling,Drum gear coupling,Brake wheel drum gear coupling,Cardan Shaft Coupling,WZL drum coupling,Plum blossom elastic coupling,Brake wheel plum elastic coupling,European Single girder crane end carriage,European Double girder crane end carriage,European Suspension  crane end carriage,Wire Rope Electric Hoist,Electric Chain Hoist,European Single Girder Wire Rope Electric Hoist,European Double Girder Wire Rope Electric Hoist,Crane grab,Container spreader,Billet crane clamps,C-type hook,Lifting Electromagnet,YZR crane motor,YZP crane motor,ZQ Reducer,ZSC Reducer,QJ Reducer,QJ-L Reducer,QJY Reducer,H series gearbox,F Series Gear Motor,K Series Gear Motor,R Series Gear Motor,travelling machinery gear motor,Electro hydraulic drum brake,Electro hydraulic disc brake,Crane Safety brake,Crane cable trolley,Crane remote controller,Crane pendant controller,Crane electrical control cabinet,Crane limit switch,Crane sound and light alarm,Heavy Duty Aviation Connector,Crane overload limiter\",\"publisher\":{\"@id\":\"https:\/\/www.hnhlcranes.com\/#organization\"},\"potentialAction\":[{\"@type\":\"SearchAction\",\"target\":{\"@type\":\"EntryPoint\",\"urlTemplate\":\"https:\/\/www.hnhlcranes.com\/?s={search_term_string}\"},\"query-input\":{\"@type\":\"PropertyValueSpecification\",\"valueRequired\":true,\"valueName\":\"search_term_string\"}}],\"inLanguage\":\"pt-PT\"},{\"@type\":\"Organization\",\"@id\":\"https:\/\/www.hnhlcranes.com\/#organization\",\"name\":\"Crane Parts Manufacturer\",\"url\":\"https:\/\/www.hnhlcranes.com\/\",\"logo\":{\"@type\":\"ImageObject\",\"inLanguage\":\"pt-PT\",\"@id\":\"https:\/\/www.hnhlcranes.com\/#\/schema\/logo\/image\/\",\"url\":\"https:\/\/www.hnhlcranes.com\/wp-content\/uploads\/2025\/01\/HL-logo-1.png\",\"contentUrl\":\"https:\/\/www.hnhlcranes.com\/wp-content\/uploads\/2025\/01\/HL-logo-1.png\",\"width\":600,\"height\":169,\"caption\":\"Crane Parts Manufacturer\"},\"image\":{\"@id\":\"https:\/\/www.hnhlcranes.com\/#\/schema\/logo\/image\/\"}}]}<\/script>\n<!-- \/ Yoast SEO plugin. -->","yoast_head_json":{"title":"Container spreader - Container spreader manufacturers- Crane Parts Manufacturer","description":"Container spreader manufacturer,Semi Automatic container spreader,40ft Container Lifting Frame,China Crane Parts Supplier","robots":{"index":"index","follow":"follow","max-snippet":"max-snippet:-1","max-image-preview":"max-image-preview:large","max-video-preview":"max-video-preview:-1"},"canonical":"https:\/\/www.hnhlcranes.com\/pt\/produto\/espalhador-de-contentores\/","og_locale":"pt_PT","og_type":"article","og_title":"Container spreader - Container spreader manufacturers- Crane Parts Manufacturer","og_description":"Container spreader manufacturer,Semi Automatic container spreader,40ft Container Lifting Frame,China Crane Parts Supplier","og_url":"https:\/\/www.hnhlcranes.com\/pt\/produto\/espalhador-de-contentores\/","og_site_name":"Crane Parts Manufacturer","article_modified_time":"2025-01-10T07:05:04+00:00","og_image":[{"width":600,"height":600,"url":"https:\/\/www.hnhlcranes.com\/wp-content\/uploads\/2024\/11\/Container-spreader.jpg","type":"image\/jpeg"}],"twitter_card":"summary_large_image","twitter_misc":{"Tempo estimado de leitura":"3 minutos"},"schema":{"@context":"https:\/\/schema.org","@graph":[{"@type":"WebPage","@id":"https:\/\/www.hnhlcranes.com\/product\/container-spreader\/","url":"https:\/\/www.hnhlcranes.com\/product\/container-spreader\/","name":"Container spreader - Container spreader manufacturers- Crane Parts Manufacturer","isPartOf":{"@id":"https:\/\/www.hnhlcranes.com\/#website"},"primaryImageOfPage":{"@id":"https:\/\/www.hnhlcranes.com\/product\/container-spreader\/#primaryimage"},"image":{"@id":"https:\/\/www.hnhlcranes.com\/product\/container-spreader\/#primaryimage"},"thumbnailUrl":"https:\/\/www.hnhlcranes.com\/wp-content\/uploads\/2024\/11\/Container-spreader.jpg","datePublished":"2024-11-25T15:42:41+00:00","dateModified":"2025-01-10T07:05:04+00:00","description":"Container spreader manufacturer,Semi Automatic container spreader,40ft Container Lifting Frame,China Crane Parts Supplier","breadcrumb":{"@id":"https:\/\/www.hnhlcranes.com\/product\/container-spreader\/#breadcrumb"},"inLanguage":"pt-PT","potentialAction":[{"@type":"ReadAction","target":["https:\/\/www.hnhlcranes.com\/product\/container-spreader\/"]}]},{"@type":"ImageObject","inLanguage":"pt-PT","@id":"https:\/\/www.hnhlcranes.com\/product\/container-spreader\/#primaryimage","url":"https:\/\/www.hnhlcranes.com\/wp-content\/uploads\/2024\/11\/Container-spreader.jpg","contentUrl":"https:\/\/www.hnhlcranes.com\/wp-content\/uploads\/2024\/11\/Container-spreader.jpg","width":600,"height":600},{"@type":"BreadcrumbList","@id":"https:\/\/www.hnhlcranes.com\/product\/container-spreader\/#breadcrumb","itemListElement":[{"@type":"ListItem","position":1,"name":"home","item":"https:\/\/www.hnhlcranes.com\/"},{"@type":"ListItem","position":2,"name":"products","item":"https:\/\/www.hnhlcranes.com\/products\/"},{"@type":"ListItem","position":3,"name":"Container spreader"}]},{"@type":"WebSite","@id":"https:\/\/www.hnhlcranes.com\/#website","url":"https:\/\/www.hnhlcranes.com\/","name":"Crane Parts Manufacturer","description":"Crane Wheels,Crane Drums,Crane Hooks,Crane Coupling,Crane End Carriage,Electric Hoist,European Crane Parts,Crane Rail Clip,Crane Spreader,Crane Motor,Crane Reducer,Crane Brake,Light Crane Parts,Workstation Crane Parts,Crane Electrical Parts,China Crane Parts Supplier,China Crane Parts Manufacturer,Angle box type crane wheel,45 degree split crane wheel,European crane wheel,Crane Wheel Blocks,Overhead crane drum,European crane drum,Overhead crane hook,European crane hook,Crane pulley block,Gear coupling,Brake wheel coupling,Drum gear coupling,Brake wheel drum gear coupling,Cardan Shaft Coupling,WZL drum coupling,Plum blossom elastic coupling,Brake wheel plum elastic coupling,European Single girder crane end carriage,European Double girder crane end carriage,European Suspension  crane end carriage,Wire Rope Electric Hoist,Electric Chain Hoist,European Single Girder Wire Rope Electric Hoist,European Double Girder Wire Rope Electric Hoist,Crane grab,Container spreader,Billet crane clamps,C-type hook,Lifting Electromagnet,YZR crane motor,YZP crane motor,ZQ Reducer,ZSC Reducer,QJ Reducer,QJ-L Reducer,QJY Reducer,H series gearbox,F Series Gear Motor,K Series Gear Motor,R Series Gear Motor,travelling machinery gear motor,Electro hydraulic drum brake,Electro hydraulic disc brake,Crane Safety brake,Crane cable trolley,Crane remote controller,Crane pendant controller,Crane electrical control cabinet,Crane limit switch,Crane sound and light alarm,Heavy Duty Aviation Connector,Crane overload limiter","publisher":{"@id":"https:\/\/www.hnhlcranes.com\/#organization"},"potentialAction":[{"@type":"SearchAction","target":{"@type":"EntryPoint","urlTemplate":"https:\/\/www.hnhlcranes.com\/?s={search_term_string}"},"query-input":{"@type":"PropertyValueSpecification","valueRequired":true,"valueName":"search_term_string"}}],"inLanguage":"pt-PT"},{"@type":"Organization","@id":"https:\/\/www.hnhlcranes.com\/#organization","name":"Crane Parts Manufacturer","url":"https:\/\/www.hnhlcranes.com\/","logo":{"@type":"ImageObject","inLanguage":"pt-PT","@id":"https:\/\/www.hnhlcranes.com\/#\/schema\/logo\/image\/","url":"https:\/\/www.hnhlcranes.com\/wp-content\/uploads\/2025\/01\/HL-logo-1.png","contentUrl":"https:\/\/www.hnhlcranes.com\/wp-content\/uploads\/2025\/01\/HL-logo-1.png","width":600,"height":169,"caption":"Crane Parts Manufacturer"},"image":{"@id":"https:\/\/www.hnhlcranes.com\/#\/schema\/logo\/image\/"}}]}},"_links":{"self":[{"href":"https:\/\/www.hnhlcranes.com\/pt\/wp-json\/wp\/v2\/product\/5444","targetHints":{"allow":["GET"]}}],"collection":[{"href":"https:\/\/www.hnhlcranes.com\/pt\/wp-json\/wp\/v2\/product"}],"about":[{"href":"https:\/\/www.hnhlcranes.com\/pt\/wp-json\/wp\/v2\/types\/product"}],"version-history":[{"count":4,"href":"https:\/\/www.hnhlcranes.com\/pt\/wp-json\/wp\/v2\/product\/5444\/revisions"}],"predecessor-version":[{"id":7152,"href":"https:\/\/www.hnhlcranes.com\/pt\/wp-json\/wp\/v2\/product\/5444\/revisions\/7152"}],"wp:featuredmedia":[{"embeddable":true,"href":"https:\/\/www.hnhlcranes.com\/pt\/wp-json\/wp\/v2\/media\/7148"}],"wp:attachment":[{"href":"https:\/\/www.hnhlcranes.com\/pt\/wp-json\/wp\/v2\/media?parent=5444"}],"wp:term":[{"taxonomy":"product_brand","embeddable":true,"href":"https:\/\/www.hnhlcranes.com\/pt\/wp-json\/wp\/v2\/product_brand?post=5444"},{"taxonomy":"product_cat","embeddable":true,"href":"https:\/\/www.hnhlcranes.com\/pt\/wp-json\/wp\/v2\/product_cat?post=5444"},{"taxonomy":"product_tag","embeddable":true,"href":"https:\/\/www.hnhlcranes.com\/pt\/wp-json\/wp\/v2\/product_tag?post=5444"}],"curies":[{"name":"wp","href":"https:\/\/api.w.org\/{rel}","templated":true}]}}