{"id":5472,"date":"2024-11-26T00:45:41","date_gmt":"2024-11-25T16:45:41","guid":{"rendered":"https:\/\/www.hnhlcranes.com\/?post_type=product&#038;p=5472"},"modified":"2025-01-10T15:26:49","modified_gmt":"2025-01-10T07:26:49","slug":"gancho-tipo-c","status":"publish","type":"product","link":"https:\/\/www.hnhlcranes.com\/pt\/produto\/gancho-tipo-c\/","title":{"rendered":"Gancho tipo C"},"content":{"rendered":"<h3><strong>Introdu\u00e7\u00e3o ao gancho de tipo C<\/strong><\/h3>\n<p>O <strong>Gancho tipo C<\/strong> \u00e9 um dispositivo de eleva\u00e7\u00e3o muito utilizado em gruas e equipamento de eleva\u00e7\u00e3o, cujo nome deriva da sua forma em \"C\". \u00c9 utilizado principalmente para transportar e elevar cargas pesadas e \u00e9 normalmente empregue em opera\u00e7\u00f5es de manuseamento e eleva\u00e7\u00e3o de materiais na produ\u00e7\u00e3o industrial, log\u00edstica de armaz\u00e9ns e estaleiros de constru\u00e7\u00e3o. Devido \u00e0 sua estrutura simples e forte capacidade de suporte de carga, os ganchos tipo C s\u00e3o uma ferramenta comum em v\u00e1rias tarefas de eleva\u00e7\u00e3o.<\/p>\n<h3><strong>Gancho tipo C <\/strong><strong>Carater\u00edsticas principais<\/strong><\/h3>\n<ul>\n<li><strong>Estrutura simples<\/strong>: Os ganchos do tipo C apresentam um design simples com uma apar\u00eancia em forma de C, tornando-os f\u00e1ceis de fabricar e utilizar. \u00c9 normalmente fabricado em a\u00e7o de alta resist\u00eancia ou material de liga, o que proporciona uma excelente capacidade de carga e durabilidade.<\/li>\n<li><strong>Forte capacidade de carga<\/strong>: A conce\u00e7\u00e3o dos ganchos do tipo C permite-lhe suportar uma tens\u00e3o e um peso significativos, tornando-o adequado para a eleva\u00e7\u00e3o de objectos pesados. Gra\u00e7as a uma estrutura bem concebida, o gancho tipo C oferece um apoio eficaz e seguro durante as opera\u00e7\u00f5es de eleva\u00e7\u00e3o.<\/li>\n<li><strong>Forte adaptabilidade<\/strong>: O gancho tipo C \u00e9 amplamente utilizado em gruas, gruas-torre, cami\u00f5es de eleva\u00e7\u00e3o e outros equipamentos, capazes de manusear v\u00e1rios tamanhos e formas de materiais. \u00c9 utilizado n\u00e3o s\u00f3 para a eleva\u00e7\u00e3o de grandes componentes, mas tamb\u00e9m para a desloca\u00e7\u00e3o de materiais industriais como o a\u00e7o, a maquinaria e os materiais de constru\u00e7\u00e3o.<\/li>\n<li><strong>Seguran\u00e7a elevada<\/strong>: Muitos ganchos do tipo C est\u00e3o equipados com carater\u00edsticas anti-queda, tais como bloqueios de seguran\u00e7a ou desenhos especializados da boca do gancho. Estes mecanismos impedem eficazmente a queda de objectos durante a eleva\u00e7\u00e3o, garantindo a seguran\u00e7a das opera\u00e7\u00f5es de eleva\u00e7\u00e3o.<\/li>\n<\/ul>\n<h3><strong>Princ\u00edpio de funcionamento<\/strong><\/h3>\n<p>O princ\u00edpio de funcionamento de um gancho do tipo C \u00e9 simples. Normalmente, liga-se ao cabo de a\u00e7o ou \u00e0 corrente do equipamento de eleva\u00e7\u00e3o. Aquando da eleva\u00e7\u00e3o, o cabo de a\u00e7o fixa a carga atrav\u00e9s da abertura do gancho. A for\u00e7a de eleva\u00e7\u00e3o da grua \u00e9 ent\u00e3o utilizada para i\u00e7ar a carga. Devido ao design do gancho, a boca do gancho fornece um forte apoio para segurar a carga com firmeza, mantendo a estabilidade durante todo o processo de eleva\u00e7\u00e3o.<\/p>\n<h3><strong>Vantagens<\/strong><\/h3>\n<ul>\n<li><strong>Efici\u00eancia e fiabilidade<\/strong>: A conce\u00e7\u00e3o dos ganchos tipo C permite-lhe levantar objectos pesados de forma r\u00e1pida e fi\u00e1vel, tornando-o adequado para opera\u00e7\u00f5es de eleva\u00e7\u00e3o frequentes.<\/li>\n<li><strong>Rent\u00e1vel<\/strong>: Devido \u00e0 sua estrutura simples e materiais resistentes, o custo de produ\u00e7\u00e3o de um gancho tipo C \u00e9 relativamente baixo e os custos de manuten\u00e7\u00e3o s\u00e3o m\u00ednimos, tornando-o uma ferramenta de eleva\u00e7\u00e3o econ\u00f3mica e pr\u00e1tica.<\/li>\n<li><strong>Facilidade de opera\u00e7\u00e3o<\/strong>: O gancho tipo C \u00e9 f\u00e1cil de utilizar, com liga\u00e7\u00e3o e desligamento r\u00e1pidos, reduzindo o tempo de prepara\u00e7\u00e3o e melhorando a efici\u00eancia do trabalho.<\/li>\n<li><strong>Seguran\u00e7a elevada<\/strong>: Os ganchos do tipo C equipados com fechos de seguran\u00e7a e carater\u00edsticas anti-queda reduzem eficazmente o risco de queda de objectos durante o processo de eleva\u00e7\u00e3o, garantindo a seguran\u00e7a durante as opera\u00e7\u00f5es.<\/li>\n<\/ul>\n<h3><strong>Conclus\u00e3o<\/strong><\/h3>\n<p>Em conclus\u00e3o, os ganchos do tipo C, com o seu design simples mas robusto, s\u00e3o uma ferramenta de eleva\u00e7\u00e3o essencial amplamente utilizada em v\u00e1rias tarefas de eleva\u00e7\u00e3o. A sua estrutura permite-lhe suportar cargas pesadas, adaptar-se a diversas necessidades de eleva\u00e7\u00e3o e garantir uma elevada seguran\u00e7a e facilidade de opera\u00e7\u00e3o. Quer seja em estaleiros de constru\u00e7\u00e3o, instala\u00e7\u00f5es industriais, portos ou armaz\u00e9ns, os ganchos do tipo C desempenham um papel crucial na melhoria da efici\u00eancia do trabalho e na garantia da seguran\u00e7a durante as opera\u00e7\u00f5es de eleva\u00e7\u00e3o.<\/p>\n<h6><strong><span style=\"font-family: arial, helvetica, sans-serif; font-size: 18pt;\">Dimens\u00f5es e par\u00e2metros<\/span><\/strong><\/h6>\n<p><img fetchpriority=\"high\" decoding=\"async\" class=\"alignnone wp-image-7171\" src=\"https:\/\/www.hnhlcranes.com\/wp-content\/uploads\/2024\/11\/C-type-hook-7-245x300.jpg\" alt=\"\" width=\"955\" height=\"1169\" srcset=\"https:\/\/www.hnhlcranes.com\/wp-content\/uploads\/2024\/11\/C-type-hook-7-245x300.jpg 245w, https:\/\/www.hnhlcranes.com\/wp-content\/uploads\/2024\/11\/C-type-hook-7-768x939.jpg 768w, https:\/\/www.hnhlcranes.com\/wp-content\/uploads\/2024\/11\/C-type-hook-7-600x734.jpg 600w, https:\/\/www.hnhlcranes.com\/wp-content\/uploads\/2024\/11\/C-type-hook-7.jpg 800w\" sizes=\"(max-width: 955px) 100vw, 955px\" \/><\/p>","protected":false},"excerpt":{"rendered":"<p>Gancho tipo C para bobina,Gancho para bobina,Gancho tipo C para ponte rolante,Gancho tipo C para ponte rolante,Gancho tipo C para ponte rolante,Gancho tipo C para ponte rolante,Gancho tipo C para ponte rolante,Gancho tipo C para ponte rolante<\/p>","protected":false},"featured_media":7172,"template":"","meta":{"_kad_post_transparent":"default","_kad_post_title":"","_kad_post_layout":"default","_kad_post_sidebar_id":"","_kad_post_content_style":"default","_kad_post_vertical_padding":"show","_kad_post_feature":"","_kad_post_feature_position":"","_kad_post_header":false,"_kad_post_footer":false},"product_brand":[],"product_cat":[59],"product_tag":[508,510,513,497,514,512,515,498,521,376,517,518,496,507,520,516,495,522,494,504,502,505,501,506,499,523,503,519,509,500,493,511],"class_list":{"0":"post-5472","1":"product","2":"type-product","3":"status-publish","4":"has-post-thumbnail","6":"product_cat-crane-spreader","7":"product_tag-20ft-container-spreader","8":"product_tag-40ft-container-lifting-frame","9":"product_tag-billet-clamps","10":"product_tag-billet-crane-clamp","11":"product_tag-billet-crane-clamps-manufacturer","12":"product_tag-billet-lifting-clamp","13":"product_tag-billet-lifting-clamps-china-supplier","14":"product_tag-c-type-hook","15":"product_tag-c-type-spreader","16":"product_tag-china-crane-parts-supplier","17":"product_tag-coil-c-type-hook","18":"product_tag-coil-hook","19":"product_tag-container-spreader","20":"product_tag-container-spreader-manufacturers","21":"product_tag-crane-c-hook","22":"product_tag-crane-c-type-spreader","23":"product_tag-crane-grab","24":"product_tag-crane-magnets","25":"product_tag-crane-spreader","26":"product_tag-electric-motor-grab","27":"product_tag-electro-hydraulic-multi-flap-grab","28":"product_tag-electro-hydraulicclamshell-grab","29":"product_tag-four-rope-grab","30":"product_tag-grab-manufacturers","31":"product_tag-lifting-electromagnet","32":"product_tag-lifting-electromagnet-spreader","33":"product_tag-orange-peel-grab","34":"product_tag-overhead-crane-steel-coil-c-type-hook","35":"product_tag-semi-automatic-container-spreader","36":"product_tag-singlr-rope-grab","37":"product_tag-special-crane-spreader","38":"product_tag-tec-container-spreader","40":"first","41":"instock","42":"featured","43":"shipping-taxable","44":"product-type-simple","45":"entry","46":"content-bg","47":"loop-entry"},"yoast_head":"<!-- This site is optimized with the Yoast SEO plugin v24.5 - https:\/\/yoast.com\/wordpress\/plugins\/seo\/ -->\n<title>C-type hook - Crane C-type spreader-Coil hook-Crane Parts Manufacturer<\/title>\n<meta name=\"description\" content=\"Special Crane Spreader,Coil C-Type Hook,coil hooks,Overhead Crane Steel Coil C-Type Hooks,Crane C-hooks,C-type spreader,C-type hook\" \/>\n<meta name=\"robots\" content=\"index, follow, max-snippet:-1, max-image-preview:large, max-video-preview:-1\" \/>\n<link rel=\"canonical\" href=\"https:\/\/www.hnhlcranes.com\/pt\/produto\/gancho-tipo-c\/\" \/>\n<meta property=\"og:locale\" content=\"pt_PT\" \/>\n<meta property=\"og:type\" content=\"article\" \/>\n<meta property=\"og:title\" content=\"C-type hook - Crane C-type spreader-Coil hook-Crane Parts Manufacturer\" \/>\n<meta property=\"og:description\" content=\"Special Crane Spreader,Coil C-Type Hook,coil hooks,Overhead Crane Steel Coil C-Type Hooks,Crane C-hooks,C-type spreader,C-type hook\" \/>\n<meta property=\"og:url\" content=\"https:\/\/www.hnhlcranes.com\/pt\/produto\/gancho-tipo-c\/\" \/>\n<meta property=\"og:site_name\" content=\"Crane Parts Manufacturer\" \/>\n<meta property=\"article:modified_time\" content=\"2025-01-10T07:26:49+00:00\" \/>\n<meta property=\"og:image\" content=\"https:\/\/www.hnhlcranes.com\/wp-content\/uploads\/2024\/11\/C-type-hook.jpg\" \/>\n\t<meta property=\"og:image:width\" content=\"600\" \/>\n\t<meta property=\"og:image:height\" content=\"600\" \/>\n\t<meta property=\"og:image:type\" content=\"image\/jpeg\" \/>\n<meta name=\"twitter:card\" content=\"summary_large_image\" \/>\n<meta name=\"twitter:label1\" content=\"Tempo estimado de leitura\" \/>\n\t<meta name=\"twitter:data1\" content=\"3 minutos\" \/>\n<script type=\"application\/ld+json\" class=\"yoast-schema-graph\">{\"@context\":\"https:\/\/schema.org\",\"@graph\":[{\"@type\":\"WebPage\",\"@id\":\"https:\/\/www.hnhlcranes.com\/product\/c-type-hook\/\",\"url\":\"https:\/\/www.hnhlcranes.com\/product\/c-type-hook\/\",\"name\":\"C-type hook - Crane C-type spreader-Coil hook-Crane Parts Manufacturer\",\"isPartOf\":{\"@id\":\"https:\/\/www.hnhlcranes.com\/#website\"},\"primaryImageOfPage\":{\"@id\":\"https:\/\/www.hnhlcranes.com\/product\/c-type-hook\/#primaryimage\"},\"image\":{\"@id\":\"https:\/\/www.hnhlcranes.com\/product\/c-type-hook\/#primaryimage\"},\"thumbnailUrl\":\"https:\/\/www.hnhlcranes.com\/wp-content\/uploads\/2024\/11\/C-type-hook.jpg\",\"datePublished\":\"2024-11-25T16:45:41+00:00\",\"dateModified\":\"2025-01-10T07:26:49+00:00\",\"description\":\"Special Crane Spreader,Coil C-Type Hook,coil hooks,Overhead Crane Steel Coil C-Type Hooks,Crane C-hooks,C-type spreader,C-type hook\",\"breadcrumb\":{\"@id\":\"https:\/\/www.hnhlcranes.com\/product\/c-type-hook\/#breadcrumb\"},\"inLanguage\":\"pt-PT\",\"potentialAction\":[{\"@type\":\"ReadAction\",\"target\":[\"https:\/\/www.hnhlcranes.com\/product\/c-type-hook\/\"]}]},{\"@type\":\"ImageObject\",\"inLanguage\":\"pt-PT\",\"@id\":\"https:\/\/www.hnhlcranes.com\/product\/c-type-hook\/#primaryimage\",\"url\":\"https:\/\/www.hnhlcranes.com\/wp-content\/uploads\/2024\/11\/C-type-hook.jpg\",\"contentUrl\":\"https:\/\/www.hnhlcranes.com\/wp-content\/uploads\/2024\/11\/C-type-hook.jpg\",\"width\":600,\"height\":600},{\"@type\":\"BreadcrumbList\",\"@id\":\"https:\/\/www.hnhlcranes.com\/product\/c-type-hook\/#breadcrumb\",\"itemListElement\":[{\"@type\":\"ListItem\",\"position\":1,\"name\":\"home\",\"item\":\"https:\/\/www.hnhlcranes.com\/\"},{\"@type\":\"ListItem\",\"position\":2,\"name\":\"products\",\"item\":\"https:\/\/www.hnhlcranes.com\/products\/\"},{\"@type\":\"ListItem\",\"position\":3,\"name\":\"C-type hook\"}]},{\"@type\":\"WebSite\",\"@id\":\"https:\/\/www.hnhlcranes.com\/#website\",\"url\":\"https:\/\/www.hnhlcranes.com\/\",\"name\":\"Crane Parts Manufacturer\",\"description\":\"Crane Wheels,Crane Drums,Crane Hooks,Crane Coupling,Crane End Carriage,Electric Hoist,European Crane Parts,Crane Rail Clip,Crane Spreader,Crane Motor,Crane Reducer,Crane Brake,Light Crane Parts,Workstation Crane Parts,Crane Electrical Parts,China Crane Parts Supplier,China Crane Parts Manufacturer,Angle box type crane wheel,45 degree split crane wheel,European crane wheel,Crane Wheel Blocks,Overhead crane drum,European crane drum,Overhead crane hook,European crane hook,Crane pulley block,Gear coupling,Brake wheel coupling,Drum gear coupling,Brake wheel drum gear coupling,Cardan Shaft Coupling,WZL drum coupling,Plum blossom elastic coupling,Brake wheel plum elastic coupling,European Single girder crane end carriage,European Double girder crane end carriage,European Suspension  crane end carriage,Wire Rope Electric Hoist,Electric Chain Hoist,European Single Girder Wire Rope Electric Hoist,European Double Girder Wire Rope Electric Hoist,Crane grab,Container spreader,Billet crane clamps,C-type hook,Lifting Electromagnet,YZR crane motor,YZP crane motor,ZQ Reducer,ZSC Reducer,QJ Reducer,QJ-L Reducer,QJY Reducer,H series gearbox,F Series Gear Motor,K Series Gear Motor,R Series Gear Motor,travelling machinery gear motor,Electro hydraulic drum brake,Electro hydraulic disc brake,Crane Safety brake,Crane cable trolley,Crane remote controller,Crane pendant controller,Crane electrical control cabinet,Crane limit switch,Crane sound and light alarm,Heavy Duty Aviation Connector,Crane overload limiter\",\"publisher\":{\"@id\":\"https:\/\/www.hnhlcranes.com\/#organization\"},\"potentialAction\":[{\"@type\":\"SearchAction\",\"target\":{\"@type\":\"EntryPoint\",\"urlTemplate\":\"https:\/\/www.hnhlcranes.com\/?s={search_term_string}\"},\"query-input\":{\"@type\":\"PropertyValueSpecification\",\"valueRequired\":true,\"valueName\":\"search_term_string\"}}],\"inLanguage\":\"pt-PT\"},{\"@type\":\"Organization\",\"@id\":\"https:\/\/www.hnhlcranes.com\/#organization\",\"name\":\"Crane Parts Manufacturer\",\"url\":\"https:\/\/www.hnhlcranes.com\/\",\"logo\":{\"@type\":\"ImageObject\",\"inLanguage\":\"pt-PT\",\"@id\":\"https:\/\/www.hnhlcranes.com\/#\/schema\/logo\/image\/\",\"url\":\"https:\/\/www.hnhlcranes.com\/wp-content\/uploads\/2025\/01\/HL-logo-1.png\",\"contentUrl\":\"https:\/\/www.hnhlcranes.com\/wp-content\/uploads\/2025\/01\/HL-logo-1.png\",\"width\":600,\"height\":169,\"caption\":\"Crane Parts Manufacturer\"},\"image\":{\"@id\":\"https:\/\/www.hnhlcranes.com\/#\/schema\/logo\/image\/\"}}]}<\/script>\n<!-- \/ Yoast SEO plugin. -->","yoast_head_json":{"title":"C-type hook - Crane C-type spreader-Coil hook-Crane Parts Manufacturer","description":"Special Crane Spreader,Coil C-Type Hook,coil hooks,Overhead Crane Steel Coil C-Type Hooks,Crane C-hooks,C-type spreader,C-type hook","robots":{"index":"index","follow":"follow","max-snippet":"max-snippet:-1","max-image-preview":"max-image-preview:large","max-video-preview":"max-video-preview:-1"},"canonical":"https:\/\/www.hnhlcranes.com\/pt\/produto\/gancho-tipo-c\/","og_locale":"pt_PT","og_type":"article","og_title":"C-type hook - Crane C-type spreader-Coil hook-Crane Parts Manufacturer","og_description":"Special Crane Spreader,Coil C-Type Hook,coil hooks,Overhead Crane Steel Coil C-Type Hooks,Crane C-hooks,C-type spreader,C-type hook","og_url":"https:\/\/www.hnhlcranes.com\/pt\/produto\/gancho-tipo-c\/","og_site_name":"Crane Parts Manufacturer","article_modified_time":"2025-01-10T07:26:49+00:00","og_image":[{"width":600,"height":600,"url":"https:\/\/www.hnhlcranes.com\/wp-content\/uploads\/2024\/11\/C-type-hook.jpg","type":"image\/jpeg"}],"twitter_card":"summary_large_image","twitter_misc":{"Tempo estimado de leitura":"3 minutos"},"schema":{"@context":"https:\/\/schema.org","@graph":[{"@type":"WebPage","@id":"https:\/\/www.hnhlcranes.com\/product\/c-type-hook\/","url":"https:\/\/www.hnhlcranes.com\/product\/c-type-hook\/","name":"C-type hook - Crane C-type spreader-Coil hook-Crane Parts Manufacturer","isPartOf":{"@id":"https:\/\/www.hnhlcranes.com\/#website"},"primaryImageOfPage":{"@id":"https:\/\/www.hnhlcranes.com\/product\/c-type-hook\/#primaryimage"},"image":{"@id":"https:\/\/www.hnhlcranes.com\/product\/c-type-hook\/#primaryimage"},"thumbnailUrl":"https:\/\/www.hnhlcranes.com\/wp-content\/uploads\/2024\/11\/C-type-hook.jpg","datePublished":"2024-11-25T16:45:41+00:00","dateModified":"2025-01-10T07:26:49+00:00","description":"Special Crane Spreader,Coil C-Type Hook,coil hooks,Overhead Crane Steel Coil C-Type Hooks,Crane C-hooks,C-type spreader,C-type hook","breadcrumb":{"@id":"https:\/\/www.hnhlcranes.com\/product\/c-type-hook\/#breadcrumb"},"inLanguage":"pt-PT","potentialAction":[{"@type":"ReadAction","target":["https:\/\/www.hnhlcranes.com\/product\/c-type-hook\/"]}]},{"@type":"ImageObject","inLanguage":"pt-PT","@id":"https:\/\/www.hnhlcranes.com\/product\/c-type-hook\/#primaryimage","url":"https:\/\/www.hnhlcranes.com\/wp-content\/uploads\/2024\/11\/C-type-hook.jpg","contentUrl":"https:\/\/www.hnhlcranes.com\/wp-content\/uploads\/2024\/11\/C-type-hook.jpg","width":600,"height":600},{"@type":"BreadcrumbList","@id":"https:\/\/www.hnhlcranes.com\/product\/c-type-hook\/#breadcrumb","itemListElement":[{"@type":"ListItem","position":1,"name":"home","item":"https:\/\/www.hnhlcranes.com\/"},{"@type":"ListItem","position":2,"name":"products","item":"https:\/\/www.hnhlcranes.com\/products\/"},{"@type":"ListItem","position":3,"name":"C-type hook"}]},{"@type":"WebSite","@id":"https:\/\/www.hnhlcranes.com\/#website","url":"https:\/\/www.hnhlcranes.com\/","name":"Crane Parts Manufacturer","description":"Crane Wheels,Crane Drums,Crane Hooks,Crane Coupling,Crane End Carriage,Electric Hoist,European Crane Parts,Crane Rail Clip,Crane Spreader,Crane Motor,Crane Reducer,Crane Brake,Light Crane Parts,Workstation Crane Parts,Crane Electrical Parts,China Crane Parts Supplier,China Crane Parts Manufacturer,Angle box type crane wheel,45 degree split crane wheel,European crane wheel,Crane Wheel Blocks,Overhead crane drum,European crane drum,Overhead crane hook,European crane hook,Crane pulley block,Gear coupling,Brake wheel coupling,Drum gear coupling,Brake wheel drum gear coupling,Cardan Shaft Coupling,WZL drum coupling,Plum blossom elastic coupling,Brake wheel plum elastic coupling,European Single girder crane end carriage,European Double girder crane end carriage,European Suspension  crane end carriage,Wire Rope Electric Hoist,Electric Chain Hoist,European Single Girder Wire Rope Electric Hoist,European Double Girder Wire Rope Electric Hoist,Crane grab,Container spreader,Billet crane clamps,C-type hook,Lifting Electromagnet,YZR crane motor,YZP crane motor,ZQ Reducer,ZSC Reducer,QJ Reducer,QJ-L Reducer,QJY Reducer,H series gearbox,F Series Gear Motor,K Series Gear Motor,R Series Gear Motor,travelling machinery gear motor,Electro hydraulic drum brake,Electro hydraulic disc brake,Crane Safety brake,Crane cable trolley,Crane remote controller,Crane pendant controller,Crane electrical control cabinet,Crane limit switch,Crane sound and light alarm,Heavy Duty Aviation Connector,Crane overload limiter","publisher":{"@id":"https:\/\/www.hnhlcranes.com\/#organization"},"potentialAction":[{"@type":"SearchAction","target":{"@type":"EntryPoint","urlTemplate":"https:\/\/www.hnhlcranes.com\/?s={search_term_string}"},"query-input":{"@type":"PropertyValueSpecification","valueRequired":true,"valueName":"search_term_string"}}],"inLanguage":"pt-PT"},{"@type":"Organization","@id":"https:\/\/www.hnhlcranes.com\/#organization","name":"Crane Parts Manufacturer","url":"https:\/\/www.hnhlcranes.com\/","logo":{"@type":"ImageObject","inLanguage":"pt-PT","@id":"https:\/\/www.hnhlcranes.com\/#\/schema\/logo\/image\/","url":"https:\/\/www.hnhlcranes.com\/wp-content\/uploads\/2025\/01\/HL-logo-1.png","contentUrl":"https:\/\/www.hnhlcranes.com\/wp-content\/uploads\/2025\/01\/HL-logo-1.png","width":600,"height":169,"caption":"Crane Parts Manufacturer"},"image":{"@id":"https:\/\/www.hnhlcranes.com\/#\/schema\/logo\/image\/"}}]}},"_links":{"self":[{"href":"https:\/\/www.hnhlcranes.com\/pt\/wp-json\/wp\/v2\/product\/5472","targetHints":{"allow":["GET"]}}],"collection":[{"href":"https:\/\/www.hnhlcranes.com\/pt\/wp-json\/wp\/v2\/product"}],"about":[{"href":"https:\/\/www.hnhlcranes.com\/pt\/wp-json\/wp\/v2\/types\/product"}],"version-history":[{"count":5,"href":"https:\/\/www.hnhlcranes.com\/pt\/wp-json\/wp\/v2\/product\/5472\/revisions"}],"predecessor-version":[{"id":7176,"href":"https:\/\/www.hnhlcranes.com\/pt\/wp-json\/wp\/v2\/product\/5472\/revisions\/7176"}],"wp:featuredmedia":[{"embeddable":true,"href":"https:\/\/www.hnhlcranes.com\/pt\/wp-json\/wp\/v2\/media\/7172"}],"wp:attachment":[{"href":"https:\/\/www.hnhlcranes.com\/pt\/wp-json\/wp\/v2\/media?parent=5472"}],"wp:term":[{"taxonomy":"product_brand","embeddable":true,"href":"https:\/\/www.hnhlcranes.com\/pt\/wp-json\/wp\/v2\/product_brand?post=5472"},{"taxonomy":"product_cat","embeddable":true,"href":"https:\/\/www.hnhlcranes.com\/pt\/wp-json\/wp\/v2\/product_cat?post=5472"},{"taxonomy":"product_tag","embeddable":true,"href":"https:\/\/www.hnhlcranes.com\/pt\/wp-json\/wp\/v2\/product_tag?post=5472"}],"curies":[{"name":"wp","href":"https:\/\/api.w.org\/{rel}","templated":true}]}}