{"id":5505,"date":"2024-11-28T14:51:15","date_gmt":"2024-11-28T06:51:15","guid":{"rendered":"https:\/\/www.hnhlcranes.com\/?post_type=product&#038;p=5505"},"modified":"2025-01-10T15:49:58","modified_gmt":"2025-01-10T07:49:58","slug":"clipe-de-carril-wjk","status":"publish","type":"product","link":"https:\/\/www.hnhlcranes.com\/pt\/produto\/clipe-de-carril-wjk\/","title":{"rendered":"Grampo de carril WJK"},"content":{"rendered":"<h6><img fetchpriority=\"high\" decoding=\"async\" class=\"alignnone wp-image-7077\" src=\"https:\/\/www.hnhlcranes.com\/wp-content\/uploads\/2024\/11\/WJK-Rail-Clip-2-300x95.jpg\" alt=\"\" width=\"951\" height=\"301\" srcset=\"https:\/\/www.hnhlcranes.com\/wp-content\/uploads\/2024\/11\/WJK-Rail-Clip-2-300x95.jpg 300w, https:\/\/www.hnhlcranes.com\/wp-content\/uploads\/2024\/11\/WJK-Rail-Clip-2-768x242.jpg 768w, https:\/\/www.hnhlcranes.com\/wp-content\/uploads\/2024\/11\/WJK-Rail-Clip-2-600x189.jpg 600w, https:\/\/www.hnhlcranes.com\/wp-content\/uploads\/2024\/11\/WJK-Rail-Clip-2.jpg 800w\" sizes=\"(max-width: 951px) 100vw, 951px\" \/><\/h6>\n<h6><\/h6>\n<h3>Carater\u00edsticas do clip de carril WJK<\/h3>\n<p>O <strong>Clipe de carril WJK<\/strong> foi especificamente concebido para ser utilizado com vigas de a\u00e7o e tem uma capacidade de eleva\u00e7\u00e3o de 350 toneladas por conjunto, constitu\u00eddo por sete componentes no total. Esta conce\u00e7\u00e3o robusta garante um desempenho \u00f3timo numa s\u00e9rie de aplica\u00e7\u00f5es pesadas.<\/p>\n<h4><strong>Soldadura de placas de base<\/strong><\/h4>\n<p>O <strong>Placa de base WJK<\/strong> \u00e9 soldada \u00e0 flange da viga de a\u00e7o da grua utilizando soldaduras envolventes de tr\u00eas lados ou soldaduras laterais de dois lados. Esta configura\u00e7\u00e3o assegura que a for\u00e7a lateral horizontal da grua \u00e9 transferida sem problemas para a viga da grua. Al\u00e9m disso, minimiza o enfraquecimento estrutural causado por perfura\u00e7\u00f5es excessivas na flange, o que aumenta significativamente a capacidade de suporte de carga da sec\u00e7\u00e3o transversal da viga da ponte rolante.<\/p>\n<h4><strong>Liga\u00e7\u00e3o da junta esf\u00e9rica<\/strong><\/h4>\n<p>A placa de base \u00e9 ligada \u00e0 extremidade inferior do parafuso em T atrav\u00e9s de um <strong>junta esf\u00e9rica<\/strong>que permite que o parafuso em T permane\u00e7a perpendicular \u00e0 tampa superior durante a aplica\u00e7\u00e3o de for\u00e7a lateral. Este design de liga\u00e7\u00e3o tamb\u00e9m permite uma ligeira inclina\u00e7\u00e3o. Como resultado, o impacto lateral da grua sobre o carril, a viga da grua e o sistema de travagem \u00e9 eficazmente atenuado, prolongando assim a vida \u00fatil estrutural destes componentes.<\/p>\n<h4><strong>Placa de ajuste do calibre<\/strong><\/h4>\n<p>O <strong>Clipes para carris WJK<\/strong> apresentar um <strong>placa de ajuste do calibre<\/strong>que permite uma afina\u00e7\u00e3o precisa da bitola do carril. Esta carater\u00edstica n\u00e3o s\u00f3 aumenta a precis\u00e3o da instala\u00e7\u00e3o como tamb\u00e9m reduz os desvios na linha central do carril. Al\u00e9m disso, inclui um mecanismo duplo de autobloqueio que impede o afrouxamento durante o funcionamento, garantindo um desempenho est\u00e1vel.<\/p>\n<h4><strong>Facilidade de instala\u00e7\u00e3o e manuten\u00e7\u00e3o<\/strong><\/h4>\n<p>O <strong>Parafusos em T<\/strong> e <strong>placas da tampa superior<\/strong> dos clips WJK podem ser facilmente montados e desmontados, simplificando significativamente as opera\u00e7\u00f5es de constru\u00e7\u00e3o e manuten\u00e7\u00e3o. Esta facilidade de instala\u00e7\u00e3o e manuten\u00e7\u00e3o traduz-se numa redu\u00e7\u00e3o do tempo de inatividade e num aumento da efici\u00eancia operacional.<\/p>\n<h4><strong>Compatibilidade com a curvatura dos carris<\/strong><\/h4>\n<p>O <strong>placa de cobertura superior<\/strong> foi concebido para corresponder \u00e0 curvatura da sec\u00e7\u00e3o transversal do carril. Isto assegura que o carril fica bem fixo sem impedir o seu ligeiro movimento longitudinal. Al\u00e9m disso, esta carater\u00edstica facilita a soldadura de carris de comprimento total, tornando o clip de carril WJK vers\u00e1til em v\u00e1rias configura\u00e7\u00f5es de carris.<\/p>\n<h4><strong>Espa\u00e7amento fixo entre componentes<\/strong><\/h4>\n<p>O espa\u00e7amento entre os componentes fixos \u00e9 determinado com base na capacidade de eleva\u00e7\u00e3o da grua. Para gruas com cargas \u2264275t, o espa\u00e7amento \u00e9 de 600 mm; no entanto, para gruas com cargas &gt;275t, o espa\u00e7amento \u00e9 reduzido para 500 mm para acomodar o aumento da carga.<\/p>\n<h4><strong>Compatibilidade de materiais de soldadura<\/strong><\/h4>\n<p>O <strong>base do componente fixo<\/strong> \u00e9 soldada \u00e0 viga da grua utilizando modelos de el\u00e9ctrodos compat\u00edveis com o material dos componentes de liga\u00e7\u00e3o. Por exemplo, <strong>El\u00e9ctrodos E4303<\/strong> s\u00e3o utilizados para <strong>A\u00e7o Q235<\/strong>, enquanto <strong>El\u00e9ctrodos E5015<\/strong> s\u00e3o preferidos para <strong>A\u00e7o Q345<\/strong> para garantir uma liga\u00e7\u00e3o forte e fi\u00e1vel.<\/p>\n<h4><strong>Tipos de soldadura com base no servi\u00e7o da grua<\/strong><\/h4>\n<p>Os tipos de soldadura dependem do n\u00edvel de utiliza\u00e7\u00e3o da grua. Para <strong>gruas m\u00e9dias<\/strong>s\u00e3o utilizados cord\u00f5es de soldadura de dois lados, enquanto que <strong>resistente<\/strong> (ou <strong>super-pesado<\/strong>) requerem cord\u00f5es de soldadura circundantes em tr\u00eas lados para suportar as cargas e tens\u00f5es mais elevadas.<\/p>\n<h4><strong>Bin\u00e1rio de aperto dos parafusos<\/strong><\/h4>\n<p>Para <strong>gruas m\u00e9dias<\/strong> (Q \u2264 275t), o bin\u00e1rio m\u00e1ximo de aperto dos parafusos \u00e9 fixado em 150N-m, enquanto que para <strong>gruas para trabalhos pesados<\/strong>O bin\u00e1rio de aperto \u00e9 aumentado para 220N-m para acomodar as for\u00e7as mais elevadas exercidas durante o funcionamento.<\/p>\n<h4><strong>For\u00e7a lateral m\u00e1xima<\/strong><\/h4>\n<p>O <strong>for\u00e7a lateral m\u00e1xima admiss\u00edvel<\/strong> para o grampo de carril WJK \u00e9 de 45kN. Isto garante que o grampo de carril pode suportar for\u00e7as laterais substanciais sem comprometer a sua integridade estrutural.<\/p>\n<p>Ao incorporar estas carater\u00edsticas de conce\u00e7\u00e3o avan\u00e7adas, o <strong>Clipe de carril WJK<\/strong> assegura uma liga\u00e7\u00e3o segura, fi\u00e1vel e duradoura entre a grua e o sistema ferrovi\u00e1rio, melhorando assim a efici\u00eancia e a seguran\u00e7a operacionais globais.<\/p>","protected":false},"excerpt":{"rendered":"<h6><strong><span style=\"font-family: arial, helvetica, sans-serif; font-size: 14pt;\">Especifica\u00e7\u00f5es do grampo de carril WJK<\/span><\/strong><\/h6>\n<ul>\n<li><strong>Modelos<\/strong>: WJK-TG38, WJK-TG43, WJK-TG50, WJK-TG60, WJK-QU70, WJK-QU80, WJK-QU100, WJK-QU120<\/li>\n<li><strong>M\u00e9todo de fixa\u00e7\u00e3o<\/strong>: Placa de base soldada<\/li>\n<\/ul>","protected":false},"featured_media":7075,"template":"","meta":{"_kad_post_transparent":"default","_kad_post_title":"","_kad_post_layout":"default","_kad_post_sidebar_id":"","_kad_post_content_style":"default","_kad_post_vertical_padding":"show","_kad_post_feature":"","_kad_post_feature_position":"","_kad_post_header":false,"_kad_post_footer":false},"product_brand":[],"product_cat":[83],"product_tag":[483,482,481,480,376,489,486,490,488,484,492,487,485,493,478,491,477,479],"class_list":{"0":"post-5505","1":"product","2":"type-product","3":"status-publish","4":"has-post-thumbnail","6":"product_cat-crane-rail-clip","7":"product_tag-05g525-rail-clip","8":"product_tag-cgbk-rail-clip","9":"product_tag-cgek-rail-clip","10":"product_tag-cgwk-rail-clip","11":"product_tag-china-crane-parts-supplier","12":"product_tag-crane-rail-clamp","13":"product_tag-crane-rail-clip","14":"product_tag-crane-rail-clip-supplier","15":"product_tag-crane-rail-fixing-device","16":"product_tag-hdgy-rail-clip","17":"product_tag-rail-connection-splint","18":"product_tag-rail-fixing-device","19":"product_tag-rail-joint","20":"product_tag-special-crane-spreader","21":"product_tag-swjk-rail-clip","22":"product_tag-tracks-jointing-plates","23":"product_tag-wjk-rail-clip","24":"product_tag-wjkc-rail-clip","26":"first","27":"instock","28":"shipping-taxable","29":"product-type-simple","30":"entry","31":"content-bg","32":"loop-entry"},"yoast_head":"<!-- This site is optimized with the Yoast SEO plugin v24.5 - https:\/\/yoast.com\/wordpress\/plugins\/seo\/ -->\n<title>WJK Rail Clip - WJK Rail Clips-Rail fixing device-Crane Rail Clamp-Crane Parts Manufacturer<\/title>\n<meta name=\"description\" content=\"Rail Clips,WJK Rail Clip,Crane Rail Clip,Rail fixing device,Crane Rail fixing device,crane Rail Clamp,SWJK Rail Clips,Overhead Crane Rail Clip\" \/>\n<meta name=\"robots\" content=\"index, follow, max-snippet:-1, max-image-preview:large, max-video-preview:-1\" \/>\n<link rel=\"canonical\" href=\"https:\/\/www.hnhlcranes.com\/pt\/produto\/clipe-de-carril-wjk\/\" \/>\n<meta property=\"og:locale\" content=\"pt_PT\" \/>\n<meta property=\"og:type\" content=\"article\" \/>\n<meta property=\"og:title\" content=\"WJK Rail Clip - WJK Rail Clips-Rail fixing device-Crane Rail Clamp-Crane Parts Manufacturer\" \/>\n<meta property=\"og:description\" content=\"Rail Clips,WJK Rail Clip,Crane Rail Clip,Rail fixing device,Crane Rail fixing device,crane Rail Clamp,SWJK Rail Clips,Overhead Crane Rail Clip\" \/>\n<meta property=\"og:url\" content=\"https:\/\/www.hnhlcranes.com\/pt\/produto\/clipe-de-carril-wjk\/\" \/>\n<meta property=\"og:site_name\" content=\"Crane Parts Manufacturer\" \/>\n<meta property=\"article:modified_time\" content=\"2025-01-10T07:49:58+00:00\" \/>\n<meta property=\"og:image\" content=\"https:\/\/www.hnhlcranes.com\/wp-content\/uploads\/2024\/11\/WJK-Rail-Clip.jpg\" \/>\n\t<meta property=\"og:image:width\" content=\"600\" \/>\n\t<meta property=\"og:image:height\" content=\"600\" \/>\n\t<meta property=\"og:image:type\" content=\"image\/jpeg\" \/>\n<meta name=\"twitter:card\" content=\"summary_large_image\" \/>\n<meta name=\"twitter:label1\" content=\"Tempo estimado de leitura\" \/>\n\t<meta name=\"twitter:data1\" content=\"3 minutos\" \/>\n<script type=\"application\/ld+json\" class=\"yoast-schema-graph\">{\"@context\":\"https:\/\/schema.org\",\"@graph\":[{\"@type\":\"WebPage\",\"@id\":\"https:\/\/www.hnhlcranes.com\/product\/wjk-rail-clip\/\",\"url\":\"https:\/\/www.hnhlcranes.com\/product\/wjk-rail-clip\/\",\"name\":\"WJK Rail Clip - WJK Rail Clips-Rail fixing device-Crane Rail Clamp-Crane Parts Manufacturer\",\"isPartOf\":{\"@id\":\"https:\/\/www.hnhlcranes.com\/#website\"},\"primaryImageOfPage\":{\"@id\":\"https:\/\/www.hnhlcranes.com\/product\/wjk-rail-clip\/#primaryimage\"},\"image\":{\"@id\":\"https:\/\/www.hnhlcranes.com\/product\/wjk-rail-clip\/#primaryimage\"},\"thumbnailUrl\":\"https:\/\/www.hnhlcranes.com\/wp-content\/uploads\/2024\/11\/WJK-Rail-Clip.jpg\",\"datePublished\":\"2024-11-28T06:51:15+00:00\",\"dateModified\":\"2025-01-10T07:49:58+00:00\",\"description\":\"Rail Clips,WJK Rail Clip,Crane Rail Clip,Rail fixing device,Crane Rail fixing device,crane Rail Clamp,SWJK Rail Clips,Overhead Crane Rail Clip\",\"breadcrumb\":{\"@id\":\"https:\/\/www.hnhlcranes.com\/product\/wjk-rail-clip\/#breadcrumb\"},\"inLanguage\":\"pt-PT\",\"potentialAction\":[{\"@type\":\"ReadAction\",\"target\":[\"https:\/\/www.hnhlcranes.com\/product\/wjk-rail-clip\/\"]}]},{\"@type\":\"ImageObject\",\"inLanguage\":\"pt-PT\",\"@id\":\"https:\/\/www.hnhlcranes.com\/product\/wjk-rail-clip\/#primaryimage\",\"url\":\"https:\/\/www.hnhlcranes.com\/wp-content\/uploads\/2024\/11\/WJK-Rail-Clip.jpg\",\"contentUrl\":\"https:\/\/www.hnhlcranes.com\/wp-content\/uploads\/2024\/11\/WJK-Rail-Clip.jpg\",\"width\":600,\"height\":600},{\"@type\":\"BreadcrumbList\",\"@id\":\"https:\/\/www.hnhlcranes.com\/product\/wjk-rail-clip\/#breadcrumb\",\"itemListElement\":[{\"@type\":\"ListItem\",\"position\":1,\"name\":\"home\",\"item\":\"https:\/\/www.hnhlcranes.com\/\"},{\"@type\":\"ListItem\",\"position\":2,\"name\":\"products\",\"item\":\"https:\/\/www.hnhlcranes.com\/products\/\"},{\"@type\":\"ListItem\",\"position\":3,\"name\":\"WJK Rail Clip\"}]},{\"@type\":\"WebSite\",\"@id\":\"https:\/\/www.hnhlcranes.com\/#website\",\"url\":\"https:\/\/www.hnhlcranes.com\/\",\"name\":\"Crane Parts Manufacturer\",\"description\":\"Crane Wheels,Crane Drums,Crane Hooks,Crane Coupling,Crane End Carriage,Electric Hoist,European Crane Parts,Crane Rail Clip,Crane Spreader,Crane Motor,Crane Reducer,Crane Brake,Light Crane Parts,Workstation Crane Parts,Crane Electrical Parts,China Crane Parts Supplier,China Crane Parts Manufacturer,Angle box type crane wheel,45 degree split crane wheel,European crane wheel,Crane Wheel Blocks,Overhead crane drum,European crane drum,Overhead crane hook,European crane hook,Crane pulley block,Gear coupling,Brake wheel coupling,Drum gear coupling,Brake wheel drum gear coupling,Cardan Shaft Coupling,WZL drum coupling,Plum blossom elastic coupling,Brake wheel plum elastic coupling,European Single girder crane end carriage,European Double girder crane end carriage,European Suspension  crane end carriage,Wire Rope Electric Hoist,Electric Chain Hoist,European Single Girder Wire Rope Electric Hoist,European Double Girder Wire Rope Electric Hoist,Crane grab,Container spreader,Billet crane clamps,C-type hook,Lifting Electromagnet,YZR crane motor,YZP crane motor,ZQ Reducer,ZSC Reducer,QJ Reducer,QJ-L Reducer,QJY Reducer,H series gearbox,F Series Gear Motor,K Series Gear Motor,R Series Gear Motor,travelling machinery gear motor,Electro hydraulic drum brake,Electro hydraulic disc brake,Crane Safety brake,Crane cable trolley,Crane remote controller,Crane pendant controller,Crane electrical control cabinet,Crane limit switch,Crane sound and light alarm,Heavy Duty Aviation Connector,Crane overload limiter\",\"publisher\":{\"@id\":\"https:\/\/www.hnhlcranes.com\/#organization\"},\"potentialAction\":[{\"@type\":\"SearchAction\",\"target\":{\"@type\":\"EntryPoint\",\"urlTemplate\":\"https:\/\/www.hnhlcranes.com\/?s={search_term_string}\"},\"query-input\":{\"@type\":\"PropertyValueSpecification\",\"valueRequired\":true,\"valueName\":\"search_term_string\"}}],\"inLanguage\":\"pt-PT\"},{\"@type\":\"Organization\",\"@id\":\"https:\/\/www.hnhlcranes.com\/#organization\",\"name\":\"Crane Parts Manufacturer\",\"url\":\"https:\/\/www.hnhlcranes.com\/\",\"logo\":{\"@type\":\"ImageObject\",\"inLanguage\":\"pt-PT\",\"@id\":\"https:\/\/www.hnhlcranes.com\/#\/schema\/logo\/image\/\",\"url\":\"https:\/\/www.hnhlcranes.com\/wp-content\/uploads\/2025\/01\/HL-logo-1.png\",\"contentUrl\":\"https:\/\/www.hnhlcranes.com\/wp-content\/uploads\/2025\/01\/HL-logo-1.png\",\"width\":600,\"height\":169,\"caption\":\"Crane Parts Manufacturer\"},\"image\":{\"@id\":\"https:\/\/www.hnhlcranes.com\/#\/schema\/logo\/image\/\"}}]}<\/script>\n<!-- \/ Yoast SEO plugin. -->","yoast_head_json":{"title":"WJK Rail Clip - WJK Rail Clips-Rail fixing device-Crane Rail Clamp-Crane Parts Manufacturer","description":"Rail Clips,WJK Rail Clip,Crane Rail Clip,Rail fixing device,Crane Rail fixing device,crane Rail Clamp,SWJK Rail Clips,Overhead Crane Rail Clip","robots":{"index":"index","follow":"follow","max-snippet":"max-snippet:-1","max-image-preview":"max-image-preview:large","max-video-preview":"max-video-preview:-1"},"canonical":"https:\/\/www.hnhlcranes.com\/pt\/produto\/clipe-de-carril-wjk\/","og_locale":"pt_PT","og_type":"article","og_title":"WJK Rail Clip - WJK Rail Clips-Rail fixing device-Crane Rail Clamp-Crane Parts Manufacturer","og_description":"Rail Clips,WJK Rail Clip,Crane Rail Clip,Rail fixing device,Crane Rail fixing device,crane Rail Clamp,SWJK Rail Clips,Overhead Crane Rail Clip","og_url":"https:\/\/www.hnhlcranes.com\/pt\/produto\/clipe-de-carril-wjk\/","og_site_name":"Crane Parts Manufacturer","article_modified_time":"2025-01-10T07:49:58+00:00","og_image":[{"width":600,"height":600,"url":"https:\/\/www.hnhlcranes.com\/wp-content\/uploads\/2024\/11\/WJK-Rail-Clip.jpg","type":"image\/jpeg"}],"twitter_card":"summary_large_image","twitter_misc":{"Tempo estimado de leitura":"3 minutos"},"schema":{"@context":"https:\/\/schema.org","@graph":[{"@type":"WebPage","@id":"https:\/\/www.hnhlcranes.com\/product\/wjk-rail-clip\/","url":"https:\/\/www.hnhlcranes.com\/product\/wjk-rail-clip\/","name":"WJK Rail Clip - WJK Rail Clips-Rail fixing device-Crane Rail Clamp-Crane Parts Manufacturer","isPartOf":{"@id":"https:\/\/www.hnhlcranes.com\/#website"},"primaryImageOfPage":{"@id":"https:\/\/www.hnhlcranes.com\/product\/wjk-rail-clip\/#primaryimage"},"image":{"@id":"https:\/\/www.hnhlcranes.com\/product\/wjk-rail-clip\/#primaryimage"},"thumbnailUrl":"https:\/\/www.hnhlcranes.com\/wp-content\/uploads\/2024\/11\/WJK-Rail-Clip.jpg","datePublished":"2024-11-28T06:51:15+00:00","dateModified":"2025-01-10T07:49:58+00:00","description":"Rail Clips,WJK Rail Clip,Crane Rail Clip,Rail fixing device,Crane Rail fixing device,crane Rail Clamp,SWJK Rail Clips,Overhead Crane Rail Clip","breadcrumb":{"@id":"https:\/\/www.hnhlcranes.com\/product\/wjk-rail-clip\/#breadcrumb"},"inLanguage":"pt-PT","potentialAction":[{"@type":"ReadAction","target":["https:\/\/www.hnhlcranes.com\/product\/wjk-rail-clip\/"]}]},{"@type":"ImageObject","inLanguage":"pt-PT","@id":"https:\/\/www.hnhlcranes.com\/product\/wjk-rail-clip\/#primaryimage","url":"https:\/\/www.hnhlcranes.com\/wp-content\/uploads\/2024\/11\/WJK-Rail-Clip.jpg","contentUrl":"https:\/\/www.hnhlcranes.com\/wp-content\/uploads\/2024\/11\/WJK-Rail-Clip.jpg","width":600,"height":600},{"@type":"BreadcrumbList","@id":"https:\/\/www.hnhlcranes.com\/product\/wjk-rail-clip\/#breadcrumb","itemListElement":[{"@type":"ListItem","position":1,"name":"home","item":"https:\/\/www.hnhlcranes.com\/"},{"@type":"ListItem","position":2,"name":"products","item":"https:\/\/www.hnhlcranes.com\/products\/"},{"@type":"ListItem","position":3,"name":"WJK Rail Clip"}]},{"@type":"WebSite","@id":"https:\/\/www.hnhlcranes.com\/#website","url":"https:\/\/www.hnhlcranes.com\/","name":"Crane Parts Manufacturer","description":"Crane Wheels,Crane Drums,Crane Hooks,Crane Coupling,Crane End Carriage,Electric Hoist,European Crane Parts,Crane Rail Clip,Crane Spreader,Crane Motor,Crane Reducer,Crane Brake,Light Crane Parts,Workstation Crane Parts,Crane Electrical Parts,China Crane Parts Supplier,China Crane Parts Manufacturer,Angle box type crane wheel,45 degree split crane wheel,European crane wheel,Crane Wheel Blocks,Overhead crane drum,European crane drum,Overhead crane hook,European crane hook,Crane pulley block,Gear coupling,Brake wheel coupling,Drum gear coupling,Brake wheel drum gear coupling,Cardan Shaft Coupling,WZL drum coupling,Plum blossom elastic coupling,Brake wheel plum elastic coupling,European Single girder crane end carriage,European Double girder crane end carriage,European Suspension  crane end carriage,Wire Rope Electric Hoist,Electric Chain Hoist,European Single Girder Wire Rope Electric Hoist,European Double Girder Wire Rope Electric Hoist,Crane grab,Container spreader,Billet crane clamps,C-type hook,Lifting Electromagnet,YZR crane motor,YZP crane motor,ZQ Reducer,ZSC Reducer,QJ Reducer,QJ-L Reducer,QJY Reducer,H series gearbox,F Series Gear Motor,K Series Gear Motor,R Series Gear Motor,travelling machinery gear motor,Electro hydraulic drum brake,Electro hydraulic disc brake,Crane Safety brake,Crane cable trolley,Crane remote controller,Crane pendant controller,Crane electrical control cabinet,Crane limit switch,Crane sound and light alarm,Heavy Duty Aviation Connector,Crane overload limiter","publisher":{"@id":"https:\/\/www.hnhlcranes.com\/#organization"},"potentialAction":[{"@type":"SearchAction","target":{"@type":"EntryPoint","urlTemplate":"https:\/\/www.hnhlcranes.com\/?s={search_term_string}"},"query-input":{"@type":"PropertyValueSpecification","valueRequired":true,"valueName":"search_term_string"}}],"inLanguage":"pt-PT"},{"@type":"Organization","@id":"https:\/\/www.hnhlcranes.com\/#organization","name":"Crane Parts Manufacturer","url":"https:\/\/www.hnhlcranes.com\/","logo":{"@type":"ImageObject","inLanguage":"pt-PT","@id":"https:\/\/www.hnhlcranes.com\/#\/schema\/logo\/image\/","url":"https:\/\/www.hnhlcranes.com\/wp-content\/uploads\/2025\/01\/HL-logo-1.png","contentUrl":"https:\/\/www.hnhlcranes.com\/wp-content\/uploads\/2025\/01\/HL-logo-1.png","width":600,"height":169,"caption":"Crane Parts Manufacturer"},"image":{"@id":"https:\/\/www.hnhlcranes.com\/#\/schema\/logo\/image\/"}}]}},"_links":{"self":[{"href":"https:\/\/www.hnhlcranes.com\/pt\/wp-json\/wp\/v2\/product\/5505","targetHints":{"allow":["GET"]}}],"collection":[{"href":"https:\/\/www.hnhlcranes.com\/pt\/wp-json\/wp\/v2\/product"}],"about":[{"href":"https:\/\/www.hnhlcranes.com\/pt\/wp-json\/wp\/v2\/types\/product"}],"version-history":[{"count":7,"href":"https:\/\/www.hnhlcranes.com\/pt\/wp-json\/wp\/v2\/product\/5505\/revisions"}],"predecessor-version":[{"id":7190,"href":"https:\/\/www.hnhlcranes.com\/pt\/wp-json\/wp\/v2\/product\/5505\/revisions\/7190"}],"wp:featuredmedia":[{"embeddable":true,"href":"https:\/\/www.hnhlcranes.com\/pt\/wp-json\/wp\/v2\/media\/7075"}],"wp:attachment":[{"href":"https:\/\/www.hnhlcranes.com\/pt\/wp-json\/wp\/v2\/media?parent=5505"}],"wp:term":[{"taxonomy":"product_brand","embeddable":true,"href":"https:\/\/www.hnhlcranes.com\/pt\/wp-json\/wp\/v2\/product_brand?post=5505"},{"taxonomy":"product_cat","embeddable":true,"href":"https:\/\/www.hnhlcranes.com\/pt\/wp-json\/wp\/v2\/product_cat?post=5505"},{"taxonomy":"product_tag","embeddable":true,"href":"https:\/\/www.hnhlcranes.com\/pt\/wp-json\/wp\/v2\/product_tag?post=5505"}],"curies":[{"name":"wp","href":"https:\/\/api.w.org\/{rel}","templated":true}]}}