{"id":5677,"date":"2024-12-04T00:34:44","date_gmt":"2024-12-03T16:34:44","guid":{"rendered":"https:\/\/www.hnhlcranes.com\/?post_type=product&#038;p=5677"},"modified":"2025-01-14T23:58:30","modified_gmt":"2025-01-14T15:58:30","slug":"peca-de-guindaste-ligeiro","status":"publish","type":"product","link":"https:\/\/www.hnhlcranes.com\/pt\/produto\/peca-de-guindaste-ligeiro\/","title":{"rendered":"Pe\u00e7a de guindaste leve"},"content":{"rendered":"<div class=\"flex max-w-full flex-col flex-grow\">\n<div class=\"min-h-8 text-message flex w-full flex-col items-end gap-2 whitespace-normal break-words [.text-message+&amp;]:mt-5\" dir=\"auto\" data-message-author-role=\"assistant\" data-message-id=\"c8d7d5a5-db5c-4384-9025-33dbfdf6a310\" data-message-model-slug=\"gpt-4o\">\n<div class=\"flex w-full flex-col gap-1 empty:hidden first:pt-[3px]\">\n<div class=\"markdown prose w-full break-words dark:prose-invert light\">\n<h3>Vis\u00e3o geral do guindaste leve<\/h3>\n<p>O guindaste ligeiro, tamb\u00e9m conhecido como guindaste modular, serve como uma solu\u00e7\u00e3o de manuseamento de materiais altamente eficiente e flex\u00edvel. Devido \u00e0 sua versatilidade, \u00e9 amplamente utilizado em f\u00e1bricas, armaz\u00e9ns e linhas de produ\u00e7\u00e3o. Inclui v\u00e1rios m\u00f3dulos padr\u00e3o, tais como dispositivos de suspens\u00e3o, calhas, interruptores, carrinhos, guinchos el\u00e9ctricos, unidades m\u00f3veis de fornecimento de energia (linhas deslizantes) e dispositivos de controlo. Al\u00e9m disso, inclui outras pe\u00e7as essenciais para guindastes ligeiros, assegurando uma integra\u00e7\u00e3o e funcionamento perfeitos.<\/p>\n<h3>Pe\u00e7a de guindaste leve<\/h3>\n<p>Para proporcionar uma funcionalidade \u00f3ptima, os guindastes ligeiros dependem dos seguintes componentes:<\/p>\n<ul>\n<li><strong>Dispositivos de suspens\u00e3o:<\/strong> Estes dispositivos suspendem os v\u00e1rios componentes da grua, garantindo estabilidade e um funcionamento eficiente.<\/li>\n<li><strong>Faixas:<\/strong> Os carris proporcionam um caminho de rolamento para a grua, permitindo um movimento suave e preciso.<\/li>\n<li><strong>Interruptores:<\/strong> Os operadores utilizam interruptores para mudar a dire\u00e7\u00e3o da via, permitindo flexibilidade na opera\u00e7\u00e3o.<\/li>\n<li><strong>Carrinhos:<\/strong> Os carrinhos carregam e transportam a carga de forma eficiente atrav\u00e9s da \u00e1rea designada.<\/li>\n<li><strong>Talhas el\u00e9ctricas:<\/strong> Estes diferenciais executam a fun\u00e7\u00e3o de eleva\u00e7\u00e3o, assegurando um manuseamento r\u00e1pido e fi\u00e1vel da carga.<\/li>\n<li><strong>Unidades m\u00f3veis de alimenta\u00e7\u00e3o el\u00e9ctrica:<\/strong> Estas unidades fornecem energia \u00e0 grua, assegurando um funcionamento ininterrupto.<\/li>\n<li><strong>Dispositivos de controlo:<\/strong> Os dispositivos de controlo gerem o funcionamento da grua, oferecendo um controlo preciso e fi\u00e1vel.<\/li>\n<\/ul>\n<h3>Aplica\u00e7\u00f5es dos guindastes ligeiros<\/h3>\n<p>As gruas ligeiras destacam-se em v\u00e1rias aplica\u00e7\u00f5es devido \u00e0 sua adaptabilidade e efici\u00eancia:<\/p>\n<ul>\n<li><strong>Pequenas oficinas e oficinas de manuten\u00e7\u00e3o:<\/strong> Em locais de trabalho com espa\u00e7o limitado, as gruas ligeiras permitem disposi\u00e7\u00f5es flex\u00edveis e um manuseamento eficiente dos materiais.<\/li>\n<li><strong>Grandes f\u00e1bricas e armaz\u00e9ns:<\/strong> Permitem o manuseamento r\u00e1pido de materiais em diferentes \u00e1reas de trabalho, aumentando a produtividade.<\/li>\n<li><strong>Armaz\u00e9ns e laborat\u00f3rios em edif\u00edcios de grande altura:<\/strong> O seu design leve e compacto torna-os ideais para locais onde as restri\u00e7\u00f5es de peso do equipamento s\u00e3o cr\u00edticas.<\/li>\n<\/ul>\n<h3>Vantagens t\u00e9cnicas<\/h3>\n<p>As gruas ligeiras oferecem v\u00e1rias vantagens t\u00e9cnicas que melhoram a efici\u00eancia e a fiabilidade:<\/p>\n<ul>\n<li><strong>Design padronizado e modular:<\/strong> Esta conce\u00e7\u00e3o simplifica a instala\u00e7\u00e3o, a manuten\u00e7\u00e3o e as actualiza\u00e7\u00f5es. Al\u00e9m disso, garante um funcionamento confort\u00e1vel e c\u00f3modo.<\/li>\n<li><strong>Materiais e fabrico de alta qualidade:<\/strong> Os fabricantes utilizam materiais e processos de primeira qualidade para garantir a resist\u00eancia e a durabilidade da grua.<\/li>\n<li><strong>Talhas el\u00e9ctricas eficientes:<\/strong> Estes diferenciais funcionam com velocidades de eleva\u00e7\u00e3o r\u00e1pidas, funcionalidade suave e baixos n\u00edveis de ru\u00eddo, o que os torna ideais para ambientes de elevado desempenho.<\/li>\n<\/ul>\n<h3>Opera\u00e7\u00e3o e manuten\u00e7\u00e3o<\/h3>\n<p>A opera\u00e7\u00e3o e manuten\u00e7\u00e3o de uma grua ligeira \u00e9 simples e eficiente. Os operadores podem controlar a grua manualmente ou atrav\u00e9s de sistemas automatizados. Gra\u00e7as ao seu design modular, os utilizadores podem facilmente manter e reparar a grua. Por exemplo, os componentes danificados podem ser rapidamente substitu\u00eddos, minimizando o tempo de inatividade e aumentando a efici\u00eancia da produ\u00e7\u00e3o. Consequentemente, as empresas podem confiar nas pontes rolantes ligeiras para um funcionamento fi\u00e1vel e cont\u00ednuo.<\/p>\n<p>&nbsp;<\/p>\n<p><img decoding=\"async\" class=\"wp-image-5681 alignleft\" src=\"https:\/\/www.hnhlcranes.com\/wp-content\/uploads\/2024\/12\/Light-crane-cable-slider-300x300.jpg\" alt=\"\" width=\"199\" height=\"199\" \/> <img decoding=\"async\" class=\"wp-image-5682 alignleft\" src=\"https:\/\/www.hnhlcranes.com\/wp-content\/uploads\/2024\/12\/Light-crane-cable-end-clamp-300x300.jpg\" alt=\"\" width=\"200\" height=\"200\" \/><img decoding=\"async\" class=\"wp-image-5683 alignleft\" src=\"https:\/\/www.hnhlcranes.com\/wp-content\/uploads\/2024\/12\/Light-crane-internal-stop-300x300.jpg\" alt=\"\" width=\"200\" height=\"200\" \/><\/p>\n<\/div>\n<\/div>\n<\/div>\n<\/div>\n<p><img loading=\"lazy\" decoding=\"async\" class=\"wp-image-5684 alignleft\" style=\"margin-right: var(--global-md-spacing);\" src=\"https:\/\/www.hnhlcranes.com\/wp-content\/uploads\/2024\/12\/C-type-steel-cable-trolley-1-300x300.jpg\" alt=\"\" width=\"200\" height=\"200\" \/><\/p>\n<p>&nbsp;<\/p>\n<p>&nbsp;<\/p>\n<p>&nbsp;<\/p>\n<p>&nbsp;<\/p>\n<p>&nbsp;<\/p>\n<p style=\"text-align: left;\">Corredi\u00e7a de cabo para guindastes ligeiros Bra\u00e7adeira de extremidade de cabo para guindastes ligeiros Batente interno para guindastes ligeiros Carrinho de cabo de a\u00e7o tipo C<\/p>\n<p>&nbsp;<\/p>\n<p><img loading=\"lazy\" decoding=\"async\" class=\"wp-image-5685 alignleft\" src=\"https:\/\/www.hnhlcranes.com\/wp-content\/uploads\/2024\/12\/C-type-steel-cable-trolley-2-300x300.jpg\" alt=\"\" width=\"200\" height=\"200\" \/> <img loading=\"lazy\" decoding=\"async\" class=\"wp-image-5686 alignleft\" src=\"https:\/\/www.hnhlcranes.com\/wp-content\/uploads\/2024\/12\/Light-crane-manual-trolley-300x300.jpg\" alt=\"\" width=\"200\" height=\"200\" \/><\/p>\n<p><img loading=\"lazy\" decoding=\"async\" class=\"wp-image-5687 alignleft\" style=\"margin-right: var(--global-md-spacing);\" src=\"https:\/\/www.hnhlcranes.com\/wp-content\/uploads\/2024\/12\/Light-crane-manual-trolley-connecting-plate-300x300.jpg\" alt=\"\" width=\"200\" height=\"200\" \/><\/p>\n<p><img loading=\"lazy\" decoding=\"async\" class=\"wp-image-5688 alignleft\" style=\"margin-right: var(--global-md-spacing);\" src=\"https:\/\/www.hnhlcranes.com\/wp-content\/uploads\/2024\/12\/Light-crane-electric-trolley-300x300.jpg\" alt=\"\" width=\"199\" height=\"199\" \/><\/p>\n<p>&nbsp;<\/p>\n<p>&nbsp;<\/p>\n<p>&nbsp;<\/p>\n<p>&nbsp;<\/p>\n<p>&nbsp;<\/p>\n<p style=\"text-align: left;\">\u00a0Carrinho de cabos de a\u00e7o tipo C Carrinho manual para gruas ligeiras Placa de liga\u00e7\u00e3o do carrinho manual Carrinho el\u00e9trico para gruas ligeiras<\/p>\n<p>&nbsp;<\/p>\n<p><img loading=\"lazy\" decoding=\"async\" class=\"wp-image-5689 alignleft\" src=\"https:\/\/www.hnhlcranes.com\/wp-content\/uploads\/2024\/12\/Light-crane-Track-suspension-300x300.jpg\" alt=\"\" width=\"200\" height=\"200\" \/><\/p>\n<p><img loading=\"lazy\" decoding=\"async\" class=\"wp-image-5690 alignleft\" style=\"margin-right: var(--global-md-spacing);\" src=\"https:\/\/www.hnhlcranes.com\/wp-content\/uploads\/2024\/12\/Light-crane-suspension-point-300x300.jpg\" alt=\"\" width=\"200\" height=\"200\" \/><\/p>\n<p><img loading=\"lazy\" decoding=\"async\" class=\"wp-image-5691 alignleft\" style=\"margin-right: var(--global-md-spacing);\" src=\"https:\/\/www.hnhlcranes.com\/wp-content\/uploads\/2024\/12\/Light-crane-end-beam-300x300.jpg\" alt=\"\" width=\"199\" height=\"199\" \/><\/p>\n<p>&nbsp;<\/p>\n<p>&nbsp;<\/p>\n<p>&nbsp;<\/p>\n<p><strong>\u00a0 \u00a0<\/strong><\/p>\n<p>&nbsp;<\/p>\n<p style=\"text-align: left;\">\u00a0 Grua ligeira Suspens\u00e3o da via Ponto de suspens\u00e3o da grua ligeira Viga de extremidade da grua ligeira<\/p>\n<p>&nbsp;<\/p>","protected":false},"excerpt":{"rendered":"<p>Deslizador de cabo de guindaste ligeiro, Bra\u00e7adeira de extremidade de cabo de guindaste ligeiro, Batente interno de guindaste ligeiro, Carrinho de cabo de a\u00e7o tipo C, Carrinho manual de guindaste ligeiro, Placa de liga\u00e7\u00e3o de carrinho manual de guindaste ligeiro, Suspens\u00e3o de trilho de guindaste ligeiro, Ponto de suspens\u00e3o de guindaste ligeiro, Viga final de guindaste ligeiro<\/p>","protected":false},"featured_media":7402,"template":"","meta":{"_kad_post_transparent":"default","_kad_post_title":"","_kad_post_layout":"default","_kad_post_sidebar_id":"","_kad_post_content_style":"default","_kad_post_vertical_padding":"show","_kad_post_feature":"","_kad_post_feature_position":"","_kad_post_header":false,"_kad_post_footer":false},"product_brand":[],"product_cat":[63],"product_tag":[593,376,599,602,591,590,596,600,592,594,595,601,598,597],"class_list":{"0":"post-5677","1":"product","2":"type-product","3":"status-publish","4":"has-post-thumbnail","6":"product_cat-light-crane-parts","7":"product_tag-c-type-steel-cable-trolley","8":"product_tag-china-crane-parts-supplier","9":"product_tag-flexible-track-crane-parts","10":"product_tag-light-crane","11":"product_tag-light-crane-cable-end-clamp","12":"product_tag-light-crane-cable-slider","13":"product_tag-light-crane-electric-trolley","14":"product_tag-light-crane-end-beam","15":"product_tag-light-crane-internal-stop","16":"product_tag-light-crane-manual-trolley","17":"product_tag-light-crane-manual-trolley-connecting-plate","18":"product_tag-light-crane-part","19":"product_tag-light-crane-suspension-point","20":"product_tag-light-crane-track-suspension","22":"first","23":"instock","24":"shipping-taxable","25":"product-type-simple","26":"entry","27":"content-bg","28":"loop-entry"},"yoast_head":"<!-- This site is optimized with the Yoast SEO plugin v24.5 - https:\/\/yoast.com\/wordpress\/plugins\/seo\/ -->\n<title>Light Crane Part - Light Crane- Light crane manual trolley-Crane Parts Manufacturer<\/title>\n<meta name=\"description\" content=\"Light crane Track suspension,Light Crane Parts,C-type steel cable trolley,cable slider,manual trolley,Flexible Track Crane Parts,China Crane Parts Supplier\" \/>\n<meta name=\"robots\" content=\"index, follow, max-snippet:-1, max-image-preview:large, max-video-preview:-1\" \/>\n<link rel=\"canonical\" href=\"https:\/\/www.hnhlcranes.com\/pt\/produto\/peca-de-guindaste-ligeiro\/\" \/>\n<meta property=\"og:locale\" content=\"pt_PT\" \/>\n<meta property=\"og:type\" content=\"article\" \/>\n<meta property=\"og:title\" content=\"Light Crane Part - Light Crane- Light crane manual trolley-Crane Parts Manufacturer\" \/>\n<meta property=\"og:description\" content=\"Light crane Track suspension,Light Crane Parts,C-type steel cable trolley,cable slider,manual trolley,Flexible Track Crane Parts,China Crane Parts Supplier\" \/>\n<meta property=\"og:url\" content=\"https:\/\/www.hnhlcranes.com\/pt\/produto\/peca-de-guindaste-ligeiro\/\" \/>\n<meta property=\"og:site_name\" content=\"Crane Parts Manufacturer\" \/>\n<meta property=\"article:modified_time\" content=\"2025-01-14T15:58:30+00:00\" \/>\n<meta property=\"og:image\" content=\"https:\/\/www.hnhlcranes.com\/wp-content\/uploads\/2024\/12\/Light-Crane-Part.jpg\" \/>\n\t<meta property=\"og:image:width\" content=\"600\" \/>\n\t<meta property=\"og:image:height\" content=\"600\" \/>\n\t<meta property=\"og:image:type\" content=\"image\/jpeg\" \/>\n<meta name=\"twitter:card\" content=\"summary_large_image\" \/>\n<meta name=\"twitter:label1\" content=\"Tempo estimado de leitura\" \/>\n\t<meta name=\"twitter:data1\" content=\"5 minutos\" \/>\n<script type=\"application\/ld+json\" class=\"yoast-schema-graph\">{\"@context\":\"https:\/\/schema.org\",\"@graph\":[{\"@type\":\"WebPage\",\"@id\":\"https:\/\/www.hnhlcranes.com\/product\/light-crane-part\/\",\"url\":\"https:\/\/www.hnhlcranes.com\/product\/light-crane-part\/\",\"name\":\"Light Crane Part - Light Crane- Light crane manual trolley-Crane Parts Manufacturer\",\"isPartOf\":{\"@id\":\"https:\/\/www.hnhlcranes.com\/#website\"},\"primaryImageOfPage\":{\"@id\":\"https:\/\/www.hnhlcranes.com\/product\/light-crane-part\/#primaryimage\"},\"image\":{\"@id\":\"https:\/\/www.hnhlcranes.com\/product\/light-crane-part\/#primaryimage\"},\"thumbnailUrl\":\"https:\/\/www.hnhlcranes.com\/wp-content\/uploads\/2024\/12\/Light-Crane-Part.jpg\",\"datePublished\":\"2024-12-03T16:34:44+00:00\",\"dateModified\":\"2025-01-14T15:58:30+00:00\",\"description\":\"Light crane Track suspension,Light Crane Parts,C-type steel cable trolley,cable slider,manual trolley,Flexible Track Crane Parts,China Crane Parts Supplier\",\"breadcrumb\":{\"@id\":\"https:\/\/www.hnhlcranes.com\/product\/light-crane-part\/#breadcrumb\"},\"inLanguage\":\"pt-PT\",\"potentialAction\":[{\"@type\":\"ReadAction\",\"target\":[\"https:\/\/www.hnhlcranes.com\/product\/light-crane-part\/\"]}]},{\"@type\":\"ImageObject\",\"inLanguage\":\"pt-PT\",\"@id\":\"https:\/\/www.hnhlcranes.com\/product\/light-crane-part\/#primaryimage\",\"url\":\"https:\/\/www.hnhlcranes.com\/wp-content\/uploads\/2024\/12\/Light-Crane-Part.jpg\",\"contentUrl\":\"https:\/\/www.hnhlcranes.com\/wp-content\/uploads\/2024\/12\/Light-Crane-Part.jpg\",\"width\":600,\"height\":600},{\"@type\":\"BreadcrumbList\",\"@id\":\"https:\/\/www.hnhlcranes.com\/product\/light-crane-part\/#breadcrumb\",\"itemListElement\":[{\"@type\":\"ListItem\",\"position\":1,\"name\":\"home\",\"item\":\"https:\/\/www.hnhlcranes.com\/\"},{\"@type\":\"ListItem\",\"position\":2,\"name\":\"products\",\"item\":\"https:\/\/www.hnhlcranes.com\/products\/\"},{\"@type\":\"ListItem\",\"position\":3,\"name\":\"Light Crane Part\"}]},{\"@type\":\"WebSite\",\"@id\":\"https:\/\/www.hnhlcranes.com\/#website\",\"url\":\"https:\/\/www.hnhlcranes.com\/\",\"name\":\"Crane Parts Manufacturer\",\"description\":\"Crane Wheels,Crane Drums,Crane Hooks,Crane Coupling,Crane End Carriage,Electric Hoist,European Crane Parts,Crane Rail Clip,Crane Spreader,Crane Motor,Crane Reducer,Crane Brake,Light Crane Parts,Workstation Crane Parts,Crane Electrical Parts,China Crane Parts Supplier,China Crane Parts Manufacturer,Angle box type crane wheel,45 degree split crane wheel,European crane wheel,Crane Wheel Blocks,Overhead crane drum,European crane drum,Overhead crane hook,European crane hook,Crane pulley block,Gear coupling,Brake wheel coupling,Drum gear coupling,Brake wheel drum gear coupling,Cardan Shaft Coupling,WZL drum coupling,Plum blossom elastic coupling,Brake wheel plum elastic coupling,European Single girder crane end carriage,European Double girder crane end carriage,European Suspension  crane end carriage,Wire Rope Electric Hoist,Electric Chain Hoist,European Single Girder Wire Rope Electric Hoist,European Double Girder Wire Rope Electric Hoist,Crane grab,Container spreader,Billet crane clamps,C-type hook,Lifting Electromagnet,YZR crane motor,YZP crane motor,ZQ Reducer,ZSC Reducer,QJ Reducer,QJ-L Reducer,QJY Reducer,H series gearbox,F Series Gear Motor,K Series Gear Motor,R Series Gear Motor,travelling machinery gear motor,Electro hydraulic drum brake,Electro hydraulic disc brake,Crane Safety brake,Crane cable trolley,Crane remote controller,Crane pendant controller,Crane electrical control cabinet,Crane limit switch,Crane sound and light alarm,Heavy Duty Aviation Connector,Crane overload limiter\",\"publisher\":{\"@id\":\"https:\/\/www.hnhlcranes.com\/#organization\"},\"potentialAction\":[{\"@type\":\"SearchAction\",\"target\":{\"@type\":\"EntryPoint\",\"urlTemplate\":\"https:\/\/www.hnhlcranes.com\/?s={search_term_string}\"},\"query-input\":{\"@type\":\"PropertyValueSpecification\",\"valueRequired\":true,\"valueName\":\"search_term_string\"}}],\"inLanguage\":\"pt-PT\"},{\"@type\":\"Organization\",\"@id\":\"https:\/\/www.hnhlcranes.com\/#organization\",\"name\":\"Crane Parts Manufacturer\",\"url\":\"https:\/\/www.hnhlcranes.com\/\",\"logo\":{\"@type\":\"ImageObject\",\"inLanguage\":\"pt-PT\",\"@id\":\"https:\/\/www.hnhlcranes.com\/#\/schema\/logo\/image\/\",\"url\":\"https:\/\/www.hnhlcranes.com\/wp-content\/uploads\/2025\/01\/HL-logo-1.png\",\"contentUrl\":\"https:\/\/www.hnhlcranes.com\/wp-content\/uploads\/2025\/01\/HL-logo-1.png\",\"width\":600,\"height\":169,\"caption\":\"Crane Parts Manufacturer\"},\"image\":{\"@id\":\"https:\/\/www.hnhlcranes.com\/#\/schema\/logo\/image\/\"}}]}<\/script>\n<!-- \/ Yoast SEO plugin. -->","yoast_head_json":{"title":"Light Crane Part - Light Crane- Light crane manual trolley-Crane Parts Manufacturer","description":"Light crane Track suspension,Light Crane Parts,C-type steel cable trolley,cable slider,manual trolley,Flexible Track Crane Parts,China Crane Parts Supplier","robots":{"index":"index","follow":"follow","max-snippet":"max-snippet:-1","max-image-preview":"max-image-preview:large","max-video-preview":"max-video-preview:-1"},"canonical":"https:\/\/www.hnhlcranes.com\/pt\/produto\/peca-de-guindaste-ligeiro\/","og_locale":"pt_PT","og_type":"article","og_title":"Light Crane Part - Light Crane- Light crane manual trolley-Crane Parts Manufacturer","og_description":"Light crane Track suspension,Light Crane Parts,C-type steel cable trolley,cable slider,manual trolley,Flexible Track Crane Parts,China Crane Parts Supplier","og_url":"https:\/\/www.hnhlcranes.com\/pt\/produto\/peca-de-guindaste-ligeiro\/","og_site_name":"Crane Parts Manufacturer","article_modified_time":"2025-01-14T15:58:30+00:00","og_image":[{"width":600,"height":600,"url":"https:\/\/www.hnhlcranes.com\/wp-content\/uploads\/2024\/12\/Light-Crane-Part.jpg","type":"image\/jpeg"}],"twitter_card":"summary_large_image","twitter_misc":{"Tempo estimado de leitura":"5 minutos"},"schema":{"@context":"https:\/\/schema.org","@graph":[{"@type":"WebPage","@id":"https:\/\/www.hnhlcranes.com\/product\/light-crane-part\/","url":"https:\/\/www.hnhlcranes.com\/product\/light-crane-part\/","name":"Light Crane Part - Light Crane- Light crane manual trolley-Crane Parts Manufacturer","isPartOf":{"@id":"https:\/\/www.hnhlcranes.com\/#website"},"primaryImageOfPage":{"@id":"https:\/\/www.hnhlcranes.com\/product\/light-crane-part\/#primaryimage"},"image":{"@id":"https:\/\/www.hnhlcranes.com\/product\/light-crane-part\/#primaryimage"},"thumbnailUrl":"https:\/\/www.hnhlcranes.com\/wp-content\/uploads\/2024\/12\/Light-Crane-Part.jpg","datePublished":"2024-12-03T16:34:44+00:00","dateModified":"2025-01-14T15:58:30+00:00","description":"Light crane Track suspension,Light Crane Parts,C-type steel cable trolley,cable slider,manual trolley,Flexible Track Crane Parts,China Crane Parts Supplier","breadcrumb":{"@id":"https:\/\/www.hnhlcranes.com\/product\/light-crane-part\/#breadcrumb"},"inLanguage":"pt-PT","potentialAction":[{"@type":"ReadAction","target":["https:\/\/www.hnhlcranes.com\/product\/light-crane-part\/"]}]},{"@type":"ImageObject","inLanguage":"pt-PT","@id":"https:\/\/www.hnhlcranes.com\/product\/light-crane-part\/#primaryimage","url":"https:\/\/www.hnhlcranes.com\/wp-content\/uploads\/2024\/12\/Light-Crane-Part.jpg","contentUrl":"https:\/\/www.hnhlcranes.com\/wp-content\/uploads\/2024\/12\/Light-Crane-Part.jpg","width":600,"height":600},{"@type":"BreadcrumbList","@id":"https:\/\/www.hnhlcranes.com\/product\/light-crane-part\/#breadcrumb","itemListElement":[{"@type":"ListItem","position":1,"name":"home","item":"https:\/\/www.hnhlcranes.com\/"},{"@type":"ListItem","position":2,"name":"products","item":"https:\/\/www.hnhlcranes.com\/products\/"},{"@type":"ListItem","position":3,"name":"Light Crane Part"}]},{"@type":"WebSite","@id":"https:\/\/www.hnhlcranes.com\/#website","url":"https:\/\/www.hnhlcranes.com\/","name":"Crane Parts Manufacturer","description":"Crane Wheels,Crane Drums,Crane Hooks,Crane Coupling,Crane End Carriage,Electric Hoist,European Crane Parts,Crane Rail Clip,Crane Spreader,Crane Motor,Crane Reducer,Crane Brake,Light Crane Parts,Workstation Crane Parts,Crane Electrical Parts,China Crane Parts Supplier,China Crane Parts Manufacturer,Angle box type crane wheel,45 degree split crane wheel,European crane wheel,Crane Wheel Blocks,Overhead crane drum,European crane drum,Overhead crane hook,European crane hook,Crane pulley block,Gear coupling,Brake wheel coupling,Drum gear coupling,Brake wheel drum gear coupling,Cardan Shaft Coupling,WZL drum coupling,Plum blossom elastic coupling,Brake wheel plum elastic coupling,European Single girder crane end carriage,European Double girder crane end carriage,European Suspension  crane end carriage,Wire Rope Electric Hoist,Electric Chain Hoist,European Single Girder Wire Rope Electric Hoist,European Double Girder Wire Rope Electric Hoist,Crane grab,Container spreader,Billet crane clamps,C-type hook,Lifting Electromagnet,YZR crane motor,YZP crane motor,ZQ Reducer,ZSC Reducer,QJ Reducer,QJ-L Reducer,QJY Reducer,H series gearbox,F Series Gear Motor,K Series Gear Motor,R Series Gear Motor,travelling machinery gear motor,Electro hydraulic drum brake,Electro hydraulic disc brake,Crane Safety brake,Crane cable trolley,Crane remote controller,Crane pendant controller,Crane electrical control cabinet,Crane limit switch,Crane sound and light alarm,Heavy Duty Aviation Connector,Crane overload limiter","publisher":{"@id":"https:\/\/www.hnhlcranes.com\/#organization"},"potentialAction":[{"@type":"SearchAction","target":{"@type":"EntryPoint","urlTemplate":"https:\/\/www.hnhlcranes.com\/?s={search_term_string}"},"query-input":{"@type":"PropertyValueSpecification","valueRequired":true,"valueName":"search_term_string"}}],"inLanguage":"pt-PT"},{"@type":"Organization","@id":"https:\/\/www.hnhlcranes.com\/#organization","name":"Crane Parts Manufacturer","url":"https:\/\/www.hnhlcranes.com\/","logo":{"@type":"ImageObject","inLanguage":"pt-PT","@id":"https:\/\/www.hnhlcranes.com\/#\/schema\/logo\/image\/","url":"https:\/\/www.hnhlcranes.com\/wp-content\/uploads\/2025\/01\/HL-logo-1.png","contentUrl":"https:\/\/www.hnhlcranes.com\/wp-content\/uploads\/2025\/01\/HL-logo-1.png","width":600,"height":169,"caption":"Crane Parts Manufacturer"},"image":{"@id":"https:\/\/www.hnhlcranes.com\/#\/schema\/logo\/image\/"}}]}},"_links":{"self":[{"href":"https:\/\/www.hnhlcranes.com\/pt\/wp-json\/wp\/v2\/product\/5677","targetHints":{"allow":["GET"]}}],"collection":[{"href":"https:\/\/www.hnhlcranes.com\/pt\/wp-json\/wp\/v2\/product"}],"about":[{"href":"https:\/\/www.hnhlcranes.com\/pt\/wp-json\/wp\/v2\/types\/product"}],"version-history":[{"count":21,"href":"https:\/\/www.hnhlcranes.com\/pt\/wp-json\/wp\/v2\/product\/5677\/revisions"}],"predecessor-version":[{"id":7425,"href":"https:\/\/www.hnhlcranes.com\/pt\/wp-json\/wp\/v2\/product\/5677\/revisions\/7425"}],"wp:featuredmedia":[{"embeddable":true,"href":"https:\/\/www.hnhlcranes.com\/pt\/wp-json\/wp\/v2\/media\/7402"}],"wp:attachment":[{"href":"https:\/\/www.hnhlcranes.com\/pt\/wp-json\/wp\/v2\/media?parent=5677"}],"wp:term":[{"taxonomy":"product_brand","embeddable":true,"href":"https:\/\/www.hnhlcranes.com\/pt\/wp-json\/wp\/v2\/product_brand?post=5677"},{"taxonomy":"product_cat","embeddable":true,"href":"https:\/\/www.hnhlcranes.com\/pt\/wp-json\/wp\/v2\/product_cat?post=5677"},{"taxonomy":"product_tag","embeddable":true,"href":"https:\/\/www.hnhlcranes.com\/pt\/wp-json\/wp\/v2\/product_tag?post=5677"}],"curies":[{"name":"wp","href":"https:\/\/api.w.org\/{rel}","templated":true}]}}