{"id":5740,"date":"2024-12-05T22:42:34","date_gmt":"2024-12-05T14:42:34","guid":{"rendered":"https:\/\/www.hnhlcranes.com\/?post_type=product&#038;p=5740"},"modified":"2025-01-14T23:36:45","modified_gmt":"2025-01-14T15:36:45","slug":"controlo-remoto-da-grua","status":"publish","type":"product","link":"https:\/\/www.hnhlcranes.com\/pt\/produto\/controlo-remoto-da-grua\/","title":{"rendered":"Controlo remoto da grua"},"content":{"rendered":"<div class=\"flex max-w-full flex-col flex-grow\">\n<div class=\"min-h-8 text-message flex w-full flex-col items-end gap-2 whitespace-normal break-words [.text-message+&amp;]:mt-5\" dir=\"auto\" data-message-author-role=\"assistant\" data-message-id=\"d22886da-3fb2-45fa-876a-33dd54db9fd5\" data-message-model-slug=\"gpt-4o\">\n<div class=\"flex w-full flex-col gap-1 empty:hidden first:pt-[3px]\">\n<div class=\"markdown prose w-full break-words dark:prose-invert light\">\n<h3>Descri\u00e7\u00e3o geral do controlo remoto da grua<\/h3>\n<p>O telecomando de grua \u00e9 um dispositivo de controlo sem fios concebido especificamente para opera\u00e7\u00f5es de grua. \u00c9 amplamente utilizado em v\u00e1rios dom\u00ednios industriais, como a ind\u00fastria transformadora, a log\u00edstica, os portos e a constru\u00e7\u00e3o. Ao comunicar sem fios com o sistema de controlo da grua, permite que os operadores controlem as fun\u00e7\u00f5es da grua \u00e0 dist\u00e2ncia, aumentando significativamente a efici\u00eancia e a seguran\u00e7a do trabalho.<\/p>\n<h3>Controlo remoto da grua Fun\u00e7\u00f5es principais<\/h3>\n<ul>\n<li><strong>Controlo sem fios<\/strong>: O controlador remoto permite o controlo sem fios das principais fun\u00e7\u00f5es da grua, incluindo o arranque, a paragem, a eleva\u00e7\u00e3o e a desloca\u00e7\u00e3o. Isto oferece uma maior flexibilidade e elimina as limita\u00e7\u00f5es dos m\u00e9todos tradicionais de controlo manual.<\/li>\n<li><strong>Bot\u00f5es multifun\u00e7\u00f5es<\/strong>: O controlador est\u00e1 equipado com v\u00e1rios bot\u00f5es, permitindo o controlo preciso de v\u00e1rias fun\u00e7\u00f5es da grua, tais como eleva\u00e7\u00e3o, rota\u00e7\u00e3o, movimento e paragem de emerg\u00eancia. Esta conce\u00e7\u00e3o assegura um elevado grau de versatilidade operacional.<\/li>\n<li><strong>Carater\u00edsticas de seguran\u00e7a<\/strong>: O controlo remoto est\u00e1 equipado com um bot\u00e3o de paragem de emerg\u00eancia, permitindo ao operador parar imediatamente a grua em caso de perigo. Al\u00e9m disso, alguns modelos apresentam o n\u00edvel da bateria, garantindo que o operador possa substituir as baterias antes que elas se esgotem.<\/li>\n<li><strong>Opera\u00e7\u00e3o remota<\/strong>: Ao utilizar o controlo remoto, os operadores podem efetuar opera\u00e7\u00f5es com a grua a uma dist\u00e2ncia segura, minimizando a exposi\u00e7\u00e3o a ambientes perigosos e reduzindo o risco de acidentes.<\/li>\n<li><strong>M\u00faltiplos modos de funcionamento<\/strong>: Alguns modelos oferecem diferentes modos de funcionamento, como o controlo de velocidade \u00fanica, de velocidade vari\u00e1vel e de velocidade dupla. Isto permite o ajuste com base em requisitos operacionais espec\u00edficos, aumentando ainda mais a flexibilidade do controlo.<\/li>\n<\/ul>\n<h3>Carater\u00edsticas principais<\/h3>\n<ul>\n<li><strong>Facilidade de utiliza\u00e7\u00e3o<\/strong>: Com a sua interface intuitiva e a disposi\u00e7\u00e3o dos bot\u00f5es, o controlo remoto permite que os operadores aprendam rapidamente a utiliz\u00e1-lo e a executar as tarefas da grua de forma eficiente.<\/li>\n<li><strong>Efici\u00eancia<\/strong>: O controlador responde prontamente aos comandos, o que acelera as opera\u00e7\u00f5es e reduz o esfor\u00e7o f\u00edsico dos operadores.<\/li>\n<li><strong>Estabilidade<\/strong>: Utilizando tecnologia sem fios avan\u00e7ada, o controlador assegura uma transmiss\u00e3o de sinal est\u00e1vel, evitando interfer\u00eancias que possam conduzir a um funcionamento incorreto.<\/li>\n<li><strong>Durabilidade<\/strong>: A caixa do controlador \u00e9 feita de materiais resistentes a choques e dur\u00e1veis, garantindo que pode suportar condi\u00e7\u00f5es de trabalho dif\u00edceis e durar muito tempo.<\/li>\n<\/ul>\n<h3>Aplica\u00e7\u00f5es<\/h3>\n<ul>\n<li><strong>Gruas<\/strong>: O controlo remoto \u00e9 normalmente utilizado com gruas, tais como pontes rolantes, p\u00f3rticos e gruas de lan\u00e7a, proporcionando uma opera\u00e7\u00e3o eficiente e segura em v\u00e1rias tarefas de eleva\u00e7\u00e3o.<\/li>\n<li><strong>Oficinas industriais<\/strong>: Nas grandes instala\u00e7\u00f5es de fabrico, os operadores utilizam o telecomando para gerir as gruas com precis\u00e3o, assegurando um funcionamento sem problemas ao longo da linha de produ\u00e7\u00e3o.<\/li>\n<li><strong>Log\u00edstica portu\u00e1ria<\/strong>: Nos portos, os controladores remotos permitem aos operadores controlar as gruas e o equipamento de carga\/descarga a partir de uma dist\u00e2ncia segura, minimizando os riscos potenciais.<\/li>\n<\/ul>\n<h3>Conclus\u00e3o<\/h3>\n<p>Em conclus\u00e3o, os controlos remotos de gruas s\u00e3o uma ferramenta essencial para as opera\u00e7\u00f5es de gruas modernas. Ao tirar partido da tecnologia de controlo sem fios, aumenta a seguran\u00e7a e a efici\u00eancia, oferecendo aos operadores a flexibilidade de controlar as gruas \u00e0 dist\u00e2ncia. Isto melhora a seguran\u00e7a, aumenta a produtividade e contribui para um ambiente de trabalho mais seguro e mais eficiente.<\/p>\n<\/div>\n<\/div>\n<\/div>\n<\/div>\n<p>&nbsp;<\/p>","protected":false},"excerpt":{"rendered":"<h6><strong><span style=\"font-family: arial, helvetica, sans-serif; font-size: 14pt;\">Especifica\u00e7\u00f5es do controlo remoto da grua<\/span><\/strong><\/h6>\n<ul>\n<li><strong>Op\u00e7\u00f5es de modelo<\/strong>: F24-6D, F24-8D, F24-10D, F24-12D, F24-60<\/li>\n<li><strong>Op\u00e7\u00f5es de bot\u00f5es<\/strong>: 6, 8, 10, 12 bot\u00f5es ou controlo por joystick<\/li>\n<li><strong>\u00cdndice de prote\u00e7\u00e3o<\/strong>: IP65<\/li>\n<li><strong>Gama de frequ\u00eancias<\/strong>: VHF: 310-331 MHz; UHF: 425-446 MHz<\/li>\n<li><strong>Op\u00e7\u00f5es de alimenta\u00e7\u00e3o do recetor<\/strong>: 24V, 36V, 220V, 380V (opcional)<\/li>\n<li><strong>Temperatura de funcionamento<\/strong>: -40\u00b0C a +85\u00b0C<\/li>\n<li><strong>Dist\u00e2ncia de controlo<\/strong>: At\u00e9 100 m em ambientes abertos<\/li>\n<\/ul>","protected":false},"featured_media":7455,"template":"","meta":{"_kad_post_transparent":"default","_kad_post_title":"","_kad_post_layout":"default","_kad_post_sidebar_id":"","_kad_post_content_style":"default","_kad_post_vertical_padding":"show","_kad_post_feature":"","_kad_post_feature_position":"","_kad_post_header":false,"_kad_post_footer":false},"product_brand":[],"product_cat":[65],"product_tag":[632,622,376,634,612,616,626,627,629,613,617,620,615,614,618,628,619,621,623,630,635,633,625,631,624],"class_list":{"0":"post-5740","1":"product","2":"type-product","3":"status-publish","4":"has-post-thumbnail","6":"product_cat-crane-electrical-parts","7":"product_tag-aviation-plug","8":"product_tag-cable-trolley","9":"product_tag-china-crane-parts-supplier","10":"product_tag-crane-aviation-plug","11":"product_tag-crane-cable-trolley","12":"product_tag-crane-control-cabinet","13":"product_tag-crane-control-handle","14":"product_tag-crane-controls","15":"product_tag-crane-electrical-control-cabinet","16":"product_tag-crane-electrical-part","17":"product_tag-crane-limit-switch","18":"product_tag-crane-overload-limiter","19":"product_tag-crane-pendant-controller","20":"product_tag-crane-remote-controller","21":"product_tag-crane-sound-and-light-alarm","22":"product_tag-electrical-control-cabinet","23":"product_tag-heavy-duty-aviation-connector","24":"product_tag-i-beam-cable-trolley","25":"product_tag-i-beam-cable-trolley-supplier","26":"product_tag-limit-switch","27":"product_tag-overload-limiter","28":"product_tag-quick-connector","29":"product_tag-remote-controller","30":"product_tag-sound-and-light-alarm","31":"product_tag-wireless-remote-control","33":"first","34":"instock","35":"shipping-taxable","36":"product-type-simple","37":"entry","38":"content-bg","39":"loop-entry"},"yoast_head":"<!-- This site is optimized with the Yoast SEO plugin v24.5 - https:\/\/yoast.com\/wordpress\/plugins\/seo\/ -->\n<title>Crane remote controller - Wireless remote control-remote controller- Crane Parts Manufacturer<\/title>\n<meta name=\"description\" content=\"Crane remote controller,Wireless remote control,remote controller, remote controller manufacturer,remote controller Supplier,Crane Electrical Parts\" \/>\n<meta name=\"robots\" content=\"index, follow, max-snippet:-1, max-image-preview:large, max-video-preview:-1\" \/>\n<link rel=\"canonical\" href=\"https:\/\/www.hnhlcranes.com\/pt\/produto\/controlo-remoto-da-grua\/\" \/>\n<meta property=\"og:locale\" content=\"pt_PT\" \/>\n<meta property=\"og:type\" content=\"article\" \/>\n<meta property=\"og:title\" content=\"Crane remote controller - Wireless remote control-remote controller- Crane Parts Manufacturer\" \/>\n<meta property=\"og:description\" content=\"Crane remote controller,Wireless remote control,remote controller, remote controller manufacturer,remote controller Supplier,Crane Electrical Parts\" \/>\n<meta property=\"og:url\" content=\"https:\/\/www.hnhlcranes.com\/pt\/produto\/controlo-remoto-da-grua\/\" \/>\n<meta property=\"og:site_name\" content=\"Crane Parts Manufacturer\" \/>\n<meta property=\"article:modified_time\" content=\"2025-01-14T15:36:45+00:00\" \/>\n<meta property=\"og:image\" content=\"https:\/\/www.hnhlcranes.com\/wp-content\/uploads\/2024\/12\/Crane-remote-controller.jpg\" \/>\n\t<meta property=\"og:image:width\" content=\"600\" \/>\n\t<meta property=\"og:image:height\" content=\"600\" \/>\n\t<meta property=\"og:image:type\" content=\"image\/jpeg\" \/>\n<meta name=\"twitter:card\" content=\"summary_large_image\" \/>\n<meta name=\"twitter:label1\" content=\"Tempo estimado de leitura\" \/>\n\t<meta name=\"twitter:data1\" content=\"3 minutos\" \/>\n<script type=\"application\/ld+json\" class=\"yoast-schema-graph\">{\"@context\":\"https:\/\/schema.org\",\"@graph\":[{\"@type\":\"WebPage\",\"@id\":\"https:\/\/www.hnhlcranes.com\/product\/crane-remote-controller\/\",\"url\":\"https:\/\/www.hnhlcranes.com\/product\/crane-remote-controller\/\",\"name\":\"Crane remote controller - Wireless remote control-remote controller- Crane Parts Manufacturer\",\"isPartOf\":{\"@id\":\"https:\/\/www.hnhlcranes.com\/#website\"},\"primaryImageOfPage\":{\"@id\":\"https:\/\/www.hnhlcranes.com\/product\/crane-remote-controller\/#primaryimage\"},\"image\":{\"@id\":\"https:\/\/www.hnhlcranes.com\/product\/crane-remote-controller\/#primaryimage\"},\"thumbnailUrl\":\"https:\/\/www.hnhlcranes.com\/wp-content\/uploads\/2024\/12\/Crane-remote-controller.jpg\",\"datePublished\":\"2024-12-05T14:42:34+00:00\",\"dateModified\":\"2025-01-14T15:36:45+00:00\",\"description\":\"Crane remote controller,Wireless remote control,remote controller, remote controller manufacturer,remote controller Supplier,Crane Electrical Parts\",\"breadcrumb\":{\"@id\":\"https:\/\/www.hnhlcranes.com\/product\/crane-remote-controller\/#breadcrumb\"},\"inLanguage\":\"pt-PT\",\"potentialAction\":[{\"@type\":\"ReadAction\",\"target\":[\"https:\/\/www.hnhlcranes.com\/product\/crane-remote-controller\/\"]}]},{\"@type\":\"ImageObject\",\"inLanguage\":\"pt-PT\",\"@id\":\"https:\/\/www.hnhlcranes.com\/product\/crane-remote-controller\/#primaryimage\",\"url\":\"https:\/\/www.hnhlcranes.com\/wp-content\/uploads\/2024\/12\/Crane-remote-controller.jpg\",\"contentUrl\":\"https:\/\/www.hnhlcranes.com\/wp-content\/uploads\/2024\/12\/Crane-remote-controller.jpg\",\"width\":600,\"height\":600},{\"@type\":\"BreadcrumbList\",\"@id\":\"https:\/\/www.hnhlcranes.com\/product\/crane-remote-controller\/#breadcrumb\",\"itemListElement\":[{\"@type\":\"ListItem\",\"position\":1,\"name\":\"home\",\"item\":\"https:\/\/www.hnhlcranes.com\/\"},{\"@type\":\"ListItem\",\"position\":2,\"name\":\"products\",\"item\":\"https:\/\/www.hnhlcranes.com\/products\/\"},{\"@type\":\"ListItem\",\"position\":3,\"name\":\"Crane remote controller\"}]},{\"@type\":\"WebSite\",\"@id\":\"https:\/\/www.hnhlcranes.com\/#website\",\"url\":\"https:\/\/www.hnhlcranes.com\/\",\"name\":\"Crane Parts Manufacturer\",\"description\":\"Crane Wheels,Crane Drums,Crane Hooks,Crane Coupling,Crane End Carriage,Electric Hoist,European Crane Parts,Crane Rail Clip,Crane Spreader,Crane Motor,Crane Reducer,Crane Brake,Light Crane Parts,Workstation Crane Parts,Crane Electrical Parts,China Crane Parts Supplier,China Crane Parts Manufacturer,Angle box type crane wheel,45 degree split crane wheel,European crane wheel,Crane Wheel Blocks,Overhead crane drum,European crane drum,Overhead crane hook,European crane hook,Crane pulley block,Gear coupling,Brake wheel coupling,Drum gear coupling,Brake wheel drum gear coupling,Cardan Shaft Coupling,WZL drum coupling,Plum blossom elastic coupling,Brake wheel plum elastic coupling,European Single girder crane end carriage,European Double girder crane end carriage,European Suspension  crane end carriage,Wire Rope Electric Hoist,Electric Chain Hoist,European Single Girder Wire Rope Electric Hoist,European Double Girder Wire Rope Electric Hoist,Crane grab,Container spreader,Billet crane clamps,C-type hook,Lifting Electromagnet,YZR crane motor,YZP crane motor,ZQ Reducer,ZSC Reducer,QJ Reducer,QJ-L Reducer,QJY Reducer,H series gearbox,F Series Gear Motor,K Series Gear Motor,R Series Gear Motor,travelling machinery gear motor,Electro hydraulic drum brake,Electro hydraulic disc brake,Crane Safety brake,Crane cable trolley,Crane remote controller,Crane pendant controller,Crane electrical control cabinet,Crane limit switch,Crane sound and light alarm,Heavy Duty Aviation Connector,Crane overload limiter\",\"publisher\":{\"@id\":\"https:\/\/www.hnhlcranes.com\/#organization\"},\"potentialAction\":[{\"@type\":\"SearchAction\",\"target\":{\"@type\":\"EntryPoint\",\"urlTemplate\":\"https:\/\/www.hnhlcranes.com\/?s={search_term_string}\"},\"query-input\":{\"@type\":\"PropertyValueSpecification\",\"valueRequired\":true,\"valueName\":\"search_term_string\"}}],\"inLanguage\":\"pt-PT\"},{\"@type\":\"Organization\",\"@id\":\"https:\/\/www.hnhlcranes.com\/#organization\",\"name\":\"Crane Parts Manufacturer\",\"url\":\"https:\/\/www.hnhlcranes.com\/\",\"logo\":{\"@type\":\"ImageObject\",\"inLanguage\":\"pt-PT\",\"@id\":\"https:\/\/www.hnhlcranes.com\/#\/schema\/logo\/image\/\",\"url\":\"https:\/\/www.hnhlcranes.com\/wp-content\/uploads\/2025\/01\/HL-logo-1.png\",\"contentUrl\":\"https:\/\/www.hnhlcranes.com\/wp-content\/uploads\/2025\/01\/HL-logo-1.png\",\"width\":600,\"height\":169,\"caption\":\"Crane Parts Manufacturer\"},\"image\":{\"@id\":\"https:\/\/www.hnhlcranes.com\/#\/schema\/logo\/image\/\"}}]}<\/script>\n<!-- \/ Yoast SEO plugin. -->","yoast_head_json":{"title":"Crane remote controller - Wireless remote control-remote controller- Crane Parts Manufacturer","description":"Crane remote controller,Wireless remote control,remote controller, remote controller manufacturer,remote controller Supplier,Crane Electrical Parts","robots":{"index":"index","follow":"follow","max-snippet":"max-snippet:-1","max-image-preview":"max-image-preview:large","max-video-preview":"max-video-preview:-1"},"canonical":"https:\/\/www.hnhlcranes.com\/pt\/produto\/controlo-remoto-da-grua\/","og_locale":"pt_PT","og_type":"article","og_title":"Crane remote controller - Wireless remote control-remote controller- Crane Parts Manufacturer","og_description":"Crane remote controller,Wireless remote control,remote controller, remote controller manufacturer,remote controller Supplier,Crane Electrical Parts","og_url":"https:\/\/www.hnhlcranes.com\/pt\/produto\/controlo-remoto-da-grua\/","og_site_name":"Crane Parts Manufacturer","article_modified_time":"2025-01-14T15:36:45+00:00","og_image":[{"width":600,"height":600,"url":"https:\/\/www.hnhlcranes.com\/wp-content\/uploads\/2024\/12\/Crane-remote-controller.jpg","type":"image\/jpeg"}],"twitter_card":"summary_large_image","twitter_misc":{"Tempo estimado de leitura":"3 minutos"},"schema":{"@context":"https:\/\/schema.org","@graph":[{"@type":"WebPage","@id":"https:\/\/www.hnhlcranes.com\/product\/crane-remote-controller\/","url":"https:\/\/www.hnhlcranes.com\/product\/crane-remote-controller\/","name":"Crane remote controller - Wireless remote control-remote controller- Crane Parts Manufacturer","isPartOf":{"@id":"https:\/\/www.hnhlcranes.com\/#website"},"primaryImageOfPage":{"@id":"https:\/\/www.hnhlcranes.com\/product\/crane-remote-controller\/#primaryimage"},"image":{"@id":"https:\/\/www.hnhlcranes.com\/product\/crane-remote-controller\/#primaryimage"},"thumbnailUrl":"https:\/\/www.hnhlcranes.com\/wp-content\/uploads\/2024\/12\/Crane-remote-controller.jpg","datePublished":"2024-12-05T14:42:34+00:00","dateModified":"2025-01-14T15:36:45+00:00","description":"Crane remote controller,Wireless remote control,remote controller, remote controller manufacturer,remote controller Supplier,Crane Electrical Parts","breadcrumb":{"@id":"https:\/\/www.hnhlcranes.com\/product\/crane-remote-controller\/#breadcrumb"},"inLanguage":"pt-PT","potentialAction":[{"@type":"ReadAction","target":["https:\/\/www.hnhlcranes.com\/product\/crane-remote-controller\/"]}]},{"@type":"ImageObject","inLanguage":"pt-PT","@id":"https:\/\/www.hnhlcranes.com\/product\/crane-remote-controller\/#primaryimage","url":"https:\/\/www.hnhlcranes.com\/wp-content\/uploads\/2024\/12\/Crane-remote-controller.jpg","contentUrl":"https:\/\/www.hnhlcranes.com\/wp-content\/uploads\/2024\/12\/Crane-remote-controller.jpg","width":600,"height":600},{"@type":"BreadcrumbList","@id":"https:\/\/www.hnhlcranes.com\/product\/crane-remote-controller\/#breadcrumb","itemListElement":[{"@type":"ListItem","position":1,"name":"home","item":"https:\/\/www.hnhlcranes.com\/"},{"@type":"ListItem","position":2,"name":"products","item":"https:\/\/www.hnhlcranes.com\/products\/"},{"@type":"ListItem","position":3,"name":"Crane remote controller"}]},{"@type":"WebSite","@id":"https:\/\/www.hnhlcranes.com\/#website","url":"https:\/\/www.hnhlcranes.com\/","name":"Crane Parts Manufacturer","description":"Crane Wheels,Crane Drums,Crane Hooks,Crane Coupling,Crane End Carriage,Electric Hoist,European Crane Parts,Crane Rail Clip,Crane Spreader,Crane Motor,Crane Reducer,Crane Brake,Light Crane Parts,Workstation Crane Parts,Crane Electrical Parts,China Crane Parts Supplier,China Crane Parts Manufacturer,Angle box type crane wheel,45 degree split crane wheel,European crane wheel,Crane Wheel Blocks,Overhead crane drum,European crane drum,Overhead crane hook,European crane hook,Crane pulley block,Gear coupling,Brake wheel coupling,Drum gear coupling,Brake wheel drum gear coupling,Cardan Shaft Coupling,WZL drum coupling,Plum blossom elastic coupling,Brake wheel plum elastic coupling,European Single girder crane end carriage,European Double girder crane end carriage,European Suspension  crane end carriage,Wire Rope Electric Hoist,Electric Chain Hoist,European Single Girder Wire Rope Electric Hoist,European Double Girder Wire Rope Electric Hoist,Crane grab,Container spreader,Billet crane clamps,C-type hook,Lifting Electromagnet,YZR crane motor,YZP crane motor,ZQ Reducer,ZSC Reducer,QJ Reducer,QJ-L Reducer,QJY Reducer,H series gearbox,F Series Gear Motor,K Series Gear Motor,R Series Gear Motor,travelling machinery gear motor,Electro hydraulic drum brake,Electro hydraulic disc brake,Crane Safety brake,Crane cable trolley,Crane remote controller,Crane pendant controller,Crane electrical control cabinet,Crane limit switch,Crane sound and light alarm,Heavy Duty Aviation Connector,Crane overload limiter","publisher":{"@id":"https:\/\/www.hnhlcranes.com\/#organization"},"potentialAction":[{"@type":"SearchAction","target":{"@type":"EntryPoint","urlTemplate":"https:\/\/www.hnhlcranes.com\/?s={search_term_string}"},"query-input":{"@type":"PropertyValueSpecification","valueRequired":true,"valueName":"search_term_string"}}],"inLanguage":"pt-PT"},{"@type":"Organization","@id":"https:\/\/www.hnhlcranes.com\/#organization","name":"Crane Parts Manufacturer","url":"https:\/\/www.hnhlcranes.com\/","logo":{"@type":"ImageObject","inLanguage":"pt-PT","@id":"https:\/\/www.hnhlcranes.com\/#\/schema\/logo\/image\/","url":"https:\/\/www.hnhlcranes.com\/wp-content\/uploads\/2025\/01\/HL-logo-1.png","contentUrl":"https:\/\/www.hnhlcranes.com\/wp-content\/uploads\/2025\/01\/HL-logo-1.png","width":600,"height":169,"caption":"Crane Parts Manufacturer"},"image":{"@id":"https:\/\/www.hnhlcranes.com\/#\/schema\/logo\/image\/"}}]}},"_links":{"self":[{"href":"https:\/\/www.hnhlcranes.com\/pt\/wp-json\/wp\/v2\/product\/5740","targetHints":{"allow":["GET"]}}],"collection":[{"href":"https:\/\/www.hnhlcranes.com\/pt\/wp-json\/wp\/v2\/product"}],"about":[{"href":"https:\/\/www.hnhlcranes.com\/pt\/wp-json\/wp\/v2\/types\/product"}],"version-history":[{"count":3,"href":"https:\/\/www.hnhlcranes.com\/pt\/wp-json\/wp\/v2\/product\/5740\/revisions"}],"predecessor-version":[{"id":7458,"href":"https:\/\/www.hnhlcranes.com\/pt\/wp-json\/wp\/v2\/product\/5740\/revisions\/7458"}],"wp:featuredmedia":[{"embeddable":true,"href":"https:\/\/www.hnhlcranes.com\/pt\/wp-json\/wp\/v2\/media\/7455"}],"wp:attachment":[{"href":"https:\/\/www.hnhlcranes.com\/pt\/wp-json\/wp\/v2\/media?parent=5740"}],"wp:term":[{"taxonomy":"product_brand","embeddable":true,"href":"https:\/\/www.hnhlcranes.com\/pt\/wp-json\/wp\/v2\/product_brand?post=5740"},{"taxonomy":"product_cat","embeddable":true,"href":"https:\/\/www.hnhlcranes.com\/pt\/wp-json\/wp\/v2\/product_cat?post=5740"},{"taxonomy":"product_tag","embeddable":true,"href":"https:\/\/www.hnhlcranes.com\/pt\/wp-json\/wp\/v2\/product_tag?post=5740"}],"curies":[{"name":"wp","href":"https:\/\/api.w.org\/{rel}","templated":true}]}}