{"id":5790,"date":"2024-12-06T00:55:21","date_gmt":"2024-12-05T16:55:21","guid":{"rendered":"https:\/\/www.hnhlcranes.com\/?post_type=product&#038;p=5790"},"modified":"2025-01-16T12:10:37","modified_gmt":"2025-01-16T04:10:37","slug":"alarme-sonoro-e-luminoso-para-gruas","status":"publish","type":"product","link":"https:\/\/www.hnhlcranes.com\/pt\/produto\/alarme-sonoro-e-luminoso-para-gruas\/","title":{"rendered":"Alarme sonoro e luminoso para gruas"},"content":{"rendered":"<h3>Carater\u00edsticas e especifica\u00e7\u00f5es do Alarme sonoro e luminoso para gruas<\/h3>\n<h4><strong>Carater\u00edsticas<\/strong><\/h4>\n<ol>\n<li><strong>Sistema de aviso duplo:<\/strong>\n<ul>\n<li>O alarme sonoro e luminoso para gruas combina sinais auditivos e visuais para atrair eficazmente a aten\u00e7\u00e3o do pessoal pr\u00f3ximo, assegurando alertas atempados sobre potenciais perigos em v\u00e1rios ambientes de trabalho.<\/li>\n<\/ul>\n<\/li>\n<li><strong>Elevada visibilidade e volume de som:<\/strong>\n<ul>\n<li>O alarme luminoso utiliza luzes intermitentes de alto brilho, normalmente em vermelho, amarelo ou azul, proporcionando uma excelente visibilidade mesmo em ambientes com pouca luz ou ruidosos. O alarme sonoro emite um som de aviso alto, com volume e frequ\u00eancia ajust\u00e1veis, garantindo um aviso eficaz em diferentes ambientes.<\/li>\n<\/ul>\n<\/li>\n<li><strong>Defini\u00e7\u00f5es ajust\u00e1veis:<\/strong>\n<ul>\n<li>Os utilizadores podem ajustar o volume do som e a intensidade da luz ou o modo de intermit\u00eancia com base no ambiente de trabalho, atendendo a diferentes requisitos de seguran\u00e7a.<\/li>\n<\/ul>\n<\/li>\n<li><strong>Durabilidade e prote\u00e7\u00e3o:<\/strong>\n<ul>\n<li>Estes alarmes foram concebidos para serem \u00e0 prova de \u00e1gua, de poeiras e de choques, o que os torna adequados para condi\u00e7\u00f5es de trabalho dif\u00edceis e garante um desempenho fi\u00e1vel ao longo do tempo.<\/li>\n<\/ul>\n<\/li>\n<li><strong>Instala\u00e7\u00e3o flex\u00edvel:<\/strong>\n<ul>\n<li>Os dispositivos foram concebidos para serem utilizados com v\u00e1rios tipos de gruas (tais como gruas-torre, gruas de p\u00f3rtico e gruas m\u00f3veis). Al\u00e9m disso, o seu processo de instala\u00e7\u00e3o simples permite a personaliza\u00e7\u00e3o com base em diferentes necessidades operacionais.<\/li>\n<\/ul>\n<\/li>\n<li><strong>Melhoria da seguran\u00e7a no local:<\/strong>\n<ul>\n<li>Ao fornecerem um aviso pr\u00e9vio aos trabalhadores, operadores e transeuntes, estes alarmes ajudam a reduzir a probabilidade de acidentes, especialmente quando as gruas est\u00e3o em movimento, a levantar cargas pesadas ou em estados potencialmente perigosos.<\/li>\n<\/ul>\n<\/li>\n<\/ol>\n<h4><strong>Especifica\u00e7\u00f5es<\/strong><\/h4>\n<ol>\n<li><strong>Tens\u00e3o de funcionamento:<\/strong>\n<ul>\n<li>Tens\u00e3o AC: 110V, 220V, etc.<\/li>\n<li>Tens\u00e3o DC: 12V, 24V, etc.<\/li>\n<\/ul>\n<\/li>\n<li><strong>Intensidade do som:<\/strong>\n<ul>\n<li>A intensidade do som varia normalmente entre 85dB e 120dB, com volume ajust\u00e1vel consoante o ambiente.<\/li>\n<\/ul>\n<\/li>\n<li><strong>Tipo de luz:<\/strong>\n<ul>\n<li>As luzes intermitentes s\u00e3o normalmente de LED, oferecendo um elevado brilho e uma longa vida \u00fatil. As cores das luzes podem ser selecionadas de acordo com os requisitos, incluindo vermelho, amarelo ou azul.<\/li>\n<\/ul>\n<\/li>\n<li><strong>Frequ\u00eancia de intermit\u00eancia:<\/strong>\n<ul>\n<li>A frequ\u00eancia de intermit\u00eancia varia normalmente entre 60 e 120 intermit\u00eancias por minuto, com op\u00e7\u00f5es ajust\u00e1veis com base no ambiente de utiliza\u00e7\u00e3o.<\/li>\n<\/ul>\n<\/li>\n<li><strong>N\u00edvel de prote\u00e7\u00e3o:<\/strong>\n<ul>\n<li>O n\u00edvel de prote\u00e7\u00e3o \u00e9 geralmente IP65 ou superior, garantindo que o dispositivo funciona corretamente em ambientes com humidade ou n\u00edveis elevados de poeira.<\/li>\n<\/ul>\n<\/li>\n<li><strong>Gama de temperaturas de funcionamento:<\/strong>\n<ul>\n<li>A gama de temperaturas de funcionamento t\u00edpica \u00e9 de -20\u00b0C a +60\u00b0C, o que o torna adequado para v\u00e1rios ambientes adversos.<\/li>\n<\/ul>\n<\/li>\n<li><strong>M\u00e9todo de instala\u00e7\u00e3o:<\/strong>\n<ul>\n<li>V\u00e1rios m\u00e9todos de instala\u00e7\u00e3o, incluindo op\u00e7\u00f5es de montagem em suporte, montagem por suc\u00e7\u00e3o e montagem na parede, proporcionam flexibilidade para a instala\u00e7\u00e3o em diferentes ambientes.<\/li>\n<\/ul>\n<\/li>\n<li><strong>Corrente de funcionamento:<\/strong>\n<ul>\n<li>A corrente de funcionamento varia normalmente entre 0,2A e 1A, dependendo do modelo espec\u00edfico.<\/li>\n<\/ul>\n<\/li>\n<li><strong>Vida \u00fatil:<\/strong>\n<ul>\n<li>As luzes LED t\u00eam normalmente uma vida \u00fatil de mais de 50 000 horas, garantindo uma utiliza\u00e7\u00e3o fi\u00e1vel a longo prazo.<\/li>\n<\/ul>\n<\/li>\n<\/ol>\n<h3>Conclus\u00e3o<\/h3>\n<p>Em conclus\u00e3o, os alarmes sonoros e luminosos para gruas aumentam a seguran\u00e7a no local, oferecendo avisos auditivos e visuais, ajudando a evitar acidentes durante as opera\u00e7\u00f5es com gruas. Com volume e intensidade de luz ajust\u00e1veis, excelente durabilidade e m\u00e9todos de instala\u00e7\u00e3o flex\u00edveis, estes sistemas de alarme s\u00e3o amplamente aplic\u00e1veis em diferentes ambientes industriais. A sua capacidade de fornecer alertas fi\u00e1veis garante opera\u00e7\u00f5es de grua seguras e eficientes em v\u00e1rios cen\u00e1rios.<\/p>","protected":false},"excerpt":{"rendered":"<p><strong>Carater\u00edsticas do alarme de som e luz do guindaste\uff1a<\/strong><\/p>\n<ul>\n<li>Fonte de luz LED de alto brilho<\/li>\n<li>Alertas sonoros altos<\/li>\n<li>Suporte multi-tens\u00e3o<\/li>\n<li>Luz de aviso rotativa (opcional)<\/li>\n<li>Elevado \u00edndice de prote\u00e7\u00e3o<\/li>\n<li>Longo tempo de vida<\/li>\n<\/ul>","protected":false},"featured_media":7491,"template":"","meta":{"_kad_post_transparent":"default","_kad_post_title":"","_kad_post_layout":"default","_kad_post_sidebar_id":"","_kad_post_content_style":"default","_kad_post_vertical_padding":"show","_kad_post_feature":"","_kad_post_feature_position":"","_kad_post_header":false,"_kad_post_footer":false},"product_brand":[],"product_cat":[65],"product_tag":[632,622,376,634,612,616,626,627,629,613,617,620,615,614,618,628,619,621,623,630,635,633,625,631,624],"class_list":{"0":"post-5790","1":"product","2":"type-product","3":"status-publish","4":"has-post-thumbnail","6":"product_cat-crane-electrical-parts","7":"product_tag-aviation-plug","8":"product_tag-cable-trolley","9":"product_tag-china-crane-parts-supplier","10":"product_tag-crane-aviation-plug","11":"product_tag-crane-cable-trolley","12":"product_tag-crane-control-cabinet","13":"product_tag-crane-control-handle","14":"product_tag-crane-controls","15":"product_tag-crane-electrical-control-cabinet","16":"product_tag-crane-electrical-part","17":"product_tag-crane-limit-switch","18":"product_tag-crane-overload-limiter","19":"product_tag-crane-pendant-controller","20":"product_tag-crane-remote-controller","21":"product_tag-crane-sound-and-light-alarm","22":"product_tag-electrical-control-cabinet","23":"product_tag-heavy-duty-aviation-connector","24":"product_tag-i-beam-cable-trolley","25":"product_tag-i-beam-cable-trolley-supplier","26":"product_tag-limit-switch","27":"product_tag-overload-limiter","28":"product_tag-quick-connector","29":"product_tag-remote-controller","30":"product_tag-sound-and-light-alarm","31":"product_tag-wireless-remote-control","33":"first","34":"instock","35":"shipping-taxable","36":"product-type-simple","37":"entry","38":"content-bg","39":"loop-entry"},"yoast_head":"<!-- This site is optimized with the Yoast SEO plugin v24.5 - https:\/\/yoast.com\/wordpress\/plugins\/seo\/ -->\n<title>Crane sound and light alarm - Sound and light alarm- Crane Parts Manufacturer<\/title>\n<meta name=\"description\" content=\"Sound and light alarm,Crane Electrical Parts,Sound and light alarm manufacturer,Sound and light alarm Supplier,Crane Parts Supplier\" \/>\n<meta name=\"robots\" content=\"index, follow, max-snippet:-1, max-image-preview:large, max-video-preview:-1\" \/>\n<link rel=\"canonical\" href=\"https:\/\/www.hnhlcranes.com\/pt\/produto\/alarme-sonoro-e-luminoso-para-gruas\/\" \/>\n<meta property=\"og:locale\" content=\"pt_PT\" \/>\n<meta property=\"og:type\" content=\"article\" \/>\n<meta property=\"og:title\" content=\"Crane sound and light alarm - Sound and light alarm- Crane Parts Manufacturer\" \/>\n<meta property=\"og:description\" content=\"Sound and light alarm,Crane Electrical Parts,Sound and light alarm manufacturer,Sound and light alarm Supplier,Crane Parts Supplier\" \/>\n<meta property=\"og:url\" content=\"https:\/\/www.hnhlcranes.com\/pt\/produto\/alarme-sonoro-e-luminoso-para-gruas\/\" \/>\n<meta property=\"og:site_name\" content=\"Crane Parts Manufacturer\" \/>\n<meta property=\"article:modified_time\" content=\"2025-01-16T04:10:37+00:00\" \/>\n<meta property=\"og:image\" content=\"https:\/\/www.hnhlcranes.com\/wp-content\/uploads\/2024\/12\/Crane-sound-and-light-alarm.jpg\" \/>\n\t<meta property=\"og:image:width\" content=\"600\" \/>\n\t<meta property=\"og:image:height\" content=\"600\" \/>\n\t<meta property=\"og:image:type\" content=\"image\/jpeg\" \/>\n<meta name=\"twitter:card\" content=\"summary_large_image\" \/>\n<meta name=\"twitter:label1\" content=\"Tempo estimado de leitura\" \/>\n\t<meta name=\"twitter:data1\" content=\"3 minutos\" \/>\n<script type=\"application\/ld+json\" class=\"yoast-schema-graph\">{\"@context\":\"https:\/\/schema.org\",\"@graph\":[{\"@type\":\"WebPage\",\"@id\":\"https:\/\/www.hnhlcranes.com\/product\/crane-sound-and-light-alarm\/\",\"url\":\"https:\/\/www.hnhlcranes.com\/product\/crane-sound-and-light-alarm\/\",\"name\":\"Crane sound and light alarm - Sound and light alarm- Crane Parts Manufacturer\",\"isPartOf\":{\"@id\":\"https:\/\/www.hnhlcranes.com\/#website\"},\"primaryImageOfPage\":{\"@id\":\"https:\/\/www.hnhlcranes.com\/product\/crane-sound-and-light-alarm\/#primaryimage\"},\"image\":{\"@id\":\"https:\/\/www.hnhlcranes.com\/product\/crane-sound-and-light-alarm\/#primaryimage\"},\"thumbnailUrl\":\"https:\/\/www.hnhlcranes.com\/wp-content\/uploads\/2024\/12\/Crane-sound-and-light-alarm.jpg\",\"datePublished\":\"2024-12-05T16:55:21+00:00\",\"dateModified\":\"2025-01-16T04:10:37+00:00\",\"description\":\"Sound and light alarm,Crane Electrical Parts,Sound and light alarm manufacturer,Sound and light alarm Supplier,Crane Parts Supplier\",\"breadcrumb\":{\"@id\":\"https:\/\/www.hnhlcranes.com\/product\/crane-sound-and-light-alarm\/#breadcrumb\"},\"inLanguage\":\"pt-PT\",\"potentialAction\":[{\"@type\":\"ReadAction\",\"target\":[\"https:\/\/www.hnhlcranes.com\/product\/crane-sound-and-light-alarm\/\"]}]},{\"@type\":\"ImageObject\",\"inLanguage\":\"pt-PT\",\"@id\":\"https:\/\/www.hnhlcranes.com\/product\/crane-sound-and-light-alarm\/#primaryimage\",\"url\":\"https:\/\/www.hnhlcranes.com\/wp-content\/uploads\/2024\/12\/Crane-sound-and-light-alarm.jpg\",\"contentUrl\":\"https:\/\/www.hnhlcranes.com\/wp-content\/uploads\/2024\/12\/Crane-sound-and-light-alarm.jpg\",\"width\":600,\"height\":600},{\"@type\":\"BreadcrumbList\",\"@id\":\"https:\/\/www.hnhlcranes.com\/product\/crane-sound-and-light-alarm\/#breadcrumb\",\"itemListElement\":[{\"@type\":\"ListItem\",\"position\":1,\"name\":\"home\",\"item\":\"https:\/\/www.hnhlcranes.com\/\"},{\"@type\":\"ListItem\",\"position\":2,\"name\":\"products\",\"item\":\"https:\/\/www.hnhlcranes.com\/products\/\"},{\"@type\":\"ListItem\",\"position\":3,\"name\":\"Crane sound and light alarm\"}]},{\"@type\":\"WebSite\",\"@id\":\"https:\/\/www.hnhlcranes.com\/#website\",\"url\":\"https:\/\/www.hnhlcranes.com\/\",\"name\":\"Crane Parts Manufacturer\",\"description\":\"Crane Wheels,Crane Drums,Crane Hooks,Crane Coupling,Crane End Carriage,Electric Hoist,European Crane Parts,Crane Rail Clip,Crane Spreader,Crane Motor,Crane Reducer,Crane Brake,Light Crane Parts,Workstation Crane Parts,Crane Electrical Parts,China Crane Parts Supplier,China Crane Parts Manufacturer,Angle box type crane wheel,45 degree split crane wheel,European crane wheel,Crane Wheel Blocks,Overhead crane drum,European crane drum,Overhead crane hook,European crane hook,Crane pulley block,Gear coupling,Brake wheel coupling,Drum gear coupling,Brake wheel drum gear coupling,Cardan Shaft Coupling,WZL drum coupling,Plum blossom elastic coupling,Brake wheel plum elastic coupling,European Single girder crane end carriage,European Double girder crane end carriage,European Suspension  crane end carriage,Wire Rope Electric Hoist,Electric Chain Hoist,European Single Girder Wire Rope Electric Hoist,European Double Girder Wire Rope Electric Hoist,Crane grab,Container spreader,Billet crane clamps,C-type hook,Lifting Electromagnet,YZR crane motor,YZP crane motor,ZQ Reducer,ZSC Reducer,QJ Reducer,QJ-L Reducer,QJY Reducer,H series gearbox,F Series Gear Motor,K Series Gear Motor,R Series Gear Motor,travelling machinery gear motor,Electro hydraulic drum brake,Electro hydraulic disc brake,Crane Safety brake,Crane cable trolley,Crane remote controller,Crane pendant controller,Crane electrical control cabinet,Crane limit switch,Crane sound and light alarm,Heavy Duty Aviation Connector,Crane overload limiter\",\"publisher\":{\"@id\":\"https:\/\/www.hnhlcranes.com\/#organization\"},\"potentialAction\":[{\"@type\":\"SearchAction\",\"target\":{\"@type\":\"EntryPoint\",\"urlTemplate\":\"https:\/\/www.hnhlcranes.com\/?s={search_term_string}\"},\"query-input\":{\"@type\":\"PropertyValueSpecification\",\"valueRequired\":true,\"valueName\":\"search_term_string\"}}],\"inLanguage\":\"pt-PT\"},{\"@type\":\"Organization\",\"@id\":\"https:\/\/www.hnhlcranes.com\/#organization\",\"name\":\"Crane Parts Manufacturer\",\"url\":\"https:\/\/www.hnhlcranes.com\/\",\"logo\":{\"@type\":\"ImageObject\",\"inLanguage\":\"pt-PT\",\"@id\":\"https:\/\/www.hnhlcranes.com\/#\/schema\/logo\/image\/\",\"url\":\"https:\/\/www.hnhlcranes.com\/wp-content\/uploads\/2025\/01\/HL-logo-1.png\",\"contentUrl\":\"https:\/\/www.hnhlcranes.com\/wp-content\/uploads\/2025\/01\/HL-logo-1.png\",\"width\":600,\"height\":169,\"caption\":\"Crane Parts Manufacturer\"},\"image\":{\"@id\":\"https:\/\/www.hnhlcranes.com\/#\/schema\/logo\/image\/\"}}]}<\/script>\n<!-- \/ Yoast SEO plugin. -->","yoast_head_json":{"title":"Crane sound and light alarm - Sound and light alarm- Crane Parts Manufacturer","description":"Sound and light alarm,Crane Electrical Parts,Sound and light alarm manufacturer,Sound and light alarm Supplier,Crane Parts Supplier","robots":{"index":"index","follow":"follow","max-snippet":"max-snippet:-1","max-image-preview":"max-image-preview:large","max-video-preview":"max-video-preview:-1"},"canonical":"https:\/\/www.hnhlcranes.com\/pt\/produto\/alarme-sonoro-e-luminoso-para-gruas\/","og_locale":"pt_PT","og_type":"article","og_title":"Crane sound and light alarm - Sound and light alarm- Crane Parts Manufacturer","og_description":"Sound and light alarm,Crane Electrical Parts,Sound and light alarm manufacturer,Sound and light alarm Supplier,Crane Parts Supplier","og_url":"https:\/\/www.hnhlcranes.com\/pt\/produto\/alarme-sonoro-e-luminoso-para-gruas\/","og_site_name":"Crane Parts Manufacturer","article_modified_time":"2025-01-16T04:10:37+00:00","og_image":[{"width":600,"height":600,"url":"https:\/\/www.hnhlcranes.com\/wp-content\/uploads\/2024\/12\/Crane-sound-and-light-alarm.jpg","type":"image\/jpeg"}],"twitter_card":"summary_large_image","twitter_misc":{"Tempo estimado de leitura":"3 minutos"},"schema":{"@context":"https:\/\/schema.org","@graph":[{"@type":"WebPage","@id":"https:\/\/www.hnhlcranes.com\/product\/crane-sound-and-light-alarm\/","url":"https:\/\/www.hnhlcranes.com\/product\/crane-sound-and-light-alarm\/","name":"Crane sound and light alarm - Sound and light alarm- Crane Parts Manufacturer","isPartOf":{"@id":"https:\/\/www.hnhlcranes.com\/#website"},"primaryImageOfPage":{"@id":"https:\/\/www.hnhlcranes.com\/product\/crane-sound-and-light-alarm\/#primaryimage"},"image":{"@id":"https:\/\/www.hnhlcranes.com\/product\/crane-sound-and-light-alarm\/#primaryimage"},"thumbnailUrl":"https:\/\/www.hnhlcranes.com\/wp-content\/uploads\/2024\/12\/Crane-sound-and-light-alarm.jpg","datePublished":"2024-12-05T16:55:21+00:00","dateModified":"2025-01-16T04:10:37+00:00","description":"Sound and light alarm,Crane Electrical Parts,Sound and light alarm manufacturer,Sound and light alarm Supplier,Crane Parts Supplier","breadcrumb":{"@id":"https:\/\/www.hnhlcranes.com\/product\/crane-sound-and-light-alarm\/#breadcrumb"},"inLanguage":"pt-PT","potentialAction":[{"@type":"ReadAction","target":["https:\/\/www.hnhlcranes.com\/product\/crane-sound-and-light-alarm\/"]}]},{"@type":"ImageObject","inLanguage":"pt-PT","@id":"https:\/\/www.hnhlcranes.com\/product\/crane-sound-and-light-alarm\/#primaryimage","url":"https:\/\/www.hnhlcranes.com\/wp-content\/uploads\/2024\/12\/Crane-sound-and-light-alarm.jpg","contentUrl":"https:\/\/www.hnhlcranes.com\/wp-content\/uploads\/2024\/12\/Crane-sound-and-light-alarm.jpg","width":600,"height":600},{"@type":"BreadcrumbList","@id":"https:\/\/www.hnhlcranes.com\/product\/crane-sound-and-light-alarm\/#breadcrumb","itemListElement":[{"@type":"ListItem","position":1,"name":"home","item":"https:\/\/www.hnhlcranes.com\/"},{"@type":"ListItem","position":2,"name":"products","item":"https:\/\/www.hnhlcranes.com\/products\/"},{"@type":"ListItem","position":3,"name":"Crane sound and light alarm"}]},{"@type":"WebSite","@id":"https:\/\/www.hnhlcranes.com\/#website","url":"https:\/\/www.hnhlcranes.com\/","name":"Crane Parts Manufacturer","description":"Crane Wheels,Crane Drums,Crane Hooks,Crane Coupling,Crane End Carriage,Electric Hoist,European Crane Parts,Crane Rail Clip,Crane Spreader,Crane Motor,Crane Reducer,Crane Brake,Light Crane Parts,Workstation Crane Parts,Crane Electrical Parts,China Crane Parts Supplier,China Crane Parts Manufacturer,Angle box type crane wheel,45 degree split crane wheel,European crane wheel,Crane Wheel Blocks,Overhead crane drum,European crane drum,Overhead crane hook,European crane hook,Crane pulley block,Gear coupling,Brake wheel coupling,Drum gear coupling,Brake wheel drum gear coupling,Cardan Shaft Coupling,WZL drum coupling,Plum blossom elastic coupling,Brake wheel plum elastic coupling,European Single girder crane end carriage,European Double girder crane end carriage,European Suspension  crane end carriage,Wire Rope Electric Hoist,Electric Chain Hoist,European Single Girder Wire Rope Electric Hoist,European Double Girder Wire Rope Electric Hoist,Crane grab,Container spreader,Billet crane clamps,C-type hook,Lifting Electromagnet,YZR crane motor,YZP crane motor,ZQ Reducer,ZSC Reducer,QJ Reducer,QJ-L Reducer,QJY Reducer,H series gearbox,F Series Gear Motor,K Series Gear Motor,R Series Gear Motor,travelling machinery gear motor,Electro hydraulic drum brake,Electro hydraulic disc brake,Crane Safety brake,Crane cable trolley,Crane remote controller,Crane pendant controller,Crane electrical control cabinet,Crane limit switch,Crane sound and light alarm,Heavy Duty Aviation Connector,Crane overload limiter","publisher":{"@id":"https:\/\/www.hnhlcranes.com\/#organization"},"potentialAction":[{"@type":"SearchAction","target":{"@type":"EntryPoint","urlTemplate":"https:\/\/www.hnhlcranes.com\/?s={search_term_string}"},"query-input":{"@type":"PropertyValueSpecification","valueRequired":true,"valueName":"search_term_string"}}],"inLanguage":"pt-PT"},{"@type":"Organization","@id":"https:\/\/www.hnhlcranes.com\/#organization","name":"Crane Parts Manufacturer","url":"https:\/\/www.hnhlcranes.com\/","logo":{"@type":"ImageObject","inLanguage":"pt-PT","@id":"https:\/\/www.hnhlcranes.com\/#\/schema\/logo\/image\/","url":"https:\/\/www.hnhlcranes.com\/wp-content\/uploads\/2025\/01\/HL-logo-1.png","contentUrl":"https:\/\/www.hnhlcranes.com\/wp-content\/uploads\/2025\/01\/HL-logo-1.png","width":600,"height":169,"caption":"Crane Parts Manufacturer"},"image":{"@id":"https:\/\/www.hnhlcranes.com\/#\/schema\/logo\/image\/"}}]}},"_links":{"self":[{"href":"https:\/\/www.hnhlcranes.com\/pt\/wp-json\/wp\/v2\/product\/5790","targetHints":{"allow":["GET"]}}],"collection":[{"href":"https:\/\/www.hnhlcranes.com\/pt\/wp-json\/wp\/v2\/product"}],"about":[{"href":"https:\/\/www.hnhlcranes.com\/pt\/wp-json\/wp\/v2\/types\/product"}],"version-history":[{"count":4,"href":"https:\/\/www.hnhlcranes.com\/pt\/wp-json\/wp\/v2\/product\/5790\/revisions"}],"predecessor-version":[{"id":7494,"href":"https:\/\/www.hnhlcranes.com\/pt\/wp-json\/wp\/v2\/product\/5790\/revisions\/7494"}],"wp:featuredmedia":[{"embeddable":true,"href":"https:\/\/www.hnhlcranes.com\/pt\/wp-json\/wp\/v2\/media\/7491"}],"wp:attachment":[{"href":"https:\/\/www.hnhlcranes.com\/pt\/wp-json\/wp\/v2\/media?parent=5790"}],"wp:term":[{"taxonomy":"product_brand","embeddable":true,"href":"https:\/\/www.hnhlcranes.com\/pt\/wp-json\/wp\/v2\/product_brand?post=5790"},{"taxonomy":"product_cat","embeddable":true,"href":"https:\/\/www.hnhlcranes.com\/pt\/wp-json\/wp\/v2\/product_cat?post=5790"},{"taxonomy":"product_tag","embeddable":true,"href":"https:\/\/www.hnhlcranes.com\/pt\/wp-json\/wp\/v2\/product_tag?post=5790"}],"curies":[{"name":"wp","href":"https:\/\/api.w.org\/{rel}","templated":true}]}}