{"id":5487,"date":"2024-11-26T01:03:18","date_gmt":"2024-11-25T17:03:18","guid":{"rendered":"https:\/\/www.hnhlcranes.com\/?post_type=product&#038;p=5487"},"modified":"2025-01-10T15:41:51","modified_gmt":"2025-01-10T07:41:51","slug":"eletroima-de-elevacao","status":"publish","type":"product","link":"https:\/\/www.hnhlcranes.com\/pt_br\/produto\/eletroima-de-elevacao\/","title":{"rendered":"Eletro\u00edm\u00e3 de eleva\u00e7\u00e3o"},"content":{"rendered":"<div class=\"flex-1 overflow-hidden @container\/thread\">\n<div class=\"h-full\">\n<div class=\"react-scroll-to-bottom--css-xvoge-79elbk h-full\">\n<div class=\"react-scroll-to-bottom--css-xvoge-1n7m0yu\">\n<div class=\"flex flex-col text-sm md:pb-9\">\n<article class=\"w-full scroll-mb-[var(--thread-trailing-height,150px)] text-token-text-primary focus-visible:outline-2 focus-visible:outline-offset-[-4px]\" dir=\"auto\" data-testid=\"conversation-turn-35\" data-scroll-anchor=\"true\">\n<div class=\"m-auto text-base py-[18px] px-3 md:px-4 w-full md:px-5 lg:px-4 xl:px-5\">\n<div class=\"mx-auto flex flex-1 gap-4 text-base md:gap-5 lg:gap-6 md:max-w-3xl lg:max-w-[40rem] xl:max-w-[48rem]\">\n<div class=\"group\/conversation-turn relative flex w-full min-w-0 flex-col agent-turn\">\n<div class=\"flex-col gap-1 md:gap-3\">\n<div class=\"flex max-w-full flex-col flex-grow\">\n<div class=\"min-h-8 text-message flex w-full flex-col items-end gap-2 whitespace-normal break-words text-start [.text-message+&amp;]:mt-5\" dir=\"auto\" data-message-author-role=\"assistant\" data-message-id=\"70b04e16-fa78-41b2-98a2-8fab7970678a\" data-message-model-slug=\"gpt-4o\">\n<div class=\"flex w-full flex-col gap-1 empty:hidden first:pt-[3px]\">\n<div class=\"markdown prose w-full break-words dark:prose-invert light\">\n<h3><strong>Vis\u00e3o geral do eletro\u00edm\u00e3 de eleva\u00e7\u00e3o<\/strong><\/h3>\n<p>A <strong>eletro\u00edm\u00e3 de eleva\u00e7\u00e3o<\/strong> \u00e9 um dispositivo que gera um campo magn\u00e9tico quando a corrente el\u00e9trica passa por uma bobina. Esse campo magn\u00e9tico permite que ele levante materiais ferromagn\u00e9ticos, e o magnetismo desaparece quando a corrente \u00e9 desligada. Amplamente utilizados em setores como metalurgia, minera\u00e7\u00e3o, maquin\u00e1rio e transporte, os eletro\u00edm\u00e3s de eleva\u00e7\u00e3o oferecem uma solu\u00e7\u00e3o eficiente e segura para o manuseio de materiais, especialmente em aplica\u00e7\u00f5es que exigem eleva\u00e7\u00e3o e movimenta\u00e7\u00e3o frequentes de cargas pesadas.<\/p>\n<h3><strong>Eletro\u00edm\u00e3 de eleva\u00e7\u00e3o <\/strong><strong>Principais recursos<\/strong><\/h3>\n<ol>\n<li><strong>Controle simples<\/strong>: O magnetismo do eletro\u00edm\u00e3 de eleva\u00e7\u00e3o \u00e9 controlado simplesmente ligando ou desligando a corrente, o que facilita a ativa\u00e7\u00e3o ou desativa\u00e7\u00e3o da for\u00e7a magn\u00e9tica quando necess\u00e1rio.<\/li>\n<li><strong>Ajuste flex\u00edvel<\/strong>: Ao ajustar a intensidade e a dire\u00e7\u00e3o da corrente, a for\u00e7a e a polaridade do campo magn\u00e9tico podem ser modificadas para atender a requisitos espec\u00edficos, proporcionando alta flexibilidade.<\/li>\n<li><strong>Amplas aplica\u00e7\u00f5es<\/strong>: Os eletro\u00edm\u00e3s de eleva\u00e7\u00e3o s\u00e3o adequados para setores como metalurgia, maquin\u00e1rio, minera\u00e7\u00e3o e transporte, onde s\u00e3o usados para elevar materiais ferromagn\u00e9ticos como o a\u00e7o.<\/li>\n<\/ol>\n<h3><strong>Aplicativos<\/strong><\/h3>\n<ul>\n<li><strong>Metalurgia e minera\u00e7\u00e3o<\/strong>: Os eletro\u00edm\u00e3s de eleva\u00e7\u00e3o s\u00e3o usados para elevar a\u00e7o, lingotes de ferro fundido e outros materiais magn\u00e9ticos, desempenhando um papel vital na produ\u00e7\u00e3o de a\u00e7o e no manuseio de minerais.<\/li>\n<li><strong>Maquin\u00e1rio e manufatura<\/strong>: S\u00e3o amplamente utilizados para elevar pe\u00e7as de m\u00e1quinas, sucata de metal e outros materiais, melhorando a efici\u00eancia em f\u00e1bricas e linhas de produ\u00e7\u00e3o.<\/li>\n<li><strong>Transporte<\/strong>: Em setores como ferrovias, portos e constru\u00e7\u00e3o naval, os eletro\u00edm\u00e3s de eleva\u00e7\u00e3o substituem o trabalho manual, facilitando a eleva\u00e7\u00e3o de cargas pesadas e economizando tempo e m\u00e3o de obra.<\/li>\n<li><strong>Ambientes especiais<\/strong>: Os eletro\u00edm\u00e3s de eleva\u00e7\u00e3o s\u00e3o capazes de operar em condi\u00e7\u00f5es extremas, como altas temperaturas, ambientes subaqu\u00e1ticos, empoeirados ou \u00e1reas com gases t\u00f3xicos, garantindo um desempenho confi\u00e1vel em circunst\u00e2ncias desafiadoras.<\/li>\n<\/ul>\n<h3><strong>Modelos especializados<\/strong><\/h3>\n<ul>\n<li><strong>MW5 Series - Eletro\u00edm\u00e3 para levantamento de sucata de a\u00e7o<\/strong>: Projetado para elevar sucata de a\u00e7o, lingotes de ferro fundido, esferas de a\u00e7o e outros materiais de sucata.<\/li>\n<li><strong>S\u00e9rie MW12 - Eletro\u00edm\u00e3 retangular<\/strong>: Ideal para levantar vergalh\u00f5es agrupados, apresentando um circuito magn\u00e9tico de alta permeabilidade capaz de penetrar em v\u00e1rios espa\u00e7os de ar.<\/li>\n<li><strong>S\u00e9rie MW22 - Lingotes de a\u00e7o e blocos grandes<\/strong>: Otimizado para eleva\u00e7\u00e3o de lingotes de a\u00e7o, grandes blocos iniciais e componentes de a\u00e7o estrutural.<\/li>\n<li><strong>S\u00e9rie MW84 - Eletro\u00edm\u00e3 para placas de a\u00e7o m\u00e9dias e grossas<\/strong>: Especialmente projetado para a eleva\u00e7\u00e3o de placas de a\u00e7o com espessuras que variam de 6 a 32 mm, garantindo opera\u00e7\u00f5es seguras e precisas. Para placas mais longas, v\u00e1rios eletro\u00edm\u00e3s devem ser usados em conjunto.<\/li>\n<\/ul>\n<h3><strong>Vantagens<\/strong><\/h3>\n<ol>\n<li><strong>Eficiente e confi\u00e1vel<\/strong>: Os eletro\u00edm\u00e3s de eleva\u00e7\u00e3o proporcionam recursos de eleva\u00e7\u00e3o r\u00e1pidos e est\u00e1veis, melhorando consideravelmente a efici\u00eancia operacional.<\/li>\n<li><strong>Efici\u00eancia energ\u00e9tica<\/strong>: Eles consomem menos energia e atendem aos requisitos de eleva\u00e7\u00e3o, o que os torna uma op\u00e7\u00e3o ecologicamente correta.<\/li>\n<li><strong>Alta seguran\u00e7a<\/strong>: Com materiais de alta qualidade e design avan\u00e7ado, os eletro\u00edm\u00e3s de eleva\u00e7\u00e3o s\u00e3o equipados com recursos de seguran\u00e7a que evitam quedas acidentais de materiais.<\/li>\n<li><strong>Forte adaptabilidade<\/strong>: Eles s\u00e3o capazes de operar em v\u00e1rios ambientes, incluindo altas temperaturas, condi\u00e7\u00f5es \u00famidas, \u00e1reas empoeiradas e ambientes t\u00f3xicos.<\/li>\n<\/ol>\n<h3><strong>Conclus\u00e3o<\/strong><\/h3>\n<p>Em conclus\u00e3o, os eletro\u00edm\u00e3s de eleva\u00e7\u00e3o s\u00e3o indispens\u00e1veis em aplica\u00e7\u00f5es industriais, oferecendo um m\u00e9todo simples, eficiente e seguro para o manuseio de materiais. Sejam usados na produ\u00e7\u00e3o de a\u00e7o, no manuseio de minerais, na fabrica\u00e7\u00e3o de m\u00e1quinas ou em condi\u00e7\u00f5es extremas, os eletro\u00edm\u00e3s de eleva\u00e7\u00e3o garantem opera\u00e7\u00f5es de eleva\u00e7\u00e3o confi\u00e1veis, seguras e eficientes. Sua facilidade de uso, efici\u00eancia energ\u00e9tica e capacidade de se adaptar a diferentes ambientes os tornam ferramentas inestim\u00e1veis para setores que exigem levantamento de peso e movimenta\u00e7\u00e3o de materiais.<\/p>\n<\/div>\n<\/div>\n<\/div>\n<\/div>\n<\/div>\n<\/div>\n<\/div>\n<\/div>\n<\/article>\n<\/div>\n<\/div>\n<\/div>\n<\/div>\n<\/div>","protected":false},"excerpt":{"rendered":"<p>\u00cdm\u00e3s para guindastes, eletro\u00edm\u00e3s de eleva\u00e7\u00e3o<\/p>\n<ul>\n<li><span style=\"font-family: arial, helvetica, sans-serif; font-size: 12pt;\"><strong>MW5 Series - Eletro\u00edm\u00e3 para levantamento de sucata de a\u00e7o<\/strong><\/span><\/li>\n<li><span style=\"font-family: arial, helvetica, sans-serif; font-size: 12pt;\"><strong>S\u00e9rie MW12 - Mandril eletromagn\u00e9tico retangular para vergalh\u00f5es empacotados<\/strong><\/span><\/li>\n<li><span style=\"font-family: arial, helvetica, sans-serif; font-size: 12pt;\"><strong>S\u00e9rie MW22 - Lingotes de a\u00e7o e blocos grandes<\/strong><\/span><\/li>\n<li><span style=\"font-family: arial, helvetica, sans-serif; font-size: 12pt;\"><strong>S\u00e9rie MW84 - Eletro\u00edm\u00e3 para placas de a\u00e7o m\u00e9dias e grossas<\/strong><\/span><\/li>\n<\/ul>","protected":false},"featured_media":7184,"template":"","meta":{"_kad_post_transparent":"default","_kad_post_title":"","_kad_post_layout":"default","_kad_post_sidebar_id":"","_kad_post_content_style":"default","_kad_post_vertical_padding":"show","_kad_post_feature":"","_kad_post_feature_position":"","_kad_post_header":false,"_kad_post_footer":false},"product_brand":[],"product_cat":[59],"product_tag":[508,510,513,497,514,512,515,498,521,376,517,518,496,507,520,516,495,522,494,504,502,505,501,506,499,523,503,519,509,500,493,511],"class_list":{"0":"post-5487","1":"product","2":"type-product","3":"status-publish","4":"has-post-thumbnail","6":"product_cat-crane-spreader","7":"product_tag-20ft-container-spreader","8":"product_tag-40ft-container-lifting-frame","9":"product_tag-billet-clamps","10":"product_tag-billet-crane-clamp","11":"product_tag-billet-crane-clamps-manufacturer","12":"product_tag-billet-lifting-clamp","13":"product_tag-billet-lifting-clamps-china-supplier","14":"product_tag-c-type-hook","15":"product_tag-c-type-spreader","16":"product_tag-china-crane-parts-supplier","17":"product_tag-coil-c-type-hook","18":"product_tag-coil-hook","19":"product_tag-container-spreader","20":"product_tag-container-spreader-manufacturers","21":"product_tag-crane-c-hook","22":"product_tag-crane-c-type-spreader","23":"product_tag-crane-grab","24":"product_tag-crane-magnets","25":"product_tag-crane-spreader","26":"product_tag-electric-motor-grab","27":"product_tag-electro-hydraulic-multi-flap-grab","28":"product_tag-electro-hydraulicclamshell-grab","29":"product_tag-four-rope-grab","30":"product_tag-grab-manufacturers","31":"product_tag-lifting-electromagnet","32":"product_tag-lifting-electromagnet-spreader","33":"product_tag-orange-peel-grab","34":"product_tag-overhead-crane-steel-coil-c-type-hook","35":"product_tag-semi-automatic-container-spreader","36":"product_tag-singlr-rope-grab","37":"product_tag-special-crane-spreader","38":"product_tag-tec-container-spreader","40":"first","41":"instock","42":"shipping-taxable","43":"product-type-simple","44":"entry","45":"content-bg","46":"loop-entry"},"yoast_head":"<!-- This site is optimized with the Yoast SEO plugin v24.5 - https:\/\/yoast.com\/wordpress\/plugins\/seo\/ -->\n<title>Lifting Electromagnet -Crane magnets- Crane Parts Manufacturer<\/title>\n<meta name=\"description\" content=\"Crane magnets,Special Crane Spreader,Lifting Electromagnet Spreader,China Crane Parts Supplier,Lifting Electromagnet,Crane Spreader\" \/>\n<meta name=\"robots\" content=\"index, follow, max-snippet:-1, max-image-preview:large, max-video-preview:-1\" \/>\n<link rel=\"canonical\" href=\"https:\/\/www.hnhlcranes.com\/pt_br\/produto\/eletroima-de-elevacao\/\" \/>\n<meta property=\"og:locale\" content=\"pt_BR\" \/>\n<meta property=\"og:type\" content=\"article\" \/>\n<meta property=\"og:title\" content=\"Lifting Electromagnet -Crane magnets- Crane Parts Manufacturer\" \/>\n<meta property=\"og:description\" content=\"Crane magnets,Special Crane Spreader,Lifting Electromagnet Spreader,China Crane Parts Supplier,Lifting Electromagnet,Crane Spreader\" \/>\n<meta property=\"og:url\" content=\"https:\/\/www.hnhlcranes.com\/pt_br\/produto\/eletroima-de-elevacao\/\" \/>\n<meta property=\"og:site_name\" content=\"Crane Parts Manufacturer\" \/>\n<meta property=\"article:modified_time\" content=\"2025-01-10T07:41:51+00:00\" \/>\n<meta property=\"og:image\" content=\"https:\/\/www.hnhlcranes.com\/wp-content\/uploads\/2024\/11\/Lifting-Electromagnet.jpg\" \/>\n\t<meta property=\"og:image:width\" content=\"600\" \/>\n\t<meta property=\"og:image:height\" content=\"600\" \/>\n\t<meta property=\"og:image:type\" content=\"image\/jpeg\" \/>\n<meta name=\"twitter:card\" content=\"summary_large_image\" \/>\n<meta name=\"twitter:label1\" content=\"Est. tempo de leitura\" \/>\n\t<meta name=\"twitter:data1\" content=\"3 minutos\" \/>\n<script type=\"application\/ld+json\" class=\"yoast-schema-graph\">{\"@context\":\"https:\/\/schema.org\",\"@graph\":[{\"@type\":\"WebPage\",\"@id\":\"https:\/\/www.hnhlcranes.com\/product\/lifting-electromagnet\/\",\"url\":\"https:\/\/www.hnhlcranes.com\/product\/lifting-electromagnet\/\",\"name\":\"Lifting Electromagnet -Crane magnets- Crane Parts Manufacturer\",\"isPartOf\":{\"@id\":\"https:\/\/www.hnhlcranes.com\/#website\"},\"primaryImageOfPage\":{\"@id\":\"https:\/\/www.hnhlcranes.com\/product\/lifting-electromagnet\/#primaryimage\"},\"image\":{\"@id\":\"https:\/\/www.hnhlcranes.com\/product\/lifting-electromagnet\/#primaryimage\"},\"thumbnailUrl\":\"https:\/\/www.hnhlcranes.com\/wp-content\/uploads\/2024\/11\/Lifting-Electromagnet.jpg\",\"datePublished\":\"2024-11-25T17:03:18+00:00\",\"dateModified\":\"2025-01-10T07:41:51+00:00\",\"description\":\"Crane magnets,Special Crane Spreader,Lifting Electromagnet Spreader,China Crane Parts Supplier,Lifting Electromagnet,Crane Spreader\",\"breadcrumb\":{\"@id\":\"https:\/\/www.hnhlcranes.com\/product\/lifting-electromagnet\/#breadcrumb\"},\"inLanguage\":\"pt-BR\",\"potentialAction\":[{\"@type\":\"ReadAction\",\"target\":[\"https:\/\/www.hnhlcranes.com\/product\/lifting-electromagnet\/\"]}]},{\"@type\":\"ImageObject\",\"inLanguage\":\"pt-BR\",\"@id\":\"https:\/\/www.hnhlcranes.com\/product\/lifting-electromagnet\/#primaryimage\",\"url\":\"https:\/\/www.hnhlcranes.com\/wp-content\/uploads\/2024\/11\/Lifting-Electromagnet.jpg\",\"contentUrl\":\"https:\/\/www.hnhlcranes.com\/wp-content\/uploads\/2024\/11\/Lifting-Electromagnet.jpg\",\"width\":600,\"height\":600},{\"@type\":\"BreadcrumbList\",\"@id\":\"https:\/\/www.hnhlcranes.com\/product\/lifting-electromagnet\/#breadcrumb\",\"itemListElement\":[{\"@type\":\"ListItem\",\"position\":1,\"name\":\"home\",\"item\":\"https:\/\/www.hnhlcranes.com\/\"},{\"@type\":\"ListItem\",\"position\":2,\"name\":\"products\",\"item\":\"https:\/\/www.hnhlcranes.com\/products\/\"},{\"@type\":\"ListItem\",\"position\":3,\"name\":\"Lifting Electromagnet\"}]},{\"@type\":\"WebSite\",\"@id\":\"https:\/\/www.hnhlcranes.com\/#website\",\"url\":\"https:\/\/www.hnhlcranes.com\/\",\"name\":\"Crane Parts Manufacturer\",\"description\":\"Crane Wheels,Crane Drums,Crane Hooks,Crane Coupling,Crane End Carriage,Electric Hoist,European Crane Parts,Crane Rail Clip,Crane Spreader,Crane Motor,Crane Reducer,Crane Brake,Light Crane Parts,Workstation Crane Parts,Crane Electrical Parts,China Crane Parts Supplier,China Crane Parts Manufacturer,Angle box type crane wheel,45 degree split crane wheel,European crane wheel,Crane Wheel Blocks,Overhead crane drum,European crane drum,Overhead crane hook,European crane hook,Crane pulley block,Gear coupling,Brake wheel coupling,Drum gear coupling,Brake wheel drum gear coupling,Cardan Shaft Coupling,WZL drum coupling,Plum blossom elastic coupling,Brake wheel plum elastic coupling,European Single girder crane end carriage,European Double girder crane end carriage,European Suspension  crane end carriage,Wire Rope Electric Hoist,Electric Chain Hoist,European Single Girder Wire Rope Electric Hoist,European Double Girder Wire Rope Electric Hoist,Crane grab,Container spreader,Billet crane clamps,C-type hook,Lifting Electromagnet,YZR crane motor,YZP crane motor,ZQ Reducer,ZSC Reducer,QJ Reducer,QJ-L Reducer,QJY Reducer,H series gearbox,F Series Gear Motor,K Series Gear Motor,R Series Gear Motor,travelling machinery gear motor,Electro hydraulic drum brake,Electro hydraulic disc brake,Crane Safety brake,Crane cable trolley,Crane remote controller,Crane pendant controller,Crane electrical control cabinet,Crane limit switch,Crane sound and light alarm,Heavy Duty Aviation Connector,Crane overload limiter\",\"publisher\":{\"@id\":\"https:\/\/www.hnhlcranes.com\/#organization\"},\"potentialAction\":[{\"@type\":\"SearchAction\",\"target\":{\"@type\":\"EntryPoint\",\"urlTemplate\":\"https:\/\/www.hnhlcranes.com\/?s={search_term_string}\"},\"query-input\":{\"@type\":\"PropertyValueSpecification\",\"valueRequired\":true,\"valueName\":\"search_term_string\"}}],\"inLanguage\":\"pt-BR\"},{\"@type\":\"Organization\",\"@id\":\"https:\/\/www.hnhlcranes.com\/#organization\",\"name\":\"Crane Parts Manufacturer\",\"url\":\"https:\/\/www.hnhlcranes.com\/\",\"logo\":{\"@type\":\"ImageObject\",\"inLanguage\":\"pt-BR\",\"@id\":\"https:\/\/www.hnhlcranes.com\/#\/schema\/logo\/image\/\",\"url\":\"https:\/\/www.hnhlcranes.com\/wp-content\/uploads\/2025\/01\/HL-logo-1.png\",\"contentUrl\":\"https:\/\/www.hnhlcranes.com\/wp-content\/uploads\/2025\/01\/HL-logo-1.png\",\"width\":600,\"height\":169,\"caption\":\"Crane Parts Manufacturer\"},\"image\":{\"@id\":\"https:\/\/www.hnhlcranes.com\/#\/schema\/logo\/image\/\"}}]}<\/script>\n<!-- \/ Yoast SEO plugin. -->","yoast_head_json":{"title":"Lifting Electromagnet -Crane magnets- Crane Parts Manufacturer","description":"Crane magnets,Special Crane Spreader,Lifting Electromagnet Spreader,China Crane Parts Supplier,Lifting Electromagnet,Crane Spreader","robots":{"index":"index","follow":"follow","max-snippet":"max-snippet:-1","max-image-preview":"max-image-preview:large","max-video-preview":"max-video-preview:-1"},"canonical":"https:\/\/www.hnhlcranes.com\/pt_br\/produto\/eletroima-de-elevacao\/","og_locale":"pt_BR","og_type":"article","og_title":"Lifting Electromagnet -Crane magnets- Crane Parts Manufacturer","og_description":"Crane magnets,Special Crane Spreader,Lifting Electromagnet Spreader,China Crane Parts Supplier,Lifting Electromagnet,Crane Spreader","og_url":"https:\/\/www.hnhlcranes.com\/pt_br\/produto\/eletroima-de-elevacao\/","og_site_name":"Crane Parts Manufacturer","article_modified_time":"2025-01-10T07:41:51+00:00","og_image":[{"width":600,"height":600,"url":"https:\/\/www.hnhlcranes.com\/wp-content\/uploads\/2024\/11\/Lifting-Electromagnet.jpg","type":"image\/jpeg"}],"twitter_card":"summary_large_image","twitter_misc":{"Est. tempo de leitura":"3 minutos"},"schema":{"@context":"https:\/\/schema.org","@graph":[{"@type":"WebPage","@id":"https:\/\/www.hnhlcranes.com\/product\/lifting-electromagnet\/","url":"https:\/\/www.hnhlcranes.com\/product\/lifting-electromagnet\/","name":"Lifting Electromagnet -Crane magnets- Crane Parts Manufacturer","isPartOf":{"@id":"https:\/\/www.hnhlcranes.com\/#website"},"primaryImageOfPage":{"@id":"https:\/\/www.hnhlcranes.com\/product\/lifting-electromagnet\/#primaryimage"},"image":{"@id":"https:\/\/www.hnhlcranes.com\/product\/lifting-electromagnet\/#primaryimage"},"thumbnailUrl":"https:\/\/www.hnhlcranes.com\/wp-content\/uploads\/2024\/11\/Lifting-Electromagnet.jpg","datePublished":"2024-11-25T17:03:18+00:00","dateModified":"2025-01-10T07:41:51+00:00","description":"Crane magnets,Special Crane Spreader,Lifting Electromagnet Spreader,China Crane Parts Supplier,Lifting Electromagnet,Crane Spreader","breadcrumb":{"@id":"https:\/\/www.hnhlcranes.com\/product\/lifting-electromagnet\/#breadcrumb"},"inLanguage":"pt-BR","potentialAction":[{"@type":"ReadAction","target":["https:\/\/www.hnhlcranes.com\/product\/lifting-electromagnet\/"]}]},{"@type":"ImageObject","inLanguage":"pt-BR","@id":"https:\/\/www.hnhlcranes.com\/product\/lifting-electromagnet\/#primaryimage","url":"https:\/\/www.hnhlcranes.com\/wp-content\/uploads\/2024\/11\/Lifting-Electromagnet.jpg","contentUrl":"https:\/\/www.hnhlcranes.com\/wp-content\/uploads\/2024\/11\/Lifting-Electromagnet.jpg","width":600,"height":600},{"@type":"BreadcrumbList","@id":"https:\/\/www.hnhlcranes.com\/product\/lifting-electromagnet\/#breadcrumb","itemListElement":[{"@type":"ListItem","position":1,"name":"home","item":"https:\/\/www.hnhlcranes.com\/"},{"@type":"ListItem","position":2,"name":"products","item":"https:\/\/www.hnhlcranes.com\/products\/"},{"@type":"ListItem","position":3,"name":"Lifting Electromagnet"}]},{"@type":"WebSite","@id":"https:\/\/www.hnhlcranes.com\/#website","url":"https:\/\/www.hnhlcranes.com\/","name":"Crane Parts Manufacturer","description":"Crane Wheels,Crane Drums,Crane Hooks,Crane Coupling,Crane End Carriage,Electric Hoist,European Crane Parts,Crane Rail Clip,Crane Spreader,Crane Motor,Crane Reducer,Crane Brake,Light Crane Parts,Workstation Crane Parts,Crane Electrical Parts,China Crane Parts Supplier,China Crane Parts Manufacturer,Angle box type crane wheel,45 degree split crane wheel,European crane wheel,Crane Wheel Blocks,Overhead crane drum,European crane drum,Overhead crane hook,European crane hook,Crane pulley block,Gear coupling,Brake wheel coupling,Drum gear coupling,Brake wheel drum gear coupling,Cardan Shaft Coupling,WZL drum coupling,Plum blossom elastic coupling,Brake wheel plum elastic coupling,European Single girder crane end carriage,European Double girder crane end carriage,European Suspension  crane end carriage,Wire Rope Electric Hoist,Electric Chain Hoist,European Single Girder Wire Rope Electric Hoist,European Double Girder Wire Rope Electric Hoist,Crane grab,Container spreader,Billet crane clamps,C-type hook,Lifting Electromagnet,YZR crane motor,YZP crane motor,ZQ Reducer,ZSC Reducer,QJ Reducer,QJ-L Reducer,QJY Reducer,H series gearbox,F Series Gear Motor,K Series Gear Motor,R Series Gear Motor,travelling machinery gear motor,Electro hydraulic drum brake,Electro hydraulic disc brake,Crane Safety brake,Crane cable trolley,Crane remote controller,Crane pendant controller,Crane electrical control cabinet,Crane limit switch,Crane sound and light alarm,Heavy Duty Aviation Connector,Crane overload limiter","publisher":{"@id":"https:\/\/www.hnhlcranes.com\/#organization"},"potentialAction":[{"@type":"SearchAction","target":{"@type":"EntryPoint","urlTemplate":"https:\/\/www.hnhlcranes.com\/?s={search_term_string}"},"query-input":{"@type":"PropertyValueSpecification","valueRequired":true,"valueName":"search_term_string"}}],"inLanguage":"pt-BR"},{"@type":"Organization","@id":"https:\/\/www.hnhlcranes.com\/#organization","name":"Crane Parts Manufacturer","url":"https:\/\/www.hnhlcranes.com\/","logo":{"@type":"ImageObject","inLanguage":"pt-BR","@id":"https:\/\/www.hnhlcranes.com\/#\/schema\/logo\/image\/","url":"https:\/\/www.hnhlcranes.com\/wp-content\/uploads\/2025\/01\/HL-logo-1.png","contentUrl":"https:\/\/www.hnhlcranes.com\/wp-content\/uploads\/2025\/01\/HL-logo-1.png","width":600,"height":169,"caption":"Crane Parts Manufacturer"},"image":{"@id":"https:\/\/www.hnhlcranes.com\/#\/schema\/logo\/image\/"}}]}},"_links":{"self":[{"href":"https:\/\/www.hnhlcranes.com\/pt_br\/wp-json\/wp\/v2\/product\/5487","targetHints":{"allow":["GET"]}}],"collection":[{"href":"https:\/\/www.hnhlcranes.com\/pt_br\/wp-json\/wp\/v2\/product"}],"about":[{"href":"https:\/\/www.hnhlcranes.com\/pt_br\/wp-json\/wp\/v2\/types\/product"}],"version-history":[{"count":3,"href":"https:\/\/www.hnhlcranes.com\/pt_br\/wp-json\/wp\/v2\/product\/5487\/revisions"}],"predecessor-version":[{"id":7186,"href":"https:\/\/www.hnhlcranes.com\/pt_br\/wp-json\/wp\/v2\/product\/5487\/revisions\/7186"}],"wp:featuredmedia":[{"embeddable":true,"href":"https:\/\/www.hnhlcranes.com\/pt_br\/wp-json\/wp\/v2\/media\/7184"}],"wp:attachment":[{"href":"https:\/\/www.hnhlcranes.com\/pt_br\/wp-json\/wp\/v2\/media?parent=5487"}],"wp:term":[{"taxonomy":"product_brand","embeddable":true,"href":"https:\/\/www.hnhlcranes.com\/pt_br\/wp-json\/wp\/v2\/product_brand?post=5487"},{"taxonomy":"product_cat","embeddable":true,"href":"https:\/\/www.hnhlcranes.com\/pt_br\/wp-json\/wp\/v2\/product_cat?post=5487"},{"taxonomy":"product_tag","embeddable":true,"href":"https:\/\/www.hnhlcranes.com\/pt_br\/wp-json\/wp\/v2\/product_tag?post=5487"}],"curies":[{"name":"wp","href":"https:\/\/api.w.org\/{rel}","templated":true}]}}