{"id":5544,"date":"2024-11-29T22:40:44","date_gmt":"2024-11-29T14:40:44","guid":{"rendered":"https:\/\/www.hnhlcranes.com\/?post_type=product&#038;p=5544"},"modified":"2025-01-10T18:14:36","modified_gmt":"2025-01-10T10:14:36","slug":"clipe-de-trilho-hdgy","status":"publish","type":"product","link":"https:\/\/www.hnhlcranes.com\/pt_br\/produto\/clipe-de-trilho-hdgy\/","title":{"rendered":"Clipe de trilho HDGY"},"content":{"rendered":"<h3><strong>Recursos do clipe de trilho HDGY<\/strong><\/h3>\n<h4><strong>Fixa\u00e7\u00e3o el\u00e1stica e desgaste reduzido<\/strong><\/h4>\n<p>O <strong>Clipe de trilho HDGY<\/strong> foi projetado especificamente para proporcionar fixa\u00e7\u00e3o el\u00e1stica dos trilhos \u00e0s vigas de concreto do guindaste. Esse projeto reduz o desgaste da cabe\u00e7a do trilho, minimiza o impacto na viga do guindaste, diminui o desgaste no flange da roda do guindaste e reduz os n\u00edveis de ru\u00eddo. Como resultado, o sistema aumenta a longevidade e a efici\u00eancia das opera\u00e7\u00f5es do guindaste.<\/p>\n<h4><strong>Estabilidade aprimorada com a almofada de borracha composta el\u00e1stica<\/strong><\/h4>\n<p>Ao incluir uma almofada de borracha composta el\u00e1stica entre o trilho e a viga do guindaste, o grampo de trilho HDGY aumenta significativamente o atrito, evitando o movimento do trilho. Al\u00e9m disso, esse recurso elimina ou minimiza as folgas irregulares ao longo do comprimento do trilho, levando a uma melhor distribui\u00e7\u00e3o da tens\u00e3o dos parafusos nas placas de fixa\u00e7\u00e3o, aumentando ainda mais a estabilidade geral do sistema.<\/p>\n<h4><strong>Distribui\u00e7\u00e3o ideal de estresse<\/strong><\/h4>\n<p>A almofada de borracha foi projetada com uma se\u00e7\u00e3o transversal ligeiramente convexa para garantir a distribui\u00e7\u00e3o racional da tens\u00e3o. Al\u00e9m disso, pequenas sali\u00eancias retangulares na almofada melhoram seu contato com o trilho, aumentando a elasticidade e proporcionando um amortecimento eficaz da vibra\u00e7\u00e3o, o que, em \u00faltima an\u00e1lise, contribui para uma opera\u00e7\u00e3o mais suave e menor desgaste.<\/p>\n<h4><strong>Design dur\u00e1vel<\/strong><\/h4>\n<p>A almofada de borracha apresenta ranhuras retangulares que minimizam a deforma\u00e7\u00e3o lateral sob tens\u00e3o e reduzem os danos \u00e0 superf\u00edcie causados pela compress\u00e3o. Al\u00e9m disso, com refor\u00e7o de a\u00e7o tratado, a estrutura do grampo de trilho HDGY \u00e9 altamente dur\u00e1vel, mantendo excelente desempenho mesmo ap\u00f3s 2 milh\u00f5es de ciclos de fadiga, garantindo confiabilidade a longo prazo.<\/p>\n<h4><strong>Placas de fixa\u00e7\u00e3o seguras e sim\u00e9tricas<\/strong><\/h4>\n<p>As placas de fixa\u00e7\u00e3o s\u00e3o fixadas com seguran\u00e7a \u00e0 viga do guindaste, o que as torna resistentes a afrouxamentos e minimiza o desgaste da viga do guindaste. O design sim\u00e9trico das placas de fixa\u00e7\u00e3o forma uma estrutura em forma de cunha na se\u00e7\u00e3o transversal, limitando efetivamente o deslocamento lateral do trilho, o que garante a estabilidade durante a opera\u00e7\u00e3o do guindaste.<\/p>\n<h4><strong>Ajustabilidade para instala\u00e7\u00e3o e manuten\u00e7\u00e3o<\/strong><\/h4>\n<p>Para simplificar a instala\u00e7\u00e3o e a manuten\u00e7\u00e3o, as ranhuras el\u00edpticas na placa da abra\u00e7adeira permitem ajustes laterais. Al\u00e9m disso, os furos inclinados combinados com blocos antiderrapantes evitam o movimento da bra\u00e7adeira e facilitam o alinhamento lateral durante a instala\u00e7\u00e3o ou manuten\u00e7\u00e3o, garantindo ajustes precisos e facilidade de manuseio.<\/p>\n<h4><strong>Toler\u00e2ncia para movimenta\u00e7\u00e3o do trilho<\/strong><\/h4>\n<p>O sistema foi projetado para acomodar movimentos leves do trilho durante a opera\u00e7\u00e3o do guindaste. Isso garante flexibilidade sem comprometer a estabilidade, permitindo uma movimenta\u00e7\u00e3o eficiente e mantendo a integridade do sistema de trilhos e guindaste.<\/p>\n<h3><strong>Etapas de instala\u00e7\u00e3o do grampo de trilho HDGY<\/strong><\/h3>\n<h4><strong>Posicionamento da almofada de borracha<\/strong><\/h4>\n<p>Primeiro, coloque a almofada de borracha com suas ranhuras e sulcos retangulares alinhados paralelamente ao trilho e posicionados embaixo dele. Certifique-se de que a almofada esteja perpendicular \u00e0 linha central do trilho e posicionada corretamente em rela\u00e7\u00e3o aos parafusos em ambos os lados. Isso garante a coloca\u00e7\u00e3o e o alinhamento precisos para um desempenho ideal.<\/p>\n<h4><strong>Prepara\u00e7\u00e3o da camada de base<\/strong><\/h4>\n<p>Antes de colocar a almofada de borracha sobre a camada de base de concreto, limpe bem a superf\u00edcie para remover quaisquer detritos. Essa etapa \u00e9 essencial para garantir que n\u00e3o haja contamina\u00e7\u00e3o que possa reduzir o desempenho do sistema.<\/p>\n<h4><strong>Montagem da placa de fixa\u00e7\u00e3o<\/strong><\/h4>\n<p>Siga estas etapas no processo de montagem:<\/p>\n<ul>\n<li>Insira os parafusos nos furos pr\u00e9-perfurados na viga de concreto armado do guindaste.<\/li>\n<li>Coloque o corpo da placa da garra na base.<\/li>\n<li>Adicione o bloco antiderrapante com a extremidade pequena voltada para o trilho para aumentar a estabilidade.<\/li>\n<li>Prenda a arruela de press\u00e3o e a porca e, em seguida, aperte previamente o conjunto.<\/li>\n<li>Ajuste a placa de fixa\u00e7\u00e3o para garantir que ela pressione firmemente contra a borda do trilho.<\/li>\n<li>Por fim, aperte totalmente os parafusos para fixar os componentes no lugar.<\/li>\n<\/ul>\n<h4><strong>Alinhamento da placa de fixa\u00e7\u00e3o<\/strong><\/h4>\n<p>Certifique-se de que a linha central da placa de fixa\u00e7\u00e3o esteja perpendicular \u00e0 linha central do trilho, sem inclina\u00e7\u00e3o. Essa etapa garante que a placa de fixa\u00e7\u00e3o esteja alinhada corretamente para uma fixa\u00e7\u00e3o ideal do trilho e desempenho geral do sistema.<\/p>","protected":false},"excerpt":{"rendered":"<h6><span style=\"font-family: arial, helvetica, sans-serif; font-size: 14pt;\"><strong>Especifica\u00e7\u00f5es do clipe de trilho HDGY<\/strong><\/span><\/h6>\n<ul>\n<li><strong>Modelos:<\/strong> HDGY24, HDGY38A, HDGY38B, HDGY43, HDGY50, HDGY70, HDGY80, HDGY100, HDGY120<\/li>\n<li><strong>M\u00e9todo de fixa\u00e7\u00e3o:<\/strong> Fixa\u00e7\u00e3o por parafuso<\/li>\n<\/ul>","protected":false},"featured_media":7117,"template":"","meta":{"_kad_post_transparent":"default","_kad_post_title":"","_kad_post_layout":"default","_kad_post_sidebar_id":"","_kad_post_content_style":"default","_kad_post_vertical_padding":"show","_kad_post_feature":"","_kad_post_feature_position":"","_kad_post_header":false,"_kad_post_footer":false},"product_brand":[],"product_cat":[83],"product_tag":[483,482,481,480,376,489,486,490,488,484,492,487,485,493,478,491,477,479],"class_list":{"0":"post-5544","1":"product","2":"type-product","3":"status-publish","4":"has-post-thumbnail","6":"product_cat-crane-rail-clip","7":"product_tag-05g525-rail-clip","8":"product_tag-cgbk-rail-clip","9":"product_tag-cgek-rail-clip","10":"product_tag-cgwk-rail-clip","11":"product_tag-china-crane-parts-supplier","12":"product_tag-crane-rail-clamp","13":"product_tag-crane-rail-clip","14":"product_tag-crane-rail-clip-supplier","15":"product_tag-crane-rail-fixing-device","16":"product_tag-hdgy-rail-clip","17":"product_tag-rail-connection-splint","18":"product_tag-rail-fixing-device","19":"product_tag-rail-joint","20":"product_tag-special-crane-spreader","21":"product_tag-swjk-rail-clip","22":"product_tag-tracks-jointing-plates","23":"product_tag-wjk-rail-clip","24":"product_tag-wjkc-rail-clip","26":"first","27":"instock","28":"shipping-taxable","29":"product-type-simple","30":"entry","31":"content-bg","32":"loop-entry"},"yoast_head":"<!-- This site is optimized with the Yoast SEO plugin v24.5 - https:\/\/yoast.com\/wordpress\/plugins\/seo\/ -->\n<title>HDGY Rail Clip - Crane Rail fixing device-crane Rail Clamp- Crane Parts Manufacturer<\/title>\n<meta name=\"description\" content=\"Rail Clips,HDGY Rail Clip,Crane Rail Clips,Rail fixing device,Crane Rail fixing device,crane Rail Clamp,WJK Rail Clips,Overhead Crane Rail Clip\" \/>\n<meta name=\"robots\" content=\"index, follow, max-snippet:-1, max-image-preview:large, max-video-preview:-1\" \/>\n<link rel=\"canonical\" href=\"https:\/\/www.hnhlcranes.com\/pt_br\/produto\/clipe-de-trilho-hdgy\/\" \/>\n<meta property=\"og:locale\" content=\"pt_BR\" \/>\n<meta property=\"og:type\" content=\"article\" \/>\n<meta property=\"og:title\" content=\"HDGY Rail Clip - Crane Rail fixing device-crane Rail Clamp- Crane Parts Manufacturer\" \/>\n<meta property=\"og:description\" content=\"Rail Clips,HDGY Rail Clip,Crane Rail Clips,Rail fixing device,Crane Rail fixing device,crane Rail Clamp,WJK Rail Clips,Overhead Crane Rail Clip\" \/>\n<meta property=\"og:url\" content=\"https:\/\/www.hnhlcranes.com\/pt_br\/produto\/clipe-de-trilho-hdgy\/\" \/>\n<meta property=\"og:site_name\" content=\"Crane Parts Manufacturer\" \/>\n<meta property=\"article:modified_time\" content=\"2025-01-10T10:14:36+00:00\" \/>\n<meta property=\"og:image\" content=\"https:\/\/www.hnhlcranes.com\/wp-content\/uploads\/2024\/11\/HDGY-Rail-Clip.jpg\" \/>\n\t<meta property=\"og:image:width\" content=\"600\" \/>\n\t<meta property=\"og:image:height\" content=\"600\" \/>\n\t<meta property=\"og:image:type\" content=\"image\/jpeg\" \/>\n<meta name=\"twitter:card\" content=\"summary_large_image\" \/>\n<meta name=\"twitter:label1\" content=\"Est. tempo de leitura\" \/>\n\t<meta name=\"twitter:data1\" content=\"3 minutos\" \/>\n<script type=\"application\/ld+json\" class=\"yoast-schema-graph\">{\"@context\":\"https:\/\/schema.org\",\"@graph\":[{\"@type\":\"WebPage\",\"@id\":\"https:\/\/www.hnhlcranes.com\/product\/hdgy-rail-clip\/\",\"url\":\"https:\/\/www.hnhlcranes.com\/product\/hdgy-rail-clip\/\",\"name\":\"HDGY Rail Clip - Crane Rail fixing device-crane Rail Clamp- Crane Parts Manufacturer\",\"isPartOf\":{\"@id\":\"https:\/\/www.hnhlcranes.com\/#website\"},\"primaryImageOfPage\":{\"@id\":\"https:\/\/www.hnhlcranes.com\/product\/hdgy-rail-clip\/#primaryimage\"},\"image\":{\"@id\":\"https:\/\/www.hnhlcranes.com\/product\/hdgy-rail-clip\/#primaryimage\"},\"thumbnailUrl\":\"https:\/\/www.hnhlcranes.com\/wp-content\/uploads\/2024\/11\/HDGY-Rail-Clip.jpg\",\"datePublished\":\"2024-11-29T14:40:44+00:00\",\"dateModified\":\"2025-01-10T10:14:36+00:00\",\"description\":\"Rail Clips,HDGY Rail Clip,Crane Rail Clips,Rail fixing device,Crane Rail fixing device,crane Rail Clamp,WJK Rail Clips,Overhead Crane Rail Clip\",\"breadcrumb\":{\"@id\":\"https:\/\/www.hnhlcranes.com\/product\/hdgy-rail-clip\/#breadcrumb\"},\"inLanguage\":\"pt-BR\",\"potentialAction\":[{\"@type\":\"ReadAction\",\"target\":[\"https:\/\/www.hnhlcranes.com\/product\/hdgy-rail-clip\/\"]}]},{\"@type\":\"ImageObject\",\"inLanguage\":\"pt-BR\",\"@id\":\"https:\/\/www.hnhlcranes.com\/product\/hdgy-rail-clip\/#primaryimage\",\"url\":\"https:\/\/www.hnhlcranes.com\/wp-content\/uploads\/2024\/11\/HDGY-Rail-Clip.jpg\",\"contentUrl\":\"https:\/\/www.hnhlcranes.com\/wp-content\/uploads\/2024\/11\/HDGY-Rail-Clip.jpg\",\"width\":600,\"height\":600},{\"@type\":\"BreadcrumbList\",\"@id\":\"https:\/\/www.hnhlcranes.com\/product\/hdgy-rail-clip\/#breadcrumb\",\"itemListElement\":[{\"@type\":\"ListItem\",\"position\":1,\"name\":\"home\",\"item\":\"https:\/\/www.hnhlcranes.com\/\"},{\"@type\":\"ListItem\",\"position\":2,\"name\":\"products\",\"item\":\"https:\/\/www.hnhlcranes.com\/products\/\"},{\"@type\":\"ListItem\",\"position\":3,\"name\":\"HDGY Rail Clip\"}]},{\"@type\":\"WebSite\",\"@id\":\"https:\/\/www.hnhlcranes.com\/#website\",\"url\":\"https:\/\/www.hnhlcranes.com\/\",\"name\":\"Crane Parts Manufacturer\",\"description\":\"Crane Wheels,Crane Drums,Crane Hooks,Crane Coupling,Crane End Carriage,Electric Hoist,European Crane Parts,Crane Rail Clip,Crane Spreader,Crane Motor,Crane Reducer,Crane Brake,Light Crane Parts,Workstation Crane Parts,Crane Electrical Parts,China Crane Parts Supplier,China Crane Parts Manufacturer,Angle box type crane wheel,45 degree split crane wheel,European crane wheel,Crane Wheel Blocks,Overhead crane drum,European crane drum,Overhead crane hook,European crane hook,Crane pulley block,Gear coupling,Brake wheel coupling,Drum gear coupling,Brake wheel drum gear coupling,Cardan Shaft Coupling,WZL drum coupling,Plum blossom elastic coupling,Brake wheel plum elastic coupling,European Single girder crane end carriage,European Double girder crane end carriage,European Suspension  crane end carriage,Wire Rope Electric Hoist,Electric Chain Hoist,European Single Girder Wire Rope Electric Hoist,European Double Girder Wire Rope Electric Hoist,Crane grab,Container spreader,Billet crane clamps,C-type hook,Lifting Electromagnet,YZR crane motor,YZP crane motor,ZQ Reducer,ZSC Reducer,QJ Reducer,QJ-L Reducer,QJY Reducer,H series gearbox,F Series Gear Motor,K Series Gear Motor,R Series Gear Motor,travelling machinery gear motor,Electro hydraulic drum brake,Electro hydraulic disc brake,Crane Safety brake,Crane cable trolley,Crane remote controller,Crane pendant controller,Crane electrical control cabinet,Crane limit switch,Crane sound and light alarm,Heavy Duty Aviation Connector,Crane overload limiter\",\"publisher\":{\"@id\":\"https:\/\/www.hnhlcranes.com\/#organization\"},\"potentialAction\":[{\"@type\":\"SearchAction\",\"target\":{\"@type\":\"EntryPoint\",\"urlTemplate\":\"https:\/\/www.hnhlcranes.com\/?s={search_term_string}\"},\"query-input\":{\"@type\":\"PropertyValueSpecification\",\"valueRequired\":true,\"valueName\":\"search_term_string\"}}],\"inLanguage\":\"pt-BR\"},{\"@type\":\"Organization\",\"@id\":\"https:\/\/www.hnhlcranes.com\/#organization\",\"name\":\"Crane Parts Manufacturer\",\"url\":\"https:\/\/www.hnhlcranes.com\/\",\"logo\":{\"@type\":\"ImageObject\",\"inLanguage\":\"pt-BR\",\"@id\":\"https:\/\/www.hnhlcranes.com\/#\/schema\/logo\/image\/\",\"url\":\"https:\/\/www.hnhlcranes.com\/wp-content\/uploads\/2025\/01\/HL-logo-1.png\",\"contentUrl\":\"https:\/\/www.hnhlcranes.com\/wp-content\/uploads\/2025\/01\/HL-logo-1.png\",\"width\":600,\"height\":169,\"caption\":\"Crane Parts Manufacturer\"},\"image\":{\"@id\":\"https:\/\/www.hnhlcranes.com\/#\/schema\/logo\/image\/\"}}]}<\/script>\n<!-- \/ Yoast SEO plugin. -->","yoast_head_json":{"title":"HDGY Rail Clip - Crane Rail fixing device-crane Rail Clamp- Crane Parts Manufacturer","description":"Rail Clips,HDGY Rail Clip,Crane Rail Clips,Rail fixing device,Crane Rail fixing device,crane Rail Clamp,WJK Rail Clips,Overhead Crane Rail Clip","robots":{"index":"index","follow":"follow","max-snippet":"max-snippet:-1","max-image-preview":"max-image-preview:large","max-video-preview":"max-video-preview:-1"},"canonical":"https:\/\/www.hnhlcranes.com\/pt_br\/produto\/clipe-de-trilho-hdgy\/","og_locale":"pt_BR","og_type":"article","og_title":"HDGY Rail Clip - Crane Rail fixing device-crane Rail Clamp- Crane Parts Manufacturer","og_description":"Rail Clips,HDGY Rail Clip,Crane Rail Clips,Rail fixing device,Crane Rail fixing device,crane Rail Clamp,WJK Rail Clips,Overhead Crane Rail Clip","og_url":"https:\/\/www.hnhlcranes.com\/pt_br\/produto\/clipe-de-trilho-hdgy\/","og_site_name":"Crane Parts Manufacturer","article_modified_time":"2025-01-10T10:14:36+00:00","og_image":[{"width":600,"height":600,"url":"https:\/\/www.hnhlcranes.com\/wp-content\/uploads\/2024\/11\/HDGY-Rail-Clip.jpg","type":"image\/jpeg"}],"twitter_card":"summary_large_image","twitter_misc":{"Est. tempo de leitura":"3 minutos"},"schema":{"@context":"https:\/\/schema.org","@graph":[{"@type":"WebPage","@id":"https:\/\/www.hnhlcranes.com\/product\/hdgy-rail-clip\/","url":"https:\/\/www.hnhlcranes.com\/product\/hdgy-rail-clip\/","name":"HDGY Rail Clip - Crane Rail fixing device-crane Rail Clamp- Crane Parts Manufacturer","isPartOf":{"@id":"https:\/\/www.hnhlcranes.com\/#website"},"primaryImageOfPage":{"@id":"https:\/\/www.hnhlcranes.com\/product\/hdgy-rail-clip\/#primaryimage"},"image":{"@id":"https:\/\/www.hnhlcranes.com\/product\/hdgy-rail-clip\/#primaryimage"},"thumbnailUrl":"https:\/\/www.hnhlcranes.com\/wp-content\/uploads\/2024\/11\/HDGY-Rail-Clip.jpg","datePublished":"2024-11-29T14:40:44+00:00","dateModified":"2025-01-10T10:14:36+00:00","description":"Rail Clips,HDGY Rail Clip,Crane Rail Clips,Rail fixing device,Crane Rail fixing device,crane Rail Clamp,WJK Rail Clips,Overhead Crane Rail Clip","breadcrumb":{"@id":"https:\/\/www.hnhlcranes.com\/product\/hdgy-rail-clip\/#breadcrumb"},"inLanguage":"pt-BR","potentialAction":[{"@type":"ReadAction","target":["https:\/\/www.hnhlcranes.com\/product\/hdgy-rail-clip\/"]}]},{"@type":"ImageObject","inLanguage":"pt-BR","@id":"https:\/\/www.hnhlcranes.com\/product\/hdgy-rail-clip\/#primaryimage","url":"https:\/\/www.hnhlcranes.com\/wp-content\/uploads\/2024\/11\/HDGY-Rail-Clip.jpg","contentUrl":"https:\/\/www.hnhlcranes.com\/wp-content\/uploads\/2024\/11\/HDGY-Rail-Clip.jpg","width":600,"height":600},{"@type":"BreadcrumbList","@id":"https:\/\/www.hnhlcranes.com\/product\/hdgy-rail-clip\/#breadcrumb","itemListElement":[{"@type":"ListItem","position":1,"name":"home","item":"https:\/\/www.hnhlcranes.com\/"},{"@type":"ListItem","position":2,"name":"products","item":"https:\/\/www.hnhlcranes.com\/products\/"},{"@type":"ListItem","position":3,"name":"HDGY Rail Clip"}]},{"@type":"WebSite","@id":"https:\/\/www.hnhlcranes.com\/#website","url":"https:\/\/www.hnhlcranes.com\/","name":"Crane Parts Manufacturer","description":"Crane Wheels,Crane Drums,Crane Hooks,Crane Coupling,Crane End Carriage,Electric Hoist,European Crane Parts,Crane Rail Clip,Crane Spreader,Crane Motor,Crane Reducer,Crane Brake,Light Crane Parts,Workstation Crane Parts,Crane Electrical Parts,China Crane Parts Supplier,China Crane Parts Manufacturer,Angle box type crane wheel,45 degree split crane wheel,European crane wheel,Crane Wheel Blocks,Overhead crane drum,European crane drum,Overhead crane hook,European crane hook,Crane pulley block,Gear coupling,Brake wheel coupling,Drum gear coupling,Brake wheel drum gear coupling,Cardan Shaft Coupling,WZL drum coupling,Plum blossom elastic coupling,Brake wheel plum elastic coupling,European Single girder crane end carriage,European Double girder crane end carriage,European Suspension  crane end carriage,Wire Rope Electric Hoist,Electric Chain Hoist,European Single Girder Wire Rope Electric Hoist,European Double Girder Wire Rope Electric Hoist,Crane grab,Container spreader,Billet crane clamps,C-type hook,Lifting Electromagnet,YZR crane motor,YZP crane motor,ZQ Reducer,ZSC Reducer,QJ Reducer,QJ-L Reducer,QJY Reducer,H series gearbox,F Series Gear Motor,K Series Gear Motor,R Series Gear Motor,travelling machinery gear motor,Electro hydraulic drum brake,Electro hydraulic disc brake,Crane Safety brake,Crane cable trolley,Crane remote controller,Crane pendant controller,Crane electrical control cabinet,Crane limit switch,Crane sound and light alarm,Heavy Duty Aviation Connector,Crane overload limiter","publisher":{"@id":"https:\/\/www.hnhlcranes.com\/#organization"},"potentialAction":[{"@type":"SearchAction","target":{"@type":"EntryPoint","urlTemplate":"https:\/\/www.hnhlcranes.com\/?s={search_term_string}"},"query-input":{"@type":"PropertyValueSpecification","valueRequired":true,"valueName":"search_term_string"}}],"inLanguage":"pt-BR"},{"@type":"Organization","@id":"https:\/\/www.hnhlcranes.com\/#organization","name":"Crane Parts Manufacturer","url":"https:\/\/www.hnhlcranes.com\/","logo":{"@type":"ImageObject","inLanguage":"pt-BR","@id":"https:\/\/www.hnhlcranes.com\/#\/schema\/logo\/image\/","url":"https:\/\/www.hnhlcranes.com\/wp-content\/uploads\/2025\/01\/HL-logo-1.png","contentUrl":"https:\/\/www.hnhlcranes.com\/wp-content\/uploads\/2025\/01\/HL-logo-1.png","width":600,"height":169,"caption":"Crane Parts Manufacturer"},"image":{"@id":"https:\/\/www.hnhlcranes.com\/#\/schema\/logo\/image\/"}}]}},"_links":{"self":[{"href":"https:\/\/www.hnhlcranes.com\/pt_br\/wp-json\/wp\/v2\/product\/5544","targetHints":{"allow":["GET"]}}],"collection":[{"href":"https:\/\/www.hnhlcranes.com\/pt_br\/wp-json\/wp\/v2\/product"}],"about":[{"href":"https:\/\/www.hnhlcranes.com\/pt_br\/wp-json\/wp\/v2\/types\/product"}],"version-history":[{"count":3,"href":"https:\/\/www.hnhlcranes.com\/pt_br\/wp-json\/wp\/v2\/product\/5544\/revisions"}],"predecessor-version":[{"id":7196,"href":"https:\/\/www.hnhlcranes.com\/pt_br\/wp-json\/wp\/v2\/product\/5544\/revisions\/7196"}],"wp:featuredmedia":[{"embeddable":true,"href":"https:\/\/www.hnhlcranes.com\/pt_br\/wp-json\/wp\/v2\/media\/7117"}],"wp:attachment":[{"href":"https:\/\/www.hnhlcranes.com\/pt_br\/wp-json\/wp\/v2\/media?parent=5544"}],"wp:term":[{"taxonomy":"product_brand","embeddable":true,"href":"https:\/\/www.hnhlcranes.com\/pt_br\/wp-json\/wp\/v2\/product_brand?post=5544"},{"taxonomy":"product_cat","embeddable":true,"href":"https:\/\/www.hnhlcranes.com\/pt_br\/wp-json\/wp\/v2\/product_cat?post=5544"},{"taxonomy":"product_tag","embeddable":true,"href":"https:\/\/www.hnhlcranes.com\/pt_br\/wp-json\/wp\/v2\/product_tag?post=5544"}],"curies":[{"name":"wp","href":"https:\/\/api.w.org\/{rel}","templated":true}]}}