{"id":5590,"date":"2024-12-02T21:15:24","date_gmt":"2024-12-02T13:15:24","guid":{"rendered":"https:\/\/www.hnhlcranes.com\/?post_type=product&#038;p=5590"},"modified":"2025-01-17T02:27:00","modified_gmt":"2025-01-16T18:27:00","slug":"talha-eletrica-europeia-de-cabo-de-aco-de-viga-unica","status":"publish","type":"product","link":"https:\/\/www.hnhlcranes.com\/pt_br\/produto\/talha-eletrica-europeia-de-cabo-de-aco-de-viga-unica\/","title":{"rendered":"Talha el\u00e9trica de cabo de a\u00e7o de viga \u00fanica europeia"},"content":{"rendered":"<div class=\"flex max-w-full flex-col flex-grow\">\n<div class=\"min-h-8 text-message flex w-full flex-col items-end gap-2 whitespace-normal break-words [.text-message+&amp;]:mt-5\" dir=\"auto\" data-message-author-role=\"assistant\" data-message-id=\"ea78a6a9-c395-4bcc-8ce3-affe95563cd7\" data-message-model-slug=\"gpt-4o\">\n<div class=\"flex w-full flex-col gap-1 empty:hidden first:pt-[3px]\">\n<div class=\"markdown prose w-full break-words dark:prose-invert light\">\n<div class=\"flex-shrink-0 flex flex-col relative items-end\">\n<div class=\"pt-0\">\n<div class=\"gizmo-bot-avatar flex h-8 w-8 items-center justify-center overflow-hidden rounded-full\">\n<p>O <strong>Talha el\u00e9trica de cabo de a\u00e7o de viga \u00fanica europeia<\/strong> \u00e9 um dispositivo de eleva\u00e7\u00e3o avan\u00e7ado que utiliza um projeto de viga \u00fanica e cabo de a\u00e7o como meio de eleva\u00e7\u00e3o principal. \u00c9 amplamente utilizado em ambientes industriais que exigem eleva\u00e7\u00e3o eficiente e segura. Esse tipo de talha el\u00e9trica \u00e9 comumente aplicado em f\u00e1bricas, armaz\u00e9ns, centros de log\u00edstica e outros locais, especialmente em ambientes que exigem altas alturas de eleva\u00e7\u00e3o e o manuseio de cargas pesadas.<\/p>\n<h3>Principais recursos:<\/h3>\n<ol>\n<li><strong>Projeto de viga \u00fanica<\/strong>: Em compara\u00e7\u00e3o com os projetos tradicionais de viga dupla, o layout de viga \u00fanica \u00e9 mais compacto e simples, oferecendo recursos de eleva\u00e7\u00e3o potentes e ocupando menos espa\u00e7o.<\/li>\n<li><strong>Acionamento por cabo de a\u00e7o<\/strong>: Essa talha usa cabo de a\u00e7o como meio de eleva\u00e7\u00e3o, o que a torna mais adequada para elevar cargas maiores e trabalhar em ambientes de longa dist\u00e2ncia do que as talhas de corrente.<\/li>\n<li><strong>Alta capacidade de carga<\/strong>: As talhas el\u00e9tricas de cabo de a\u00e7o de viga \u00fanica europeias normalmente t\u00eam alta capacidade de eleva\u00e7\u00e3o, variando de centenas de quilogramas a v\u00e1rias toneladas, o que as torna capazes de lidar com cargas pesadas.<\/li>\n<li><strong>Motor el\u00e9trico eficiente<\/strong>: Equipadas com um motor de alta efici\u00eancia, essas talhas podem operar continuamente por longos per\u00edodos, melhorando a produtividade do trabalho.<\/li>\n<li><strong>Design compacto<\/strong>: O design compacto da talha economiza espa\u00e7o, tornando-a ideal para uso em ambientes com espa\u00e7o de trabalho limitado.<\/li>\n<li><strong>Levantamento e abaixamento suaves<\/strong>: A talha proporciona uma opera\u00e7\u00e3o suave durante a eleva\u00e7\u00e3o e o abaixamento, reduzindo o impacto sobre a carga e o equipamento, o que aumenta a vida \u00fatil da talha.<\/li>\n<li><strong>Recursos de seguran\u00e7a<\/strong>: Normalmente, eles s\u00e3o equipados com prote\u00e7\u00e3o contra sobrecarga, chaves de limite e sistemas de freio para garantir a seguran\u00e7a durante a opera\u00e7\u00e3o.<\/li>\n<\/ol>\n<h3>Componentes estruturais:<\/h3>\n<ol>\n<li><strong>Motor el\u00e9trico<\/strong>: Fornece a energia para acionar o mecanismo de eleva\u00e7\u00e3o da talha, garantindo uma opera\u00e7\u00e3o est\u00e1vel e eficiente.<\/li>\n<li><strong>Redutor<\/strong>: O redutor converte a rota\u00e7\u00e3o de alta velocidade do motor em uma rota\u00e7\u00e3o de velocidade mais baixa, adequada para eleva\u00e7\u00e3o, aumentando assim o torque.<\/li>\n<li><strong>Cabos de a\u00e7o<\/strong>: Como meio de eleva\u00e7\u00e3o, o cabo de a\u00e7o oferece alta resist\u00eancia \u00e0 tra\u00e7\u00e3o e capacidade de suporte de carga, o que o torna adequado para a eleva\u00e7\u00e3o de objetos pesados.<\/li>\n<li><strong>Sistema de controle<\/strong>: Os operadores controlam a talha por meio de uma caixa de controle ou de um controle remoto sem fio, tornando o processo de eleva\u00e7\u00e3o conveniente e f\u00e1cil.<\/li>\n<li><strong>Dispositivos de seguran\u00e7a<\/strong>: Recursos como prote\u00e7\u00e3o contra sobrecarga, chaves de limite e sistemas de freio garantem que a talha opere de forma segura e confi\u00e1vel.<\/li>\n<\/ol>\n<h3>Vantagens:<\/h3>\n<ul>\n<li><strong>Melhoria da efici\u00eancia do trabalho<\/strong>: O motor de alta efici\u00eancia e a opera\u00e7\u00e3o suave aumentam muito a efici\u00eancia do trabalho, permitindo uma eleva\u00e7\u00e3o mais r\u00e1pida e segura.<\/li>\n<li><strong>Seguran\u00e7a e confiabilidade<\/strong>: V\u00e1rios recursos de seguran\u00e7a garantem que a talha permane\u00e7a est\u00e1vel e segura mesmo durante tarefas pesadas, evitando poss\u00edveis riscos.<\/li>\n<li><strong>Versatilidade<\/strong>: A talha \u00e9 adequada para uma ampla gama de tarefas de eleva\u00e7\u00e3o de alta carga e alta frequ\u00eancia, especialmente em espa\u00e7os confinados onde outros sistemas podem n\u00e3o se encaixar.<\/li>\n<li><strong>Durabilidade<\/strong>: O cabo de a\u00e7o e o motor de alta qualidade proporcionam \u00e0 talha uma vida \u00fatil prolongada, reduzindo os custos de manuten\u00e7\u00e3o e o tempo de inatividade.<\/li>\n<\/ul>\n<h3>Conclus\u00e3o:<\/h3>\n<p>O <strong>Talha el\u00e9trica de cabo de a\u00e7o de viga \u00fanica europeia<\/strong> \u00e9 um dispositivo de eleva\u00e7\u00e3o eficiente, seguro e dur\u00e1vel que, gra\u00e7as ao seu design compacto e \u00e0 poderosa capacidade de carga, \u00e9 amplamente utilizado em v\u00e1rios campos industriais e de constru\u00e7\u00e3o. Ele oferece opera\u00e7\u00f5es de eleva\u00e7\u00e3o suaves e tem excelente desempenho em uma variedade de ambientes. Essa talha se tornou um equipamento indispens\u00e1vel em f\u00e1bricas e projetos de constru\u00e7\u00e3o modernos.<\/p>\n<div class=\"relative p-1 rounded-sm flex items-center justify-center bg-token-main-surface-primary text-token-text-primary h-8 w-8\">\n<p><img fetchpriority=\"high\" decoding=\"async\" class=\"alignnone wp-image-7046\" src=\"https:\/\/www.hnhlcranes.com\/wp-content\/uploads\/2024\/12\/European-Single-Girder-Wire-Rope-Electric-Hoist-K2-246x300.jpg\" alt=\"\" width=\"952\" height=\"1161\" srcset=\"https:\/\/www.hnhlcranes.com\/wp-content\/uploads\/2024\/12\/European-Single-Girder-Wire-Rope-Electric-Hoist-K2-246x300.jpg 246w, https:\/\/www.hnhlcranes.com\/wp-content\/uploads\/2024\/12\/European-Single-Girder-Wire-Rope-Electric-Hoist-K2-839x1024.jpg 839w, https:\/\/www.hnhlcranes.com\/wp-content\/uploads\/2024\/12\/European-Single-Girder-Wire-Rope-Electric-Hoist-K2-768x938.jpg 768w, https:\/\/www.hnhlcranes.com\/wp-content\/uploads\/2024\/12\/European-Single-Girder-Wire-Rope-Electric-Hoist-K2-600x733.jpg 600w, https:\/\/www.hnhlcranes.com\/wp-content\/uploads\/2024\/12\/European-Single-Girder-Wire-Rope-Electric-Hoist-K2.jpg 1000w\" sizes=\"(max-width: 952px) 100vw, 952px\" \/> <img decoding=\"async\" class=\"alignnone wp-image-7047\" src=\"https:\/\/www.hnhlcranes.com\/wp-content\/uploads\/2024\/12\/European-Single-Girder-Wire-Rope-Electric-Hoist-K3-250x300.jpg\" alt=\"\" width=\"951\" height=\"1141\" srcset=\"https:\/\/www.hnhlcranes.com\/wp-content\/uploads\/2024\/12\/European-Single-Girder-Wire-Rope-Electric-Hoist-K3-250x300.jpg 250w, https:\/\/www.hnhlcranes.com\/wp-content\/uploads\/2024\/12\/European-Single-Girder-Wire-Rope-Electric-Hoist-K3-600x721.jpg 600w\" sizes=\"(max-width: 951px) 100vw, 951px\" \/><\/p>\n<p><img decoding=\"async\" class=\"alignnone wp-image-7048\" src=\"https:\/\/www.hnhlcranes.com\/wp-content\/uploads\/2024\/12\/European-Single-Girder-Wire-Rope-Electric-Hoist-K4-246x300.jpg\" alt=\"\" width=\"950\" height=\"1159\" srcset=\"https:\/\/www.hnhlcranes.com\/wp-content\/uploads\/2024\/12\/European-Single-Girder-Wire-Rope-Electric-Hoist-K4-246x300.jpg 246w, https:\/\/www.hnhlcranes.com\/wp-content\/uploads\/2024\/12\/European-Single-Girder-Wire-Rope-Electric-Hoist-K4-600x731.jpg 600w\" sizes=\"(max-width: 950px) 100vw, 950px\" \/><\/p>\n<\/div>\n<\/div>\n<\/div>\n<\/div>\n<\/div>\n<\/div>\n<\/div>\n<\/div>","protected":false},"excerpt":{"rendered":"<h6><strong><span style=\"font-family: arial, helvetica, sans-serif; font-size: 14pt;\">Especifica\u00e7\u00f5es da talha el\u00e9trica de cabo de a\u00e7o de viga \u00fanica europeia<\/span><\/strong><\/h6>\n<ul>\n<li><strong>Op\u00e7\u00f5es de capacidade<\/strong>: 2t, 3.2t, 5t, 6.3t, 8t, 10t, 12.5t<\/li>\n<li><strong>Classifica\u00e7\u00e3o de deveres<\/strong>: M3, M4, M5, M6<\/li>\n<li><strong>Faixa de altura de eleva\u00e7\u00e3o<\/strong>: 6m, 9m, 12m, 15m, 18m<\/li>\n<\/ul>","protected":false},"featured_media":7049,"template":"","meta":{"_kad_post_transparent":"default","_kad_post_title":"","_kad_post_layout":"default","_kad_post_sidebar_id":"","_kad_post_content_style":"default","_kad_post_vertical_padding":"show","_kad_post_feature":"","_kad_post_feature_position":"","_kad_post_header":false,"_kad_post_footer":false},"product_brand":[],"product_cat":[60,61],"product_tag":[457,462,376,460,474,464,463,461,472,476,470,469,475,466,471,465,467,468,459,473,458],"class_list":{"0":"post-5590","1":"product","2":"type-product","3":"status-publish","4":"has-post-thumbnail","6":"product_cat-electric-hoist","7":"product_cat-european-crane-parts","8":"product_tag-cd-md-wire-rope-electric-hoist","9":"product_tag-chain-hoist","10":"product_tag-china-crane-parts-supplier","11":"product_tag-double-girder-wire-rope-electric-hoist","12":"product_tag-electric-chain-hoist","13":"product_tag-electric-chain-hoist-china-distributor","14":"product_tag-electric-chain-hoist-manufacturer","15":"product_tag-electric-hoist","16":"product_tag-european-double-beam-wire-rope-electric-hoist","17":"product_tag-european-double-girder-wire-rope-electric-hoist","18":"product_tag-european-electric-hoist","19":"product_tag-european-hoist","20":"product_tag-european-single-girder-wire-rope-electric-hoist","21":"product_tag-european-wire-rope-electric-hoist","22":"product_tag-fem-double-girder-wire-rope-electric-hoist","23":"product_tag-fem-single-girder-wire-rope-electric-hoist","24":"product_tag-low-headroom-electric-hoist","25":"product_tag-single-beam-electric-hoist","26":"product_tag-single-girder-wire-rope-electric-hoist","27":"product_tag-wire-rope-electric-hoist","28":"product_tag-wire-rope-electric-hoist-china-manufacturer","30":"first","31":"instock","32":"featured","33":"shipping-taxable","34":"product-type-simple","35":"entry","36":"content-bg","37":"loop-entry"},"yoast_head":"<!-- This site is optimized with the Yoast SEO plugin v24.5 - https:\/\/yoast.com\/wordpress\/plugins\/seo\/ -->\n<title>European Single Girder Wire Rope Electric Hoist - Electric Hoist-Crane Parts Manufacturer<\/title>\n<meta name=\"description\" content=\"European wire rope electric hoist,Low headroom electric hoist,Single beam electric hoist,FEM Single Girder Wire Rope Electric Hoist,Electric Hoist\" \/>\n<meta name=\"robots\" content=\"index, follow, max-snippet:-1, max-image-preview:large, max-video-preview:-1\" \/>\n<link rel=\"canonical\" href=\"https:\/\/www.hnhlcranes.com\/pt_br\/produto\/talha-eletrica-europeia-de-cabo-de-aco-de-viga-unica\/\" \/>\n<meta property=\"og:locale\" content=\"pt_BR\" \/>\n<meta property=\"og:type\" content=\"article\" \/>\n<meta property=\"og:title\" content=\"European Single Girder Wire Rope Electric Hoist - Electric Hoist-Crane Parts Manufacturer\" \/>\n<meta property=\"og:description\" content=\"European wire rope electric hoist,Low headroom electric hoist,Single beam electric hoist,FEM Single Girder Wire Rope Electric Hoist,Electric Hoist\" \/>\n<meta property=\"og:url\" content=\"https:\/\/www.hnhlcranes.com\/pt_br\/produto\/talha-eletrica-europeia-de-cabo-de-aco-de-viga-unica\/\" \/>\n<meta property=\"og:site_name\" content=\"Crane Parts Manufacturer\" \/>\n<meta property=\"article:modified_time\" content=\"2025-01-16T18:27:00+00:00\" \/>\n<meta property=\"og:image\" content=\"https:\/\/www.hnhlcranes.com\/wp-content\/uploads\/2024\/12\/European-Single-Girder-Wire-Rope-Electric-Hoist.jpg\" \/>\n\t<meta property=\"og:image:width\" content=\"600\" \/>\n\t<meta property=\"og:image:height\" content=\"600\" \/>\n\t<meta property=\"og:image:type\" content=\"image\/jpeg\" \/>\n<meta name=\"twitter:card\" content=\"summary_large_image\" \/>\n<meta name=\"twitter:label1\" content=\"Est. tempo de leitura\" \/>\n\t<meta name=\"twitter:data1\" content=\"3 minutos\" \/>\n<script type=\"application\/ld+json\" class=\"yoast-schema-graph\">{\"@context\":\"https:\/\/schema.org\",\"@graph\":[{\"@type\":\"WebPage\",\"@id\":\"https:\/\/www.hnhlcranes.com\/product\/european-single-girder-wire-rope-electric-hoist\/\",\"url\":\"https:\/\/www.hnhlcranes.com\/product\/european-single-girder-wire-rope-electric-hoist\/\",\"name\":\"European Single Girder Wire Rope Electric Hoist - Electric Hoist-Crane Parts Manufacturer\",\"isPartOf\":{\"@id\":\"https:\/\/www.hnhlcranes.com\/#website\"},\"primaryImageOfPage\":{\"@id\":\"https:\/\/www.hnhlcranes.com\/product\/european-single-girder-wire-rope-electric-hoist\/#primaryimage\"},\"image\":{\"@id\":\"https:\/\/www.hnhlcranes.com\/product\/european-single-girder-wire-rope-electric-hoist\/#primaryimage\"},\"thumbnailUrl\":\"https:\/\/www.hnhlcranes.com\/wp-content\/uploads\/2024\/12\/European-Single-Girder-Wire-Rope-Electric-Hoist.jpg\",\"datePublished\":\"2024-12-02T13:15:24+00:00\",\"dateModified\":\"2025-01-16T18:27:00+00:00\",\"description\":\"European wire rope electric hoist,Low headroom electric hoist,Single beam electric hoist,FEM Single Girder Wire Rope Electric Hoist,Electric Hoist\",\"breadcrumb\":{\"@id\":\"https:\/\/www.hnhlcranes.com\/product\/european-single-girder-wire-rope-electric-hoist\/#breadcrumb\"},\"inLanguage\":\"pt-BR\",\"potentialAction\":[{\"@type\":\"ReadAction\",\"target\":[\"https:\/\/www.hnhlcranes.com\/product\/european-single-girder-wire-rope-electric-hoist\/\"]}]},{\"@type\":\"ImageObject\",\"inLanguage\":\"pt-BR\",\"@id\":\"https:\/\/www.hnhlcranes.com\/product\/european-single-girder-wire-rope-electric-hoist\/#primaryimage\",\"url\":\"https:\/\/www.hnhlcranes.com\/wp-content\/uploads\/2024\/12\/European-Single-Girder-Wire-Rope-Electric-Hoist.jpg\",\"contentUrl\":\"https:\/\/www.hnhlcranes.com\/wp-content\/uploads\/2024\/12\/European-Single-Girder-Wire-Rope-Electric-Hoist.jpg\",\"width\":600,\"height\":600},{\"@type\":\"BreadcrumbList\",\"@id\":\"https:\/\/www.hnhlcranes.com\/product\/european-single-girder-wire-rope-electric-hoist\/#breadcrumb\",\"itemListElement\":[{\"@type\":\"ListItem\",\"position\":1,\"name\":\"home\",\"item\":\"https:\/\/www.hnhlcranes.com\/\"},{\"@type\":\"ListItem\",\"position\":2,\"name\":\"products\",\"item\":\"https:\/\/www.hnhlcranes.com\/products\/\"},{\"@type\":\"ListItem\",\"position\":3,\"name\":\"European Single Girder Wire Rope Electric Hoist\"}]},{\"@type\":\"WebSite\",\"@id\":\"https:\/\/www.hnhlcranes.com\/#website\",\"url\":\"https:\/\/www.hnhlcranes.com\/\",\"name\":\"Crane Parts Manufacturer\",\"description\":\"Crane Wheels,Crane Drums,Crane Hooks,Crane Coupling,Crane End Carriage,Electric Hoist,European Crane Parts,Crane Rail Clip,Crane Spreader,Crane Motor,Crane Reducer,Crane Brake,Light Crane Parts,Workstation Crane Parts,Crane Electrical Parts,China Crane Parts Supplier,China Crane Parts Manufacturer,Angle box type crane wheel,45 degree split crane wheel,European crane wheel,Crane Wheel Blocks,Overhead crane drum,European crane drum,Overhead crane hook,European crane hook,Crane pulley block,Gear coupling,Brake wheel coupling,Drum gear coupling,Brake wheel drum gear coupling,Cardan Shaft Coupling,WZL drum coupling,Plum blossom elastic coupling,Brake wheel plum elastic coupling,European Single girder crane end carriage,European Double girder crane end carriage,European Suspension  crane end carriage,Wire Rope Electric Hoist,Electric Chain Hoist,European Single Girder Wire Rope Electric Hoist,European Double Girder Wire Rope Electric Hoist,Crane grab,Container spreader,Billet crane clamps,C-type hook,Lifting Electromagnet,YZR crane motor,YZP crane motor,ZQ Reducer,ZSC Reducer,QJ Reducer,QJ-L Reducer,QJY Reducer,H series gearbox,F Series Gear Motor,K Series Gear Motor,R Series Gear Motor,travelling machinery gear motor,Electro hydraulic drum brake,Electro hydraulic disc brake,Crane Safety brake,Crane cable trolley,Crane remote controller,Crane pendant controller,Crane electrical control cabinet,Crane limit switch,Crane sound and light alarm,Heavy Duty Aviation Connector,Crane overload limiter\",\"publisher\":{\"@id\":\"https:\/\/www.hnhlcranes.com\/#organization\"},\"potentialAction\":[{\"@type\":\"SearchAction\",\"target\":{\"@type\":\"EntryPoint\",\"urlTemplate\":\"https:\/\/www.hnhlcranes.com\/?s={search_term_string}\"},\"query-input\":{\"@type\":\"PropertyValueSpecification\",\"valueRequired\":true,\"valueName\":\"search_term_string\"}}],\"inLanguage\":\"pt-BR\"},{\"@type\":\"Organization\",\"@id\":\"https:\/\/www.hnhlcranes.com\/#organization\",\"name\":\"Crane Parts Manufacturer\",\"url\":\"https:\/\/www.hnhlcranes.com\/\",\"logo\":{\"@type\":\"ImageObject\",\"inLanguage\":\"pt-BR\",\"@id\":\"https:\/\/www.hnhlcranes.com\/#\/schema\/logo\/image\/\",\"url\":\"https:\/\/www.hnhlcranes.com\/wp-content\/uploads\/2025\/01\/HL-logo-1.png\",\"contentUrl\":\"https:\/\/www.hnhlcranes.com\/wp-content\/uploads\/2025\/01\/HL-logo-1.png\",\"width\":600,\"height\":169,\"caption\":\"Crane Parts Manufacturer\"},\"image\":{\"@id\":\"https:\/\/www.hnhlcranes.com\/#\/schema\/logo\/image\/\"}}]}<\/script>\n<!-- \/ Yoast SEO plugin. -->","yoast_head_json":{"title":"European Single Girder Wire Rope Electric Hoist - Electric Hoist-Crane Parts Manufacturer","description":"European wire rope electric hoist,Low headroom electric hoist,Single beam electric hoist,FEM Single Girder Wire Rope Electric Hoist,Electric Hoist","robots":{"index":"index","follow":"follow","max-snippet":"max-snippet:-1","max-image-preview":"max-image-preview:large","max-video-preview":"max-video-preview:-1"},"canonical":"https:\/\/www.hnhlcranes.com\/pt_br\/produto\/talha-eletrica-europeia-de-cabo-de-aco-de-viga-unica\/","og_locale":"pt_BR","og_type":"article","og_title":"European Single Girder Wire Rope Electric Hoist - Electric Hoist-Crane Parts Manufacturer","og_description":"European wire rope electric hoist,Low headroom electric hoist,Single beam electric hoist,FEM Single Girder Wire Rope Electric Hoist,Electric Hoist","og_url":"https:\/\/www.hnhlcranes.com\/pt_br\/produto\/talha-eletrica-europeia-de-cabo-de-aco-de-viga-unica\/","og_site_name":"Crane Parts Manufacturer","article_modified_time":"2025-01-16T18:27:00+00:00","og_image":[{"width":600,"height":600,"url":"https:\/\/www.hnhlcranes.com\/wp-content\/uploads\/2024\/12\/European-Single-Girder-Wire-Rope-Electric-Hoist.jpg","type":"image\/jpeg"}],"twitter_card":"summary_large_image","twitter_misc":{"Est. tempo de leitura":"3 minutos"},"schema":{"@context":"https:\/\/schema.org","@graph":[{"@type":"WebPage","@id":"https:\/\/www.hnhlcranes.com\/product\/european-single-girder-wire-rope-electric-hoist\/","url":"https:\/\/www.hnhlcranes.com\/product\/european-single-girder-wire-rope-electric-hoist\/","name":"European Single Girder Wire Rope Electric Hoist - Electric Hoist-Crane Parts Manufacturer","isPartOf":{"@id":"https:\/\/www.hnhlcranes.com\/#website"},"primaryImageOfPage":{"@id":"https:\/\/www.hnhlcranes.com\/product\/european-single-girder-wire-rope-electric-hoist\/#primaryimage"},"image":{"@id":"https:\/\/www.hnhlcranes.com\/product\/european-single-girder-wire-rope-electric-hoist\/#primaryimage"},"thumbnailUrl":"https:\/\/www.hnhlcranes.com\/wp-content\/uploads\/2024\/12\/European-Single-Girder-Wire-Rope-Electric-Hoist.jpg","datePublished":"2024-12-02T13:15:24+00:00","dateModified":"2025-01-16T18:27:00+00:00","description":"European wire rope electric hoist,Low headroom electric hoist,Single beam electric hoist,FEM Single Girder Wire Rope Electric Hoist,Electric Hoist","breadcrumb":{"@id":"https:\/\/www.hnhlcranes.com\/product\/european-single-girder-wire-rope-electric-hoist\/#breadcrumb"},"inLanguage":"pt-BR","potentialAction":[{"@type":"ReadAction","target":["https:\/\/www.hnhlcranes.com\/product\/european-single-girder-wire-rope-electric-hoist\/"]}]},{"@type":"ImageObject","inLanguage":"pt-BR","@id":"https:\/\/www.hnhlcranes.com\/product\/european-single-girder-wire-rope-electric-hoist\/#primaryimage","url":"https:\/\/www.hnhlcranes.com\/wp-content\/uploads\/2024\/12\/European-Single-Girder-Wire-Rope-Electric-Hoist.jpg","contentUrl":"https:\/\/www.hnhlcranes.com\/wp-content\/uploads\/2024\/12\/European-Single-Girder-Wire-Rope-Electric-Hoist.jpg","width":600,"height":600},{"@type":"BreadcrumbList","@id":"https:\/\/www.hnhlcranes.com\/product\/european-single-girder-wire-rope-electric-hoist\/#breadcrumb","itemListElement":[{"@type":"ListItem","position":1,"name":"home","item":"https:\/\/www.hnhlcranes.com\/"},{"@type":"ListItem","position":2,"name":"products","item":"https:\/\/www.hnhlcranes.com\/products\/"},{"@type":"ListItem","position":3,"name":"European Single Girder Wire Rope Electric Hoist"}]},{"@type":"WebSite","@id":"https:\/\/www.hnhlcranes.com\/#website","url":"https:\/\/www.hnhlcranes.com\/","name":"Crane Parts Manufacturer","description":"Crane Wheels,Crane Drums,Crane Hooks,Crane Coupling,Crane End Carriage,Electric Hoist,European Crane Parts,Crane Rail Clip,Crane Spreader,Crane Motor,Crane Reducer,Crane Brake,Light Crane Parts,Workstation Crane Parts,Crane Electrical Parts,China Crane Parts Supplier,China Crane Parts Manufacturer,Angle box type crane wheel,45 degree split crane wheel,European crane wheel,Crane Wheel Blocks,Overhead crane drum,European crane drum,Overhead crane hook,European crane hook,Crane pulley block,Gear coupling,Brake wheel coupling,Drum gear coupling,Brake wheel drum gear coupling,Cardan Shaft Coupling,WZL drum coupling,Plum blossom elastic coupling,Brake wheel plum elastic coupling,European Single girder crane end carriage,European Double girder crane end carriage,European Suspension  crane end carriage,Wire Rope Electric Hoist,Electric Chain Hoist,European Single Girder Wire Rope Electric Hoist,European Double Girder Wire Rope Electric Hoist,Crane grab,Container spreader,Billet crane clamps,C-type hook,Lifting Electromagnet,YZR crane motor,YZP crane motor,ZQ Reducer,ZSC Reducer,QJ Reducer,QJ-L Reducer,QJY Reducer,H series gearbox,F Series Gear Motor,K Series Gear Motor,R Series Gear Motor,travelling machinery gear motor,Electro hydraulic drum brake,Electro hydraulic disc brake,Crane Safety brake,Crane cable trolley,Crane remote controller,Crane pendant controller,Crane electrical control cabinet,Crane limit switch,Crane sound and light alarm,Heavy Duty Aviation Connector,Crane overload limiter","publisher":{"@id":"https:\/\/www.hnhlcranes.com\/#organization"},"potentialAction":[{"@type":"SearchAction","target":{"@type":"EntryPoint","urlTemplate":"https:\/\/www.hnhlcranes.com\/?s={search_term_string}"},"query-input":{"@type":"PropertyValueSpecification","valueRequired":true,"valueName":"search_term_string"}}],"inLanguage":"pt-BR"},{"@type":"Organization","@id":"https:\/\/www.hnhlcranes.com\/#organization","name":"Crane Parts Manufacturer","url":"https:\/\/www.hnhlcranes.com\/","logo":{"@type":"ImageObject","inLanguage":"pt-BR","@id":"https:\/\/www.hnhlcranes.com\/#\/schema\/logo\/image\/","url":"https:\/\/www.hnhlcranes.com\/wp-content\/uploads\/2025\/01\/HL-logo-1.png","contentUrl":"https:\/\/www.hnhlcranes.com\/wp-content\/uploads\/2025\/01\/HL-logo-1.png","width":600,"height":169,"caption":"Crane Parts Manufacturer"},"image":{"@id":"https:\/\/www.hnhlcranes.com\/#\/schema\/logo\/image\/"}}]}},"_links":{"self":[{"href":"https:\/\/www.hnhlcranes.com\/pt_br\/wp-json\/wp\/v2\/product\/5590","targetHints":{"allow":["GET"]}}],"collection":[{"href":"https:\/\/www.hnhlcranes.com\/pt_br\/wp-json\/wp\/v2\/product"}],"about":[{"href":"https:\/\/www.hnhlcranes.com\/pt_br\/wp-json\/wp\/v2\/types\/product"}],"version-history":[{"count":3,"href":"https:\/\/www.hnhlcranes.com\/pt_br\/wp-json\/wp\/v2\/product\/5590\/revisions"}],"predecessor-version":[{"id":7051,"href":"https:\/\/www.hnhlcranes.com\/pt_br\/wp-json\/wp\/v2\/product\/5590\/revisions\/7051"}],"wp:featuredmedia":[{"embeddable":true,"href":"https:\/\/www.hnhlcranes.com\/pt_br\/wp-json\/wp\/v2\/media\/7049"}],"wp:attachment":[{"href":"https:\/\/www.hnhlcranes.com\/pt_br\/wp-json\/wp\/v2\/media?parent=5590"}],"wp:term":[{"taxonomy":"product_brand","embeddable":true,"href":"https:\/\/www.hnhlcranes.com\/pt_br\/wp-json\/wp\/v2\/product_brand?post=5590"},{"taxonomy":"product_cat","embeddable":true,"href":"https:\/\/www.hnhlcranes.com\/pt_br\/wp-json\/wp\/v2\/product_cat?post=5590"},{"taxonomy":"product_tag","embeddable":true,"href":"https:\/\/www.hnhlcranes.com\/pt_br\/wp-json\/wp\/v2\/product_tag?post=5590"}],"curies":[{"name":"wp","href":"https:\/\/api.w.org\/{rel}","templated":true}]}}