{"id":5707,"date":"2024-12-04T10:26:51","date_gmt":"2024-12-04T02:26:51","guid":{"rendered":"https:\/\/www.hnhlcranes.com\/?post_type=product&#038;p=5707"},"modified":"2025-01-13T23:47:09","modified_gmt":"2025-01-13T15:47:09","slug":"peca-do-guindaste-de-estacao-de-trabalho","status":"publish","type":"product","link":"https:\/\/www.hnhlcranes.com\/pt_br\/produto\/peca-do-guindaste-de-estacao-de-trabalho\/","title":{"rendered":"Pe\u00e7a da esta\u00e7\u00e3o de trabalho do guindaste"},"content":{"rendered":"<div class=\"flex max-w-full flex-col flex-grow\">\n<div class=\"min-h-8 text-message flex w-full flex-col items-end gap-2 whitespace-normal break-words [.text-message+&amp;]:mt-5\" dir=\"auto\" data-message-author-role=\"assistant\" data-message-id=\"d22886da-3fb2-45fa-876a-33dd54db9fd5\" data-message-model-slug=\"gpt-4o\">\n<div class=\"flex w-full flex-col gap-1 empty:hidden first:pt-[3px]\">\n<div class=\"markdown prose w-full break-words dark:prose-invert light\">\n<h3>Vis\u00e3o geral da esta\u00e7\u00e3o de trabalho Crane<\/h3>\n<p>O guindaste de esta\u00e7\u00e3o de trabalho \u00e9 um dispositivo de eleva\u00e7\u00e3o altamente eficiente, projetado especificamente para esta\u00e7\u00f5es de trabalho e linhas de produ\u00e7\u00e3o. Atendendo principalmente a aplica\u00e7\u00f5es com capacidades de eleva\u00e7\u00e3o de at\u00e9 2.000 kg, ele oferece uma gama de recursos e funcionalidades excepcionais.<\/p>\n<h3>Recursos de design<\/h3>\n<p>Para melhorar o desempenho, os guindastes de esta\u00e7\u00e3o de trabalho incorporam uma estrutura de tubo quadrado. Essa estrutura inclui quatro colunas verticais e uma viga transversal superior, que formam uma estrutura de p\u00f3rtico est\u00e1vel. Al\u00e9m disso, a viga transversal superior apresenta um design de viga dupla para melhorar a capacidade de carga e integra posi\u00e7\u00f5es pr\u00e9-instaladas para conjuntos de polias e trilhos de guia. Na parte inferior, placas de base refor\u00e7adas fortalecem as colunas, garantindo a estabilidade estrutural geral. Gra\u00e7as \u00e0 sua estrutura modular, os usu\u00e1rios podem instalar e ajustar o guindaste com facilidade, tornando-o ideal para tarefas leves de eleva\u00e7\u00e3o e manuseio de materiais em esta\u00e7\u00f5es de trabalho, armaz\u00e9ns e ambientes semelhantes.<\/p>\n<h3>Cen\u00e1rios de aplicativos<\/h3>\n<p>O Workstation Cranes se destaca em v\u00e1rios setores industriais. Por exemplo, fabricantes de ind\u00fastrias em geral, do setor automotivo e de gera\u00e7\u00e3o de energia contam com esse guindaste para atender \u00e0s suas necessidades de eleva\u00e7\u00e3o. Sua capacidade de fornecer solu\u00e7\u00f5es de eleva\u00e7\u00e3o eficientes e econ\u00f4micas o torna particularmente eficaz para cobrir linhas inteiras de produ\u00e7\u00e3o e montagem.<\/p>\n<h3>Especifica\u00e7\u00f5es t\u00e9cnicas e par\u00e2metros de desempenho<\/h3>\n<p>Para atender a diversos requisitos, o guindaste oferece capacidades de eleva\u00e7\u00e3o, v\u00e3os e alturas de eleva\u00e7\u00e3o personaliz\u00e1veis. Al\u00e9m disso, sua configura\u00e7\u00e3o de trilhos inclui op\u00e7\u00f5es para estruturas de trilho \u00fanico, trilho duplo ou suspensas, proporcionando o benef\u00edcio adicional de grandes v\u00e3os para atender a necessidades operacionais espec\u00edficas.<\/p>\n<h3>Instala\u00e7\u00e3o e manuten\u00e7\u00e3o<\/h3>\n<p>Para maior comodidade, o Workstation Cranes usa dimens\u00f5es de se\u00e7\u00e3o e conex\u00f5es de parafuso padronizadas. Como resultado, a instala\u00e7\u00e3o pode ser conclu\u00edda rapidamente, muitas vezes em um \u00fanico dia, minimizando assim o tempo de inatividade e evitando interrup\u00e7\u00f5es na produ\u00e7\u00e3o. Para manter o desempenho ideal, os operadores devem inspecionar regularmente os trilhos, os mecanismos de eleva\u00e7\u00e3o e os componentes em funcionamento, garantindo uma opera\u00e7\u00e3o segura e confi\u00e1vel ao longo do tempo.<\/p>\n<h3>Seguran\u00e7a e confiabilidade<\/h3>\n<p>Para garantir a seguran\u00e7a operacional, o guindaste incorpora v\u00e1rios recursos avan\u00e7ados de seguran\u00e7a, como limitadores e freios. Al\u00e9m disso, os fabricantes usam materiais leves e de alta resist\u00eancia e processos de fabrica\u00e7\u00e3o avan\u00e7ados para aumentar a estabilidade e a durabilidade do guindaste. Esses recursos tornam os guindastes de esta\u00e7\u00e3o de trabalho uma solu\u00e7\u00e3o de eleva\u00e7\u00e3o segura e confi\u00e1vel.<\/p>\n<h3>Conclus\u00e3o<\/h3>\n<p>Em resumo, os guindastes de esta\u00e7\u00e3o de trabalho se destacam como uma solu\u00e7\u00e3o de eleva\u00e7\u00e3o eficiente, flex\u00edvel e segura. Sua combina\u00e7\u00e3o de alto desempenho, facilidade de instala\u00e7\u00e3o e recursos de seguran\u00e7a robustos faz com que seja a escolha ideal para v\u00e1rias aplica\u00e7\u00f5es industriais.<\/p>\n<\/div>\n<\/div>\n<\/div>\n<\/div>\n<div class=\"mb-2 flex gap-3 empty:hidden -ml-2\">\n<div class=\"items-center justify-start rounded-xl p-1 flex\"><\/div>\n<\/div>\n<h6><strong><span style=\"font-family: arial, helvetica, sans-serif; font-size: 18pt;\">Pe\u00e7a da esta\u00e7\u00e3o de trabalho do guindaste<\/span><\/strong><\/h6>\n<div class=\"flex max-w-full flex-col flex-grow\">\n<div class=\"min-h-8 text-message flex w-full flex-col items-end gap-2 whitespace-normal break-words [.text-message+&amp;]:mt-5\" dir=\"auto\" data-message-author-role=\"assistant\" data-message-id=\"c8d7d5a5-db5c-4384-9025-33dbfdf6a310\" data-message-model-slug=\"gpt-4o\">\n<div class=\"flex w-full flex-col gap-1 empty:hidden first:pt-[3px]\">\n<div class=\"markdown prose w-full break-words dark:prose-invert light\">\n<p><img fetchpriority=\"high\" decoding=\"async\" class=\"wp-image-5712 alignleft\" src=\"https:\/\/www.hnhlcranes.com\/wp-content\/uploads\/2024\/12\/Workstation-Crane-manual-trolley-300x300.jpg\" alt=\"\" width=\"250\" height=\"250\" \/> <img decoding=\"async\" class=\"wp-image-5713 alignleft\" src=\"https:\/\/www.hnhlcranes.com\/wp-content\/uploads\/2024\/12\/Workstation-Crane-electric-trolley-300x300.jpg\" alt=\"\" width=\"250\" height=\"250\" \/> <img decoding=\"async\" class=\"wp-image-5714 alignleft\" src=\"https:\/\/www.hnhlcranes.com\/wp-content\/uploads\/2024\/12\/Workstation-Crane-end-beam-300x300.jpg\" alt=\"\" width=\"249\" height=\"249\" \/><\/p>\n<p>&nbsp;<\/p>\n<\/div>\n<\/div>\n<\/div>\n<\/div>\n<p>&nbsp;<\/p>\n<p>&nbsp;<\/p>\n<p>&nbsp;<\/p>\n<p>&nbsp;<\/p>\n<p>&nbsp;<\/p>\n<p><span style=\"font-size: 12pt;\">\u00a0 Esta\u00e7\u00e3o de trabalho Carrinho manual de guindaste<\/span>\u00a0 \u00a0 \u00a0 \u00a0 \u00a0 \u00a0<span style=\"font-size: 12pt;\">\u00a0 \u00a0Carrinho el\u00e9trico do guindaste da esta\u00e7\u00e3o de trabalho Viga final do guindaste da esta\u00e7\u00e3o de trabalho<\/span><\/p>\n<p>&nbsp;<\/p>\n<p><img loading=\"lazy\" decoding=\"async\" class=\"wp-image-5716 alignleft\" src=\"https:\/\/www.hnhlcranes.com\/wp-content\/uploads\/2024\/12\/Workstation-Crane-cable-slider-300x300.jpg\" alt=\"\" width=\"250\" height=\"250\" \/> <img loading=\"lazy\" decoding=\"async\" class=\"wp-image-5715 alignleft\" src=\"https:\/\/www.hnhlcranes.com\/wp-content\/uploads\/2024\/12\/Workstation-Crane-cable-trolley-300x300.jpg\" alt=\"\" width=\"251\" height=\"251\" \/><\/p>\n<p>&nbsp;<\/p>\n<p>&nbsp;<\/p>\n<p>&nbsp;<\/p>\n<p>&nbsp;<\/p>\n<p>&nbsp;<\/p>\n<p>&nbsp;<\/p>\n<p><span style=\"font-size: 12pt;\">\u00a0 \u00a0 Esta\u00e7\u00e3o de trabalho Guindaste deslizador de cabo Esta\u00e7\u00e3o de trabalho Guindaste carrinho de cabo<\/span><\/p>\n<p>&nbsp;<\/p>","protected":false},"excerpt":{"rendered":"<p>Carrinho manual de guindaste para esta\u00e7\u00e3o de trabalho, carrinho el\u00e9trico de guindaste para esta\u00e7\u00e3o de trabalho, viga de extremidade de guindaste para esta\u00e7\u00e3o de trabalho, carrinho de cabo de guindaste para esta\u00e7\u00e3o de trabalho, pe\u00e7as de guindaste para esta\u00e7\u00e3o de trabalho, controle deslizante de cabo de guindaste para esta\u00e7\u00e3o de trabalho, guindaste para esta\u00e7\u00e3o de trabalho<\/p>","protected":false},"featured_media":7434,"template":"","meta":{"_kad_post_transparent":"default","_kad_post_title":"","_kad_post_layout":"default","_kad_post_sidebar_id":"","_kad_post_content_style":"default","_kad_post_vertical_padding":"show","_kad_post_feature":"","_kad_post_feature_position":"","_kad_post_header":false,"_kad_post_footer":false},"product_brand":[],"product_cat":[64],"product_tag":[376,608,610,606,607,604,605,603,611,609],"class_list":{"0":"post-5707","1":"product","2":"type-product","3":"status-publish","4":"has-post-thumbnail","6":"product_cat-workstation-crane-parts","7":"product_tag-china-crane-parts-supplier","8":"product_tag-freestanding-bridge-crane","9":"product_tag-monorails-crane","10":"product_tag-workstation-crane-cable-slider","11":"product_tag-workstation-crane-cable-trolley","12":"product_tag-workstation-crane-electric-trolley","13":"product_tag-workstation-crane-end-beam","14":"product_tag-workstation-crane-manual-trolley","15":"product_tag-workstation-crane-part","16":"product_tag-workstation-cranes","18":"first","19":"instock","20":"shipping-taxable","21":"product-type-simple","22":"entry","23":"content-bg","24":"loop-entry"},"yoast_head":"<!-- This site is optimized with the Yoast SEO plugin v24.5 - https:\/\/yoast.com\/wordpress\/plugins\/seo\/ -->\n<title>Workstation Crane Part -Workstation Crane- Crane Parts Manufacturer<\/title>\n<meta name=\"description\" content=\"Workstation Crane manual trolley,Workstation Crane electric trolley,Workstation Crane end beam,Workstation Crane cable trolley,Workstation Crane Parts\" \/>\n<meta name=\"robots\" content=\"index, follow, max-snippet:-1, max-image-preview:large, max-video-preview:-1\" \/>\n<link rel=\"canonical\" href=\"https:\/\/www.hnhlcranes.com\/pt_br\/produto\/peca-do-guindaste-de-estacao-de-trabalho\/\" \/>\n<meta property=\"og:locale\" content=\"pt_BR\" \/>\n<meta property=\"og:type\" content=\"article\" \/>\n<meta property=\"og:title\" content=\"Workstation Crane Part -Workstation Crane- Crane Parts Manufacturer\" \/>\n<meta property=\"og:description\" content=\"Workstation Crane manual trolley,Workstation Crane electric trolley,Workstation Crane end beam,Workstation Crane cable trolley,Workstation Crane Parts\" \/>\n<meta property=\"og:url\" content=\"https:\/\/www.hnhlcranes.com\/pt_br\/produto\/peca-do-guindaste-de-estacao-de-trabalho\/\" \/>\n<meta property=\"og:site_name\" content=\"Crane Parts Manufacturer\" \/>\n<meta property=\"article:modified_time\" content=\"2025-01-13T15:47:09+00:00\" \/>\n<meta property=\"og:image\" content=\"https:\/\/www.hnhlcranes.com\/wp-content\/uploads\/2024\/12\/Workstation-Crane-Parts.jpg\" \/>\n\t<meta property=\"og:image:width\" content=\"600\" \/>\n\t<meta property=\"og:image:height\" content=\"600\" \/>\n\t<meta property=\"og:image:type\" content=\"image\/jpeg\" \/>\n<meta name=\"twitter:card\" content=\"summary_large_image\" \/>\n<meta name=\"twitter:label1\" content=\"Est. tempo de leitura\" \/>\n\t<meta name=\"twitter:data1\" content=\"3 minutos\" \/>\n<script type=\"application\/ld+json\" class=\"yoast-schema-graph\">{\"@context\":\"https:\/\/schema.org\",\"@graph\":[{\"@type\":\"WebPage\",\"@id\":\"https:\/\/www.hnhlcranes.com\/product\/workstation-crane-part\/\",\"url\":\"https:\/\/www.hnhlcranes.com\/product\/workstation-crane-part\/\",\"name\":\"Workstation Crane Part -Workstation Crane- Crane Parts Manufacturer\",\"isPartOf\":{\"@id\":\"https:\/\/www.hnhlcranes.com\/#website\"},\"primaryImageOfPage\":{\"@id\":\"https:\/\/www.hnhlcranes.com\/product\/workstation-crane-part\/#primaryimage\"},\"image\":{\"@id\":\"https:\/\/www.hnhlcranes.com\/product\/workstation-crane-part\/#primaryimage\"},\"thumbnailUrl\":\"https:\/\/www.hnhlcranes.com\/wp-content\/uploads\/2024\/12\/Workstation-Crane-Parts.jpg\",\"datePublished\":\"2024-12-04T02:26:51+00:00\",\"dateModified\":\"2025-01-13T15:47:09+00:00\",\"description\":\"Workstation Crane manual trolley,Workstation Crane electric trolley,Workstation Crane end beam,Workstation Crane cable trolley,Workstation Crane Parts\",\"breadcrumb\":{\"@id\":\"https:\/\/www.hnhlcranes.com\/product\/workstation-crane-part\/#breadcrumb\"},\"inLanguage\":\"pt-BR\",\"potentialAction\":[{\"@type\":\"ReadAction\",\"target\":[\"https:\/\/www.hnhlcranes.com\/product\/workstation-crane-part\/\"]}]},{\"@type\":\"ImageObject\",\"inLanguage\":\"pt-BR\",\"@id\":\"https:\/\/www.hnhlcranes.com\/product\/workstation-crane-part\/#primaryimage\",\"url\":\"https:\/\/www.hnhlcranes.com\/wp-content\/uploads\/2024\/12\/Workstation-Crane-Parts.jpg\",\"contentUrl\":\"https:\/\/www.hnhlcranes.com\/wp-content\/uploads\/2024\/12\/Workstation-Crane-Parts.jpg\",\"width\":600,\"height\":600},{\"@type\":\"BreadcrumbList\",\"@id\":\"https:\/\/www.hnhlcranes.com\/product\/workstation-crane-part\/#breadcrumb\",\"itemListElement\":[{\"@type\":\"ListItem\",\"position\":1,\"name\":\"home\",\"item\":\"https:\/\/www.hnhlcranes.com\/\"},{\"@type\":\"ListItem\",\"position\":2,\"name\":\"products\",\"item\":\"https:\/\/www.hnhlcranes.com\/products\/\"},{\"@type\":\"ListItem\",\"position\":3,\"name\":\"Workstation Crane Part\"}]},{\"@type\":\"WebSite\",\"@id\":\"https:\/\/www.hnhlcranes.com\/#website\",\"url\":\"https:\/\/www.hnhlcranes.com\/\",\"name\":\"Crane Parts Manufacturer\",\"description\":\"Crane Wheels,Crane Drums,Crane Hooks,Crane Coupling,Crane End Carriage,Electric Hoist,European Crane Parts,Crane Rail Clip,Crane Spreader,Crane Motor,Crane Reducer,Crane Brake,Light Crane Parts,Workstation Crane Parts,Crane Electrical Parts,China Crane Parts Supplier,China Crane Parts Manufacturer,Angle box type crane wheel,45 degree split crane wheel,European crane wheel,Crane Wheel Blocks,Overhead crane drum,European crane drum,Overhead crane hook,European crane hook,Crane pulley block,Gear coupling,Brake wheel coupling,Drum gear coupling,Brake wheel drum gear coupling,Cardan Shaft Coupling,WZL drum coupling,Plum blossom elastic coupling,Brake wheel plum elastic coupling,European Single girder crane end carriage,European Double girder crane end carriage,European Suspension  crane end carriage,Wire Rope Electric Hoist,Electric Chain Hoist,European Single Girder Wire Rope Electric Hoist,European Double Girder Wire Rope Electric Hoist,Crane grab,Container spreader,Billet crane clamps,C-type hook,Lifting Electromagnet,YZR crane motor,YZP crane motor,ZQ Reducer,ZSC Reducer,QJ Reducer,QJ-L Reducer,QJY Reducer,H series gearbox,F Series Gear Motor,K Series Gear Motor,R Series Gear Motor,travelling machinery gear motor,Electro hydraulic drum brake,Electro hydraulic disc brake,Crane Safety brake,Crane cable trolley,Crane remote controller,Crane pendant controller,Crane electrical control cabinet,Crane limit switch,Crane sound and light alarm,Heavy Duty Aviation Connector,Crane overload limiter\",\"publisher\":{\"@id\":\"https:\/\/www.hnhlcranes.com\/#organization\"},\"potentialAction\":[{\"@type\":\"SearchAction\",\"target\":{\"@type\":\"EntryPoint\",\"urlTemplate\":\"https:\/\/www.hnhlcranes.com\/?s={search_term_string}\"},\"query-input\":{\"@type\":\"PropertyValueSpecification\",\"valueRequired\":true,\"valueName\":\"search_term_string\"}}],\"inLanguage\":\"pt-BR\"},{\"@type\":\"Organization\",\"@id\":\"https:\/\/www.hnhlcranes.com\/#organization\",\"name\":\"Crane Parts Manufacturer\",\"url\":\"https:\/\/www.hnhlcranes.com\/\",\"logo\":{\"@type\":\"ImageObject\",\"inLanguage\":\"pt-BR\",\"@id\":\"https:\/\/www.hnhlcranes.com\/#\/schema\/logo\/image\/\",\"url\":\"https:\/\/www.hnhlcranes.com\/wp-content\/uploads\/2025\/01\/HL-logo-1.png\",\"contentUrl\":\"https:\/\/www.hnhlcranes.com\/wp-content\/uploads\/2025\/01\/HL-logo-1.png\",\"width\":600,\"height\":169,\"caption\":\"Crane Parts Manufacturer\"},\"image\":{\"@id\":\"https:\/\/www.hnhlcranes.com\/#\/schema\/logo\/image\/\"}}]}<\/script>\n<!-- \/ Yoast SEO plugin. -->","yoast_head_json":{"title":"Workstation Crane Part -Workstation Crane- Crane Parts Manufacturer","description":"Workstation Crane manual trolley,Workstation Crane electric trolley,Workstation Crane end beam,Workstation Crane cable trolley,Workstation Crane Parts","robots":{"index":"index","follow":"follow","max-snippet":"max-snippet:-1","max-image-preview":"max-image-preview:large","max-video-preview":"max-video-preview:-1"},"canonical":"https:\/\/www.hnhlcranes.com\/pt_br\/produto\/peca-do-guindaste-de-estacao-de-trabalho\/","og_locale":"pt_BR","og_type":"article","og_title":"Workstation Crane Part -Workstation Crane- Crane Parts Manufacturer","og_description":"Workstation Crane manual trolley,Workstation Crane electric trolley,Workstation Crane end beam,Workstation Crane cable trolley,Workstation Crane Parts","og_url":"https:\/\/www.hnhlcranes.com\/pt_br\/produto\/peca-do-guindaste-de-estacao-de-trabalho\/","og_site_name":"Crane Parts Manufacturer","article_modified_time":"2025-01-13T15:47:09+00:00","og_image":[{"width":600,"height":600,"url":"https:\/\/www.hnhlcranes.com\/wp-content\/uploads\/2024\/12\/Workstation-Crane-Parts.jpg","type":"image\/jpeg"}],"twitter_card":"summary_large_image","twitter_misc":{"Est. tempo de leitura":"3 minutos"},"schema":{"@context":"https:\/\/schema.org","@graph":[{"@type":"WebPage","@id":"https:\/\/www.hnhlcranes.com\/product\/workstation-crane-part\/","url":"https:\/\/www.hnhlcranes.com\/product\/workstation-crane-part\/","name":"Workstation Crane Part -Workstation Crane- Crane Parts Manufacturer","isPartOf":{"@id":"https:\/\/www.hnhlcranes.com\/#website"},"primaryImageOfPage":{"@id":"https:\/\/www.hnhlcranes.com\/product\/workstation-crane-part\/#primaryimage"},"image":{"@id":"https:\/\/www.hnhlcranes.com\/product\/workstation-crane-part\/#primaryimage"},"thumbnailUrl":"https:\/\/www.hnhlcranes.com\/wp-content\/uploads\/2024\/12\/Workstation-Crane-Parts.jpg","datePublished":"2024-12-04T02:26:51+00:00","dateModified":"2025-01-13T15:47:09+00:00","description":"Workstation Crane manual trolley,Workstation Crane electric trolley,Workstation Crane end beam,Workstation Crane cable trolley,Workstation Crane Parts","breadcrumb":{"@id":"https:\/\/www.hnhlcranes.com\/product\/workstation-crane-part\/#breadcrumb"},"inLanguage":"pt-BR","potentialAction":[{"@type":"ReadAction","target":["https:\/\/www.hnhlcranes.com\/product\/workstation-crane-part\/"]}]},{"@type":"ImageObject","inLanguage":"pt-BR","@id":"https:\/\/www.hnhlcranes.com\/product\/workstation-crane-part\/#primaryimage","url":"https:\/\/www.hnhlcranes.com\/wp-content\/uploads\/2024\/12\/Workstation-Crane-Parts.jpg","contentUrl":"https:\/\/www.hnhlcranes.com\/wp-content\/uploads\/2024\/12\/Workstation-Crane-Parts.jpg","width":600,"height":600},{"@type":"BreadcrumbList","@id":"https:\/\/www.hnhlcranes.com\/product\/workstation-crane-part\/#breadcrumb","itemListElement":[{"@type":"ListItem","position":1,"name":"home","item":"https:\/\/www.hnhlcranes.com\/"},{"@type":"ListItem","position":2,"name":"products","item":"https:\/\/www.hnhlcranes.com\/products\/"},{"@type":"ListItem","position":3,"name":"Workstation Crane Part"}]},{"@type":"WebSite","@id":"https:\/\/www.hnhlcranes.com\/#website","url":"https:\/\/www.hnhlcranes.com\/","name":"Crane Parts Manufacturer","description":"Crane Wheels,Crane Drums,Crane Hooks,Crane Coupling,Crane End Carriage,Electric Hoist,European Crane Parts,Crane Rail Clip,Crane Spreader,Crane Motor,Crane Reducer,Crane Brake,Light Crane Parts,Workstation Crane Parts,Crane Electrical Parts,China Crane Parts Supplier,China Crane Parts Manufacturer,Angle box type crane wheel,45 degree split crane wheel,European crane wheel,Crane Wheel Blocks,Overhead crane drum,European crane drum,Overhead crane hook,European crane hook,Crane pulley block,Gear coupling,Brake wheel coupling,Drum gear coupling,Brake wheel drum gear coupling,Cardan Shaft Coupling,WZL drum coupling,Plum blossom elastic coupling,Brake wheel plum elastic coupling,European Single girder crane end carriage,European Double girder crane end carriage,European Suspension  crane end carriage,Wire Rope Electric Hoist,Electric Chain Hoist,European Single Girder Wire Rope Electric Hoist,European Double Girder Wire Rope Electric Hoist,Crane grab,Container spreader,Billet crane clamps,C-type hook,Lifting Electromagnet,YZR crane motor,YZP crane motor,ZQ Reducer,ZSC Reducer,QJ Reducer,QJ-L Reducer,QJY Reducer,H series gearbox,F Series Gear Motor,K Series Gear Motor,R Series Gear Motor,travelling machinery gear motor,Electro hydraulic drum brake,Electro hydraulic disc brake,Crane Safety brake,Crane cable trolley,Crane remote controller,Crane pendant controller,Crane electrical control cabinet,Crane limit switch,Crane sound and light alarm,Heavy Duty Aviation Connector,Crane overload limiter","publisher":{"@id":"https:\/\/www.hnhlcranes.com\/#organization"},"potentialAction":[{"@type":"SearchAction","target":{"@type":"EntryPoint","urlTemplate":"https:\/\/www.hnhlcranes.com\/?s={search_term_string}"},"query-input":{"@type":"PropertyValueSpecification","valueRequired":true,"valueName":"search_term_string"}}],"inLanguage":"pt-BR"},{"@type":"Organization","@id":"https:\/\/www.hnhlcranes.com\/#organization","name":"Crane Parts Manufacturer","url":"https:\/\/www.hnhlcranes.com\/","logo":{"@type":"ImageObject","inLanguage":"pt-BR","@id":"https:\/\/www.hnhlcranes.com\/#\/schema\/logo\/image\/","url":"https:\/\/www.hnhlcranes.com\/wp-content\/uploads\/2025\/01\/HL-logo-1.png","contentUrl":"https:\/\/www.hnhlcranes.com\/wp-content\/uploads\/2025\/01\/HL-logo-1.png","width":600,"height":169,"caption":"Crane Parts Manufacturer"},"image":{"@id":"https:\/\/www.hnhlcranes.com\/#\/schema\/logo\/image\/"}}]}},"_links":{"self":[{"href":"https:\/\/www.hnhlcranes.com\/pt_br\/wp-json\/wp\/v2\/product\/5707","targetHints":{"allow":["GET"]}}],"collection":[{"href":"https:\/\/www.hnhlcranes.com\/pt_br\/wp-json\/wp\/v2\/product"}],"about":[{"href":"https:\/\/www.hnhlcranes.com\/pt_br\/wp-json\/wp\/v2\/types\/product"}],"version-history":[{"count":4,"href":"https:\/\/www.hnhlcranes.com\/pt_br\/wp-json\/wp\/v2\/product\/5707\/revisions"}],"predecessor-version":[{"id":7438,"href":"https:\/\/www.hnhlcranes.com\/pt_br\/wp-json\/wp\/v2\/product\/5707\/revisions\/7438"}],"wp:featuredmedia":[{"embeddable":true,"href":"https:\/\/www.hnhlcranes.com\/pt_br\/wp-json\/wp\/v2\/media\/7434"}],"wp:attachment":[{"href":"https:\/\/www.hnhlcranes.com\/pt_br\/wp-json\/wp\/v2\/media?parent=5707"}],"wp:term":[{"taxonomy":"product_brand","embeddable":true,"href":"https:\/\/www.hnhlcranes.com\/pt_br\/wp-json\/wp\/v2\/product_brand?post=5707"},{"taxonomy":"product_cat","embeddable":true,"href":"https:\/\/www.hnhlcranes.com\/pt_br\/wp-json\/wp\/v2\/product_cat?post=5707"},{"taxonomy":"product_tag","embeddable":true,"href":"https:\/\/www.hnhlcranes.com\/pt_br\/wp-json\/wp\/v2\/product_tag?post=5707"}],"curies":[{"name":"wp","href":"https:\/\/api.w.org\/{rel}","templated":true}]}}