{"id":5740,"date":"2024-12-05T22:42:34","date_gmt":"2024-12-05T14:42:34","guid":{"rendered":"https:\/\/www.hnhlcranes.com\/?post_type=product&#038;p=5740"},"modified":"2025-01-14T23:36:45","modified_gmt":"2025-01-14T15:36:45","slug":"controle-remoto-do-guindaste","status":"publish","type":"product","link":"https:\/\/www.hnhlcranes.com\/pt_br\/produto\/controle-remoto-do-guindaste\/","title":{"rendered":"Controle remoto do guindaste"},"content":{"rendered":"<div class=\"flex max-w-full flex-col flex-grow\">\n<div class=\"min-h-8 text-message flex w-full flex-col items-end gap-2 whitespace-normal break-words [.text-message+&amp;]:mt-5\" dir=\"auto\" data-message-author-role=\"assistant\" data-message-id=\"d22886da-3fb2-45fa-876a-33dd54db9fd5\" data-message-model-slug=\"gpt-4o\">\n<div class=\"flex w-full flex-col gap-1 empty:hidden first:pt-[3px]\">\n<div class=\"markdown prose w-full break-words dark:prose-invert light\">\n<h3>Vis\u00e3o geral do controle remoto do guindaste<\/h3>\n<p>O controle remoto de guindaste \u00e9 um dispositivo de controle sem fio projetado especificamente para opera\u00e7\u00f5es de guindaste. Ele \u00e9 amplamente utilizado em v\u00e1rios campos industriais, como manufatura, log\u00edstica, portos e constru\u00e7\u00e3o. Ao se comunicar sem fio com o sistema de controle do guindaste, ele permite que os operadores controlem as fun\u00e7\u00f5es do guindaste remotamente, aumentando significativamente a efici\u00eancia e a seguran\u00e7a do trabalho.<\/p>\n<h3>Fun\u00e7\u00f5es principais do controle remoto do guindaste<\/h3>\n<ul>\n<li><strong>Controle sem fio<\/strong>: O controlador remoto permite o controle sem fio das principais fun\u00e7\u00f5es do guindaste, incluindo partida, parada, eleva\u00e7\u00e3o e movimenta\u00e7\u00e3o. Isso oferece maior flexibilidade e elimina as limita\u00e7\u00f5es dos m\u00e9todos tradicionais de controle manual.<\/li>\n<li><strong>Bot\u00f5es multifuncionais<\/strong>: O controlador \u00e9 equipado com v\u00e1rios bot\u00f5es, o que permite o controle preciso de v\u00e1rias fun\u00e7\u00f5es do guindaste, como eleva\u00e7\u00e3o, rota\u00e7\u00e3o, movimento e parada de emerg\u00eancia. Esse design garante um alto grau de versatilidade operacional.<\/li>\n<li><strong>Recursos de seguran\u00e7a<\/strong>: O controle remoto \u00e9 equipado com um bot\u00e3o de parada de emerg\u00eancia, permitindo que o operador pare imediatamente o guindaste em caso de perigo. Al\u00e9m disso, alguns modelos exibem o n\u00edvel da bateria, garantindo que o operador possa substituir as baterias antes que elas se esgotem.<\/li>\n<li><strong>Opera\u00e7\u00e3o remota<\/strong>: Usando o controle remoto, os operadores podem realizar opera\u00e7\u00f5es com o guindaste a uma dist\u00e2ncia segura, minimizando a exposi\u00e7\u00e3o a ambientes perigosos e reduzindo o risco de acidentes.<\/li>\n<li><strong>V\u00e1rios modos de opera\u00e7\u00e3o<\/strong>: Alguns modelos oferecem diferentes modos de opera\u00e7\u00e3o, como velocidade \u00fanica, velocidade vari\u00e1vel e controle de velocidade dupla. Isso permite o ajuste com base em requisitos operacionais espec\u00edficos, aumentando ainda mais a flexibilidade do controle.<\/li>\n<\/ul>\n<h3>Principais recursos<\/h3>\n<ul>\n<li><strong>Facilidade de uso<\/strong>: Com sua interface intuitiva e layout de bot\u00f5es, o controle remoto permite que os operadores aprendam rapidamente a oper\u00e1-lo e a executar as tarefas do guindaste com efici\u00eancia.<\/li>\n<li><strong>Efici\u00eancia<\/strong>: O controlador responde prontamente aos comandos, o que acelera as opera\u00e7\u00f5es e reduz o esfor\u00e7o f\u00edsico dos operadores.<\/li>\n<li><strong>Estabilidade<\/strong>: Usando tecnologia sem fio avan\u00e7ada, o controlador garante uma transmiss\u00e3o de sinal est\u00e1vel, evitando interfer\u00eancias que poderiam levar a uma opera\u00e7\u00e3o incorreta.<\/li>\n<li><strong>Durabilidade<\/strong>: A carca\u00e7a do controlador \u00e9 feita de materiais dur\u00e1veis e resistentes a choques, garantindo que ele possa suportar condi\u00e7\u00f5es de trabalho adversas e durar muito tempo.<\/li>\n<\/ul>\n<h3>Aplicativos<\/h3>\n<ul>\n<li><strong>Guindastes<\/strong>: O controle remoto \u00e9 comumente usado com guindastes como pontes rolantes, guindastes de p\u00f3rtico e guindastes de lan\u00e7a, proporcionando uma opera\u00e7\u00e3o eficiente e segura em v\u00e1rias tarefas de eleva\u00e7\u00e3o.<\/li>\n<li><strong>Oficinas industriais<\/strong>: Em grandes instala\u00e7\u00f5es de produ\u00e7\u00e3o, os operadores usam o controle remoto para gerenciar os guindastes com precis\u00e3o, garantindo uma opera\u00e7\u00e3o suave ao longo da linha de produ\u00e7\u00e3o.<\/li>\n<li><strong>Log\u00edstica portu\u00e1ria<\/strong>: Nos portos, os controladores remotos permitem que os operadores controlem os guindastes e os equipamentos de carga\/descarga a uma dist\u00e2ncia segura, minimizando os poss\u00edveis riscos.<\/li>\n<\/ul>\n<h3>Conclus\u00e3o<\/h3>\n<p>Em conclus\u00e3o, os controladores remotos de guindastes s\u00e3o uma ferramenta essencial para as opera\u00e7\u00f5es modernas de guindastes. Ao aproveitar a tecnologia de controle sem fio, ele aumenta a seguran\u00e7a e a efici\u00eancia, oferecendo aos operadores a flexibilidade de controlar os guindastes remotamente. Isso melhora a seguran\u00e7a, aumenta a produtividade e contribui para um ambiente de trabalho mais seguro e eficiente.<\/p>\n<\/div>\n<\/div>\n<\/div>\n<\/div>\n<p>&nbsp;<\/p>","protected":false},"excerpt":{"rendered":"<h6><strong><span style=\"font-family: arial, helvetica, sans-serif; font-size: 14pt;\">Especifica\u00e7\u00f5es do controle remoto da Crane<\/span><\/strong><\/h6>\n<ul>\n<li><strong>Op\u00e7\u00f5es de modelo<\/strong>: F24-6D, F24-8D, F24-10D, F24-12D, F24-60<\/li>\n<li><strong>Op\u00e7\u00f5es de bot\u00f5es<\/strong>: 6, 8, 10, 12 bot\u00f5es ou controle por joystick<\/li>\n<li><strong>\u00cdndice de prote\u00e7\u00e3o<\/strong>: IP65<\/li>\n<li><strong>Faixa de frequ\u00eancia<\/strong>: VHF: 310-331 MHz; UHF: 425-446 MHz<\/li>\n<li><strong>Op\u00e7\u00f5es de alimenta\u00e7\u00e3o do receptor<\/strong>: 24V, 36V, 220V, 380V (opcional)<\/li>\n<li><strong>Temperatura operacional<\/strong>: -40\u00b0C a +85\u00b0C<\/li>\n<li><strong>Dist\u00e2ncia de controle<\/strong>: At\u00e9 100 m em ambientes abertos<\/li>\n<\/ul>","protected":false},"featured_media":7455,"template":"","meta":{"_kad_post_transparent":"default","_kad_post_title":"","_kad_post_layout":"default","_kad_post_sidebar_id":"","_kad_post_content_style":"default","_kad_post_vertical_padding":"show","_kad_post_feature":"","_kad_post_feature_position":"","_kad_post_header":false,"_kad_post_footer":false},"product_brand":[],"product_cat":[65],"product_tag":[632,622,376,634,612,616,626,627,629,613,617,620,615,614,618,628,619,621,623,630,635,633,625,631,624],"class_list":{"0":"post-5740","1":"product","2":"type-product","3":"status-publish","4":"has-post-thumbnail","6":"product_cat-crane-electrical-parts","7":"product_tag-aviation-plug","8":"product_tag-cable-trolley","9":"product_tag-china-crane-parts-supplier","10":"product_tag-crane-aviation-plug","11":"product_tag-crane-cable-trolley","12":"product_tag-crane-control-cabinet","13":"product_tag-crane-control-handle","14":"product_tag-crane-controls","15":"product_tag-crane-electrical-control-cabinet","16":"product_tag-crane-electrical-part","17":"product_tag-crane-limit-switch","18":"product_tag-crane-overload-limiter","19":"product_tag-crane-pendant-controller","20":"product_tag-crane-remote-controller","21":"product_tag-crane-sound-and-light-alarm","22":"product_tag-electrical-control-cabinet","23":"product_tag-heavy-duty-aviation-connector","24":"product_tag-i-beam-cable-trolley","25":"product_tag-i-beam-cable-trolley-supplier","26":"product_tag-limit-switch","27":"product_tag-overload-limiter","28":"product_tag-quick-connector","29":"product_tag-remote-controller","30":"product_tag-sound-and-light-alarm","31":"product_tag-wireless-remote-control","33":"first","34":"instock","35":"shipping-taxable","36":"product-type-simple","37":"entry","38":"content-bg","39":"loop-entry"},"yoast_head":"<!-- This site is optimized with the Yoast SEO plugin v24.5 - https:\/\/yoast.com\/wordpress\/plugins\/seo\/ -->\n<title>Crane remote controller - Wireless remote control-remote controller- Crane Parts Manufacturer<\/title>\n<meta name=\"description\" content=\"Crane remote controller,Wireless remote control,remote controller, remote controller manufacturer,remote controller Supplier,Crane Electrical Parts\" \/>\n<meta name=\"robots\" content=\"index, follow, max-snippet:-1, max-image-preview:large, max-video-preview:-1\" \/>\n<link rel=\"canonical\" href=\"https:\/\/www.hnhlcranes.com\/pt_br\/produto\/controle-remoto-do-guindaste\/\" \/>\n<meta property=\"og:locale\" content=\"pt_BR\" \/>\n<meta property=\"og:type\" content=\"article\" \/>\n<meta property=\"og:title\" content=\"Crane remote controller - Wireless remote control-remote controller- Crane Parts Manufacturer\" \/>\n<meta property=\"og:description\" content=\"Crane remote controller,Wireless remote control,remote controller, remote controller manufacturer,remote controller Supplier,Crane Electrical Parts\" \/>\n<meta property=\"og:url\" content=\"https:\/\/www.hnhlcranes.com\/pt_br\/produto\/controle-remoto-do-guindaste\/\" \/>\n<meta property=\"og:site_name\" content=\"Crane Parts Manufacturer\" \/>\n<meta property=\"article:modified_time\" content=\"2025-01-14T15:36:45+00:00\" \/>\n<meta property=\"og:image\" content=\"https:\/\/www.hnhlcranes.com\/wp-content\/uploads\/2024\/12\/Crane-remote-controller.jpg\" \/>\n\t<meta property=\"og:image:width\" content=\"600\" \/>\n\t<meta property=\"og:image:height\" content=\"600\" \/>\n\t<meta property=\"og:image:type\" content=\"image\/jpeg\" \/>\n<meta name=\"twitter:card\" content=\"summary_large_image\" \/>\n<meta name=\"twitter:label1\" content=\"Est. tempo de leitura\" \/>\n\t<meta name=\"twitter:data1\" content=\"3 minutos\" \/>\n<script type=\"application\/ld+json\" class=\"yoast-schema-graph\">{\"@context\":\"https:\/\/schema.org\",\"@graph\":[{\"@type\":\"WebPage\",\"@id\":\"https:\/\/www.hnhlcranes.com\/product\/crane-remote-controller\/\",\"url\":\"https:\/\/www.hnhlcranes.com\/product\/crane-remote-controller\/\",\"name\":\"Crane remote controller - Wireless remote control-remote controller- Crane Parts Manufacturer\",\"isPartOf\":{\"@id\":\"https:\/\/www.hnhlcranes.com\/#website\"},\"primaryImageOfPage\":{\"@id\":\"https:\/\/www.hnhlcranes.com\/product\/crane-remote-controller\/#primaryimage\"},\"image\":{\"@id\":\"https:\/\/www.hnhlcranes.com\/product\/crane-remote-controller\/#primaryimage\"},\"thumbnailUrl\":\"https:\/\/www.hnhlcranes.com\/wp-content\/uploads\/2024\/12\/Crane-remote-controller.jpg\",\"datePublished\":\"2024-12-05T14:42:34+00:00\",\"dateModified\":\"2025-01-14T15:36:45+00:00\",\"description\":\"Crane remote controller,Wireless remote control,remote controller, remote controller manufacturer,remote controller Supplier,Crane Electrical Parts\",\"breadcrumb\":{\"@id\":\"https:\/\/www.hnhlcranes.com\/product\/crane-remote-controller\/#breadcrumb\"},\"inLanguage\":\"pt-BR\",\"potentialAction\":[{\"@type\":\"ReadAction\",\"target\":[\"https:\/\/www.hnhlcranes.com\/product\/crane-remote-controller\/\"]}]},{\"@type\":\"ImageObject\",\"inLanguage\":\"pt-BR\",\"@id\":\"https:\/\/www.hnhlcranes.com\/product\/crane-remote-controller\/#primaryimage\",\"url\":\"https:\/\/www.hnhlcranes.com\/wp-content\/uploads\/2024\/12\/Crane-remote-controller.jpg\",\"contentUrl\":\"https:\/\/www.hnhlcranes.com\/wp-content\/uploads\/2024\/12\/Crane-remote-controller.jpg\",\"width\":600,\"height\":600},{\"@type\":\"BreadcrumbList\",\"@id\":\"https:\/\/www.hnhlcranes.com\/product\/crane-remote-controller\/#breadcrumb\",\"itemListElement\":[{\"@type\":\"ListItem\",\"position\":1,\"name\":\"home\",\"item\":\"https:\/\/www.hnhlcranes.com\/\"},{\"@type\":\"ListItem\",\"position\":2,\"name\":\"products\",\"item\":\"https:\/\/www.hnhlcranes.com\/products\/\"},{\"@type\":\"ListItem\",\"position\":3,\"name\":\"Crane remote controller\"}]},{\"@type\":\"WebSite\",\"@id\":\"https:\/\/www.hnhlcranes.com\/#website\",\"url\":\"https:\/\/www.hnhlcranes.com\/\",\"name\":\"Crane Parts Manufacturer\",\"description\":\"Crane Wheels,Crane Drums,Crane Hooks,Crane Coupling,Crane End Carriage,Electric Hoist,European Crane Parts,Crane Rail Clip,Crane Spreader,Crane Motor,Crane Reducer,Crane Brake,Light Crane Parts,Workstation Crane Parts,Crane Electrical Parts,China Crane Parts Supplier,China Crane Parts Manufacturer,Angle box type crane wheel,45 degree split crane wheel,European crane wheel,Crane Wheel Blocks,Overhead crane drum,European crane drum,Overhead crane hook,European crane hook,Crane pulley block,Gear coupling,Brake wheel coupling,Drum gear coupling,Brake wheel drum gear coupling,Cardan Shaft Coupling,WZL drum coupling,Plum blossom elastic coupling,Brake wheel plum elastic coupling,European Single girder crane end carriage,European Double girder crane end carriage,European Suspension  crane end carriage,Wire Rope Electric Hoist,Electric Chain Hoist,European Single Girder Wire Rope Electric Hoist,European Double Girder Wire Rope Electric Hoist,Crane grab,Container spreader,Billet crane clamps,C-type hook,Lifting Electromagnet,YZR crane motor,YZP crane motor,ZQ Reducer,ZSC Reducer,QJ Reducer,QJ-L Reducer,QJY Reducer,H series gearbox,F Series Gear Motor,K Series Gear Motor,R Series Gear Motor,travelling machinery gear motor,Electro hydraulic drum brake,Electro hydraulic disc brake,Crane Safety brake,Crane cable trolley,Crane remote controller,Crane pendant controller,Crane electrical control cabinet,Crane limit switch,Crane sound and light alarm,Heavy Duty Aviation Connector,Crane overload limiter\",\"publisher\":{\"@id\":\"https:\/\/www.hnhlcranes.com\/#organization\"},\"potentialAction\":[{\"@type\":\"SearchAction\",\"target\":{\"@type\":\"EntryPoint\",\"urlTemplate\":\"https:\/\/www.hnhlcranes.com\/?s={search_term_string}\"},\"query-input\":{\"@type\":\"PropertyValueSpecification\",\"valueRequired\":true,\"valueName\":\"search_term_string\"}}],\"inLanguage\":\"pt-BR\"},{\"@type\":\"Organization\",\"@id\":\"https:\/\/www.hnhlcranes.com\/#organization\",\"name\":\"Crane Parts Manufacturer\",\"url\":\"https:\/\/www.hnhlcranes.com\/\",\"logo\":{\"@type\":\"ImageObject\",\"inLanguage\":\"pt-BR\",\"@id\":\"https:\/\/www.hnhlcranes.com\/#\/schema\/logo\/image\/\",\"url\":\"https:\/\/www.hnhlcranes.com\/wp-content\/uploads\/2025\/01\/HL-logo-1.png\",\"contentUrl\":\"https:\/\/www.hnhlcranes.com\/wp-content\/uploads\/2025\/01\/HL-logo-1.png\",\"width\":600,\"height\":169,\"caption\":\"Crane Parts Manufacturer\"},\"image\":{\"@id\":\"https:\/\/www.hnhlcranes.com\/#\/schema\/logo\/image\/\"}}]}<\/script>\n<!-- \/ Yoast SEO plugin. -->","yoast_head_json":{"title":"Crane remote controller - Wireless remote control-remote controller- Crane Parts Manufacturer","description":"Crane remote controller,Wireless remote control,remote controller, remote controller manufacturer,remote controller Supplier,Crane Electrical Parts","robots":{"index":"index","follow":"follow","max-snippet":"max-snippet:-1","max-image-preview":"max-image-preview:large","max-video-preview":"max-video-preview:-1"},"canonical":"https:\/\/www.hnhlcranes.com\/pt_br\/produto\/controle-remoto-do-guindaste\/","og_locale":"pt_BR","og_type":"article","og_title":"Crane remote controller - Wireless remote control-remote controller- Crane Parts Manufacturer","og_description":"Crane remote controller,Wireless remote control,remote controller, remote controller manufacturer,remote controller Supplier,Crane Electrical Parts","og_url":"https:\/\/www.hnhlcranes.com\/pt_br\/produto\/controle-remoto-do-guindaste\/","og_site_name":"Crane Parts Manufacturer","article_modified_time":"2025-01-14T15:36:45+00:00","og_image":[{"width":600,"height":600,"url":"https:\/\/www.hnhlcranes.com\/wp-content\/uploads\/2024\/12\/Crane-remote-controller.jpg","type":"image\/jpeg"}],"twitter_card":"summary_large_image","twitter_misc":{"Est. tempo de leitura":"3 minutos"},"schema":{"@context":"https:\/\/schema.org","@graph":[{"@type":"WebPage","@id":"https:\/\/www.hnhlcranes.com\/product\/crane-remote-controller\/","url":"https:\/\/www.hnhlcranes.com\/product\/crane-remote-controller\/","name":"Crane remote controller - Wireless remote control-remote controller- Crane Parts Manufacturer","isPartOf":{"@id":"https:\/\/www.hnhlcranes.com\/#website"},"primaryImageOfPage":{"@id":"https:\/\/www.hnhlcranes.com\/product\/crane-remote-controller\/#primaryimage"},"image":{"@id":"https:\/\/www.hnhlcranes.com\/product\/crane-remote-controller\/#primaryimage"},"thumbnailUrl":"https:\/\/www.hnhlcranes.com\/wp-content\/uploads\/2024\/12\/Crane-remote-controller.jpg","datePublished":"2024-12-05T14:42:34+00:00","dateModified":"2025-01-14T15:36:45+00:00","description":"Crane remote controller,Wireless remote control,remote controller, remote controller manufacturer,remote controller Supplier,Crane Electrical Parts","breadcrumb":{"@id":"https:\/\/www.hnhlcranes.com\/product\/crane-remote-controller\/#breadcrumb"},"inLanguage":"pt-BR","potentialAction":[{"@type":"ReadAction","target":["https:\/\/www.hnhlcranes.com\/product\/crane-remote-controller\/"]}]},{"@type":"ImageObject","inLanguage":"pt-BR","@id":"https:\/\/www.hnhlcranes.com\/product\/crane-remote-controller\/#primaryimage","url":"https:\/\/www.hnhlcranes.com\/wp-content\/uploads\/2024\/12\/Crane-remote-controller.jpg","contentUrl":"https:\/\/www.hnhlcranes.com\/wp-content\/uploads\/2024\/12\/Crane-remote-controller.jpg","width":600,"height":600},{"@type":"BreadcrumbList","@id":"https:\/\/www.hnhlcranes.com\/product\/crane-remote-controller\/#breadcrumb","itemListElement":[{"@type":"ListItem","position":1,"name":"home","item":"https:\/\/www.hnhlcranes.com\/"},{"@type":"ListItem","position":2,"name":"products","item":"https:\/\/www.hnhlcranes.com\/products\/"},{"@type":"ListItem","position":3,"name":"Crane remote controller"}]},{"@type":"WebSite","@id":"https:\/\/www.hnhlcranes.com\/#website","url":"https:\/\/www.hnhlcranes.com\/","name":"Crane Parts Manufacturer","description":"Crane Wheels,Crane Drums,Crane Hooks,Crane Coupling,Crane End Carriage,Electric Hoist,European Crane Parts,Crane Rail Clip,Crane Spreader,Crane Motor,Crane Reducer,Crane Brake,Light Crane Parts,Workstation Crane Parts,Crane Electrical Parts,China Crane Parts Supplier,China Crane Parts Manufacturer,Angle box type crane wheel,45 degree split crane wheel,European crane wheel,Crane Wheel Blocks,Overhead crane drum,European crane drum,Overhead crane hook,European crane hook,Crane pulley block,Gear coupling,Brake wheel coupling,Drum gear coupling,Brake wheel drum gear coupling,Cardan Shaft Coupling,WZL drum coupling,Plum blossom elastic coupling,Brake wheel plum elastic coupling,European Single girder crane end carriage,European Double girder crane end carriage,European Suspension  crane end carriage,Wire Rope Electric Hoist,Electric Chain Hoist,European Single Girder Wire Rope Electric Hoist,European Double Girder Wire Rope Electric Hoist,Crane grab,Container spreader,Billet crane clamps,C-type hook,Lifting Electromagnet,YZR crane motor,YZP crane motor,ZQ Reducer,ZSC Reducer,QJ Reducer,QJ-L Reducer,QJY Reducer,H series gearbox,F Series Gear Motor,K Series Gear Motor,R Series Gear Motor,travelling machinery gear motor,Electro hydraulic drum brake,Electro hydraulic disc brake,Crane Safety brake,Crane cable trolley,Crane remote controller,Crane pendant controller,Crane electrical control cabinet,Crane limit switch,Crane sound and light alarm,Heavy Duty Aviation Connector,Crane overload limiter","publisher":{"@id":"https:\/\/www.hnhlcranes.com\/#organization"},"potentialAction":[{"@type":"SearchAction","target":{"@type":"EntryPoint","urlTemplate":"https:\/\/www.hnhlcranes.com\/?s={search_term_string}"},"query-input":{"@type":"PropertyValueSpecification","valueRequired":true,"valueName":"search_term_string"}}],"inLanguage":"pt-BR"},{"@type":"Organization","@id":"https:\/\/www.hnhlcranes.com\/#organization","name":"Crane Parts Manufacturer","url":"https:\/\/www.hnhlcranes.com\/","logo":{"@type":"ImageObject","inLanguage":"pt-BR","@id":"https:\/\/www.hnhlcranes.com\/#\/schema\/logo\/image\/","url":"https:\/\/www.hnhlcranes.com\/wp-content\/uploads\/2025\/01\/HL-logo-1.png","contentUrl":"https:\/\/www.hnhlcranes.com\/wp-content\/uploads\/2025\/01\/HL-logo-1.png","width":600,"height":169,"caption":"Crane Parts Manufacturer"},"image":{"@id":"https:\/\/www.hnhlcranes.com\/#\/schema\/logo\/image\/"}}]}},"_links":{"self":[{"href":"https:\/\/www.hnhlcranes.com\/pt_br\/wp-json\/wp\/v2\/product\/5740","targetHints":{"allow":["GET"]}}],"collection":[{"href":"https:\/\/www.hnhlcranes.com\/pt_br\/wp-json\/wp\/v2\/product"}],"about":[{"href":"https:\/\/www.hnhlcranes.com\/pt_br\/wp-json\/wp\/v2\/types\/product"}],"version-history":[{"count":3,"href":"https:\/\/www.hnhlcranes.com\/pt_br\/wp-json\/wp\/v2\/product\/5740\/revisions"}],"predecessor-version":[{"id":7458,"href":"https:\/\/www.hnhlcranes.com\/pt_br\/wp-json\/wp\/v2\/product\/5740\/revisions\/7458"}],"wp:featuredmedia":[{"embeddable":true,"href":"https:\/\/www.hnhlcranes.com\/pt_br\/wp-json\/wp\/v2\/media\/7455"}],"wp:attachment":[{"href":"https:\/\/www.hnhlcranes.com\/pt_br\/wp-json\/wp\/v2\/media?parent=5740"}],"wp:term":[{"taxonomy":"product_brand","embeddable":true,"href":"https:\/\/www.hnhlcranes.com\/pt_br\/wp-json\/wp\/v2\/product_brand?post=5740"},{"taxonomy":"product_cat","embeddable":true,"href":"https:\/\/www.hnhlcranes.com\/pt_br\/wp-json\/wp\/v2\/product_cat?post=5740"},{"taxonomy":"product_tag","embeddable":true,"href":"https:\/\/www.hnhlcranes.com\/pt_br\/wp-json\/wp\/v2\/product_tag?post=5740"}],"curies":[{"name":"wp","href":"https:\/\/api.w.org\/{rel}","templated":true}]}}