{"id":5753,"date":"2024-12-05T22:58:36","date_gmt":"2024-12-05T14:58:36","guid":{"rendered":"https:\/\/www.hnhlcranes.com\/?post_type=product&#038;p=5753"},"modified":"2025-01-14T23:46:32","modified_gmt":"2025-01-14T15:46:32","slug":"controlador-pendente-de-guindaste","status":"publish","type":"product","link":"https:\/\/www.hnhlcranes.com\/pt_br\/produto\/controlador-pendente-de-guindaste\/","title":{"rendered":"Controlador de pendente de guindaste"},"content":{"rendered":"<h3>ntrodu\u00e7\u00e3o ao controlador pendente de guindaste<\/h3>\n<p>O controlador pendente de guindaste foi projetado principalmente para gerenciar v\u00e1rias fun\u00e7\u00f5es do guindaste, como partida, parada e controle do movimento direcional. Ele oferece uma solu\u00e7\u00e3o confi\u00e1vel para opera\u00e7\u00f5es de guindastes e talhas em uma ampla variedade de ambientes, sejam eles internos ou externos. A seguir, exploraremos detalhadamente suas aplica\u00e7\u00f5es, m\u00e9todos de opera\u00e7\u00e3o, recursos de seguran\u00e7a e requisitos de manuten\u00e7\u00e3o.<\/p>\n<h3>Escopo do aplicativo e ambiente de trabalho<\/h3>\n<p>O controlador pendente de guindaste \u00e9 adequado para sistemas de controle que operam nas seguintes condi\u00e7\u00f5es:<\/p>\n<ul>\n<li><strong>Alimenta\u00e7\u00e3o CA:<\/strong> Operando em 50Hz ou 60Hz, com capacidade de tens\u00e3o de at\u00e9 380V.<\/li>\n<li><strong>Alimenta\u00e7\u00e3o CC:<\/strong> Adequado para uma tens\u00e3o de trabalho de at\u00e9 220V.<\/li>\n<\/ul>\n<p>Projetado para ser vers\u00e1til, o controlador \u00e9 resistente \u00e0 chuva, neve e poeira, o que o torna a escolha ideal para aplica\u00e7\u00f5es externas, incluindo guindastes e talhas el\u00e9tricas em condi\u00e7\u00f5es clim\u00e1ticas adversas.<\/p>\n<h3>M\u00e9todos e recursos de opera\u00e7\u00e3o<\/h3>\n<p>O controlador pendente do guindaste opera por meio de bot\u00f5es localizados na al\u00e7a de controle e inclui v\u00e1rios recursos importantes que aumentam a seguran\u00e7a e a funcionalidade:<\/p>\n<ul>\n<li><strong>Chave de parada de emerg\u00eancia:<\/strong> Equipado com um interruptor de parada de emerg\u00eancia de cabe\u00e7a de cogumelo com rearme rotativo, o controlador permite o desligamento r\u00e1pido do motor durante emerg\u00eancias, garantindo uma resposta r\u00e1pida a poss\u00edveis perigos.<\/li>\n<li><strong>Controle direcional:<\/strong> O controlador usa bot\u00f5es com s\u00edmbolos de seta reconhecidos internacionalmente. Al\u00e9m disso, os bot\u00f5es de dire\u00e7\u00e3o opostos s\u00e3o intertravados mecanicamente para impedir a opera\u00e7\u00e3o simult\u00e2nea, protegendo assim contra o uso indevido acidental.<\/li>\n<li><strong>Suspens\u00e3o por cabo:<\/strong> O cabo \u00e9 suspenso por meio de fios de a\u00e7o macios e finos sob a caixa el\u00e9trica. Esse design minimiza a tens\u00e3o do cabo e ajuda a evitar danos ao n\u00facleo, promovendo longevidade e desempenho confi\u00e1vel.<\/li>\n<\/ul>\n<h3>Recursos de seguran\u00e7a e prote\u00e7\u00e3o<\/h3>\n<p>O controlador pendente de guindaste \u00e9 constru\u00eddo com v\u00e1rios mecanismos de seguran\u00e7a, que garantem a seguran\u00e7a do operador e a longevidade do equipamento:<\/p>\n<ul>\n<li><strong>\u00c0 prova d'\u00e1gua e dur\u00e1vel:<\/strong> Projetado especificamente para resistir a condi\u00e7\u00f5es ambientais adversas, o controlador garante um desempenho consistente e confi\u00e1vel, mesmo em condi\u00e7\u00f5es clim\u00e1ticas desafiadoras.<\/li>\n<li><strong>Baixa tens\u00e3o de controle:<\/strong> A tens\u00e3o do bot\u00e3o de controle \u00e9 limitada a 36 V, o que aumenta a seguran\u00e7a do operador, reduzindo o risco de choque el\u00e9trico durante o uso.<\/li>\n<li><strong>Alta classifica\u00e7\u00e3o de prote\u00e7\u00e3o:<\/strong> Com um impressionante n\u00edvel de prote\u00e7\u00e3o IP65, o controlador \u00e9 resistente \u00e0 \u00e1gua e \u00e0 poeira, garantindo a funcionalidade em condi\u00e7\u00f5es extremas.<\/li>\n<li><strong>Isolamento e resist\u00eancia:<\/strong> O uso de materiais de isolamento de alta qualidade garante uma opera\u00e7\u00e3o segura e confi\u00e1vel, mesmo em ambientes \u00famidos ou adversos.<\/li>\n<\/ul>\n<h3>Manuten\u00e7\u00e3o e cuidados<\/h3>\n<p>Para garantir a estabilidade e a funcionalidade do controlador pendente de guindaste a longo prazo, \u00e9 essencial fazer manuten\u00e7\u00e3o regular. Veja a seguir algumas dicas importantes de manuten\u00e7\u00e3o:<\/p>\n<ul>\n<li><strong>Bot\u00e3o e verifica\u00e7\u00e3o de parada de emerg\u00eancia:<\/strong> Inspecione periodicamente os bot\u00f5es e a chave de parada de emerg\u00eancia para garantir que permane\u00e7am totalmente operacionais, com a capacidade de serem reiniciados rapidamente quando necess\u00e1rio.<\/li>\n<li><strong>Visibilidade do s\u00edmbolo:<\/strong> Verifique regularmente as etiquetas dos bot\u00f5es para garantir que permane\u00e7am claras e vis\u00edveis, facilitando a opera\u00e7\u00e3o intuitiva.<\/li>\n<li><strong>Integridade do sistema de suspens\u00e3o:<\/strong> Inspecione o sistema de suspens\u00e3o da manopla para garantir que esteja bem preso. Isso ajuda a evitar tens\u00e3o excessiva nos cabos e protege o controlador contra poss\u00edveis danos.<\/li>\n<li><strong>Prote\u00e7\u00e3o ambiental:<\/strong> Armazene e opere o controlador em condi\u00e7\u00f5es que minimizem a exposi\u00e7\u00e3o prolongada a elementos clim\u00e1ticos extremos, preservando sua funcionalidade e vida \u00fatil.<\/li>\n<\/ul>","protected":false},"excerpt":{"rendered":"<h6><strong><span style=\"font-family: arial, helvetica, sans-serif; font-size: 14pt;\">Especifica\u00e7\u00f5es dos controladores pendentes de guindaste<\/span><\/strong><\/h6>\n<ul>\n<li><strong>Contagem de bot\u00f5es<\/strong>: 2, 4 ou 6 bot\u00f5es.<\/li>\n<li><strong>N\u00edvel de prote\u00e7\u00e3o<\/strong>: IP65.<\/li>\n<li><strong>Tens\u00e3o de controle<\/strong>: 36V.<\/li>\n<li><strong>Faixa de temperatura operacional<\/strong>: -40\u00b0C a +85\u00b0C.<\/li>\n<\/ul>","protected":false},"featured_media":7464,"template":"","meta":{"_kad_post_transparent":"default","_kad_post_title":"","_kad_post_layout":"default","_kad_post_sidebar_id":"","_kad_post_content_style":"default","_kad_post_vertical_padding":"show","_kad_post_feature":"","_kad_post_feature_position":"","_kad_post_header":false,"_kad_post_footer":false},"product_brand":[],"product_cat":[65],"product_tag":[632,622,376,634,612,616,626,627,629,613,617,620,615,614,618,628,619,621,623,630,635,633,625,631,624],"class_list":{"0":"post-5753","1":"product","2":"type-product","3":"status-publish","4":"has-post-thumbnail","6":"product_cat-crane-electrical-parts","7":"product_tag-aviation-plug","8":"product_tag-cable-trolley","9":"product_tag-china-crane-parts-supplier","10":"product_tag-crane-aviation-plug","11":"product_tag-crane-cable-trolley","12":"product_tag-crane-control-cabinet","13":"product_tag-crane-control-handle","14":"product_tag-crane-controls","15":"product_tag-crane-electrical-control-cabinet","16":"product_tag-crane-electrical-part","17":"product_tag-crane-limit-switch","18":"product_tag-crane-overload-limiter","19":"product_tag-crane-pendant-controller","20":"product_tag-crane-remote-controller","21":"product_tag-crane-sound-and-light-alarm","22":"product_tag-electrical-control-cabinet","23":"product_tag-heavy-duty-aviation-connector","24":"product_tag-i-beam-cable-trolley","25":"product_tag-i-beam-cable-trolley-supplier","26":"product_tag-limit-switch","27":"product_tag-overload-limiter","28":"product_tag-quick-connector","29":"product_tag-remote-controller","30":"product_tag-sound-and-light-alarm","31":"product_tag-wireless-remote-control","33":"first","34":"instock","35":"shipping-taxable","36":"product-type-simple","37":"entry","38":"content-bg","39":"loop-entry"},"yoast_head":"<!-- This site is optimized with the Yoast SEO plugin v24.5 - https:\/\/yoast.com\/wordpress\/plugins\/seo\/ -->\n<title>Crane pendant controller - Crane control handle-Crane Controls-Crane Parts Manufacturer<\/title>\n<meta name=\"description\" content=\"Crane control handle,Crane Controls,Crane pendant controller,Pendant controller manufacturer,Crane pendant controller Supplier,Crane Electrical Parts\" \/>\n<meta name=\"robots\" content=\"index, follow, max-snippet:-1, max-image-preview:large, max-video-preview:-1\" \/>\n<link rel=\"canonical\" href=\"https:\/\/www.hnhlcranes.com\/pt_br\/produto\/controlador-pendente-de-guindaste\/\" \/>\n<meta property=\"og:locale\" content=\"pt_BR\" \/>\n<meta property=\"og:type\" content=\"article\" \/>\n<meta property=\"og:title\" content=\"Crane pendant controller - Crane control handle-Crane Controls-Crane Parts Manufacturer\" \/>\n<meta property=\"og:description\" content=\"Crane control handle,Crane Controls,Crane pendant controller,Pendant controller manufacturer,Crane pendant controller Supplier,Crane Electrical Parts\" \/>\n<meta property=\"og:url\" content=\"https:\/\/www.hnhlcranes.com\/pt_br\/produto\/controlador-pendente-de-guindaste\/\" \/>\n<meta property=\"og:site_name\" content=\"Crane Parts Manufacturer\" \/>\n<meta property=\"article:modified_time\" content=\"2025-01-14T15:46:32+00:00\" \/>\n<meta property=\"og:image\" content=\"https:\/\/www.hnhlcranes.com\/wp-content\/uploads\/2024\/12\/Crane-pendant-controller.jpg\" \/>\n\t<meta property=\"og:image:width\" content=\"600\" \/>\n\t<meta property=\"og:image:height\" content=\"600\" \/>\n\t<meta property=\"og:image:type\" content=\"image\/jpeg\" \/>\n<meta name=\"twitter:card\" content=\"summary_large_image\" \/>\n<meta name=\"twitter:label1\" content=\"Est. tempo de leitura\" \/>\n\t<meta name=\"twitter:data1\" content=\"3 minutos\" \/>\n<script type=\"application\/ld+json\" class=\"yoast-schema-graph\">{\"@context\":\"https:\/\/schema.org\",\"@graph\":[{\"@type\":\"WebPage\",\"@id\":\"https:\/\/www.hnhlcranes.com\/product\/crane-pendant-controller\/\",\"url\":\"https:\/\/www.hnhlcranes.com\/product\/crane-pendant-controller\/\",\"name\":\"Crane pendant controller - Crane control handle-Crane Controls-Crane Parts Manufacturer\",\"isPartOf\":{\"@id\":\"https:\/\/www.hnhlcranes.com\/#website\"},\"primaryImageOfPage\":{\"@id\":\"https:\/\/www.hnhlcranes.com\/product\/crane-pendant-controller\/#primaryimage\"},\"image\":{\"@id\":\"https:\/\/www.hnhlcranes.com\/product\/crane-pendant-controller\/#primaryimage\"},\"thumbnailUrl\":\"https:\/\/www.hnhlcranes.com\/wp-content\/uploads\/2024\/12\/Crane-pendant-controller.jpg\",\"datePublished\":\"2024-12-05T14:58:36+00:00\",\"dateModified\":\"2025-01-14T15:46:32+00:00\",\"description\":\"Crane control handle,Crane Controls,Crane pendant controller,Pendant controller manufacturer,Crane pendant controller Supplier,Crane Electrical Parts\",\"breadcrumb\":{\"@id\":\"https:\/\/www.hnhlcranes.com\/product\/crane-pendant-controller\/#breadcrumb\"},\"inLanguage\":\"pt-BR\",\"potentialAction\":[{\"@type\":\"ReadAction\",\"target\":[\"https:\/\/www.hnhlcranes.com\/product\/crane-pendant-controller\/\"]}]},{\"@type\":\"ImageObject\",\"inLanguage\":\"pt-BR\",\"@id\":\"https:\/\/www.hnhlcranes.com\/product\/crane-pendant-controller\/#primaryimage\",\"url\":\"https:\/\/www.hnhlcranes.com\/wp-content\/uploads\/2024\/12\/Crane-pendant-controller.jpg\",\"contentUrl\":\"https:\/\/www.hnhlcranes.com\/wp-content\/uploads\/2024\/12\/Crane-pendant-controller.jpg\",\"width\":600,\"height\":600},{\"@type\":\"BreadcrumbList\",\"@id\":\"https:\/\/www.hnhlcranes.com\/product\/crane-pendant-controller\/#breadcrumb\",\"itemListElement\":[{\"@type\":\"ListItem\",\"position\":1,\"name\":\"home\",\"item\":\"https:\/\/www.hnhlcranes.com\/\"},{\"@type\":\"ListItem\",\"position\":2,\"name\":\"products\",\"item\":\"https:\/\/www.hnhlcranes.com\/products\/\"},{\"@type\":\"ListItem\",\"position\":3,\"name\":\"Crane pendant controller\"}]},{\"@type\":\"WebSite\",\"@id\":\"https:\/\/www.hnhlcranes.com\/#website\",\"url\":\"https:\/\/www.hnhlcranes.com\/\",\"name\":\"Crane Parts Manufacturer\",\"description\":\"Crane Wheels,Crane Drums,Crane Hooks,Crane Coupling,Crane End Carriage,Electric Hoist,European Crane Parts,Crane Rail Clip,Crane Spreader,Crane Motor,Crane Reducer,Crane Brake,Light Crane Parts,Workstation Crane Parts,Crane Electrical Parts,China Crane Parts Supplier,China Crane Parts Manufacturer,Angle box type crane wheel,45 degree split crane wheel,European crane wheel,Crane Wheel Blocks,Overhead crane drum,European crane drum,Overhead crane hook,European crane hook,Crane pulley block,Gear coupling,Brake wheel coupling,Drum gear coupling,Brake wheel drum gear coupling,Cardan Shaft Coupling,WZL drum coupling,Plum blossom elastic coupling,Brake wheel plum elastic coupling,European Single girder crane end carriage,European Double girder crane end carriage,European Suspension  crane end carriage,Wire Rope Electric Hoist,Electric Chain Hoist,European Single Girder Wire Rope Electric Hoist,European Double Girder Wire Rope Electric Hoist,Crane grab,Container spreader,Billet crane clamps,C-type hook,Lifting Electromagnet,YZR crane motor,YZP crane motor,ZQ Reducer,ZSC Reducer,QJ Reducer,QJ-L Reducer,QJY Reducer,H series gearbox,F Series Gear Motor,K Series Gear Motor,R Series Gear Motor,travelling machinery gear motor,Electro hydraulic drum brake,Electro hydraulic disc brake,Crane Safety brake,Crane cable trolley,Crane remote controller,Crane pendant controller,Crane electrical control cabinet,Crane limit switch,Crane sound and light alarm,Heavy Duty Aviation Connector,Crane overload limiter\",\"publisher\":{\"@id\":\"https:\/\/www.hnhlcranes.com\/#organization\"},\"potentialAction\":[{\"@type\":\"SearchAction\",\"target\":{\"@type\":\"EntryPoint\",\"urlTemplate\":\"https:\/\/www.hnhlcranes.com\/?s={search_term_string}\"},\"query-input\":{\"@type\":\"PropertyValueSpecification\",\"valueRequired\":true,\"valueName\":\"search_term_string\"}}],\"inLanguage\":\"pt-BR\"},{\"@type\":\"Organization\",\"@id\":\"https:\/\/www.hnhlcranes.com\/#organization\",\"name\":\"Crane Parts Manufacturer\",\"url\":\"https:\/\/www.hnhlcranes.com\/\",\"logo\":{\"@type\":\"ImageObject\",\"inLanguage\":\"pt-BR\",\"@id\":\"https:\/\/www.hnhlcranes.com\/#\/schema\/logo\/image\/\",\"url\":\"https:\/\/www.hnhlcranes.com\/wp-content\/uploads\/2025\/01\/HL-logo-1.png\",\"contentUrl\":\"https:\/\/www.hnhlcranes.com\/wp-content\/uploads\/2025\/01\/HL-logo-1.png\",\"width\":600,\"height\":169,\"caption\":\"Crane Parts Manufacturer\"},\"image\":{\"@id\":\"https:\/\/www.hnhlcranes.com\/#\/schema\/logo\/image\/\"}}]}<\/script>\n<!-- \/ Yoast SEO plugin. -->","yoast_head_json":{"title":"Crane pendant controller - Crane control handle-Crane Controls-Crane Parts Manufacturer","description":"Crane control handle,Crane Controls,Crane pendant controller,Pendant controller manufacturer,Crane pendant controller Supplier,Crane Electrical Parts","robots":{"index":"index","follow":"follow","max-snippet":"max-snippet:-1","max-image-preview":"max-image-preview:large","max-video-preview":"max-video-preview:-1"},"canonical":"https:\/\/www.hnhlcranes.com\/pt_br\/produto\/controlador-pendente-de-guindaste\/","og_locale":"pt_BR","og_type":"article","og_title":"Crane pendant controller - Crane control handle-Crane Controls-Crane Parts Manufacturer","og_description":"Crane control handle,Crane Controls,Crane pendant controller,Pendant controller manufacturer,Crane pendant controller Supplier,Crane Electrical Parts","og_url":"https:\/\/www.hnhlcranes.com\/pt_br\/produto\/controlador-pendente-de-guindaste\/","og_site_name":"Crane Parts Manufacturer","article_modified_time":"2025-01-14T15:46:32+00:00","og_image":[{"width":600,"height":600,"url":"https:\/\/www.hnhlcranes.com\/wp-content\/uploads\/2024\/12\/Crane-pendant-controller.jpg","type":"image\/jpeg"}],"twitter_card":"summary_large_image","twitter_misc":{"Est. tempo de leitura":"3 minutos"},"schema":{"@context":"https:\/\/schema.org","@graph":[{"@type":"WebPage","@id":"https:\/\/www.hnhlcranes.com\/product\/crane-pendant-controller\/","url":"https:\/\/www.hnhlcranes.com\/product\/crane-pendant-controller\/","name":"Crane pendant controller - Crane control handle-Crane Controls-Crane Parts Manufacturer","isPartOf":{"@id":"https:\/\/www.hnhlcranes.com\/#website"},"primaryImageOfPage":{"@id":"https:\/\/www.hnhlcranes.com\/product\/crane-pendant-controller\/#primaryimage"},"image":{"@id":"https:\/\/www.hnhlcranes.com\/product\/crane-pendant-controller\/#primaryimage"},"thumbnailUrl":"https:\/\/www.hnhlcranes.com\/wp-content\/uploads\/2024\/12\/Crane-pendant-controller.jpg","datePublished":"2024-12-05T14:58:36+00:00","dateModified":"2025-01-14T15:46:32+00:00","description":"Crane control handle,Crane Controls,Crane pendant controller,Pendant controller manufacturer,Crane pendant controller Supplier,Crane Electrical Parts","breadcrumb":{"@id":"https:\/\/www.hnhlcranes.com\/product\/crane-pendant-controller\/#breadcrumb"},"inLanguage":"pt-BR","potentialAction":[{"@type":"ReadAction","target":["https:\/\/www.hnhlcranes.com\/product\/crane-pendant-controller\/"]}]},{"@type":"ImageObject","inLanguage":"pt-BR","@id":"https:\/\/www.hnhlcranes.com\/product\/crane-pendant-controller\/#primaryimage","url":"https:\/\/www.hnhlcranes.com\/wp-content\/uploads\/2024\/12\/Crane-pendant-controller.jpg","contentUrl":"https:\/\/www.hnhlcranes.com\/wp-content\/uploads\/2024\/12\/Crane-pendant-controller.jpg","width":600,"height":600},{"@type":"BreadcrumbList","@id":"https:\/\/www.hnhlcranes.com\/product\/crane-pendant-controller\/#breadcrumb","itemListElement":[{"@type":"ListItem","position":1,"name":"home","item":"https:\/\/www.hnhlcranes.com\/"},{"@type":"ListItem","position":2,"name":"products","item":"https:\/\/www.hnhlcranes.com\/products\/"},{"@type":"ListItem","position":3,"name":"Crane pendant controller"}]},{"@type":"WebSite","@id":"https:\/\/www.hnhlcranes.com\/#website","url":"https:\/\/www.hnhlcranes.com\/","name":"Crane Parts Manufacturer","description":"Crane Wheels,Crane Drums,Crane Hooks,Crane Coupling,Crane End Carriage,Electric Hoist,European Crane Parts,Crane Rail Clip,Crane Spreader,Crane Motor,Crane Reducer,Crane Brake,Light Crane Parts,Workstation Crane Parts,Crane Electrical Parts,China Crane Parts Supplier,China Crane Parts Manufacturer,Angle box type crane wheel,45 degree split crane wheel,European crane wheel,Crane Wheel Blocks,Overhead crane drum,European crane drum,Overhead crane hook,European crane hook,Crane pulley block,Gear coupling,Brake wheel coupling,Drum gear coupling,Brake wheel drum gear coupling,Cardan Shaft Coupling,WZL drum coupling,Plum blossom elastic coupling,Brake wheel plum elastic coupling,European Single girder crane end carriage,European Double girder crane end carriage,European Suspension  crane end carriage,Wire Rope Electric Hoist,Electric Chain Hoist,European Single Girder Wire Rope Electric Hoist,European Double Girder Wire Rope Electric Hoist,Crane grab,Container spreader,Billet crane clamps,C-type hook,Lifting Electromagnet,YZR crane motor,YZP crane motor,ZQ Reducer,ZSC Reducer,QJ Reducer,QJ-L Reducer,QJY Reducer,H series gearbox,F Series Gear Motor,K Series Gear Motor,R Series Gear Motor,travelling machinery gear motor,Electro hydraulic drum brake,Electro hydraulic disc brake,Crane Safety brake,Crane cable trolley,Crane remote controller,Crane pendant controller,Crane electrical control cabinet,Crane limit switch,Crane sound and light alarm,Heavy Duty Aviation Connector,Crane overload limiter","publisher":{"@id":"https:\/\/www.hnhlcranes.com\/#organization"},"potentialAction":[{"@type":"SearchAction","target":{"@type":"EntryPoint","urlTemplate":"https:\/\/www.hnhlcranes.com\/?s={search_term_string}"},"query-input":{"@type":"PropertyValueSpecification","valueRequired":true,"valueName":"search_term_string"}}],"inLanguage":"pt-BR"},{"@type":"Organization","@id":"https:\/\/www.hnhlcranes.com\/#organization","name":"Crane Parts Manufacturer","url":"https:\/\/www.hnhlcranes.com\/","logo":{"@type":"ImageObject","inLanguage":"pt-BR","@id":"https:\/\/www.hnhlcranes.com\/#\/schema\/logo\/image\/","url":"https:\/\/www.hnhlcranes.com\/wp-content\/uploads\/2025\/01\/HL-logo-1.png","contentUrl":"https:\/\/www.hnhlcranes.com\/wp-content\/uploads\/2025\/01\/HL-logo-1.png","width":600,"height":169,"caption":"Crane Parts Manufacturer"},"image":{"@id":"https:\/\/www.hnhlcranes.com\/#\/schema\/logo\/image\/"}}]}},"_links":{"self":[{"href":"https:\/\/www.hnhlcranes.com\/pt_br\/wp-json\/wp\/v2\/product\/5753","targetHints":{"allow":["GET"]}}],"collection":[{"href":"https:\/\/www.hnhlcranes.com\/pt_br\/wp-json\/wp\/v2\/product"}],"about":[{"href":"https:\/\/www.hnhlcranes.com\/pt_br\/wp-json\/wp\/v2\/types\/product"}],"version-history":[{"count":2,"href":"https:\/\/www.hnhlcranes.com\/pt_br\/wp-json\/wp\/v2\/product\/5753\/revisions"}],"predecessor-version":[{"id":7465,"href":"https:\/\/www.hnhlcranes.com\/pt_br\/wp-json\/wp\/v2\/product\/5753\/revisions\/7465"}],"wp:featuredmedia":[{"embeddable":true,"href":"https:\/\/www.hnhlcranes.com\/pt_br\/wp-json\/wp\/v2\/media\/7464"}],"wp:attachment":[{"href":"https:\/\/www.hnhlcranes.com\/pt_br\/wp-json\/wp\/v2\/media?parent=5753"}],"wp:term":[{"taxonomy":"product_brand","embeddable":true,"href":"https:\/\/www.hnhlcranes.com\/pt_br\/wp-json\/wp\/v2\/product_brand?post=5753"},{"taxonomy":"product_cat","embeddable":true,"href":"https:\/\/www.hnhlcranes.com\/pt_br\/wp-json\/wp\/v2\/product_cat?post=5753"},{"taxonomy":"product_tag","embeddable":true,"href":"https:\/\/www.hnhlcranes.com\/pt_br\/wp-json\/wp\/v2\/product_tag?post=5753"}],"curies":[{"name":"wp","href":"https:\/\/api.w.org\/{rel}","templated":true}]}}