{"id":5763,"date":"2024-12-05T23:37:16","date_gmt":"2024-12-05T15:37:16","guid":{"rendered":"https:\/\/www.hnhlcranes.com\/?post_type=product&#038;p=5763"},"modified":"2025-01-14T23:58:43","modified_gmt":"2025-01-14T15:58:43","slug":"gabinete-de-controle-eletrico-do-guindaste","status":"publish","type":"product","link":"https:\/\/www.hnhlcranes.com\/pt_br\/produto\/gabinete-de-controle-eletrico-do-guindaste\/","title":{"rendered":"Gabinete de controle el\u00e9trico do guindaste"},"content":{"rendered":"<div class=\"flex max-w-full flex-col flex-grow\">\n<div class=\"min-h-8 text-message flex w-full flex-col items-end gap-2 whitespace-normal break-words text-start [.text-message+&amp;]:mt-5\" dir=\"auto\" data-message-author-role=\"assistant\" data-message-id=\"c900b7fa-04cb-4382-81d9-3bfa02a01192\" data-message-model-slug=\"gpt-4o\">\n<div class=\"flex w-full flex-col gap-1 empty:hidden first:pt-[3px]\">\n<div class=\"markdown prose w-full break-words dark:prose-invert light\">\n<h3>Introdu\u00e7\u00e3o ao gabinete de controle do guindaste<\/h3>\n<p>O gabinete de controle do guindaste \u00e9 um componente essencial do sistema de controle el\u00e9trico de guindastes e equipamentos de eleva\u00e7\u00e3o. Ele funciona como o hub central para gerenciar e regular v\u00e1rias opera\u00e7\u00f5es do guindaste, incluindo eleva\u00e7\u00e3o, abaixamento, deslocamento e rota\u00e7\u00e3o. Ao abrigar elementos de controle essenciais, dispositivos de seguran\u00e7a e sistemas de distribui\u00e7\u00e3o de energia, o gabinete de controle do guindaste garante a opera\u00e7\u00e3o eficiente, segura e confi\u00e1vel dos guindastes em diversas aplica\u00e7\u00f5es industriais.<\/p>\n<h3>Principais recursos e fun\u00e7\u00f5es<\/h3>\n<ol>\n<li><strong>Controle centralizado<\/strong>: O gabinete de controle abriga v\u00e1rios elementos de controle, como partidas de motor, rel\u00e9s, contatores e disjuntores. Esses componentes trabalham juntos para controlar os movimentos do guindaste e proteger o sistema contra falhas el\u00e9tricas.<\/li>\n<li><strong>Distribui\u00e7\u00e3o de energia<\/strong>: O gabinete de controle \u00e9 respons\u00e1vel pela distribui\u00e7\u00e3o de energia para diferentes partes do guindaste, incluindo o guincho, o trole e os motores de deslocamento. Ele garante que a energia necess\u00e1ria seja fornecida a cada motor, permitindo uma opera\u00e7\u00e3o suave e confi\u00e1vel.<\/li>\n<li><strong>Seguran\u00e7a e prote\u00e7\u00e3o<\/strong>: Equipado com v\u00e1rios recursos de seguran\u00e7a, o gabinete de controle do guindaste inclui prote\u00e7\u00e3o contra sobrecarga, prote\u00e7\u00e3o contra curto-circuito e circuitos de parada de emerg\u00eancia. Esses recursos evitam acidentes e danos ao equipamento, garantindo a seguran\u00e7a do operador e do sistema do guindaste.<\/li>\n<li><strong>Automa\u00e7\u00e3o e monitoramento<\/strong>: Muitos gabinetes de controle de guindastes modernos incluem sistemas de automa\u00e7\u00e3o, como controladores l\u00f3gicos program\u00e1veis (PLCs) e interfaces homem-m\u00e1quina (HMIs). Esses sistemas permitem o monitoramento remoto e o controle autom\u00e1tico do guindaste, reduzindo a necessidade de interven\u00e7\u00e3o manual e melhorando a efici\u00eancia operacional.<\/li>\n<li><strong>Personaliza\u00e7\u00e3o<\/strong>: O projeto do gabinete de controle do guindaste pode ser personalizado com base nas necessidades espec\u00edficas do guindaste, como quantidades de motores, tipos de carga e ambiente operacional. Essa flexibilidade garante que o gabinete de controle atenda aos requisitos exclusivos de v\u00e1rios setores, incluindo constru\u00e7\u00e3o, manufatura e log\u00edstica portu\u00e1ria.<\/li>\n<\/ol>\n<h3>Aplica\u00e7\u00f5es do gabinete de controle do guindaste<\/h3>\n<p>O gabinete de controle do guindaste \u00e9 amplamente utilizado em v\u00e1rios ambientes industriais, inclusive:<\/p>\n<ul>\n<li><strong>Guindastes industriais<\/strong>: \u00c9 usado para controlar pontes rolantes, guindastes de p\u00f3rtico e guindastes de lan\u00e7a em f\u00e1bricas, armaz\u00e9ns e instala\u00e7\u00f5es de produ\u00e7\u00e3o.<\/li>\n<li><strong>Guindastes portu\u00e1rios<\/strong>: \u00c9 essencial para o controle de guindastes de manuseio de cont\u00eaineres, guindastes de estaleiros e guindastes de material a granel em portos.<\/li>\n<li><strong>Opera\u00e7\u00f5es de minera\u00e7\u00e3o<\/strong>: O gabinete de controle desempenha um papel fundamental no controle e na distribui\u00e7\u00e3o de energia para guindastes usados em guinchos de minera\u00e7\u00e3o e outras aplica\u00e7\u00f5es de eleva\u00e7\u00e3o de cargas pesadas.<\/li>\n<li><strong>Locais de constru\u00e7\u00e3o<\/strong>: \u00c9 usado para gerenciar guindastes de torre, guinchos de material e outros equipamentos de eleva\u00e7\u00e3o em ambientes de constru\u00e7\u00e3o.<\/li>\n<\/ul>\n<h6><strong><span style=\"font-family: arial, helvetica, sans-serif; font-size: 18pt;\">Instala\u00e7\u00e3o e manuten\u00e7\u00e3o<\/span><\/strong><\/h6>\n<p>Para garantir o desempenho ideal, siga estas diretrizes durante a instala\u00e7\u00e3o e a manuten\u00e7\u00e3o:<\/p>\n<ol>\n<li><strong>Conex\u00f5es met\u00e1licas<\/strong>:<br \/>\nConecte adequadamente todas as pe\u00e7as met\u00e1licas, especialmente as superf\u00edcies pintadas ou anodizadas, usando almofadas de contato especializadas.<\/li>\n<li><strong>Layout do componente<\/strong>:<br \/>\nOrganize os componentes de forma l\u00f3gica, garantindo uma dist\u00e2ncia m\u00ednima de 200 mm entre os drives e as pe\u00e7as el\u00e9tricas sens\u00edveis para minimizar a interfer\u00eancia eletromagn\u00e9tica.<\/li>\n<li><strong>Condi\u00e7\u00f5es ambientais<\/strong>:\n<ul>\n<li><strong>Altitude<\/strong>: Abaixo de 2000m.<\/li>\n<li><strong>Temperatura<\/strong>: -30\u00b0C a +40\u00b0C.<\/li>\n<li><strong>Umidade<\/strong>: \u2264 85%.<\/li>\n<li><strong>Estabilidade<\/strong>: Evite \u00e1reas com vibra\u00e7\u00e3o ou solavancos excessivos.<\/li>\n<li><strong>Seguran\u00e7a<\/strong>: Assegure-se da aus\u00eancia de gases ou vapores explosivos.<\/li>\n<\/ul>\n<\/li>\n<\/ol>\n<h3>Conclus\u00e3o<\/h3>\n<p>Em conclus\u00e3o, o gabinete de controle do guindaste \u00e9 essencial para garantir a opera\u00e7\u00e3o segura, eficiente e confi\u00e1vel dos guindastes. Ao centralizar o controle, distribuir a energia e integrar os recursos de seguran\u00e7a, ele garante movimentos suaves do guindaste e minimiza o risco de falhas no sistema. Gra\u00e7as ao seu design personaliz\u00e1vel, o gabinete de controle do guindaste pode atender \u00e0s necessidades espec\u00edficas de v\u00e1rios setores, contribuindo para aumentar a produtividade e a seguran\u00e7a operacional.<\/p>\n<\/div>\n<\/div>\n<\/div>\n<\/div>","protected":false},"excerpt":{"rendered":"<p>Gabinete de controle, Gabinete de energia, Gabinete de sinal, Gabinete especial, Gabinete de aquisi\u00e7\u00e3o de dados, Gabinete de controle el\u00e9trico de guindaste, Gabinete de controle el\u00e9trico, Gabinete de controle de guindaste<\/p>","protected":false},"featured_media":7472,"template":"","meta":{"_kad_post_transparent":"default","_kad_post_title":"","_kad_post_layout":"default","_kad_post_sidebar_id":"","_kad_post_content_style":"default","_kad_post_vertical_padding":"show","_kad_post_feature":"","_kad_post_feature_position":"","_kad_post_header":false,"_kad_post_footer":false},"product_brand":[],"product_cat":[65],"product_tag":[632,622,376,634,612,616,626,627,629,613,617,620,615,614,618,628,619,621,623,630,635,633,625,631,624],"class_list":{"0":"post-5763","1":"product","2":"type-product","3":"status-publish","4":"has-post-thumbnail","6":"product_cat-crane-electrical-parts","7":"product_tag-aviation-plug","8":"product_tag-cable-trolley","9":"product_tag-china-crane-parts-supplier","10":"product_tag-crane-aviation-plug","11":"product_tag-crane-cable-trolley","12":"product_tag-crane-control-cabinet","13":"product_tag-crane-control-handle","14":"product_tag-crane-controls","15":"product_tag-crane-electrical-control-cabinet","16":"product_tag-crane-electrical-part","17":"product_tag-crane-limit-switch","18":"product_tag-crane-overload-limiter","19":"product_tag-crane-pendant-controller","20":"product_tag-crane-remote-controller","21":"product_tag-crane-sound-and-light-alarm","22":"product_tag-electrical-control-cabinet","23":"product_tag-heavy-duty-aviation-connector","24":"product_tag-i-beam-cable-trolley","25":"product_tag-i-beam-cable-trolley-supplier","26":"product_tag-limit-switch","27":"product_tag-overload-limiter","28":"product_tag-quick-connector","29":"product_tag-remote-controller","30":"product_tag-sound-and-light-alarm","31":"product_tag-wireless-remote-control","33":"first","34":"instock","35":"featured","36":"shipping-taxable","37":"product-type-simple","38":"entry","39":"content-bg","40":"loop-entry"},"yoast_head":"<!-- This site is optimized with the Yoast SEO plugin v24.5 - https:\/\/yoast.com\/wordpress\/plugins\/seo\/ -->\n<title>Crane electrical control cabinet -electrical control cabinet- Crane Parts Manufacturer<\/title>\n<meta name=\"description\" content=\"electrical control cabinet,crane control cabinet,Crane electrical control cabinet,Electrical control cabinet manufacturer,Crane Electrical Parts\" \/>\n<meta name=\"robots\" content=\"index, follow, max-snippet:-1, max-image-preview:large, max-video-preview:-1\" \/>\n<link rel=\"canonical\" href=\"https:\/\/www.hnhlcranes.com\/pt_br\/produto\/gabinete-de-controle-eletrico-do-guindaste\/\" \/>\n<meta property=\"og:locale\" content=\"pt_BR\" \/>\n<meta property=\"og:type\" content=\"article\" \/>\n<meta property=\"og:title\" content=\"Crane electrical control cabinet -electrical control cabinet- Crane Parts Manufacturer\" \/>\n<meta property=\"og:description\" content=\"electrical control cabinet,crane control cabinet,Crane electrical control cabinet,Electrical control cabinet manufacturer,Crane Electrical Parts\" \/>\n<meta property=\"og:url\" content=\"https:\/\/www.hnhlcranes.com\/pt_br\/produto\/gabinete-de-controle-eletrico-do-guindaste\/\" \/>\n<meta property=\"og:site_name\" content=\"Crane Parts Manufacturer\" \/>\n<meta property=\"article:modified_time\" content=\"2025-01-14T15:58:43+00:00\" \/>\n<meta property=\"og:image\" content=\"https:\/\/www.hnhlcranes.com\/wp-content\/uploads\/2024\/12\/Crane-control-cabinet.jpg\" \/>\n\t<meta property=\"og:image:width\" content=\"600\" \/>\n\t<meta property=\"og:image:height\" content=\"600\" \/>\n\t<meta property=\"og:image:type\" content=\"image\/jpeg\" \/>\n<meta name=\"twitter:card\" content=\"summary_large_image\" \/>\n<meta name=\"twitter:label1\" content=\"Est. tempo de leitura\" \/>\n\t<meta name=\"twitter:data1\" content=\"3 minutos\" \/>\n<script type=\"application\/ld+json\" class=\"yoast-schema-graph\">{\"@context\":\"https:\/\/schema.org\",\"@graph\":[{\"@type\":\"WebPage\",\"@id\":\"https:\/\/www.hnhlcranes.com\/product\/crane-electrical-control-cabinet\/\",\"url\":\"https:\/\/www.hnhlcranes.com\/product\/crane-electrical-control-cabinet\/\",\"name\":\"Crane electrical control cabinet -electrical control cabinet- Crane Parts Manufacturer\",\"isPartOf\":{\"@id\":\"https:\/\/www.hnhlcranes.com\/#website\"},\"primaryImageOfPage\":{\"@id\":\"https:\/\/www.hnhlcranes.com\/product\/crane-electrical-control-cabinet\/#primaryimage\"},\"image\":{\"@id\":\"https:\/\/www.hnhlcranes.com\/product\/crane-electrical-control-cabinet\/#primaryimage\"},\"thumbnailUrl\":\"https:\/\/www.hnhlcranes.com\/wp-content\/uploads\/2024\/12\/Crane-control-cabinet.jpg\",\"datePublished\":\"2024-12-05T15:37:16+00:00\",\"dateModified\":\"2025-01-14T15:58:43+00:00\",\"description\":\"electrical control cabinet,crane control cabinet,Crane electrical control cabinet,Electrical control cabinet manufacturer,Crane Electrical Parts\",\"breadcrumb\":{\"@id\":\"https:\/\/www.hnhlcranes.com\/product\/crane-electrical-control-cabinet\/#breadcrumb\"},\"inLanguage\":\"pt-BR\",\"potentialAction\":[{\"@type\":\"ReadAction\",\"target\":[\"https:\/\/www.hnhlcranes.com\/product\/crane-electrical-control-cabinet\/\"]}]},{\"@type\":\"ImageObject\",\"inLanguage\":\"pt-BR\",\"@id\":\"https:\/\/www.hnhlcranes.com\/product\/crane-electrical-control-cabinet\/#primaryimage\",\"url\":\"https:\/\/www.hnhlcranes.com\/wp-content\/uploads\/2024\/12\/Crane-control-cabinet.jpg\",\"contentUrl\":\"https:\/\/www.hnhlcranes.com\/wp-content\/uploads\/2024\/12\/Crane-control-cabinet.jpg\",\"width\":600,\"height\":600},{\"@type\":\"BreadcrumbList\",\"@id\":\"https:\/\/www.hnhlcranes.com\/product\/crane-electrical-control-cabinet\/#breadcrumb\",\"itemListElement\":[{\"@type\":\"ListItem\",\"position\":1,\"name\":\"home\",\"item\":\"https:\/\/www.hnhlcranes.com\/\"},{\"@type\":\"ListItem\",\"position\":2,\"name\":\"products\",\"item\":\"https:\/\/www.hnhlcranes.com\/products\/\"},{\"@type\":\"ListItem\",\"position\":3,\"name\":\"Crane electrical control cabinet\"}]},{\"@type\":\"WebSite\",\"@id\":\"https:\/\/www.hnhlcranes.com\/#website\",\"url\":\"https:\/\/www.hnhlcranes.com\/\",\"name\":\"Crane Parts Manufacturer\",\"description\":\"Crane Wheels,Crane Drums,Crane Hooks,Crane Coupling,Crane End Carriage,Electric Hoist,European Crane Parts,Crane Rail Clip,Crane Spreader,Crane Motor,Crane Reducer,Crane Brake,Light Crane Parts,Workstation Crane Parts,Crane Electrical Parts,China Crane Parts Supplier,China Crane Parts Manufacturer,Angle box type crane wheel,45 degree split crane wheel,European crane wheel,Crane Wheel Blocks,Overhead crane drum,European crane drum,Overhead crane hook,European crane hook,Crane pulley block,Gear coupling,Brake wheel coupling,Drum gear coupling,Brake wheel drum gear coupling,Cardan Shaft Coupling,WZL drum coupling,Plum blossom elastic coupling,Brake wheel plum elastic coupling,European Single girder crane end carriage,European Double girder crane end carriage,European Suspension  crane end carriage,Wire Rope Electric Hoist,Electric Chain Hoist,European Single Girder Wire Rope Electric Hoist,European Double Girder Wire Rope Electric Hoist,Crane grab,Container spreader,Billet crane clamps,C-type hook,Lifting Electromagnet,YZR crane motor,YZP crane motor,ZQ Reducer,ZSC Reducer,QJ Reducer,QJ-L Reducer,QJY Reducer,H series gearbox,F Series Gear Motor,K Series Gear Motor,R Series Gear Motor,travelling machinery gear motor,Electro hydraulic drum brake,Electro hydraulic disc brake,Crane Safety brake,Crane cable trolley,Crane remote controller,Crane pendant controller,Crane electrical control cabinet,Crane limit switch,Crane sound and light alarm,Heavy Duty Aviation Connector,Crane overload limiter\",\"publisher\":{\"@id\":\"https:\/\/www.hnhlcranes.com\/#organization\"},\"potentialAction\":[{\"@type\":\"SearchAction\",\"target\":{\"@type\":\"EntryPoint\",\"urlTemplate\":\"https:\/\/www.hnhlcranes.com\/?s={search_term_string}\"},\"query-input\":{\"@type\":\"PropertyValueSpecification\",\"valueRequired\":true,\"valueName\":\"search_term_string\"}}],\"inLanguage\":\"pt-BR\"},{\"@type\":\"Organization\",\"@id\":\"https:\/\/www.hnhlcranes.com\/#organization\",\"name\":\"Crane Parts Manufacturer\",\"url\":\"https:\/\/www.hnhlcranes.com\/\",\"logo\":{\"@type\":\"ImageObject\",\"inLanguage\":\"pt-BR\",\"@id\":\"https:\/\/www.hnhlcranes.com\/#\/schema\/logo\/image\/\",\"url\":\"https:\/\/www.hnhlcranes.com\/wp-content\/uploads\/2025\/01\/HL-logo-1.png\",\"contentUrl\":\"https:\/\/www.hnhlcranes.com\/wp-content\/uploads\/2025\/01\/HL-logo-1.png\",\"width\":600,\"height\":169,\"caption\":\"Crane Parts Manufacturer\"},\"image\":{\"@id\":\"https:\/\/www.hnhlcranes.com\/#\/schema\/logo\/image\/\"}}]}<\/script>\n<!-- \/ Yoast SEO plugin. -->","yoast_head_json":{"title":"Crane electrical control cabinet -electrical control cabinet- Crane Parts Manufacturer","description":"electrical control cabinet,crane control cabinet,Crane electrical control cabinet,Electrical control cabinet manufacturer,Crane Electrical Parts","robots":{"index":"index","follow":"follow","max-snippet":"max-snippet:-1","max-image-preview":"max-image-preview:large","max-video-preview":"max-video-preview:-1"},"canonical":"https:\/\/www.hnhlcranes.com\/pt_br\/produto\/gabinete-de-controle-eletrico-do-guindaste\/","og_locale":"pt_BR","og_type":"article","og_title":"Crane electrical control cabinet -electrical control cabinet- Crane Parts Manufacturer","og_description":"electrical control cabinet,crane control cabinet,Crane electrical control cabinet,Electrical control cabinet manufacturer,Crane Electrical Parts","og_url":"https:\/\/www.hnhlcranes.com\/pt_br\/produto\/gabinete-de-controle-eletrico-do-guindaste\/","og_site_name":"Crane Parts Manufacturer","article_modified_time":"2025-01-14T15:58:43+00:00","og_image":[{"width":600,"height":600,"url":"https:\/\/www.hnhlcranes.com\/wp-content\/uploads\/2024\/12\/Crane-control-cabinet.jpg","type":"image\/jpeg"}],"twitter_card":"summary_large_image","twitter_misc":{"Est. tempo de leitura":"3 minutos"},"schema":{"@context":"https:\/\/schema.org","@graph":[{"@type":"WebPage","@id":"https:\/\/www.hnhlcranes.com\/product\/crane-electrical-control-cabinet\/","url":"https:\/\/www.hnhlcranes.com\/product\/crane-electrical-control-cabinet\/","name":"Crane electrical control cabinet -electrical control cabinet- Crane Parts Manufacturer","isPartOf":{"@id":"https:\/\/www.hnhlcranes.com\/#website"},"primaryImageOfPage":{"@id":"https:\/\/www.hnhlcranes.com\/product\/crane-electrical-control-cabinet\/#primaryimage"},"image":{"@id":"https:\/\/www.hnhlcranes.com\/product\/crane-electrical-control-cabinet\/#primaryimage"},"thumbnailUrl":"https:\/\/www.hnhlcranes.com\/wp-content\/uploads\/2024\/12\/Crane-control-cabinet.jpg","datePublished":"2024-12-05T15:37:16+00:00","dateModified":"2025-01-14T15:58:43+00:00","description":"electrical control cabinet,crane control cabinet,Crane electrical control cabinet,Electrical control cabinet manufacturer,Crane Electrical Parts","breadcrumb":{"@id":"https:\/\/www.hnhlcranes.com\/product\/crane-electrical-control-cabinet\/#breadcrumb"},"inLanguage":"pt-BR","potentialAction":[{"@type":"ReadAction","target":["https:\/\/www.hnhlcranes.com\/product\/crane-electrical-control-cabinet\/"]}]},{"@type":"ImageObject","inLanguage":"pt-BR","@id":"https:\/\/www.hnhlcranes.com\/product\/crane-electrical-control-cabinet\/#primaryimage","url":"https:\/\/www.hnhlcranes.com\/wp-content\/uploads\/2024\/12\/Crane-control-cabinet.jpg","contentUrl":"https:\/\/www.hnhlcranes.com\/wp-content\/uploads\/2024\/12\/Crane-control-cabinet.jpg","width":600,"height":600},{"@type":"BreadcrumbList","@id":"https:\/\/www.hnhlcranes.com\/product\/crane-electrical-control-cabinet\/#breadcrumb","itemListElement":[{"@type":"ListItem","position":1,"name":"home","item":"https:\/\/www.hnhlcranes.com\/"},{"@type":"ListItem","position":2,"name":"products","item":"https:\/\/www.hnhlcranes.com\/products\/"},{"@type":"ListItem","position":3,"name":"Crane electrical control cabinet"}]},{"@type":"WebSite","@id":"https:\/\/www.hnhlcranes.com\/#website","url":"https:\/\/www.hnhlcranes.com\/","name":"Crane Parts Manufacturer","description":"Crane Wheels,Crane Drums,Crane Hooks,Crane Coupling,Crane End Carriage,Electric Hoist,European Crane Parts,Crane Rail Clip,Crane Spreader,Crane Motor,Crane Reducer,Crane Brake,Light Crane Parts,Workstation Crane Parts,Crane Electrical Parts,China Crane Parts Supplier,China Crane Parts Manufacturer,Angle box type crane wheel,45 degree split crane wheel,European crane wheel,Crane Wheel Blocks,Overhead crane drum,European crane drum,Overhead crane hook,European crane hook,Crane pulley block,Gear coupling,Brake wheel coupling,Drum gear coupling,Brake wheel drum gear coupling,Cardan Shaft Coupling,WZL drum coupling,Plum blossom elastic coupling,Brake wheel plum elastic coupling,European Single girder crane end carriage,European Double girder crane end carriage,European Suspension  crane end carriage,Wire Rope Electric Hoist,Electric Chain Hoist,European Single Girder Wire Rope Electric Hoist,European Double Girder Wire Rope Electric Hoist,Crane grab,Container spreader,Billet crane clamps,C-type hook,Lifting Electromagnet,YZR crane motor,YZP crane motor,ZQ Reducer,ZSC Reducer,QJ Reducer,QJ-L Reducer,QJY Reducer,H series gearbox,F Series Gear Motor,K Series Gear Motor,R Series Gear Motor,travelling machinery gear motor,Electro hydraulic drum brake,Electro hydraulic disc brake,Crane Safety brake,Crane cable trolley,Crane remote controller,Crane pendant controller,Crane electrical control cabinet,Crane limit switch,Crane sound and light alarm,Heavy Duty Aviation Connector,Crane overload limiter","publisher":{"@id":"https:\/\/www.hnhlcranes.com\/#organization"},"potentialAction":[{"@type":"SearchAction","target":{"@type":"EntryPoint","urlTemplate":"https:\/\/www.hnhlcranes.com\/?s={search_term_string}"},"query-input":{"@type":"PropertyValueSpecification","valueRequired":true,"valueName":"search_term_string"}}],"inLanguage":"pt-BR"},{"@type":"Organization","@id":"https:\/\/www.hnhlcranes.com\/#organization","name":"Crane Parts Manufacturer","url":"https:\/\/www.hnhlcranes.com\/","logo":{"@type":"ImageObject","inLanguage":"pt-BR","@id":"https:\/\/www.hnhlcranes.com\/#\/schema\/logo\/image\/","url":"https:\/\/www.hnhlcranes.com\/wp-content\/uploads\/2025\/01\/HL-logo-1.png","contentUrl":"https:\/\/www.hnhlcranes.com\/wp-content\/uploads\/2025\/01\/HL-logo-1.png","width":600,"height":169,"caption":"Crane Parts Manufacturer"},"image":{"@id":"https:\/\/www.hnhlcranes.com\/#\/schema\/logo\/image\/"}}]}},"_links":{"self":[{"href":"https:\/\/www.hnhlcranes.com\/pt_br\/wp-json\/wp\/v2\/product\/5763","targetHints":{"allow":["GET"]}}],"collection":[{"href":"https:\/\/www.hnhlcranes.com\/pt_br\/wp-json\/wp\/v2\/product"}],"about":[{"href":"https:\/\/www.hnhlcranes.com\/pt_br\/wp-json\/wp\/v2\/types\/product"}],"version-history":[{"count":3,"href":"https:\/\/www.hnhlcranes.com\/pt_br\/wp-json\/wp\/v2\/product\/5763\/revisions"}],"predecessor-version":[{"id":7475,"href":"https:\/\/www.hnhlcranes.com\/pt_br\/wp-json\/wp\/v2\/product\/5763\/revisions\/7475"}],"wp:featuredmedia":[{"embeddable":true,"href":"https:\/\/www.hnhlcranes.com\/pt_br\/wp-json\/wp\/v2\/media\/7472"}],"wp:attachment":[{"href":"https:\/\/www.hnhlcranes.com\/pt_br\/wp-json\/wp\/v2\/media?parent=5763"}],"wp:term":[{"taxonomy":"product_brand","embeddable":true,"href":"https:\/\/www.hnhlcranes.com\/pt_br\/wp-json\/wp\/v2\/product_brand?post=5763"},{"taxonomy":"product_cat","embeddable":true,"href":"https:\/\/www.hnhlcranes.com\/pt_br\/wp-json\/wp\/v2\/product_cat?post=5763"},{"taxonomy":"product_tag","embeddable":true,"href":"https:\/\/www.hnhlcranes.com\/pt_br\/wp-json\/wp\/v2\/product_tag?post=5763"}],"curies":[{"name":"wp","href":"https:\/\/api.w.org\/{rel}","templated":true}]}}