{"id":5799,"date":"2024-12-06T01:12:50","date_gmt":"2024-12-05T17:12:50","guid":{"rendered":"https:\/\/www.hnhlcranes.com\/?post_type=product&#038;p=5799"},"modified":"2025-01-16T15:38:12","modified_gmt":"2025-01-16T07:38:12","slug":"conector-de-aviacao-para-servico-pesado","status":"publish","type":"product","link":"https:\/\/www.hnhlcranes.com\/pt_br\/produto\/conector-de-aviacao-para-servico-pesado\/","title":{"rendered":"Conector de avia\u00e7\u00e3o para servi\u00e7o pesado"},"content":{"rendered":"<div class=\"flex max-w-full flex-col flex-grow\">\n<div class=\"min-h-8 text-message flex w-full flex-col items-end gap-2 whitespace-normal break-words text-start [.text-message+&amp;]:mt-5\" dir=\"auto\" data-message-author-role=\"assistant\" data-message-id=\"fc730c9a-ffef-45d3-a6b5-1c3420fc36b9\" data-message-model-slug=\"gpt-4o\">\n<div class=\"flex w-full flex-col gap-1 empty:hidden first:pt-[3px]\">\n<div class=\"markdown prose w-full break-words dark:prose-invert light\"><\/div>\n<\/div>\n<\/div>\n<\/div>\n<h3>Recursos e especifica\u00e7\u00f5es do conector de avia\u00e7\u00e3o para servi\u00e7o pesado<\/h3>\n<h4><strong>Recursos<\/strong><\/h4>\n<ol>\n<li><strong>Alta resist\u00eancia e durabilidade:<\/strong>\n<ul>\n<li>Os conectores de avia\u00e7\u00e3o para servi\u00e7os pesados s\u00e3o fabricados com materiais de alta resist\u00eancia, oferecendo excelente resist\u00eancia \u00e0 abras\u00e3o, \u00e0 corros\u00e3o e ao choque. Esses conectores foram projetados para resistir a impactos mec\u00e2nicos e vibra\u00e7\u00f5es, o que os torna ideais para ambientes agressivos e aplica\u00e7\u00f5es industriais.<\/li>\n<\/ul>\n<\/li>\n<li><strong>\u00c0 prova d'\u00e1gua e de poeira:<\/strong>\n<ul>\n<li>Esses conectores t\u00eam um alto grau de prote\u00e7\u00e3o, geralmente IP67 ou superior, impedindo efetivamente a entrada de \u00e1gua, poeira e outros contaminantes. Como resultado, eles garantem uma opera\u00e7\u00e3o confi\u00e1vel em ambientes com alta umidade ou muita poeira.<\/li>\n<\/ul>\n<\/li>\n<li><strong>Desempenho el\u00e9trico confi\u00e1vel:<\/strong>\n<ul>\n<li>Os conectores de avia\u00e7\u00e3o para servi\u00e7os pesados oferecem alta capacidade de transmiss\u00e3o de corrente, garantindo a transfer\u00eancia est\u00e1vel de energia em condi\u00e7\u00f5es de alta carga. Os componentes de contato s\u00e3o normalmente feitos de materiais de alta condutividade (como liga de cobre), o que garante conex\u00f5es el\u00e9tricas confi\u00e1veis e duradouras.<\/li>\n<\/ul>\n<\/li>\n<li><strong>Resist\u00eancia a altas e baixas temperaturas:<\/strong>\n<ul>\n<li>Esses conectores s\u00e3o projetados para operar em temperaturas extremas, geralmente variando de -55\u00b0C a +200\u00b0C. Eles s\u00e3o adequados para setores como o aeroespacial, militar e ferrovi\u00e1rio, onde condi\u00e7\u00f5es de alta ou baixa temperatura s\u00e3o comuns.<\/li>\n<\/ul>\n<\/li>\n<li><strong>Variedade de conectores:<\/strong>\n<ul>\n<li>Os conectores de avia\u00e7\u00e3o para servi\u00e7os pesados suportam v\u00e1rios tipos de estilos de conectores, incluindo os tipos circular, retangular, de plugue reto e destac\u00e1vel, atendendo a diferentes cen\u00e1rios e requisitos de aplica\u00e7\u00e3o.<\/li>\n<\/ul>\n<\/li>\n<li><strong>Instala\u00e7\u00e3o e desconex\u00e3o r\u00e1pidas:<\/strong>\n<ul>\n<li>Esses conectores foram projetados para oferecer praticidade, com mecanismos de conex\u00e3o e desconex\u00e3o r\u00e1pida que melhoram a efici\u00eancia operacional. Muitos modelos apresentam mecanismos de travamento autom\u00e1tico, garantindo conex\u00f5es est\u00e1veis e confi\u00e1veis.<\/li>\n<\/ul>\n<\/li>\n<li><strong>Ampla gama de aplica\u00e7\u00f5es:<\/strong>\n<ul>\n<li>Esses conectores s\u00e3o amplamente utilizados nos setores aeroespacial, militar, ferrovi\u00e1rio, de maquin\u00e1rio pesado, equipamentos industriais e outros campos que exigem conex\u00f5es el\u00e9tricas de alta resist\u00eancia.<\/li>\n<\/ul>\n<\/li>\n<\/ol>\n<h4><strong>Especifica\u00e7\u00f5es<\/strong><\/h4>\n<ol>\n<li><strong>Corrente nominal:<\/strong>\n<ul>\n<li>A faixa de corrente nominal normalmente varia de 10A a 500A, dependendo do modelo e das especifica\u00e7\u00f5es do conector.<\/li>\n<\/ul>\n<\/li>\n<li><strong>Tens\u00e3o nominal:<\/strong>\n<ul>\n<li>A tens\u00e3o nominal geralmente varia de 250 V a 3000 V, atendendo \u00e0s demandas el\u00e9tricas de v\u00e1rias aplica\u00e7\u00f5es.<\/li>\n<\/ul>\n<\/li>\n<li><strong>Resist\u00eancia de contato:<\/strong>\n<ul>\n<li>A resist\u00eancia de contato \u00e9 normalmente inferior a 1m\u03a9, garantindo conex\u00f5es de baixa resist\u00eancia e reduzindo a perda de energia.<\/li>\n<\/ul>\n<\/li>\n<li><strong>Faixa de temperatura operacional:<\/strong>\n<ul>\n<li>A faixa de temperatura operacional padr\u00e3o \u00e9 de -55 \u00b0C a +200 \u00b0C, com alguns modelos capazes de suportar temperaturas ainda mais altas.<\/li>\n<\/ul>\n<\/li>\n<li><strong>\u00cdndice de prote\u00e7\u00e3o:<\/strong>\n<ul>\n<li>A classifica\u00e7\u00e3o de prote\u00e7\u00e3o normalmente atende ou excede o IP67, oferecendo excelente prote\u00e7\u00e3o \u00e0 prova d'\u00e1gua e de poeira.<\/li>\n<\/ul>\n<\/li>\n<li><strong>Ciclos de inser\u00e7\u00e3o\/retirada:<\/strong>\n<ul>\n<li>Os conectores normalmente suportam de 1.000 a 5.000 ciclos de acoplamento, garantindo confiabilidade e estabilidade de longo prazo, mesmo ap\u00f3s o uso repetido.<\/li>\n<\/ul>\n<\/li>\n<li><strong>Tipos de conectores:<\/strong>\n<ul>\n<li>Os tipos comuns de conectores incluem conectores de conex\u00e3o r\u00e1pida, conectores rosqueados e conectores de travamento, permitindo op\u00e7\u00f5es flex\u00edveis com base em necessidades espec\u00edficas de conex\u00e3o.<\/li>\n<\/ul>\n<\/li>\n<li><strong>Materiais:<\/strong>\n<ul>\n<li>Os compartimentos s\u00e3o geralmente feitos de liga de alum\u00ednio ou a\u00e7o inoxid\u00e1vel, enquanto os contatos s\u00e3o normalmente compostos de liga de cobre ou materiais banhados a prata, proporcionando excelente condutividade e resist\u00eancia \u00e0 corros\u00e3o.<\/li>\n<\/ul>\n<\/li>\n<li><strong>Tamanho e peso:<\/strong>\n<ul>\n<li>Os conectores de avia\u00e7\u00e3o para servi\u00e7os pesados geralmente s\u00e3o maiores para acomodar uma corrente mais alta e um desempenho mec\u00e2nico mais forte, o que resulta em um peso relativamente maior para garantir conex\u00f5es est\u00e1veis.<\/li>\n<\/ul>\n<\/li>\n<\/ol>\n<h3>Conclus\u00e3o<\/h3>\n<p>Em conclus\u00e3o, os conectores de avia\u00e7\u00e3o para servi\u00e7os pesados oferecem durabilidade e confiabilidade excepcionais, proporcionando conex\u00f5es el\u00e9tricas est\u00e1veis mesmo em ambientes extremos. Com recursos como impermeabiliza\u00e7\u00e3o, prote\u00e7\u00e3o contra poeira, resist\u00eancia a choques e toler\u00e2ncia a altas temperaturas, esses conectores s\u00e3o amplamente utilizados em setores como o aeroespacial, militar, ferrovi\u00e1rio e de equipamentos industriais. Seu forte desempenho el\u00e9trico, a variedade de estilos de conectores e as altas classifica\u00e7\u00f5es de prote\u00e7\u00e3o fazem deles a escolha ideal para aplica\u00e7\u00f5es que exigem conex\u00f5es el\u00e9tricas de alta resist\u00eancia.<\/p>\n<p><img fetchpriority=\"high\" decoding=\"async\" class=\"alignnone wp-image-7525\" src=\"https:\/\/www.hnhlcranes.com\/wp-content\/uploads\/2024\/12\/Heavy-Duty-Aviation-Connector-6-pin-e1737012766554-300x147.jpg\" alt=\"\" width=\"1010\" height=\"495\" srcset=\"https:\/\/www.hnhlcranes.com\/wp-content\/uploads\/2024\/12\/Heavy-Duty-Aviation-Connector-6-pin-e1737012766554-300x147.jpg 300w, https:\/\/www.hnhlcranes.com\/wp-content\/uploads\/2024\/12\/Heavy-Duty-Aviation-Connector-6-pin-e1737012766554-1024x502.jpg 1024w, https:\/\/www.hnhlcranes.com\/wp-content\/uploads\/2024\/12\/Heavy-Duty-Aviation-Connector-6-pin-e1737012766554-768x376.jpg 768w, https:\/\/www.hnhlcranes.com\/wp-content\/uploads\/2024\/12\/Heavy-Duty-Aviation-Connector-6-pin-e1737012766554-600x294.jpg 600w, https:\/\/www.hnhlcranes.com\/wp-content\/uploads\/2024\/12\/Heavy-Duty-Aviation-Connector-6-pin-e1737012766554.jpg 1224w\" sizes=\"(max-width: 1010px) 100vw, 1010px\" \/><\/p>\n<p><img decoding=\"async\" class=\"alignnone wp-image-7526\" src=\"https:\/\/www.hnhlcranes.com\/wp-content\/uploads\/2024\/12\/Heavy-Duty-Aviation-Connector-16-pin-e1737012903661-300x147.jpg\" alt=\"\" width=\"1000\" height=\"490\" srcset=\"https:\/\/www.hnhlcranes.com\/wp-content\/uploads\/2024\/12\/Heavy-Duty-Aviation-Connector-16-pin-e1737012903661-300x147.jpg 300w, https:\/\/www.hnhlcranes.com\/wp-content\/uploads\/2024\/12\/Heavy-Duty-Aviation-Connector-16-pin-e1737012903661-1024x502.jpg 1024w, https:\/\/www.hnhlcranes.com\/wp-content\/uploads\/2024\/12\/Heavy-Duty-Aviation-Connector-16-pin-e1737012903661-768x376.jpg 768w, https:\/\/www.hnhlcranes.com\/wp-content\/uploads\/2024\/12\/Heavy-Duty-Aviation-Connector-16-pin-e1737012903661-600x294.jpg 600w, https:\/\/www.hnhlcranes.com\/wp-content\/uploads\/2024\/12\/Heavy-Duty-Aviation-Connector-16-pin-e1737012903661.jpg 1224w\" sizes=\"(max-width: 1000px) 100vw, 1000px\" \/><\/p>\n<p><img decoding=\"async\" class=\"alignnone  wp-image-7527\" src=\"https:\/\/www.hnhlcranes.com\/wp-content\/uploads\/2024\/12\/Heavy-Duty-Aviation-Connector-32-pin-e1737013007182-300x147.jpg\" alt=\"\" width=\"1004\" height=\"492\" srcset=\"https:\/\/www.hnhlcranes.com\/wp-content\/uploads\/2024\/12\/Heavy-Duty-Aviation-Connector-32-pin-e1737013007182-300x147.jpg 300w, https:\/\/www.hnhlcranes.com\/wp-content\/uploads\/2024\/12\/Heavy-Duty-Aviation-Connector-32-pin-e1737013007182-1024x502.jpg 1024w, https:\/\/www.hnhlcranes.com\/wp-content\/uploads\/2024\/12\/Heavy-Duty-Aviation-Connector-32-pin-e1737013007182-768x376.jpg 768w, https:\/\/www.hnhlcranes.com\/wp-content\/uploads\/2024\/12\/Heavy-Duty-Aviation-Connector-32-pin-e1737013007182-600x294.jpg 600w, https:\/\/www.hnhlcranes.com\/wp-content\/uploads\/2024\/12\/Heavy-Duty-Aviation-Connector-32-pin-e1737013007182.jpg 1224w\" sizes=\"(max-width: 1004px) 100vw, 1004px\" \/><\/p>","protected":false},"excerpt":{"rendered":"<p>O HE Heavy Duty Aviation Connector, tamb\u00e9m conhecido como plugue de avia\u00e7\u00e3o ou conector r\u00e1pido, \u00e9 uma solu\u00e7\u00e3o vers\u00e1til e robusta para conex\u00f5es el\u00e9tricas e de sinal em equipamentos industriais, inclusive guindastes.<\/p>","protected":false},"featured_media":7506,"template":"","meta":{"_kad_post_transparent":"default","_kad_post_title":"","_kad_post_layout":"default","_kad_post_sidebar_id":"","_kad_post_content_style":"default","_kad_post_vertical_padding":"show","_kad_post_feature":"","_kad_post_feature_position":"","_kad_post_header":false,"_kad_post_footer":false},"product_brand":[],"product_cat":[65],"product_tag":[632,622,376,634,612,616,626,627,629,613,617,620,615,614,618,628,619,621,623,630,635,633,625,631,624],"class_list":{"0":"post-5799","1":"product","2":"type-product","3":"status-publish","4":"has-post-thumbnail","6":"product_cat-crane-electrical-parts","7":"product_tag-aviation-plug","8":"product_tag-cable-trolley","9":"product_tag-china-crane-parts-supplier","10":"product_tag-crane-aviation-plug","11":"product_tag-crane-cable-trolley","12":"product_tag-crane-control-cabinet","13":"product_tag-crane-control-handle","14":"product_tag-crane-controls","15":"product_tag-crane-electrical-control-cabinet","16":"product_tag-crane-electrical-part","17":"product_tag-crane-limit-switch","18":"product_tag-crane-overload-limiter","19":"product_tag-crane-pendant-controller","20":"product_tag-crane-remote-controller","21":"product_tag-crane-sound-and-light-alarm","22":"product_tag-electrical-control-cabinet","23":"product_tag-heavy-duty-aviation-connector","24":"product_tag-i-beam-cable-trolley","25":"product_tag-i-beam-cable-trolley-supplier","26":"product_tag-limit-switch","27":"product_tag-overload-limiter","28":"product_tag-quick-connector","29":"product_tag-remote-controller","30":"product_tag-sound-and-light-alarm","31":"product_tag-wireless-remote-control","33":"first","34":"instock","35":"shipping-taxable","36":"product-type-simple","37":"entry","38":"content-bg","39":"loop-entry"},"yoast_head":"<!-- This site is optimized with the Yoast SEO plugin v24.5 - https:\/\/yoast.com\/wordpress\/plugins\/seo\/ -->\n<title>Heavy Duty Aviation Connector - Aviation plug-Quick connector-Crane Parts Manufacturer<\/title>\n<meta name=\"description\" content=\"Aviation plug,quick connector,Crane aviation plug, Heavy Duty Aviation Connector manufacturer,Crane Parts Supplier,Heavy Duty Aviation Connector\" \/>\n<meta name=\"robots\" content=\"index, follow, max-snippet:-1, max-image-preview:large, max-video-preview:-1\" \/>\n<link rel=\"canonical\" href=\"https:\/\/www.hnhlcranes.com\/pt_br\/produto\/conector-de-aviacao-para-servico-pesado\/\" \/>\n<meta property=\"og:locale\" content=\"pt_BR\" \/>\n<meta property=\"og:type\" content=\"article\" \/>\n<meta property=\"og:title\" content=\"Heavy Duty Aviation Connector - Aviation plug-Quick connector-Crane Parts Manufacturer\" \/>\n<meta property=\"og:description\" content=\"Aviation plug,quick connector,Crane aviation plug, Heavy Duty Aviation Connector manufacturer,Crane Parts Supplier,Heavy Duty Aviation Connector\" \/>\n<meta property=\"og:url\" content=\"https:\/\/www.hnhlcranes.com\/pt_br\/produto\/conector-de-aviacao-para-servico-pesado\/\" \/>\n<meta property=\"og:site_name\" content=\"Crane Parts Manufacturer\" \/>\n<meta property=\"article:modified_time\" content=\"2025-01-16T07:38:12+00:00\" \/>\n<meta property=\"og:image\" content=\"https:\/\/www.hnhlcranes.com\/wp-content\/uploads\/2024\/12\/Heavy-Duty-Aviation-Connector.jpg\" \/>\n\t<meta property=\"og:image:width\" content=\"600\" \/>\n\t<meta property=\"og:image:height\" content=\"600\" \/>\n\t<meta property=\"og:image:type\" content=\"image\/jpeg\" \/>\n<meta name=\"twitter:card\" content=\"summary_large_image\" \/>\n<meta name=\"twitter:label1\" content=\"Est. tempo de leitura\" \/>\n\t<meta name=\"twitter:data1\" content=\"4 minutos\" \/>\n<script type=\"application\/ld+json\" class=\"yoast-schema-graph\">{\"@context\":\"https:\/\/schema.org\",\"@graph\":[{\"@type\":\"WebPage\",\"@id\":\"https:\/\/www.hnhlcranes.com\/product\/heavy-duty-aviation-connector\/\",\"url\":\"https:\/\/www.hnhlcranes.com\/product\/heavy-duty-aviation-connector\/\",\"name\":\"Heavy Duty Aviation Connector - Aviation plug-Quick connector-Crane Parts Manufacturer\",\"isPartOf\":{\"@id\":\"https:\/\/www.hnhlcranes.com\/#website\"},\"primaryImageOfPage\":{\"@id\":\"https:\/\/www.hnhlcranes.com\/product\/heavy-duty-aviation-connector\/#primaryimage\"},\"image\":{\"@id\":\"https:\/\/www.hnhlcranes.com\/product\/heavy-duty-aviation-connector\/#primaryimage\"},\"thumbnailUrl\":\"https:\/\/www.hnhlcranes.com\/wp-content\/uploads\/2024\/12\/Heavy-Duty-Aviation-Connector.jpg\",\"datePublished\":\"2024-12-05T17:12:50+00:00\",\"dateModified\":\"2025-01-16T07:38:12+00:00\",\"description\":\"Aviation plug,quick connector,Crane aviation plug, Heavy Duty Aviation Connector manufacturer,Crane Parts Supplier,Heavy Duty Aviation Connector\",\"breadcrumb\":{\"@id\":\"https:\/\/www.hnhlcranes.com\/product\/heavy-duty-aviation-connector\/#breadcrumb\"},\"inLanguage\":\"pt-BR\",\"potentialAction\":[{\"@type\":\"ReadAction\",\"target\":[\"https:\/\/www.hnhlcranes.com\/product\/heavy-duty-aviation-connector\/\"]}]},{\"@type\":\"ImageObject\",\"inLanguage\":\"pt-BR\",\"@id\":\"https:\/\/www.hnhlcranes.com\/product\/heavy-duty-aviation-connector\/#primaryimage\",\"url\":\"https:\/\/www.hnhlcranes.com\/wp-content\/uploads\/2024\/12\/Heavy-Duty-Aviation-Connector.jpg\",\"contentUrl\":\"https:\/\/www.hnhlcranes.com\/wp-content\/uploads\/2024\/12\/Heavy-Duty-Aviation-Connector.jpg\",\"width\":600,\"height\":600},{\"@type\":\"BreadcrumbList\",\"@id\":\"https:\/\/www.hnhlcranes.com\/product\/heavy-duty-aviation-connector\/#breadcrumb\",\"itemListElement\":[{\"@type\":\"ListItem\",\"position\":1,\"name\":\"home\",\"item\":\"https:\/\/www.hnhlcranes.com\/\"},{\"@type\":\"ListItem\",\"position\":2,\"name\":\"products\",\"item\":\"https:\/\/www.hnhlcranes.com\/products\/\"},{\"@type\":\"ListItem\",\"position\":3,\"name\":\"Heavy Duty Aviation Connector\"}]},{\"@type\":\"WebSite\",\"@id\":\"https:\/\/www.hnhlcranes.com\/#website\",\"url\":\"https:\/\/www.hnhlcranes.com\/\",\"name\":\"Crane Parts Manufacturer\",\"description\":\"Crane Wheels,Crane Drums,Crane Hooks,Crane Coupling,Crane End Carriage,Electric Hoist,European Crane Parts,Crane Rail Clip,Crane Spreader,Crane Motor,Crane Reducer,Crane Brake,Light Crane Parts,Workstation Crane Parts,Crane Electrical Parts,China Crane Parts Supplier,China Crane Parts Manufacturer,Angle box type crane wheel,45 degree split crane wheel,European crane wheel,Crane Wheel Blocks,Overhead crane drum,European crane drum,Overhead crane hook,European crane hook,Crane pulley block,Gear coupling,Brake wheel coupling,Drum gear coupling,Brake wheel drum gear coupling,Cardan Shaft Coupling,WZL drum coupling,Plum blossom elastic coupling,Brake wheel plum elastic coupling,European Single girder crane end carriage,European Double girder crane end carriage,European Suspension  crane end carriage,Wire Rope Electric Hoist,Electric Chain Hoist,European Single Girder Wire Rope Electric Hoist,European Double Girder Wire Rope Electric Hoist,Crane grab,Container spreader,Billet crane clamps,C-type hook,Lifting Electromagnet,YZR crane motor,YZP crane motor,ZQ Reducer,ZSC Reducer,QJ Reducer,QJ-L Reducer,QJY Reducer,H series gearbox,F Series Gear Motor,K Series Gear Motor,R Series Gear Motor,travelling machinery gear motor,Electro hydraulic drum brake,Electro hydraulic disc brake,Crane Safety brake,Crane cable trolley,Crane remote controller,Crane pendant controller,Crane electrical control cabinet,Crane limit switch,Crane sound and light alarm,Heavy Duty Aviation Connector,Crane overload limiter\",\"publisher\":{\"@id\":\"https:\/\/www.hnhlcranes.com\/#organization\"},\"potentialAction\":[{\"@type\":\"SearchAction\",\"target\":{\"@type\":\"EntryPoint\",\"urlTemplate\":\"https:\/\/www.hnhlcranes.com\/?s={search_term_string}\"},\"query-input\":{\"@type\":\"PropertyValueSpecification\",\"valueRequired\":true,\"valueName\":\"search_term_string\"}}],\"inLanguage\":\"pt-BR\"},{\"@type\":\"Organization\",\"@id\":\"https:\/\/www.hnhlcranes.com\/#organization\",\"name\":\"Crane Parts Manufacturer\",\"url\":\"https:\/\/www.hnhlcranes.com\/\",\"logo\":{\"@type\":\"ImageObject\",\"inLanguage\":\"pt-BR\",\"@id\":\"https:\/\/www.hnhlcranes.com\/#\/schema\/logo\/image\/\",\"url\":\"https:\/\/www.hnhlcranes.com\/wp-content\/uploads\/2025\/01\/HL-logo-1.png\",\"contentUrl\":\"https:\/\/www.hnhlcranes.com\/wp-content\/uploads\/2025\/01\/HL-logo-1.png\",\"width\":600,\"height\":169,\"caption\":\"Crane Parts Manufacturer\"},\"image\":{\"@id\":\"https:\/\/www.hnhlcranes.com\/#\/schema\/logo\/image\/\"}}]}<\/script>\n<!-- \/ Yoast SEO plugin. -->","yoast_head_json":{"title":"Heavy Duty Aviation Connector - Aviation plug-Quick connector-Crane Parts Manufacturer","description":"Aviation plug,quick connector,Crane aviation plug, Heavy Duty Aviation Connector manufacturer,Crane Parts Supplier,Heavy Duty Aviation Connector","robots":{"index":"index","follow":"follow","max-snippet":"max-snippet:-1","max-image-preview":"max-image-preview:large","max-video-preview":"max-video-preview:-1"},"canonical":"https:\/\/www.hnhlcranes.com\/pt_br\/produto\/conector-de-aviacao-para-servico-pesado\/","og_locale":"pt_BR","og_type":"article","og_title":"Heavy Duty Aviation Connector - Aviation plug-Quick connector-Crane Parts Manufacturer","og_description":"Aviation plug,quick connector,Crane aviation plug, Heavy Duty Aviation Connector manufacturer,Crane Parts Supplier,Heavy Duty Aviation Connector","og_url":"https:\/\/www.hnhlcranes.com\/pt_br\/produto\/conector-de-aviacao-para-servico-pesado\/","og_site_name":"Crane Parts Manufacturer","article_modified_time":"2025-01-16T07:38:12+00:00","og_image":[{"width":600,"height":600,"url":"https:\/\/www.hnhlcranes.com\/wp-content\/uploads\/2024\/12\/Heavy-Duty-Aviation-Connector.jpg","type":"image\/jpeg"}],"twitter_card":"summary_large_image","twitter_misc":{"Est. tempo de leitura":"4 minutos"},"schema":{"@context":"https:\/\/schema.org","@graph":[{"@type":"WebPage","@id":"https:\/\/www.hnhlcranes.com\/product\/heavy-duty-aviation-connector\/","url":"https:\/\/www.hnhlcranes.com\/product\/heavy-duty-aviation-connector\/","name":"Heavy Duty Aviation Connector - Aviation plug-Quick connector-Crane Parts Manufacturer","isPartOf":{"@id":"https:\/\/www.hnhlcranes.com\/#website"},"primaryImageOfPage":{"@id":"https:\/\/www.hnhlcranes.com\/product\/heavy-duty-aviation-connector\/#primaryimage"},"image":{"@id":"https:\/\/www.hnhlcranes.com\/product\/heavy-duty-aviation-connector\/#primaryimage"},"thumbnailUrl":"https:\/\/www.hnhlcranes.com\/wp-content\/uploads\/2024\/12\/Heavy-Duty-Aviation-Connector.jpg","datePublished":"2024-12-05T17:12:50+00:00","dateModified":"2025-01-16T07:38:12+00:00","description":"Aviation plug,quick connector,Crane aviation plug, Heavy Duty Aviation Connector manufacturer,Crane Parts Supplier,Heavy Duty Aviation Connector","breadcrumb":{"@id":"https:\/\/www.hnhlcranes.com\/product\/heavy-duty-aviation-connector\/#breadcrumb"},"inLanguage":"pt-BR","potentialAction":[{"@type":"ReadAction","target":["https:\/\/www.hnhlcranes.com\/product\/heavy-duty-aviation-connector\/"]}]},{"@type":"ImageObject","inLanguage":"pt-BR","@id":"https:\/\/www.hnhlcranes.com\/product\/heavy-duty-aviation-connector\/#primaryimage","url":"https:\/\/www.hnhlcranes.com\/wp-content\/uploads\/2024\/12\/Heavy-Duty-Aviation-Connector.jpg","contentUrl":"https:\/\/www.hnhlcranes.com\/wp-content\/uploads\/2024\/12\/Heavy-Duty-Aviation-Connector.jpg","width":600,"height":600},{"@type":"BreadcrumbList","@id":"https:\/\/www.hnhlcranes.com\/product\/heavy-duty-aviation-connector\/#breadcrumb","itemListElement":[{"@type":"ListItem","position":1,"name":"home","item":"https:\/\/www.hnhlcranes.com\/"},{"@type":"ListItem","position":2,"name":"products","item":"https:\/\/www.hnhlcranes.com\/products\/"},{"@type":"ListItem","position":3,"name":"Heavy Duty Aviation Connector"}]},{"@type":"WebSite","@id":"https:\/\/www.hnhlcranes.com\/#website","url":"https:\/\/www.hnhlcranes.com\/","name":"Crane Parts Manufacturer","description":"Crane Wheels,Crane Drums,Crane Hooks,Crane Coupling,Crane End Carriage,Electric Hoist,European Crane Parts,Crane Rail Clip,Crane Spreader,Crane Motor,Crane Reducer,Crane Brake,Light Crane Parts,Workstation Crane Parts,Crane Electrical Parts,China Crane Parts Supplier,China Crane Parts Manufacturer,Angle box type crane wheel,45 degree split crane wheel,European crane wheel,Crane Wheel Blocks,Overhead crane drum,European crane drum,Overhead crane hook,European crane hook,Crane pulley block,Gear coupling,Brake wheel coupling,Drum gear coupling,Brake wheel drum gear coupling,Cardan Shaft Coupling,WZL drum coupling,Plum blossom elastic coupling,Brake wheel plum elastic coupling,European Single girder crane end carriage,European Double girder crane end carriage,European Suspension  crane end carriage,Wire Rope Electric Hoist,Electric Chain Hoist,European Single Girder Wire Rope Electric Hoist,European Double Girder Wire Rope Electric Hoist,Crane grab,Container spreader,Billet crane clamps,C-type hook,Lifting Electromagnet,YZR crane motor,YZP crane motor,ZQ Reducer,ZSC Reducer,QJ Reducer,QJ-L Reducer,QJY Reducer,H series gearbox,F Series Gear Motor,K Series Gear Motor,R Series Gear Motor,travelling machinery gear motor,Electro hydraulic drum brake,Electro hydraulic disc brake,Crane Safety brake,Crane cable trolley,Crane remote controller,Crane pendant controller,Crane electrical control cabinet,Crane limit switch,Crane sound and light alarm,Heavy Duty Aviation Connector,Crane overload limiter","publisher":{"@id":"https:\/\/www.hnhlcranes.com\/#organization"},"potentialAction":[{"@type":"SearchAction","target":{"@type":"EntryPoint","urlTemplate":"https:\/\/www.hnhlcranes.com\/?s={search_term_string}"},"query-input":{"@type":"PropertyValueSpecification","valueRequired":true,"valueName":"search_term_string"}}],"inLanguage":"pt-BR"},{"@type":"Organization","@id":"https:\/\/www.hnhlcranes.com\/#organization","name":"Crane Parts Manufacturer","url":"https:\/\/www.hnhlcranes.com\/","logo":{"@type":"ImageObject","inLanguage":"pt-BR","@id":"https:\/\/www.hnhlcranes.com\/#\/schema\/logo\/image\/","url":"https:\/\/www.hnhlcranes.com\/wp-content\/uploads\/2025\/01\/HL-logo-1.png","contentUrl":"https:\/\/www.hnhlcranes.com\/wp-content\/uploads\/2025\/01\/HL-logo-1.png","width":600,"height":169,"caption":"Crane Parts Manufacturer"},"image":{"@id":"https:\/\/www.hnhlcranes.com\/#\/schema\/logo\/image\/"}}]}},"_links":{"self":[{"href":"https:\/\/www.hnhlcranes.com\/pt_br\/wp-json\/wp\/v2\/product\/5799","targetHints":{"allow":["GET"]}}],"collection":[{"href":"https:\/\/www.hnhlcranes.com\/pt_br\/wp-json\/wp\/v2\/product"}],"about":[{"href":"https:\/\/www.hnhlcranes.com\/pt_br\/wp-json\/wp\/v2\/types\/product"}],"version-history":[{"count":25,"href":"https:\/\/www.hnhlcranes.com\/pt_br\/wp-json\/wp\/v2\/product\/5799\/revisions"}],"predecessor-version":[{"id":7533,"href":"https:\/\/www.hnhlcranes.com\/pt_br\/wp-json\/wp\/v2\/product\/5799\/revisions\/7533"}],"wp:featuredmedia":[{"embeddable":true,"href":"https:\/\/www.hnhlcranes.com\/pt_br\/wp-json\/wp\/v2\/media\/7506"}],"wp:attachment":[{"href":"https:\/\/www.hnhlcranes.com\/pt_br\/wp-json\/wp\/v2\/media?parent=5799"}],"wp:term":[{"taxonomy":"product_brand","embeddable":true,"href":"https:\/\/www.hnhlcranes.com\/pt_br\/wp-json\/wp\/v2\/product_brand?post=5799"},{"taxonomy":"product_cat","embeddable":true,"href":"https:\/\/www.hnhlcranes.com\/pt_br\/wp-json\/wp\/v2\/product_cat?post=5799"},{"taxonomy":"product_tag","embeddable":true,"href":"https:\/\/www.hnhlcranes.com\/pt_br\/wp-json\/wp\/v2\/product_tag?post=5799"}],"curies":[{"name":"wp","href":"https:\/\/api.w.org\/{rel}","templated":true}]}}