{"id":5820,"date":"2024-12-06T01:29:13","date_gmt":"2024-12-05T17:29:13","guid":{"rendered":"https:\/\/www.hnhlcranes.com\/?post_type=product&#038;p=5820"},"modified":"2025-01-16T16:14:10","modified_gmt":"2025-01-16T08:14:10","slug":"limitador-de-sobrecarga-do-guindaste","status":"publish","type":"product","link":"https:\/\/www.hnhlcranes.com\/pt_br\/produto\/limitador-de-sobrecarga-do-guindaste\/","title":{"rendered":"Limitador de sobrecarga do guindaste"},"content":{"rendered":"<div class=\"flex-1 overflow-hidden\">\n<div class=\"h-full\">\n<div class=\"react-scroll-to-bottom--css-fbdqh-79elbk h-full\">\n<div class=\"react-scroll-to-bottom--css-fbdqh-1n7m0yu\">\n<div class=\"flex flex-col text-sm md:pb-9\">\n<article class=\"w-full scroll-mb-[var(--thread-trailing-height,150px)] text-token-text-primary focus-visible:outline-2 focus-visible:outline-offset-[-4px]\" dir=\"auto\" data-testid=\"conversation-turn-17\" data-scroll-anchor=\"true\">\n<div class=\"m-auto text-base py-[18px] px-3 md:px-4 w-full md:px-5 lg:px-4 xl:px-5\">\n<div class=\"mx-auto flex flex-1 gap-4 text-base md:gap-5 lg:gap-6 md:max-w-3xl lg:max-w-[40rem] xl:max-w-[48rem]\">\n<div class=\"group\/conversation-turn relative flex w-full min-w-0 flex-col agent-turn\">\n<div class=\"flex-col gap-1 md:gap-3\">\n<div class=\"flex max-w-full flex-col flex-grow\">\n<div class=\"min-h-8 text-message flex w-full flex-col items-end gap-2 whitespace-normal break-words text-start [.text-message+&amp;]:mt-5\" dir=\"auto\" data-message-author-role=\"assistant\" data-message-id=\"6538a722-2ad3-40cd-9770-c47786dcb06e\" data-message-model-slug=\"gpt-4o\">\n<div class=\"flex w-full flex-col gap-1 empty:hidden first:pt-[3px]\">\n<div class=\"markdown prose w-full break-words dark:prose-invert light\">\n<div class=\"flex max-w-full flex-col flex-grow\">\n<div class=\"min-h-8 text-message flex w-full flex-col items-end gap-2 whitespace-normal break-words text-start [.text-message+&amp;]:mt-5\" dir=\"auto\" data-message-author-role=\"assistant\" data-message-id=\"4161658d-c029-4f43-843c-307ecec1274a\" data-message-model-slug=\"gpt-4o\">\n<div class=\"flex w-full flex-col gap-1 empty:hidden first:pt-[3px]\">\n<div class=\"markdown prose w-full break-words dark:prose-invert light\">\n<h3><strong>Adequa\u00e7\u00e3o ambiental <\/strong>do limitador de sobrecarga do guindaste<\/h3>\n<ol>\n<li><strong>Ambientes de alta e baixa temperatura:<\/strong>\n<ul>\n<li>Os limitadores de sobrecarga da Crane s\u00e3o capazes de operar de forma confi\u00e1vel em uma ampla faixa de temperatura, normalmente de -40 \u00b0C a +85 \u00b0C, o que os torna adequados para condi\u00e7\u00f5es de alta e baixa temperatura.<\/li>\n<\/ul>\n<\/li>\n<li><strong>Ambientes \u00famidos e \u00e0 prova d'\u00e1gua:<\/strong>\n<ul>\n<li>Esses limitadores normalmente t\u00eam uma classifica\u00e7\u00e3o de prote\u00e7\u00e3o IP65 ou superior, impedindo a entrada de \u00e1gua e poeira no dispositivo. Isso os torna ideais para uso em condi\u00e7\u00f5es clim\u00e1ticas \u00famidas, empoeiradas ou adversas.<\/li>\n<\/ul>\n<\/li>\n<\/ol>\n<h3><strong>Fun\u00e7\u00f5es principais <\/strong>do limitador de sobrecarga do guindaste<\/h3>\n<ol>\n<li><strong>Monitoramento de carga e preven\u00e7\u00e3o de sobrecarga:<\/strong>\n<ul>\n<li>O limitador de sobrecarga monitora continuamente a carga no gancho e a compara com a capacidade nominal do guindaste. Se a carga exceder o limite de seguran\u00e7a, o sistema restringe automaticamente as opera\u00e7\u00f5es de eleva\u00e7\u00e3o adicionais.<\/li>\n<\/ul>\n<\/li>\n<li><strong>Alarme autom\u00e1tico:<\/strong>\n<ul>\n<li>Quando a carga se aproxima ou ultrapassa o limite de seguran\u00e7a, o sistema aciona um alarme, incluindo sinais sonoros e visuais, alertando o operador para que tome medidas corretivas e evite mais sobrecargas.<\/li>\n<\/ul>\n<\/li>\n<li><strong>Prote\u00e7\u00e3o operacional:<\/strong>\n<ul>\n<li>O limitador de sobrecarga pode interagir com o sistema de controle do guindaste para reduzir automaticamente a velocidade de eleva\u00e7\u00e3o ou interromper completamente outras opera\u00e7\u00f5es de eleva\u00e7\u00e3o, evitando danos ao equipamento ou riscos \u00e0 seguran\u00e7a causados por sobrecarga.<\/li>\n<\/ul>\n<\/li>\n<li><strong>Armazenamento e an\u00e1lise de dados:<\/strong>\n<ul>\n<li>O limitador geralmente \u00e9 equipado com recursos de armazenamento de dados, o que permite registrar dados hist\u00f3ricos de carga, informa\u00e7\u00f5es de alarme e outros detalhes operacionais. Isso ajuda na an\u00e1lise p\u00f3s-opera\u00e7\u00e3o, no diagn\u00f3stico e na manuten\u00e7\u00e3o. Alguns modelos tamb\u00e9m suportam monitoramento remoto e download de dados.<\/li>\n<\/ul>\n<\/li>\n<li><strong>Controle remoto e alertas:<\/strong>\n<ul>\n<li>Alguns modelos oferecem fun\u00e7\u00f5es de monitoramento e controle remotos, permitindo que os operadores ou gerentes visualizem dados de carga e informa\u00e7\u00f5es de alarme \u00e0 dist\u00e2ncia, melhorando a seguran\u00e7a geral durante as opera\u00e7\u00f5es do guindaste.<\/li>\n<\/ul>\n<\/li>\n<\/ol>\n<h3><strong>Princ\u00edpio de funcionamento<\/strong><\/h3>\n<ol>\n<li><strong>Medi\u00e7\u00e3o de carga:<\/strong>\n<ul>\n<li>O limitador de sobrecarga do guindaste usa sensores, como sensores de press\u00e3o, sensores de tens\u00e3o ou sensores de deslocamento, para medir a carga no gancho em tempo real. Os sensores enviam esses dados para o sistema de controle para processamento.<\/li>\n<\/ul>\n<\/li>\n<li><strong>Processamento e compara\u00e7\u00e3o de dados:<\/strong>\n<ul>\n<li>Quando o sistema de controle recebe os dados do sensor, ele compara a carga atual com o limite de seguran\u00e7a predefinido. Se a carga exceder o limite, o sistema aciona imediatamente o alarme e ativa o mecanismo de prote\u00e7\u00e3o.<\/li>\n<\/ul>\n<\/li>\n<li><strong>Mecanismo de alarme e prote\u00e7\u00e3o:<\/strong>\n<ul>\n<li>Quando a carga excede o limite de seguran\u00e7a, o sistema ativa o alarme sonoro e visual para avisar o operador. Simultaneamente, ele toma medidas autom\u00e1ticas, como reduzir a velocidade de eleva\u00e7\u00e3o ou interromper a eleva\u00e7\u00e3o adicional para evitar danos ao equipamento ou incidentes de seguran\u00e7a.<\/li>\n<\/ul>\n<\/li>\n<li><strong>Monitoramento e registro em tempo real:<\/strong>\n<ul>\n<li>O limitador de sobrecarga exibe dados de carga em tempo real em uma tela e registra dados hist\u00f3ricos para an\u00e1lise posterior. Alguns modelos avan\u00e7ados podem transmitir dados remotamente para uma central de monitoramento, permitindo a observa\u00e7\u00e3o cont\u00ednua pelo operador ou pela equipe de gerenciamento.<\/li>\n<\/ul>\n<\/li>\n<li><strong>Ajuste e otimiza\u00e7\u00e3o:<\/strong>\n<ul>\n<li>Alguns limitadores de sobrecarga de \u00faltima gera\u00e7\u00e3o apresentam recursos de ajuste inteligente. Eles ajustam automaticamente o limite de carga com base nas mudan\u00e7as nas condi\u00e7\u00f5es de trabalho, garantindo que o guindaste sempre opere dentro da faixa de seguran\u00e7a.<\/li>\n<\/ul>\n<\/li>\n<\/ol>\n<\/div>\n<\/div>\n<\/div>\n<\/div>\n<h6><strong><span style=\"font-family: arial, helvetica, sans-serif; font-size: 18pt;\">Conclus\u00e3o<\/span><\/strong><\/h6>\n<p>O <strong>Limitador de sobrecarga de guindaste QCX<\/strong> \u00e9 um mecanismo de seguran\u00e7a indispens\u00e1vel para pontes rolantes de duas vigas. Ao oferecer monitoramento preciso da carga, alarmes confi\u00e1veis e desligamentos autom\u00e1ticos do motor, ele minimiza os riscos associados \u00e0 sobrecarga e contribui significativamente para os padr\u00f5es modernos de seguran\u00e7a industrial.<\/p>\n<\/div>\n<\/div>\n<\/div>\n<\/div>\n<\/div>\n<\/div>\n<\/div>\n<\/div>\n<\/article>\n<\/div>\n<\/div>\n<\/div>\n<\/div>\n<\/div>\n<div><span style=\"font-family: var(--global-body-font-family);\">Os sensores com carca\u00e7as e bases de eixo, combinados com instrumentos do tipo QCX-M, s\u00e3o a forma mais comumente usada de limitadores de peso de eleva\u00e7\u00e3o. As dimens\u00f5es dos produtos padr\u00e3o s\u00e3o mostradas na tabela a seguir. Por exemplo, o modelo do pedido \u00e9: \u201cQCX-M-4-20t\/170-320\u201d.<\/span><\/div>\n<div><img fetchpriority=\"high\" decoding=\"async\" class=\"alignnone wp-image-7540\" src=\"https:\/\/www.hnhlcranes.com\/wp-content\/uploads\/2024\/12\/Crane-overload-limiter-7-300x188.jpg\" alt=\"\" width=\"962\" height=\"603\" srcset=\"https:\/\/www.hnhlcranes.com\/wp-content\/uploads\/2024\/12\/Crane-overload-limiter-7-300x188.jpg 300w, https:\/\/www.hnhlcranes.com\/wp-content\/uploads\/2024\/12\/Crane-overload-limiter-7-768x482.jpg 768w, https:\/\/www.hnhlcranes.com\/wp-content\/uploads\/2024\/12\/Crane-overload-limiter-7-600x377.jpg 600w, https:\/\/www.hnhlcranes.com\/wp-content\/uploads\/2024\/12\/Crane-overload-limiter-7.jpg 1000w\" sizes=\"(max-width: 962px) 100vw, 962px\" \/><\/div>\n<div>\n<p>&nbsp;<\/p>\n<p>Os sensores para limitadores de grande tonelagem geralmente s\u00e3o personalizados de acordo com os desenhos do usu\u00e1rio. As dimens\u00f5es da s\u00e9rie na tabela a seguir est\u00e3o resumidas com base nos desenhos de pedidos dos principais fabricantes de guindastes chineses para refer\u00eancia quando novos usu\u00e1rios fazem pedidos ou projetam produtos fora do padr\u00e3o.<\/p>\n<p><img decoding=\"async\" class=\"alignnone wp-image-7541\" src=\"https:\/\/www.hnhlcranes.com\/wp-content\/uploads\/2024\/12\/Crane-overload-limiter-8-300x206.jpg\" alt=\"\" width=\"990\" height=\"680\" srcset=\"https:\/\/www.hnhlcranes.com\/wp-content\/uploads\/2024\/12\/Crane-overload-limiter-8-300x206.jpg 300w, https:\/\/www.hnhlcranes.com\/wp-content\/uploads\/2024\/12\/Crane-overload-limiter-8-768x528.jpg 768w, https:\/\/www.hnhlcranes.com\/wp-content\/uploads\/2024\/12\/Crane-overload-limiter-8-600x413.jpg 600w, https:\/\/www.hnhlcranes.com\/wp-content\/uploads\/2024\/12\/Crane-overload-limiter-8.jpg 1000w\" sizes=\"(max-width: 990px) 100vw, 990px\" \/><\/p>\n<p>Os sensores da s\u00e9rie HLF-3A consistem em duas partes: sensores e almofadas. Eles s\u00e3o instalados principalmente sob as duas extremidades do eixo da polia fixa do guindaste para suportar a press\u00e3o gerada pelo bloco da polia. Em geral, dois sensores s\u00e3o usados em um grupo. Eles costumam ser usados em ocasi\u00f5es com requisitos de precis\u00e3o de medi\u00e7\u00e3o relativamente altos, como balan\u00e7as eletr\u00f4nicas de guindastes.<\/p>\n<p>&nbsp;<\/p>\n<\/div>\n<div><img decoding=\"async\" class=\"alignnone wp-image-7542\" src=\"https:\/\/www.hnhlcranes.com\/wp-content\/uploads\/2024\/12\/Crane-overload-limiter-HLF-300x187.jpg\" alt=\"\" width=\"977\" height=\"609\" srcset=\"https:\/\/www.hnhlcranes.com\/wp-content\/uploads\/2024\/12\/Crane-overload-limiter-HLF-300x187.jpg 300w, https:\/\/www.hnhlcranes.com\/wp-content\/uploads\/2024\/12\/Crane-overload-limiter-HLF-768x479.jpg 768w, https:\/\/www.hnhlcranes.com\/wp-content\/uploads\/2024\/12\/Crane-overload-limiter-HLF-600x374.jpg 600w, https:\/\/www.hnhlcranes.com\/wp-content\/uploads\/2024\/12\/Crane-overload-limiter-HLF.jpg 1000w\" sizes=\"(max-width: 977px) 100vw, 977px\" \/><\/div>","protected":false},"excerpt":{"rendered":"<h6><strong><span style=\"font-family: arial, helvetica, sans-serif; font-size: 14pt;\">Par\u00e2metros principais:<\/span><\/strong><\/h6>\n<ul>\n<li>Precis\u00e3o \u22645%F.S.<\/li>\n<li>Aviso 90%, alarme 105%<\/li>\n<li>130% controle imediato, sa\u00edda de um conjunto de contatos de rel\u00e9<\/li>\n<li>Capacidade 10A, 380V<\/li>\n<li>Tens\u00e3o da fonte de alimenta\u00e7\u00e3o AC380V ou 220V\/50Hz<\/li>\n<li>Temperatura ambiente -20\uff5e+60\u2103\/90%RH<\/li>\n<li>Sensor de n\u00edvel de prote\u00e7\u00e3o IP65,<\/li>\n<li>Instrumento IP42<\/li>\n<\/ul>","protected":false},"featured_media":7543,"template":"","meta":{"_kad_post_transparent":"default","_kad_post_title":"","_kad_post_layout":"default","_kad_post_sidebar_id":"","_kad_post_content_style":"default","_kad_post_vertical_padding":"show","_kad_post_feature":"","_kad_post_feature_position":"","_kad_post_header":false,"_kad_post_footer":false},"product_brand":[],"product_cat":[65],"product_tag":[632,622,376,634,612,616,626,627,629,613,617,620,615,614,618,628,619,621,623,630,635,633,625,631,624],"class_list":{"0":"post-5820","1":"product","2":"type-product","3":"status-publish","4":"has-post-thumbnail","6":"product_cat-crane-electrical-parts","7":"product_tag-aviation-plug","8":"product_tag-cable-trolley","9":"product_tag-china-crane-parts-supplier","10":"product_tag-crane-aviation-plug","11":"product_tag-crane-cable-trolley","12":"product_tag-crane-control-cabinet","13":"product_tag-crane-control-handle","14":"product_tag-crane-controls","15":"product_tag-crane-electrical-control-cabinet","16":"product_tag-crane-electrical-part","17":"product_tag-crane-limit-switch","18":"product_tag-crane-overload-limiter","19":"product_tag-crane-pendant-controller","20":"product_tag-crane-remote-controller","21":"product_tag-crane-sound-and-light-alarm","22":"product_tag-electrical-control-cabinet","23":"product_tag-heavy-duty-aviation-connector","24":"product_tag-i-beam-cable-trolley","25":"product_tag-i-beam-cable-trolley-supplier","26":"product_tag-limit-switch","27":"product_tag-overload-limiter","28":"product_tag-quick-connector","29":"product_tag-remote-controller","30":"product_tag-sound-and-light-alarm","31":"product_tag-wireless-remote-control","33":"first","34":"instock","35":"shipping-taxable","36":"product-type-simple","37":"entry","38":"content-bg","39":"loop-entry"},"yoast_head":"<!-- This site is optimized with the Yoast SEO plugin v24.5 - https:\/\/yoast.com\/wordpress\/plugins\/seo\/ -->\n<title>Crane overload limiter - Overload limiter-Crane Electrical Part-Crane Parts Manufacturer<\/title>\n<meta name=\"description\" content=\"Overload limiter,Crane overload limiter manufacturer,Crane overload limiter Supplier,Crane overload limiter,Crane Parts Supplier\" \/>\n<meta name=\"robots\" content=\"index, follow, max-snippet:-1, max-image-preview:large, max-video-preview:-1\" \/>\n<link rel=\"canonical\" href=\"https:\/\/www.hnhlcranes.com\/pt_br\/produto\/limitador-de-sobrecarga-do-guindaste\/\" \/>\n<meta property=\"og:locale\" content=\"pt_BR\" \/>\n<meta property=\"og:type\" content=\"article\" \/>\n<meta property=\"og:title\" content=\"Crane overload limiter - Overload limiter-Crane Electrical Part-Crane Parts Manufacturer\" \/>\n<meta property=\"og:description\" content=\"Overload limiter,Crane overload limiter manufacturer,Crane overload limiter Supplier,Crane overload limiter,Crane Parts Supplier\" \/>\n<meta property=\"og:url\" content=\"https:\/\/www.hnhlcranes.com\/pt_br\/produto\/limitador-de-sobrecarga-do-guindaste\/\" \/>\n<meta property=\"og:site_name\" content=\"Crane Parts Manufacturer\" \/>\n<meta property=\"article:modified_time\" content=\"2025-01-16T08:14:10+00:00\" \/>\n<meta property=\"og:image\" content=\"https:\/\/www.hnhlcranes.com\/wp-content\/uploads\/2024\/12\/Crane-overload-limiter.jpg\" \/>\n\t<meta property=\"og:image:width\" content=\"600\" \/>\n\t<meta property=\"og:image:height\" content=\"600\" \/>\n\t<meta property=\"og:image:type\" content=\"image\/jpeg\" \/>\n<meta name=\"twitter:card\" content=\"summary_large_image\" \/>\n<meta name=\"twitter:label1\" content=\"Est. tempo de leitura\" \/>\n\t<meta name=\"twitter:data1\" content=\"4 minutos\" \/>\n<script type=\"application\/ld+json\" class=\"yoast-schema-graph\">{\"@context\":\"https:\/\/schema.org\",\"@graph\":[{\"@type\":\"WebPage\",\"@id\":\"https:\/\/www.hnhlcranes.com\/product\/crane-overload-limiter\/\",\"url\":\"https:\/\/www.hnhlcranes.com\/product\/crane-overload-limiter\/\",\"name\":\"Crane overload limiter - Overload limiter-Crane Electrical Part-Crane Parts Manufacturer\",\"isPartOf\":{\"@id\":\"https:\/\/www.hnhlcranes.com\/#website\"},\"primaryImageOfPage\":{\"@id\":\"https:\/\/www.hnhlcranes.com\/product\/crane-overload-limiter\/#primaryimage\"},\"image\":{\"@id\":\"https:\/\/www.hnhlcranes.com\/product\/crane-overload-limiter\/#primaryimage\"},\"thumbnailUrl\":\"https:\/\/www.hnhlcranes.com\/wp-content\/uploads\/2024\/12\/Crane-overload-limiter.jpg\",\"datePublished\":\"2024-12-05T17:29:13+00:00\",\"dateModified\":\"2025-01-16T08:14:10+00:00\",\"description\":\"Overload limiter,Crane overload limiter manufacturer,Crane overload limiter Supplier,Crane overload limiter,Crane Parts Supplier\",\"breadcrumb\":{\"@id\":\"https:\/\/www.hnhlcranes.com\/product\/crane-overload-limiter\/#breadcrumb\"},\"inLanguage\":\"pt-BR\",\"potentialAction\":[{\"@type\":\"ReadAction\",\"target\":[\"https:\/\/www.hnhlcranes.com\/product\/crane-overload-limiter\/\"]}]},{\"@type\":\"ImageObject\",\"inLanguage\":\"pt-BR\",\"@id\":\"https:\/\/www.hnhlcranes.com\/product\/crane-overload-limiter\/#primaryimage\",\"url\":\"https:\/\/www.hnhlcranes.com\/wp-content\/uploads\/2024\/12\/Crane-overload-limiter.jpg\",\"contentUrl\":\"https:\/\/www.hnhlcranes.com\/wp-content\/uploads\/2024\/12\/Crane-overload-limiter.jpg\",\"width\":600,\"height\":600},{\"@type\":\"BreadcrumbList\",\"@id\":\"https:\/\/www.hnhlcranes.com\/product\/crane-overload-limiter\/#breadcrumb\",\"itemListElement\":[{\"@type\":\"ListItem\",\"position\":1,\"name\":\"home\",\"item\":\"https:\/\/www.hnhlcranes.com\/\"},{\"@type\":\"ListItem\",\"position\":2,\"name\":\"products\",\"item\":\"https:\/\/www.hnhlcranes.com\/products\/\"},{\"@type\":\"ListItem\",\"position\":3,\"name\":\"Crane overload limiter\"}]},{\"@type\":\"WebSite\",\"@id\":\"https:\/\/www.hnhlcranes.com\/#website\",\"url\":\"https:\/\/www.hnhlcranes.com\/\",\"name\":\"Crane Parts Manufacturer\",\"description\":\"Crane Wheels,Crane Drums,Crane Hooks,Crane Coupling,Crane End Carriage,Electric Hoist,European Crane Parts,Crane Rail Clip,Crane Spreader,Crane Motor,Crane Reducer,Crane Brake,Light Crane Parts,Workstation Crane Parts,Crane Electrical Parts,China Crane Parts Supplier,China Crane Parts Manufacturer,Angle box type crane wheel,45 degree split crane wheel,European crane wheel,Crane Wheel Blocks,Overhead crane drum,European crane drum,Overhead crane hook,European crane hook,Crane pulley block,Gear coupling,Brake wheel coupling,Drum gear coupling,Brake wheel drum gear coupling,Cardan Shaft Coupling,WZL drum coupling,Plum blossom elastic coupling,Brake wheel plum elastic coupling,European Single girder crane end carriage,European Double girder crane end carriage,European Suspension  crane end carriage,Wire Rope Electric Hoist,Electric Chain Hoist,European Single Girder Wire Rope Electric Hoist,European Double Girder Wire Rope Electric Hoist,Crane grab,Container spreader,Billet crane clamps,C-type hook,Lifting Electromagnet,YZR crane motor,YZP crane motor,ZQ Reducer,ZSC Reducer,QJ Reducer,QJ-L Reducer,QJY Reducer,H series gearbox,F Series Gear Motor,K Series Gear Motor,R Series Gear Motor,travelling machinery gear motor,Electro hydraulic drum brake,Electro hydraulic disc brake,Crane Safety brake,Crane cable trolley,Crane remote controller,Crane pendant controller,Crane electrical control cabinet,Crane limit switch,Crane sound and light alarm,Heavy Duty Aviation Connector,Crane overload limiter\",\"publisher\":{\"@id\":\"https:\/\/www.hnhlcranes.com\/#organization\"},\"potentialAction\":[{\"@type\":\"SearchAction\",\"target\":{\"@type\":\"EntryPoint\",\"urlTemplate\":\"https:\/\/www.hnhlcranes.com\/?s={search_term_string}\"},\"query-input\":{\"@type\":\"PropertyValueSpecification\",\"valueRequired\":true,\"valueName\":\"search_term_string\"}}],\"inLanguage\":\"pt-BR\"},{\"@type\":\"Organization\",\"@id\":\"https:\/\/www.hnhlcranes.com\/#organization\",\"name\":\"Crane Parts Manufacturer\",\"url\":\"https:\/\/www.hnhlcranes.com\/\",\"logo\":{\"@type\":\"ImageObject\",\"inLanguage\":\"pt-BR\",\"@id\":\"https:\/\/www.hnhlcranes.com\/#\/schema\/logo\/image\/\",\"url\":\"https:\/\/www.hnhlcranes.com\/wp-content\/uploads\/2025\/01\/HL-logo-1.png\",\"contentUrl\":\"https:\/\/www.hnhlcranes.com\/wp-content\/uploads\/2025\/01\/HL-logo-1.png\",\"width\":600,\"height\":169,\"caption\":\"Crane Parts Manufacturer\"},\"image\":{\"@id\":\"https:\/\/www.hnhlcranes.com\/#\/schema\/logo\/image\/\"}}]}<\/script>\n<!-- \/ Yoast SEO plugin. -->","yoast_head_json":{"title":"Crane overload limiter - Overload limiter-Crane Electrical Part-Crane Parts Manufacturer","description":"Overload limiter,Crane overload limiter manufacturer,Crane overload limiter Supplier,Crane overload limiter,Crane Parts Supplier","robots":{"index":"index","follow":"follow","max-snippet":"max-snippet:-1","max-image-preview":"max-image-preview:large","max-video-preview":"max-video-preview:-1"},"canonical":"https:\/\/www.hnhlcranes.com\/pt_br\/produto\/limitador-de-sobrecarga-do-guindaste\/","og_locale":"pt_BR","og_type":"article","og_title":"Crane overload limiter - Overload limiter-Crane Electrical Part-Crane Parts Manufacturer","og_description":"Overload limiter,Crane overload limiter manufacturer,Crane overload limiter Supplier,Crane overload limiter,Crane Parts Supplier","og_url":"https:\/\/www.hnhlcranes.com\/pt_br\/produto\/limitador-de-sobrecarga-do-guindaste\/","og_site_name":"Crane Parts Manufacturer","article_modified_time":"2025-01-16T08:14:10+00:00","og_image":[{"width":600,"height":600,"url":"https:\/\/www.hnhlcranes.com\/wp-content\/uploads\/2024\/12\/Crane-overload-limiter.jpg","type":"image\/jpeg"}],"twitter_card":"summary_large_image","twitter_misc":{"Est. tempo de leitura":"4 minutos"},"schema":{"@context":"https:\/\/schema.org","@graph":[{"@type":"WebPage","@id":"https:\/\/www.hnhlcranes.com\/product\/crane-overload-limiter\/","url":"https:\/\/www.hnhlcranes.com\/product\/crane-overload-limiter\/","name":"Crane overload limiter - Overload limiter-Crane Electrical Part-Crane Parts Manufacturer","isPartOf":{"@id":"https:\/\/www.hnhlcranes.com\/#website"},"primaryImageOfPage":{"@id":"https:\/\/www.hnhlcranes.com\/product\/crane-overload-limiter\/#primaryimage"},"image":{"@id":"https:\/\/www.hnhlcranes.com\/product\/crane-overload-limiter\/#primaryimage"},"thumbnailUrl":"https:\/\/www.hnhlcranes.com\/wp-content\/uploads\/2024\/12\/Crane-overload-limiter.jpg","datePublished":"2024-12-05T17:29:13+00:00","dateModified":"2025-01-16T08:14:10+00:00","description":"Overload limiter,Crane overload limiter manufacturer,Crane overload limiter Supplier,Crane overload limiter,Crane Parts Supplier","breadcrumb":{"@id":"https:\/\/www.hnhlcranes.com\/product\/crane-overload-limiter\/#breadcrumb"},"inLanguage":"pt-BR","potentialAction":[{"@type":"ReadAction","target":["https:\/\/www.hnhlcranes.com\/product\/crane-overload-limiter\/"]}]},{"@type":"ImageObject","inLanguage":"pt-BR","@id":"https:\/\/www.hnhlcranes.com\/product\/crane-overload-limiter\/#primaryimage","url":"https:\/\/www.hnhlcranes.com\/wp-content\/uploads\/2024\/12\/Crane-overload-limiter.jpg","contentUrl":"https:\/\/www.hnhlcranes.com\/wp-content\/uploads\/2024\/12\/Crane-overload-limiter.jpg","width":600,"height":600},{"@type":"BreadcrumbList","@id":"https:\/\/www.hnhlcranes.com\/product\/crane-overload-limiter\/#breadcrumb","itemListElement":[{"@type":"ListItem","position":1,"name":"home","item":"https:\/\/www.hnhlcranes.com\/"},{"@type":"ListItem","position":2,"name":"products","item":"https:\/\/www.hnhlcranes.com\/products\/"},{"@type":"ListItem","position":3,"name":"Crane overload limiter"}]},{"@type":"WebSite","@id":"https:\/\/www.hnhlcranes.com\/#website","url":"https:\/\/www.hnhlcranes.com\/","name":"Crane Parts Manufacturer","description":"Crane Wheels,Crane Drums,Crane Hooks,Crane Coupling,Crane End Carriage,Electric Hoist,European Crane Parts,Crane Rail Clip,Crane Spreader,Crane Motor,Crane Reducer,Crane Brake,Light Crane Parts,Workstation Crane Parts,Crane Electrical Parts,China Crane Parts Supplier,China Crane Parts Manufacturer,Angle box type crane wheel,45 degree split crane wheel,European crane wheel,Crane Wheel Blocks,Overhead crane drum,European crane drum,Overhead crane hook,European crane hook,Crane pulley block,Gear coupling,Brake wheel coupling,Drum gear coupling,Brake wheel drum gear coupling,Cardan Shaft Coupling,WZL drum coupling,Plum blossom elastic coupling,Brake wheel plum elastic coupling,European Single girder crane end carriage,European Double girder crane end carriage,European Suspension  crane end carriage,Wire Rope Electric Hoist,Electric Chain Hoist,European Single Girder Wire Rope Electric Hoist,European Double Girder Wire Rope Electric Hoist,Crane grab,Container spreader,Billet crane clamps,C-type hook,Lifting Electromagnet,YZR crane motor,YZP crane motor,ZQ Reducer,ZSC Reducer,QJ Reducer,QJ-L Reducer,QJY Reducer,H series gearbox,F Series Gear Motor,K Series Gear Motor,R Series Gear Motor,travelling machinery gear motor,Electro hydraulic drum brake,Electro hydraulic disc brake,Crane Safety brake,Crane cable trolley,Crane remote controller,Crane pendant controller,Crane electrical control cabinet,Crane limit switch,Crane sound and light alarm,Heavy Duty Aviation Connector,Crane overload limiter","publisher":{"@id":"https:\/\/www.hnhlcranes.com\/#organization"},"potentialAction":[{"@type":"SearchAction","target":{"@type":"EntryPoint","urlTemplate":"https:\/\/www.hnhlcranes.com\/?s={search_term_string}"},"query-input":{"@type":"PropertyValueSpecification","valueRequired":true,"valueName":"search_term_string"}}],"inLanguage":"pt-BR"},{"@type":"Organization","@id":"https:\/\/www.hnhlcranes.com\/#organization","name":"Crane Parts Manufacturer","url":"https:\/\/www.hnhlcranes.com\/","logo":{"@type":"ImageObject","inLanguage":"pt-BR","@id":"https:\/\/www.hnhlcranes.com\/#\/schema\/logo\/image\/","url":"https:\/\/www.hnhlcranes.com\/wp-content\/uploads\/2025\/01\/HL-logo-1.png","contentUrl":"https:\/\/www.hnhlcranes.com\/wp-content\/uploads\/2025\/01\/HL-logo-1.png","width":600,"height":169,"caption":"Crane Parts Manufacturer"},"image":{"@id":"https:\/\/www.hnhlcranes.com\/#\/schema\/logo\/image\/"}}]}},"_links":{"self":[{"href":"https:\/\/www.hnhlcranes.com\/pt_br\/wp-json\/wp\/v2\/product\/5820","targetHints":{"allow":["GET"]}}],"collection":[{"href":"https:\/\/www.hnhlcranes.com\/pt_br\/wp-json\/wp\/v2\/product"}],"about":[{"href":"https:\/\/www.hnhlcranes.com\/pt_br\/wp-json\/wp\/v2\/types\/product"}],"version-history":[{"count":6,"href":"https:\/\/www.hnhlcranes.com\/pt_br\/wp-json\/wp\/v2\/product\/5820\/revisions"}],"predecessor-version":[{"id":7547,"href":"https:\/\/www.hnhlcranes.com\/pt_br\/wp-json\/wp\/v2\/product\/5820\/revisions\/7547"}],"wp:featuredmedia":[{"embeddable":true,"href":"https:\/\/www.hnhlcranes.com\/pt_br\/wp-json\/wp\/v2\/media\/7543"}],"wp:attachment":[{"href":"https:\/\/www.hnhlcranes.com\/pt_br\/wp-json\/wp\/v2\/media?parent=5820"}],"wp:term":[{"taxonomy":"product_brand","embeddable":true,"href":"https:\/\/www.hnhlcranes.com\/pt_br\/wp-json\/wp\/v2\/product_brand?post=5820"},{"taxonomy":"product_cat","embeddable":true,"href":"https:\/\/www.hnhlcranes.com\/pt_br\/wp-json\/wp\/v2\/product_cat?post=5820"},{"taxonomy":"product_tag","embeddable":true,"href":"https:\/\/www.hnhlcranes.com\/pt_br\/wp-json\/wp\/v2\/product_tag?post=5820"}],"curies":[{"name":"wp","href":"https:\/\/api.w.org\/{rel}","templated":true}]}}