{"id":4638,"date":"2024-10-31T23:35:21","date_gmt":"2024-10-31T15:35:21","guid":{"rendered":"https:\/\/www.hnhlcranes.com\/?post_type=product&#038;p=4638"},"modified":"2025-01-06T00:09:12","modified_gmt":"2025-01-05T16:09:12","slug":"bloc-de-scripete-pentru-macara","status":"publish","type":"product","link":"https:\/\/www.hnhlcranes.com\/ro\/produs\/bloc-de-scripete-pentru-macara\/","title":{"rendered":"Bloc de scripete pentru macara"},"content":{"rendered":"<p>A <strong>Bloc de scripete pentru macara<\/strong> este o component\u0103 esen\u021bial\u0103 a sistemelor de macarale, utilizat\u0103 \u00een principal pentru a schimba direc\u021bia for\u021bei, pentru a ridica obiecte grele \u0219i pentru a ajuta la reglarea tensiunii fr\u00e2nghiilor sau a cablurilor de o\u021bel. Este o parte esen\u021bial\u0103 a macaralei, const\u00e2nd de obicei dintr-un scripete, rulment, carcas\u0103, cablu \u0219i dispozitive de fixare. Blocul de scripete este proiectat pentru a face fa\u021b\u0103 condi\u021biilor de sarcin\u0103 ridicat\u0103, capabil s\u0103 suporte greut\u0103\u021bi mari, asigur\u00e2nd \u00een acela\u0219i timp stabilitatea \u0219i siguran\u021ba \u00een timpul func\u021bion\u0103rii.<\/p>\n<h3>Componente cheie:<\/h3>\n<ol>\n<li><strong>Polei<\/strong>: Aceasta este componenta de baz\u0103, care ghideaz\u0103 cablul de o\u021bel \u0219i \u00eei permite acestuia s\u0103 treac\u0103 prin el, transmi\u021b\u00e2nd puterea.<\/li>\n<li><strong>Rulment<\/strong>: Ajut\u0103 rola s\u0103 se roteasc\u0103 lin, reduc\u00e2nd frecarea \u0219i \u00eembun\u0103t\u0103\u021bind eficien\u021ba opera\u021bional\u0103.<\/li>\n<li><strong>Locuin\u021be<\/strong>: Ofer\u0103 protec\u021bie, prevenind deteriorarea scripetelui \u0219i a altor componente interne.<\/li>\n<li><strong>Fr\u00e2nghie sau cablu de o\u021bel<\/strong>: Acesta poart\u0103 sarcina \u0219i func\u021bioneaz\u0103 \u00eempreun\u0103 cu blocul de poli\u021be.<\/li>\n<li><strong>Dispozitive de fixare<\/strong>: Acestea sunt utilizate pentru a fixa scripete la structura macaralei, asigur\u00e2ndu-i stabilitatea.<\/li>\n<\/ol>\n<h3>Principiul de lucru:<\/h3>\n<p>Blocul de scripete al macaralei func\u021bioneaz\u0103 prin ghidarea cablului de o\u021bel \u00een jurul scripetelui, schimbarea direc\u021biei for\u021bei sau cre\u0219terea capacit\u0103\u021bii de ridicare a macaralei. Un design cu mai multe scripe\u021bi poate spori eficien\u021ba opera\u021bional\u0103 prin modificarea metodei de transmitere a for\u021bei.<\/p>\n<h3>Tipuri:<\/h3>\n<ul>\n<li><strong>Bloc cu un singur scripete<\/strong>: Este utilizat pentru sarcini de ridicare mai u\u0219oare.<\/li>\n<li><strong>Bloc cu scripe\u021bi compu\u0219i (bloc cu mai mul\u021bi scripe\u021bi)<\/strong>: Utilizeaz\u0103 mai multe scripe\u021bi pentru a manipula sarcini mai grele.<\/li>\n<li><strong>Combina\u021bie de poli\u021be fixe \u0219i mobile<\/strong>: Aceast\u0103 configura\u021bie combin\u0103 avantajele schimb\u0103rii direc\u021biei for\u021bei \u0219i avantajul mecanic.<\/li>\n<\/ul>\n<h3>Aplica\u021bii:<\/h3>\n<ul>\n<li><strong>Industria construc\u021biilor<\/strong>: Folosit pentru ridicarea la mare altitudine sau manipularea materialelor grele.<\/li>\n<li><strong>Industria portuar\u0103 \u0219i naval\u0103<\/strong>: Folosit pentru \u00eenc\u0103rcarea \u0219i desc\u0103rcarea containerelor sau a altor obiecte grele.<\/li>\n<li><strong>Minerit \u0219i extrac\u021bia petrolului<\/strong>: Folosit pentru a ridica echipamente \u0219i materiale grele.<\/li>\n<\/ul>\n<p>Prin utilizarea unor modele precise, blocul de scripe\u021bi nu numai c\u0103 spore\u0219te capacitatea de ridicare a macaralelor, dar reduce \u0219i uzura \u0219i pierderea de energie \u00een timpul opera\u021biunilor, \u00eembun\u0103t\u0103\u021bind \u00een cele din urm\u0103 eficien\u021ba \u0219i siguran\u021ba muncii.<\/p>\n<p><img fetchpriority=\"high\" decoding=\"async\" class=\"alignnone wp-image-6843\" src=\"https:\/\/www.hnhlcranes.com\/wp-content\/uploads\/2024\/10\/Crane-pulley-block-7-300x140.png\" alt=\"\" width=\"951\" height=\"444\" srcset=\"https:\/\/www.hnhlcranes.com\/wp-content\/uploads\/2024\/10\/Crane-pulley-block-7-300x140.png 300w, https:\/\/www.hnhlcranes.com\/wp-content\/uploads\/2024\/10\/Crane-pulley-block-7-1024x479.png 1024w, https:\/\/www.hnhlcranes.com\/wp-content\/uploads\/2024\/10\/Crane-pulley-block-7-768x359.png 768w, https:\/\/www.hnhlcranes.com\/wp-content\/uploads\/2024\/10\/Crane-pulley-block-7-1536x719.png 1536w, https:\/\/www.hnhlcranes.com\/wp-content\/uploads\/2024\/10\/Crane-pulley-block-7-600x281.png 600w, https:\/\/www.hnhlcranes.com\/wp-content\/uploads\/2024\/10\/Crane-pulley-block-7.png 2034w\" sizes=\"(max-width: 951px) 100vw, 951px\" \/> <img decoding=\"async\" class=\"alignnone wp-image-6844\" src=\"https:\/\/www.hnhlcranes.com\/wp-content\/uploads\/2024\/10\/Crane-pulley-block-8-300x96.jpg\" alt=\"\" width=\"950\" height=\"304\" srcset=\"https:\/\/www.hnhlcranes.com\/wp-content\/uploads\/2024\/10\/Crane-pulley-block-8-300x96.jpg 300w, https:\/\/www.hnhlcranes.com\/wp-content\/uploads\/2024\/10\/Crane-pulley-block-8-1024x327.jpg 1024w, https:\/\/www.hnhlcranes.com\/wp-content\/uploads\/2024\/10\/Crane-pulley-block-8-768x245.jpg 768w, https:\/\/www.hnhlcranes.com\/wp-content\/uploads\/2024\/10\/Crane-pulley-block-8-600x192.jpg 600w, https:\/\/www.hnhlcranes.com\/wp-content\/uploads\/2024\/10\/Crane-pulley-block-8.jpg 1500w\" sizes=\"(max-width: 950px) 100vw, 950px\" \/> <img decoding=\"async\" class=\"alignnone wp-image-6845\" src=\"https:\/\/www.hnhlcranes.com\/wp-content\/uploads\/2024\/10\/Crane-pulley-block-9-300x82.jpg\" alt=\"\" width=\"951\" height=\"260\" srcset=\"https:\/\/www.hnhlcranes.com\/wp-content\/uploads\/2024\/10\/Crane-pulley-block-9-300x82.jpg 300w, https:\/\/www.hnhlcranes.com\/wp-content\/uploads\/2024\/10\/Crane-pulley-block-9-1024x279.jpg 1024w, https:\/\/www.hnhlcranes.com\/wp-content\/uploads\/2024\/10\/Crane-pulley-block-9-768x209.jpg 768w, https:\/\/www.hnhlcranes.com\/wp-content\/uploads\/2024\/10\/Crane-pulley-block-9-600x163.jpg 600w, https:\/\/www.hnhlcranes.com\/wp-content\/uploads\/2024\/10\/Crane-pulley-block-9.jpg 1500w\" sizes=\"(max-width: 951px) 100vw, 951px\" \/> <img loading=\"lazy\" decoding=\"async\" class=\"alignnone wp-image-6846\" src=\"https:\/\/www.hnhlcranes.com\/wp-content\/uploads\/2024\/10\/Crane-pulley-block-10-300x86.jpg\" alt=\"\" width=\"949\" height=\"272\" srcset=\"https:\/\/www.hnhlcranes.com\/wp-content\/uploads\/2024\/10\/Crane-pulley-block-10-300x86.jpg 300w, https:\/\/www.hnhlcranes.com\/wp-content\/uploads\/2024\/10\/Crane-pulley-block-10-1024x294.jpg 1024w, https:\/\/www.hnhlcranes.com\/wp-content\/uploads\/2024\/10\/Crane-pulley-block-10-768x220.jpg 768w, https:\/\/www.hnhlcranes.com\/wp-content\/uploads\/2024\/10\/Crane-pulley-block-10-600x172.jpg 600w, https:\/\/www.hnhlcranes.com\/wp-content\/uploads\/2024\/10\/Crane-pulley-block-10.jpg 1500w\" sizes=\"(max-width: 949px) 100vw, 949px\" \/><span style=\"font-family: var(--global-body-font-family);\">\u00a0<\/span><\/p>","protected":false},"excerpt":{"rendered":"<p><strong>Parametrii blocului de poli\u021be al macaralei:<\/strong><\/p>\n<ul>\n<li><span style=\"font-size: 12pt;\"><strong>Specifica\u021bii<\/strong>: \u03a6250, \u03a6400, \u03a6500, \u03a6610, \u03a6710, \u03a6800, \u03a6900, \u03a61000, \u03a61200<\/span><\/li>\n<li><span style=\"font-size: 12pt;\"><strong>Material polei<\/strong>: HT20-40, ZG35, Q235B, Q355B<\/span><\/li>\n<li><span style=\"font-size: 12pt;\"><strong>Procesul de fabrica\u021bie<\/strong>: Font\u0103, o\u021bel turnat, tabl\u0103 de o\u021bel laminat\u0103<\/span><\/li>\n<li><span style=\"font-size: 12pt;\"><strong>Dimensiunea canelurii poleiului<\/strong>: Determinat \u00een func\u021bie de diametrul cablului<\/span><\/li>\n<li><span style=\"font-size: 12pt;\"><strong>Personalizare non-standard<\/strong>: Putem fabrica \u00een func\u021bie de desenele furnizate de dvs.<\/span><\/li>\n<\/ul>","protected":false},"featured_media":6841,"template":"","meta":{"_kad_post_transparent":"default","_kad_post_title":"","_kad_post_layout":"default","_kad_post_sidebar_id":"","_kad_post_content_style":"default","_kad_post_vertical_padding":"show","_kad_post_feature":"","_kad_post_feature_position":"","_kad_post_header":false,"_kad_post_footer":false},"product_brand":[],"product_cat":[46],"product_tag":[400,376,408,374,401,402,422,412,421,416,409,420,417,410,405,418,404,406,413,407,419,411,415,403,414],"class_list":{"0":"post-4638","1":"product","2":"type-product","3":"status-publish","4":"has-post-thumbnail","6":"product_cat-crane_hooks","7":"product_tag-bridge-crane-hook","8":"product_tag-china-crane-parts-supplier","9":"product_tag-china-standard-crane-hooks","10":"product_tag-crane-accessories","11":"product_tag-crane-hook","12":"product_tag-crane-hook-assembly","13":"product_tag-crane-hooks","14":"product_tag-crane-pulley","15":"product_tag-crane-pulley-block","16":"product_tag-crane-pulley-supplier","17":"product_tag-electric-hoist-hooks","18":"product_tag-european-crane-hook","19":"product_tag-european-hook-pulley","20":"product_tag-fem-standard-crane-hooks","21":"product_tag-forged-hooks","22":"product_tag-gantry-crane-hook-pulley","23":"product_tag-gantry-crane-hooks","24":"product_tag-hook-processing","25":"product_tag-hook-pulleys","26":"product_tag-hooks-manufacturer","27":"product_tag-overhead-crane-hook","28":"product_tag-overhead-crane-pulley","29":"product_tag-rolled-pulley","30":"product_tag-types-of-crane-hooks","31":"product_tag-wire-rope-pulley","33":"first","34":"instock","35":"featured","36":"shipping-taxable","37":"product-type-simple","38":"entry","39":"content-bg","40":"loop-entry"},"yoast_head":"<!-- This site is optimized with the Yoast SEO plugin v24.5 - https:\/\/yoast.com\/wordpress\/plugins\/seo\/ -->\n<title>Crane pulley block - Overhead crane pulley-Rolled pulley-Crane Parts Manufacturer<\/title>\n<meta name=\"description\" content=\"Crane pulley,Hook pulley, Overhead crane pulley,Rolled pulley,Crane Pulley Supplier,European hook pulley,Gantry crane hook pulley,Crane pulley block\" \/>\n<meta name=\"robots\" content=\"index, follow, max-snippet:-1, max-image-preview:large, max-video-preview:-1\" \/>\n<link rel=\"canonical\" href=\"https:\/\/www.hnhlcranes.com\/ro\/produs\/bloc-de-scripete-pentru-macara\/\" \/>\n<meta property=\"og:locale\" content=\"ro_RO\" \/>\n<meta property=\"og:type\" content=\"article\" \/>\n<meta property=\"og:title\" content=\"Crane pulley block - Overhead crane pulley-Rolled pulley-Crane Parts Manufacturer\" \/>\n<meta property=\"og:description\" content=\"Crane pulley,Hook pulley, Overhead crane pulley,Rolled pulley,Crane Pulley Supplier,European hook pulley,Gantry crane hook pulley,Crane pulley block\" \/>\n<meta property=\"og:url\" content=\"https:\/\/www.hnhlcranes.com\/ro\/produs\/bloc-de-scripete-pentru-macara\/\" \/>\n<meta property=\"og:site_name\" content=\"Crane Parts Manufacturer\" \/>\n<meta property=\"article:modified_time\" content=\"2025-01-05T16:09:12+00:00\" \/>\n<meta property=\"og:image\" content=\"https:\/\/www.hnhlcranes.com\/wp-content\/uploads\/2024\/10\/Crane-pulley-block.jpg\" \/>\n\t<meta property=\"og:image:width\" content=\"600\" \/>\n\t<meta property=\"og:image:height\" content=\"600\" \/>\n\t<meta property=\"og:image:type\" content=\"image\/jpeg\" \/>\n<meta name=\"twitter:card\" content=\"summary_large_image\" \/>\n<meta name=\"twitter:label1\" content=\"Timp estimat pentru citire\" \/>\n\t<meta name=\"twitter:data1\" content=\"3 minute\" \/>\n<script type=\"application\/ld+json\" class=\"yoast-schema-graph\">{\"@context\":\"https:\/\/schema.org\",\"@graph\":[{\"@type\":\"WebPage\",\"@id\":\"https:\/\/www.hnhlcranes.com\/product\/crane-pulley-block\/\",\"url\":\"https:\/\/www.hnhlcranes.com\/product\/crane-pulley-block\/\",\"name\":\"Crane pulley block - Overhead crane pulley-Rolled pulley-Crane Parts Manufacturer\",\"isPartOf\":{\"@id\":\"https:\/\/www.hnhlcranes.com\/#website\"},\"primaryImageOfPage\":{\"@id\":\"https:\/\/www.hnhlcranes.com\/product\/crane-pulley-block\/#primaryimage\"},\"image\":{\"@id\":\"https:\/\/www.hnhlcranes.com\/product\/crane-pulley-block\/#primaryimage\"},\"thumbnailUrl\":\"https:\/\/www.hnhlcranes.com\/wp-content\/uploads\/2024\/10\/Crane-pulley-block.jpg\",\"datePublished\":\"2024-10-31T15:35:21+00:00\",\"dateModified\":\"2025-01-05T16:09:12+00:00\",\"description\":\"Crane pulley,Hook pulley, Overhead crane pulley,Rolled pulley,Crane Pulley Supplier,European hook pulley,Gantry crane hook pulley,Crane pulley block\",\"breadcrumb\":{\"@id\":\"https:\/\/www.hnhlcranes.com\/product\/crane-pulley-block\/#breadcrumb\"},\"inLanguage\":\"ro-RO\",\"potentialAction\":[{\"@type\":\"ReadAction\",\"target\":[\"https:\/\/www.hnhlcranes.com\/product\/crane-pulley-block\/\"]}]},{\"@type\":\"ImageObject\",\"inLanguage\":\"ro-RO\",\"@id\":\"https:\/\/www.hnhlcranes.com\/product\/crane-pulley-block\/#primaryimage\",\"url\":\"https:\/\/www.hnhlcranes.com\/wp-content\/uploads\/2024\/10\/Crane-pulley-block.jpg\",\"contentUrl\":\"https:\/\/www.hnhlcranes.com\/wp-content\/uploads\/2024\/10\/Crane-pulley-block.jpg\",\"width\":600,\"height\":600},{\"@type\":\"BreadcrumbList\",\"@id\":\"https:\/\/www.hnhlcranes.com\/product\/crane-pulley-block\/#breadcrumb\",\"itemListElement\":[{\"@type\":\"ListItem\",\"position\":1,\"name\":\"home\",\"item\":\"https:\/\/www.hnhlcranes.com\/\"},{\"@type\":\"ListItem\",\"position\":2,\"name\":\"products\",\"item\":\"https:\/\/www.hnhlcranes.com\/products\/\"},{\"@type\":\"ListItem\",\"position\":3,\"name\":\"Crane pulley block\"}]},{\"@type\":\"WebSite\",\"@id\":\"https:\/\/www.hnhlcranes.com\/#website\",\"url\":\"https:\/\/www.hnhlcranes.com\/\",\"name\":\"Crane Parts Manufacturer\",\"description\":\"Crane Wheels,Crane Drums,Crane Hooks,Crane Coupling,Crane End Carriage,Electric Hoist,European Crane Parts,Crane Rail Clip,Crane Spreader,Crane Motor,Crane Reducer,Crane Brake,Light Crane Parts,Workstation Crane Parts,Crane Electrical Parts,China Crane Parts Supplier,China Crane Parts Manufacturer,Angle box type crane wheel,45 degree split crane wheel,European crane wheel,Crane Wheel Blocks,Overhead crane drum,European crane drum,Overhead crane hook,European crane hook,Crane pulley block,Gear coupling,Brake wheel coupling,Drum gear coupling,Brake wheel drum gear coupling,Cardan Shaft Coupling,WZL drum coupling,Plum blossom elastic coupling,Brake wheel plum elastic coupling,European Single girder crane end carriage,European Double girder crane end carriage,European Suspension  crane end carriage,Wire Rope Electric Hoist,Electric Chain Hoist,European Single Girder Wire Rope Electric Hoist,European Double Girder Wire Rope Electric Hoist,Crane grab,Container spreader,Billet crane clamps,C-type hook,Lifting Electromagnet,YZR crane motor,YZP crane motor,ZQ Reducer,ZSC Reducer,QJ Reducer,QJ-L Reducer,QJY Reducer,H series gearbox,F Series Gear Motor,K Series Gear Motor,R Series Gear Motor,travelling machinery gear motor,Electro hydraulic drum brake,Electro hydraulic disc brake,Crane Safety brake,Crane cable trolley,Crane remote controller,Crane pendant controller,Crane electrical control cabinet,Crane limit switch,Crane sound and light alarm,Heavy Duty Aviation Connector,Crane overload limiter\",\"publisher\":{\"@id\":\"https:\/\/www.hnhlcranes.com\/#organization\"},\"potentialAction\":[{\"@type\":\"SearchAction\",\"target\":{\"@type\":\"EntryPoint\",\"urlTemplate\":\"https:\/\/www.hnhlcranes.com\/?s={search_term_string}\"},\"query-input\":{\"@type\":\"PropertyValueSpecification\",\"valueRequired\":true,\"valueName\":\"search_term_string\"}}],\"inLanguage\":\"ro-RO\"},{\"@type\":\"Organization\",\"@id\":\"https:\/\/www.hnhlcranes.com\/#organization\",\"name\":\"Crane Parts Manufacturer\",\"url\":\"https:\/\/www.hnhlcranes.com\/\",\"logo\":{\"@type\":\"ImageObject\",\"inLanguage\":\"ro-RO\",\"@id\":\"https:\/\/www.hnhlcranes.com\/#\/schema\/logo\/image\/\",\"url\":\"https:\/\/www.hnhlcranes.com\/wp-content\/uploads\/2025\/01\/HL-logo-1.png\",\"contentUrl\":\"https:\/\/www.hnhlcranes.com\/wp-content\/uploads\/2025\/01\/HL-logo-1.png\",\"width\":600,\"height\":169,\"caption\":\"Crane Parts Manufacturer\"},\"image\":{\"@id\":\"https:\/\/www.hnhlcranes.com\/#\/schema\/logo\/image\/\"}}]}<\/script>\n<!-- \/ Yoast SEO plugin. -->","yoast_head_json":{"title":"Crane pulley block - Overhead crane pulley-Rolled pulley-Crane Parts Manufacturer","description":"Crane pulley,Hook pulley, Overhead crane pulley,Rolled pulley,Crane Pulley Supplier,European hook pulley,Gantry crane hook pulley,Crane pulley block","robots":{"index":"index","follow":"follow","max-snippet":"max-snippet:-1","max-image-preview":"max-image-preview:large","max-video-preview":"max-video-preview:-1"},"canonical":"https:\/\/www.hnhlcranes.com\/ro\/produs\/bloc-de-scripete-pentru-macara\/","og_locale":"ro_RO","og_type":"article","og_title":"Crane pulley block - Overhead crane pulley-Rolled pulley-Crane Parts Manufacturer","og_description":"Crane pulley,Hook pulley, Overhead crane pulley,Rolled pulley,Crane Pulley Supplier,European hook pulley,Gantry crane hook pulley,Crane pulley block","og_url":"https:\/\/www.hnhlcranes.com\/ro\/produs\/bloc-de-scripete-pentru-macara\/","og_site_name":"Crane Parts Manufacturer","article_modified_time":"2025-01-05T16:09:12+00:00","og_image":[{"width":600,"height":600,"url":"https:\/\/www.hnhlcranes.com\/wp-content\/uploads\/2024\/10\/Crane-pulley-block.jpg","type":"image\/jpeg"}],"twitter_card":"summary_large_image","twitter_misc":{"Timp estimat pentru citire":"3 minute"},"schema":{"@context":"https:\/\/schema.org","@graph":[{"@type":"WebPage","@id":"https:\/\/www.hnhlcranes.com\/product\/crane-pulley-block\/","url":"https:\/\/www.hnhlcranes.com\/product\/crane-pulley-block\/","name":"Crane pulley block - Overhead crane pulley-Rolled pulley-Crane Parts Manufacturer","isPartOf":{"@id":"https:\/\/www.hnhlcranes.com\/#website"},"primaryImageOfPage":{"@id":"https:\/\/www.hnhlcranes.com\/product\/crane-pulley-block\/#primaryimage"},"image":{"@id":"https:\/\/www.hnhlcranes.com\/product\/crane-pulley-block\/#primaryimage"},"thumbnailUrl":"https:\/\/www.hnhlcranes.com\/wp-content\/uploads\/2024\/10\/Crane-pulley-block.jpg","datePublished":"2024-10-31T15:35:21+00:00","dateModified":"2025-01-05T16:09:12+00:00","description":"Crane pulley,Hook pulley, Overhead crane pulley,Rolled pulley,Crane Pulley Supplier,European hook pulley,Gantry crane hook pulley,Crane pulley block","breadcrumb":{"@id":"https:\/\/www.hnhlcranes.com\/product\/crane-pulley-block\/#breadcrumb"},"inLanguage":"ro-RO","potentialAction":[{"@type":"ReadAction","target":["https:\/\/www.hnhlcranes.com\/product\/crane-pulley-block\/"]}]},{"@type":"ImageObject","inLanguage":"ro-RO","@id":"https:\/\/www.hnhlcranes.com\/product\/crane-pulley-block\/#primaryimage","url":"https:\/\/www.hnhlcranes.com\/wp-content\/uploads\/2024\/10\/Crane-pulley-block.jpg","contentUrl":"https:\/\/www.hnhlcranes.com\/wp-content\/uploads\/2024\/10\/Crane-pulley-block.jpg","width":600,"height":600},{"@type":"BreadcrumbList","@id":"https:\/\/www.hnhlcranes.com\/product\/crane-pulley-block\/#breadcrumb","itemListElement":[{"@type":"ListItem","position":1,"name":"home","item":"https:\/\/www.hnhlcranes.com\/"},{"@type":"ListItem","position":2,"name":"products","item":"https:\/\/www.hnhlcranes.com\/products\/"},{"@type":"ListItem","position":3,"name":"Crane pulley block"}]},{"@type":"WebSite","@id":"https:\/\/www.hnhlcranes.com\/#website","url":"https:\/\/www.hnhlcranes.com\/","name":"Crane Parts Manufacturer","description":"Crane Wheels,Crane Drums,Crane Hooks,Crane Coupling,Crane End Carriage,Electric Hoist,European Crane Parts,Crane Rail Clip,Crane Spreader,Crane Motor,Crane Reducer,Crane Brake,Light Crane Parts,Workstation Crane Parts,Crane Electrical Parts,China Crane Parts Supplier,China Crane Parts Manufacturer,Angle box type crane wheel,45 degree split crane wheel,European crane wheel,Crane Wheel Blocks,Overhead crane drum,European crane drum,Overhead crane hook,European crane hook,Crane pulley block,Gear coupling,Brake wheel coupling,Drum gear coupling,Brake wheel drum gear coupling,Cardan Shaft Coupling,WZL drum coupling,Plum blossom elastic coupling,Brake wheel plum elastic coupling,European Single girder crane end carriage,European Double girder crane end carriage,European Suspension  crane end carriage,Wire Rope Electric Hoist,Electric Chain Hoist,European Single Girder Wire Rope Electric Hoist,European Double Girder Wire Rope Electric Hoist,Crane grab,Container spreader,Billet crane clamps,C-type hook,Lifting Electromagnet,YZR crane motor,YZP crane motor,ZQ Reducer,ZSC Reducer,QJ Reducer,QJ-L Reducer,QJY Reducer,H series gearbox,F Series Gear Motor,K Series Gear Motor,R Series Gear Motor,travelling machinery gear motor,Electro hydraulic drum brake,Electro hydraulic disc brake,Crane Safety brake,Crane cable trolley,Crane remote controller,Crane pendant controller,Crane electrical control cabinet,Crane limit switch,Crane sound and light alarm,Heavy Duty Aviation Connector,Crane overload limiter","publisher":{"@id":"https:\/\/www.hnhlcranes.com\/#organization"},"potentialAction":[{"@type":"SearchAction","target":{"@type":"EntryPoint","urlTemplate":"https:\/\/www.hnhlcranes.com\/?s={search_term_string}"},"query-input":{"@type":"PropertyValueSpecification","valueRequired":true,"valueName":"search_term_string"}}],"inLanguage":"ro-RO"},{"@type":"Organization","@id":"https:\/\/www.hnhlcranes.com\/#organization","name":"Crane Parts Manufacturer","url":"https:\/\/www.hnhlcranes.com\/","logo":{"@type":"ImageObject","inLanguage":"ro-RO","@id":"https:\/\/www.hnhlcranes.com\/#\/schema\/logo\/image\/","url":"https:\/\/www.hnhlcranes.com\/wp-content\/uploads\/2025\/01\/HL-logo-1.png","contentUrl":"https:\/\/www.hnhlcranes.com\/wp-content\/uploads\/2025\/01\/HL-logo-1.png","width":600,"height":169,"caption":"Crane Parts Manufacturer"},"image":{"@id":"https:\/\/www.hnhlcranes.com\/#\/schema\/logo\/image\/"}}]}},"_links":{"self":[{"href":"https:\/\/www.hnhlcranes.com\/ro\/wp-json\/wp\/v2\/product\/4638","targetHints":{"allow":["GET"]}}],"collection":[{"href":"https:\/\/www.hnhlcranes.com\/ro\/wp-json\/wp\/v2\/product"}],"about":[{"href":"https:\/\/www.hnhlcranes.com\/ro\/wp-json\/wp\/v2\/types\/product"}],"version-history":[{"count":4,"href":"https:\/\/www.hnhlcranes.com\/ro\/wp-json\/wp\/v2\/product\/4638\/revisions"}],"predecessor-version":[{"id":6848,"href":"https:\/\/www.hnhlcranes.com\/ro\/wp-json\/wp\/v2\/product\/4638\/revisions\/6848"}],"wp:featuredmedia":[{"embeddable":true,"href":"https:\/\/www.hnhlcranes.com\/ro\/wp-json\/wp\/v2\/media\/6841"}],"wp:attachment":[{"href":"https:\/\/www.hnhlcranes.com\/ro\/wp-json\/wp\/v2\/media?parent=4638"}],"wp:term":[{"taxonomy":"product_brand","embeddable":true,"href":"https:\/\/www.hnhlcranes.com\/ro\/wp-json\/wp\/v2\/product_brand?post=4638"},{"taxonomy":"product_cat","embeddable":true,"href":"https:\/\/www.hnhlcranes.com\/ro\/wp-json\/wp\/v2\/product_cat?post=4638"},{"taxonomy":"product_tag","embeddable":true,"href":"https:\/\/www.hnhlcranes.com\/ro\/wp-json\/wp\/v2\/product_tag?post=4638"}],"curies":[{"name":"wp","href":"https:\/\/api.w.org\/{rel}","templated":true}]}}