{"id":4896,"date":"2024-11-08T15:16:00","date_gmt":"2024-11-08T07:16:00","guid":{"rendered":"https:\/\/www.hnhlcranes.com\/?post_type=product&#038;p=4896"},"modified":"2025-01-06T00:42:42","modified_gmt":"2025-01-05T16:42:42","slug":"cuplaj-cu-roti-dintate","status":"publish","type":"product","link":"https:\/\/www.hnhlcranes.com\/ro\/produs\/cuplaj-cu-roti-dintate\/","title":{"rendered":"Cuplaj cu ro\u021bi din\u021bate"},"content":{"rendered":"<div class=\"flex max-w-full flex-col flex-grow\">\n<div class=\"min-h-8 text-message flex w-full flex-col items-end gap-2 whitespace-normal break-words [.text-message+&amp;]:mt-5\" dir=\"auto\" data-message-author-role=\"assistant\" data-message-id=\"41acb770-e85a-4730-8533-81f9699d1e74\" data-message-model-slug=\"gpt-4o\">\n<div class=\"flex w-full flex-col gap-1 empty:hidden first:pt-[3px]\">\n<div class=\"markdown prose w-full break-words dark:prose-invert light\">\n<p>A <strong>Cuplaj cu ro\u021bi din\u021bate<\/strong> este un tip de cuplaj utilizat \u00een mod obi\u0219nuit \u00een sistemele mecanice de ac\u021bionare pentru a conecta doi arbori \u0219i a transmite cuplul. De obicei, este utilizat \u00een aplica\u021bii care necesit\u0103 o capacitate mare de \u00eenc\u0103rcare \u0219i o transmisie precis\u0103 a puterii.<\/p>\n<h3><strong>Cuplaj cu ro\u021bi din\u021bate <\/strong>Caracteristici principale:<\/h3>\n<ol>\n<li><strong>Structura<\/strong>: Un cuplaj cu ro\u021bi din\u021bate const\u0103 din dou\u0103 p\u0103r\u021bi, fiecare cu ro\u021bi din\u021bate, care implic\u0103 de obicei din\u021bi interni \u0219i externi care se angreneaz\u0103 \u00eempreun\u0103. Aceste p\u0103r\u021bi transmit puterea prin angrenarea angrenajelor.<\/li>\n<li><strong>Principiul de func\u021bionare<\/strong>: Cuplajele cu angrenaje transmit cuplul prin angrenarea angrenajelor, permi\u021b\u00e2nd \u00een acela\u0219i timp o anumit\u0103 deplasare axial\u0103, radial\u0103 \u0219i unghiular\u0103. Cuplarea angrenajelor face ca transmisia cuplului s\u0103 fie mai stabil\u0103 \u0219i mai precis\u0103.<\/li>\n<li><strong>Materiale<\/strong>: Angrenajele dintr-un cuplaj cu ro\u021bi din\u021bate sunt de obicei fabricate din o\u021bel de \u00eenalt\u0103 rezisten\u021b\u0103, adesea tratate termic pentru a spori rezisten\u021ba la uzur\u0103 \u0219i rezisten\u021ba.<\/li>\n<li><strong>Tipuri<\/strong>:\n<ul>\n<li><strong>Cuplaje flexibile cu angrenaje<\/strong>: Acestea permit o u\u0219oar\u0103 nealiniere unghiular\u0103 sau deplasare axial\u0103 \u00eentre arbori \u0219i sunt utilizate \u00een principal \u00een aplica\u021bii care necesit\u0103 o anumit\u0103 flexibilitate.<\/li>\n<li><strong>Cuplaje cu angrenaj rigid<\/strong>: Acestea sunt utilizate \u00een medii \u00een care nu se a\u0219teapt\u0103 nici o dezaliniere sau deplasare, de obicei \u00een sistemele de ac\u021bionare de precizie.<\/li>\n<\/ul>\n<\/li>\n<li><strong>Aplica\u021bii<\/strong>: Cuplajele cu angrenaje sunt utilizate pe scar\u0103 larg\u0103 \u00een utilaje grele, sisteme de ac\u021bionare industriale, echipamente electrice \u0219i dispozitive metalurgice. Acestea sunt potrivite \u00een special pentru viteze mari, cupluri cu cuplu ridicat \u0219i medii cu sarcini grele, unde cuplajele cu angrenaje ofer\u0103 performan\u021be superioare de transmisie a puterii.<\/li>\n<\/ol>\n<h3>Avantaje:<\/h3>\n<ul>\n<li><strong>Capacitate de transmisie cu cuplu ridicat<\/strong>: Cuplajele cu angrenaje pot rezista la un cuplu mai mare, fiind ideale pentru aplica\u021biile de transmisie pentru sarcini grele.<\/li>\n<li><strong>Precizie ridicat\u0103<\/strong>: Angrenarea precis\u0103 a angrenajelor asigur\u0103 o transmisie lin\u0103 \u0219i precis\u0103 a puterii.<\/li>\n<li><strong>Durabilitate<\/strong>: Datorit\u0103 durit\u0103\u021bii \u0219i rezisten\u021bei la uzur\u0103 a angrenajelor, cuplajele cu angrenaje au o durat\u0103 de via\u021b\u0103 mai lung\u0103.<\/li>\n<\/ul>\n<h3>Dezavantaje:<\/h3>\n<ul>\n<li><strong>Niveluri de zgomot relativ ridicate<\/strong>: Angrenarea angrenajelor poate genera mai mult zgomot \u00een compara\u021bie cu alte tipuri de cuplaje.<\/li>\n<li><strong>Cerin\u021be de lubrifiere<\/strong>: Angrenajele unui cuplaj cu ro\u021bi din\u021bate necesit\u0103, \u00een general, lubrifiere regulat\u0103 pentru a evita uzura excesiv\u0103.<\/li>\n<\/ul>\n<p>\u00cen general, cuplajele din\u021bate sunt eficiente, durabile \u0219i capabile s\u0103 suporte sarcini mari. Acestea sunt utilizate frecvent \u00een aplica\u021bii industriale \u0219i pentru utilaje grele.<\/p>\n<\/div>\n<\/div>\n<\/div>\n<\/div>\n<p><img fetchpriority=\"high\" decoding=\"async\" class=\"alignnone wp-image-6866\" src=\"https:\/\/www.hnhlcranes.com\/wp-content\/uploads\/2024\/11\/Gear-coupling-7-222x300.jpg\" alt=\"\" width=\"949\" height=\"1282\" srcset=\"https:\/\/www.hnhlcranes.com\/wp-content\/uploads\/2024\/11\/Gear-coupling-7-222x300.jpg 222w, https:\/\/www.hnhlcranes.com\/wp-content\/uploads\/2024\/11\/Gear-coupling-7-759x1024.jpg 759w, https:\/\/www.hnhlcranes.com\/wp-content\/uploads\/2024\/11\/Gear-coupling-7-768x1036.jpg 768w\" sizes=\"(max-width: 949px) 100vw, 949px\" \/><\/p>\n<p><img decoding=\"async\" class=\"alignnone wp-image-6859\" src=\"https:\/\/www.hnhlcranes.com\/wp-content\/uploads\/2024\/11\/Gear-coupling-8-216x300.jpg\" alt=\"\" width=\"950\" height=\"1319\" srcset=\"https:\/\/www.hnhlcranes.com\/wp-content\/uploads\/2024\/11\/Gear-coupling-8-216x300.jpg 216w, https:\/\/www.hnhlcranes.com\/wp-content\/uploads\/2024\/11\/Gear-coupling-8-600x834.jpg 600w\" sizes=\"(max-width: 950px) 100vw, 950px\" \/><\/p>\n<p><span style=\"font-family: var(--global-body-font-family);\">\u00a0<\/span><span style=\"font-family: var(--global-body-font-family);\"> <img decoding=\"async\" class=\"alignnone wp-image-6860\" src=\"https:\/\/www.hnhlcranes.com\/wp-content\/uploads\/2024\/11\/Gear-coupling-9-219x300.jpg\" alt=\"\" width=\"951\" height=\"1303\" srcset=\"https:\/\/www.hnhlcranes.com\/wp-content\/uploads\/2024\/11\/Gear-coupling-9-219x300.jpg 219w, https:\/\/www.hnhlcranes.com\/wp-content\/uploads\/2024\/11\/Gear-coupling-9-748x1024.jpg 748w, https:\/\/www.hnhlcranes.com\/wp-content\/uploads\/2024\/11\/Gear-coupling-9-768x1051.jpg 768w, https:\/\/www.hnhlcranes.com\/wp-content\/uploads\/2024\/11\/Gear-coupling-9-600x821.jpg 600w\" sizes=\"(max-width: 951px) 100vw, 951px\" \/><\/span><\/p>\n<p><img loading=\"lazy\" decoding=\"async\" class=\"alignnone wp-image-6861\" src=\"https:\/\/www.hnhlcranes.com\/wp-content\/uploads\/2024\/11\/Gear-coupling-10-227x300.jpg\" alt=\"\" width=\"951\" height=\"1257\" srcset=\"https:\/\/www.hnhlcranes.com\/wp-content\/uploads\/2024\/11\/Gear-coupling-10-227x300.jpg 227w, https:\/\/www.hnhlcranes.com\/wp-content\/uploads\/2024\/11\/Gear-coupling-10-775x1024.jpg 775w, https:\/\/www.hnhlcranes.com\/wp-content\/uploads\/2024\/11\/Gear-coupling-10-768x1015.jpg 768w, https:\/\/www.hnhlcranes.com\/wp-content\/uploads\/2024\/11\/Gear-coupling-10-600x793.jpg 600w, https:\/\/www.hnhlcranes.com\/wp-content\/uploads\/2024\/11\/Gear-coupling-10.jpg 950w\" sizes=\"(max-width: 951px) 100vw, 951px\" \/><\/p>","protected":false},"excerpt":{"rendered":"<p><strong>Parametrii cuplajelor cu angrenaje:<\/strong><\/p>\n<ul>\n<li><strong>Cuplu maxim admisibil:<\/strong> 710 Nm p\u00e2n\u0103 la 1.000.000 Nm<\/li>\n<li><strong>Viteza maxim\u0103:<\/strong> De la 7100 rpm la 700 rpm<\/li>\n<li><strong>Material cuplaj:<\/strong> ZG430-640, 45 o\u021bel<\/li>\n<li><strong>Tipuri de cuplaj:<\/strong> Cuplaje cu din\u021bi \u00eentregi \u0219i cuplaje cu jum\u0103tate de dinte<\/li>\n<li><strong>Op\u021biuni personalizate:<\/strong> Pute\u021bi furniza propriile desene, iar noi vom fabrica \u00een conformitate cu dimensiunile specificate.<\/li>\n<\/ul>","protected":false},"featured_media":6856,"template":"","meta":{"_kad_post_transparent":"default","_kad_post_title":"","_kad_post_layout":"default","_kad_post_sidebar_id":"","_kad_post_content_style":"default","_kad_post_vertical_padding":"show","_kad_post_feature":"","_kad_post_feature_position":"","_kad_post_header":false,"_kad_post_footer":false},"product_brand":[],"product_cat":[54],"product_tag":[425,427,431,439,428,376,438,374,432,424,433,373,436,426,437,423,430,435,434,429],"class_list":{"0":"post-4896","1":"product","2":"type-product","3":"status-publish","4":"has-post-thumbnail","6":"product_cat-crane-coupling","7":"product_tag-brake-wheel-coupling","8":"product_tag-brake-wheel-drum-gear-coupling","9":"product_tag-brake-wheel-plum-elastic-coupling","10":"product_tag-cardan-coupling","11":"product_tag-cardan-shaft-coupling","12":"product_tag-china-crane-parts-supplier","13":"product_tag-coupling-manufacturer","14":"product_tag-crane-accessories","15":"product_tag-crane-brake-wheel-coupling","16":"product_tag-crane-coupling","17":"product_tag-crane-gear-couplings","18":"product_tag-crane-parts","19":"product_tag-disc-couplings","20":"product_tag-drum-gear-coupling","21":"product_tag-fluid-couplings","22":"product_tag-gear-coupling","23":"product_tag-plum-blossom-elastic-coupling","24":"product_tag-power-transmission-couplings","25":"product_tag-shaft-couplings","26":"product_tag-wzl-drum-coupling","28":"first","29":"instock","30":"shipping-taxable","31":"product-type-simple","32":"entry","33":"content-bg","34":"loop-entry"},"yoast_head":"<!-- This site is optimized with the Yoast SEO plugin v24.5 - https:\/\/yoast.com\/wordpress\/plugins\/seo\/ -->\n<title>Gear coupling - Crane gear couplings-Crane Coupling-Crane Parts Manufacturer<\/title>\n<meta name=\"description\" content=\"Crane brake wheel coupling,Crane gear couplings,Crane Coupling,Fluid couplings,Crane parts,Crane accessories,Coupling manufacturer,Cardan coupling\" \/>\n<meta name=\"robots\" content=\"index, follow, max-snippet:-1, max-image-preview:large, max-video-preview:-1\" \/>\n<link rel=\"canonical\" href=\"https:\/\/www.hnhlcranes.com\/ro\/produs\/cuplaj-cu-roti-dintate\/\" \/>\n<meta property=\"og:locale\" content=\"ro_RO\" \/>\n<meta property=\"og:type\" content=\"article\" \/>\n<meta property=\"og:title\" content=\"Gear coupling - Crane gear couplings-Crane Coupling-Crane Parts Manufacturer\" \/>\n<meta property=\"og:description\" content=\"Crane brake wheel coupling,Crane gear couplings,Crane Coupling,Fluid couplings,Crane parts,Crane accessories,Coupling manufacturer,Cardan coupling\" \/>\n<meta property=\"og:url\" content=\"https:\/\/www.hnhlcranes.com\/ro\/produs\/cuplaj-cu-roti-dintate\/\" \/>\n<meta property=\"og:site_name\" content=\"Crane Parts Manufacturer\" \/>\n<meta property=\"article:modified_time\" content=\"2025-01-05T16:42:42+00:00\" \/>\n<meta property=\"og:image\" content=\"https:\/\/www.hnhlcranes.com\/wp-content\/uploads\/2024\/11\/Gear-coupling.jpg\" \/>\n\t<meta property=\"og:image:width\" content=\"600\" \/>\n\t<meta property=\"og:image:height\" content=\"600\" \/>\n\t<meta property=\"og:image:type\" content=\"image\/jpeg\" \/>\n<meta name=\"twitter:card\" content=\"summary_large_image\" \/>\n<meta name=\"twitter:label1\" content=\"Timp estimat pentru citire\" \/>\n\t<meta name=\"twitter:data1\" content=\"3 minute\" \/>\n<script type=\"application\/ld+json\" class=\"yoast-schema-graph\">{\"@context\":\"https:\/\/schema.org\",\"@graph\":[{\"@type\":\"WebPage\",\"@id\":\"https:\/\/www.hnhlcranes.com\/product\/gear-coupling\/\",\"url\":\"https:\/\/www.hnhlcranes.com\/product\/gear-coupling\/\",\"name\":\"Gear coupling - Crane gear couplings-Crane Coupling-Crane Parts Manufacturer\",\"isPartOf\":{\"@id\":\"https:\/\/www.hnhlcranes.com\/#website\"},\"primaryImageOfPage\":{\"@id\":\"https:\/\/www.hnhlcranes.com\/product\/gear-coupling\/#primaryimage\"},\"image\":{\"@id\":\"https:\/\/www.hnhlcranes.com\/product\/gear-coupling\/#primaryimage\"},\"thumbnailUrl\":\"https:\/\/www.hnhlcranes.com\/wp-content\/uploads\/2024\/11\/Gear-coupling.jpg\",\"datePublished\":\"2024-11-08T07:16:00+00:00\",\"dateModified\":\"2025-01-05T16:42:42+00:00\",\"description\":\"Crane brake wheel coupling,Crane gear couplings,Crane Coupling,Fluid couplings,Crane parts,Crane accessories,Coupling manufacturer,Cardan coupling\",\"breadcrumb\":{\"@id\":\"https:\/\/www.hnhlcranes.com\/product\/gear-coupling\/#breadcrumb\"},\"inLanguage\":\"ro-RO\",\"potentialAction\":[{\"@type\":\"ReadAction\",\"target\":[\"https:\/\/www.hnhlcranes.com\/product\/gear-coupling\/\"]}]},{\"@type\":\"ImageObject\",\"inLanguage\":\"ro-RO\",\"@id\":\"https:\/\/www.hnhlcranes.com\/product\/gear-coupling\/#primaryimage\",\"url\":\"https:\/\/www.hnhlcranes.com\/wp-content\/uploads\/2024\/11\/Gear-coupling.jpg\",\"contentUrl\":\"https:\/\/www.hnhlcranes.com\/wp-content\/uploads\/2024\/11\/Gear-coupling.jpg\",\"width\":600,\"height\":600},{\"@type\":\"BreadcrumbList\",\"@id\":\"https:\/\/www.hnhlcranes.com\/product\/gear-coupling\/#breadcrumb\",\"itemListElement\":[{\"@type\":\"ListItem\",\"position\":1,\"name\":\"home\",\"item\":\"https:\/\/www.hnhlcranes.com\/\"},{\"@type\":\"ListItem\",\"position\":2,\"name\":\"products\",\"item\":\"https:\/\/www.hnhlcranes.com\/products\/\"},{\"@type\":\"ListItem\",\"position\":3,\"name\":\"Gear coupling\"}]},{\"@type\":\"WebSite\",\"@id\":\"https:\/\/www.hnhlcranes.com\/#website\",\"url\":\"https:\/\/www.hnhlcranes.com\/\",\"name\":\"Crane Parts Manufacturer\",\"description\":\"Crane Wheels,Crane Drums,Crane Hooks,Crane Coupling,Crane End Carriage,Electric Hoist,European Crane Parts,Crane Rail Clip,Crane Spreader,Crane Motor,Crane Reducer,Crane Brake,Light Crane Parts,Workstation Crane Parts,Crane Electrical Parts,China Crane Parts Supplier,China Crane Parts Manufacturer,Angle box type crane wheel,45 degree split crane wheel,European crane wheel,Crane Wheel Blocks,Overhead crane drum,European crane drum,Overhead crane hook,European crane hook,Crane pulley block,Gear coupling,Brake wheel coupling,Drum gear coupling,Brake wheel drum gear coupling,Cardan Shaft Coupling,WZL drum coupling,Plum blossom elastic coupling,Brake wheel plum elastic coupling,European Single girder crane end carriage,European Double girder crane end carriage,European Suspension  crane end carriage,Wire Rope Electric Hoist,Electric Chain Hoist,European Single Girder Wire Rope Electric Hoist,European Double Girder Wire Rope Electric Hoist,Crane grab,Container spreader,Billet crane clamps,C-type hook,Lifting Electromagnet,YZR crane motor,YZP crane motor,ZQ Reducer,ZSC Reducer,QJ Reducer,QJ-L Reducer,QJY Reducer,H series gearbox,F Series Gear Motor,K Series Gear Motor,R Series Gear Motor,travelling machinery gear motor,Electro hydraulic drum brake,Electro hydraulic disc brake,Crane Safety brake,Crane cable trolley,Crane remote controller,Crane pendant controller,Crane electrical control cabinet,Crane limit switch,Crane sound and light alarm,Heavy Duty Aviation Connector,Crane overload limiter\",\"publisher\":{\"@id\":\"https:\/\/www.hnhlcranes.com\/#organization\"},\"potentialAction\":[{\"@type\":\"SearchAction\",\"target\":{\"@type\":\"EntryPoint\",\"urlTemplate\":\"https:\/\/www.hnhlcranes.com\/?s={search_term_string}\"},\"query-input\":{\"@type\":\"PropertyValueSpecification\",\"valueRequired\":true,\"valueName\":\"search_term_string\"}}],\"inLanguage\":\"ro-RO\"},{\"@type\":\"Organization\",\"@id\":\"https:\/\/www.hnhlcranes.com\/#organization\",\"name\":\"Crane Parts Manufacturer\",\"url\":\"https:\/\/www.hnhlcranes.com\/\",\"logo\":{\"@type\":\"ImageObject\",\"inLanguage\":\"ro-RO\",\"@id\":\"https:\/\/www.hnhlcranes.com\/#\/schema\/logo\/image\/\",\"url\":\"https:\/\/www.hnhlcranes.com\/wp-content\/uploads\/2025\/01\/HL-logo-1.png\",\"contentUrl\":\"https:\/\/www.hnhlcranes.com\/wp-content\/uploads\/2025\/01\/HL-logo-1.png\",\"width\":600,\"height\":169,\"caption\":\"Crane Parts Manufacturer\"},\"image\":{\"@id\":\"https:\/\/www.hnhlcranes.com\/#\/schema\/logo\/image\/\"}}]}<\/script>\n<!-- \/ Yoast SEO plugin. -->","yoast_head_json":{"title":"Gear coupling - Crane gear couplings-Crane Coupling-Crane Parts Manufacturer","description":"Crane brake wheel coupling,Crane gear couplings,Crane Coupling,Fluid couplings,Crane parts,Crane accessories,Coupling manufacturer,Cardan coupling","robots":{"index":"index","follow":"follow","max-snippet":"max-snippet:-1","max-image-preview":"max-image-preview:large","max-video-preview":"max-video-preview:-1"},"canonical":"https:\/\/www.hnhlcranes.com\/ro\/produs\/cuplaj-cu-roti-dintate\/","og_locale":"ro_RO","og_type":"article","og_title":"Gear coupling - Crane gear couplings-Crane Coupling-Crane Parts Manufacturer","og_description":"Crane brake wheel coupling,Crane gear couplings,Crane Coupling,Fluid couplings,Crane parts,Crane accessories,Coupling manufacturer,Cardan coupling","og_url":"https:\/\/www.hnhlcranes.com\/ro\/produs\/cuplaj-cu-roti-dintate\/","og_site_name":"Crane Parts Manufacturer","article_modified_time":"2025-01-05T16:42:42+00:00","og_image":[{"width":600,"height":600,"url":"https:\/\/www.hnhlcranes.com\/wp-content\/uploads\/2024\/11\/Gear-coupling.jpg","type":"image\/jpeg"}],"twitter_card":"summary_large_image","twitter_misc":{"Timp estimat pentru citire":"3 minute"},"schema":{"@context":"https:\/\/schema.org","@graph":[{"@type":"WebPage","@id":"https:\/\/www.hnhlcranes.com\/product\/gear-coupling\/","url":"https:\/\/www.hnhlcranes.com\/product\/gear-coupling\/","name":"Gear coupling - Crane gear couplings-Crane Coupling-Crane Parts Manufacturer","isPartOf":{"@id":"https:\/\/www.hnhlcranes.com\/#website"},"primaryImageOfPage":{"@id":"https:\/\/www.hnhlcranes.com\/product\/gear-coupling\/#primaryimage"},"image":{"@id":"https:\/\/www.hnhlcranes.com\/product\/gear-coupling\/#primaryimage"},"thumbnailUrl":"https:\/\/www.hnhlcranes.com\/wp-content\/uploads\/2024\/11\/Gear-coupling.jpg","datePublished":"2024-11-08T07:16:00+00:00","dateModified":"2025-01-05T16:42:42+00:00","description":"Crane brake wheel coupling,Crane gear couplings,Crane Coupling,Fluid couplings,Crane parts,Crane accessories,Coupling manufacturer,Cardan coupling","breadcrumb":{"@id":"https:\/\/www.hnhlcranes.com\/product\/gear-coupling\/#breadcrumb"},"inLanguage":"ro-RO","potentialAction":[{"@type":"ReadAction","target":["https:\/\/www.hnhlcranes.com\/product\/gear-coupling\/"]}]},{"@type":"ImageObject","inLanguage":"ro-RO","@id":"https:\/\/www.hnhlcranes.com\/product\/gear-coupling\/#primaryimage","url":"https:\/\/www.hnhlcranes.com\/wp-content\/uploads\/2024\/11\/Gear-coupling.jpg","contentUrl":"https:\/\/www.hnhlcranes.com\/wp-content\/uploads\/2024\/11\/Gear-coupling.jpg","width":600,"height":600},{"@type":"BreadcrumbList","@id":"https:\/\/www.hnhlcranes.com\/product\/gear-coupling\/#breadcrumb","itemListElement":[{"@type":"ListItem","position":1,"name":"home","item":"https:\/\/www.hnhlcranes.com\/"},{"@type":"ListItem","position":2,"name":"products","item":"https:\/\/www.hnhlcranes.com\/products\/"},{"@type":"ListItem","position":3,"name":"Gear coupling"}]},{"@type":"WebSite","@id":"https:\/\/www.hnhlcranes.com\/#website","url":"https:\/\/www.hnhlcranes.com\/","name":"Crane Parts Manufacturer","description":"Crane Wheels,Crane Drums,Crane Hooks,Crane Coupling,Crane End Carriage,Electric Hoist,European Crane Parts,Crane Rail Clip,Crane Spreader,Crane Motor,Crane Reducer,Crane Brake,Light Crane Parts,Workstation Crane Parts,Crane Electrical Parts,China Crane Parts Supplier,China Crane Parts Manufacturer,Angle box type crane wheel,45 degree split crane wheel,European crane wheel,Crane Wheel Blocks,Overhead crane drum,European crane drum,Overhead crane hook,European crane hook,Crane pulley block,Gear coupling,Brake wheel coupling,Drum gear coupling,Brake wheel drum gear coupling,Cardan Shaft Coupling,WZL drum coupling,Plum blossom elastic coupling,Brake wheel plum elastic coupling,European Single girder crane end carriage,European Double girder crane end carriage,European Suspension  crane end carriage,Wire Rope Electric Hoist,Electric Chain Hoist,European Single Girder Wire Rope Electric Hoist,European Double Girder Wire Rope Electric Hoist,Crane grab,Container spreader,Billet crane clamps,C-type hook,Lifting Electromagnet,YZR crane motor,YZP crane motor,ZQ Reducer,ZSC Reducer,QJ Reducer,QJ-L Reducer,QJY Reducer,H series gearbox,F Series Gear Motor,K Series Gear Motor,R Series Gear Motor,travelling machinery gear motor,Electro hydraulic drum brake,Electro hydraulic disc brake,Crane Safety brake,Crane cable trolley,Crane remote controller,Crane pendant controller,Crane electrical control cabinet,Crane limit switch,Crane sound and light alarm,Heavy Duty Aviation Connector,Crane overload limiter","publisher":{"@id":"https:\/\/www.hnhlcranes.com\/#organization"},"potentialAction":[{"@type":"SearchAction","target":{"@type":"EntryPoint","urlTemplate":"https:\/\/www.hnhlcranes.com\/?s={search_term_string}"},"query-input":{"@type":"PropertyValueSpecification","valueRequired":true,"valueName":"search_term_string"}}],"inLanguage":"ro-RO"},{"@type":"Organization","@id":"https:\/\/www.hnhlcranes.com\/#organization","name":"Crane Parts Manufacturer","url":"https:\/\/www.hnhlcranes.com\/","logo":{"@type":"ImageObject","inLanguage":"ro-RO","@id":"https:\/\/www.hnhlcranes.com\/#\/schema\/logo\/image\/","url":"https:\/\/www.hnhlcranes.com\/wp-content\/uploads\/2025\/01\/HL-logo-1.png","contentUrl":"https:\/\/www.hnhlcranes.com\/wp-content\/uploads\/2025\/01\/HL-logo-1.png","width":600,"height":169,"caption":"Crane Parts Manufacturer"},"image":{"@id":"https:\/\/www.hnhlcranes.com\/#\/schema\/logo\/image\/"}}]}},"_links":{"self":[{"href":"https:\/\/www.hnhlcranes.com\/ro\/wp-json\/wp\/v2\/product\/4896","targetHints":{"allow":["GET"]}}],"collection":[{"href":"https:\/\/www.hnhlcranes.com\/ro\/wp-json\/wp\/v2\/product"}],"about":[{"href":"https:\/\/www.hnhlcranes.com\/ro\/wp-json\/wp\/v2\/types\/product"}],"version-history":[{"count":15,"href":"https:\/\/www.hnhlcranes.com\/ro\/wp-json\/wp\/v2\/product\/4896\/revisions"}],"predecessor-version":[{"id":6875,"href":"https:\/\/www.hnhlcranes.com\/ro\/wp-json\/wp\/v2\/product\/4896\/revisions\/6875"}],"wp:featuredmedia":[{"embeddable":true,"href":"https:\/\/www.hnhlcranes.com\/ro\/wp-json\/wp\/v2\/media\/6856"}],"wp:attachment":[{"href":"https:\/\/www.hnhlcranes.com\/ro\/wp-json\/wp\/v2\/media?parent=4896"}],"wp:term":[{"taxonomy":"product_brand","embeddable":true,"href":"https:\/\/www.hnhlcranes.com\/ro\/wp-json\/wp\/v2\/product_brand?post=4896"},{"taxonomy":"product_cat","embeddable":true,"href":"https:\/\/www.hnhlcranes.com\/ro\/wp-json\/wp\/v2\/product_cat?post=4896"},{"taxonomy":"product_tag","embeddable":true,"href":"https:\/\/www.hnhlcranes.com\/ro\/wp-json\/wp\/v2\/product_tag?post=4896"}],"curies":[{"name":"wp","href":"https:\/\/api.w.org\/{rel}","templated":true}]}}