{"id":5424,"date":"2024-11-25T23:05:17","date_gmt":"2024-11-25T15:05:17","guid":{"rendered":"https:\/\/www.hnhlcranes.com\/?post_type=product&#038;p=5424"},"modified":"2025-01-19T18:08:18","modified_gmt":"2025-01-19T10:08:18","slug":"prindere-macara","status":"publish","type":"product","link":"https:\/\/www.hnhlcranes.com\/ro\/produs\/prindere-macara\/","title":{"rendered":"Apucarea macaralei"},"content":{"rendered":"<h6><span style=\"font-family: arial, helvetica, sans-serif; font-size: 18pt;\"><strong>Tipuri de c\u00e2rlige de macara \u0219i caracteristicile acestora<\/strong><\/span><\/h6>\n<h6><span style=\"font-family: arial, helvetica, sans-serif; font-size: 14pt;\"><strong>Prindere cu un singur cablu<\/strong><\/span><\/h6>\n<ul>\n<li><strong>Mecanism<\/strong>: Func\u021bioneaz\u0103 cu o singur\u0103 fr\u00e2nghie de s\u00e2rm\u0103 pentru a efectua at\u00e2t ac\u021biuni de ridicare, c\u00e2t \u0219i de deschidere\/\u00eenchidere, utiliz\u00e2nd un mecanism special de blocare.<\/li>\n<li><strong>Caracteristici<\/strong>: Potrivit pentru macarale cu un singur tambur de ridicare (un singur c\u00e2rlig), permi\u021b\u00e2nd deschiderea \u0219i \u00eenchiderea f\u0103r\u0103 \u00eentreruperi \u00een timpul \u00eenc\u0103rc\u0103rii \u0219i desc\u0103rc\u0103rii. U\u0219or de ata\u0219at \u0219i deta\u0219at, ceea ce \u00eel face potrivit pentru opera\u021biuni subacvatice \u0219i terestre, cum ar fi prinderea \u0219i stivuirea.<\/li>\n<li><strong>Limit\u0103ri<\/strong>: Nu se poate deschide \u00een aer, cu excep\u021bia tipurilor cu tragere manual\u0103 sau cu telecomand\u0103.<\/li>\n<\/ul>\n<h6><span style=\"font-family: arial, helvetica, sans-serif; font-size: 14pt;\"><strong>Prindere cu fr\u00e2nghie dubl\u0103<\/strong><\/span><\/h6>\n<ul>\n<li><strong>Mecanism<\/strong>: Conceput pentru macarale cu mecanisme duble de ridicare (o singur\u0103 fr\u00e2nghie pentru fiecare tambur). Folose\u0219te o fr\u00e2nghie pentru echilibru \u0219i cealalt\u0103 pentru deschiderea \u0219i \u00eenchiderea dispozitivului de prindere.<\/li>\n<li><strong>Caracteristici<\/strong>:\n<ul>\n<li>Adesea utilizate \u00een porturi, docuri \u0219i \u00een industria construc\u021biilor.<\/li>\n<li>Disponibile \u00een configura\u021bii u\u0219oare, medii, grele \u0219i ultra-grele, \u00een func\u021bie de propriet\u0103\u021bile materialului.<\/li>\n<li>Conceput pentru manipularea materialelor vrac.<\/li>\n<\/ul>\n<\/li>\n<\/ul>\n<h6><span style=\"font-family: arial, helvetica, sans-serif; font-size: 14pt;\"><strong>Prindere cu patru fr\u00e2nghii<\/strong><\/span><\/h6>\n<ul>\n<li><strong>Mecanism<\/strong>: Se utilizeaz\u0103 la macaralele echipate cu dou\u0103 seturi de tamburi de cablu. Utilizeaz\u0103 dou\u0103 cabluri pentru sus\u021binere \u0219i dou\u0103 pentru deschiderea \u0219i \u00eenchiderea f\u0103lcilor.<\/li>\n<li><strong>Aplica\u021bii<\/strong>: Potrivit pentru sarcini precum \u00eenc\u0103rcarea, desc\u0103rcarea, stivuirea \u0219i alimentarea materialelor. Adesea utilizate cu poduri rulante sau macarale pivotante.<\/li>\n<li><strong>Personalizare<\/strong>: Poate fi adaptat cu din\u021bi, grinzi paralele sau pentru opera\u021biuni subacvatice \u00een func\u021bie de nevoile utilizatorului \u0219i de caracteristicile materialului.<\/li>\n<\/ul>\n<h6><span style=\"font-family: arial, helvetica, sans-serif; font-size: 14pt;\"><strong>Prindere cu mai multe gheare<\/strong><\/span><\/h6>\n<ul>\n<li><strong>Aplica\u021bii<\/strong>: Manipuleaz\u0103 eficient fier vechi, materiale solide de mari dimensiuni \u0219i de\u0219euri \u00een medii dificile precum porturi, c\u0103i ferate, metalurgie \u0219i construc\u021bii.<\/li>\n<li><strong>Caracteristici<\/strong>:\n<ul>\n<li>Disponibile \u00een modele cu o singur\u0103 coard\u0103, cu dou\u0103 coarde, cu patru coarde \u0219i electrice.<\/li>\n<li>F\u0103lcile se \u00eenchid individual \u00een func\u021bie de dimensiunea \u0219i forma materialului, asigur\u00e2nd o manipulare eficient\u0103.<\/li>\n<li>Proiectate cu 4 p\u00e2n\u0103 la 8 f\u0103lci, personalizabile \u00een func\u021bie de cerin\u021bele utilizatorului \u0219i de propriet\u0103\u021bile materialului.<\/li>\n<\/ul>\n<\/li>\n<\/ul>\n<h6><span style=\"font-family: arial, helvetica, sans-serif; font-size: 14pt;\"><strong>Apuc\u0103 jurnalul<\/strong><\/span><\/h6>\n<ul>\n<li><strong>Aplica\u021bii<\/strong>: Conceput special pentru manipularea lemnului \u00een depozitele de cherestea, fabricile mari de prelucrare a lemnului, fabricile de h\u00e2rtie \u0219i porturi. Se utilizeaz\u0103 pentru desc\u0103rcarea navelor, stivuirea bu\u0219tenilor \u0219i alte sarcini conexe.<\/li>\n<li><strong>Caracteristici<\/strong>:\n<ul>\n<li>Disponibile \u00een modele cu o singur\u0103 coard\u0103, cu dou\u0103 coarde, cu patru coarde \u0219i electrice.<\/li>\n<li>Personalizabil pentru a satisface nevoile specifice ale utilizatorului.<\/li>\n<\/ul>\n<\/li>\n<\/ul>\n<h6><span style=\"font-family: arial, helvetica, sans-serif; font-size: 14pt;\"><strong>M\u00e2ner motorizat<\/strong><\/span><\/h6>\n<ul>\n<li><strong>Mecanism<\/strong>: Echipat cu propriul mecanism de deschidere\/\u00eenchidere, care permite func\u021bionarea la orice \u00een\u0103l\u021bime pentru manipularea materialelor.<\/li>\n<li><strong>Caracteristici<\/strong>:\n<ul>\n<li>Productivitate mai mare \u00een compara\u021bie cu dispozitivele de prindere cu un singur cablu.<\/li>\n<li>Ata\u0219are \u0219i deta\u0219are u\u0219oar\u0103 cu eficien\u021b\u0103 ridicat\u0103 de \u00eenc\u0103rcare\/desc\u0103rcare.<\/li>\n<li>Potrivit pentru manipularea materialelor vrac.<\/li>\n<li>Necesit\u0103 o bobin\u0103 de cablu de alimentare cu energie pentru \u00een\u0103l\u021bimi de ridicare mai mari.<\/li>\n<\/ul>\n<\/li>\n<li><strong>Limitare<\/strong>: Nu este adecvat pentru opera\u021biuni subacvatice.<\/li>\n<\/ul>\n<h6><span style=\"font-family: arial, helvetica, sans-serif; font-size: 14pt;\"><strong>Electric hidraulic Multi-Claw Grab<\/strong><\/span><\/h6>\n<ul>\n<li><strong>Aplica\u021bii<\/strong>: Proiectat pentru manipularea materialelor neregulate \u0219i mari, cum ar fi de\u0219euri de o\u021bel, font\u0103, minereu \u0219i de\u0219euri \u00een medii dure, \u00eenlocuind \u00een mod eficient munca manual\u0103.<\/li>\n<li><strong>Caracteristici<\/strong>:\n<ul>\n<li>Echipat cu un sistem hidraulic independent, folosind componente de \u00eenalt\u0103 calitate pentru performan\u021be excelente.<\/li>\n<li>Fiecare f\u0103lci este ac\u021bionat de un cilindru hidraulic separat, asigur\u00e2nd c\u0103 nu exist\u0103 scurgeri de material.<\/li>\n<li>Include un conector de cablu pe partea superioar\u0103 pentru integrarea u\u0219oar\u0103 a macaralei.<\/li>\n<li>Disponibile \u00een configura\u021bii multiple: f\u0103lci circulare sau dreptunghiulare \u0219i modele de gheare \u00eenchise, semi-deschise sau deschise.<\/li>\n<\/ul>\n<\/li>\n<\/ul>","protected":false},"excerpt":{"rendered":"<p>Singlr fr\u00e2nghie apuca, patru fr\u00e2nghie apuca, electro-hidraulic multi-flap apuca, Orange coaja apuca, motor electric apuca, electro-hidraulicclamshell apuca<\/p>","protected":false},"featured_media":7139,"template":"","meta":{"_kad_post_transparent":"default","_kad_post_title":"","_kad_post_layout":"default","_kad_post_sidebar_id":"","_kad_post_content_style":"default","_kad_post_vertical_padding":"show","_kad_post_feature":"","_kad_post_feature_position":"","_kad_post_header":false,"_kad_post_footer":false},"product_brand":[],"product_cat":[59],"product_tag":[508,510,513,497,514,512,515,498,521,376,517,518,496,507,520,516,495,522,494,504,502,505,501,506,499,523,503,519,509,500,493,511],"class_list":{"0":"post-5424","1":"product","2":"type-product","3":"status-publish","4":"has-post-thumbnail","6":"product_cat-crane-spreader","7":"product_tag-20ft-container-spreader","8":"product_tag-40ft-container-lifting-frame","9":"product_tag-billet-clamps","10":"product_tag-billet-crane-clamp","11":"product_tag-billet-crane-clamps-manufacturer","12":"product_tag-billet-lifting-clamp","13":"product_tag-billet-lifting-clamps-china-supplier","14":"product_tag-c-type-hook","15":"product_tag-c-type-spreader","16":"product_tag-china-crane-parts-supplier","17":"product_tag-coil-c-type-hook","18":"product_tag-coil-hook","19":"product_tag-container-spreader","20":"product_tag-container-spreader-manufacturers","21":"product_tag-crane-c-hook","22":"product_tag-crane-c-type-spreader","23":"product_tag-crane-grab","24":"product_tag-crane-magnets","25":"product_tag-crane-spreader","26":"product_tag-electric-motor-grab","27":"product_tag-electro-hydraulic-multi-flap-grab","28":"product_tag-electro-hydraulicclamshell-grab","29":"product_tag-four-rope-grab","30":"product_tag-grab-manufacturers","31":"product_tag-lifting-electromagnet","32":"product_tag-lifting-electromagnet-spreader","33":"product_tag-orange-peel-grab","34":"product_tag-overhead-crane-steel-coil-c-type-hook","35":"product_tag-semi-automatic-container-spreader","36":"product_tag-singlr-rope-grab","37":"product_tag-special-crane-spreader","38":"product_tag-tec-container-spreader","40":"first","41":"instock","42":"featured","43":"shipping-taxable","44":"product-type-simple","45":"entry","46":"content-bg","47":"loop-entry"},"yoast_head":"<!-- This site is optimized with the Yoast SEO plugin v24.5 - https:\/\/yoast.com\/wordpress\/plugins\/seo\/ -->\n<title>Crane grab - Four rope grab-Electric motor grab-grab manufacturer- Crane Parts Manufacturer<\/title>\n<meta name=\"description\" content=\"Singlr rope grab,Four rope grab,Electro-hydraulic multi-flap grab,Orange peel grab,Electric motor grab,Electro-Hydraulicclamshell grab,Crane grab\" \/>\n<meta name=\"robots\" content=\"index, follow, max-snippet:-1, max-image-preview:large, max-video-preview:-1\" \/>\n<link rel=\"canonical\" href=\"https:\/\/www.hnhlcranes.com\/ro\/produs\/prindere-macara\/\" \/>\n<meta property=\"og:locale\" content=\"ro_RO\" \/>\n<meta property=\"og:type\" content=\"article\" \/>\n<meta property=\"og:title\" content=\"Crane grab - Four rope grab-Electric motor grab-grab manufacturer- Crane Parts Manufacturer\" \/>\n<meta property=\"og:description\" content=\"Singlr rope grab,Four rope grab,Electro-hydraulic multi-flap grab,Orange peel grab,Electric motor grab,Electro-Hydraulicclamshell grab,Crane grab\" \/>\n<meta property=\"og:url\" content=\"https:\/\/www.hnhlcranes.com\/ro\/produs\/prindere-macara\/\" \/>\n<meta property=\"og:site_name\" content=\"Crane Parts Manufacturer\" \/>\n<meta property=\"article:modified_time\" content=\"2025-01-19T10:08:18+00:00\" \/>\n<meta property=\"og:image\" content=\"https:\/\/www.hnhlcranes.com\/wp-content\/uploads\/2024\/11\/Crane-grab.jpg\" \/>\n\t<meta property=\"og:image:width\" content=\"600\" \/>\n\t<meta property=\"og:image:height\" content=\"600\" \/>\n\t<meta property=\"og:image:type\" content=\"image\/jpeg\" \/>\n<meta name=\"twitter:card\" content=\"summary_large_image\" \/>\n<meta name=\"twitter:label1\" content=\"Timp estimat pentru citire\" \/>\n\t<meta name=\"twitter:data1\" content=\"3 minute\" \/>\n<script type=\"application\/ld+json\" class=\"yoast-schema-graph\">{\"@context\":\"https:\/\/schema.org\",\"@graph\":[{\"@type\":\"WebPage\",\"@id\":\"https:\/\/www.hnhlcranes.com\/product\/crane-grab\/\",\"url\":\"https:\/\/www.hnhlcranes.com\/product\/crane-grab\/\",\"name\":\"Crane grab - Four rope grab-Electric motor grab-grab manufacturer- Crane Parts Manufacturer\",\"isPartOf\":{\"@id\":\"https:\/\/www.hnhlcranes.com\/#website\"},\"primaryImageOfPage\":{\"@id\":\"https:\/\/www.hnhlcranes.com\/product\/crane-grab\/#primaryimage\"},\"image\":{\"@id\":\"https:\/\/www.hnhlcranes.com\/product\/crane-grab\/#primaryimage\"},\"thumbnailUrl\":\"https:\/\/www.hnhlcranes.com\/wp-content\/uploads\/2024\/11\/Crane-grab.jpg\",\"datePublished\":\"2024-11-25T15:05:17+00:00\",\"dateModified\":\"2025-01-19T10:08:18+00:00\",\"description\":\"Singlr rope grab,Four rope grab,Electro-hydraulic multi-flap grab,Orange peel grab,Electric motor grab,Electro-Hydraulicclamshell grab,Crane grab\",\"breadcrumb\":{\"@id\":\"https:\/\/www.hnhlcranes.com\/product\/crane-grab\/#breadcrumb\"},\"inLanguage\":\"ro-RO\",\"potentialAction\":[{\"@type\":\"ReadAction\",\"target\":[\"https:\/\/www.hnhlcranes.com\/product\/crane-grab\/\"]}]},{\"@type\":\"ImageObject\",\"inLanguage\":\"ro-RO\",\"@id\":\"https:\/\/www.hnhlcranes.com\/product\/crane-grab\/#primaryimage\",\"url\":\"https:\/\/www.hnhlcranes.com\/wp-content\/uploads\/2024\/11\/Crane-grab.jpg\",\"contentUrl\":\"https:\/\/www.hnhlcranes.com\/wp-content\/uploads\/2024\/11\/Crane-grab.jpg\",\"width\":600,\"height\":600},{\"@type\":\"BreadcrumbList\",\"@id\":\"https:\/\/www.hnhlcranes.com\/product\/crane-grab\/#breadcrumb\",\"itemListElement\":[{\"@type\":\"ListItem\",\"position\":1,\"name\":\"home\",\"item\":\"https:\/\/www.hnhlcranes.com\/\"},{\"@type\":\"ListItem\",\"position\":2,\"name\":\"products\",\"item\":\"https:\/\/www.hnhlcranes.com\/products\/\"},{\"@type\":\"ListItem\",\"position\":3,\"name\":\"Crane grab\"}]},{\"@type\":\"WebSite\",\"@id\":\"https:\/\/www.hnhlcranes.com\/#website\",\"url\":\"https:\/\/www.hnhlcranes.com\/\",\"name\":\"Crane Parts Manufacturer\",\"description\":\"Crane Wheels,Crane Drums,Crane Hooks,Crane Coupling,Crane End Carriage,Electric Hoist,European Crane Parts,Crane Rail Clip,Crane Spreader,Crane Motor,Crane Reducer,Crane Brake,Light Crane Parts,Workstation Crane Parts,Crane Electrical Parts,China Crane Parts Supplier,China Crane Parts Manufacturer,Angle box type crane wheel,45 degree split crane wheel,European crane wheel,Crane Wheel Blocks,Overhead crane drum,European crane drum,Overhead crane hook,European crane hook,Crane pulley block,Gear coupling,Brake wheel coupling,Drum gear coupling,Brake wheel drum gear coupling,Cardan Shaft Coupling,WZL drum coupling,Plum blossom elastic coupling,Brake wheel plum elastic coupling,European Single girder crane end carriage,European Double girder crane end carriage,European Suspension  crane end carriage,Wire Rope Electric Hoist,Electric Chain Hoist,European Single Girder Wire Rope Electric Hoist,European Double Girder Wire Rope Electric Hoist,Crane grab,Container spreader,Billet crane clamps,C-type hook,Lifting Electromagnet,YZR crane motor,YZP crane motor,ZQ Reducer,ZSC Reducer,QJ Reducer,QJ-L Reducer,QJY Reducer,H series gearbox,F Series Gear Motor,K Series Gear Motor,R Series Gear Motor,travelling machinery gear motor,Electro hydraulic drum brake,Electro hydraulic disc brake,Crane Safety brake,Crane cable trolley,Crane remote controller,Crane pendant controller,Crane electrical control cabinet,Crane limit switch,Crane sound and light alarm,Heavy Duty Aviation Connector,Crane overload limiter\",\"publisher\":{\"@id\":\"https:\/\/www.hnhlcranes.com\/#organization\"},\"potentialAction\":[{\"@type\":\"SearchAction\",\"target\":{\"@type\":\"EntryPoint\",\"urlTemplate\":\"https:\/\/www.hnhlcranes.com\/?s={search_term_string}\"},\"query-input\":{\"@type\":\"PropertyValueSpecification\",\"valueRequired\":true,\"valueName\":\"search_term_string\"}}],\"inLanguage\":\"ro-RO\"},{\"@type\":\"Organization\",\"@id\":\"https:\/\/www.hnhlcranes.com\/#organization\",\"name\":\"Crane Parts Manufacturer\",\"url\":\"https:\/\/www.hnhlcranes.com\/\",\"logo\":{\"@type\":\"ImageObject\",\"inLanguage\":\"ro-RO\",\"@id\":\"https:\/\/www.hnhlcranes.com\/#\/schema\/logo\/image\/\",\"url\":\"https:\/\/www.hnhlcranes.com\/wp-content\/uploads\/2025\/01\/HL-logo-1.png\",\"contentUrl\":\"https:\/\/www.hnhlcranes.com\/wp-content\/uploads\/2025\/01\/HL-logo-1.png\",\"width\":600,\"height\":169,\"caption\":\"Crane Parts Manufacturer\"},\"image\":{\"@id\":\"https:\/\/www.hnhlcranes.com\/#\/schema\/logo\/image\/\"}}]}<\/script>\n<!-- \/ Yoast SEO plugin. -->","yoast_head_json":{"title":"Crane grab - Four rope grab-Electric motor grab-grab manufacturer- Crane Parts Manufacturer","description":"Singlr rope grab,Four rope grab,Electro-hydraulic multi-flap grab,Orange peel grab,Electric motor grab,Electro-Hydraulicclamshell grab,Crane grab","robots":{"index":"index","follow":"follow","max-snippet":"max-snippet:-1","max-image-preview":"max-image-preview:large","max-video-preview":"max-video-preview:-1"},"canonical":"https:\/\/www.hnhlcranes.com\/ro\/produs\/prindere-macara\/","og_locale":"ro_RO","og_type":"article","og_title":"Crane grab - Four rope grab-Electric motor grab-grab manufacturer- Crane Parts Manufacturer","og_description":"Singlr rope grab,Four rope grab,Electro-hydraulic multi-flap grab,Orange peel grab,Electric motor grab,Electro-Hydraulicclamshell grab,Crane grab","og_url":"https:\/\/www.hnhlcranes.com\/ro\/produs\/prindere-macara\/","og_site_name":"Crane Parts Manufacturer","article_modified_time":"2025-01-19T10:08:18+00:00","og_image":[{"width":600,"height":600,"url":"https:\/\/www.hnhlcranes.com\/wp-content\/uploads\/2024\/11\/Crane-grab.jpg","type":"image\/jpeg"}],"twitter_card":"summary_large_image","twitter_misc":{"Timp estimat pentru citire":"3 minute"},"schema":{"@context":"https:\/\/schema.org","@graph":[{"@type":"WebPage","@id":"https:\/\/www.hnhlcranes.com\/product\/crane-grab\/","url":"https:\/\/www.hnhlcranes.com\/product\/crane-grab\/","name":"Crane grab - Four rope grab-Electric motor grab-grab manufacturer- Crane Parts Manufacturer","isPartOf":{"@id":"https:\/\/www.hnhlcranes.com\/#website"},"primaryImageOfPage":{"@id":"https:\/\/www.hnhlcranes.com\/product\/crane-grab\/#primaryimage"},"image":{"@id":"https:\/\/www.hnhlcranes.com\/product\/crane-grab\/#primaryimage"},"thumbnailUrl":"https:\/\/www.hnhlcranes.com\/wp-content\/uploads\/2024\/11\/Crane-grab.jpg","datePublished":"2024-11-25T15:05:17+00:00","dateModified":"2025-01-19T10:08:18+00:00","description":"Singlr rope grab,Four rope grab,Electro-hydraulic multi-flap grab,Orange peel grab,Electric motor grab,Electro-Hydraulicclamshell grab,Crane grab","breadcrumb":{"@id":"https:\/\/www.hnhlcranes.com\/product\/crane-grab\/#breadcrumb"},"inLanguage":"ro-RO","potentialAction":[{"@type":"ReadAction","target":["https:\/\/www.hnhlcranes.com\/product\/crane-grab\/"]}]},{"@type":"ImageObject","inLanguage":"ro-RO","@id":"https:\/\/www.hnhlcranes.com\/product\/crane-grab\/#primaryimage","url":"https:\/\/www.hnhlcranes.com\/wp-content\/uploads\/2024\/11\/Crane-grab.jpg","contentUrl":"https:\/\/www.hnhlcranes.com\/wp-content\/uploads\/2024\/11\/Crane-grab.jpg","width":600,"height":600},{"@type":"BreadcrumbList","@id":"https:\/\/www.hnhlcranes.com\/product\/crane-grab\/#breadcrumb","itemListElement":[{"@type":"ListItem","position":1,"name":"home","item":"https:\/\/www.hnhlcranes.com\/"},{"@type":"ListItem","position":2,"name":"products","item":"https:\/\/www.hnhlcranes.com\/products\/"},{"@type":"ListItem","position":3,"name":"Crane grab"}]},{"@type":"WebSite","@id":"https:\/\/www.hnhlcranes.com\/#website","url":"https:\/\/www.hnhlcranes.com\/","name":"Crane Parts Manufacturer","description":"Crane Wheels,Crane Drums,Crane Hooks,Crane Coupling,Crane End Carriage,Electric Hoist,European Crane Parts,Crane Rail Clip,Crane Spreader,Crane Motor,Crane Reducer,Crane Brake,Light Crane Parts,Workstation Crane Parts,Crane Electrical Parts,China Crane Parts Supplier,China Crane Parts Manufacturer,Angle box type crane wheel,45 degree split crane wheel,European crane wheel,Crane Wheel Blocks,Overhead crane drum,European crane drum,Overhead crane hook,European crane hook,Crane pulley block,Gear coupling,Brake wheel coupling,Drum gear coupling,Brake wheel drum gear coupling,Cardan Shaft Coupling,WZL drum coupling,Plum blossom elastic coupling,Brake wheel plum elastic coupling,European Single girder crane end carriage,European Double girder crane end carriage,European Suspension  crane end carriage,Wire Rope Electric Hoist,Electric Chain Hoist,European Single Girder Wire Rope Electric Hoist,European Double Girder Wire Rope Electric Hoist,Crane grab,Container spreader,Billet crane clamps,C-type hook,Lifting Electromagnet,YZR crane motor,YZP crane motor,ZQ Reducer,ZSC Reducer,QJ Reducer,QJ-L Reducer,QJY Reducer,H series gearbox,F Series Gear Motor,K Series Gear Motor,R Series Gear Motor,travelling machinery gear motor,Electro hydraulic drum brake,Electro hydraulic disc brake,Crane Safety brake,Crane cable trolley,Crane remote controller,Crane pendant controller,Crane electrical control cabinet,Crane limit switch,Crane sound and light alarm,Heavy Duty Aviation Connector,Crane overload limiter","publisher":{"@id":"https:\/\/www.hnhlcranes.com\/#organization"},"potentialAction":[{"@type":"SearchAction","target":{"@type":"EntryPoint","urlTemplate":"https:\/\/www.hnhlcranes.com\/?s={search_term_string}"},"query-input":{"@type":"PropertyValueSpecification","valueRequired":true,"valueName":"search_term_string"}}],"inLanguage":"ro-RO"},{"@type":"Organization","@id":"https:\/\/www.hnhlcranes.com\/#organization","name":"Crane Parts Manufacturer","url":"https:\/\/www.hnhlcranes.com\/","logo":{"@type":"ImageObject","inLanguage":"ro-RO","@id":"https:\/\/www.hnhlcranes.com\/#\/schema\/logo\/image\/","url":"https:\/\/www.hnhlcranes.com\/wp-content\/uploads\/2025\/01\/HL-logo-1.png","contentUrl":"https:\/\/www.hnhlcranes.com\/wp-content\/uploads\/2025\/01\/HL-logo-1.png","width":600,"height":169,"caption":"Crane Parts Manufacturer"},"image":{"@id":"https:\/\/www.hnhlcranes.com\/#\/schema\/logo\/image\/"}}]}},"_links":{"self":[{"href":"https:\/\/www.hnhlcranes.com\/ro\/wp-json\/wp\/v2\/product\/5424","targetHints":{"allow":["GET"]}}],"collection":[{"href":"https:\/\/www.hnhlcranes.com\/ro\/wp-json\/wp\/v2\/product"}],"about":[{"href":"https:\/\/www.hnhlcranes.com\/ro\/wp-json\/wp\/v2\/types\/product"}],"version-history":[{"count":3,"href":"https:\/\/www.hnhlcranes.com\/ro\/wp-json\/wp\/v2\/product\/5424\/revisions"}],"predecessor-version":[{"id":7141,"href":"https:\/\/www.hnhlcranes.com\/ro\/wp-json\/wp\/v2\/product\/5424\/revisions\/7141"}],"wp:featuredmedia":[{"embeddable":true,"href":"https:\/\/www.hnhlcranes.com\/ro\/wp-json\/wp\/v2\/media\/7139"}],"wp:attachment":[{"href":"https:\/\/www.hnhlcranes.com\/ro\/wp-json\/wp\/v2\/media?parent=5424"}],"wp:term":[{"taxonomy":"product_brand","embeddable":true,"href":"https:\/\/www.hnhlcranes.com\/ro\/wp-json\/wp\/v2\/product_brand?post=5424"},{"taxonomy":"product_cat","embeddable":true,"href":"https:\/\/www.hnhlcranes.com\/ro\/wp-json\/wp\/v2\/product_cat?post=5424"},{"taxonomy":"product_tag","embeddable":true,"href":"https:\/\/www.hnhlcranes.com\/ro\/wp-json\/wp\/v2\/product_tag?post=5424"}],"curies":[{"name":"wp","href":"https:\/\/api.w.org\/{rel}","templated":true}]}}