{"id":5444,"date":"2024-11-25T23:42:41","date_gmt":"2024-11-25T15:42:41","guid":{"rendered":"https:\/\/www.hnhlcranes.com\/?post_type=product&#038;p=5444"},"modified":"2025-01-10T15:05:04","modified_gmt":"2025-01-10T07:05:04","slug":"raspanditor-de-containere","status":"publish","type":"product","link":"https:\/\/www.hnhlcranes.com\/ro\/produs\/raspanditor-de-containere\/","title":{"rendered":"R\u0103sp\u00e2nditor de containere"},"content":{"rendered":"<h3><strong>Introducere \u00een distribuitorul de containere<\/strong><\/h3>\n<p>A <strong>r\u0103sp\u00e2nditor de containere<\/strong> este un dispozitiv special conceput pentru ridicarea, transportul \u0219i plasarea precis\u0103 a containerelor. Acesta este utilizat de obicei pe macaralele portuare, cum ar fi macaralele de cheu \u0219i macaralele pivot. R\u0103sp\u00e2ndirea se conecteaz\u0103 la c\u00e2rligul macaralei sau la cablurile de ridicare \u0219i asigur\u0103 ridicarea \u0219i manipularea sigur\u0103 a containerelor. Cu mecanismele sale de extensie \u0219i blocare, dispozitivul de \u00eempr\u0103\u0219tiere a containerelor joac\u0103 un rol esen\u021bial \u00een men\u021binerea stabilit\u0103\u021bii \u0219i siguran\u021bei containerelor \u00een timpul procesului de ridicare.<\/p>\n<h3><strong>Func\u021bii principale<\/strong><\/h3>\n<ul>\n<li><strong>Ridicarea containerelor<\/strong>: Func\u021bia principal\u0103 a r\u0103sp\u00e2nditorului de containere este de a ridica containerele de pe navele de marf\u0103 sau din \u0219antierele portuare \u0219i de a le transporta \u00een alte loca\u021bii. Acesta se conecteaz\u0103 la cele patru col\u021buri turnate ale containerului, fix\u00e2nd containerul \u00een pozi\u021bie \u00een timpul opera\u021biunii de ridicare.<\/li>\n<li><strong>Plasare precis\u0103<\/strong>: Dispozitivul de \u00eempr\u0103\u0219tiere a containerelor asigur\u0103 plasarea precis\u0103 a containerelor atunci c\u00e2nd acestea sunt mutate dintr-o loca\u021bie \u00een alta. Acest lucru este deosebit de important \u00een opera\u021biunile portuare, unde este necesar\u0103 o precizie ridicat\u0103 pentru stivuire \u0219i desc\u0103rcare. R\u0103sp\u00e2ndirea ajut\u0103 la prevenirea \u00eenclin\u0103rii sau c\u0103derii containerelor \u00een timpul transferului.<\/li>\n<li><strong>Extindere \u0219i reglare<\/strong>: Cele mai multe dispozitive de \u00eempr\u0103\u0219tiere a containerelor sunt echipate cu o caracteristic\u0103 extensibil\u0103, care le permite s\u0103 \u00ee\u0219i ajusteze l\u0103\u021bimea pentru a acomoda containere de diferite dimensiuni (cum ar fi containere de 20, 40 sau 45 de picioare). Aceast\u0103 adaptabilitate \u00eenseamn\u0103 c\u0103 acela\u0219i r\u0103sp\u00e2nditor poate manipula containere de mai multe dimensiuni, sporind eficien\u021ba opera\u021bional\u0103.<\/li>\n<li><strong>Mecanism de blocare<\/strong>: Pentru a se asigura c\u0103 recipientul nu alunec\u0103 \u00een timpul ridic\u0103rii, dispozitivul de \u00eempr\u0103\u0219tiere a recipientului este echipat cu un mecanism de blocare. Acesta poate fi automat sau manual \u0219i blocheaz\u0103 \u00een siguran\u021b\u0103 cele patru col\u021buri turnate ale containerului odat\u0103 conectate, \u00eempiedic\u00e2nd deta\u0219area accidental\u0103 \u00een timpul procesului de ridicare.<\/li>\n<li><strong>Eficien\u021b\u0103 \u00eembun\u0103t\u0103\u021bit\u0103<\/strong>: Distribuitoarele de containere sunt proiectate pentru conectare \u0219i deconectare rapid\u0103, ceea ce cre\u0219te eficien\u021ba opera\u021bional\u0103 a macaralei. \u00cen porturile aglomerate, r\u0103sp\u00e2nditorul reduce timpul de \u00eentoarcere, contribuind la accelerarea manipul\u0103rii \u0219i transportului m\u0103rfurilor.<\/li>\n<\/ul>\n<h3><strong>Componente structurale cheie<\/strong><\/h3>\n<ul>\n<li><strong>Cadru<\/strong>: Cadrul sus\u021bine \u00eentreaga structur\u0103 a r\u0103sp\u00e2nditorului \u0219i este, de obicei, fabricat din o\u021bel de \u00eenalt\u0103 rezisten\u021b\u0103 pentru a suporta greutatea containerului.<\/li>\n<li><strong>C\u00e2rlige sau inele de ridicare<\/strong>: Acestea conecteaz\u0103 r\u0103sp\u00e2nditorul la sistemul de ridicare al macaralei, facilit\u00e2nd opera\u021biunea de ridicare.<\/li>\n<li><strong>Bra\u021be extensibile<\/strong>: Partea extensibil\u0103 a dispozitivului de \u00eempr\u0103\u0219tiere \u00eei permite s\u0103 se adapteze la diferite dimensiuni ale recipientelor.<\/li>\n<li><strong>Mecanism de blocare<\/strong>: Acest mecanism asigur\u0103 fixarea sigur\u0103 a col\u021burilor turnate ale containerului la dispozitivul de \u00eempr\u0103\u0219tiere, \u00eempiedic\u00e2nd deplasarea containerului.<\/li>\n<li><strong>Sistemul de control<\/strong>: Dispozitivele moderne de \u00eempr\u0103\u0219tiere a containerelor pot dispune de sisteme electronice de control pentru a gestiona extensia, blocarea \u0219i alte func\u021bii, unele dintre acestea oferind chiar capacit\u0103\u021bi de control de la distan\u021b\u0103.<\/li>\n<\/ul>\n<h3><strong>Avantaje<\/strong><\/h3>\n<ul>\n<li><strong>Eficien\u021b\u0103 crescut\u0103<\/strong>: Sistemul de blocare automat\u0103 \u0219i designul de operare rapid\u0103 \u00eembun\u0103t\u0103\u021besc semnificativ eficien\u021ba manipul\u0103rii containerelor.<\/li>\n<li><strong>Adaptabilitate la dimensiuni diferite<\/strong>: Bra\u021bele extensibile fac ca dispozitivul de \u00eempr\u0103\u0219tiere s\u0103 fie potrivit pentru o gam\u0103 larg\u0103 de dimensiuni ale containerelor, oferind o versatilitate ridicat\u0103.<\/li>\n<li><strong>Siguran\u021b\u0103 ridicat\u0103<\/strong>: Mecanismul de blocare asigur\u0103 c\u0103 recipientele r\u0103m\u00e2n stabile \u0219i sigure \u00een timpul manipul\u0103rii, reduc\u00e2nd riscul de accidente.<\/li>\n<li><strong>Interven\u021bie manual\u0103 redus\u0103<\/strong>: Dispozitivele moderne de \u00eempr\u0103\u0219tiere a containerelor sunt adesea dotate cu sisteme de control automat, reduc\u00e2nd necesitatea opera\u021biunilor manuale \u0219i sporind siguran\u021ba \u0219i eficien\u021ba.<\/li>\n<\/ul>\n<h3><strong>Concluzie<\/strong><\/h3>\n<p>\u00cen concluzie, dispozitivul de \u00eempr\u0103\u0219tiere a containerelor este o pies\u0103 de echipament esen\u021bial\u0103 \u00een opera\u021biuni portuare, \u00een docuri \u0219i \u00een alte opera\u021biuni de manipulare a containerelor. Acesta asigur\u0103 ridicarea \u0219i manipularea eficient\u0103, sigur\u0103 \u0219i precis\u0103 a containerelor. Mecanismele de extensie \u0219i de blocare \u00eei permit s\u0103 se adapteze la containere de diferite dimensiuni, ceea ce \u00eel face utilizat pe scar\u0103 larg\u0103 \u00een opera\u021biunile de transport, \u00eenc\u0103rcare, desc\u0103rcare \u0219i stivuire a containerelor din \u00eentreaga lume.<\/p>","protected":false},"excerpt":{"rendered":"<p>Produc\u0103tori de \u00eempr\u0103\u0219tiere a containerelor, 20ft Container Spreader, Semi Automatic Container Spreader, 40ft Container Lifting Frame, Container Spreader<\/p>","protected":false},"featured_media":7148,"template":"","meta":{"_kad_post_transparent":"default","_kad_post_title":"","_kad_post_layout":"default","_kad_post_sidebar_id":"","_kad_post_content_style":"default","_kad_post_vertical_padding":"show","_kad_post_feature":"","_kad_post_feature_position":"","_kad_post_header":false,"_kad_post_footer":false},"product_brand":[],"product_cat":[59],"product_tag":[508,510,513,497,514,512,515,498,521,376,517,518,496,507,520,516,495,522,494,504,502,505,501,506,499,523,503,519,509,500,493,511],"class_list":{"0":"post-5444","1":"product","2":"type-product","3":"status-publish","4":"has-post-thumbnail","6":"product_cat-crane-spreader","7":"product_tag-20ft-container-spreader","8":"product_tag-40ft-container-lifting-frame","9":"product_tag-billet-clamps","10":"product_tag-billet-crane-clamp","11":"product_tag-billet-crane-clamps-manufacturer","12":"product_tag-billet-lifting-clamp","13":"product_tag-billet-lifting-clamps-china-supplier","14":"product_tag-c-type-hook","15":"product_tag-c-type-spreader","16":"product_tag-china-crane-parts-supplier","17":"product_tag-coil-c-type-hook","18":"product_tag-coil-hook","19":"product_tag-container-spreader","20":"product_tag-container-spreader-manufacturers","21":"product_tag-crane-c-hook","22":"product_tag-crane-c-type-spreader","23":"product_tag-crane-grab","24":"product_tag-crane-magnets","25":"product_tag-crane-spreader","26":"product_tag-electric-motor-grab","27":"product_tag-electro-hydraulic-multi-flap-grab","28":"product_tag-electro-hydraulicclamshell-grab","29":"product_tag-four-rope-grab","30":"product_tag-grab-manufacturers","31":"product_tag-lifting-electromagnet","32":"product_tag-lifting-electromagnet-spreader","33":"product_tag-orange-peel-grab","34":"product_tag-overhead-crane-steel-coil-c-type-hook","35":"product_tag-semi-automatic-container-spreader","36":"product_tag-singlr-rope-grab","37":"product_tag-special-crane-spreader","38":"product_tag-tec-container-spreader","40":"first","41":"instock","42":"shipping-taxable","43":"product-type-simple","44":"entry","45":"content-bg","46":"loop-entry"},"yoast_head":"<!-- This site is optimized with the Yoast SEO plugin v24.5 - https:\/\/yoast.com\/wordpress\/plugins\/seo\/ -->\n<title>Container spreader - Container spreader manufacturers- Crane Parts Manufacturer<\/title>\n<meta name=\"description\" content=\"Container spreader manufacturer,Semi Automatic container spreader,40ft Container Lifting Frame,China Crane Parts Supplier\" \/>\n<meta name=\"robots\" content=\"index, follow, max-snippet:-1, max-image-preview:large, max-video-preview:-1\" \/>\n<link rel=\"canonical\" href=\"https:\/\/www.hnhlcranes.com\/ro\/produs\/raspanditor-de-containere\/\" \/>\n<meta property=\"og:locale\" content=\"ro_RO\" \/>\n<meta property=\"og:type\" content=\"article\" \/>\n<meta property=\"og:title\" content=\"Container spreader - Container spreader manufacturers- Crane Parts Manufacturer\" \/>\n<meta property=\"og:description\" content=\"Container spreader manufacturer,Semi Automatic container spreader,40ft Container Lifting Frame,China Crane Parts Supplier\" \/>\n<meta property=\"og:url\" content=\"https:\/\/www.hnhlcranes.com\/ro\/produs\/raspanditor-de-containere\/\" \/>\n<meta property=\"og:site_name\" content=\"Crane Parts Manufacturer\" \/>\n<meta property=\"article:modified_time\" content=\"2025-01-10T07:05:04+00:00\" \/>\n<meta property=\"og:image\" content=\"https:\/\/www.hnhlcranes.com\/wp-content\/uploads\/2024\/11\/Container-spreader.jpg\" \/>\n\t<meta property=\"og:image:width\" content=\"600\" \/>\n\t<meta property=\"og:image:height\" content=\"600\" \/>\n\t<meta property=\"og:image:type\" content=\"image\/jpeg\" \/>\n<meta name=\"twitter:card\" content=\"summary_large_image\" \/>\n<meta name=\"twitter:label1\" content=\"Timp estimat pentru citire\" \/>\n\t<meta name=\"twitter:data1\" content=\"3 minute\" \/>\n<script type=\"application\/ld+json\" class=\"yoast-schema-graph\">{\"@context\":\"https:\/\/schema.org\",\"@graph\":[{\"@type\":\"WebPage\",\"@id\":\"https:\/\/www.hnhlcranes.com\/product\/container-spreader\/\",\"url\":\"https:\/\/www.hnhlcranes.com\/product\/container-spreader\/\",\"name\":\"Container spreader - Container spreader manufacturers- Crane Parts Manufacturer\",\"isPartOf\":{\"@id\":\"https:\/\/www.hnhlcranes.com\/#website\"},\"primaryImageOfPage\":{\"@id\":\"https:\/\/www.hnhlcranes.com\/product\/container-spreader\/#primaryimage\"},\"image\":{\"@id\":\"https:\/\/www.hnhlcranes.com\/product\/container-spreader\/#primaryimage\"},\"thumbnailUrl\":\"https:\/\/www.hnhlcranes.com\/wp-content\/uploads\/2024\/11\/Container-spreader.jpg\",\"datePublished\":\"2024-11-25T15:42:41+00:00\",\"dateModified\":\"2025-01-10T07:05:04+00:00\",\"description\":\"Container spreader manufacturer,Semi Automatic container spreader,40ft Container Lifting Frame,China Crane Parts Supplier\",\"breadcrumb\":{\"@id\":\"https:\/\/www.hnhlcranes.com\/product\/container-spreader\/#breadcrumb\"},\"inLanguage\":\"ro-RO\",\"potentialAction\":[{\"@type\":\"ReadAction\",\"target\":[\"https:\/\/www.hnhlcranes.com\/product\/container-spreader\/\"]}]},{\"@type\":\"ImageObject\",\"inLanguage\":\"ro-RO\",\"@id\":\"https:\/\/www.hnhlcranes.com\/product\/container-spreader\/#primaryimage\",\"url\":\"https:\/\/www.hnhlcranes.com\/wp-content\/uploads\/2024\/11\/Container-spreader.jpg\",\"contentUrl\":\"https:\/\/www.hnhlcranes.com\/wp-content\/uploads\/2024\/11\/Container-spreader.jpg\",\"width\":600,\"height\":600},{\"@type\":\"BreadcrumbList\",\"@id\":\"https:\/\/www.hnhlcranes.com\/product\/container-spreader\/#breadcrumb\",\"itemListElement\":[{\"@type\":\"ListItem\",\"position\":1,\"name\":\"home\",\"item\":\"https:\/\/www.hnhlcranes.com\/\"},{\"@type\":\"ListItem\",\"position\":2,\"name\":\"products\",\"item\":\"https:\/\/www.hnhlcranes.com\/products\/\"},{\"@type\":\"ListItem\",\"position\":3,\"name\":\"Container spreader\"}]},{\"@type\":\"WebSite\",\"@id\":\"https:\/\/www.hnhlcranes.com\/#website\",\"url\":\"https:\/\/www.hnhlcranes.com\/\",\"name\":\"Crane Parts Manufacturer\",\"description\":\"Crane Wheels,Crane Drums,Crane Hooks,Crane Coupling,Crane End Carriage,Electric Hoist,European Crane Parts,Crane Rail Clip,Crane Spreader,Crane Motor,Crane Reducer,Crane Brake,Light Crane Parts,Workstation Crane Parts,Crane Electrical Parts,China Crane Parts Supplier,China Crane Parts Manufacturer,Angle box type crane wheel,45 degree split crane wheel,European crane wheel,Crane Wheel Blocks,Overhead crane drum,European crane drum,Overhead crane hook,European crane hook,Crane pulley block,Gear coupling,Brake wheel coupling,Drum gear coupling,Brake wheel drum gear coupling,Cardan Shaft Coupling,WZL drum coupling,Plum blossom elastic coupling,Brake wheel plum elastic coupling,European Single girder crane end carriage,European Double girder crane end carriage,European Suspension  crane end carriage,Wire Rope Electric Hoist,Electric Chain Hoist,European Single Girder Wire Rope Electric Hoist,European Double Girder Wire Rope Electric Hoist,Crane grab,Container spreader,Billet crane clamps,C-type hook,Lifting Electromagnet,YZR crane motor,YZP crane motor,ZQ Reducer,ZSC Reducer,QJ Reducer,QJ-L Reducer,QJY Reducer,H series gearbox,F Series Gear Motor,K Series Gear Motor,R Series Gear Motor,travelling machinery gear motor,Electro hydraulic drum brake,Electro hydraulic disc brake,Crane Safety brake,Crane cable trolley,Crane remote controller,Crane pendant controller,Crane electrical control cabinet,Crane limit switch,Crane sound and light alarm,Heavy Duty Aviation Connector,Crane overload limiter\",\"publisher\":{\"@id\":\"https:\/\/www.hnhlcranes.com\/#organization\"},\"potentialAction\":[{\"@type\":\"SearchAction\",\"target\":{\"@type\":\"EntryPoint\",\"urlTemplate\":\"https:\/\/www.hnhlcranes.com\/?s={search_term_string}\"},\"query-input\":{\"@type\":\"PropertyValueSpecification\",\"valueRequired\":true,\"valueName\":\"search_term_string\"}}],\"inLanguage\":\"ro-RO\"},{\"@type\":\"Organization\",\"@id\":\"https:\/\/www.hnhlcranes.com\/#organization\",\"name\":\"Crane Parts Manufacturer\",\"url\":\"https:\/\/www.hnhlcranes.com\/\",\"logo\":{\"@type\":\"ImageObject\",\"inLanguage\":\"ro-RO\",\"@id\":\"https:\/\/www.hnhlcranes.com\/#\/schema\/logo\/image\/\",\"url\":\"https:\/\/www.hnhlcranes.com\/wp-content\/uploads\/2025\/01\/HL-logo-1.png\",\"contentUrl\":\"https:\/\/www.hnhlcranes.com\/wp-content\/uploads\/2025\/01\/HL-logo-1.png\",\"width\":600,\"height\":169,\"caption\":\"Crane Parts Manufacturer\"},\"image\":{\"@id\":\"https:\/\/www.hnhlcranes.com\/#\/schema\/logo\/image\/\"}}]}<\/script>\n<!-- \/ Yoast SEO plugin. -->","yoast_head_json":{"title":"Container spreader - Container spreader manufacturers- Crane Parts Manufacturer","description":"Container spreader manufacturer,Semi Automatic container spreader,40ft Container Lifting Frame,China Crane Parts Supplier","robots":{"index":"index","follow":"follow","max-snippet":"max-snippet:-1","max-image-preview":"max-image-preview:large","max-video-preview":"max-video-preview:-1"},"canonical":"https:\/\/www.hnhlcranes.com\/ro\/produs\/raspanditor-de-containere\/","og_locale":"ro_RO","og_type":"article","og_title":"Container spreader - Container spreader manufacturers- Crane Parts Manufacturer","og_description":"Container spreader manufacturer,Semi Automatic container spreader,40ft Container Lifting Frame,China Crane Parts Supplier","og_url":"https:\/\/www.hnhlcranes.com\/ro\/produs\/raspanditor-de-containere\/","og_site_name":"Crane Parts Manufacturer","article_modified_time":"2025-01-10T07:05:04+00:00","og_image":[{"width":600,"height":600,"url":"https:\/\/www.hnhlcranes.com\/wp-content\/uploads\/2024\/11\/Container-spreader.jpg","type":"image\/jpeg"}],"twitter_card":"summary_large_image","twitter_misc":{"Timp estimat pentru citire":"3 minute"},"schema":{"@context":"https:\/\/schema.org","@graph":[{"@type":"WebPage","@id":"https:\/\/www.hnhlcranes.com\/product\/container-spreader\/","url":"https:\/\/www.hnhlcranes.com\/product\/container-spreader\/","name":"Container spreader - Container spreader manufacturers- Crane Parts Manufacturer","isPartOf":{"@id":"https:\/\/www.hnhlcranes.com\/#website"},"primaryImageOfPage":{"@id":"https:\/\/www.hnhlcranes.com\/product\/container-spreader\/#primaryimage"},"image":{"@id":"https:\/\/www.hnhlcranes.com\/product\/container-spreader\/#primaryimage"},"thumbnailUrl":"https:\/\/www.hnhlcranes.com\/wp-content\/uploads\/2024\/11\/Container-spreader.jpg","datePublished":"2024-11-25T15:42:41+00:00","dateModified":"2025-01-10T07:05:04+00:00","description":"Container spreader manufacturer,Semi Automatic container spreader,40ft Container Lifting Frame,China Crane Parts Supplier","breadcrumb":{"@id":"https:\/\/www.hnhlcranes.com\/product\/container-spreader\/#breadcrumb"},"inLanguage":"ro-RO","potentialAction":[{"@type":"ReadAction","target":["https:\/\/www.hnhlcranes.com\/product\/container-spreader\/"]}]},{"@type":"ImageObject","inLanguage":"ro-RO","@id":"https:\/\/www.hnhlcranes.com\/product\/container-spreader\/#primaryimage","url":"https:\/\/www.hnhlcranes.com\/wp-content\/uploads\/2024\/11\/Container-spreader.jpg","contentUrl":"https:\/\/www.hnhlcranes.com\/wp-content\/uploads\/2024\/11\/Container-spreader.jpg","width":600,"height":600},{"@type":"BreadcrumbList","@id":"https:\/\/www.hnhlcranes.com\/product\/container-spreader\/#breadcrumb","itemListElement":[{"@type":"ListItem","position":1,"name":"home","item":"https:\/\/www.hnhlcranes.com\/"},{"@type":"ListItem","position":2,"name":"products","item":"https:\/\/www.hnhlcranes.com\/products\/"},{"@type":"ListItem","position":3,"name":"Container spreader"}]},{"@type":"WebSite","@id":"https:\/\/www.hnhlcranes.com\/#website","url":"https:\/\/www.hnhlcranes.com\/","name":"Crane Parts Manufacturer","description":"Crane Wheels,Crane Drums,Crane Hooks,Crane Coupling,Crane End Carriage,Electric Hoist,European Crane Parts,Crane Rail Clip,Crane Spreader,Crane Motor,Crane Reducer,Crane Brake,Light Crane Parts,Workstation Crane Parts,Crane Electrical Parts,China Crane Parts Supplier,China Crane Parts Manufacturer,Angle box type crane wheel,45 degree split crane wheel,European crane wheel,Crane Wheel Blocks,Overhead crane drum,European crane drum,Overhead crane hook,European crane hook,Crane pulley block,Gear coupling,Brake wheel coupling,Drum gear coupling,Brake wheel drum gear coupling,Cardan Shaft Coupling,WZL drum coupling,Plum blossom elastic coupling,Brake wheel plum elastic coupling,European Single girder crane end carriage,European Double girder crane end carriage,European Suspension  crane end carriage,Wire Rope Electric Hoist,Electric Chain Hoist,European Single Girder Wire Rope Electric Hoist,European Double Girder Wire Rope Electric Hoist,Crane grab,Container spreader,Billet crane clamps,C-type hook,Lifting Electromagnet,YZR crane motor,YZP crane motor,ZQ Reducer,ZSC Reducer,QJ Reducer,QJ-L Reducer,QJY Reducer,H series gearbox,F Series Gear Motor,K Series Gear Motor,R Series Gear Motor,travelling machinery gear motor,Electro hydraulic drum brake,Electro hydraulic disc brake,Crane Safety brake,Crane cable trolley,Crane remote controller,Crane pendant controller,Crane electrical control cabinet,Crane limit switch,Crane sound and light alarm,Heavy Duty Aviation Connector,Crane overload limiter","publisher":{"@id":"https:\/\/www.hnhlcranes.com\/#organization"},"potentialAction":[{"@type":"SearchAction","target":{"@type":"EntryPoint","urlTemplate":"https:\/\/www.hnhlcranes.com\/?s={search_term_string}"},"query-input":{"@type":"PropertyValueSpecification","valueRequired":true,"valueName":"search_term_string"}}],"inLanguage":"ro-RO"},{"@type":"Organization","@id":"https:\/\/www.hnhlcranes.com\/#organization","name":"Crane Parts Manufacturer","url":"https:\/\/www.hnhlcranes.com\/","logo":{"@type":"ImageObject","inLanguage":"ro-RO","@id":"https:\/\/www.hnhlcranes.com\/#\/schema\/logo\/image\/","url":"https:\/\/www.hnhlcranes.com\/wp-content\/uploads\/2025\/01\/HL-logo-1.png","contentUrl":"https:\/\/www.hnhlcranes.com\/wp-content\/uploads\/2025\/01\/HL-logo-1.png","width":600,"height":169,"caption":"Crane Parts Manufacturer"},"image":{"@id":"https:\/\/www.hnhlcranes.com\/#\/schema\/logo\/image\/"}}]}},"_links":{"self":[{"href":"https:\/\/www.hnhlcranes.com\/ro\/wp-json\/wp\/v2\/product\/5444","targetHints":{"allow":["GET"]}}],"collection":[{"href":"https:\/\/www.hnhlcranes.com\/ro\/wp-json\/wp\/v2\/product"}],"about":[{"href":"https:\/\/www.hnhlcranes.com\/ro\/wp-json\/wp\/v2\/types\/product"}],"version-history":[{"count":4,"href":"https:\/\/www.hnhlcranes.com\/ro\/wp-json\/wp\/v2\/product\/5444\/revisions"}],"predecessor-version":[{"id":7152,"href":"https:\/\/www.hnhlcranes.com\/ro\/wp-json\/wp\/v2\/product\/5444\/revisions\/7152"}],"wp:featuredmedia":[{"embeddable":true,"href":"https:\/\/www.hnhlcranes.com\/ro\/wp-json\/wp\/v2\/media\/7148"}],"wp:attachment":[{"href":"https:\/\/www.hnhlcranes.com\/ro\/wp-json\/wp\/v2\/media?parent=5444"}],"wp:term":[{"taxonomy":"product_brand","embeddable":true,"href":"https:\/\/www.hnhlcranes.com\/ro\/wp-json\/wp\/v2\/product_brand?post=5444"},{"taxonomy":"product_cat","embeddable":true,"href":"https:\/\/www.hnhlcranes.com\/ro\/wp-json\/wp\/v2\/product_cat?post=5444"},{"taxonomy":"product_tag","embeddable":true,"href":"https:\/\/www.hnhlcranes.com\/ro\/wp-json\/wp\/v2\/product_tag?post=5444"}],"curies":[{"name":"wp","href":"https:\/\/api.w.org\/{rel}","templated":true}]}}