{"id":5515,"date":"2024-11-28T19:30:00","date_gmt":"2024-11-28T11:30:00","guid":{"rendered":"https:\/\/www.hnhlcranes.com\/?post_type=product&#038;p=5515"},"modified":"2025-01-17T02:27:20","modified_gmt":"2025-01-16T18:27:20","slug":"clip-sina-swjk","status":"publish","type":"product","link":"https:\/\/www.hnhlcranes.com\/ro\/produs\/clip-sina-swjk\/","title":{"rendered":"Clip \u0219in\u0103 SWJK"},"content":{"rendered":"<h6><img fetchpriority=\"high\" decoding=\"async\" class=\"alignnone wp-image-7083\" src=\"https:\/\/www.hnhlcranes.com\/wp-content\/uploads\/2024\/11\/SWJK-Rail-Clip-1-300x90.jpg\" alt=\"\" width=\"950\" height=\"285\" srcset=\"https:\/\/www.hnhlcranes.com\/wp-content\/uploads\/2024\/11\/SWJK-Rail-Clip-1-300x90.jpg 300w, https:\/\/www.hnhlcranes.com\/wp-content\/uploads\/2024\/11\/SWJK-Rail-Clip-1-768x230.jpg 768w, https:\/\/www.hnhlcranes.com\/wp-content\/uploads\/2024\/11\/SWJK-Rail-Clip-1-600x180.jpg 600w, https:\/\/www.hnhlcranes.com\/wp-content\/uploads\/2024\/11\/SWJK-Rail-Clip-1.jpg 1000w\" sizes=\"(max-width: 950px) 100vw, 950px\" \/><\/h6>\n<h3><strong>Caracteristici ale SWJK Rail Clip<\/strong><\/h3>\n<p>The <strong>Clip \u0219in\u0103 SWJK<\/strong> este proiectat special pentru aplica\u021bii care necesit\u0103 pl\u0103ci de presare specializate. \u00cen timp ce men\u021bine principiile de baz\u0103 de proiectare ale clemei de \u0219in\u0103 WJK, clema de \u0219in\u0103 SWJK \u00eencorporeaz\u0103 modific\u0103ri pentru a \u00eendeplini cerin\u021bele opera\u021bionale \u0219i condi\u021biile de mediu unice.<\/p>\n<h4><strong>Sudare \u0219i instalare<\/strong><\/h4>\n<p>Clemele pentru \u0219ine SWJK utilizeaz\u0103 o metod\u0103 de sudare pe trei p\u0103r\u021bi pentru instalare, cu o \u00een\u0103l\u021bime a cordonului de sudur\u0103 de 7 mm. Aceast\u0103 alegere de proiectare asigur\u0103 o fixare sigur\u0103 \u0219i stabil\u0103 la placa de baz\u0103, permi\u021b\u00e2nd clemei s\u0103 reziste \u00een mod fiabil solicit\u0103rilor \u0219i for\u021belor aplicate \u00een timpul func\u021bion\u0103rii.<\/p>\n<h4><strong>Specifica\u021bii materiale<\/strong><\/h4>\n<p>Pentru clemele SWJK fabricate din material Q345, cuplul de str\u00e2ngere este stabilit la 150N-m. Aceste cleme sunt construite pentru a suporta o for\u021b\u0103 lateral\u0103 maxim\u0103 de 40kN la fiecare punct de presiune al ro\u021bii. \u00cen plus, ele pot rezista la o for\u021b\u0103 orizontal\u0103 maxim\u0103 de 25kN \u00een condi\u021bii de ro\u021bi ghidate, asigur\u00e2nd o performan\u021b\u0103 robust\u0103 chiar \u0219i \u00een condi\u021bii de func\u021bionare grele.<\/p>\n<h4><strong>Op\u021biuni de personalizare<\/strong><\/h4>\n<p>Pentru proiecte cu cerin\u021be specifice sau situa\u021bii \u00een care distan\u021ba dintre roata orizontal\u0103 a macaralei \u0219i grinda macaralei este minim\u0103, se recomand\u0103 ca utilizatorii s\u0103 notifice produc\u0103torul \u00een prealabil. Acest lucru va permite produc\u0103torului s\u0103 ofere ajust\u0103ri personalizate pentru a asigura func\u021bionalitatea optim\u0103 pentru instala\u021bia respectiv\u0103.<\/p>\n<p>Prin aceste modific\u0103ri atente ale designului, <strong>Clip \u0219in\u0103 SWJK<\/strong> ofer\u0103 performan\u021b\u0103 \u0219i versatilitate sporite, r\u0103spunz\u00e2nd \u00een mod eficient nevoilor unice ale aplica\u021biilor specializate, men\u021bin\u00e2nd \u00een acela\u0219i timp fiabilitatea \u0219i durabilitatea clipului de \u0219in\u0103 WJK original.<\/p>","protected":false},"excerpt":{"rendered":"<h6><strong><span style=\"font-family: arial, helvetica, sans-serif; font-size: 14pt;\">Specifica\u021bii ale SWJK Rail Clip<\/span><\/strong><\/h6>\n<ul>\n<li><strong>Modele<\/strong>: SWJK-TG38, SWJK-TG43, SWJK-TG50, SWJK-TG60, SWJK-QU70, SWJK-QU80, SWJK-QU100, SWJK-QU120<\/li>\n<li><strong>Metoda de fixare<\/strong>: Plac\u0103 de baz\u0103 sudat\u0103<\/li>\n<\/ul>","protected":false},"featured_media":7082,"template":"","meta":{"_kad_post_transparent":"default","_kad_post_title":"","_kad_post_layout":"default","_kad_post_sidebar_id":"","_kad_post_content_style":"default","_kad_post_vertical_padding":"show","_kad_post_feature":"","_kad_post_feature_position":"","_kad_post_header":false,"_kad_post_footer":false},"product_brand":[],"product_cat":[83],"product_tag":[483,482,481,480,376,489,486,490,488,484,492,487,485,493,478,491,477,479],"class_list":{"0":"post-5515","1":"product","2":"type-product","3":"status-publish","4":"has-post-thumbnail","6":"product_cat-crane-rail-clip","7":"product_tag-05g525-rail-clip","8":"product_tag-cgbk-rail-clip","9":"product_tag-cgek-rail-clip","10":"product_tag-cgwk-rail-clip","11":"product_tag-china-crane-parts-supplier","12":"product_tag-crane-rail-clamp","13":"product_tag-crane-rail-clip","14":"product_tag-crane-rail-clip-supplier","15":"product_tag-crane-rail-fixing-device","16":"product_tag-hdgy-rail-clip","17":"product_tag-rail-connection-splint","18":"product_tag-rail-fixing-device","19":"product_tag-rail-joint","20":"product_tag-special-crane-spreader","21":"product_tag-swjk-rail-clip","22":"product_tag-tracks-jointing-plates","23":"product_tag-wjk-rail-clip","24":"product_tag-wjkc-rail-clip","26":"first","27":"instock","28":"featured","29":"shipping-taxable","30":"product-type-simple","31":"entry","32":"content-bg","33":"loop-entry"},"yoast_head":"<!-- This site is optimized with the Yoast SEO plugin v24.5 - https:\/\/yoast.com\/wordpress\/plugins\/seo\/ -->\n<title>SWJK Rail Clip - Rail Clamp- WJK Rail Clips-Rail fixing device-Crane Parts Manufacturer<\/title>\n<meta name=\"description\" content=\"Rail Clips,WJK Rail Clip,Crane Rail Clips,Rail fixing device,Crane Rail fixing device,crane Rail Clamp,SWJK Rail Clip,Overhead Crane Rail Clip\" \/>\n<meta name=\"robots\" content=\"index, follow, max-snippet:-1, max-image-preview:large, max-video-preview:-1\" \/>\n<link rel=\"canonical\" href=\"https:\/\/www.hnhlcranes.com\/ro\/produs\/clip-sina-swjk\/\" \/>\n<meta property=\"og:locale\" content=\"ro_RO\" \/>\n<meta property=\"og:type\" content=\"article\" \/>\n<meta property=\"og:title\" content=\"SWJK Rail Clip - Rail Clamp- WJK Rail Clips-Rail fixing device-Crane Parts Manufacturer\" \/>\n<meta property=\"og:description\" content=\"Rail Clips,WJK Rail Clip,Crane Rail Clips,Rail fixing device,Crane Rail fixing device,crane Rail Clamp,SWJK Rail Clip,Overhead Crane Rail Clip\" \/>\n<meta property=\"og:url\" content=\"https:\/\/www.hnhlcranes.com\/ro\/produs\/clip-sina-swjk\/\" \/>\n<meta property=\"og:site_name\" content=\"Crane Parts Manufacturer\" \/>\n<meta property=\"article:modified_time\" content=\"2025-01-16T18:27:20+00:00\" \/>\n<meta property=\"og:image\" content=\"https:\/\/www.hnhlcranes.com\/wp-content\/uploads\/2024\/11\/SWJK-Rail-Clip.jpg\" \/>\n\t<meta property=\"og:image:width\" content=\"600\" \/>\n\t<meta property=\"og:image:height\" content=\"600\" \/>\n\t<meta property=\"og:image:type\" content=\"image\/jpeg\" \/>\n<meta name=\"twitter:card\" content=\"summary_large_image\" \/>\n<meta name=\"twitter:label1\" content=\"Timp estimat pentru citire\" \/>\n\t<meta name=\"twitter:data1\" content=\"2 minute\" \/>\n<script type=\"application\/ld+json\" class=\"yoast-schema-graph\">{\"@context\":\"https:\/\/schema.org\",\"@graph\":[{\"@type\":\"WebPage\",\"@id\":\"https:\/\/www.hnhlcranes.com\/product\/swjk-rail-clip\/\",\"url\":\"https:\/\/www.hnhlcranes.com\/product\/swjk-rail-clip\/\",\"name\":\"SWJK Rail Clip - Rail Clamp- WJK Rail Clips-Rail fixing device-Crane Parts Manufacturer\",\"isPartOf\":{\"@id\":\"https:\/\/www.hnhlcranes.com\/#website\"},\"primaryImageOfPage\":{\"@id\":\"https:\/\/www.hnhlcranes.com\/product\/swjk-rail-clip\/#primaryimage\"},\"image\":{\"@id\":\"https:\/\/www.hnhlcranes.com\/product\/swjk-rail-clip\/#primaryimage\"},\"thumbnailUrl\":\"https:\/\/www.hnhlcranes.com\/wp-content\/uploads\/2024\/11\/SWJK-Rail-Clip.jpg\",\"datePublished\":\"2024-11-28T11:30:00+00:00\",\"dateModified\":\"2025-01-16T18:27:20+00:00\",\"description\":\"Rail Clips,WJK Rail Clip,Crane Rail Clips,Rail fixing device,Crane Rail fixing device,crane Rail Clamp,SWJK Rail Clip,Overhead Crane Rail Clip\",\"breadcrumb\":{\"@id\":\"https:\/\/www.hnhlcranes.com\/product\/swjk-rail-clip\/#breadcrumb\"},\"inLanguage\":\"ro-RO\",\"potentialAction\":[{\"@type\":\"ReadAction\",\"target\":[\"https:\/\/www.hnhlcranes.com\/product\/swjk-rail-clip\/\"]}]},{\"@type\":\"ImageObject\",\"inLanguage\":\"ro-RO\",\"@id\":\"https:\/\/www.hnhlcranes.com\/product\/swjk-rail-clip\/#primaryimage\",\"url\":\"https:\/\/www.hnhlcranes.com\/wp-content\/uploads\/2024\/11\/SWJK-Rail-Clip.jpg\",\"contentUrl\":\"https:\/\/www.hnhlcranes.com\/wp-content\/uploads\/2024\/11\/SWJK-Rail-Clip.jpg\",\"width\":600,\"height\":600},{\"@type\":\"BreadcrumbList\",\"@id\":\"https:\/\/www.hnhlcranes.com\/product\/swjk-rail-clip\/#breadcrumb\",\"itemListElement\":[{\"@type\":\"ListItem\",\"position\":1,\"name\":\"home\",\"item\":\"https:\/\/www.hnhlcranes.com\/\"},{\"@type\":\"ListItem\",\"position\":2,\"name\":\"products\",\"item\":\"https:\/\/www.hnhlcranes.com\/products\/\"},{\"@type\":\"ListItem\",\"position\":3,\"name\":\"SWJK Rail Clip\"}]},{\"@type\":\"WebSite\",\"@id\":\"https:\/\/www.hnhlcranes.com\/#website\",\"url\":\"https:\/\/www.hnhlcranes.com\/\",\"name\":\"Crane Parts Manufacturer\",\"description\":\"Crane Wheels,Crane Drums,Crane Hooks,Crane Coupling,Crane End Carriage,Electric Hoist,European Crane Parts,Crane Rail Clip,Crane Spreader,Crane Motor,Crane Reducer,Crane Brake,Light Crane Parts,Workstation Crane Parts,Crane Electrical Parts,China Crane Parts Supplier,China Crane Parts Manufacturer,Angle box type crane wheel,45 degree split crane wheel,European crane wheel,Crane Wheel Blocks,Overhead crane drum,European crane drum,Overhead crane hook,European crane hook,Crane pulley block,Gear coupling,Brake wheel coupling,Drum gear coupling,Brake wheel drum gear coupling,Cardan Shaft Coupling,WZL drum coupling,Plum blossom elastic coupling,Brake wheel plum elastic coupling,European Single girder crane end carriage,European Double girder crane end carriage,European Suspension  crane end carriage,Wire Rope Electric Hoist,Electric Chain Hoist,European Single Girder Wire Rope Electric Hoist,European Double Girder Wire Rope Electric Hoist,Crane grab,Container spreader,Billet crane clamps,C-type hook,Lifting Electromagnet,YZR crane motor,YZP crane motor,ZQ Reducer,ZSC Reducer,QJ Reducer,QJ-L Reducer,QJY Reducer,H series gearbox,F Series Gear Motor,K Series Gear Motor,R Series Gear Motor,travelling machinery gear motor,Electro hydraulic drum brake,Electro hydraulic disc brake,Crane Safety brake,Crane cable trolley,Crane remote controller,Crane pendant controller,Crane electrical control cabinet,Crane limit switch,Crane sound and light alarm,Heavy Duty Aviation Connector,Crane overload limiter\",\"publisher\":{\"@id\":\"https:\/\/www.hnhlcranes.com\/#organization\"},\"potentialAction\":[{\"@type\":\"SearchAction\",\"target\":{\"@type\":\"EntryPoint\",\"urlTemplate\":\"https:\/\/www.hnhlcranes.com\/?s={search_term_string}\"},\"query-input\":{\"@type\":\"PropertyValueSpecification\",\"valueRequired\":true,\"valueName\":\"search_term_string\"}}],\"inLanguage\":\"ro-RO\"},{\"@type\":\"Organization\",\"@id\":\"https:\/\/www.hnhlcranes.com\/#organization\",\"name\":\"Crane Parts Manufacturer\",\"url\":\"https:\/\/www.hnhlcranes.com\/\",\"logo\":{\"@type\":\"ImageObject\",\"inLanguage\":\"ro-RO\",\"@id\":\"https:\/\/www.hnhlcranes.com\/#\/schema\/logo\/image\/\",\"url\":\"https:\/\/www.hnhlcranes.com\/wp-content\/uploads\/2025\/01\/HL-logo-1.png\",\"contentUrl\":\"https:\/\/www.hnhlcranes.com\/wp-content\/uploads\/2025\/01\/HL-logo-1.png\",\"width\":600,\"height\":169,\"caption\":\"Crane Parts Manufacturer\"},\"image\":{\"@id\":\"https:\/\/www.hnhlcranes.com\/#\/schema\/logo\/image\/\"}}]}<\/script>\n<!-- \/ Yoast SEO plugin. -->","yoast_head_json":{"title":"SWJK Rail Clip - Rail Clamp- WJK Rail Clips-Rail fixing device-Crane Parts Manufacturer","description":"Rail Clips,WJK Rail Clip,Crane Rail Clips,Rail fixing device,Crane Rail fixing device,crane Rail Clamp,SWJK Rail Clip,Overhead Crane Rail Clip","robots":{"index":"index","follow":"follow","max-snippet":"max-snippet:-1","max-image-preview":"max-image-preview:large","max-video-preview":"max-video-preview:-1"},"canonical":"https:\/\/www.hnhlcranes.com\/ro\/produs\/clip-sina-swjk\/","og_locale":"ro_RO","og_type":"article","og_title":"SWJK Rail Clip - Rail Clamp- WJK Rail Clips-Rail fixing device-Crane Parts Manufacturer","og_description":"Rail Clips,WJK Rail Clip,Crane Rail Clips,Rail fixing device,Crane Rail fixing device,crane Rail Clamp,SWJK Rail Clip,Overhead Crane Rail Clip","og_url":"https:\/\/www.hnhlcranes.com\/ro\/produs\/clip-sina-swjk\/","og_site_name":"Crane Parts Manufacturer","article_modified_time":"2025-01-16T18:27:20+00:00","og_image":[{"width":600,"height":600,"url":"https:\/\/www.hnhlcranes.com\/wp-content\/uploads\/2024\/11\/SWJK-Rail-Clip.jpg","type":"image\/jpeg"}],"twitter_card":"summary_large_image","twitter_misc":{"Timp estimat pentru citire":"2 minute"},"schema":{"@context":"https:\/\/schema.org","@graph":[{"@type":"WebPage","@id":"https:\/\/www.hnhlcranes.com\/product\/swjk-rail-clip\/","url":"https:\/\/www.hnhlcranes.com\/product\/swjk-rail-clip\/","name":"SWJK Rail Clip - Rail Clamp- WJK Rail Clips-Rail fixing device-Crane Parts Manufacturer","isPartOf":{"@id":"https:\/\/www.hnhlcranes.com\/#website"},"primaryImageOfPage":{"@id":"https:\/\/www.hnhlcranes.com\/product\/swjk-rail-clip\/#primaryimage"},"image":{"@id":"https:\/\/www.hnhlcranes.com\/product\/swjk-rail-clip\/#primaryimage"},"thumbnailUrl":"https:\/\/www.hnhlcranes.com\/wp-content\/uploads\/2024\/11\/SWJK-Rail-Clip.jpg","datePublished":"2024-11-28T11:30:00+00:00","dateModified":"2025-01-16T18:27:20+00:00","description":"Rail Clips,WJK Rail Clip,Crane Rail Clips,Rail fixing device,Crane Rail fixing device,crane Rail Clamp,SWJK Rail Clip,Overhead Crane Rail Clip","breadcrumb":{"@id":"https:\/\/www.hnhlcranes.com\/product\/swjk-rail-clip\/#breadcrumb"},"inLanguage":"ro-RO","potentialAction":[{"@type":"ReadAction","target":["https:\/\/www.hnhlcranes.com\/product\/swjk-rail-clip\/"]}]},{"@type":"ImageObject","inLanguage":"ro-RO","@id":"https:\/\/www.hnhlcranes.com\/product\/swjk-rail-clip\/#primaryimage","url":"https:\/\/www.hnhlcranes.com\/wp-content\/uploads\/2024\/11\/SWJK-Rail-Clip.jpg","contentUrl":"https:\/\/www.hnhlcranes.com\/wp-content\/uploads\/2024\/11\/SWJK-Rail-Clip.jpg","width":600,"height":600},{"@type":"BreadcrumbList","@id":"https:\/\/www.hnhlcranes.com\/product\/swjk-rail-clip\/#breadcrumb","itemListElement":[{"@type":"ListItem","position":1,"name":"home","item":"https:\/\/www.hnhlcranes.com\/"},{"@type":"ListItem","position":2,"name":"products","item":"https:\/\/www.hnhlcranes.com\/products\/"},{"@type":"ListItem","position":3,"name":"SWJK Rail Clip"}]},{"@type":"WebSite","@id":"https:\/\/www.hnhlcranes.com\/#website","url":"https:\/\/www.hnhlcranes.com\/","name":"Crane Parts Manufacturer","description":"Crane Wheels,Crane Drums,Crane Hooks,Crane Coupling,Crane End Carriage,Electric Hoist,European Crane Parts,Crane Rail Clip,Crane Spreader,Crane Motor,Crane Reducer,Crane Brake,Light Crane Parts,Workstation Crane Parts,Crane Electrical Parts,China Crane Parts Supplier,China Crane Parts Manufacturer,Angle box type crane wheel,45 degree split crane wheel,European crane wheel,Crane Wheel Blocks,Overhead crane drum,European crane drum,Overhead crane hook,European crane hook,Crane pulley block,Gear coupling,Brake wheel coupling,Drum gear coupling,Brake wheel drum gear coupling,Cardan Shaft Coupling,WZL drum coupling,Plum blossom elastic coupling,Brake wheel plum elastic coupling,European Single girder crane end carriage,European Double girder crane end carriage,European Suspension  crane end carriage,Wire Rope Electric Hoist,Electric Chain Hoist,European Single Girder Wire Rope Electric Hoist,European Double Girder Wire Rope Electric Hoist,Crane grab,Container spreader,Billet crane clamps,C-type hook,Lifting Electromagnet,YZR crane motor,YZP crane motor,ZQ Reducer,ZSC Reducer,QJ Reducer,QJ-L Reducer,QJY Reducer,H series gearbox,F Series Gear Motor,K Series Gear Motor,R Series Gear Motor,travelling machinery gear motor,Electro hydraulic drum brake,Electro hydraulic disc brake,Crane Safety brake,Crane cable trolley,Crane remote controller,Crane pendant controller,Crane electrical control cabinet,Crane limit switch,Crane sound and light alarm,Heavy Duty Aviation Connector,Crane overload limiter","publisher":{"@id":"https:\/\/www.hnhlcranes.com\/#organization"},"potentialAction":[{"@type":"SearchAction","target":{"@type":"EntryPoint","urlTemplate":"https:\/\/www.hnhlcranes.com\/?s={search_term_string}"},"query-input":{"@type":"PropertyValueSpecification","valueRequired":true,"valueName":"search_term_string"}}],"inLanguage":"ro-RO"},{"@type":"Organization","@id":"https:\/\/www.hnhlcranes.com\/#organization","name":"Crane Parts Manufacturer","url":"https:\/\/www.hnhlcranes.com\/","logo":{"@type":"ImageObject","inLanguage":"ro-RO","@id":"https:\/\/www.hnhlcranes.com\/#\/schema\/logo\/image\/","url":"https:\/\/www.hnhlcranes.com\/wp-content\/uploads\/2025\/01\/HL-logo-1.png","contentUrl":"https:\/\/www.hnhlcranes.com\/wp-content\/uploads\/2025\/01\/HL-logo-1.png","width":600,"height":169,"caption":"Crane Parts Manufacturer"},"image":{"@id":"https:\/\/www.hnhlcranes.com\/#\/schema\/logo\/image\/"}}]}},"_links":{"self":[{"href":"https:\/\/www.hnhlcranes.com\/ro\/wp-json\/wp\/v2\/product\/5515","targetHints":{"allow":["GET"]}}],"collection":[{"href":"https:\/\/www.hnhlcranes.com\/ro\/wp-json\/wp\/v2\/product"}],"about":[{"href":"https:\/\/www.hnhlcranes.com\/ro\/wp-json\/wp\/v2\/types\/product"}],"version-history":[{"count":6,"href":"https:\/\/www.hnhlcranes.com\/ro\/wp-json\/wp\/v2\/product\/5515\/revisions"}],"predecessor-version":[{"id":7192,"href":"https:\/\/www.hnhlcranes.com\/ro\/wp-json\/wp\/v2\/product\/5515\/revisions\/7192"}],"wp:featuredmedia":[{"embeddable":true,"href":"https:\/\/www.hnhlcranes.com\/ro\/wp-json\/wp\/v2\/media\/7082"}],"wp:attachment":[{"href":"https:\/\/www.hnhlcranes.com\/ro\/wp-json\/wp\/v2\/media?parent=5515"}],"wp:term":[{"taxonomy":"product_brand","embeddable":true,"href":"https:\/\/www.hnhlcranes.com\/ro\/wp-json\/wp\/v2\/product_brand?post=5515"},{"taxonomy":"product_cat","embeddable":true,"href":"https:\/\/www.hnhlcranes.com\/ro\/wp-json\/wp\/v2\/product_cat?post=5515"},{"taxonomy":"product_tag","embeddable":true,"href":"https:\/\/www.hnhlcranes.com\/ro\/wp-json\/wp\/v2\/product_tag?post=5515"}],"curies":[{"name":"wp","href":"https:\/\/api.w.org\/{rel}","templated":true}]}}