{"id":5544,"date":"2024-11-29T22:40:44","date_gmt":"2024-11-29T14:40:44","guid":{"rendered":"https:\/\/www.hnhlcranes.com\/?post_type=product&#038;p=5544"},"modified":"2025-01-10T18:14:36","modified_gmt":"2025-01-10T10:14:36","slug":"clip-sina-hdgy","status":"publish","type":"product","link":"https:\/\/www.hnhlcranes.com\/ro\/produs\/clip-sina-hdgy\/","title":{"rendered":"Clip \u0219in\u0103 HDGY"},"content":{"rendered":"<h3><strong>Caracteristici ale HDGY Rail Clip<\/strong><\/h3>\n<h4><strong>Fixare elastic\u0103 \u0219i uzur\u0103 redus\u0103<\/strong><\/h4>\n<p>The <strong>Clip \u0219in\u0103 HDGY<\/strong> este proiectat special pentru a asigura fixarea elastic\u0103 a \u0219inelor pe grinzile de beton ale macaralelor. Acest design reduce uzura capului \u0219inei, minimizeaz\u0103 impactul asupra grinzii macaralei, reduce uzura pe flan\u0219a ro\u021bii macaralei \u0219i reduce nivelul de zgomot. Ca urmare, sistemul \u00eembun\u0103t\u0103\u021be\u0219te at\u00e2t longevitatea, c\u00e2t \u0219i eficien\u021ba opera\u021biunilor macaralei.<\/p>\n<h4><strong>Stabilitate sporit\u0103 cu pl\u0103cu\u021b\u0103 elastic\u0103 din cauciuc compozit<\/strong><\/h4>\n<p>Prin includerea unei pl\u0103cu\u021be elastice din cauciuc compozit \u00eentre \u0219in\u0103 \u0219i grind\u0103, clema de \u0219in\u0103 HDGY cre\u0219te semnificativ frecarea, \u00eempiedic\u00e2nd mi\u0219carea \u0219inei. \u00cen plus, aceast\u0103 caracteristic\u0103 elimin\u0103 sau reduce la minimum spa\u021biile neuniforme de-a lungul \u0219inei, ceea ce duce la o distribu\u021bie \u00eembun\u0103t\u0103\u021bit\u0103 a tensiunii \u0219uruburilor pe pl\u0103cile de prindere, sporind \u0219i mai mult stabilitatea general\u0103 a sistemului.<\/p>\n<h4><strong>Distribu\u021bia optim\u0103 a tensiunilor<\/strong><\/h4>\n<p>Tamponul de cauciuc este proiectat cu o sec\u021biune transversal\u0103 u\u0219or convex\u0103 pentru a asigura o distribu\u021bie ra\u021bional\u0103 a eforturilor. \u00cen plus, micile crest\u0103turi dreptunghiulare de pe tampon \u00eembun\u0103t\u0103\u021besc contactul acestuia cu \u0219ina, cresc\u00e2nd elasticitatea \u0219i asigur\u00e2nd o amortizare eficient\u0103 a vibra\u021biilor, ceea ce contribuie \u00een cele din urm\u0103 la o func\u021bionare mai lin\u0103 \u0219i la reducerea uzurii.<\/p>\n<h4><strong>Design durabil<\/strong><\/h4>\n<p>Tamponul de cauciuc are caneluri dreptunghiulare care minimizeaz\u0103 deformarea lateral\u0103 sub stres \u0219i reduc deteriorarea suprafe\u021bei de la compresie. \u00cen plus, cu arm\u0103tur\u0103 din o\u021bel tratat, structura clemei de \u0219in\u0103 HDGY este foarte durabil\u0103, men\u021bin\u00e2nd performan\u021be excelente chiar \u0219i dup\u0103 2 milioane de cicluri de oboseal\u0103, asigur\u00e2nd fiabilitatea pe termen lung.<\/p>\n<h4><strong>Pl\u0103ci de prindere sigure \u0219i simetrice<\/strong><\/h4>\n<p>Pl\u0103cile de prindere sunt bine fixate pe grinda macaralei, ceea ce le face rezistente la sl\u0103bire \u0219i minimizeaz\u0103 uzura grinzii. Designul simetric al pl\u0103cilor de prindere formeaz\u0103 o structur\u0103 \u00een form\u0103 de pan\u0103 \u00een sec\u021biunea transversal\u0103, limit\u00e2nd \u00een mod eficient deplasarea lateral\u0103 a \u0219inei, ceea ce asigur\u0103 stabilitatea \u00een timpul func\u021bion\u0103rii macaralei.<\/p>\n<h4><strong>Ajustabilitate pentru instalare \u0219i \u00eentre\u021binere<\/strong><\/h4>\n<p>Pentru a simplifica instalarea \u0219i \u00eentre\u021binerea, fantele eliptice din placa de prindere permit ajust\u0103ri laterale. \u00cen plus, g\u0103urile \u00eenclinate asociate cu blocuri anti-alunecare previn mi\u0219carea clemei \u0219i faciliteaz\u0103 alinierea lateral\u0103 \u00een timpul instal\u0103rii sau \u00eentre\u021binerii, asigur\u00e2nd reglaje precise \u0219i u\u0219urin\u021b\u0103 \u00een manipulare.<\/p>\n<h4><strong>Toleran\u021b\u0103 pentru mi\u0219carea \u0219inei<\/strong><\/h4>\n<p>Sistemul este proiectat pentru a permite u\u0219oare mi\u0219c\u0103ri ale \u0219inei \u00een timpul func\u021bion\u0103rii macaralei. Acest lucru asigur\u0103 flexibilitate f\u0103r\u0103 a compromite stabilitatea, permi\u021b\u00e2nd o mi\u0219care eficient\u0103 \u0219i men\u021bin\u00e2nd \u00een acela\u0219i timp integritatea sistemului feroviar \u0219i a macaralei.<\/p>\n<h3><strong>Pa\u0219i de instalare pentru clema pentru \u0219in\u0103 HDGY<\/strong><\/h3>\n<h4><strong>Pozi\u021bionarea tamponului de cauciuc<\/strong><\/h4>\n<p>\u00cen primul r\u00e2nd, plasa\u021bi tamponul de cauciuc cu crestele \u0219i canelurile dreptunghiulare aliniate paralel cu \u0219ina \u0219i pozi\u021bionate sub aceasta. Asigura\u021bi-v\u0103 c\u0103 tamponul este perpendicular pe linia median\u0103 a \u0219inei \u0219i pozi\u021bionat corect \u00een raport cu \u0219uruburile de pe ambele p\u0103r\u021bi. Acest lucru asigur\u0103 plasarea \u0219i alinierea precise pentru o performan\u021b\u0103 optim\u0103.<\/p>\n<h4><strong>Preg\u0103tirea stratului de baz\u0103<\/strong><\/h4>\n<p>\u00cenainte de a plasa tamponul de cauciuc pe stratul de baz\u0103 din beton, cur\u0103\u021ba\u021bi bine suprafa\u021ba pentru a \u00eendep\u0103rta orice resturi. Acest pas este esen\u021bial pentru a v\u0103 asigura c\u0103 nu exist\u0103 nicio contaminare care ar putea reduce performan\u021ba sistemului.<\/p>\n<h4><strong>Asamblarea pl\u0103cii de prindere<\/strong><\/h4>\n<p>Urma\u021bi ace\u0219ti pa\u0219i \u00een procesul de asamblare:<\/p>\n<ul>\n<li>Introduce\u021bi \u0219uruburile \u00een orificiile preforate din grinda de beton armat a macaralei.<\/li>\n<li>A\u0219eza\u021bi corpul pl\u0103cii de prindere pe baz\u0103.<\/li>\n<li>Ad\u0103uga\u021bi blocul antiderapant cu cap\u0103tul mic orientat spre \u0219in\u0103 pentru a spori stabilitatea.<\/li>\n<li>Ata\u0219a\u021bi \u0219aiba elastic\u0103 \u0219i piuli\u021ba, apoi preasigura\u021bi ansamblul.<\/li>\n<li>Regla\u021bi placa de prindere pentru a v\u0103 asigura c\u0103 aceasta apas\u0103 str\u00e2ns pe marginea \u0219inei.<\/li>\n<li>\u00cen cele din urm\u0103, str\u00e2nge\u021bi complet \u0219uruburile pentru a fixa componentele \u00een pozi\u021bie.<\/li>\n<\/ul>\n<h4><strong>Alinierea pl\u0103cii de prindere<\/strong><\/h4>\n<p>Asigura\u021bi-v\u0103 c\u0103 linia median\u0103 a pl\u0103cii de prindere este perpendicular\u0103 pe linia median\u0103 a \u0219inei, f\u0103r\u0103 \u00eenclinare. Acest pas garanteaz\u0103 alinierea corect\u0103 a pl\u0103cii de prindere pentru fixarea optim\u0103 a \u0219inei \u0219i performan\u021ba general\u0103 a sistemului.<\/p>","protected":false},"excerpt":{"rendered":"<h6><span style=\"font-family: arial, helvetica, sans-serif; font-size: 14pt;\"><strong>Specifica\u021bii ale HDGY Rail Clip<\/strong><\/span><\/h6>\n<ul>\n<li><strong>Modele:<\/strong> HDGY24, HDGY38A, HDGY38B, HDGY43, HDGY50, HDGY70, HDGY80, HDGY100, HDGY120<\/li>\n<li><strong>Metoda de fixare:<\/strong> Fixarea \u0219urubului<\/li>\n<\/ul>","protected":false},"featured_media":7117,"template":"","meta":{"_kad_post_transparent":"default","_kad_post_title":"","_kad_post_layout":"default","_kad_post_sidebar_id":"","_kad_post_content_style":"default","_kad_post_vertical_padding":"show","_kad_post_feature":"","_kad_post_feature_position":"","_kad_post_header":false,"_kad_post_footer":false},"product_brand":[],"product_cat":[83],"product_tag":[483,482,481,480,376,489,486,490,488,484,492,487,485,493,478,491,477,479],"class_list":{"0":"post-5544","1":"product","2":"type-product","3":"status-publish","4":"has-post-thumbnail","6":"product_cat-crane-rail-clip","7":"product_tag-05g525-rail-clip","8":"product_tag-cgbk-rail-clip","9":"product_tag-cgek-rail-clip","10":"product_tag-cgwk-rail-clip","11":"product_tag-china-crane-parts-supplier","12":"product_tag-crane-rail-clamp","13":"product_tag-crane-rail-clip","14":"product_tag-crane-rail-clip-supplier","15":"product_tag-crane-rail-fixing-device","16":"product_tag-hdgy-rail-clip","17":"product_tag-rail-connection-splint","18":"product_tag-rail-fixing-device","19":"product_tag-rail-joint","20":"product_tag-special-crane-spreader","21":"product_tag-swjk-rail-clip","22":"product_tag-tracks-jointing-plates","23":"product_tag-wjk-rail-clip","24":"product_tag-wjkc-rail-clip","26":"first","27":"instock","28":"shipping-taxable","29":"product-type-simple","30":"entry","31":"content-bg","32":"loop-entry"},"yoast_head":"<!-- This site is optimized with the Yoast SEO plugin v24.5 - https:\/\/yoast.com\/wordpress\/plugins\/seo\/ -->\n<title>HDGY Rail Clip - Crane Rail fixing device-crane Rail Clamp- Crane Parts Manufacturer<\/title>\n<meta name=\"description\" content=\"Rail Clips,HDGY Rail Clip,Crane Rail Clips,Rail fixing device,Crane Rail fixing device,crane Rail Clamp,WJK Rail Clips,Overhead Crane Rail Clip\" \/>\n<meta name=\"robots\" content=\"index, follow, max-snippet:-1, max-image-preview:large, max-video-preview:-1\" \/>\n<link rel=\"canonical\" href=\"https:\/\/www.hnhlcranes.com\/ro\/produs\/clip-sina-hdgy\/\" \/>\n<meta property=\"og:locale\" content=\"ro_RO\" \/>\n<meta property=\"og:type\" content=\"article\" \/>\n<meta property=\"og:title\" content=\"HDGY Rail Clip - Crane Rail fixing device-crane Rail Clamp- Crane Parts Manufacturer\" \/>\n<meta property=\"og:description\" content=\"Rail Clips,HDGY Rail Clip,Crane Rail Clips,Rail fixing device,Crane Rail fixing device,crane Rail Clamp,WJK Rail Clips,Overhead Crane Rail Clip\" \/>\n<meta property=\"og:url\" content=\"https:\/\/www.hnhlcranes.com\/ro\/produs\/clip-sina-hdgy\/\" \/>\n<meta property=\"og:site_name\" content=\"Crane Parts Manufacturer\" \/>\n<meta property=\"article:modified_time\" content=\"2025-01-10T10:14:36+00:00\" \/>\n<meta property=\"og:image\" content=\"https:\/\/www.hnhlcranes.com\/wp-content\/uploads\/2024\/11\/HDGY-Rail-Clip.jpg\" \/>\n\t<meta property=\"og:image:width\" content=\"600\" \/>\n\t<meta property=\"og:image:height\" content=\"600\" \/>\n\t<meta property=\"og:image:type\" content=\"image\/jpeg\" \/>\n<meta name=\"twitter:card\" content=\"summary_large_image\" \/>\n<meta name=\"twitter:label1\" content=\"Timp estimat pentru citire\" \/>\n\t<meta name=\"twitter:data1\" content=\"3 minute\" \/>\n<script type=\"application\/ld+json\" class=\"yoast-schema-graph\">{\"@context\":\"https:\/\/schema.org\",\"@graph\":[{\"@type\":\"WebPage\",\"@id\":\"https:\/\/www.hnhlcranes.com\/product\/hdgy-rail-clip\/\",\"url\":\"https:\/\/www.hnhlcranes.com\/product\/hdgy-rail-clip\/\",\"name\":\"HDGY Rail Clip - Crane Rail fixing device-crane Rail Clamp- Crane Parts Manufacturer\",\"isPartOf\":{\"@id\":\"https:\/\/www.hnhlcranes.com\/#website\"},\"primaryImageOfPage\":{\"@id\":\"https:\/\/www.hnhlcranes.com\/product\/hdgy-rail-clip\/#primaryimage\"},\"image\":{\"@id\":\"https:\/\/www.hnhlcranes.com\/product\/hdgy-rail-clip\/#primaryimage\"},\"thumbnailUrl\":\"https:\/\/www.hnhlcranes.com\/wp-content\/uploads\/2024\/11\/HDGY-Rail-Clip.jpg\",\"datePublished\":\"2024-11-29T14:40:44+00:00\",\"dateModified\":\"2025-01-10T10:14:36+00:00\",\"description\":\"Rail Clips,HDGY Rail Clip,Crane Rail Clips,Rail fixing device,Crane Rail fixing device,crane Rail Clamp,WJK Rail Clips,Overhead Crane Rail Clip\",\"breadcrumb\":{\"@id\":\"https:\/\/www.hnhlcranes.com\/product\/hdgy-rail-clip\/#breadcrumb\"},\"inLanguage\":\"ro-RO\",\"potentialAction\":[{\"@type\":\"ReadAction\",\"target\":[\"https:\/\/www.hnhlcranes.com\/product\/hdgy-rail-clip\/\"]}]},{\"@type\":\"ImageObject\",\"inLanguage\":\"ro-RO\",\"@id\":\"https:\/\/www.hnhlcranes.com\/product\/hdgy-rail-clip\/#primaryimage\",\"url\":\"https:\/\/www.hnhlcranes.com\/wp-content\/uploads\/2024\/11\/HDGY-Rail-Clip.jpg\",\"contentUrl\":\"https:\/\/www.hnhlcranes.com\/wp-content\/uploads\/2024\/11\/HDGY-Rail-Clip.jpg\",\"width\":600,\"height\":600},{\"@type\":\"BreadcrumbList\",\"@id\":\"https:\/\/www.hnhlcranes.com\/product\/hdgy-rail-clip\/#breadcrumb\",\"itemListElement\":[{\"@type\":\"ListItem\",\"position\":1,\"name\":\"home\",\"item\":\"https:\/\/www.hnhlcranes.com\/\"},{\"@type\":\"ListItem\",\"position\":2,\"name\":\"products\",\"item\":\"https:\/\/www.hnhlcranes.com\/products\/\"},{\"@type\":\"ListItem\",\"position\":3,\"name\":\"HDGY Rail Clip\"}]},{\"@type\":\"WebSite\",\"@id\":\"https:\/\/www.hnhlcranes.com\/#website\",\"url\":\"https:\/\/www.hnhlcranes.com\/\",\"name\":\"Crane Parts Manufacturer\",\"description\":\"Crane Wheels,Crane Drums,Crane Hooks,Crane Coupling,Crane End Carriage,Electric Hoist,European Crane Parts,Crane Rail Clip,Crane Spreader,Crane Motor,Crane Reducer,Crane Brake,Light Crane Parts,Workstation Crane Parts,Crane Electrical Parts,China Crane Parts Supplier,China Crane Parts Manufacturer,Angle box type crane wheel,45 degree split crane wheel,European crane wheel,Crane Wheel Blocks,Overhead crane drum,European crane drum,Overhead crane hook,European crane hook,Crane pulley block,Gear coupling,Brake wheel coupling,Drum gear coupling,Brake wheel drum gear coupling,Cardan Shaft Coupling,WZL drum coupling,Plum blossom elastic coupling,Brake wheel plum elastic coupling,European Single girder crane end carriage,European Double girder crane end carriage,European Suspension  crane end carriage,Wire Rope Electric Hoist,Electric Chain Hoist,European Single Girder Wire Rope Electric Hoist,European Double Girder Wire Rope Electric Hoist,Crane grab,Container spreader,Billet crane clamps,C-type hook,Lifting Electromagnet,YZR crane motor,YZP crane motor,ZQ Reducer,ZSC Reducer,QJ Reducer,QJ-L Reducer,QJY Reducer,H series gearbox,F Series Gear Motor,K Series Gear Motor,R Series Gear Motor,travelling machinery gear motor,Electro hydraulic drum brake,Electro hydraulic disc brake,Crane Safety brake,Crane cable trolley,Crane remote controller,Crane pendant controller,Crane electrical control cabinet,Crane limit switch,Crane sound and light alarm,Heavy Duty Aviation Connector,Crane overload limiter\",\"publisher\":{\"@id\":\"https:\/\/www.hnhlcranes.com\/#organization\"},\"potentialAction\":[{\"@type\":\"SearchAction\",\"target\":{\"@type\":\"EntryPoint\",\"urlTemplate\":\"https:\/\/www.hnhlcranes.com\/?s={search_term_string}\"},\"query-input\":{\"@type\":\"PropertyValueSpecification\",\"valueRequired\":true,\"valueName\":\"search_term_string\"}}],\"inLanguage\":\"ro-RO\"},{\"@type\":\"Organization\",\"@id\":\"https:\/\/www.hnhlcranes.com\/#organization\",\"name\":\"Crane Parts Manufacturer\",\"url\":\"https:\/\/www.hnhlcranes.com\/\",\"logo\":{\"@type\":\"ImageObject\",\"inLanguage\":\"ro-RO\",\"@id\":\"https:\/\/www.hnhlcranes.com\/#\/schema\/logo\/image\/\",\"url\":\"https:\/\/www.hnhlcranes.com\/wp-content\/uploads\/2025\/01\/HL-logo-1.png\",\"contentUrl\":\"https:\/\/www.hnhlcranes.com\/wp-content\/uploads\/2025\/01\/HL-logo-1.png\",\"width\":600,\"height\":169,\"caption\":\"Crane Parts Manufacturer\"},\"image\":{\"@id\":\"https:\/\/www.hnhlcranes.com\/#\/schema\/logo\/image\/\"}}]}<\/script>\n<!-- \/ Yoast SEO plugin. -->","yoast_head_json":{"title":"HDGY Rail Clip - Crane Rail fixing device-crane Rail Clamp- Crane Parts Manufacturer","description":"Rail Clips,HDGY Rail Clip,Crane Rail Clips,Rail fixing device,Crane Rail fixing device,crane Rail Clamp,WJK Rail Clips,Overhead Crane Rail Clip","robots":{"index":"index","follow":"follow","max-snippet":"max-snippet:-1","max-image-preview":"max-image-preview:large","max-video-preview":"max-video-preview:-1"},"canonical":"https:\/\/www.hnhlcranes.com\/ro\/produs\/clip-sina-hdgy\/","og_locale":"ro_RO","og_type":"article","og_title":"HDGY Rail Clip - Crane Rail fixing device-crane Rail Clamp- Crane Parts Manufacturer","og_description":"Rail Clips,HDGY Rail Clip,Crane Rail Clips,Rail fixing device,Crane Rail fixing device,crane Rail Clamp,WJK Rail Clips,Overhead Crane Rail Clip","og_url":"https:\/\/www.hnhlcranes.com\/ro\/produs\/clip-sina-hdgy\/","og_site_name":"Crane Parts Manufacturer","article_modified_time":"2025-01-10T10:14:36+00:00","og_image":[{"width":600,"height":600,"url":"https:\/\/www.hnhlcranes.com\/wp-content\/uploads\/2024\/11\/HDGY-Rail-Clip.jpg","type":"image\/jpeg"}],"twitter_card":"summary_large_image","twitter_misc":{"Timp estimat pentru citire":"3 minute"},"schema":{"@context":"https:\/\/schema.org","@graph":[{"@type":"WebPage","@id":"https:\/\/www.hnhlcranes.com\/product\/hdgy-rail-clip\/","url":"https:\/\/www.hnhlcranes.com\/product\/hdgy-rail-clip\/","name":"HDGY Rail Clip - Crane Rail fixing device-crane Rail Clamp- Crane Parts Manufacturer","isPartOf":{"@id":"https:\/\/www.hnhlcranes.com\/#website"},"primaryImageOfPage":{"@id":"https:\/\/www.hnhlcranes.com\/product\/hdgy-rail-clip\/#primaryimage"},"image":{"@id":"https:\/\/www.hnhlcranes.com\/product\/hdgy-rail-clip\/#primaryimage"},"thumbnailUrl":"https:\/\/www.hnhlcranes.com\/wp-content\/uploads\/2024\/11\/HDGY-Rail-Clip.jpg","datePublished":"2024-11-29T14:40:44+00:00","dateModified":"2025-01-10T10:14:36+00:00","description":"Rail Clips,HDGY Rail Clip,Crane Rail Clips,Rail fixing device,Crane Rail fixing device,crane Rail Clamp,WJK Rail Clips,Overhead Crane Rail Clip","breadcrumb":{"@id":"https:\/\/www.hnhlcranes.com\/product\/hdgy-rail-clip\/#breadcrumb"},"inLanguage":"ro-RO","potentialAction":[{"@type":"ReadAction","target":["https:\/\/www.hnhlcranes.com\/product\/hdgy-rail-clip\/"]}]},{"@type":"ImageObject","inLanguage":"ro-RO","@id":"https:\/\/www.hnhlcranes.com\/product\/hdgy-rail-clip\/#primaryimage","url":"https:\/\/www.hnhlcranes.com\/wp-content\/uploads\/2024\/11\/HDGY-Rail-Clip.jpg","contentUrl":"https:\/\/www.hnhlcranes.com\/wp-content\/uploads\/2024\/11\/HDGY-Rail-Clip.jpg","width":600,"height":600},{"@type":"BreadcrumbList","@id":"https:\/\/www.hnhlcranes.com\/product\/hdgy-rail-clip\/#breadcrumb","itemListElement":[{"@type":"ListItem","position":1,"name":"home","item":"https:\/\/www.hnhlcranes.com\/"},{"@type":"ListItem","position":2,"name":"products","item":"https:\/\/www.hnhlcranes.com\/products\/"},{"@type":"ListItem","position":3,"name":"HDGY Rail Clip"}]},{"@type":"WebSite","@id":"https:\/\/www.hnhlcranes.com\/#website","url":"https:\/\/www.hnhlcranes.com\/","name":"Crane Parts Manufacturer","description":"Crane Wheels,Crane Drums,Crane Hooks,Crane Coupling,Crane End Carriage,Electric Hoist,European Crane Parts,Crane Rail Clip,Crane Spreader,Crane Motor,Crane Reducer,Crane Brake,Light Crane Parts,Workstation Crane Parts,Crane Electrical Parts,China Crane Parts Supplier,China Crane Parts Manufacturer,Angle box type crane wheel,45 degree split crane wheel,European crane wheel,Crane Wheel Blocks,Overhead crane drum,European crane drum,Overhead crane hook,European crane hook,Crane pulley block,Gear coupling,Brake wheel coupling,Drum gear coupling,Brake wheel drum gear coupling,Cardan Shaft Coupling,WZL drum coupling,Plum blossom elastic coupling,Brake wheel plum elastic coupling,European Single girder crane end carriage,European Double girder crane end carriage,European Suspension  crane end carriage,Wire Rope Electric Hoist,Electric Chain Hoist,European Single Girder Wire Rope Electric Hoist,European Double Girder Wire Rope Electric Hoist,Crane grab,Container spreader,Billet crane clamps,C-type hook,Lifting Electromagnet,YZR crane motor,YZP crane motor,ZQ Reducer,ZSC Reducer,QJ Reducer,QJ-L Reducer,QJY Reducer,H series gearbox,F Series Gear Motor,K Series Gear Motor,R Series Gear Motor,travelling machinery gear motor,Electro hydraulic drum brake,Electro hydraulic disc brake,Crane Safety brake,Crane cable trolley,Crane remote controller,Crane pendant controller,Crane electrical control cabinet,Crane limit switch,Crane sound and light alarm,Heavy Duty Aviation Connector,Crane overload limiter","publisher":{"@id":"https:\/\/www.hnhlcranes.com\/#organization"},"potentialAction":[{"@type":"SearchAction","target":{"@type":"EntryPoint","urlTemplate":"https:\/\/www.hnhlcranes.com\/?s={search_term_string}"},"query-input":{"@type":"PropertyValueSpecification","valueRequired":true,"valueName":"search_term_string"}}],"inLanguage":"ro-RO"},{"@type":"Organization","@id":"https:\/\/www.hnhlcranes.com\/#organization","name":"Crane Parts Manufacturer","url":"https:\/\/www.hnhlcranes.com\/","logo":{"@type":"ImageObject","inLanguage":"ro-RO","@id":"https:\/\/www.hnhlcranes.com\/#\/schema\/logo\/image\/","url":"https:\/\/www.hnhlcranes.com\/wp-content\/uploads\/2025\/01\/HL-logo-1.png","contentUrl":"https:\/\/www.hnhlcranes.com\/wp-content\/uploads\/2025\/01\/HL-logo-1.png","width":600,"height":169,"caption":"Crane Parts Manufacturer"},"image":{"@id":"https:\/\/www.hnhlcranes.com\/#\/schema\/logo\/image\/"}}]}},"_links":{"self":[{"href":"https:\/\/www.hnhlcranes.com\/ro\/wp-json\/wp\/v2\/product\/5544","targetHints":{"allow":["GET"]}}],"collection":[{"href":"https:\/\/www.hnhlcranes.com\/ro\/wp-json\/wp\/v2\/product"}],"about":[{"href":"https:\/\/www.hnhlcranes.com\/ro\/wp-json\/wp\/v2\/types\/product"}],"version-history":[{"count":3,"href":"https:\/\/www.hnhlcranes.com\/ro\/wp-json\/wp\/v2\/product\/5544\/revisions"}],"predecessor-version":[{"id":7196,"href":"https:\/\/www.hnhlcranes.com\/ro\/wp-json\/wp\/v2\/product\/5544\/revisions\/7196"}],"wp:featuredmedia":[{"embeddable":true,"href":"https:\/\/www.hnhlcranes.com\/ro\/wp-json\/wp\/v2\/media\/7117"}],"wp:attachment":[{"href":"https:\/\/www.hnhlcranes.com\/ro\/wp-json\/wp\/v2\/media?parent=5544"}],"wp:term":[{"taxonomy":"product_brand","embeddable":true,"href":"https:\/\/www.hnhlcranes.com\/ro\/wp-json\/wp\/v2\/product_brand?post=5544"},{"taxonomy":"product_cat","embeddable":true,"href":"https:\/\/www.hnhlcranes.com\/ro\/wp-json\/wp\/v2\/product_cat?post=5544"},{"taxonomy":"product_tag","embeddable":true,"href":"https:\/\/www.hnhlcranes.com\/ro\/wp-json\/wp\/v2\/product_tag?post=5544"}],"curies":[{"name":"wp","href":"https:\/\/api.w.org\/{rel}","templated":true}]}}