{"id":5763,"date":"2024-12-05T23:37:16","date_gmt":"2024-12-05T15:37:16","guid":{"rendered":"https:\/\/www.hnhlcranes.com\/?post_type=product&#038;p=5763"},"modified":"2025-01-14T23:58:43","modified_gmt":"2025-01-14T15:58:43","slug":"dulap-de-comanda-electrica-a-macaralei","status":"publish","type":"product","link":"https:\/\/www.hnhlcranes.com\/ro\/produs\/dulap-de-comanda-electrica-a-macaralei\/","title":{"rendered":"Dulap de control electric macara"},"content":{"rendered":"<div class=\"flex max-w-full flex-col flex-grow\">\n<div class=\"min-h-8 text-message flex w-full flex-col items-end gap-2 whitespace-normal break-words text-start [.text-message+&amp;]:mt-5\" dir=\"auto\" data-message-author-role=\"assistant\" data-message-id=\"c900b7fa-04cb-4382-81d9-3bfa02a01192\" data-message-model-slug=\"gpt-4o\">\n<div class=\"flex w-full flex-col gap-1 empty:hidden first:pt-[3px]\">\n<div class=\"markdown prose w-full break-words dark:prose-invert light\">\n<h3>Introducere \u00een cabinetul de comand\u0103 al macaralei<\/h3>\n<p>Dulapul de comand\u0103 al macaralei este o component\u0103 cheie \u00een sistemul de control electric al macaralelor \u0219i al echipamentelor de ridicare. Acesta func\u021bioneaz\u0103 ca un nod central pentru gestionarea \u0219i reglarea diferitelor opera\u021biuni ale macaralei, inclusiv ridicarea, cobor\u00e2rea, deplasarea \u0219i rotirea. Prin g\u0103zduirea elementelor de control esen\u021biale, a dispozitivelor de siguran\u021b\u0103 \u0219i a sistemelor de distribu\u021bie a energiei, dulapul de comand\u0103 al macaralei asigur\u0103 func\u021bionarea eficient\u0103, sigur\u0103 \u0219i fiabil\u0103 a macaralelor \u00eentr-o varietate de aplica\u021bii industriale.<\/p>\n<h3>Caracteristici \u0219i func\u021bii cheie<\/h3>\n<ol>\n<li><strong>Control centralizat<\/strong>: Dulapul de comand\u0103 ad\u0103poste\u0219te diverse elemente de control, cum ar fi demaroare de motor, relee, contactoare \u0219i \u00eentrerup\u0103toare de circuit. Aceste componente lucreaz\u0103 \u00eempreun\u0103 pentru a controla mi\u0219c\u0103rile macaralei \u0219i pentru a proteja sistemul de defec\u021biunile electrice.<\/li>\n<li><strong>Distribu\u021bia energiei electrice<\/strong>: Dulapul de comand\u0103 este responsabil pentru distribuirea energiei c\u0103tre diferite p\u0103r\u021bi ale macaralei, inclusiv motorul de ridicare, motorul c\u0103ruciorului \u0219i motorul de deplasare. Acesta se asigur\u0103 c\u0103 puterea necesar\u0103 este furnizat\u0103 fiec\u0103rui motor, permi\u021b\u00e2nd o func\u021bionare lin\u0103 \u0219i fiabil\u0103.<\/li>\n<li><strong>Siguran\u021b\u0103 \u0219i protec\u021bie<\/strong>: Echipat cu mai multe caracteristici de siguran\u021b\u0103, dulapul de comand\u0103 al macaralei include protec\u021bie la suprasarcin\u0103, protec\u021bie la scurtcircuit \u0219i circuite de oprire de urgen\u021b\u0103. Aceste caracteristici previn accidentele \u0219i deteriorarea echipamentelor, asigur\u00e2nd siguran\u021ba at\u00e2t a operatorului, c\u00e2t \u0219i a sistemului macaralei.<\/li>\n<li><strong>Automatizare \u0219i monitorizare<\/strong>: Multe cabinete moderne de comand\u0103 a macaralelor includ sisteme de automatizare, cum ar fi controlere logice programabile (PLC) \u0219i interfe\u021be om-ma\u0219in\u0103 (HMI). Aceste sisteme permit monitorizarea de la distan\u021b\u0103 \u0219i controlul automat al macaralei, reduc\u00e2nd nevoia de interven\u021bie manual\u0103 \u0219i \u00eembun\u0103t\u0103\u021bind eficien\u021ba opera\u021bional\u0103.<\/li>\n<li><strong>Personalizare<\/strong>: Designul cabinetului de control al macaralei poate fi personalizat pe baza nevoilor specifice ale macaralei, cum ar fi cantit\u0103\u021bile de motoare, tipurile de sarcin\u0103 \u0219i mediul de operare. Aceast\u0103 flexibilitate asigur\u0103 c\u0103 dulapul de comand\u0103 \u00eendepline\u0219te cerin\u021bele unice ale diferitelor industrii, inclusiv construc\u021bii, produc\u021bie \u0219i logistic\u0103 portuar\u0103.<\/li>\n<\/ol>\n<h3>Cabinetul de control al macaralei Aplica\u021bii<\/h3>\n<p>Cabinetul de control al macaralei este utilizat pe scar\u0103 larg\u0103 \u00een diverse medii industriale, inclusiv:<\/p>\n<ul>\n<li><strong>Macarale industriale<\/strong>: Este utilizat pentru a controla podurile rulante, podurile rulante \u0219i macaralele cu bra\u021b \u00een fabrici, depozite \u0219i facilit\u0103\u021bi de produc\u021bie.<\/li>\n<li><strong>Macarale portuare<\/strong>: Este esen\u021bial pentru controlul macaralelor de manipulare a containerelor, macaralelor de \u0219antier naval \u0219i macaralelor pentru materiale \u00een vrac din porturi \u0219i porturi.<\/li>\n<li><strong>Opera\u021biuni miniere<\/strong>: Dulapul de comand\u0103 joac\u0103 un rol esen\u021bial \u00een controlul \u0219i distribuirea energiei pentru macaralele utilizate \u00een ascensoarele miniere \u0219i alte aplica\u021bii de ridicare grele.<\/li>\n<li><strong>\u0218antiere de construc\u021bii<\/strong>: Este utilizat pentru gestionarea macaralelor turn, a elevatoarelor de materiale \u0219i a altor echipamente de ridicare \u00een construc\u021bii.<\/li>\n<\/ul>\n<h6><strong><span style=\"font-family: arial, helvetica, sans-serif; font-size: 18pt;\">Instalare \u0219i \u00eentre\u021binere<\/span><\/strong><\/h6>\n<p>Pentru a asigura performan\u021be optime, urma\u021bi aceste instruc\u021biuni \u00een timpul instal\u0103rii \u0219i \u00eentre\u021binerii:<\/p>\n<ol>\n<li><strong>Conexiuni metalice<\/strong>:<br \/>\nConecta\u021bi corect toate p\u0103r\u021bile metalice, \u00een special suprafe\u021bele vopsite sau anodizate, folosind tampoane de contact specializate.<\/li>\n<li><strong>Dispunerea componentelor<\/strong>:<br \/>\nAranja\u021bi logic componentele, asigur\u00e2nd o distan\u021b\u0103 minim\u0103 de 200 mm \u00eentre unit\u0103\u021bi \u0219i componentele electrice sensibile pentru a minimiza interferen\u021bele electromagnetice.<\/li>\n<li><strong>Condi\u021bii de mediu<\/strong>:\n<ul>\n<li><strong>Altitudine<\/strong>: Sub 2000m.<\/li>\n<li><strong>Temperatura<\/strong>: -30\u00b0C p\u00e2n\u0103 la +40\u00b0C.<\/li>\n<li><strong>Umiditate<\/strong>: \u2264 85%.<\/li>\n<li><strong>Stabilitate<\/strong>: Evita\u021bi zonele cu vibra\u021bii sau zdruncin\u0103turi excesive.<\/li>\n<li><strong>Siguran\u021ba<\/strong>: Asigura\u021bi-v\u0103 de absen\u021ba gazelor sau vaporilor explozivi.<\/li>\n<\/ul>\n<\/li>\n<\/ol>\n<h3>Concluzie<\/h3>\n<p>\u00cen concluzie, dulapul de comand\u0103 al macaralei este esen\u021bial pentru a asigura func\u021bionarea sigur\u0103, eficient\u0103 \u0219i fiabil\u0103 a macaralelor. Prin centralizarea controlului, distribuirea energiei \u0219i integrarea caracteristicilor de siguran\u021b\u0103, acesta asigur\u0103 mi\u0219c\u0103ri u\u0219oare ale macaralei, minimiz\u00e2nd \u00een acela\u0219i timp riscul de defec\u021biuni ale sistemului. Datorit\u0103 designului s\u0103u personalizabil, dulapul de comand\u0103 al macaralei poate satisface nevoile specifice ale diferitelor industrii, contribuind la cre\u0219terea productivit\u0103\u021bii \u0219i a siguran\u021bei opera\u021bionale.<\/p>\n<\/div>\n<\/div>\n<\/div>\n<\/div>","protected":false},"excerpt":{"rendered":"<p>Cabinet de control, cabinet de putere, cabinet de semnal, cabinet special, cabinet de achizi\u021bie de date, cabinet de control electric macara, cabinet de control electric, cabinet de control macara<\/p>","protected":false},"featured_media":7472,"template":"","meta":{"_kad_post_transparent":"default","_kad_post_title":"","_kad_post_layout":"default","_kad_post_sidebar_id":"","_kad_post_content_style":"default","_kad_post_vertical_padding":"show","_kad_post_feature":"","_kad_post_feature_position":"","_kad_post_header":false,"_kad_post_footer":false},"product_brand":[],"product_cat":[65],"product_tag":[632,622,376,634,612,616,626,627,629,613,617,620,615,614,618,628,619,621,623,630,635,633,625,631,624],"class_list":{"0":"post-5763","1":"product","2":"type-product","3":"status-publish","4":"has-post-thumbnail","6":"product_cat-crane-electrical-parts","7":"product_tag-aviation-plug","8":"product_tag-cable-trolley","9":"product_tag-china-crane-parts-supplier","10":"product_tag-crane-aviation-plug","11":"product_tag-crane-cable-trolley","12":"product_tag-crane-control-cabinet","13":"product_tag-crane-control-handle","14":"product_tag-crane-controls","15":"product_tag-crane-electrical-control-cabinet","16":"product_tag-crane-electrical-part","17":"product_tag-crane-limit-switch","18":"product_tag-crane-overload-limiter","19":"product_tag-crane-pendant-controller","20":"product_tag-crane-remote-controller","21":"product_tag-crane-sound-and-light-alarm","22":"product_tag-electrical-control-cabinet","23":"product_tag-heavy-duty-aviation-connector","24":"product_tag-i-beam-cable-trolley","25":"product_tag-i-beam-cable-trolley-supplier","26":"product_tag-limit-switch","27":"product_tag-overload-limiter","28":"product_tag-quick-connector","29":"product_tag-remote-controller","30":"product_tag-sound-and-light-alarm","31":"product_tag-wireless-remote-control","33":"first","34":"instock","35":"featured","36":"shipping-taxable","37":"product-type-simple","38":"entry","39":"content-bg","40":"loop-entry"},"yoast_head":"<!-- This site is optimized with the Yoast SEO plugin v24.5 - https:\/\/yoast.com\/wordpress\/plugins\/seo\/ -->\n<title>Crane electrical control cabinet -electrical control cabinet- Crane Parts Manufacturer<\/title>\n<meta name=\"description\" content=\"electrical control cabinet,crane control cabinet,Crane electrical control cabinet,Electrical control cabinet manufacturer,Crane Electrical Parts\" \/>\n<meta name=\"robots\" content=\"index, follow, max-snippet:-1, max-image-preview:large, max-video-preview:-1\" \/>\n<link rel=\"canonical\" href=\"https:\/\/www.hnhlcranes.com\/ro\/produs\/dulap-de-comanda-electrica-a-macaralei\/\" \/>\n<meta property=\"og:locale\" content=\"ro_RO\" \/>\n<meta property=\"og:type\" content=\"article\" \/>\n<meta property=\"og:title\" content=\"Crane electrical control cabinet -electrical control cabinet- Crane Parts Manufacturer\" \/>\n<meta property=\"og:description\" content=\"electrical control cabinet,crane control cabinet,Crane electrical control cabinet,Electrical control cabinet manufacturer,Crane Electrical Parts\" \/>\n<meta property=\"og:url\" content=\"https:\/\/www.hnhlcranes.com\/ro\/produs\/dulap-de-comanda-electrica-a-macaralei\/\" \/>\n<meta property=\"og:site_name\" content=\"Crane Parts Manufacturer\" \/>\n<meta property=\"article:modified_time\" content=\"2025-01-14T15:58:43+00:00\" \/>\n<meta property=\"og:image\" content=\"https:\/\/www.hnhlcranes.com\/wp-content\/uploads\/2024\/12\/Crane-control-cabinet.jpg\" \/>\n\t<meta property=\"og:image:width\" content=\"600\" \/>\n\t<meta property=\"og:image:height\" content=\"600\" \/>\n\t<meta property=\"og:image:type\" content=\"image\/jpeg\" \/>\n<meta name=\"twitter:card\" content=\"summary_large_image\" \/>\n<meta name=\"twitter:label1\" content=\"Timp estimat pentru citire\" \/>\n\t<meta name=\"twitter:data1\" content=\"3 minute\" \/>\n<script type=\"application\/ld+json\" class=\"yoast-schema-graph\">{\"@context\":\"https:\/\/schema.org\",\"@graph\":[{\"@type\":\"WebPage\",\"@id\":\"https:\/\/www.hnhlcranes.com\/product\/crane-electrical-control-cabinet\/\",\"url\":\"https:\/\/www.hnhlcranes.com\/product\/crane-electrical-control-cabinet\/\",\"name\":\"Crane electrical control cabinet -electrical control cabinet- Crane Parts Manufacturer\",\"isPartOf\":{\"@id\":\"https:\/\/www.hnhlcranes.com\/#website\"},\"primaryImageOfPage\":{\"@id\":\"https:\/\/www.hnhlcranes.com\/product\/crane-electrical-control-cabinet\/#primaryimage\"},\"image\":{\"@id\":\"https:\/\/www.hnhlcranes.com\/product\/crane-electrical-control-cabinet\/#primaryimage\"},\"thumbnailUrl\":\"https:\/\/www.hnhlcranes.com\/wp-content\/uploads\/2024\/12\/Crane-control-cabinet.jpg\",\"datePublished\":\"2024-12-05T15:37:16+00:00\",\"dateModified\":\"2025-01-14T15:58:43+00:00\",\"description\":\"electrical control cabinet,crane control cabinet,Crane electrical control cabinet,Electrical control cabinet manufacturer,Crane Electrical Parts\",\"breadcrumb\":{\"@id\":\"https:\/\/www.hnhlcranes.com\/product\/crane-electrical-control-cabinet\/#breadcrumb\"},\"inLanguage\":\"ro-RO\",\"potentialAction\":[{\"@type\":\"ReadAction\",\"target\":[\"https:\/\/www.hnhlcranes.com\/product\/crane-electrical-control-cabinet\/\"]}]},{\"@type\":\"ImageObject\",\"inLanguage\":\"ro-RO\",\"@id\":\"https:\/\/www.hnhlcranes.com\/product\/crane-electrical-control-cabinet\/#primaryimage\",\"url\":\"https:\/\/www.hnhlcranes.com\/wp-content\/uploads\/2024\/12\/Crane-control-cabinet.jpg\",\"contentUrl\":\"https:\/\/www.hnhlcranes.com\/wp-content\/uploads\/2024\/12\/Crane-control-cabinet.jpg\",\"width\":600,\"height\":600},{\"@type\":\"BreadcrumbList\",\"@id\":\"https:\/\/www.hnhlcranes.com\/product\/crane-electrical-control-cabinet\/#breadcrumb\",\"itemListElement\":[{\"@type\":\"ListItem\",\"position\":1,\"name\":\"home\",\"item\":\"https:\/\/www.hnhlcranes.com\/\"},{\"@type\":\"ListItem\",\"position\":2,\"name\":\"products\",\"item\":\"https:\/\/www.hnhlcranes.com\/products\/\"},{\"@type\":\"ListItem\",\"position\":3,\"name\":\"Crane electrical control cabinet\"}]},{\"@type\":\"WebSite\",\"@id\":\"https:\/\/www.hnhlcranes.com\/#website\",\"url\":\"https:\/\/www.hnhlcranes.com\/\",\"name\":\"Crane Parts Manufacturer\",\"description\":\"Crane Wheels,Crane Drums,Crane Hooks,Crane Coupling,Crane End Carriage,Electric Hoist,European Crane Parts,Crane Rail Clip,Crane Spreader,Crane Motor,Crane Reducer,Crane Brake,Light Crane Parts,Workstation Crane Parts,Crane Electrical Parts,China Crane Parts Supplier,China Crane Parts Manufacturer,Angle box type crane wheel,45 degree split crane wheel,European crane wheel,Crane Wheel Blocks,Overhead crane drum,European crane drum,Overhead crane hook,European crane hook,Crane pulley block,Gear coupling,Brake wheel coupling,Drum gear coupling,Brake wheel drum gear coupling,Cardan Shaft Coupling,WZL drum coupling,Plum blossom elastic coupling,Brake wheel plum elastic coupling,European Single girder crane end carriage,European Double girder crane end carriage,European Suspension  crane end carriage,Wire Rope Electric Hoist,Electric Chain Hoist,European Single Girder Wire Rope Electric Hoist,European Double Girder Wire Rope Electric Hoist,Crane grab,Container spreader,Billet crane clamps,C-type hook,Lifting Electromagnet,YZR crane motor,YZP crane motor,ZQ Reducer,ZSC Reducer,QJ Reducer,QJ-L Reducer,QJY Reducer,H series gearbox,F Series Gear Motor,K Series Gear Motor,R Series Gear Motor,travelling machinery gear motor,Electro hydraulic drum brake,Electro hydraulic disc brake,Crane Safety brake,Crane cable trolley,Crane remote controller,Crane pendant controller,Crane electrical control cabinet,Crane limit switch,Crane sound and light alarm,Heavy Duty Aviation Connector,Crane overload limiter\",\"publisher\":{\"@id\":\"https:\/\/www.hnhlcranes.com\/#organization\"},\"potentialAction\":[{\"@type\":\"SearchAction\",\"target\":{\"@type\":\"EntryPoint\",\"urlTemplate\":\"https:\/\/www.hnhlcranes.com\/?s={search_term_string}\"},\"query-input\":{\"@type\":\"PropertyValueSpecification\",\"valueRequired\":true,\"valueName\":\"search_term_string\"}}],\"inLanguage\":\"ro-RO\"},{\"@type\":\"Organization\",\"@id\":\"https:\/\/www.hnhlcranes.com\/#organization\",\"name\":\"Crane Parts Manufacturer\",\"url\":\"https:\/\/www.hnhlcranes.com\/\",\"logo\":{\"@type\":\"ImageObject\",\"inLanguage\":\"ro-RO\",\"@id\":\"https:\/\/www.hnhlcranes.com\/#\/schema\/logo\/image\/\",\"url\":\"https:\/\/www.hnhlcranes.com\/wp-content\/uploads\/2025\/01\/HL-logo-1.png\",\"contentUrl\":\"https:\/\/www.hnhlcranes.com\/wp-content\/uploads\/2025\/01\/HL-logo-1.png\",\"width\":600,\"height\":169,\"caption\":\"Crane Parts Manufacturer\"},\"image\":{\"@id\":\"https:\/\/www.hnhlcranes.com\/#\/schema\/logo\/image\/\"}}]}<\/script>\n<!-- \/ Yoast SEO plugin. -->","yoast_head_json":{"title":"Crane electrical control cabinet -electrical control cabinet- Crane Parts Manufacturer","description":"electrical control cabinet,crane control cabinet,Crane electrical control cabinet,Electrical control cabinet manufacturer,Crane Electrical Parts","robots":{"index":"index","follow":"follow","max-snippet":"max-snippet:-1","max-image-preview":"max-image-preview:large","max-video-preview":"max-video-preview:-1"},"canonical":"https:\/\/www.hnhlcranes.com\/ro\/produs\/dulap-de-comanda-electrica-a-macaralei\/","og_locale":"ro_RO","og_type":"article","og_title":"Crane electrical control cabinet -electrical control cabinet- Crane Parts Manufacturer","og_description":"electrical control cabinet,crane control cabinet,Crane electrical control cabinet,Electrical control cabinet manufacturer,Crane Electrical Parts","og_url":"https:\/\/www.hnhlcranes.com\/ro\/produs\/dulap-de-comanda-electrica-a-macaralei\/","og_site_name":"Crane Parts Manufacturer","article_modified_time":"2025-01-14T15:58:43+00:00","og_image":[{"width":600,"height":600,"url":"https:\/\/www.hnhlcranes.com\/wp-content\/uploads\/2024\/12\/Crane-control-cabinet.jpg","type":"image\/jpeg"}],"twitter_card":"summary_large_image","twitter_misc":{"Timp estimat pentru citire":"3 minute"},"schema":{"@context":"https:\/\/schema.org","@graph":[{"@type":"WebPage","@id":"https:\/\/www.hnhlcranes.com\/product\/crane-electrical-control-cabinet\/","url":"https:\/\/www.hnhlcranes.com\/product\/crane-electrical-control-cabinet\/","name":"Crane electrical control cabinet -electrical control cabinet- Crane Parts Manufacturer","isPartOf":{"@id":"https:\/\/www.hnhlcranes.com\/#website"},"primaryImageOfPage":{"@id":"https:\/\/www.hnhlcranes.com\/product\/crane-electrical-control-cabinet\/#primaryimage"},"image":{"@id":"https:\/\/www.hnhlcranes.com\/product\/crane-electrical-control-cabinet\/#primaryimage"},"thumbnailUrl":"https:\/\/www.hnhlcranes.com\/wp-content\/uploads\/2024\/12\/Crane-control-cabinet.jpg","datePublished":"2024-12-05T15:37:16+00:00","dateModified":"2025-01-14T15:58:43+00:00","description":"electrical control cabinet,crane control cabinet,Crane electrical control cabinet,Electrical control cabinet manufacturer,Crane Electrical Parts","breadcrumb":{"@id":"https:\/\/www.hnhlcranes.com\/product\/crane-electrical-control-cabinet\/#breadcrumb"},"inLanguage":"ro-RO","potentialAction":[{"@type":"ReadAction","target":["https:\/\/www.hnhlcranes.com\/product\/crane-electrical-control-cabinet\/"]}]},{"@type":"ImageObject","inLanguage":"ro-RO","@id":"https:\/\/www.hnhlcranes.com\/product\/crane-electrical-control-cabinet\/#primaryimage","url":"https:\/\/www.hnhlcranes.com\/wp-content\/uploads\/2024\/12\/Crane-control-cabinet.jpg","contentUrl":"https:\/\/www.hnhlcranes.com\/wp-content\/uploads\/2024\/12\/Crane-control-cabinet.jpg","width":600,"height":600},{"@type":"BreadcrumbList","@id":"https:\/\/www.hnhlcranes.com\/product\/crane-electrical-control-cabinet\/#breadcrumb","itemListElement":[{"@type":"ListItem","position":1,"name":"home","item":"https:\/\/www.hnhlcranes.com\/"},{"@type":"ListItem","position":2,"name":"products","item":"https:\/\/www.hnhlcranes.com\/products\/"},{"@type":"ListItem","position":3,"name":"Crane electrical control cabinet"}]},{"@type":"WebSite","@id":"https:\/\/www.hnhlcranes.com\/#website","url":"https:\/\/www.hnhlcranes.com\/","name":"Crane Parts Manufacturer","description":"Crane Wheels,Crane Drums,Crane Hooks,Crane Coupling,Crane End Carriage,Electric Hoist,European Crane Parts,Crane Rail Clip,Crane Spreader,Crane Motor,Crane Reducer,Crane Brake,Light Crane Parts,Workstation Crane Parts,Crane Electrical Parts,China Crane Parts Supplier,China Crane Parts Manufacturer,Angle box type crane wheel,45 degree split crane wheel,European crane wheel,Crane Wheel Blocks,Overhead crane drum,European crane drum,Overhead crane hook,European crane hook,Crane pulley block,Gear coupling,Brake wheel coupling,Drum gear coupling,Brake wheel drum gear coupling,Cardan Shaft Coupling,WZL drum coupling,Plum blossom elastic coupling,Brake wheel plum elastic coupling,European Single girder crane end carriage,European Double girder crane end carriage,European Suspension  crane end carriage,Wire Rope Electric Hoist,Electric Chain Hoist,European Single Girder Wire Rope Electric Hoist,European Double Girder Wire Rope Electric Hoist,Crane grab,Container spreader,Billet crane clamps,C-type hook,Lifting Electromagnet,YZR crane motor,YZP crane motor,ZQ Reducer,ZSC Reducer,QJ Reducer,QJ-L Reducer,QJY Reducer,H series gearbox,F Series Gear Motor,K Series Gear Motor,R Series Gear Motor,travelling machinery gear motor,Electro hydraulic drum brake,Electro hydraulic disc brake,Crane Safety brake,Crane cable trolley,Crane remote controller,Crane pendant controller,Crane electrical control cabinet,Crane limit switch,Crane sound and light alarm,Heavy Duty Aviation Connector,Crane overload limiter","publisher":{"@id":"https:\/\/www.hnhlcranes.com\/#organization"},"potentialAction":[{"@type":"SearchAction","target":{"@type":"EntryPoint","urlTemplate":"https:\/\/www.hnhlcranes.com\/?s={search_term_string}"},"query-input":{"@type":"PropertyValueSpecification","valueRequired":true,"valueName":"search_term_string"}}],"inLanguage":"ro-RO"},{"@type":"Organization","@id":"https:\/\/www.hnhlcranes.com\/#organization","name":"Crane Parts Manufacturer","url":"https:\/\/www.hnhlcranes.com\/","logo":{"@type":"ImageObject","inLanguage":"ro-RO","@id":"https:\/\/www.hnhlcranes.com\/#\/schema\/logo\/image\/","url":"https:\/\/www.hnhlcranes.com\/wp-content\/uploads\/2025\/01\/HL-logo-1.png","contentUrl":"https:\/\/www.hnhlcranes.com\/wp-content\/uploads\/2025\/01\/HL-logo-1.png","width":600,"height":169,"caption":"Crane Parts Manufacturer"},"image":{"@id":"https:\/\/www.hnhlcranes.com\/#\/schema\/logo\/image\/"}}]}},"_links":{"self":[{"href":"https:\/\/www.hnhlcranes.com\/ro\/wp-json\/wp\/v2\/product\/5763","targetHints":{"allow":["GET"]}}],"collection":[{"href":"https:\/\/www.hnhlcranes.com\/ro\/wp-json\/wp\/v2\/product"}],"about":[{"href":"https:\/\/www.hnhlcranes.com\/ro\/wp-json\/wp\/v2\/types\/product"}],"version-history":[{"count":3,"href":"https:\/\/www.hnhlcranes.com\/ro\/wp-json\/wp\/v2\/product\/5763\/revisions"}],"predecessor-version":[{"id":7475,"href":"https:\/\/www.hnhlcranes.com\/ro\/wp-json\/wp\/v2\/product\/5763\/revisions\/7475"}],"wp:featuredmedia":[{"embeddable":true,"href":"https:\/\/www.hnhlcranes.com\/ro\/wp-json\/wp\/v2\/media\/7472"}],"wp:attachment":[{"href":"https:\/\/www.hnhlcranes.com\/ro\/wp-json\/wp\/v2\/media?parent=5763"}],"wp:term":[{"taxonomy":"product_brand","embeddable":true,"href":"https:\/\/www.hnhlcranes.com\/ro\/wp-json\/wp\/v2\/product_brand?post=5763"},{"taxonomy":"product_cat","embeddable":true,"href":"https:\/\/www.hnhlcranes.com\/ro\/wp-json\/wp\/v2\/product_cat?post=5763"},{"taxonomy":"product_tag","embeddable":true,"href":"https:\/\/www.hnhlcranes.com\/ro\/wp-json\/wp\/v2\/product_tag?post=5763"}],"curies":[{"name":"wp","href":"https:\/\/api.w.org\/{rel}","templated":true}]}}