{"id":5777,"date":"2024-12-06T00:21:10","date_gmt":"2024-12-05T16:21:10","guid":{"rendered":"https:\/\/www.hnhlcranes.com\/?post_type=product&#038;p=5777"},"modified":"2025-01-15T12:35:57","modified_gmt":"2025-01-15T04:35:57","slug":"comutator-de-limita-macara","status":"publish","type":"product","link":"https:\/\/www.hnhlcranes.com\/ro\/produs\/comutator-de-limita-macara\/","title":{"rendered":"Comutator de limit\u0103 pentru macara"},"content":{"rendered":"<h3>Prezentare general\u0103 a comutatorului de limit\u0103 pentru macara DXZ<\/h3>\n<p>Comutatorul de limit\u0103 pentru macarale DXZ este un dispozitiv esen\u021bial utilizat pentru a regla domeniul de func\u021bionare al macaralelor \u0219i al altor utilaje grele. Func\u021bia sa principal\u0103 este de a asigura siguran\u021ba prin prevenirea coliziunilor sau a condi\u021biilor de suprasarcin\u0103 prin controlul precis al pozi\u021biei. Combin\u00e2nd componente mecanice \u0219i electronice, acesta ofer\u0103 un control precis al limitelor, fiind o alegere fiabil\u0103 pentru aplica\u021bii grele.<\/p>\n<h3>Parametrii cheie<\/h3>\n<ul>\n<li><strong>Mediu de operare:<\/strong>\n<ul>\n<li><strong>Gama de temperaturi:<\/strong> -40\u00b0C p\u00e2n\u0103 la +55\u00b0C.<\/li>\n<li><strong>Umiditate relativ\u0103:<\/strong> \u2264 90%.<\/li>\n<\/ul>\n<\/li>\n<li><strong>Raportul de transmisie:<\/strong>\n<ul>\n<li>Op\u021biunile disponibile includ: 1:13, 1:17, 1:46, 1:60, 1:78, 1:210, 1:274, 1:960.<\/li>\n<\/ul>\n<\/li>\n<li><strong>Precizia pozi\u021bion\u0103rii repetate:<\/strong>\n<ul>\n<li>Eroarea unghiular\u0103 a camei de memorie este \u2264 0,005 radiani (~0,3 grade).<\/li>\n<\/ul>\n<\/li>\n<li><strong>Tensiune nominal\u0103:<\/strong>\n<ul>\n<li>AC: 125-250V.<\/li>\n<li>DC: 30V.<\/li>\n<\/ul>\n<\/li>\n<li><strong>Curent nominal:<\/strong>\n<ul>\n<li>AC: 6A.<\/li>\n<li>DC: 4A.<\/li>\n<\/ul>\n<\/li>\n<li><strong>Circuite de comand\u0103:<\/strong>\n<ul>\n<li>Designul standard include 1-4 circuite de control, dar se poate extinde la 5-6 circuite \u00een func\u021bie de cerin\u021bele utilizatorului.<\/li>\n<\/ul>\n<\/li>\n<\/ul>\n<h3>Aplica\u021bii \u0219i caracteristici<\/h3>\n<p>\u00centrerup\u0103torul de limit\u0103 pentru macarale DXZ este utilizat pe scar\u0103 larg\u0103 \u00een diverse dispozitive mecanice, \u00een special \u00een echipamente grele, cum ar fi macaralele turn \u0219i podurile rulante. Urm\u0103toarele sunt func\u021biile \u0219i caracteristicile sale principale:<\/p>\n<ul>\n<li><strong>Asigurarea siguran\u021bei:<\/strong>\n<ul>\n<li>Acesta previne dep\u0103\u0219irea limitelor opera\u021bionale sigure ale utilajelor, asigur\u00e2nd func\u021bionarea echipamentelor \u00een limitele prescrise.<\/li>\n<\/ul>\n<\/li>\n<li><strong>Control de precizie:<\/strong>\n<ul>\n<li>Prin utilizarea senzorilor mecanici sau electronici, comutatorul realizeaz\u0103 o pozi\u021bionare precis\u0103 \u0219i o limitare a intervalului.<\/li>\n<\/ul>\n<\/li>\n<li><strong>Versatilitate:<\/strong>\n<ul>\n<li>Este extrem de versatil \u0219i potrivit pentru diverse medii grele, asigur\u00e2nd performan\u021be fiabile \u00een diverse medii industriale.<\/li>\n<\/ul>\n<\/li>\n<\/ul>\n<h3>Instalare \u0219i \u00eentre\u021binere<\/h3>\n<ul>\n<li><strong>Instruc\u021biuni de instalare:<\/strong>\n<ul>\n<li>Fixa\u021bi bine comutatorul pentru a evita vibra\u021biile \u00een timpul func\u021bion\u0103rii.<\/li>\n<li>Asigura\u021bi-v\u0103 c\u0103 toate conexiunile cablurilor sunt corecte \u0219i conforme cu proiectul opera\u021bional.<\/li>\n<\/ul>\n<\/li>\n<li><strong>Recomand\u0103ri de \u00eentre\u021binere:<\/strong>\n<ul>\n<li>Inspecta\u021bi periodic componentele mecanice \u0219i conexiunile electrice pentru a verifica dac\u0103 sunt uzate sau deteriorate.<\/li>\n<li>Regla\u021bi periodic pozi\u021bia \u0219i sensibilitatea limitatorului pentru a men\u021bine performan\u021ba optim\u0103.<\/li>\n<\/ul>\n<\/li>\n<\/ul>\n<p>Prin respectarea practicilor adecvate de instalare \u0219i \u00eentre\u021binere, comutatorul de limit\u0103 pentru macarale DXZ garanteaz\u0103 fiabilitatea pe termen lung \u0219i contribuie la func\u021bionarea sigur\u0103 \u0219i eficient\u0103 a sistemelor de macarale.<\/p>","protected":false},"excerpt":{"rendered":"<p><strong><span style=\"font-family: arial, helvetica, sans-serif; font-size: 14pt;\">Parametrii principali ai comutatorului de limit\u0103 DXZ Crane:<\/span><\/strong><br \/>\nTemperatura ambiant\u0103: Intervalul de temperatur\u0103 de func\u021bionare este de la -40 \u2103 la +55 \u2103, iar umiditatea relativ\u0103 nu este mai mare de 90%.<br \/>\nRaportul de transmisie: 1:13, 1:17, 1:46, 1:60, 1:78, 1:210, 1:274, 1:960<br \/>\nPrecizia pozi\u021bion\u0103rii repetate: Eroarea unghiular\u0103 a camei de memorie nu este mai mare de 0,005 radiani (aproximativ 0,3 grade).<br \/>\nTensiunea nominal\u0103: Tensiunea nominal\u0103 de lucru este AC 125-250V sau DC 30V.<br \/>\nCurent nominal: Curentul nominal de lucru este de 6A (AC) sau 4A (DC).<\/p>","protected":false},"featured_media":7482,"template":"","meta":{"_kad_post_transparent":"default","_kad_post_title":"","_kad_post_layout":"default","_kad_post_sidebar_id":"","_kad_post_content_style":"default","_kad_post_vertical_padding":"show","_kad_post_feature":"","_kad_post_feature_position":"","_kad_post_header":false,"_kad_post_footer":false},"product_brand":[],"product_cat":[65],"product_tag":[632,622,376,634,612,616,626,627,629,613,617,620,615,614,618,628,619,621,623,630,635,633,625,631,624],"class_list":{"0":"post-5777","1":"product","2":"type-product","3":"status-publish","4":"has-post-thumbnail","6":"product_cat-crane-electrical-parts","7":"product_tag-aviation-plug","8":"product_tag-cable-trolley","9":"product_tag-china-crane-parts-supplier","10":"product_tag-crane-aviation-plug","11":"product_tag-crane-cable-trolley","12":"product_tag-crane-control-cabinet","13":"product_tag-crane-control-handle","14":"product_tag-crane-controls","15":"product_tag-crane-electrical-control-cabinet","16":"product_tag-crane-electrical-part","17":"product_tag-crane-limit-switch","18":"product_tag-crane-overload-limiter","19":"product_tag-crane-pendant-controller","20":"product_tag-crane-remote-controller","21":"product_tag-crane-sound-and-light-alarm","22":"product_tag-electrical-control-cabinet","23":"product_tag-heavy-duty-aviation-connector","24":"product_tag-i-beam-cable-trolley","25":"product_tag-i-beam-cable-trolley-supplier","26":"product_tag-limit-switch","27":"product_tag-overload-limiter","28":"product_tag-quick-connector","29":"product_tag-remote-controller","30":"product_tag-sound-and-light-alarm","31":"product_tag-wireless-remote-control","33":"first","34":"instock","35":"shipping-taxable","36":"product-type-simple","37":"entry","38":"content-bg","39":"loop-entry"},"yoast_head":"<!-- This site is optimized with the Yoast SEO plugin v24.5 - https:\/\/yoast.com\/wordpress\/plugins\/seo\/ -->\n<title>Crane limit switch -\u200cDXZ limit switch-lifting rotation limit switch- Crane Parts Manufacturer<\/title>\n<meta name=\"description\" content=\"Infrared anti-collision device,cross limit switch,heavy hammer limit switch,lifting rotation limit switch,Limit switch manufacturer,Crane limit switch\" \/>\n<meta name=\"robots\" content=\"index, follow, max-snippet:-1, max-image-preview:large, max-video-preview:-1\" \/>\n<link rel=\"canonical\" href=\"https:\/\/www.hnhlcranes.com\/ro\/produs\/comutator-de-limita-macara\/\" \/>\n<meta property=\"og:locale\" content=\"ro_RO\" \/>\n<meta property=\"og:type\" content=\"article\" \/>\n<meta property=\"og:title\" content=\"Crane limit switch -\u200cDXZ limit switch-lifting rotation limit switch- Crane Parts Manufacturer\" \/>\n<meta property=\"og:description\" content=\"Infrared anti-collision device,cross limit switch,heavy hammer limit switch,lifting rotation limit switch,Limit switch manufacturer,Crane limit switch\" \/>\n<meta property=\"og:url\" content=\"https:\/\/www.hnhlcranes.com\/ro\/produs\/comutator-de-limita-macara\/\" \/>\n<meta property=\"og:site_name\" content=\"Crane Parts Manufacturer\" \/>\n<meta property=\"article:modified_time\" content=\"2025-01-15T04:35:57+00:00\" \/>\n<meta property=\"og:image\" content=\"https:\/\/www.hnhlcranes.com\/wp-content\/uploads\/2024\/12\/Crane-limit-switch.jpg\" \/>\n\t<meta property=\"og:image:width\" content=\"600\" \/>\n\t<meta property=\"og:image:height\" content=\"600\" \/>\n\t<meta property=\"og:image:type\" content=\"image\/jpeg\" \/>\n<meta name=\"twitter:card\" content=\"summary_large_image\" \/>\n<meta name=\"twitter:label1\" content=\"Timp estimat pentru citire\" \/>\n\t<meta name=\"twitter:data1\" content=\"2 minute\" \/>\n<script type=\"application\/ld+json\" class=\"yoast-schema-graph\">{\"@context\":\"https:\/\/schema.org\",\"@graph\":[{\"@type\":\"WebPage\",\"@id\":\"https:\/\/www.hnhlcranes.com\/product\/crane-limit-switch\/\",\"url\":\"https:\/\/www.hnhlcranes.com\/product\/crane-limit-switch\/\",\"name\":\"Crane limit switch -\u200cDXZ limit switch-lifting rotation limit switch- Crane Parts Manufacturer\",\"isPartOf\":{\"@id\":\"https:\/\/www.hnhlcranes.com\/#website\"},\"primaryImageOfPage\":{\"@id\":\"https:\/\/www.hnhlcranes.com\/product\/crane-limit-switch\/#primaryimage\"},\"image\":{\"@id\":\"https:\/\/www.hnhlcranes.com\/product\/crane-limit-switch\/#primaryimage\"},\"thumbnailUrl\":\"https:\/\/www.hnhlcranes.com\/wp-content\/uploads\/2024\/12\/Crane-limit-switch.jpg\",\"datePublished\":\"2024-12-05T16:21:10+00:00\",\"dateModified\":\"2025-01-15T04:35:57+00:00\",\"description\":\"Infrared anti-collision device,cross limit switch,heavy hammer limit switch,lifting rotation limit switch,Limit switch manufacturer,Crane limit switch\",\"breadcrumb\":{\"@id\":\"https:\/\/www.hnhlcranes.com\/product\/crane-limit-switch\/#breadcrumb\"},\"inLanguage\":\"ro-RO\",\"potentialAction\":[{\"@type\":\"ReadAction\",\"target\":[\"https:\/\/www.hnhlcranes.com\/product\/crane-limit-switch\/\"]}]},{\"@type\":\"ImageObject\",\"inLanguage\":\"ro-RO\",\"@id\":\"https:\/\/www.hnhlcranes.com\/product\/crane-limit-switch\/#primaryimage\",\"url\":\"https:\/\/www.hnhlcranes.com\/wp-content\/uploads\/2024\/12\/Crane-limit-switch.jpg\",\"contentUrl\":\"https:\/\/www.hnhlcranes.com\/wp-content\/uploads\/2024\/12\/Crane-limit-switch.jpg\",\"width\":600,\"height\":600},{\"@type\":\"BreadcrumbList\",\"@id\":\"https:\/\/www.hnhlcranes.com\/product\/crane-limit-switch\/#breadcrumb\",\"itemListElement\":[{\"@type\":\"ListItem\",\"position\":1,\"name\":\"home\",\"item\":\"https:\/\/www.hnhlcranes.com\/\"},{\"@type\":\"ListItem\",\"position\":2,\"name\":\"products\",\"item\":\"https:\/\/www.hnhlcranes.com\/products\/\"},{\"@type\":\"ListItem\",\"position\":3,\"name\":\"Crane limit switch\"}]},{\"@type\":\"WebSite\",\"@id\":\"https:\/\/www.hnhlcranes.com\/#website\",\"url\":\"https:\/\/www.hnhlcranes.com\/\",\"name\":\"Crane Parts Manufacturer\",\"description\":\"Crane Wheels,Crane Drums,Crane Hooks,Crane Coupling,Crane End Carriage,Electric Hoist,European Crane Parts,Crane Rail Clip,Crane Spreader,Crane Motor,Crane Reducer,Crane Brake,Light Crane Parts,Workstation Crane Parts,Crane Electrical Parts,China Crane Parts Supplier,China Crane Parts Manufacturer,Angle box type crane wheel,45 degree split crane wheel,European crane wheel,Crane Wheel Blocks,Overhead crane drum,European crane drum,Overhead crane hook,European crane hook,Crane pulley block,Gear coupling,Brake wheel coupling,Drum gear coupling,Brake wheel drum gear coupling,Cardan Shaft Coupling,WZL drum coupling,Plum blossom elastic coupling,Brake wheel plum elastic coupling,European Single girder crane end carriage,European Double girder crane end carriage,European Suspension  crane end carriage,Wire Rope Electric Hoist,Electric Chain Hoist,European Single Girder Wire Rope Electric Hoist,European Double Girder Wire Rope Electric Hoist,Crane grab,Container spreader,Billet crane clamps,C-type hook,Lifting Electromagnet,YZR crane motor,YZP crane motor,ZQ Reducer,ZSC Reducer,QJ Reducer,QJ-L Reducer,QJY Reducer,H series gearbox,F Series Gear Motor,K Series Gear Motor,R Series Gear Motor,travelling machinery gear motor,Electro hydraulic drum brake,Electro hydraulic disc brake,Crane Safety brake,Crane cable trolley,Crane remote controller,Crane pendant controller,Crane electrical control cabinet,Crane limit switch,Crane sound and light alarm,Heavy Duty Aviation Connector,Crane overload limiter\",\"publisher\":{\"@id\":\"https:\/\/www.hnhlcranes.com\/#organization\"},\"potentialAction\":[{\"@type\":\"SearchAction\",\"target\":{\"@type\":\"EntryPoint\",\"urlTemplate\":\"https:\/\/www.hnhlcranes.com\/?s={search_term_string}\"},\"query-input\":{\"@type\":\"PropertyValueSpecification\",\"valueRequired\":true,\"valueName\":\"search_term_string\"}}],\"inLanguage\":\"ro-RO\"},{\"@type\":\"Organization\",\"@id\":\"https:\/\/www.hnhlcranes.com\/#organization\",\"name\":\"Crane Parts Manufacturer\",\"url\":\"https:\/\/www.hnhlcranes.com\/\",\"logo\":{\"@type\":\"ImageObject\",\"inLanguage\":\"ro-RO\",\"@id\":\"https:\/\/www.hnhlcranes.com\/#\/schema\/logo\/image\/\",\"url\":\"https:\/\/www.hnhlcranes.com\/wp-content\/uploads\/2025\/01\/HL-logo-1.png\",\"contentUrl\":\"https:\/\/www.hnhlcranes.com\/wp-content\/uploads\/2025\/01\/HL-logo-1.png\",\"width\":600,\"height\":169,\"caption\":\"Crane Parts Manufacturer\"},\"image\":{\"@id\":\"https:\/\/www.hnhlcranes.com\/#\/schema\/logo\/image\/\"}}]}<\/script>\n<!-- \/ Yoast SEO plugin. -->","yoast_head_json":{"title":"Crane limit switch -\u200cDXZ limit switch-lifting rotation limit switch- Crane Parts Manufacturer","description":"Infrared anti-collision device,cross limit switch,heavy hammer limit switch,lifting rotation limit switch,Limit switch manufacturer,Crane limit switch","robots":{"index":"index","follow":"follow","max-snippet":"max-snippet:-1","max-image-preview":"max-image-preview:large","max-video-preview":"max-video-preview:-1"},"canonical":"https:\/\/www.hnhlcranes.com\/ro\/produs\/comutator-de-limita-macara\/","og_locale":"ro_RO","og_type":"article","og_title":"Crane limit switch -\u200cDXZ limit switch-lifting rotation limit switch- Crane Parts Manufacturer","og_description":"Infrared anti-collision device,cross limit switch,heavy hammer limit switch,lifting rotation limit switch,Limit switch manufacturer,Crane limit switch","og_url":"https:\/\/www.hnhlcranes.com\/ro\/produs\/comutator-de-limita-macara\/","og_site_name":"Crane Parts Manufacturer","article_modified_time":"2025-01-15T04:35:57+00:00","og_image":[{"width":600,"height":600,"url":"https:\/\/www.hnhlcranes.com\/wp-content\/uploads\/2024\/12\/Crane-limit-switch.jpg","type":"image\/jpeg"}],"twitter_card":"summary_large_image","twitter_misc":{"Timp estimat pentru citire":"2 minute"},"schema":{"@context":"https:\/\/schema.org","@graph":[{"@type":"WebPage","@id":"https:\/\/www.hnhlcranes.com\/product\/crane-limit-switch\/","url":"https:\/\/www.hnhlcranes.com\/product\/crane-limit-switch\/","name":"Crane limit switch -\u200cDXZ limit switch-lifting rotation limit switch- Crane Parts Manufacturer","isPartOf":{"@id":"https:\/\/www.hnhlcranes.com\/#website"},"primaryImageOfPage":{"@id":"https:\/\/www.hnhlcranes.com\/product\/crane-limit-switch\/#primaryimage"},"image":{"@id":"https:\/\/www.hnhlcranes.com\/product\/crane-limit-switch\/#primaryimage"},"thumbnailUrl":"https:\/\/www.hnhlcranes.com\/wp-content\/uploads\/2024\/12\/Crane-limit-switch.jpg","datePublished":"2024-12-05T16:21:10+00:00","dateModified":"2025-01-15T04:35:57+00:00","description":"Infrared anti-collision device,cross limit switch,heavy hammer limit switch,lifting rotation limit switch,Limit switch manufacturer,Crane limit switch","breadcrumb":{"@id":"https:\/\/www.hnhlcranes.com\/product\/crane-limit-switch\/#breadcrumb"},"inLanguage":"ro-RO","potentialAction":[{"@type":"ReadAction","target":["https:\/\/www.hnhlcranes.com\/product\/crane-limit-switch\/"]}]},{"@type":"ImageObject","inLanguage":"ro-RO","@id":"https:\/\/www.hnhlcranes.com\/product\/crane-limit-switch\/#primaryimage","url":"https:\/\/www.hnhlcranes.com\/wp-content\/uploads\/2024\/12\/Crane-limit-switch.jpg","contentUrl":"https:\/\/www.hnhlcranes.com\/wp-content\/uploads\/2024\/12\/Crane-limit-switch.jpg","width":600,"height":600},{"@type":"BreadcrumbList","@id":"https:\/\/www.hnhlcranes.com\/product\/crane-limit-switch\/#breadcrumb","itemListElement":[{"@type":"ListItem","position":1,"name":"home","item":"https:\/\/www.hnhlcranes.com\/"},{"@type":"ListItem","position":2,"name":"products","item":"https:\/\/www.hnhlcranes.com\/products\/"},{"@type":"ListItem","position":3,"name":"Crane limit switch"}]},{"@type":"WebSite","@id":"https:\/\/www.hnhlcranes.com\/#website","url":"https:\/\/www.hnhlcranes.com\/","name":"Crane Parts Manufacturer","description":"Crane Wheels,Crane Drums,Crane Hooks,Crane Coupling,Crane End Carriage,Electric Hoist,European Crane Parts,Crane Rail Clip,Crane Spreader,Crane Motor,Crane Reducer,Crane Brake,Light Crane Parts,Workstation Crane Parts,Crane Electrical Parts,China Crane Parts Supplier,China Crane Parts Manufacturer,Angle box type crane wheel,45 degree split crane wheel,European crane wheel,Crane Wheel Blocks,Overhead crane drum,European crane drum,Overhead crane hook,European crane hook,Crane pulley block,Gear coupling,Brake wheel coupling,Drum gear coupling,Brake wheel drum gear coupling,Cardan Shaft Coupling,WZL drum coupling,Plum blossom elastic coupling,Brake wheel plum elastic coupling,European Single girder crane end carriage,European Double girder crane end carriage,European Suspension  crane end carriage,Wire Rope Electric Hoist,Electric Chain Hoist,European Single Girder Wire Rope Electric Hoist,European Double Girder Wire Rope Electric Hoist,Crane grab,Container spreader,Billet crane clamps,C-type hook,Lifting Electromagnet,YZR crane motor,YZP crane motor,ZQ Reducer,ZSC Reducer,QJ Reducer,QJ-L Reducer,QJY Reducer,H series gearbox,F Series Gear Motor,K Series Gear Motor,R Series Gear Motor,travelling machinery gear motor,Electro hydraulic drum brake,Electro hydraulic disc brake,Crane Safety brake,Crane cable trolley,Crane remote controller,Crane pendant controller,Crane electrical control cabinet,Crane limit switch,Crane sound and light alarm,Heavy Duty Aviation Connector,Crane overload limiter","publisher":{"@id":"https:\/\/www.hnhlcranes.com\/#organization"},"potentialAction":[{"@type":"SearchAction","target":{"@type":"EntryPoint","urlTemplate":"https:\/\/www.hnhlcranes.com\/?s={search_term_string}"},"query-input":{"@type":"PropertyValueSpecification","valueRequired":true,"valueName":"search_term_string"}}],"inLanguage":"ro-RO"},{"@type":"Organization","@id":"https:\/\/www.hnhlcranes.com\/#organization","name":"Crane Parts Manufacturer","url":"https:\/\/www.hnhlcranes.com\/","logo":{"@type":"ImageObject","inLanguage":"ro-RO","@id":"https:\/\/www.hnhlcranes.com\/#\/schema\/logo\/image\/","url":"https:\/\/www.hnhlcranes.com\/wp-content\/uploads\/2025\/01\/HL-logo-1.png","contentUrl":"https:\/\/www.hnhlcranes.com\/wp-content\/uploads\/2025\/01\/HL-logo-1.png","width":600,"height":169,"caption":"Crane Parts Manufacturer"},"image":{"@id":"https:\/\/www.hnhlcranes.com\/#\/schema\/logo\/image\/"}}]}},"_links":{"self":[{"href":"https:\/\/www.hnhlcranes.com\/ro\/wp-json\/wp\/v2\/product\/5777","targetHints":{"allow":["GET"]}}],"collection":[{"href":"https:\/\/www.hnhlcranes.com\/ro\/wp-json\/wp\/v2\/product"}],"about":[{"href":"https:\/\/www.hnhlcranes.com\/ro\/wp-json\/wp\/v2\/types\/product"}],"version-history":[{"count":3,"href":"https:\/\/www.hnhlcranes.com\/ro\/wp-json\/wp\/v2\/product\/5777\/revisions"}],"predecessor-version":[{"id":7485,"href":"https:\/\/www.hnhlcranes.com\/ro\/wp-json\/wp\/v2\/product\/5777\/revisions\/7485"}],"wp:featuredmedia":[{"embeddable":true,"href":"https:\/\/www.hnhlcranes.com\/ro\/wp-json\/wp\/v2\/media\/7482"}],"wp:attachment":[{"href":"https:\/\/www.hnhlcranes.com\/ro\/wp-json\/wp\/v2\/media?parent=5777"}],"wp:term":[{"taxonomy":"product_brand","embeddable":true,"href":"https:\/\/www.hnhlcranes.com\/ro\/wp-json\/wp\/v2\/product_brand?post=5777"},{"taxonomy":"product_cat","embeddable":true,"href":"https:\/\/www.hnhlcranes.com\/ro\/wp-json\/wp\/v2\/product_cat?post=5777"},{"taxonomy":"product_tag","embeddable":true,"href":"https:\/\/www.hnhlcranes.com\/ro\/wp-json\/wp\/v2\/product_tag?post=5777"}],"curies":[{"name":"wp","href":"https:\/\/api.w.org\/{rel}","templated":true}]}}