{"id":5790,"date":"2024-12-06T00:55:21","date_gmt":"2024-12-05T16:55:21","guid":{"rendered":"https:\/\/www.hnhlcranes.com\/?post_type=product&#038;p=5790"},"modified":"2025-01-16T12:10:37","modified_gmt":"2025-01-16T04:10:37","slug":"alarma-sonora-si-luminoasa-pentru-macara","status":"publish","type":"product","link":"https:\/\/www.hnhlcranes.com\/ro\/produs\/alarma-sonora-si-luminoasa-pentru-macara\/","title":{"rendered":"Alarma sonor\u0103 \u0219i luminoas\u0103 a macaralei"},"content":{"rendered":"<h3>Caracteristici \u0219i specifica\u021bii ale alarmei Crane Sound and Light<\/h3>\n<h4><strong>Caracteristici<\/strong><\/h4>\n<ol>\n<li><strong>Sistem dublu de avertizare:<\/strong>\n<ul>\n<li>Alarma sonor\u0103 \u0219i luminoas\u0103 a macaralei combin\u0103 semnalele auditive \u0219i vizuale pentru a atrage \u00een mod eficient aten\u021bia personalului din apropiere, asigur\u00e2nd alerte \u00een timp util cu privire la pericolele poten\u021biale \u00een diferite medii de lucru.<\/li>\n<\/ul>\n<\/li>\n<li><strong>Vizibilitate \u0219i sonoritate ridicate:<\/strong>\n<ul>\n<li>Alarma luminoas\u0103 utilizeaz\u0103 lumini intermitente de \u00eenalt\u0103 luminozitate, de obicei ro\u0219ii, galbene sau albastre, asigur\u00e2nd o vizibilitate excelent\u0103 chiar \u0219i \u00een medii cu luminozitate sc\u0103zut\u0103 sau zgomotoase. Alarma sonor\u0103 emite un sunet de avertizare puternic, cu volum \u0219i frecven\u021b\u0103 reglabile, asigur\u00e2nd un avertisment eficient \u00een diferite medii.<\/li>\n<\/ul>\n<\/li>\n<li><strong>Set\u0103ri reglabile:<\/strong>\n<ul>\n<li>Utilizatorii pot regla at\u00e2t volumul sunetului, c\u00e2t \u0219i intensitatea luminii sau modul de intermiten\u021b\u0103 \u00een func\u021bie de mediul de lucru, pentru a r\u0103spunde diferitelor cerin\u021be de siguran\u021b\u0103.<\/li>\n<\/ul>\n<\/li>\n<li><strong>Durabilitate \u0219i protec\u021bie:<\/strong>\n<ul>\n<li>Aceste alarme sunt proiectate pentru a fi rezistente la ap\u0103, praf \u0219i \u0219ocuri, ceea ce le face potrivite pentru condi\u021bii de lucru dificile \u0219i asigur\u0103 performan\u021be fiabile \u00een timp.<\/li>\n<\/ul>\n<\/li>\n<li><strong>Instalare flexibil\u0103:<\/strong>\n<ul>\n<li>Dispozitivele sunt concepute pentru a fi utilizate cu diferite tipuri de macarale (cum ar fi macarale turn, macarale pivot \u0219i macarale mobile). \u00cen plus, procesul lor simplu de instalare permite personalizarea pe baza diferitelor nevoi opera\u021bionale.<\/li>\n<\/ul>\n<\/li>\n<li><strong>\u00cembun\u0103t\u0103\u021birea siguran\u021bei la fa\u021ba locului:<\/strong>\n<ul>\n<li>Prin avertizarea timpurie a lucr\u0103torilor, operatorilor \u0219i trec\u0103torilor, aceste alarme contribuie la reducerea probabilit\u0103\u021bii accidentelor, \u00een special atunci c\u00e2nd macaralele sunt \u00een mi\u0219care, ridic\u0103 \u00eenc\u0103rc\u0103turi grele sau se afl\u0103 \u00een st\u0103ri poten\u021bial periculoase.<\/li>\n<\/ul>\n<\/li>\n<\/ol>\n<h4><strong>Specifica\u021bii<\/strong><\/h4>\n<ol>\n<li><strong>Tensiune de func\u021bionare:<\/strong>\n<ul>\n<li>Tensiune AC: 110V, 220V, etc.<\/li>\n<li>Tensiune DC: 12V, 24V, etc.<\/li>\n<\/ul>\n<\/li>\n<li><strong>Intensitatea sunetului:<\/strong>\n<ul>\n<li>Intensitatea sunetului variaz\u0103 de obicei de la 85dB la 120dB, cu volum reglabil \u00een func\u021bie de mediu.<\/li>\n<\/ul>\n<\/li>\n<li><strong>Tip de lumin\u0103:<\/strong>\n<ul>\n<li>Luminile intermitente sunt de obicei LED, oferind luminozitate ridicat\u0103 \u0219i o durat\u0103 lung\u0103 de via\u021b\u0103. Culorile luminii pot fi selectate \u00een func\u021bie de cerin\u021be, inclusiv ro\u0219u, galben sau albastru.<\/li>\n<\/ul>\n<\/li>\n<li><strong>Frecven\u021b\u0103 intermitent\u0103:<\/strong>\n<ul>\n<li>Frecven\u021ba intermitent\u0103 variaz\u0103 de obicei de la 60 la 120 de intermiten\u021be pe minut, cu op\u021biuni reglabile \u00een func\u021bie de mediul de utilizare.<\/li>\n<\/ul>\n<\/li>\n<li><strong>Nivelul de protec\u021bie:<\/strong>\n<ul>\n<li>Nivelul de protec\u021bie este \u00een general IP65 sau mai mare, asigur\u00e2nd func\u021bionarea corespunz\u0103toare a dispozitivului \u00een medii cu umiditate sau niveluri ridicate de praf.<\/li>\n<\/ul>\n<\/li>\n<li><strong>Intervalul de temperatur\u0103 de func\u021bionare:<\/strong>\n<ul>\n<li>Intervalul tipic de temperatur\u0103 de func\u021bionare este de la -20\u00b0C la +60\u00b0C, ceea ce \u00eel face potrivit pentru diverse medii dure.<\/li>\n<\/ul>\n<\/li>\n<li><strong>Metoda de instalare:<\/strong>\n<ul>\n<li>Diferitele metode de instalare, inclusiv op\u021biunile de montare pe suport, prin aspira\u021bie \u0219i pe perete, ofer\u0103 flexibilitate pentru instalarea \u00een diferite medii.<\/li>\n<\/ul>\n<\/li>\n<li><strong>Curent de func\u021bionare:<\/strong>\n<ul>\n<li>Curentul de func\u021bionare variaz\u0103 de obicei de la 0,2A la 1A, \u00een func\u021bie de modelul specific.<\/li>\n<\/ul>\n<\/li>\n<li><strong>Durata de via\u021b\u0103:<\/strong>\n<ul>\n<li>Luminile LED au de obicei o durat\u0103 de via\u021b\u0103 de peste 50.000 de ore, asigur\u00e2nd o utilizare fiabil\u0103 pe termen lung.<\/li>\n<\/ul>\n<\/li>\n<\/ol>\n<h3>Concluzie<\/h3>\n<p>\u00cen concluzie, alarmele acustice \u0219i luminoase pentru macarale sporesc siguran\u021ba la fa\u021ba locului, oferind at\u00e2t avertismente auditive, c\u00e2t \u0219i vizuale, contribuind la prevenirea accidentelor \u00een timpul func\u021bion\u0103rii macaralelor. Cu volum \u0219i intensitate luminoas\u0103 reglabile, durabilitate excelent\u0103 \u0219i metode flexibile de instalare, aceste sisteme de alarm\u0103 sunt aplicabile pe scar\u0103 larg\u0103 \u00een diferite medii industriale. Capacitatea lor de a furniza alerte fiabile asigur\u0103 operarea sigur\u0103 \u0219i eficient\u0103 a macaralelor \u00een diverse medii.<\/p>","protected":false},"excerpt":{"rendered":"<p><strong>Caracteristici ale alarmei de sunet \u0219i lumin\u0103 Crane\uff1a<\/strong><\/p>\n<ul>\n<li>Surs\u0103 de lumin\u0103 LED de \u00eenalt\u0103 luminozitate<\/li>\n<li>Alerte sonore puternice<\/li>\n<li>Suport multitensiune<\/li>\n<li>Lamp\u0103 de avertizare rotativ\u0103 (op\u021bional\u0103)<\/li>\n<li>Capacitate de protec\u021bie ridicat\u0103<\/li>\n<li>Durat\u0103 lung\u0103 de via\u021b\u0103<\/li>\n<\/ul>","protected":false},"featured_media":7491,"template":"","meta":{"_kad_post_transparent":"default","_kad_post_title":"","_kad_post_layout":"default","_kad_post_sidebar_id":"","_kad_post_content_style":"default","_kad_post_vertical_padding":"show","_kad_post_feature":"","_kad_post_feature_position":"","_kad_post_header":false,"_kad_post_footer":false},"product_brand":[],"product_cat":[65],"product_tag":[632,622,376,634,612,616,626,627,629,613,617,620,615,614,618,628,619,621,623,630,635,633,625,631,624],"class_list":{"0":"post-5790","1":"product","2":"type-product","3":"status-publish","4":"has-post-thumbnail","6":"product_cat-crane-electrical-parts","7":"product_tag-aviation-plug","8":"product_tag-cable-trolley","9":"product_tag-china-crane-parts-supplier","10":"product_tag-crane-aviation-plug","11":"product_tag-crane-cable-trolley","12":"product_tag-crane-control-cabinet","13":"product_tag-crane-control-handle","14":"product_tag-crane-controls","15":"product_tag-crane-electrical-control-cabinet","16":"product_tag-crane-electrical-part","17":"product_tag-crane-limit-switch","18":"product_tag-crane-overload-limiter","19":"product_tag-crane-pendant-controller","20":"product_tag-crane-remote-controller","21":"product_tag-crane-sound-and-light-alarm","22":"product_tag-electrical-control-cabinet","23":"product_tag-heavy-duty-aviation-connector","24":"product_tag-i-beam-cable-trolley","25":"product_tag-i-beam-cable-trolley-supplier","26":"product_tag-limit-switch","27":"product_tag-overload-limiter","28":"product_tag-quick-connector","29":"product_tag-remote-controller","30":"product_tag-sound-and-light-alarm","31":"product_tag-wireless-remote-control","33":"first","34":"instock","35":"shipping-taxable","36":"product-type-simple","37":"entry","38":"content-bg","39":"loop-entry"},"yoast_head":"<!-- This site is optimized with the Yoast SEO plugin v24.5 - https:\/\/yoast.com\/wordpress\/plugins\/seo\/ -->\n<title>Crane sound and light alarm - Sound and light alarm- Crane Parts Manufacturer<\/title>\n<meta name=\"description\" content=\"Sound and light alarm,Crane Electrical Parts,Sound and light alarm manufacturer,Sound and light alarm Supplier,Crane Parts Supplier\" \/>\n<meta name=\"robots\" content=\"index, follow, max-snippet:-1, max-image-preview:large, max-video-preview:-1\" \/>\n<link rel=\"canonical\" href=\"https:\/\/www.hnhlcranes.com\/ro\/produs\/alarma-sonora-si-luminoasa-pentru-macara\/\" \/>\n<meta property=\"og:locale\" content=\"ro_RO\" \/>\n<meta property=\"og:type\" content=\"article\" \/>\n<meta property=\"og:title\" content=\"Crane sound and light alarm - Sound and light alarm- Crane Parts Manufacturer\" \/>\n<meta property=\"og:description\" content=\"Sound and light alarm,Crane Electrical Parts,Sound and light alarm manufacturer,Sound and light alarm Supplier,Crane Parts Supplier\" \/>\n<meta property=\"og:url\" content=\"https:\/\/www.hnhlcranes.com\/ro\/produs\/alarma-sonora-si-luminoasa-pentru-macara\/\" \/>\n<meta property=\"og:site_name\" content=\"Crane Parts Manufacturer\" \/>\n<meta property=\"article:modified_time\" content=\"2025-01-16T04:10:37+00:00\" \/>\n<meta property=\"og:image\" content=\"https:\/\/www.hnhlcranes.com\/wp-content\/uploads\/2024\/12\/Crane-sound-and-light-alarm.jpg\" \/>\n\t<meta property=\"og:image:width\" content=\"600\" \/>\n\t<meta property=\"og:image:height\" content=\"600\" \/>\n\t<meta property=\"og:image:type\" content=\"image\/jpeg\" \/>\n<meta name=\"twitter:card\" content=\"summary_large_image\" \/>\n<meta name=\"twitter:label1\" content=\"Timp estimat pentru citire\" \/>\n\t<meta name=\"twitter:data1\" content=\"3 minute\" \/>\n<script type=\"application\/ld+json\" class=\"yoast-schema-graph\">{\"@context\":\"https:\/\/schema.org\",\"@graph\":[{\"@type\":\"WebPage\",\"@id\":\"https:\/\/www.hnhlcranes.com\/product\/crane-sound-and-light-alarm\/\",\"url\":\"https:\/\/www.hnhlcranes.com\/product\/crane-sound-and-light-alarm\/\",\"name\":\"Crane sound and light alarm - Sound and light alarm- Crane Parts Manufacturer\",\"isPartOf\":{\"@id\":\"https:\/\/www.hnhlcranes.com\/#website\"},\"primaryImageOfPage\":{\"@id\":\"https:\/\/www.hnhlcranes.com\/product\/crane-sound-and-light-alarm\/#primaryimage\"},\"image\":{\"@id\":\"https:\/\/www.hnhlcranes.com\/product\/crane-sound-and-light-alarm\/#primaryimage\"},\"thumbnailUrl\":\"https:\/\/www.hnhlcranes.com\/wp-content\/uploads\/2024\/12\/Crane-sound-and-light-alarm.jpg\",\"datePublished\":\"2024-12-05T16:55:21+00:00\",\"dateModified\":\"2025-01-16T04:10:37+00:00\",\"description\":\"Sound and light alarm,Crane Electrical Parts,Sound and light alarm manufacturer,Sound and light alarm Supplier,Crane Parts Supplier\",\"breadcrumb\":{\"@id\":\"https:\/\/www.hnhlcranes.com\/product\/crane-sound-and-light-alarm\/#breadcrumb\"},\"inLanguage\":\"ro-RO\",\"potentialAction\":[{\"@type\":\"ReadAction\",\"target\":[\"https:\/\/www.hnhlcranes.com\/product\/crane-sound-and-light-alarm\/\"]}]},{\"@type\":\"ImageObject\",\"inLanguage\":\"ro-RO\",\"@id\":\"https:\/\/www.hnhlcranes.com\/product\/crane-sound-and-light-alarm\/#primaryimage\",\"url\":\"https:\/\/www.hnhlcranes.com\/wp-content\/uploads\/2024\/12\/Crane-sound-and-light-alarm.jpg\",\"contentUrl\":\"https:\/\/www.hnhlcranes.com\/wp-content\/uploads\/2024\/12\/Crane-sound-and-light-alarm.jpg\",\"width\":600,\"height\":600},{\"@type\":\"BreadcrumbList\",\"@id\":\"https:\/\/www.hnhlcranes.com\/product\/crane-sound-and-light-alarm\/#breadcrumb\",\"itemListElement\":[{\"@type\":\"ListItem\",\"position\":1,\"name\":\"home\",\"item\":\"https:\/\/www.hnhlcranes.com\/\"},{\"@type\":\"ListItem\",\"position\":2,\"name\":\"products\",\"item\":\"https:\/\/www.hnhlcranes.com\/products\/\"},{\"@type\":\"ListItem\",\"position\":3,\"name\":\"Crane sound and light alarm\"}]},{\"@type\":\"WebSite\",\"@id\":\"https:\/\/www.hnhlcranes.com\/#website\",\"url\":\"https:\/\/www.hnhlcranes.com\/\",\"name\":\"Crane Parts Manufacturer\",\"description\":\"Crane Wheels,Crane Drums,Crane Hooks,Crane Coupling,Crane End Carriage,Electric Hoist,European Crane Parts,Crane Rail Clip,Crane Spreader,Crane Motor,Crane Reducer,Crane Brake,Light Crane Parts,Workstation Crane Parts,Crane Electrical Parts,China Crane Parts Supplier,China Crane Parts Manufacturer,Angle box type crane wheel,45 degree split crane wheel,European crane wheel,Crane Wheel Blocks,Overhead crane drum,European crane drum,Overhead crane hook,European crane hook,Crane pulley block,Gear coupling,Brake wheel coupling,Drum gear coupling,Brake wheel drum gear coupling,Cardan Shaft Coupling,WZL drum coupling,Plum blossom elastic coupling,Brake wheel plum elastic coupling,European Single girder crane end carriage,European Double girder crane end carriage,European Suspension  crane end carriage,Wire Rope Electric Hoist,Electric Chain Hoist,European Single Girder Wire Rope Electric Hoist,European Double Girder Wire Rope Electric Hoist,Crane grab,Container spreader,Billet crane clamps,C-type hook,Lifting Electromagnet,YZR crane motor,YZP crane motor,ZQ Reducer,ZSC Reducer,QJ Reducer,QJ-L Reducer,QJY Reducer,H series gearbox,F Series Gear Motor,K Series Gear Motor,R Series Gear Motor,travelling machinery gear motor,Electro hydraulic drum brake,Electro hydraulic disc brake,Crane Safety brake,Crane cable trolley,Crane remote controller,Crane pendant controller,Crane electrical control cabinet,Crane limit switch,Crane sound and light alarm,Heavy Duty Aviation Connector,Crane overload limiter\",\"publisher\":{\"@id\":\"https:\/\/www.hnhlcranes.com\/#organization\"},\"potentialAction\":[{\"@type\":\"SearchAction\",\"target\":{\"@type\":\"EntryPoint\",\"urlTemplate\":\"https:\/\/www.hnhlcranes.com\/?s={search_term_string}\"},\"query-input\":{\"@type\":\"PropertyValueSpecification\",\"valueRequired\":true,\"valueName\":\"search_term_string\"}}],\"inLanguage\":\"ro-RO\"},{\"@type\":\"Organization\",\"@id\":\"https:\/\/www.hnhlcranes.com\/#organization\",\"name\":\"Crane Parts Manufacturer\",\"url\":\"https:\/\/www.hnhlcranes.com\/\",\"logo\":{\"@type\":\"ImageObject\",\"inLanguage\":\"ro-RO\",\"@id\":\"https:\/\/www.hnhlcranes.com\/#\/schema\/logo\/image\/\",\"url\":\"https:\/\/www.hnhlcranes.com\/wp-content\/uploads\/2025\/01\/HL-logo-1.png\",\"contentUrl\":\"https:\/\/www.hnhlcranes.com\/wp-content\/uploads\/2025\/01\/HL-logo-1.png\",\"width\":600,\"height\":169,\"caption\":\"Crane Parts Manufacturer\"},\"image\":{\"@id\":\"https:\/\/www.hnhlcranes.com\/#\/schema\/logo\/image\/\"}}]}<\/script>\n<!-- \/ Yoast SEO plugin. -->","yoast_head_json":{"title":"Crane sound and light alarm - Sound and light alarm- Crane Parts Manufacturer","description":"Sound and light alarm,Crane Electrical Parts,Sound and light alarm manufacturer,Sound and light alarm Supplier,Crane Parts Supplier","robots":{"index":"index","follow":"follow","max-snippet":"max-snippet:-1","max-image-preview":"max-image-preview:large","max-video-preview":"max-video-preview:-1"},"canonical":"https:\/\/www.hnhlcranes.com\/ro\/produs\/alarma-sonora-si-luminoasa-pentru-macara\/","og_locale":"ro_RO","og_type":"article","og_title":"Crane sound and light alarm - Sound and light alarm- Crane Parts Manufacturer","og_description":"Sound and light alarm,Crane Electrical Parts,Sound and light alarm manufacturer,Sound and light alarm Supplier,Crane Parts Supplier","og_url":"https:\/\/www.hnhlcranes.com\/ro\/produs\/alarma-sonora-si-luminoasa-pentru-macara\/","og_site_name":"Crane Parts Manufacturer","article_modified_time":"2025-01-16T04:10:37+00:00","og_image":[{"width":600,"height":600,"url":"https:\/\/www.hnhlcranes.com\/wp-content\/uploads\/2024\/12\/Crane-sound-and-light-alarm.jpg","type":"image\/jpeg"}],"twitter_card":"summary_large_image","twitter_misc":{"Timp estimat pentru citire":"3 minute"},"schema":{"@context":"https:\/\/schema.org","@graph":[{"@type":"WebPage","@id":"https:\/\/www.hnhlcranes.com\/product\/crane-sound-and-light-alarm\/","url":"https:\/\/www.hnhlcranes.com\/product\/crane-sound-and-light-alarm\/","name":"Crane sound and light alarm - Sound and light alarm- Crane Parts Manufacturer","isPartOf":{"@id":"https:\/\/www.hnhlcranes.com\/#website"},"primaryImageOfPage":{"@id":"https:\/\/www.hnhlcranes.com\/product\/crane-sound-and-light-alarm\/#primaryimage"},"image":{"@id":"https:\/\/www.hnhlcranes.com\/product\/crane-sound-and-light-alarm\/#primaryimage"},"thumbnailUrl":"https:\/\/www.hnhlcranes.com\/wp-content\/uploads\/2024\/12\/Crane-sound-and-light-alarm.jpg","datePublished":"2024-12-05T16:55:21+00:00","dateModified":"2025-01-16T04:10:37+00:00","description":"Sound and light alarm,Crane Electrical Parts,Sound and light alarm manufacturer,Sound and light alarm Supplier,Crane Parts Supplier","breadcrumb":{"@id":"https:\/\/www.hnhlcranes.com\/product\/crane-sound-and-light-alarm\/#breadcrumb"},"inLanguage":"ro-RO","potentialAction":[{"@type":"ReadAction","target":["https:\/\/www.hnhlcranes.com\/product\/crane-sound-and-light-alarm\/"]}]},{"@type":"ImageObject","inLanguage":"ro-RO","@id":"https:\/\/www.hnhlcranes.com\/product\/crane-sound-and-light-alarm\/#primaryimage","url":"https:\/\/www.hnhlcranes.com\/wp-content\/uploads\/2024\/12\/Crane-sound-and-light-alarm.jpg","contentUrl":"https:\/\/www.hnhlcranes.com\/wp-content\/uploads\/2024\/12\/Crane-sound-and-light-alarm.jpg","width":600,"height":600},{"@type":"BreadcrumbList","@id":"https:\/\/www.hnhlcranes.com\/product\/crane-sound-and-light-alarm\/#breadcrumb","itemListElement":[{"@type":"ListItem","position":1,"name":"home","item":"https:\/\/www.hnhlcranes.com\/"},{"@type":"ListItem","position":2,"name":"products","item":"https:\/\/www.hnhlcranes.com\/products\/"},{"@type":"ListItem","position":3,"name":"Crane sound and light alarm"}]},{"@type":"WebSite","@id":"https:\/\/www.hnhlcranes.com\/#website","url":"https:\/\/www.hnhlcranes.com\/","name":"Crane Parts Manufacturer","description":"Crane Wheels,Crane Drums,Crane Hooks,Crane Coupling,Crane End Carriage,Electric Hoist,European Crane Parts,Crane Rail Clip,Crane Spreader,Crane Motor,Crane Reducer,Crane Brake,Light Crane Parts,Workstation Crane Parts,Crane Electrical Parts,China Crane Parts Supplier,China Crane Parts Manufacturer,Angle box type crane wheel,45 degree split crane wheel,European crane wheel,Crane Wheel Blocks,Overhead crane drum,European crane drum,Overhead crane hook,European crane hook,Crane pulley block,Gear coupling,Brake wheel coupling,Drum gear coupling,Brake wheel drum gear coupling,Cardan Shaft Coupling,WZL drum coupling,Plum blossom elastic coupling,Brake wheel plum elastic coupling,European Single girder crane end carriage,European Double girder crane end carriage,European Suspension  crane end carriage,Wire Rope Electric Hoist,Electric Chain Hoist,European Single Girder Wire Rope Electric Hoist,European Double Girder Wire Rope Electric Hoist,Crane grab,Container spreader,Billet crane clamps,C-type hook,Lifting Electromagnet,YZR crane motor,YZP crane motor,ZQ Reducer,ZSC Reducer,QJ Reducer,QJ-L Reducer,QJY Reducer,H series gearbox,F Series Gear Motor,K Series Gear Motor,R Series Gear Motor,travelling machinery gear motor,Electro hydraulic drum brake,Electro hydraulic disc brake,Crane Safety brake,Crane cable trolley,Crane remote controller,Crane pendant controller,Crane electrical control cabinet,Crane limit switch,Crane sound and light alarm,Heavy Duty Aviation Connector,Crane overload limiter","publisher":{"@id":"https:\/\/www.hnhlcranes.com\/#organization"},"potentialAction":[{"@type":"SearchAction","target":{"@type":"EntryPoint","urlTemplate":"https:\/\/www.hnhlcranes.com\/?s={search_term_string}"},"query-input":{"@type":"PropertyValueSpecification","valueRequired":true,"valueName":"search_term_string"}}],"inLanguage":"ro-RO"},{"@type":"Organization","@id":"https:\/\/www.hnhlcranes.com\/#organization","name":"Crane Parts Manufacturer","url":"https:\/\/www.hnhlcranes.com\/","logo":{"@type":"ImageObject","inLanguage":"ro-RO","@id":"https:\/\/www.hnhlcranes.com\/#\/schema\/logo\/image\/","url":"https:\/\/www.hnhlcranes.com\/wp-content\/uploads\/2025\/01\/HL-logo-1.png","contentUrl":"https:\/\/www.hnhlcranes.com\/wp-content\/uploads\/2025\/01\/HL-logo-1.png","width":600,"height":169,"caption":"Crane Parts Manufacturer"},"image":{"@id":"https:\/\/www.hnhlcranes.com\/#\/schema\/logo\/image\/"}}]}},"_links":{"self":[{"href":"https:\/\/www.hnhlcranes.com\/ro\/wp-json\/wp\/v2\/product\/5790","targetHints":{"allow":["GET"]}}],"collection":[{"href":"https:\/\/www.hnhlcranes.com\/ro\/wp-json\/wp\/v2\/product"}],"about":[{"href":"https:\/\/www.hnhlcranes.com\/ro\/wp-json\/wp\/v2\/types\/product"}],"version-history":[{"count":4,"href":"https:\/\/www.hnhlcranes.com\/ro\/wp-json\/wp\/v2\/product\/5790\/revisions"}],"predecessor-version":[{"id":7494,"href":"https:\/\/www.hnhlcranes.com\/ro\/wp-json\/wp\/v2\/product\/5790\/revisions\/7494"}],"wp:featuredmedia":[{"embeddable":true,"href":"https:\/\/www.hnhlcranes.com\/ro\/wp-json\/wp\/v2\/media\/7491"}],"wp:attachment":[{"href":"https:\/\/www.hnhlcranes.com\/ro\/wp-json\/wp\/v2\/media?parent=5790"}],"wp:term":[{"taxonomy":"product_brand","embeddable":true,"href":"https:\/\/www.hnhlcranes.com\/ro\/wp-json\/wp\/v2\/product_brand?post=5790"},{"taxonomy":"product_cat","embeddable":true,"href":"https:\/\/www.hnhlcranes.com\/ro\/wp-json\/wp\/v2\/product_cat?post=5790"},{"taxonomy":"product_tag","embeddable":true,"href":"https:\/\/www.hnhlcranes.com\/ro\/wp-json\/wp\/v2\/product_tag?post=5790"}],"curies":[{"name":"wp","href":"https:\/\/api.w.org\/{rel}","templated":true}]}}