{"id":5158,"date":"2024-11-10T15:59:16","date_gmt":"2024-11-10T07:59:16","guid":{"rendered":"https:\/\/www.hnhlcranes.com\/?post_type=product&#038;p=5158"},"modified":"2025-01-12T23:23:21","modified_gmt":"2025-01-12T15:23:21","slug":"qj-l-reduktor","status":"publish","type":"product","link":"https:\/\/www.hnhlcranes.com\/sk\/produkt\/qj-l-reduktor\/","title":{"rendered":"Redukcia QJ-L"},"content":{"rendered":"<div class=\"flex-shrink-0 flex flex-col relative items-end\">\n<div>\n<div class=\"pt-0\">\n<div class=\"gizmo-bot-avatar flex h-8 w-8 items-center justify-center overflow-hidden rounded-full\">\n<div class=\"relative p-1 rounded-sm flex items-center justify-center bg-token-main-surface-primary text-token-text-primary h-8 w-8\"><\/div>\n<\/div>\n<\/div>\n<\/div>\n<\/div>\n<div class=\"group\/conversation-turn relative flex w-full min-w-0 flex-col agent-turn\">\n<div class=\"flex-col gap-1 md:gap-3\">\n<div class=\"flex max-w-full flex-col flex-grow\">\n<div class=\"min-h-8 text-message flex w-full flex-col items-end gap-2 whitespace-normal break-words [.text-message+&amp;]:mt-5\" dir=\"auto\" data-message-author-role=\"assistant\" data-message-id=\"3b403baf-b927-4069-83cc-5b7e1d47227d\" data-message-model-slug=\"gpt-4o\">\n<div class=\"flex w-full flex-col gap-1 empty:hidden first:pt-[3px]\">\n<div class=\"markdown prose w-full break-words dark:prose-invert light\">\n<h6><span style=\"font-family: arial, helvetica, sans-serif; font-size: 18pt;\"><strong>Preh\u013ead redukcie QJ-L<\/strong><\/span><\/h6>\n<p>Redukcia QJ-L je prim\u00e1rne ur\u010den\u00e1 pre prev\u00e1dzkov\u00e9 mechanizmy \u017eeriavov, ale m\u00f4\u017ee sa pou\u017ei\u0165 aj v prevodov\u00fdch syst\u00e9moch r\u00f4znych strojov vr\u00e1tane dopravy, hutn\u00edctva, ban\u00edctva, chemick\u00e9ho a \u013eahk\u00e9ho priemyslu. V\u010faka stredne tvrd\u00fdm povrchom zubov na ozuben\u00fdch koles\u00e1ch a prevodov\u00fdch hriade\u013eoch vyroben\u00fdch zo stredne uhl\u00edkovej legovanej ocele pon\u00faka kompaktn\u00fa kon\u0161trukciu a vysok\u00fa nosnos\u0165.<\/p>\n<h6><span style=\"font-family: arial, helvetica, sans-serif; font-size: 18pt;\"><strong>Rozmery a typy zost\u00e1v reduktorov QJ-L<\/strong><\/span><\/h6>\n<p><img fetchpriority=\"high\" decoding=\"async\" class=\"alignnone  wp-image-7264\" src=\"https:\/\/www.hnhlcranes.com\/wp-content\/uploads\/2024\/11\/QJ-L-Reducer-2-300x208.jpg\" alt=\"\" width=\"966\" height=\"670\" srcset=\"https:\/\/www.hnhlcranes.com\/wp-content\/uploads\/2024\/11\/QJ-L-Reducer-2-300x208.jpg 300w, https:\/\/www.hnhlcranes.com\/wp-content\/uploads\/2024\/11\/QJ-L-Reducer-2-768x532.jpg 768w, https:\/\/www.hnhlcranes.com\/wp-content\/uploads\/2024\/11\/QJ-L-Reducer-2-600x416.jpg 600w, https:\/\/www.hnhlcranes.com\/wp-content\/uploads\/2024\/11\/QJ-L-Reducer-2.jpg 1000w\" sizes=\"(max-width: 966px) 100vw, 966px\" \/><\/p>\n<p><img decoding=\"async\" class=\"alignnone  wp-image-7265\" src=\"https:\/\/www.hnhlcranes.com\/wp-content\/uploads\/2024\/11\/QJ-L-Reducer-3-300x150.jpg\" alt=\"\" width=\"962\" height=\"481\" srcset=\"https:\/\/www.hnhlcranes.com\/wp-content\/uploads\/2024\/11\/QJ-L-Reducer-3-300x150.jpg 300w, https:\/\/www.hnhlcranes.com\/wp-content\/uploads\/2024\/11\/QJ-L-Reducer-3-768x383.jpg 768w, https:\/\/www.hnhlcranes.com\/wp-content\/uploads\/2024\/11\/QJ-L-Reducer-3-600x299.jpg 600w, https:\/\/www.hnhlcranes.com\/wp-content\/uploads\/2024\/11\/QJ-L-Reducer-3.jpg 1000w\" sizes=\"(max-width: 962px) 100vw, 962px\" \/><\/p>\n<p>&nbsp;<\/p>\n<p>&nbsp;<\/p>\n<h6><span style=\"font-family: arial, helvetica, sans-serif; font-size: 18pt;\"><strong>Tabu\u013eka za\u0165a\u017eite\u013enosti pre redukciu QJ-L<\/strong><\/span><\/h6>\n<p><img decoding=\"async\" class=\"alignnone  wp-image-7266\" src=\"https:\/\/www.hnhlcranes.com\/wp-content\/uploads\/2024\/11\/QJ-L-Reducer-4-237x300.jpg\" alt=\"\" width=\"963\" height=\"1219\" srcset=\"https:\/\/www.hnhlcranes.com\/wp-content\/uploads\/2024\/11\/QJ-L-Reducer-4-237x300.jpg 237w, https:\/\/www.hnhlcranes.com\/wp-content\/uploads\/2024\/11\/QJ-L-Reducer-4-809x1024.jpg 809w, https:\/\/www.hnhlcranes.com\/wp-content\/uploads\/2024\/11\/QJ-L-Reducer-4-768x972.jpg 768w, https:\/\/www.hnhlcranes.com\/wp-content\/uploads\/2024\/11\/QJ-L-Reducer-4-600x759.jpg 600w, https:\/\/www.hnhlcranes.com\/wp-content\/uploads\/2024\/11\/QJ-L-Reducer-4.jpg 1000w\" sizes=\"(max-width: 963px) 100vw, 963px\" \/><\/p>\n<\/div>\n<\/div>\n<\/div>\n<\/div>\n<\/div>\n<\/div>","protected":false},"excerpt":{"rendered":"<p><strong>QJ-L Redukcia \u0160pecifik\u00e1cie:<\/strong><\/p>\n<ul>\n<li><strong>Modely:<\/strong> QJ-L140, QJ-L170, QJ-L200, QJ-L236, QJ-L280, QJ-L335, QJ-L400<\/li>\n<li><strong>Prevodov\u00e9 pomery:<\/strong> 16, 18, 20, 22.4, 25, 28, 31.5, 35.5, 40, 45, 50, 56, 63, 71, 80, 90, 100<\/li>\n<li><strong>Typy zost\u00e1v:<\/strong> I, II, III, IV, V, VI<\/li>\n<li><strong>Materi\u00e1ly prevodov\u00e9ho hriade\u013ea a ozuben\u00fdch kolies:<\/strong> 42CrMo, 35CrMo<\/li>\n<li><strong>Rozsah v\u00fdstupn\u00e9ho kr\u00fatiaceho momentu:<\/strong> 308 Nm a\u017e 7950 Nm<\/li>\n<li><strong>Vlastn\u00e9 mo\u017enosti:<\/strong> K dispoz\u00edcii s\u00fa ne\u0161tandardn\u00e9 \u00fapravy na mieru; m\u00f4\u017eeme vyr\u00e1ba\u0165 na z\u00e1klade v\u00fdkresov a \u0161pecifik\u00e1ci\u00ed poskytnut\u00fdch z\u00e1kazn\u00edkom.<\/li>\n<\/ul>","protected":false},"featured_media":7267,"template":"","meta":{"_kad_post_transparent":"default","_kad_post_title":"","_kad_post_layout":"default","_kad_post_sidebar_id":"","_kad_post_content_style":"default","_kad_post_vertical_padding":"show","_kad_post_feature":"","_kad_post_feature_position":"","_kad_post_header":false,"_kad_post_footer":false},"product_brand":[],"product_cat":[55],"product_tag":[376,374,561,558,373,542,547,557,566,555,546,559,564,541,565,551,543,548,575,570,538,571,539,576,572,540,549,544,550,563,562,567,560,552,553,556,545,554,573,568,536,574,569,537],"class_list":{"0":"post-5158","1":"product","2":"type-product","3":"status-publish","4":"has-post-thumbnail","6":"product_cat-crane-reducer","7":"product_tag-china-crane-parts-supplier","8":"product_tag-crane-accessories","9":"product_tag-crane-decelerators","10":"product_tag-crane-gearbox","11":"product_tag-crane-parts","12":"product_tag-f-series-gear-motor","13":"product_tag-f-series-three-in-one-reducer","14":"product_tag-fem-standard-gear-motors","15":"product_tag-flender-reducer","16":"product_tag-gear-motor-for-crane-traveling","17":"product_tag-gear-motors","18":"product_tag-gear-reducer","19":"product_tag-gear-reducer-for-crane","20":"product_tag-h-series-gearbox","21":"product_tag-hard-tooth-surface-reducercrane-and-hoist-reducer","22":"product_tag-helical-gear-motor-r-series","23":"product_tag-k-series-gear-motor","24":"product_tag-k-series-three-in-one-reducer","25":"product_tag-qj-crane-reducer","26":"product_tag-qj-gearbox","27":"product_tag-qj-reducer","28":"product_tag-qj-l-gearbox","29":"product_tag-qj-l-reducer","30":"product_tag-qjy-crane-reducer","31":"product_tag-qjy-gearbox","32":"product_tag-qjy-reducer","33":"product_tag-r-series-crane-reducer","34":"product_tag-r-series-gear-motor","35":"product_tag-r-series-helical-gear-units","36":"product_tag-reducer-for-crane","37":"product_tag-reducer-gearbox","38":"product_tag-reducer-manufacturer","39":"product_tag-speed-reducer","40":"product_tag-three-in-one-reducer","41":"product_tag-travelling-machinery","42":"product_tag-travelling-machinery-frequency-inverter-motors","43":"product_tag-travelling-machinery-gear-motor","44":"product_tag-travelling-motor-with-gear","45":"product_tag-zq-crane-reducer","46":"product_tag-zq-gearbox","47":"product_tag-zq-reducer","48":"product_tag-zsc-crane-reducer","49":"product_tag-zsc-gearbox","50":"product_tag-zsc-reducer","52":"first","53":"instock","54":"shipping-taxable","55":"product-type-simple","56":"entry","57":"content-bg","58":"loop-entry"},"yoast_head":"<!-- This site is optimized with the Yoast SEO plugin v24.5 - https:\/\/yoast.com\/wordpress\/plugins\/seo\/ -->\n<title>QJ-L Reducer -QJ-L crane gearbox- Crane Gearbox-Crane Parts Manufacturer<\/title>\n<meta name=\"description\" content=\"QJ-L crane gearbox,Crane Gearbox,Crane Reducer,Crane Decelerators,Reducer gearbox,Reducer for crane,Gear Reducer For Crane,Reducer manufacture\" \/>\n<meta name=\"robots\" content=\"index, follow, max-snippet:-1, max-image-preview:large, max-video-preview:-1\" \/>\n<link rel=\"canonical\" href=\"https:\/\/www.hnhlcranes.com\/sk\/produkt\/qj-l-reduktor\/\" \/>\n<meta property=\"og:locale\" content=\"sk_SK\" \/>\n<meta property=\"og:type\" content=\"article\" \/>\n<meta property=\"og:title\" content=\"QJ-L Reducer -QJ-L crane gearbox- Crane Gearbox-Crane Parts Manufacturer\" \/>\n<meta property=\"og:description\" content=\"QJ-L crane gearbox,Crane Gearbox,Crane Reducer,Crane Decelerators,Reducer gearbox,Reducer for crane,Gear Reducer For Crane,Reducer manufacture\" \/>\n<meta property=\"og:url\" content=\"https:\/\/www.hnhlcranes.com\/sk\/produkt\/qj-l-reduktor\/\" \/>\n<meta property=\"og:site_name\" content=\"Crane Parts Manufacturer\" \/>\n<meta property=\"article:modified_time\" content=\"2025-01-12T15:23:21+00:00\" \/>\n<meta property=\"og:image\" content=\"https:\/\/www.hnhlcranes.com\/wp-content\/uploads\/2024\/11\/QJ-L-Reducer.jpg\" \/>\n\t<meta property=\"og:image:width\" content=\"600\" \/>\n\t<meta property=\"og:image:height\" content=\"600\" \/>\n\t<meta property=\"og:image:type\" content=\"image\/jpeg\" \/>\n<meta name=\"twitter:card\" content=\"summary_large_image\" \/>\n<meta name=\"twitter:label1\" content=\"Predpokladan\u00fd \u010das \u010d\u00edtania\" \/>\n\t<meta name=\"twitter:data1\" content=\"2 min\u00faty\" \/>\n<script type=\"application\/ld+json\" class=\"yoast-schema-graph\">{\"@context\":\"https:\/\/schema.org\",\"@graph\":[{\"@type\":\"WebPage\",\"@id\":\"https:\/\/www.hnhlcranes.com\/product\/qj-l-reducer\/\",\"url\":\"https:\/\/www.hnhlcranes.com\/product\/qj-l-reducer\/\",\"name\":\"QJ-L Reducer -QJ-L crane gearbox- Crane Gearbox-Crane Parts Manufacturer\",\"isPartOf\":{\"@id\":\"https:\/\/www.hnhlcranes.com\/#website\"},\"primaryImageOfPage\":{\"@id\":\"https:\/\/www.hnhlcranes.com\/product\/qj-l-reducer\/#primaryimage\"},\"image\":{\"@id\":\"https:\/\/www.hnhlcranes.com\/product\/qj-l-reducer\/#primaryimage\"},\"thumbnailUrl\":\"https:\/\/www.hnhlcranes.com\/wp-content\/uploads\/2024\/11\/QJ-L-Reducer.jpg\",\"datePublished\":\"2024-11-10T07:59:16+00:00\",\"dateModified\":\"2025-01-12T15:23:21+00:00\",\"description\":\"QJ-L crane gearbox,Crane Gearbox,Crane Reducer,Crane Decelerators,Reducer gearbox,Reducer for crane,Gear Reducer For Crane,Reducer manufacture\",\"breadcrumb\":{\"@id\":\"https:\/\/www.hnhlcranes.com\/product\/qj-l-reducer\/#breadcrumb\"},\"inLanguage\":\"sk-SK\",\"potentialAction\":[{\"@type\":\"ReadAction\",\"target\":[\"https:\/\/www.hnhlcranes.com\/product\/qj-l-reducer\/\"]}]},{\"@type\":\"ImageObject\",\"inLanguage\":\"sk-SK\",\"@id\":\"https:\/\/www.hnhlcranes.com\/product\/qj-l-reducer\/#primaryimage\",\"url\":\"https:\/\/www.hnhlcranes.com\/wp-content\/uploads\/2024\/11\/QJ-L-Reducer.jpg\",\"contentUrl\":\"https:\/\/www.hnhlcranes.com\/wp-content\/uploads\/2024\/11\/QJ-L-Reducer.jpg\",\"width\":600,\"height\":600},{\"@type\":\"BreadcrumbList\",\"@id\":\"https:\/\/www.hnhlcranes.com\/product\/qj-l-reducer\/#breadcrumb\",\"itemListElement\":[{\"@type\":\"ListItem\",\"position\":1,\"name\":\"home\",\"item\":\"https:\/\/www.hnhlcranes.com\/\"},{\"@type\":\"ListItem\",\"position\":2,\"name\":\"products\",\"item\":\"https:\/\/www.hnhlcranes.com\/products\/\"},{\"@type\":\"ListItem\",\"position\":3,\"name\":\"QJ-L Reducer\"}]},{\"@type\":\"WebSite\",\"@id\":\"https:\/\/www.hnhlcranes.com\/#website\",\"url\":\"https:\/\/www.hnhlcranes.com\/\",\"name\":\"Crane Parts Manufacturer\",\"description\":\"Crane Wheels,Crane Drums,Crane Hooks,Crane Coupling,Crane End Carriage,Electric Hoist,European Crane Parts,Crane Rail Clip,Crane Spreader,Crane Motor,Crane Reducer,Crane Brake,Light Crane Parts,Workstation Crane Parts,Crane Electrical Parts,China Crane Parts Supplier,China Crane Parts Manufacturer,Angle box type crane wheel,45 degree split crane wheel,European crane wheel,Crane Wheel Blocks,Overhead crane drum,European crane drum,Overhead crane hook,European crane hook,Crane pulley block,Gear coupling,Brake wheel coupling,Drum gear coupling,Brake wheel drum gear coupling,Cardan Shaft Coupling,WZL drum coupling,Plum blossom elastic coupling,Brake wheel plum elastic coupling,European Single girder crane end carriage,European Double girder crane end carriage,European Suspension  crane end carriage,Wire Rope Electric Hoist,Electric Chain Hoist,European Single Girder Wire Rope Electric Hoist,European Double Girder Wire Rope Electric Hoist,Crane grab,Container spreader,Billet crane clamps,C-type hook,Lifting Electromagnet,YZR crane motor,YZP crane motor,ZQ Reducer,ZSC Reducer,QJ Reducer,QJ-L Reducer,QJY Reducer,H series gearbox,F Series Gear Motor,K Series Gear Motor,R Series Gear Motor,travelling machinery gear motor,Electro hydraulic drum brake,Electro hydraulic disc brake,Crane Safety brake,Crane cable trolley,Crane remote controller,Crane pendant controller,Crane electrical control cabinet,Crane limit switch,Crane sound and light alarm,Heavy Duty Aviation Connector,Crane overload limiter\",\"publisher\":{\"@id\":\"https:\/\/www.hnhlcranes.com\/#organization\"},\"potentialAction\":[{\"@type\":\"SearchAction\",\"target\":{\"@type\":\"EntryPoint\",\"urlTemplate\":\"https:\/\/www.hnhlcranes.com\/?s={search_term_string}\"},\"query-input\":{\"@type\":\"PropertyValueSpecification\",\"valueRequired\":true,\"valueName\":\"search_term_string\"}}],\"inLanguage\":\"sk-SK\"},{\"@type\":\"Organization\",\"@id\":\"https:\/\/www.hnhlcranes.com\/#organization\",\"name\":\"Crane Parts Manufacturer\",\"url\":\"https:\/\/www.hnhlcranes.com\/\",\"logo\":{\"@type\":\"ImageObject\",\"inLanguage\":\"sk-SK\",\"@id\":\"https:\/\/www.hnhlcranes.com\/#\/schema\/logo\/image\/\",\"url\":\"https:\/\/www.hnhlcranes.com\/wp-content\/uploads\/2025\/01\/HL-logo-1.png\",\"contentUrl\":\"https:\/\/www.hnhlcranes.com\/wp-content\/uploads\/2025\/01\/HL-logo-1.png\",\"width\":600,\"height\":169,\"caption\":\"Crane Parts Manufacturer\"},\"image\":{\"@id\":\"https:\/\/www.hnhlcranes.com\/#\/schema\/logo\/image\/\"}}]}<\/script>\n<!-- \/ Yoast SEO plugin. -->","yoast_head_json":{"title":"QJ-L Reducer -QJ-L crane gearbox- Crane Gearbox-Crane Parts Manufacturer","description":"QJ-L crane gearbox,Crane Gearbox,Crane Reducer,Crane Decelerators,Reducer gearbox,Reducer for crane,Gear Reducer For Crane,Reducer manufacture","robots":{"index":"index","follow":"follow","max-snippet":"max-snippet:-1","max-image-preview":"max-image-preview:large","max-video-preview":"max-video-preview:-1"},"canonical":"https:\/\/www.hnhlcranes.com\/sk\/produkt\/qj-l-reduktor\/","og_locale":"sk_SK","og_type":"article","og_title":"QJ-L Reducer -QJ-L crane gearbox- Crane Gearbox-Crane Parts Manufacturer","og_description":"QJ-L crane gearbox,Crane Gearbox,Crane Reducer,Crane Decelerators,Reducer gearbox,Reducer for crane,Gear Reducer For Crane,Reducer manufacture","og_url":"https:\/\/www.hnhlcranes.com\/sk\/produkt\/qj-l-reduktor\/","og_site_name":"Crane Parts Manufacturer","article_modified_time":"2025-01-12T15:23:21+00:00","og_image":[{"width":600,"height":600,"url":"https:\/\/www.hnhlcranes.com\/wp-content\/uploads\/2024\/11\/QJ-L-Reducer.jpg","type":"image\/jpeg"}],"twitter_card":"summary_large_image","twitter_misc":{"Predpokladan\u00fd \u010das \u010d\u00edtania":"2 min\u00faty"},"schema":{"@context":"https:\/\/schema.org","@graph":[{"@type":"WebPage","@id":"https:\/\/www.hnhlcranes.com\/product\/qj-l-reducer\/","url":"https:\/\/www.hnhlcranes.com\/product\/qj-l-reducer\/","name":"QJ-L Reducer -QJ-L crane gearbox- Crane Gearbox-Crane Parts Manufacturer","isPartOf":{"@id":"https:\/\/www.hnhlcranes.com\/#website"},"primaryImageOfPage":{"@id":"https:\/\/www.hnhlcranes.com\/product\/qj-l-reducer\/#primaryimage"},"image":{"@id":"https:\/\/www.hnhlcranes.com\/product\/qj-l-reducer\/#primaryimage"},"thumbnailUrl":"https:\/\/www.hnhlcranes.com\/wp-content\/uploads\/2024\/11\/QJ-L-Reducer.jpg","datePublished":"2024-11-10T07:59:16+00:00","dateModified":"2025-01-12T15:23:21+00:00","description":"QJ-L crane gearbox,Crane Gearbox,Crane Reducer,Crane Decelerators,Reducer gearbox,Reducer for crane,Gear Reducer For Crane,Reducer manufacture","breadcrumb":{"@id":"https:\/\/www.hnhlcranes.com\/product\/qj-l-reducer\/#breadcrumb"},"inLanguage":"sk-SK","potentialAction":[{"@type":"ReadAction","target":["https:\/\/www.hnhlcranes.com\/product\/qj-l-reducer\/"]}]},{"@type":"ImageObject","inLanguage":"sk-SK","@id":"https:\/\/www.hnhlcranes.com\/product\/qj-l-reducer\/#primaryimage","url":"https:\/\/www.hnhlcranes.com\/wp-content\/uploads\/2024\/11\/QJ-L-Reducer.jpg","contentUrl":"https:\/\/www.hnhlcranes.com\/wp-content\/uploads\/2024\/11\/QJ-L-Reducer.jpg","width":600,"height":600},{"@type":"BreadcrumbList","@id":"https:\/\/www.hnhlcranes.com\/product\/qj-l-reducer\/#breadcrumb","itemListElement":[{"@type":"ListItem","position":1,"name":"home","item":"https:\/\/www.hnhlcranes.com\/"},{"@type":"ListItem","position":2,"name":"products","item":"https:\/\/www.hnhlcranes.com\/products\/"},{"@type":"ListItem","position":3,"name":"QJ-L Reducer"}]},{"@type":"WebSite","@id":"https:\/\/www.hnhlcranes.com\/#website","url":"https:\/\/www.hnhlcranes.com\/","name":"Crane Parts Manufacturer","description":"Crane Wheels,Crane Drums,Crane Hooks,Crane Coupling,Crane End Carriage,Electric Hoist,European Crane Parts,Crane Rail Clip,Crane Spreader,Crane Motor,Crane Reducer,Crane Brake,Light Crane Parts,Workstation Crane Parts,Crane Electrical Parts,China Crane Parts Supplier,China Crane Parts Manufacturer,Angle box type crane wheel,45 degree split crane wheel,European crane wheel,Crane Wheel Blocks,Overhead crane drum,European crane drum,Overhead crane hook,European crane hook,Crane pulley block,Gear coupling,Brake wheel coupling,Drum gear coupling,Brake wheel drum gear coupling,Cardan Shaft Coupling,WZL drum coupling,Plum blossom elastic coupling,Brake wheel plum elastic coupling,European Single girder crane end carriage,European Double girder crane end carriage,European Suspension  crane end carriage,Wire Rope Electric Hoist,Electric Chain Hoist,European Single Girder Wire Rope Electric Hoist,European Double Girder Wire Rope Electric Hoist,Crane grab,Container spreader,Billet crane clamps,C-type hook,Lifting Electromagnet,YZR crane motor,YZP crane motor,ZQ Reducer,ZSC Reducer,QJ Reducer,QJ-L Reducer,QJY Reducer,H series gearbox,F Series Gear Motor,K Series Gear Motor,R Series Gear Motor,travelling machinery gear motor,Electro hydraulic drum brake,Electro hydraulic disc brake,Crane Safety brake,Crane cable trolley,Crane remote controller,Crane pendant controller,Crane electrical control cabinet,Crane limit switch,Crane sound and light alarm,Heavy Duty Aviation Connector,Crane overload limiter","publisher":{"@id":"https:\/\/www.hnhlcranes.com\/#organization"},"potentialAction":[{"@type":"SearchAction","target":{"@type":"EntryPoint","urlTemplate":"https:\/\/www.hnhlcranes.com\/?s={search_term_string}"},"query-input":{"@type":"PropertyValueSpecification","valueRequired":true,"valueName":"search_term_string"}}],"inLanguage":"sk-SK"},{"@type":"Organization","@id":"https:\/\/www.hnhlcranes.com\/#organization","name":"Crane Parts Manufacturer","url":"https:\/\/www.hnhlcranes.com\/","logo":{"@type":"ImageObject","inLanguage":"sk-SK","@id":"https:\/\/www.hnhlcranes.com\/#\/schema\/logo\/image\/","url":"https:\/\/www.hnhlcranes.com\/wp-content\/uploads\/2025\/01\/HL-logo-1.png","contentUrl":"https:\/\/www.hnhlcranes.com\/wp-content\/uploads\/2025\/01\/HL-logo-1.png","width":600,"height":169,"caption":"Crane Parts Manufacturer"},"image":{"@id":"https:\/\/www.hnhlcranes.com\/#\/schema\/logo\/image\/"}}]}},"_links":{"self":[{"href":"https:\/\/www.hnhlcranes.com\/sk\/wp-json\/wp\/v2\/product\/5158","targetHints":{"allow":["GET"]}}],"collection":[{"href":"https:\/\/www.hnhlcranes.com\/sk\/wp-json\/wp\/v2\/product"}],"about":[{"href":"https:\/\/www.hnhlcranes.com\/sk\/wp-json\/wp\/v2\/types\/product"}],"version-history":[{"count":2,"href":"https:\/\/www.hnhlcranes.com\/sk\/wp-json\/wp\/v2\/product\/5158\/revisions"}],"predecessor-version":[{"id":7269,"href":"https:\/\/www.hnhlcranes.com\/sk\/wp-json\/wp\/v2\/product\/5158\/revisions\/7269"}],"wp:featuredmedia":[{"embeddable":true,"href":"https:\/\/www.hnhlcranes.com\/sk\/wp-json\/wp\/v2\/media\/7267"}],"wp:attachment":[{"href":"https:\/\/www.hnhlcranes.com\/sk\/wp-json\/wp\/v2\/media?parent=5158"}],"wp:term":[{"taxonomy":"product_brand","embeddable":true,"href":"https:\/\/www.hnhlcranes.com\/sk\/wp-json\/wp\/v2\/product_brand?post=5158"},{"taxonomy":"product_cat","embeddable":true,"href":"https:\/\/www.hnhlcranes.com\/sk\/wp-json\/wp\/v2\/product_cat?post=5158"},{"taxonomy":"product_tag","embeddable":true,"href":"https:\/\/www.hnhlcranes.com\/sk\/wp-json\/wp\/v2\/product_tag?post=5158"}],"curies":[{"name":"wp","href":"https:\/\/api.w.org\/{rel}","templated":true}]}}