{"id":5424,"date":"2024-11-25T23:05:17","date_gmt":"2024-11-25T15:05:17","guid":{"rendered":"https:\/\/www.hnhlcranes.com\/?post_type=product&#038;p=5424"},"modified":"2025-01-19T18:08:18","modified_gmt":"2025-01-19T10:08:18","slug":"uchopenie-zeriavom","status":"publish","type":"product","link":"https:\/\/www.hnhlcranes.com\/sk\/produkt\/uchopenie-zeriavom\/","title":{"rendered":"Chytenie \u017eeriavu"},"content":{"rendered":"<h6><span style=\"font-family: arial, helvetica, sans-serif; font-size: 18pt;\"><strong>Typy \u017eeriavov\u00fdch drap\u00e1kov a ich vlastnosti<\/strong><\/span><\/h6>\n<h6><span style=\"font-family: arial, helvetica, sans-serif; font-size: 14pt;\"><strong>Uchopenie jedn\u00e9ho lana<\/strong><\/span><\/h6>\n<ul>\n<li><strong>Mechanizmus<\/strong>: Pracuje s jedn\u00fdm lanom na vykon\u00e1vanie \u010dinnost\u00ed zdv\u00edhania a otv\u00e1rania\/zatv\u00e1rania pomocou \u0161peci\u00e1lneho blokovacieho mechanizmu.<\/li>\n<li><strong>Funkcie<\/strong>: Vhodn\u00e9 pre \u017eeriavy s jedn\u00fdm zdv\u00edhac\u00edm bubnom (jednoh\u00e1kom), ktor\u00e9 umo\u017e\u0148uj\u00fa plynul\u00e9 otv\u00e1ranie a zatv\u00e1ranie po\u010das nakladania a vykladania. \u013dahko sa prip\u00e1ja a odp\u00e1ja, v\u010faka \u010domu je vhodn\u00fd na oper\u00e1cie pod vodou a na s\u00fa\u0161i, ako je napr\u00edklad preberanie a stohovanie.<\/li>\n<li><strong>Obmedzenia<\/strong>: Nem\u00f4\u017ee sa otvori\u0165 vo vzduchu, s v\u00fdnimkou ru\u010dne \u0165ahan\u00fdch alebo dia\u013ekovo ovl\u00e1dan\u00fdch typov.<\/li>\n<\/ul>\n<h6><span style=\"font-family: arial, helvetica, sans-serif; font-size: 14pt;\"><strong>Dvojit\u00e9 uchopenie lana<\/strong><\/span><\/h6>\n<ul>\n<li><strong>Mechanizmus<\/strong>: Ur\u010den\u00e9 pre \u017eeriavy s dvojit\u00fdm zdv\u00edhac\u00edm mechanizmom (jedno lano pre ka\u017ed\u00fd bubon). Jedno lano sa pou\u017e\u00edva na vyv\u00e1\u017eenie a druh\u00e9 na otv\u00e1ranie a zatv\u00e1ranie drap\u00e1ka.<\/li>\n<li><strong>Funkcie<\/strong>:\n<ul>\n<li>\u010casto sa pou\u017e\u00edva v pr\u00edstavoch, dokoch a stavebn\u00edctve.<\/li>\n<li>K dispoz\u00edcii s\u00fa \u013eahk\u00e9, stredne \u0165a\u017ek\u00e9, \u0165a\u017ek\u00e9 a ve\u013emi \u0165a\u017ek\u00e9 konfigur\u00e1cie na z\u00e1klade vlastnost\u00ed materi\u00e1lu.<\/li>\n<li>Ur\u010den\u00e9 na manipul\u00e1ciu so sypk\u00fdmi, vo\u013ene lo\u017een\u00fdmi materi\u00e1lmi.<\/li>\n<\/ul>\n<\/li>\n<\/ul>\n<h6><span style=\"font-family: arial, helvetica, sans-serif; font-size: 14pt;\"><strong>Uchopenie \u0161tyroch l\u00e1n<\/strong><\/span><\/h6>\n<ul>\n<li><strong>Mechanizmus<\/strong>: Pou\u017e\u00edva sa pri \u017eeriavoch vybaven\u00fdch dvoma s\u00fapravami bubnov oce\u013eov\u00fdch l\u00e1n. Vyu\u017e\u00edva dve lan\u00e1 na podopretie a dve na otv\u00e1ranie a zatv\u00e1ranie \u010de\u013eust\u00ed.<\/li>\n<li><strong>Aplik\u00e1cie<\/strong>: Vhodn\u00e9 na \u00falohy, ako je nakladanie, vykladanie, stohovanie a pod\u00e1vanie materi\u00e1lov. \u010casto sa pou\u017e\u00edva s mostov\u00fdmi alebo port\u00e1lov\u00fdmi \u017eeriavmi.<\/li>\n<li><strong>Prisp\u00f4sobenie<\/strong>: Na z\u00e1klade potrieb pou\u017e\u00edvate\u013ea a vlastnost\u00ed materi\u00e1lu je mo\u017en\u00e9 prisp\u00f4sobi\u0165 ho zubom, paraleln\u00fdm nosn\u00edkom alebo pre oper\u00e1cie pod vodou.<\/li>\n<\/ul>\n<h6><span style=\"font-family: arial, helvetica, sans-serif; font-size: 14pt;\"><strong>Multi-Claw Grab<\/strong><\/span><\/h6>\n<ul>\n<li><strong>Aplik\u00e1cie<\/strong>: Efekt\u00edvne manipuluje s kovov\u00fdm \u0161rotom, ve\u013ek\u00fdmi pevn\u00fdmi materi\u00e1lmi a odpadom v n\u00e1ro\u010dn\u00fdch prostrediach, ako s\u00fa pr\u00edstavy, \u017eeleznice, hutn\u00edctvo a stavebn\u00edctvo.<\/li>\n<li><strong>Funkcie<\/strong>:\n<ul>\n<li>K dispoz\u00edcii s\u00fa modely s jedn\u00fdm, dvoma, \u0161tyrmi lanami a elektrick\u00e9 modely.<\/li>\n<li>\u010ce\u013euste sa zatv\u00e1raj\u00fa individu\u00e1lne v z\u00e1vislosti od ve\u013ekosti a tvaru materi\u00e1lu, \u010do zaru\u010duje efekt\u00edvnu manipul\u00e1ciu.<\/li>\n<li>Navrhnut\u00e9 so 4 a\u017e 8 \u010de\u013eus\u0165ami, prisp\u00f4sobite\u013en\u00e9 na z\u00e1klade po\u017eiadaviek pou\u017e\u00edvate\u013ea a vlastnost\u00ed materi\u00e1lu.<\/li>\n<\/ul>\n<\/li>\n<\/ul>\n<h6><span style=\"font-family: arial, helvetica, sans-serif; font-size: 14pt;\"><strong>Uchopenie denn\u00edka<\/strong><\/span><\/h6>\n<ul>\n<li><strong>Aplik\u00e1cie<\/strong>: \u0160peci\u00e1lne navrhnut\u00e9 na manipul\u00e1ciu s drevom v drev\u00e1r\u0148ach, ve\u013ek\u00fdch drevospracuj\u00facich z\u00e1vodoch, papier\u0148ach a pr\u00edstavoch. Pou\u017e\u00edva sa na vykladanie lod\u00ed, ukladanie gu\u013eatiny a in\u00e9 s\u00favisiace \u00falohy.<\/li>\n<li><strong>Funkcie<\/strong>:\n<ul>\n<li>K dispoz\u00edcii s\u00fa modely s jedn\u00fdm, dvoma, \u0161tyrmi lanami a elektrick\u00e9 modely.<\/li>\n<li>Mo\u017enos\u0165 prisp\u00f4sobenia \u0161pecifick\u00fdm potreb\u00e1m pou\u017e\u00edvate\u013ea.<\/li>\n<\/ul>\n<\/li>\n<\/ul>\n<h6><span style=\"font-family: arial, helvetica, sans-serif; font-size: 14pt;\"><strong>Motorizovan\u00fd drap\u00e1k<\/strong><\/span><\/h6>\n<ul>\n<li><strong>Mechanizmus<\/strong>: Je vybaven\u00fd vlastn\u00fdm otv\u00e1rac\u00edm\/zatv\u00e1rac\u00edm mechanizmom, ktor\u00fd umo\u017e\u0148uje manipul\u00e1ciu s materi\u00e1lom v akejko\u013evek v\u00fd\u0161ke.<\/li>\n<li><strong>Funkcie<\/strong>:\n<ul>\n<li>Vy\u0161\u0161ia produktivita v porovnan\u00ed s uchopova\u010dmi s jedn\u00fdm lanom.<\/li>\n<li>Jednoduch\u00e9 nasadenie a odpojenie s vysokou \u00fa\u010dinnos\u0165ou nakladania\/vykladania.<\/li>\n<li>Vhodn\u00e9 na manipul\u00e1ciu so sypk\u00fdmi materi\u00e1lmi.<\/li>\n<li>Pre vy\u0161\u0161ie v\u00fd\u0161ky zdv\u00edhania je potrebn\u00fd navijak s pr\u00edvodom energie.<\/li>\n<\/ul>\n<\/li>\n<li><strong>Obmedzenie<\/strong>: Nie je vhodn\u00fd na prev\u00e1dzku pod vodou.<\/li>\n<\/ul>\n<h6><span style=\"font-family: arial, helvetica, sans-serif; font-size: 14pt;\"><strong>Elektrick\u00fd hydraulick\u00fd viacdielny drap\u00e1k<\/strong><\/span><\/h6>\n<ul>\n<li><strong>Aplik\u00e1cie<\/strong>: Navrhnut\u00e9 na manipul\u00e1ciu s nepravideln\u00fdmi a ve\u013ek\u00fdmi materi\u00e1lmi, ako je oce\u013eov\u00fd \u0161rot, surov\u00e9 \u017eelezo, ruda a odpad v n\u00e1ro\u010dn\u00fdch podmienkach, \u010d\u00edm \u00fa\u010dinne nahr\u00e1dzaj\u00fa ru\u010dn\u00fa pr\u00e1cu.<\/li>\n<li><strong>Funkcie<\/strong>:\n<ul>\n<li>Je vybaven\u00fd nez\u00e1visl\u00fdm hydraulick\u00fdm syst\u00e9mom, ktor\u00fd vyu\u017e\u00edva vysokokvalitn\u00e9 komponenty na dosiahnutie vynikaj\u00faceho v\u00fdkonu.<\/li>\n<li>Ka\u017ed\u00e1 \u010de\u013eus\u0165 je poh\u00e1\u0148an\u00e1 samostatn\u00fdm hydraulick\u00fdm valcom, \u010do zabezpe\u010duje, \u017ee nedoch\u00e1dza k rozsypaniu materi\u00e1lu.<\/li>\n<li>Obsahuje k\u00e1blov\u00fd konektor na hornej strane na jednoduch\u00fa integr\u00e1ciu \u017eeriavu.<\/li>\n<li>K dispoz\u00edcii s\u00fa r\u00f4zne konfigur\u00e1cie: kruhov\u00e9 alebo obd\u013a\u017enikov\u00e9 \u010de\u013euste a uzavret\u00e9, polootvoren\u00e9 alebo otvoren\u00e9 paz\u00fary.<\/li>\n<\/ul>\n<\/li>\n<\/ul>","protected":false},"excerpt":{"rendered":"<p>Singlr lano uchopi\u0165, \u0160tyri lano uchopi\u0165, Elektro-hydraulick\u00e9 multi-flap uchopi\u0165, Orange peel uchopi\u0165, Elektromotor uchopi\u0165, Elektro-Hydraulicclamshell uchopi\u0165<\/p>","protected":false},"featured_media":7139,"template":"","meta":{"_kad_post_transparent":"default","_kad_post_title":"","_kad_post_layout":"default","_kad_post_sidebar_id":"","_kad_post_content_style":"default","_kad_post_vertical_padding":"show","_kad_post_feature":"","_kad_post_feature_position":"","_kad_post_header":false,"_kad_post_footer":false},"product_brand":[],"product_cat":[59],"product_tag":[508,510,513,497,514,512,515,498,521,376,517,518,496,507,520,516,495,522,494,504,502,505,501,506,499,523,503,519,509,500,493,511],"class_list":{"0":"post-5424","1":"product","2":"type-product","3":"status-publish","4":"has-post-thumbnail","6":"product_cat-crane-spreader","7":"product_tag-20ft-container-spreader","8":"product_tag-40ft-container-lifting-frame","9":"product_tag-billet-clamps","10":"product_tag-billet-crane-clamp","11":"product_tag-billet-crane-clamps-manufacturer","12":"product_tag-billet-lifting-clamp","13":"product_tag-billet-lifting-clamps-china-supplier","14":"product_tag-c-type-hook","15":"product_tag-c-type-spreader","16":"product_tag-china-crane-parts-supplier","17":"product_tag-coil-c-type-hook","18":"product_tag-coil-hook","19":"product_tag-container-spreader","20":"product_tag-container-spreader-manufacturers","21":"product_tag-crane-c-hook","22":"product_tag-crane-c-type-spreader","23":"product_tag-crane-grab","24":"product_tag-crane-magnets","25":"product_tag-crane-spreader","26":"product_tag-electric-motor-grab","27":"product_tag-electro-hydraulic-multi-flap-grab","28":"product_tag-electro-hydraulicclamshell-grab","29":"product_tag-four-rope-grab","30":"product_tag-grab-manufacturers","31":"product_tag-lifting-electromagnet","32":"product_tag-lifting-electromagnet-spreader","33":"product_tag-orange-peel-grab","34":"product_tag-overhead-crane-steel-coil-c-type-hook","35":"product_tag-semi-automatic-container-spreader","36":"product_tag-singlr-rope-grab","37":"product_tag-special-crane-spreader","38":"product_tag-tec-container-spreader","40":"first","41":"instock","42":"featured","43":"shipping-taxable","44":"product-type-simple","45":"entry","46":"content-bg","47":"loop-entry"},"yoast_head":"<!-- This site is optimized with the Yoast SEO plugin v24.5 - https:\/\/yoast.com\/wordpress\/plugins\/seo\/ -->\n<title>Crane grab - Four rope grab-Electric motor grab-grab manufacturer- Crane Parts Manufacturer<\/title>\n<meta name=\"description\" content=\"Singlr rope grab,Four rope grab,Electro-hydraulic multi-flap grab,Orange peel grab,Electric motor grab,Electro-Hydraulicclamshell grab,Crane grab\" \/>\n<meta name=\"robots\" content=\"index, follow, max-snippet:-1, max-image-preview:large, max-video-preview:-1\" \/>\n<link rel=\"canonical\" href=\"https:\/\/www.hnhlcranes.com\/sk\/produkt\/uchopenie-zeriavom\/\" \/>\n<meta property=\"og:locale\" content=\"sk_SK\" \/>\n<meta property=\"og:type\" content=\"article\" \/>\n<meta property=\"og:title\" content=\"Crane grab - Four rope grab-Electric motor grab-grab manufacturer- Crane Parts Manufacturer\" \/>\n<meta property=\"og:description\" content=\"Singlr rope grab,Four rope grab,Electro-hydraulic multi-flap grab,Orange peel grab,Electric motor grab,Electro-Hydraulicclamshell grab,Crane grab\" \/>\n<meta property=\"og:url\" content=\"https:\/\/www.hnhlcranes.com\/sk\/produkt\/uchopenie-zeriavom\/\" \/>\n<meta property=\"og:site_name\" content=\"Crane Parts Manufacturer\" \/>\n<meta property=\"article:modified_time\" content=\"2025-01-19T10:08:18+00:00\" \/>\n<meta property=\"og:image\" content=\"https:\/\/www.hnhlcranes.com\/wp-content\/uploads\/2024\/11\/Crane-grab.jpg\" \/>\n\t<meta property=\"og:image:width\" content=\"600\" \/>\n\t<meta property=\"og:image:height\" content=\"600\" \/>\n\t<meta property=\"og:image:type\" content=\"image\/jpeg\" \/>\n<meta name=\"twitter:card\" content=\"summary_large_image\" \/>\n<meta name=\"twitter:label1\" content=\"Predpokladan\u00fd \u010das \u010d\u00edtania\" \/>\n\t<meta name=\"twitter:data1\" content=\"3 min\u00faty\" \/>\n<script type=\"application\/ld+json\" class=\"yoast-schema-graph\">{\"@context\":\"https:\/\/schema.org\",\"@graph\":[{\"@type\":\"WebPage\",\"@id\":\"https:\/\/www.hnhlcranes.com\/product\/crane-grab\/\",\"url\":\"https:\/\/www.hnhlcranes.com\/product\/crane-grab\/\",\"name\":\"Crane grab - Four rope grab-Electric motor grab-grab manufacturer- Crane Parts Manufacturer\",\"isPartOf\":{\"@id\":\"https:\/\/www.hnhlcranes.com\/#website\"},\"primaryImageOfPage\":{\"@id\":\"https:\/\/www.hnhlcranes.com\/product\/crane-grab\/#primaryimage\"},\"image\":{\"@id\":\"https:\/\/www.hnhlcranes.com\/product\/crane-grab\/#primaryimage\"},\"thumbnailUrl\":\"https:\/\/www.hnhlcranes.com\/wp-content\/uploads\/2024\/11\/Crane-grab.jpg\",\"datePublished\":\"2024-11-25T15:05:17+00:00\",\"dateModified\":\"2025-01-19T10:08:18+00:00\",\"description\":\"Singlr rope grab,Four rope grab,Electro-hydraulic multi-flap grab,Orange peel grab,Electric motor grab,Electro-Hydraulicclamshell grab,Crane grab\",\"breadcrumb\":{\"@id\":\"https:\/\/www.hnhlcranes.com\/product\/crane-grab\/#breadcrumb\"},\"inLanguage\":\"sk-SK\",\"potentialAction\":[{\"@type\":\"ReadAction\",\"target\":[\"https:\/\/www.hnhlcranes.com\/product\/crane-grab\/\"]}]},{\"@type\":\"ImageObject\",\"inLanguage\":\"sk-SK\",\"@id\":\"https:\/\/www.hnhlcranes.com\/product\/crane-grab\/#primaryimage\",\"url\":\"https:\/\/www.hnhlcranes.com\/wp-content\/uploads\/2024\/11\/Crane-grab.jpg\",\"contentUrl\":\"https:\/\/www.hnhlcranes.com\/wp-content\/uploads\/2024\/11\/Crane-grab.jpg\",\"width\":600,\"height\":600},{\"@type\":\"BreadcrumbList\",\"@id\":\"https:\/\/www.hnhlcranes.com\/product\/crane-grab\/#breadcrumb\",\"itemListElement\":[{\"@type\":\"ListItem\",\"position\":1,\"name\":\"home\",\"item\":\"https:\/\/www.hnhlcranes.com\/\"},{\"@type\":\"ListItem\",\"position\":2,\"name\":\"products\",\"item\":\"https:\/\/www.hnhlcranes.com\/products\/\"},{\"@type\":\"ListItem\",\"position\":3,\"name\":\"Crane grab\"}]},{\"@type\":\"WebSite\",\"@id\":\"https:\/\/www.hnhlcranes.com\/#website\",\"url\":\"https:\/\/www.hnhlcranes.com\/\",\"name\":\"Crane Parts Manufacturer\",\"description\":\"Crane Wheels,Crane Drums,Crane Hooks,Crane Coupling,Crane End Carriage,Electric Hoist,European Crane Parts,Crane Rail Clip,Crane Spreader,Crane Motor,Crane Reducer,Crane Brake,Light Crane Parts,Workstation Crane Parts,Crane Electrical Parts,China Crane Parts Supplier,China Crane Parts Manufacturer,Angle box type crane wheel,45 degree split crane wheel,European crane wheel,Crane Wheel Blocks,Overhead crane drum,European crane drum,Overhead crane hook,European crane hook,Crane pulley block,Gear coupling,Brake wheel coupling,Drum gear coupling,Brake wheel drum gear coupling,Cardan Shaft Coupling,WZL drum coupling,Plum blossom elastic coupling,Brake wheel plum elastic coupling,European Single girder crane end carriage,European Double girder crane end carriage,European Suspension  crane end carriage,Wire Rope Electric Hoist,Electric Chain Hoist,European Single Girder Wire Rope Electric Hoist,European Double Girder Wire Rope Electric Hoist,Crane grab,Container spreader,Billet crane clamps,C-type hook,Lifting Electromagnet,YZR crane motor,YZP crane motor,ZQ Reducer,ZSC Reducer,QJ Reducer,QJ-L Reducer,QJY Reducer,H series gearbox,F Series Gear Motor,K Series Gear Motor,R Series Gear Motor,travelling machinery gear motor,Electro hydraulic drum brake,Electro hydraulic disc brake,Crane Safety brake,Crane cable trolley,Crane remote controller,Crane pendant controller,Crane electrical control cabinet,Crane limit switch,Crane sound and light alarm,Heavy Duty Aviation Connector,Crane overload limiter\",\"publisher\":{\"@id\":\"https:\/\/www.hnhlcranes.com\/#organization\"},\"potentialAction\":[{\"@type\":\"SearchAction\",\"target\":{\"@type\":\"EntryPoint\",\"urlTemplate\":\"https:\/\/www.hnhlcranes.com\/?s={search_term_string}\"},\"query-input\":{\"@type\":\"PropertyValueSpecification\",\"valueRequired\":true,\"valueName\":\"search_term_string\"}}],\"inLanguage\":\"sk-SK\"},{\"@type\":\"Organization\",\"@id\":\"https:\/\/www.hnhlcranes.com\/#organization\",\"name\":\"Crane Parts Manufacturer\",\"url\":\"https:\/\/www.hnhlcranes.com\/\",\"logo\":{\"@type\":\"ImageObject\",\"inLanguage\":\"sk-SK\",\"@id\":\"https:\/\/www.hnhlcranes.com\/#\/schema\/logo\/image\/\",\"url\":\"https:\/\/www.hnhlcranes.com\/wp-content\/uploads\/2025\/01\/HL-logo-1.png\",\"contentUrl\":\"https:\/\/www.hnhlcranes.com\/wp-content\/uploads\/2025\/01\/HL-logo-1.png\",\"width\":600,\"height\":169,\"caption\":\"Crane Parts Manufacturer\"},\"image\":{\"@id\":\"https:\/\/www.hnhlcranes.com\/#\/schema\/logo\/image\/\"}}]}<\/script>\n<!-- \/ Yoast SEO plugin. -->","yoast_head_json":{"title":"Crane grab - Four rope grab-Electric motor grab-grab manufacturer- Crane Parts Manufacturer","description":"Singlr rope grab,Four rope grab,Electro-hydraulic multi-flap grab,Orange peel grab,Electric motor grab,Electro-Hydraulicclamshell grab,Crane grab","robots":{"index":"index","follow":"follow","max-snippet":"max-snippet:-1","max-image-preview":"max-image-preview:large","max-video-preview":"max-video-preview:-1"},"canonical":"https:\/\/www.hnhlcranes.com\/sk\/produkt\/uchopenie-zeriavom\/","og_locale":"sk_SK","og_type":"article","og_title":"Crane grab - Four rope grab-Electric motor grab-grab manufacturer- Crane Parts Manufacturer","og_description":"Singlr rope grab,Four rope grab,Electro-hydraulic multi-flap grab,Orange peel grab,Electric motor grab,Electro-Hydraulicclamshell grab,Crane grab","og_url":"https:\/\/www.hnhlcranes.com\/sk\/produkt\/uchopenie-zeriavom\/","og_site_name":"Crane Parts Manufacturer","article_modified_time":"2025-01-19T10:08:18+00:00","og_image":[{"width":600,"height":600,"url":"https:\/\/www.hnhlcranes.com\/wp-content\/uploads\/2024\/11\/Crane-grab.jpg","type":"image\/jpeg"}],"twitter_card":"summary_large_image","twitter_misc":{"Predpokladan\u00fd \u010das \u010d\u00edtania":"3 min\u00faty"},"schema":{"@context":"https:\/\/schema.org","@graph":[{"@type":"WebPage","@id":"https:\/\/www.hnhlcranes.com\/product\/crane-grab\/","url":"https:\/\/www.hnhlcranes.com\/product\/crane-grab\/","name":"Crane grab - Four rope grab-Electric motor grab-grab manufacturer- Crane Parts Manufacturer","isPartOf":{"@id":"https:\/\/www.hnhlcranes.com\/#website"},"primaryImageOfPage":{"@id":"https:\/\/www.hnhlcranes.com\/product\/crane-grab\/#primaryimage"},"image":{"@id":"https:\/\/www.hnhlcranes.com\/product\/crane-grab\/#primaryimage"},"thumbnailUrl":"https:\/\/www.hnhlcranes.com\/wp-content\/uploads\/2024\/11\/Crane-grab.jpg","datePublished":"2024-11-25T15:05:17+00:00","dateModified":"2025-01-19T10:08:18+00:00","description":"Singlr rope grab,Four rope grab,Electro-hydraulic multi-flap grab,Orange peel grab,Electric motor grab,Electro-Hydraulicclamshell grab,Crane grab","breadcrumb":{"@id":"https:\/\/www.hnhlcranes.com\/product\/crane-grab\/#breadcrumb"},"inLanguage":"sk-SK","potentialAction":[{"@type":"ReadAction","target":["https:\/\/www.hnhlcranes.com\/product\/crane-grab\/"]}]},{"@type":"ImageObject","inLanguage":"sk-SK","@id":"https:\/\/www.hnhlcranes.com\/product\/crane-grab\/#primaryimage","url":"https:\/\/www.hnhlcranes.com\/wp-content\/uploads\/2024\/11\/Crane-grab.jpg","contentUrl":"https:\/\/www.hnhlcranes.com\/wp-content\/uploads\/2024\/11\/Crane-grab.jpg","width":600,"height":600},{"@type":"BreadcrumbList","@id":"https:\/\/www.hnhlcranes.com\/product\/crane-grab\/#breadcrumb","itemListElement":[{"@type":"ListItem","position":1,"name":"home","item":"https:\/\/www.hnhlcranes.com\/"},{"@type":"ListItem","position":2,"name":"products","item":"https:\/\/www.hnhlcranes.com\/products\/"},{"@type":"ListItem","position":3,"name":"Crane grab"}]},{"@type":"WebSite","@id":"https:\/\/www.hnhlcranes.com\/#website","url":"https:\/\/www.hnhlcranes.com\/","name":"Crane Parts Manufacturer","description":"Crane Wheels,Crane Drums,Crane Hooks,Crane Coupling,Crane End Carriage,Electric Hoist,European Crane Parts,Crane Rail Clip,Crane Spreader,Crane Motor,Crane Reducer,Crane Brake,Light Crane Parts,Workstation Crane Parts,Crane Electrical Parts,China Crane Parts Supplier,China Crane Parts Manufacturer,Angle box type crane wheel,45 degree split crane wheel,European crane wheel,Crane Wheel Blocks,Overhead crane drum,European crane drum,Overhead crane hook,European crane hook,Crane pulley block,Gear coupling,Brake wheel coupling,Drum gear coupling,Brake wheel drum gear coupling,Cardan Shaft Coupling,WZL drum coupling,Plum blossom elastic coupling,Brake wheel plum elastic coupling,European Single girder crane end carriage,European Double girder crane end carriage,European Suspension  crane end carriage,Wire Rope Electric Hoist,Electric Chain Hoist,European Single Girder Wire Rope Electric Hoist,European Double Girder Wire Rope Electric Hoist,Crane grab,Container spreader,Billet crane clamps,C-type hook,Lifting Electromagnet,YZR crane motor,YZP crane motor,ZQ Reducer,ZSC Reducer,QJ Reducer,QJ-L Reducer,QJY Reducer,H series gearbox,F Series Gear Motor,K Series Gear Motor,R Series Gear Motor,travelling machinery gear motor,Electro hydraulic drum brake,Electro hydraulic disc brake,Crane Safety brake,Crane cable trolley,Crane remote controller,Crane pendant controller,Crane electrical control cabinet,Crane limit switch,Crane sound and light alarm,Heavy Duty Aviation Connector,Crane overload limiter","publisher":{"@id":"https:\/\/www.hnhlcranes.com\/#organization"},"potentialAction":[{"@type":"SearchAction","target":{"@type":"EntryPoint","urlTemplate":"https:\/\/www.hnhlcranes.com\/?s={search_term_string}"},"query-input":{"@type":"PropertyValueSpecification","valueRequired":true,"valueName":"search_term_string"}}],"inLanguage":"sk-SK"},{"@type":"Organization","@id":"https:\/\/www.hnhlcranes.com\/#organization","name":"Crane Parts Manufacturer","url":"https:\/\/www.hnhlcranes.com\/","logo":{"@type":"ImageObject","inLanguage":"sk-SK","@id":"https:\/\/www.hnhlcranes.com\/#\/schema\/logo\/image\/","url":"https:\/\/www.hnhlcranes.com\/wp-content\/uploads\/2025\/01\/HL-logo-1.png","contentUrl":"https:\/\/www.hnhlcranes.com\/wp-content\/uploads\/2025\/01\/HL-logo-1.png","width":600,"height":169,"caption":"Crane Parts Manufacturer"},"image":{"@id":"https:\/\/www.hnhlcranes.com\/#\/schema\/logo\/image\/"}}]}},"_links":{"self":[{"href":"https:\/\/www.hnhlcranes.com\/sk\/wp-json\/wp\/v2\/product\/5424","targetHints":{"allow":["GET"]}}],"collection":[{"href":"https:\/\/www.hnhlcranes.com\/sk\/wp-json\/wp\/v2\/product"}],"about":[{"href":"https:\/\/www.hnhlcranes.com\/sk\/wp-json\/wp\/v2\/types\/product"}],"version-history":[{"count":3,"href":"https:\/\/www.hnhlcranes.com\/sk\/wp-json\/wp\/v2\/product\/5424\/revisions"}],"predecessor-version":[{"id":7141,"href":"https:\/\/www.hnhlcranes.com\/sk\/wp-json\/wp\/v2\/product\/5424\/revisions\/7141"}],"wp:featuredmedia":[{"embeddable":true,"href":"https:\/\/www.hnhlcranes.com\/sk\/wp-json\/wp\/v2\/media\/7139"}],"wp:attachment":[{"href":"https:\/\/www.hnhlcranes.com\/sk\/wp-json\/wp\/v2\/media?parent=5424"}],"wp:term":[{"taxonomy":"product_brand","embeddable":true,"href":"https:\/\/www.hnhlcranes.com\/sk\/wp-json\/wp\/v2\/product_brand?post=5424"},{"taxonomy":"product_cat","embeddable":true,"href":"https:\/\/www.hnhlcranes.com\/sk\/wp-json\/wp\/v2\/product_cat?post=5424"},{"taxonomy":"product_tag","embeddable":true,"href":"https:\/\/www.hnhlcranes.com\/sk\/wp-json\/wp\/v2\/product_tag?post=5424"}],"curies":[{"name":"wp","href":"https:\/\/api.w.org\/{rel}","templated":true}]}}