{"id":5487,"date":"2024-11-26T01:03:18","date_gmt":"2024-11-25T17:03:18","guid":{"rendered":"https:\/\/www.hnhlcranes.com\/?post_type=product&#038;p=5487"},"modified":"2025-01-10T15:41:51","modified_gmt":"2025-01-10T07:41:51","slug":"zdvihaci-elektromagnet","status":"publish","type":"product","link":"https:\/\/www.hnhlcranes.com\/sk\/produkt\/zdvihaci-elektromagnet\/","title":{"rendered":"Zdv\u00edhac\u00ed elektromagnet"},"content":{"rendered":"<div class=\"flex-1 overflow-hidden @container\/thread\">\n<div class=\"h-full\">\n<div class=\"react-scroll-to-bottom--css-xvoge-79elbk h-full\">\n<div class=\"react-scroll-to-bottom--css-xvoge-1n7m0yu\">\n<div class=\"flex flex-col text-sm md:pb-9\">\n<article class=\"w-full scroll-mb-[var(--thread-trailing-height,150px)] text-token-text-primary focus-visible:outline-2 focus-visible:outline-offset-[-4px]\" dir=\"auto\" data-testid=\"conversation-turn-35\" data-scroll-anchor=\"true\">\n<div class=\"m-auto text-base py-[18px] px-3 md:px-4 w-full md:px-5 lg:px-4 xl:px-5\">\n<div class=\"mx-auto flex flex-1 gap-4 text-base md:gap-5 lg:gap-6 md:max-w-3xl lg:max-w-[40rem] xl:max-w-[48rem]\">\n<div class=\"group\/conversation-turn relative flex w-full min-w-0 flex-col agent-turn\">\n<div class=\"flex-col gap-1 md:gap-3\">\n<div class=\"flex max-w-full flex-col flex-grow\">\n<div class=\"min-h-8 text-message flex w-full flex-col items-end gap-2 whitespace-normal break-words text-start [.text-message+&amp;]:mt-5\" dir=\"auto\" data-message-author-role=\"assistant\" data-message-id=\"70b04e16-fa78-41b2-98a2-8fab7970678a\" data-message-model-slug=\"gpt-4o\">\n<div class=\"flex w-full flex-col gap-1 empty:hidden first:pt-[3px]\">\n<div class=\"markdown prose w-full break-words dark:prose-invert light\">\n<h3><strong>Preh\u013ead zdv\u00edhac\u00edch elektromagnetov<\/strong><\/h3>\n<p>A <strong>zdv\u00edhac\u00ed elektromagnet<\/strong> je zariadenie, ktor\u00e9 vytv\u00e1ra magnetick\u00e9 pole, ke\u010f elektrick\u00fd pr\u00fad prech\u00e1dza cievkou. Toto magnetick\u00e9 pole umo\u017e\u0148uje zdv\u00edha\u0165 feromagnetick\u00e9 materi\u00e1ly a po vypnut\u00ed pr\u00fadu magnetizmus zmizne. Zdv\u00edhacie elektromagnety, ktor\u00e9 sa \u0161iroko pou\u017e\u00edvaj\u00fa v priemyseln\u00fdch odvetviach, ako je metalurgia, ban\u00edctvo, stroj\u00e1rstvo a doprava, pon\u00fakaj\u00fa efekt\u00edvne a bezpe\u010dn\u00e9 rie\u0161enie na manipul\u00e1ciu s materi\u00e1lom, najm\u00e4 v aplik\u00e1ci\u00e1ch, ktor\u00e9 si vy\u017eaduj\u00fa \u010dast\u00e9 zdv\u00edhanie a premiest\u0148ovanie \u0165a\u017ek\u00fdch bremien.<\/p>\n<h3><strong>Zdv\u00edhac\u00ed elektromagnet <\/strong><strong>K\u013e\u00fa\u010dov\u00e9 vlastnosti<\/strong><\/h3>\n<ol>\n<li><strong>Jednoduch\u00e9 ovl\u00e1danie<\/strong>: Magnetizmus zdv\u00edhacieho elektromagnetu sa ovl\u00e1da jednoduch\u00fdm zapnut\u00edm alebo vypnut\u00edm pr\u00fadu, \u010do u\u013eah\u010duje aktiv\u00e1ciu alebo deaktiv\u00e1ciu magnetickej sily v pr\u00edpade potreby.<\/li>\n<li><strong>Flexibiln\u00e9 nastavenie<\/strong>: Nastaven\u00edm intenzity a smeru pr\u00fadu mo\u017eno upravi\u0165 silu a polaritu magnetick\u00e9ho po\u013ea tak, aby vyhovovalo konkr\u00e9tnym po\u017eiadavk\u00e1m, \u010do poskytuje vysok\u00fa flexibilitu.<\/li>\n<li><strong>\u0160irok\u00e9 aplik\u00e1cie<\/strong>: Zdv\u00edhacie elektromagnety s\u00fa vhodn\u00e9 pre odvetvia, ako je metalurgia, stroj\u00e1rstvo, ban\u00edctvo a doprava, kde sa pou\u017e\u00edvaj\u00fa na zdv\u00edhanie feromagnetick\u00fdch materi\u00e1lov, ako je oce\u013e.<\/li>\n<\/ol>\n<h3><strong>Aplik\u00e1cie<\/strong><\/h3>\n<ul>\n<li><strong>Hutn\u00edctvo a ban\u00edctvo<\/strong>: Zdv\u00edhacie elektromagnety sa pou\u017e\u00edvaj\u00fa na zdv\u00edhanie ocele, liatinov\u00fdch ingotov a in\u00fdch magnetick\u00fdch materi\u00e1lov a zohr\u00e1vaj\u00fa d\u00f4le\u017eit\u00fa \u00falohu pri v\u00fdrobe ocele a manipul\u00e1cii s nerastmi.<\/li>\n<li><strong>Stroje a v\u00fdroba<\/strong>: \u0160iroko sa pou\u017e\u00edvaj\u00fa na zdv\u00edhanie strojov\u00fdch s\u00fa\u010diastok, kovov\u00e9ho \u0161rotu a in\u00fdch materi\u00e1lov, \u010d\u00edm sa zvy\u0161uje efekt\u00edvnos\u0165 v\u00fdrobn\u00fdch z\u00e1vodov a v\u00fdrobn\u00fdch liniek.<\/li>\n<li><strong>Doprava<\/strong>: V priemyseln\u00fdch odvetviach, ako s\u00fa \u017eeleznice, pr\u00edstavy a stavba lod\u00ed, zdv\u00edhacie elektromagnety nahr\u00e1dzaj\u00fa ru\u010dn\u00fa pr\u00e1cu, u\u013eah\u010duj\u00fa zdv\u00edhanie \u0165a\u017ek\u00fdch bremien a \u0161etria \u010das aj pracovn\u00fa silu.<\/li>\n<li><strong>\u0160peci\u00e1lne prostredia<\/strong>: Zdv\u00edhacie elektromagnety s\u00fa schopn\u00e9 pracova\u0165 v extr\u00e9mnych podmienkach, napr\u00edklad pri vysok\u00fdch teplot\u00e1ch, pod vodou, v pra\u0161nom prostred\u00ed alebo v oblastiach s toxick\u00fdmi plynmi, \u010do zaru\u010duje spo\u013eahliv\u00fd v\u00fdkon v n\u00e1ro\u010dn\u00fdch podmienkach.<\/li>\n<\/ul>\n<h3><strong>\u0160pecializovan\u00e9 modely<\/strong><\/h3>\n<ul>\n<li><strong>S\u00e9ria MW5 - Elektromagnet na zdv\u00edhanie oce\u013eov\u00e9ho \u0161rotu<\/strong>: Ur\u010den\u00e9 na zdv\u00edhanie oce\u013eov\u00e9ho \u0161rotu, liatinov\u00fdch ingotov, oce\u013eov\u00fdch gu\u013e\u00f4\u010dok a in\u00e9ho \u0161rotu.<\/li>\n<li><strong>S\u00e9ria MW12 - obd\u013a\u017enikov\u00fd elektromagnet<\/strong>: Ide\u00e1lne na zdv\u00edhanie zv\u00e4zkov v\u00fdstu\u017ee s vysoko priepustn\u00fdm magnetick\u00fdm obvodom, ktor\u00fd dok\u00e1\u017ee prenikn\u00fa\u0165 viacer\u00fdmi vzduchov\u00fdmi medzerami.<\/li>\n<li><strong>S\u00e9ria MW22 - Oce\u013eov\u00e9 ingoty a ve\u013ek\u00e9 bloky<\/strong>: Optimalizovan\u00e9 na zdv\u00edhanie oce\u013eov\u00fdch ingotov, ve\u013ek\u00fdch po\u010diato\u010dn\u00fdch blokov a kon\u0161truk\u010dn\u00fdch oce\u013eov\u00fdch komponentov.<\/li>\n<li><strong>S\u00e9ria MW84 - Elektromagnet pre stredn\u00e9 a hrub\u00e9 oce\u013eov\u00e9 plechy<\/strong>: \u0160peci\u00e1lne navrhnut\u00e9 na zdv\u00edhanie oce\u013eov\u00fdch plechov s hr\u00fabkou od 6 do 32 mm, \u010do zaru\u010duje bezpe\u010dn\u00e9 a presn\u00e9 oper\u00e1cie. V pr\u00edpade dlh\u0161\u00edch plechov by sa malo pou\u017ei\u0165 viac elektromagnetov spolu.<\/li>\n<\/ul>\n<h3><strong>V\u00fdhody<\/strong><\/h3>\n<ol>\n<li><strong>Efekt\u00edvne a spo\u013eahliv\u00e9<\/strong>: Zdv\u00edhacie elektromagnety poskytuj\u00fa r\u00fdchle a stabiln\u00e9 zdv\u00edhanie, \u010d\u00edm v\u00fdrazne zvy\u0161uj\u00fa prev\u00e1dzkov\u00fa efekt\u00edvnos\u0165.<\/li>\n<li><strong>Energeticky \u00fasporn\u00e9<\/strong>: Spotrebuj\u00fa menej energie a z\u00e1rove\u0148 sp\u013a\u0148aj\u00fa po\u017eiadavky na zdv\u00edhanie, tak\u017ee s\u00fa \u0161etrn\u00e9 k \u017eivotn\u00e9mu prostrediu.<\/li>\n<li><strong>Vysok\u00e1 bezpe\u010dnos\u0165<\/strong>: V\u010faka vysokokvalitn\u00fdm materi\u00e1lom a pokro\u010dilej kon\u0161trukcii s\u00fa zdv\u00edhacie elektromagnety vybaven\u00e9 bezpe\u010dnostn\u00fdmi prvkami, ktor\u00e9 zabra\u0148uj\u00fa n\u00e1hodn\u00e9mu p\u00e1du materi\u00e1lu.<\/li>\n<li><strong>Siln\u00e1 prisp\u00f4sobivos\u0165<\/strong>: S\u00fa schopn\u00e9 pracova\u0165 v r\u00f4znych prostrediach vr\u00e1tane vysok\u00fdch tepl\u00f4t, vlhk\u00e9ho prostredia, pra\u0161n\u00fdch oblast\u00ed a toxick\u00fdch prostred\u00ed.<\/li>\n<\/ol>\n<h3><strong>Z\u00e1ver<\/strong><\/h3>\n<p>Z\u00e1verom mo\u017eno kon\u0161tatova\u0165, \u017ee zdv\u00edhacie elektromagnety s\u00fa v priemyseln\u00fdch aplik\u00e1ci\u00e1ch nenahradite\u013en\u00e9, preto\u017ee pon\u00fakaj\u00fa jednoduch\u00fa, \u00fa\u010dinn\u00fa a bezpe\u010dn\u00fa met\u00f3du manipul\u00e1cie s materi\u00e1lom. Zdv\u00edhacie elektromagnety zabezpe\u010duj\u00fa spo\u013eahliv\u00e9, bezpe\u010dn\u00e9 a efekt\u00edvne zdv\u00edhacie oper\u00e1cie, \u010di u\u017e sa pou\u017e\u00edvaj\u00fa pri v\u00fdrobe ocele, manipul\u00e1cii s nerastmi, v\u00fdrobe strojov alebo v extr\u00e9mnych podmienkach. Ich jednoduch\u00e9 pou\u017e\u00edvanie, energetick\u00e1 \u00fa\u010dinnos\u0165 a schopnos\u0165 prisp\u00f4sobi\u0165 sa r\u00f4znym prostrediam z nich robia neocenite\u013en\u00e9 n\u00e1stroje pre priemyseln\u00e9 odvetvia vy\u017eaduj\u00face zdv\u00edhanie \u0165a\u017ek\u00fdch bremien a premiest\u0148ovanie materi\u00e1lu.<\/p>\n<\/div>\n<\/div>\n<\/div>\n<\/div>\n<\/div>\n<\/div>\n<\/div>\n<\/div>\n<\/article>\n<\/div>\n<\/div>\n<\/div>\n<\/div>\n<\/div>","protected":false},"excerpt":{"rendered":"<p>\u017deriavov\u00e9 magnety, zdv\u00edhac\u00ed elektromagnet<\/p>\n<ul>\n<li><span style=\"font-family: arial, helvetica, sans-serif; font-size: 12pt;\"><strong>S\u00e9ria MW5 - Elektromagnet na zdv\u00edhanie oce\u013eov\u00e9ho \u0161rotu<\/strong><\/span><\/li>\n<li><span style=\"font-family: arial, helvetica, sans-serif; font-size: 12pt;\"><strong>S\u00e9ria MW12 - Obd\u013a\u017enikov\u00e9 elektromagnetick\u00e9 sk\u013eu\u010dovadlo pre zviazan\u00fa v\u00fdstu\u017e<\/strong><\/span><\/li>\n<li><span style=\"font-family: arial, helvetica, sans-serif; font-size: 12pt;\"><strong>S\u00e9ria MW22 - Oce\u013eov\u00e9 ingoty a ve\u013ek\u00e9 bloky<\/strong><\/span><\/li>\n<li><span style=\"font-family: arial, helvetica, sans-serif; font-size: 12pt;\"><strong>S\u00e9ria MW84 - Elektromagnet pre stredn\u00e9 a hrub\u00e9 oce\u013eov\u00e9 plechy<\/strong><\/span><\/li>\n<\/ul>","protected":false},"featured_media":7184,"template":"","meta":{"_kad_post_transparent":"default","_kad_post_title":"","_kad_post_layout":"default","_kad_post_sidebar_id":"","_kad_post_content_style":"default","_kad_post_vertical_padding":"show","_kad_post_feature":"","_kad_post_feature_position":"","_kad_post_header":false,"_kad_post_footer":false},"product_brand":[],"product_cat":[59],"product_tag":[508,510,513,497,514,512,515,498,521,376,517,518,496,507,520,516,495,522,494,504,502,505,501,506,499,523,503,519,509,500,493,511],"class_list":{"0":"post-5487","1":"product","2":"type-product","3":"status-publish","4":"has-post-thumbnail","6":"product_cat-crane-spreader","7":"product_tag-20ft-container-spreader","8":"product_tag-40ft-container-lifting-frame","9":"product_tag-billet-clamps","10":"product_tag-billet-crane-clamp","11":"product_tag-billet-crane-clamps-manufacturer","12":"product_tag-billet-lifting-clamp","13":"product_tag-billet-lifting-clamps-china-supplier","14":"product_tag-c-type-hook","15":"product_tag-c-type-spreader","16":"product_tag-china-crane-parts-supplier","17":"product_tag-coil-c-type-hook","18":"product_tag-coil-hook","19":"product_tag-container-spreader","20":"product_tag-container-spreader-manufacturers","21":"product_tag-crane-c-hook","22":"product_tag-crane-c-type-spreader","23":"product_tag-crane-grab","24":"product_tag-crane-magnets","25":"product_tag-crane-spreader","26":"product_tag-electric-motor-grab","27":"product_tag-electro-hydraulic-multi-flap-grab","28":"product_tag-electro-hydraulicclamshell-grab","29":"product_tag-four-rope-grab","30":"product_tag-grab-manufacturers","31":"product_tag-lifting-electromagnet","32":"product_tag-lifting-electromagnet-spreader","33":"product_tag-orange-peel-grab","34":"product_tag-overhead-crane-steel-coil-c-type-hook","35":"product_tag-semi-automatic-container-spreader","36":"product_tag-singlr-rope-grab","37":"product_tag-special-crane-spreader","38":"product_tag-tec-container-spreader","40":"first","41":"instock","42":"shipping-taxable","43":"product-type-simple","44":"entry","45":"content-bg","46":"loop-entry"},"yoast_head":"<!-- This site is optimized with the Yoast SEO plugin v24.5 - https:\/\/yoast.com\/wordpress\/plugins\/seo\/ -->\n<title>Lifting Electromagnet -Crane magnets- Crane Parts Manufacturer<\/title>\n<meta name=\"description\" content=\"Crane magnets,Special Crane Spreader,Lifting Electromagnet Spreader,China Crane Parts Supplier,Lifting Electromagnet,Crane Spreader\" \/>\n<meta name=\"robots\" content=\"index, follow, max-snippet:-1, max-image-preview:large, max-video-preview:-1\" \/>\n<link rel=\"canonical\" href=\"https:\/\/www.hnhlcranes.com\/sk\/produkt\/zdvihaci-elektromagnet\/\" \/>\n<meta property=\"og:locale\" content=\"sk_SK\" \/>\n<meta property=\"og:type\" content=\"article\" \/>\n<meta property=\"og:title\" content=\"Lifting Electromagnet -Crane magnets- Crane Parts Manufacturer\" \/>\n<meta property=\"og:description\" content=\"Crane magnets,Special Crane Spreader,Lifting Electromagnet Spreader,China Crane Parts Supplier,Lifting Electromagnet,Crane Spreader\" \/>\n<meta property=\"og:url\" content=\"https:\/\/www.hnhlcranes.com\/sk\/produkt\/zdvihaci-elektromagnet\/\" \/>\n<meta property=\"og:site_name\" content=\"Crane Parts Manufacturer\" \/>\n<meta property=\"article:modified_time\" content=\"2025-01-10T07:41:51+00:00\" \/>\n<meta property=\"og:image\" content=\"https:\/\/www.hnhlcranes.com\/wp-content\/uploads\/2024\/11\/Lifting-Electromagnet.jpg\" \/>\n\t<meta property=\"og:image:width\" content=\"600\" \/>\n\t<meta property=\"og:image:height\" content=\"600\" \/>\n\t<meta property=\"og:image:type\" content=\"image\/jpeg\" \/>\n<meta name=\"twitter:card\" content=\"summary_large_image\" \/>\n<meta name=\"twitter:label1\" content=\"Predpokladan\u00fd \u010das \u010d\u00edtania\" \/>\n\t<meta name=\"twitter:data1\" content=\"3 min\u00faty\" \/>\n<script type=\"application\/ld+json\" class=\"yoast-schema-graph\">{\"@context\":\"https:\/\/schema.org\",\"@graph\":[{\"@type\":\"WebPage\",\"@id\":\"https:\/\/www.hnhlcranes.com\/product\/lifting-electromagnet\/\",\"url\":\"https:\/\/www.hnhlcranes.com\/product\/lifting-electromagnet\/\",\"name\":\"Lifting Electromagnet -Crane magnets- Crane Parts Manufacturer\",\"isPartOf\":{\"@id\":\"https:\/\/www.hnhlcranes.com\/#website\"},\"primaryImageOfPage\":{\"@id\":\"https:\/\/www.hnhlcranes.com\/product\/lifting-electromagnet\/#primaryimage\"},\"image\":{\"@id\":\"https:\/\/www.hnhlcranes.com\/product\/lifting-electromagnet\/#primaryimage\"},\"thumbnailUrl\":\"https:\/\/www.hnhlcranes.com\/wp-content\/uploads\/2024\/11\/Lifting-Electromagnet.jpg\",\"datePublished\":\"2024-11-25T17:03:18+00:00\",\"dateModified\":\"2025-01-10T07:41:51+00:00\",\"description\":\"Crane magnets,Special Crane Spreader,Lifting Electromagnet Spreader,China Crane Parts Supplier,Lifting Electromagnet,Crane Spreader\",\"breadcrumb\":{\"@id\":\"https:\/\/www.hnhlcranes.com\/product\/lifting-electromagnet\/#breadcrumb\"},\"inLanguage\":\"sk-SK\",\"potentialAction\":[{\"@type\":\"ReadAction\",\"target\":[\"https:\/\/www.hnhlcranes.com\/product\/lifting-electromagnet\/\"]}]},{\"@type\":\"ImageObject\",\"inLanguage\":\"sk-SK\",\"@id\":\"https:\/\/www.hnhlcranes.com\/product\/lifting-electromagnet\/#primaryimage\",\"url\":\"https:\/\/www.hnhlcranes.com\/wp-content\/uploads\/2024\/11\/Lifting-Electromagnet.jpg\",\"contentUrl\":\"https:\/\/www.hnhlcranes.com\/wp-content\/uploads\/2024\/11\/Lifting-Electromagnet.jpg\",\"width\":600,\"height\":600},{\"@type\":\"BreadcrumbList\",\"@id\":\"https:\/\/www.hnhlcranes.com\/product\/lifting-electromagnet\/#breadcrumb\",\"itemListElement\":[{\"@type\":\"ListItem\",\"position\":1,\"name\":\"home\",\"item\":\"https:\/\/www.hnhlcranes.com\/\"},{\"@type\":\"ListItem\",\"position\":2,\"name\":\"products\",\"item\":\"https:\/\/www.hnhlcranes.com\/products\/\"},{\"@type\":\"ListItem\",\"position\":3,\"name\":\"Lifting Electromagnet\"}]},{\"@type\":\"WebSite\",\"@id\":\"https:\/\/www.hnhlcranes.com\/#website\",\"url\":\"https:\/\/www.hnhlcranes.com\/\",\"name\":\"Crane Parts Manufacturer\",\"description\":\"Crane Wheels,Crane Drums,Crane Hooks,Crane Coupling,Crane End Carriage,Electric Hoist,European Crane Parts,Crane Rail Clip,Crane Spreader,Crane Motor,Crane Reducer,Crane Brake,Light Crane Parts,Workstation Crane Parts,Crane Electrical Parts,China Crane Parts Supplier,China Crane Parts Manufacturer,Angle box type crane wheel,45 degree split crane wheel,European crane wheel,Crane Wheel Blocks,Overhead crane drum,European crane drum,Overhead crane hook,European crane hook,Crane pulley block,Gear coupling,Brake wheel coupling,Drum gear coupling,Brake wheel drum gear coupling,Cardan Shaft Coupling,WZL drum coupling,Plum blossom elastic coupling,Brake wheel plum elastic coupling,European Single girder crane end carriage,European Double girder crane end carriage,European Suspension  crane end carriage,Wire Rope Electric Hoist,Electric Chain Hoist,European Single Girder Wire Rope Electric Hoist,European Double Girder Wire Rope Electric Hoist,Crane grab,Container spreader,Billet crane clamps,C-type hook,Lifting Electromagnet,YZR crane motor,YZP crane motor,ZQ Reducer,ZSC Reducer,QJ Reducer,QJ-L Reducer,QJY Reducer,H series gearbox,F Series Gear Motor,K Series Gear Motor,R Series Gear Motor,travelling machinery gear motor,Electro hydraulic drum brake,Electro hydraulic disc brake,Crane Safety brake,Crane cable trolley,Crane remote controller,Crane pendant controller,Crane electrical control cabinet,Crane limit switch,Crane sound and light alarm,Heavy Duty Aviation Connector,Crane overload limiter\",\"publisher\":{\"@id\":\"https:\/\/www.hnhlcranes.com\/#organization\"},\"potentialAction\":[{\"@type\":\"SearchAction\",\"target\":{\"@type\":\"EntryPoint\",\"urlTemplate\":\"https:\/\/www.hnhlcranes.com\/?s={search_term_string}\"},\"query-input\":{\"@type\":\"PropertyValueSpecification\",\"valueRequired\":true,\"valueName\":\"search_term_string\"}}],\"inLanguage\":\"sk-SK\"},{\"@type\":\"Organization\",\"@id\":\"https:\/\/www.hnhlcranes.com\/#organization\",\"name\":\"Crane Parts Manufacturer\",\"url\":\"https:\/\/www.hnhlcranes.com\/\",\"logo\":{\"@type\":\"ImageObject\",\"inLanguage\":\"sk-SK\",\"@id\":\"https:\/\/www.hnhlcranes.com\/#\/schema\/logo\/image\/\",\"url\":\"https:\/\/www.hnhlcranes.com\/wp-content\/uploads\/2025\/01\/HL-logo-1.png\",\"contentUrl\":\"https:\/\/www.hnhlcranes.com\/wp-content\/uploads\/2025\/01\/HL-logo-1.png\",\"width\":600,\"height\":169,\"caption\":\"Crane Parts Manufacturer\"},\"image\":{\"@id\":\"https:\/\/www.hnhlcranes.com\/#\/schema\/logo\/image\/\"}}]}<\/script>\n<!-- \/ Yoast SEO plugin. -->","yoast_head_json":{"title":"Lifting Electromagnet -Crane magnets- Crane Parts Manufacturer","description":"Crane magnets,Special Crane Spreader,Lifting Electromagnet Spreader,China Crane Parts Supplier,Lifting Electromagnet,Crane Spreader","robots":{"index":"index","follow":"follow","max-snippet":"max-snippet:-1","max-image-preview":"max-image-preview:large","max-video-preview":"max-video-preview:-1"},"canonical":"https:\/\/www.hnhlcranes.com\/sk\/produkt\/zdvihaci-elektromagnet\/","og_locale":"sk_SK","og_type":"article","og_title":"Lifting Electromagnet -Crane magnets- Crane Parts Manufacturer","og_description":"Crane magnets,Special Crane Spreader,Lifting Electromagnet Spreader,China Crane Parts Supplier,Lifting Electromagnet,Crane Spreader","og_url":"https:\/\/www.hnhlcranes.com\/sk\/produkt\/zdvihaci-elektromagnet\/","og_site_name":"Crane Parts Manufacturer","article_modified_time":"2025-01-10T07:41:51+00:00","og_image":[{"width":600,"height":600,"url":"https:\/\/www.hnhlcranes.com\/wp-content\/uploads\/2024\/11\/Lifting-Electromagnet.jpg","type":"image\/jpeg"}],"twitter_card":"summary_large_image","twitter_misc":{"Predpokladan\u00fd \u010das \u010d\u00edtania":"3 min\u00faty"},"schema":{"@context":"https:\/\/schema.org","@graph":[{"@type":"WebPage","@id":"https:\/\/www.hnhlcranes.com\/product\/lifting-electromagnet\/","url":"https:\/\/www.hnhlcranes.com\/product\/lifting-electromagnet\/","name":"Lifting Electromagnet -Crane magnets- Crane Parts Manufacturer","isPartOf":{"@id":"https:\/\/www.hnhlcranes.com\/#website"},"primaryImageOfPage":{"@id":"https:\/\/www.hnhlcranes.com\/product\/lifting-electromagnet\/#primaryimage"},"image":{"@id":"https:\/\/www.hnhlcranes.com\/product\/lifting-electromagnet\/#primaryimage"},"thumbnailUrl":"https:\/\/www.hnhlcranes.com\/wp-content\/uploads\/2024\/11\/Lifting-Electromagnet.jpg","datePublished":"2024-11-25T17:03:18+00:00","dateModified":"2025-01-10T07:41:51+00:00","description":"Crane magnets,Special Crane Spreader,Lifting Electromagnet Spreader,China Crane Parts Supplier,Lifting Electromagnet,Crane Spreader","breadcrumb":{"@id":"https:\/\/www.hnhlcranes.com\/product\/lifting-electromagnet\/#breadcrumb"},"inLanguage":"sk-SK","potentialAction":[{"@type":"ReadAction","target":["https:\/\/www.hnhlcranes.com\/product\/lifting-electromagnet\/"]}]},{"@type":"ImageObject","inLanguage":"sk-SK","@id":"https:\/\/www.hnhlcranes.com\/product\/lifting-electromagnet\/#primaryimage","url":"https:\/\/www.hnhlcranes.com\/wp-content\/uploads\/2024\/11\/Lifting-Electromagnet.jpg","contentUrl":"https:\/\/www.hnhlcranes.com\/wp-content\/uploads\/2024\/11\/Lifting-Electromagnet.jpg","width":600,"height":600},{"@type":"BreadcrumbList","@id":"https:\/\/www.hnhlcranes.com\/product\/lifting-electromagnet\/#breadcrumb","itemListElement":[{"@type":"ListItem","position":1,"name":"home","item":"https:\/\/www.hnhlcranes.com\/"},{"@type":"ListItem","position":2,"name":"products","item":"https:\/\/www.hnhlcranes.com\/products\/"},{"@type":"ListItem","position":3,"name":"Lifting Electromagnet"}]},{"@type":"WebSite","@id":"https:\/\/www.hnhlcranes.com\/#website","url":"https:\/\/www.hnhlcranes.com\/","name":"Crane Parts Manufacturer","description":"Crane Wheels,Crane Drums,Crane Hooks,Crane Coupling,Crane End Carriage,Electric Hoist,European Crane Parts,Crane Rail Clip,Crane Spreader,Crane Motor,Crane Reducer,Crane Brake,Light Crane Parts,Workstation Crane Parts,Crane Electrical Parts,China Crane Parts Supplier,China Crane Parts Manufacturer,Angle box type crane wheel,45 degree split crane wheel,European crane wheel,Crane Wheel Blocks,Overhead crane drum,European crane drum,Overhead crane hook,European crane hook,Crane pulley block,Gear coupling,Brake wheel coupling,Drum gear coupling,Brake wheel drum gear coupling,Cardan Shaft Coupling,WZL drum coupling,Plum blossom elastic coupling,Brake wheel plum elastic coupling,European Single girder crane end carriage,European Double girder crane end carriage,European Suspension  crane end carriage,Wire Rope Electric Hoist,Electric Chain Hoist,European Single Girder Wire Rope Electric Hoist,European Double Girder Wire Rope Electric Hoist,Crane grab,Container spreader,Billet crane clamps,C-type hook,Lifting Electromagnet,YZR crane motor,YZP crane motor,ZQ Reducer,ZSC Reducer,QJ Reducer,QJ-L Reducer,QJY Reducer,H series gearbox,F Series Gear Motor,K Series Gear Motor,R Series Gear Motor,travelling machinery gear motor,Electro hydraulic drum brake,Electro hydraulic disc brake,Crane Safety brake,Crane cable trolley,Crane remote controller,Crane pendant controller,Crane electrical control cabinet,Crane limit switch,Crane sound and light alarm,Heavy Duty Aviation Connector,Crane overload limiter","publisher":{"@id":"https:\/\/www.hnhlcranes.com\/#organization"},"potentialAction":[{"@type":"SearchAction","target":{"@type":"EntryPoint","urlTemplate":"https:\/\/www.hnhlcranes.com\/?s={search_term_string}"},"query-input":{"@type":"PropertyValueSpecification","valueRequired":true,"valueName":"search_term_string"}}],"inLanguage":"sk-SK"},{"@type":"Organization","@id":"https:\/\/www.hnhlcranes.com\/#organization","name":"Crane Parts Manufacturer","url":"https:\/\/www.hnhlcranes.com\/","logo":{"@type":"ImageObject","inLanguage":"sk-SK","@id":"https:\/\/www.hnhlcranes.com\/#\/schema\/logo\/image\/","url":"https:\/\/www.hnhlcranes.com\/wp-content\/uploads\/2025\/01\/HL-logo-1.png","contentUrl":"https:\/\/www.hnhlcranes.com\/wp-content\/uploads\/2025\/01\/HL-logo-1.png","width":600,"height":169,"caption":"Crane Parts Manufacturer"},"image":{"@id":"https:\/\/www.hnhlcranes.com\/#\/schema\/logo\/image\/"}}]}},"_links":{"self":[{"href":"https:\/\/www.hnhlcranes.com\/sk\/wp-json\/wp\/v2\/product\/5487","targetHints":{"allow":["GET"]}}],"collection":[{"href":"https:\/\/www.hnhlcranes.com\/sk\/wp-json\/wp\/v2\/product"}],"about":[{"href":"https:\/\/www.hnhlcranes.com\/sk\/wp-json\/wp\/v2\/types\/product"}],"version-history":[{"count":3,"href":"https:\/\/www.hnhlcranes.com\/sk\/wp-json\/wp\/v2\/product\/5487\/revisions"}],"predecessor-version":[{"id":7186,"href":"https:\/\/www.hnhlcranes.com\/sk\/wp-json\/wp\/v2\/product\/5487\/revisions\/7186"}],"wp:featuredmedia":[{"embeddable":true,"href":"https:\/\/www.hnhlcranes.com\/sk\/wp-json\/wp\/v2\/media\/7184"}],"wp:attachment":[{"href":"https:\/\/www.hnhlcranes.com\/sk\/wp-json\/wp\/v2\/media?parent=5487"}],"wp:term":[{"taxonomy":"product_brand","embeddable":true,"href":"https:\/\/www.hnhlcranes.com\/sk\/wp-json\/wp\/v2\/product_brand?post=5487"},{"taxonomy":"product_cat","embeddable":true,"href":"https:\/\/www.hnhlcranes.com\/sk\/wp-json\/wp\/v2\/product_cat?post=5487"},{"taxonomy":"product_tag","embeddable":true,"href":"https:\/\/www.hnhlcranes.com\/sk\/wp-json\/wp\/v2\/product_tag?post=5487"}],"curies":[{"name":"wp","href":"https:\/\/api.w.org\/{rel}","templated":true}]}}