{"id":5505,"date":"2024-11-28T14:51:15","date_gmt":"2024-11-28T06:51:15","guid":{"rendered":"https:\/\/www.hnhlcranes.com\/?post_type=product&#038;p=5505"},"modified":"2025-01-10T15:49:58","modified_gmt":"2025-01-10T07:49:58","slug":"wjk-kolajnicovy-klip","status":"publish","type":"product","link":"https:\/\/www.hnhlcranes.com\/sk\/produkt\/wjk-kolajnicovy-klip\/","title":{"rendered":"Klip WJK Rail"},"content":{"rendered":"<h6><img fetchpriority=\"high\" decoding=\"async\" class=\"alignnone wp-image-7077\" src=\"https:\/\/www.hnhlcranes.com\/wp-content\/uploads\/2024\/11\/WJK-Rail-Clip-2-300x95.jpg\" alt=\"\" width=\"951\" height=\"301\" srcset=\"https:\/\/www.hnhlcranes.com\/wp-content\/uploads\/2024\/11\/WJK-Rail-Clip-2-300x95.jpg 300w, https:\/\/www.hnhlcranes.com\/wp-content\/uploads\/2024\/11\/WJK-Rail-Clip-2-768x242.jpg 768w, https:\/\/www.hnhlcranes.com\/wp-content\/uploads\/2024\/11\/WJK-Rail-Clip-2-600x189.jpg 600w, https:\/\/www.hnhlcranes.com\/wp-content\/uploads\/2024\/11\/WJK-Rail-Clip-2.jpg 800w\" sizes=\"(max-width: 951px) 100vw, 951px\" \/><\/h6>\n<h6><\/h6>\n<h3>Vlastnosti ko\u013eajni\u010dkov\u00e9ho klipu WJK<\/h3>\n<p>Str\u00e1nka <strong>Klip na ko\u013eajnicu WJK<\/strong> je \u0161peci\u00e1lne navrhnut\u00fd na pou\u017eitie s oce\u013eov\u00fdmi nosn\u00edkmi a m\u00e1 nosnos\u0165 350 ton na s\u00fapravu, ktor\u00e1 pozost\u00e1va celkovo zo siedmich komponentov. T\u00e1to robustn\u00e1 kon\u0161trukcia zaru\u010duje optim\u00e1lny v\u00fdkon v celom rade aplik\u00e1ci\u00ed s ve\u013ek\u00fdm za\u0165a\u017een\u00edm.<\/p>\n<h4><strong>Zv\u00e1ranie z\u00e1kladnej dosky<\/strong><\/h4>\n<p>Str\u00e1nka <strong>Z\u00e1kladn\u00e1 doska WJK<\/strong> je privaren\u00e1 k pr\u00edrube oce\u013eov\u00e9ho nosn\u00edka \u017eeriavu pomocou trojstrann\u00fdch okolit\u00fdch zvarov alebo obojstrann\u00fdch bo\u010dn\u00fdch zvarov. T\u00e1to konfigur\u00e1cia zabezpe\u010duje plynul\u00fd prenos vodorovnej bo\u010dnej sily od \u017eeriava na nosn\u00edk \u017eeriava. Okrem toho minimalizuje oslabenie kon\u0161trukcie sp\u00f4soben\u00e9 nadmern\u00fdm v\u0155tan\u00edm na pr\u00edrube, \u010do v\u00fdrazne zvy\u0161uje nosnos\u0165 prierezu \u017eeriavov\u00e9ho nosn\u00edka.<\/p>\n<h4><strong>Pripojenie gu\u013eov\u00e9ho k\u013abu<\/strong><\/h4>\n<p>Z\u00e1kladn\u00e1 doska je pripojen\u00e1 k spodn\u00e9mu koncu T-skrutky prostredn\u00edctvom <strong>gu\u013eov\u00fd k\u013ab<\/strong>, ktor\u00fd umo\u017e\u0148uje, aby T-skrutka zostala kolmo na horn\u00fd kryt po\u010das p\u00f4sobenia bo\u010dnej sily. T\u00e1to kon\u0161trukcia spojenia umo\u017e\u0148uje aj mierne naklonenie. V d\u00f4sledku toho sa \u00fa\u010dinne zmier\u0148uje bo\u010dn\u00fd n\u00e1raz \u017eeriavu na ko\u013eajnicu, nosn\u00edk \u017eeriavu a brzdov\u00fd syst\u00e9m, \u010do v kone\u010dnom d\u00f4sledku predl\u017euje \u017eivotnos\u0165 kon\u0161trukcie t\u00fdchto komponentov.<\/p>\n<h4><strong>Doska na nastavenie meradla<\/strong><\/h4>\n<p>Str\u00e1nka <strong>Ko\u013eajnicov\u00e9 spony WJK<\/strong> funkcia a <strong>nastavovacia doska meradla<\/strong>, ktor\u00fd umo\u017e\u0148uje presn\u00e9 nastavenie rozchodu ko\u013eajn\u00edc. T\u00e1to funkcia nielen zvy\u0161uje presnos\u0165 in\u0161tal\u00e1cie, ale aj zni\u017euje odch\u00fdlky v osi ko\u013eajnice. Okrem toho obsahuje dvojit\u00fd samosvorn\u00fd mechanizmus, ktor\u00fd zabra\u0148uje uvo\u013eneniu po\u010das prev\u00e1dzky a zabezpe\u010duje stabiln\u00fd v\u00fdkon.<\/p>\n<h4><strong>Jednoduch\u00e1 in\u0161tal\u00e1cia a \u00fadr\u017eba<\/strong><\/h4>\n<p>Str\u00e1nka <strong>T-skrutky<\/strong> a <strong>horn\u00e9 krycie dosky<\/strong> klipov WJK sa d\u00e1 \u013eahko zmontova\u0165 a demontova\u0165, \u010do v\u00fdrazne zjednodu\u0161uje kon\u0161trukciu a \u00fadr\u017ebu. T\u00e1to jednoduchos\u0165 mont\u00e1\u017ee a \u00fadr\u017eby sa prejavuje v skr\u00e1ten\u00ed prestojov a zv\u00fd\u0161en\u00ed prev\u00e1dzkovej efekt\u00edvnosti.<\/p>\n<h4><strong>Kompatibilita so zakriven\u00edm ko\u013eajn\u00edc<\/strong><\/h4>\n<p>Str\u00e1nka <strong>horn\u00e1 krycia doska<\/strong> je navrhnut\u00e1 tak, aby zodpovedala zakriveniu prierezu ko\u013eajnice. T\u00fdm sa zabezpe\u010d\u00ed pevn\u00e9 upevnenie ko\u013eajnice bez toho, aby sa obmedzil jej mierny pozd\u013a\u017eny pohyb. Okrem toho t\u00e1to vlastnos\u0165 u\u013eah\u010duje zv\u00e1ranie ko\u013eajn\u00edc po celej d\u013a\u017eke, v\u010faka \u010domu je ko\u013eajnicov\u00e1 spona WJK univerz\u00e1lna v r\u00f4znych konfigur\u00e1ci\u00e1ch ko\u013eajn\u00edc.<\/p>\n<h4><strong>Pevn\u00e1 vzdialenos\u0165 komponentov<\/strong><\/h4>\n<p>Vzdialenos\u0165 medzi pevn\u00fdmi komponentmi sa ur\u010duje na z\u00e1klade nosnosti \u017eeriavu. Pri \u017eeriavoch s nosnos\u0165ou \u2264 275 t je rozstup 600 mm; pri \u017eeriavoch s nosnos\u0165ou &gt; 275 t sa v\u0161ak rozstup zmen\u0161\u00ed na 500 mm, aby sa prisp\u00f4sobil zv\u00fd\u0161en\u00e9mu za\u0165a\u017eeniu.<\/p>\n<h4><strong>Kompatibilita zv\u00e1rac\u00edch materi\u00e1lov<\/strong><\/h4>\n<p>Str\u00e1nka <strong>z\u00e1klad\u0148a pevnej \u010dasti<\/strong> sa zv\u00e1ra k nosn\u00edku \u017eeriavu pomocou modelov elektr\u00f3d, ktor\u00e9 s\u00fa kompatibiln\u00e9 s materi\u00e1lom spojovac\u00edch komponentov. Napr\u00edklad, <strong>Elektr\u00f3dy E4303<\/strong> sa pou\u017e\u00edvaj\u00fa na <strong>Oce\u013e Q235<\/strong>, zatia\u013e \u010do <strong>Elektr\u00f3dy E5015<\/strong> sa uprednost\u0148uj\u00fa pre <strong>Oce\u013e Q345<\/strong> aby sa zabezpe\u010dilo pevn\u00e9 a spo\u013eahliv\u00e9 spojenie.<\/p>\n<h4><strong>Typy zvarov na z\u00e1klade za\u0165a\u017eenia \u017eeriavov<\/strong><\/h4>\n<p>Typy zvarov z\u00e1visia od \u00farovne za\u0165a\u017eenia \u017eeriavu. Pre <strong>stredne \u0165a\u017ek\u00e9 \u017eeriavy<\/strong>sa pou\u017e\u00edvaj\u00fa obojstrann\u00e9 zvarov\u00e9 \u0161vy, zatia\u013e \u010do <strong>\u0165a\u017ek\u00fd n\u00e1klad<\/strong> (alebo <strong>super\u0165a\u017ek\u00fd<\/strong>) \u017deriavy vy\u017eaduj\u00fa trojstrann\u00e9 okolit\u00e9 zvarov\u00e9 \u0161vy, aby zvl\u00e1dli vy\u0161\u0161ie za\u0165a\u017eenie a nam\u00e1hanie.<\/p>\n<h4><strong>U\u0165ahovac\u00ed moment skrutky<\/strong><\/h4>\n<p>Pre <strong>stredne \u0165a\u017ek\u00e9 \u017eeriavy<\/strong> (Q \u2264 275t) je maxim\u00e1lny u\u0165ahovac\u00ed moment skrutky stanoven\u00fd na 150 N-m, zatia\u013e \u010do pre <strong>\u0165a\u017ekoton\u00e1\u017ene \u017eeriavy<\/strong>, u\u0165ahovac\u00ed moment je zv\u00fd\u0161en\u00fd na 220 N-m, aby sa prisp\u00f4sobil vy\u0161\u0161\u00edm sil\u00e1m p\u00f4sobiacim po\u010das prev\u00e1dzky.<\/p>\n<h4><strong>Maxim\u00e1lna bo\u010dn\u00e1 sila<\/strong><\/h4>\n<p>Str\u00e1nka <strong>maxim\u00e1lna pr\u00edpustn\u00e1 bo\u010dn\u00e1 sila<\/strong> pre ko\u013eajnicov\u00fa sponu WJK je 45 kN. To zaru\u010duje, \u017ee ko\u013eajnicov\u00e1 svorka odol\u00e1 zna\u010dn\u00fdm bo\u010dn\u00fdm sil\u00e1m bez toho, aby sa naru\u0161ila jej kon\u0161truk\u010dn\u00e1 integrita.<\/p>\n<p>V\u010faka t\u00fdmto pokro\u010dil\u00fdm kon\u0161truk\u010dn\u00fdm prvkom <strong>Klip na ko\u013eajnicu WJK<\/strong> zabezpe\u010duje bezpe\u010dn\u00e9, spo\u013eahliv\u00e9 a trvanliv\u00e9 spojenie medzi \u017eeriavom a ko\u013eajnicov\u00fdm syst\u00e9mom, \u010d\u00edm sa zvy\u0161uje celkov\u00e1 efekt\u00edvnos\u0165 a bezpe\u010dnos\u0165 prev\u00e1dzky.<\/p>","protected":false},"excerpt":{"rendered":"<h6><strong><span style=\"font-family: arial, helvetica, sans-serif; font-size: 14pt;\">\u0160pecifik\u00e1cie WJK Rail Clip<\/span><\/strong><\/h6>\n<ul>\n<li><strong>Modely<\/strong>: WJK-TG38, WJK-TG43, WJK-TG50, WJK-TG60, WJK-QU70, WJK-QU80, WJK-QU100, WJK-QU120<\/li>\n<li><strong>Sp\u00f4sob upevnenia<\/strong>: Zv\u00e1ran\u00e1 z\u00e1kladn\u00e1 doska<\/li>\n<\/ul>","protected":false},"featured_media":7075,"template":"","meta":{"_kad_post_transparent":"default","_kad_post_title":"","_kad_post_layout":"default","_kad_post_sidebar_id":"","_kad_post_content_style":"default","_kad_post_vertical_padding":"show","_kad_post_feature":"","_kad_post_feature_position":"","_kad_post_header":false,"_kad_post_footer":false},"product_brand":[],"product_cat":[83],"product_tag":[483,482,481,480,376,489,486,490,488,484,492,487,485,493,478,491,477,479],"class_list":{"0":"post-5505","1":"product","2":"type-product","3":"status-publish","4":"has-post-thumbnail","6":"product_cat-crane-rail-clip","7":"product_tag-05g525-rail-clip","8":"product_tag-cgbk-rail-clip","9":"product_tag-cgek-rail-clip","10":"product_tag-cgwk-rail-clip","11":"product_tag-china-crane-parts-supplier","12":"product_tag-crane-rail-clamp","13":"product_tag-crane-rail-clip","14":"product_tag-crane-rail-clip-supplier","15":"product_tag-crane-rail-fixing-device","16":"product_tag-hdgy-rail-clip","17":"product_tag-rail-connection-splint","18":"product_tag-rail-fixing-device","19":"product_tag-rail-joint","20":"product_tag-special-crane-spreader","21":"product_tag-swjk-rail-clip","22":"product_tag-tracks-jointing-plates","23":"product_tag-wjk-rail-clip","24":"product_tag-wjkc-rail-clip","26":"first","27":"instock","28":"shipping-taxable","29":"product-type-simple","30":"entry","31":"content-bg","32":"loop-entry"},"yoast_head":"<!-- This site is optimized with the Yoast SEO plugin v24.5 - https:\/\/yoast.com\/wordpress\/plugins\/seo\/ -->\n<title>WJK Rail Clip - WJK Rail Clips-Rail fixing device-Crane Rail Clamp-Crane Parts Manufacturer<\/title>\n<meta name=\"description\" content=\"Rail Clips,WJK Rail Clip,Crane Rail Clip,Rail fixing device,Crane Rail fixing device,crane Rail Clamp,SWJK Rail Clips,Overhead Crane Rail Clip\" \/>\n<meta name=\"robots\" content=\"index, follow, max-snippet:-1, max-image-preview:large, max-video-preview:-1\" \/>\n<link rel=\"canonical\" href=\"https:\/\/www.hnhlcranes.com\/sk\/produkt\/wjk-kolajnicovy-klip\/\" \/>\n<meta property=\"og:locale\" content=\"sk_SK\" \/>\n<meta property=\"og:type\" content=\"article\" \/>\n<meta property=\"og:title\" content=\"WJK Rail Clip - WJK Rail Clips-Rail fixing device-Crane Rail Clamp-Crane Parts Manufacturer\" \/>\n<meta property=\"og:description\" content=\"Rail Clips,WJK Rail Clip,Crane Rail Clip,Rail fixing device,Crane Rail fixing device,crane Rail Clamp,SWJK Rail Clips,Overhead Crane Rail Clip\" \/>\n<meta property=\"og:url\" content=\"https:\/\/www.hnhlcranes.com\/sk\/produkt\/wjk-kolajnicovy-klip\/\" \/>\n<meta property=\"og:site_name\" content=\"Crane Parts Manufacturer\" \/>\n<meta property=\"article:modified_time\" content=\"2025-01-10T07:49:58+00:00\" \/>\n<meta property=\"og:image\" content=\"https:\/\/www.hnhlcranes.com\/wp-content\/uploads\/2024\/11\/WJK-Rail-Clip.jpg\" \/>\n\t<meta property=\"og:image:width\" content=\"600\" \/>\n\t<meta property=\"og:image:height\" content=\"600\" \/>\n\t<meta property=\"og:image:type\" content=\"image\/jpeg\" \/>\n<meta name=\"twitter:card\" content=\"summary_large_image\" \/>\n<meta name=\"twitter:label1\" content=\"Predpokladan\u00fd \u010das \u010d\u00edtania\" \/>\n\t<meta name=\"twitter:data1\" content=\"3 min\u00faty\" \/>\n<script type=\"application\/ld+json\" class=\"yoast-schema-graph\">{\"@context\":\"https:\/\/schema.org\",\"@graph\":[{\"@type\":\"WebPage\",\"@id\":\"https:\/\/www.hnhlcranes.com\/product\/wjk-rail-clip\/\",\"url\":\"https:\/\/www.hnhlcranes.com\/product\/wjk-rail-clip\/\",\"name\":\"WJK Rail Clip - WJK Rail Clips-Rail fixing device-Crane Rail Clamp-Crane Parts Manufacturer\",\"isPartOf\":{\"@id\":\"https:\/\/www.hnhlcranes.com\/#website\"},\"primaryImageOfPage\":{\"@id\":\"https:\/\/www.hnhlcranes.com\/product\/wjk-rail-clip\/#primaryimage\"},\"image\":{\"@id\":\"https:\/\/www.hnhlcranes.com\/product\/wjk-rail-clip\/#primaryimage\"},\"thumbnailUrl\":\"https:\/\/www.hnhlcranes.com\/wp-content\/uploads\/2024\/11\/WJK-Rail-Clip.jpg\",\"datePublished\":\"2024-11-28T06:51:15+00:00\",\"dateModified\":\"2025-01-10T07:49:58+00:00\",\"description\":\"Rail Clips,WJK Rail Clip,Crane Rail Clip,Rail fixing device,Crane Rail fixing device,crane Rail Clamp,SWJK Rail Clips,Overhead Crane Rail Clip\",\"breadcrumb\":{\"@id\":\"https:\/\/www.hnhlcranes.com\/product\/wjk-rail-clip\/#breadcrumb\"},\"inLanguage\":\"sk-SK\",\"potentialAction\":[{\"@type\":\"ReadAction\",\"target\":[\"https:\/\/www.hnhlcranes.com\/product\/wjk-rail-clip\/\"]}]},{\"@type\":\"ImageObject\",\"inLanguage\":\"sk-SK\",\"@id\":\"https:\/\/www.hnhlcranes.com\/product\/wjk-rail-clip\/#primaryimage\",\"url\":\"https:\/\/www.hnhlcranes.com\/wp-content\/uploads\/2024\/11\/WJK-Rail-Clip.jpg\",\"contentUrl\":\"https:\/\/www.hnhlcranes.com\/wp-content\/uploads\/2024\/11\/WJK-Rail-Clip.jpg\",\"width\":600,\"height\":600},{\"@type\":\"BreadcrumbList\",\"@id\":\"https:\/\/www.hnhlcranes.com\/product\/wjk-rail-clip\/#breadcrumb\",\"itemListElement\":[{\"@type\":\"ListItem\",\"position\":1,\"name\":\"home\",\"item\":\"https:\/\/www.hnhlcranes.com\/\"},{\"@type\":\"ListItem\",\"position\":2,\"name\":\"products\",\"item\":\"https:\/\/www.hnhlcranes.com\/products\/\"},{\"@type\":\"ListItem\",\"position\":3,\"name\":\"WJK Rail Clip\"}]},{\"@type\":\"WebSite\",\"@id\":\"https:\/\/www.hnhlcranes.com\/#website\",\"url\":\"https:\/\/www.hnhlcranes.com\/\",\"name\":\"Crane Parts Manufacturer\",\"description\":\"Crane Wheels,Crane Drums,Crane Hooks,Crane Coupling,Crane End Carriage,Electric Hoist,European Crane Parts,Crane Rail Clip,Crane Spreader,Crane Motor,Crane Reducer,Crane Brake,Light Crane Parts,Workstation Crane Parts,Crane Electrical Parts,China Crane Parts Supplier,China Crane Parts Manufacturer,Angle box type crane wheel,45 degree split crane wheel,European crane wheel,Crane Wheel Blocks,Overhead crane drum,European crane drum,Overhead crane hook,European crane hook,Crane pulley block,Gear coupling,Brake wheel coupling,Drum gear coupling,Brake wheel drum gear coupling,Cardan Shaft Coupling,WZL drum coupling,Plum blossom elastic coupling,Brake wheel plum elastic coupling,European Single girder crane end carriage,European Double girder crane end carriage,European Suspension  crane end carriage,Wire Rope Electric Hoist,Electric Chain Hoist,European Single Girder Wire Rope Electric Hoist,European Double Girder Wire Rope Electric Hoist,Crane grab,Container spreader,Billet crane clamps,C-type hook,Lifting Electromagnet,YZR crane motor,YZP crane motor,ZQ Reducer,ZSC Reducer,QJ Reducer,QJ-L Reducer,QJY Reducer,H series gearbox,F Series Gear Motor,K Series Gear Motor,R Series Gear Motor,travelling machinery gear motor,Electro hydraulic drum brake,Electro hydraulic disc brake,Crane Safety brake,Crane cable trolley,Crane remote controller,Crane pendant controller,Crane electrical control cabinet,Crane limit switch,Crane sound and light alarm,Heavy Duty Aviation Connector,Crane overload limiter\",\"publisher\":{\"@id\":\"https:\/\/www.hnhlcranes.com\/#organization\"},\"potentialAction\":[{\"@type\":\"SearchAction\",\"target\":{\"@type\":\"EntryPoint\",\"urlTemplate\":\"https:\/\/www.hnhlcranes.com\/?s={search_term_string}\"},\"query-input\":{\"@type\":\"PropertyValueSpecification\",\"valueRequired\":true,\"valueName\":\"search_term_string\"}}],\"inLanguage\":\"sk-SK\"},{\"@type\":\"Organization\",\"@id\":\"https:\/\/www.hnhlcranes.com\/#organization\",\"name\":\"Crane Parts Manufacturer\",\"url\":\"https:\/\/www.hnhlcranes.com\/\",\"logo\":{\"@type\":\"ImageObject\",\"inLanguage\":\"sk-SK\",\"@id\":\"https:\/\/www.hnhlcranes.com\/#\/schema\/logo\/image\/\",\"url\":\"https:\/\/www.hnhlcranes.com\/wp-content\/uploads\/2025\/01\/HL-logo-1.png\",\"contentUrl\":\"https:\/\/www.hnhlcranes.com\/wp-content\/uploads\/2025\/01\/HL-logo-1.png\",\"width\":600,\"height\":169,\"caption\":\"Crane Parts Manufacturer\"},\"image\":{\"@id\":\"https:\/\/www.hnhlcranes.com\/#\/schema\/logo\/image\/\"}}]}<\/script>\n<!-- \/ Yoast SEO plugin. -->","yoast_head_json":{"title":"WJK Rail Clip - WJK Rail Clips-Rail fixing device-Crane Rail Clamp-Crane Parts Manufacturer","description":"Rail Clips,WJK Rail Clip,Crane Rail Clip,Rail fixing device,Crane Rail fixing device,crane Rail Clamp,SWJK Rail Clips,Overhead Crane Rail Clip","robots":{"index":"index","follow":"follow","max-snippet":"max-snippet:-1","max-image-preview":"max-image-preview:large","max-video-preview":"max-video-preview:-1"},"canonical":"https:\/\/www.hnhlcranes.com\/sk\/produkt\/wjk-kolajnicovy-klip\/","og_locale":"sk_SK","og_type":"article","og_title":"WJK Rail Clip - WJK Rail Clips-Rail fixing device-Crane Rail Clamp-Crane Parts Manufacturer","og_description":"Rail Clips,WJK Rail Clip,Crane Rail Clip,Rail fixing device,Crane Rail fixing device,crane Rail Clamp,SWJK Rail Clips,Overhead Crane Rail Clip","og_url":"https:\/\/www.hnhlcranes.com\/sk\/produkt\/wjk-kolajnicovy-klip\/","og_site_name":"Crane Parts Manufacturer","article_modified_time":"2025-01-10T07:49:58+00:00","og_image":[{"width":600,"height":600,"url":"https:\/\/www.hnhlcranes.com\/wp-content\/uploads\/2024\/11\/WJK-Rail-Clip.jpg","type":"image\/jpeg"}],"twitter_card":"summary_large_image","twitter_misc":{"Predpokladan\u00fd \u010das \u010d\u00edtania":"3 min\u00faty"},"schema":{"@context":"https:\/\/schema.org","@graph":[{"@type":"WebPage","@id":"https:\/\/www.hnhlcranes.com\/product\/wjk-rail-clip\/","url":"https:\/\/www.hnhlcranes.com\/product\/wjk-rail-clip\/","name":"WJK Rail Clip - WJK Rail Clips-Rail fixing device-Crane Rail Clamp-Crane Parts Manufacturer","isPartOf":{"@id":"https:\/\/www.hnhlcranes.com\/#website"},"primaryImageOfPage":{"@id":"https:\/\/www.hnhlcranes.com\/product\/wjk-rail-clip\/#primaryimage"},"image":{"@id":"https:\/\/www.hnhlcranes.com\/product\/wjk-rail-clip\/#primaryimage"},"thumbnailUrl":"https:\/\/www.hnhlcranes.com\/wp-content\/uploads\/2024\/11\/WJK-Rail-Clip.jpg","datePublished":"2024-11-28T06:51:15+00:00","dateModified":"2025-01-10T07:49:58+00:00","description":"Rail Clips,WJK Rail Clip,Crane Rail Clip,Rail fixing device,Crane Rail fixing device,crane Rail Clamp,SWJK Rail Clips,Overhead Crane Rail Clip","breadcrumb":{"@id":"https:\/\/www.hnhlcranes.com\/product\/wjk-rail-clip\/#breadcrumb"},"inLanguage":"sk-SK","potentialAction":[{"@type":"ReadAction","target":["https:\/\/www.hnhlcranes.com\/product\/wjk-rail-clip\/"]}]},{"@type":"ImageObject","inLanguage":"sk-SK","@id":"https:\/\/www.hnhlcranes.com\/product\/wjk-rail-clip\/#primaryimage","url":"https:\/\/www.hnhlcranes.com\/wp-content\/uploads\/2024\/11\/WJK-Rail-Clip.jpg","contentUrl":"https:\/\/www.hnhlcranes.com\/wp-content\/uploads\/2024\/11\/WJK-Rail-Clip.jpg","width":600,"height":600},{"@type":"BreadcrumbList","@id":"https:\/\/www.hnhlcranes.com\/product\/wjk-rail-clip\/#breadcrumb","itemListElement":[{"@type":"ListItem","position":1,"name":"home","item":"https:\/\/www.hnhlcranes.com\/"},{"@type":"ListItem","position":2,"name":"products","item":"https:\/\/www.hnhlcranes.com\/products\/"},{"@type":"ListItem","position":3,"name":"WJK Rail Clip"}]},{"@type":"WebSite","@id":"https:\/\/www.hnhlcranes.com\/#website","url":"https:\/\/www.hnhlcranes.com\/","name":"Crane Parts Manufacturer","description":"Crane Wheels,Crane Drums,Crane Hooks,Crane Coupling,Crane End Carriage,Electric Hoist,European Crane Parts,Crane Rail Clip,Crane Spreader,Crane Motor,Crane Reducer,Crane Brake,Light Crane Parts,Workstation Crane Parts,Crane Electrical Parts,China Crane Parts Supplier,China Crane Parts Manufacturer,Angle box type crane wheel,45 degree split crane wheel,European crane wheel,Crane Wheel Blocks,Overhead crane drum,European crane drum,Overhead crane hook,European crane hook,Crane pulley block,Gear coupling,Brake wheel coupling,Drum gear coupling,Brake wheel drum gear coupling,Cardan Shaft Coupling,WZL drum coupling,Plum blossom elastic coupling,Brake wheel plum elastic coupling,European Single girder crane end carriage,European Double girder crane end carriage,European Suspension  crane end carriage,Wire Rope Electric Hoist,Electric Chain Hoist,European Single Girder Wire Rope Electric Hoist,European Double Girder Wire Rope Electric Hoist,Crane grab,Container spreader,Billet crane clamps,C-type hook,Lifting Electromagnet,YZR crane motor,YZP crane motor,ZQ Reducer,ZSC Reducer,QJ Reducer,QJ-L Reducer,QJY Reducer,H series gearbox,F Series Gear Motor,K Series Gear Motor,R Series Gear Motor,travelling machinery gear motor,Electro hydraulic drum brake,Electro hydraulic disc brake,Crane Safety brake,Crane cable trolley,Crane remote controller,Crane pendant controller,Crane electrical control cabinet,Crane limit switch,Crane sound and light alarm,Heavy Duty Aviation Connector,Crane overload limiter","publisher":{"@id":"https:\/\/www.hnhlcranes.com\/#organization"},"potentialAction":[{"@type":"SearchAction","target":{"@type":"EntryPoint","urlTemplate":"https:\/\/www.hnhlcranes.com\/?s={search_term_string}"},"query-input":{"@type":"PropertyValueSpecification","valueRequired":true,"valueName":"search_term_string"}}],"inLanguage":"sk-SK"},{"@type":"Organization","@id":"https:\/\/www.hnhlcranes.com\/#organization","name":"Crane Parts Manufacturer","url":"https:\/\/www.hnhlcranes.com\/","logo":{"@type":"ImageObject","inLanguage":"sk-SK","@id":"https:\/\/www.hnhlcranes.com\/#\/schema\/logo\/image\/","url":"https:\/\/www.hnhlcranes.com\/wp-content\/uploads\/2025\/01\/HL-logo-1.png","contentUrl":"https:\/\/www.hnhlcranes.com\/wp-content\/uploads\/2025\/01\/HL-logo-1.png","width":600,"height":169,"caption":"Crane Parts Manufacturer"},"image":{"@id":"https:\/\/www.hnhlcranes.com\/#\/schema\/logo\/image\/"}}]}},"_links":{"self":[{"href":"https:\/\/www.hnhlcranes.com\/sk\/wp-json\/wp\/v2\/product\/5505","targetHints":{"allow":["GET"]}}],"collection":[{"href":"https:\/\/www.hnhlcranes.com\/sk\/wp-json\/wp\/v2\/product"}],"about":[{"href":"https:\/\/www.hnhlcranes.com\/sk\/wp-json\/wp\/v2\/types\/product"}],"version-history":[{"count":7,"href":"https:\/\/www.hnhlcranes.com\/sk\/wp-json\/wp\/v2\/product\/5505\/revisions"}],"predecessor-version":[{"id":7190,"href":"https:\/\/www.hnhlcranes.com\/sk\/wp-json\/wp\/v2\/product\/5505\/revisions\/7190"}],"wp:featuredmedia":[{"embeddable":true,"href":"https:\/\/www.hnhlcranes.com\/sk\/wp-json\/wp\/v2\/media\/7075"}],"wp:attachment":[{"href":"https:\/\/www.hnhlcranes.com\/sk\/wp-json\/wp\/v2\/media?parent=5505"}],"wp:term":[{"taxonomy":"product_brand","embeddable":true,"href":"https:\/\/www.hnhlcranes.com\/sk\/wp-json\/wp\/v2\/product_brand?post=5505"},{"taxonomy":"product_cat","embeddable":true,"href":"https:\/\/www.hnhlcranes.com\/sk\/wp-json\/wp\/v2\/product_cat?post=5505"},{"taxonomy":"product_tag","embeddable":true,"href":"https:\/\/www.hnhlcranes.com\/sk\/wp-json\/wp\/v2\/product_tag?post=5505"}],"curies":[{"name":"wp","href":"https:\/\/api.w.org\/{rel}","templated":true}]}}