{"id":5519,"date":"2024-11-29T21:34:40","date_gmt":"2024-11-29T13:34:40","guid":{"rendered":"https:\/\/www.hnhlcranes.com\/?post_type=product&#038;p=5519"},"modified":"2025-01-10T17:34:32","modified_gmt":"2025-01-10T09:34:32","slug":"wjkc-kolajnicovy-klip","status":"publish","type":"product","link":"https:\/\/www.hnhlcranes.com\/sk\/produkt\/wjkc-kolajnicovy-klip\/","title":{"rendered":"WJKC ko\u013eajnicov\u00e1 spona"},"content":{"rendered":"<h3><strong>Vlastnosti ko\u013eajni\u010dkov\u00e9ho klipu WJKC<\/strong><\/h3>\n<h4><strong>Prim\u00e1rne aplik\u00e1cie<\/strong><\/h4>\n<p>Ko\u013eajnicov\u00e1 svorka WJKC sa pou\u017e\u00edva predov\u0161etk\u00fdm na upevnenie \u017eeriavov\u00fdch ko\u013eajn\u00edc s vodorovn\u00fdmi vodiacimi kolesami na oce\u013eov\u00fdch \u017eeriavov\u00fdch nosn\u00edkoch. Okrem toho sa pou\u017e\u00edva aj na upevnenie ko\u013eajn\u00edc na ve\u013ekorozponov\u00fdch \u017eeriavoch s m\u00e4kk\u00fdm h\u00e1kom. V\u010faka tejto v\u0161estrannosti je z\u00e1kladn\u00fdm komponentom v syst\u00e9moch \u017eeriavov\u00fdch ko\u013eajn\u00edc aj v prev\u00e1dzkach ve\u013ekorozmern\u00fdch \u017eeriavov.<\/p>\n<h4><strong>Jednoduchos\u0165 in\u0161tal\u00e1cie<\/strong><\/h4>\n<p>Jednou z k\u013e\u00fa\u010dov\u00fdch v\u00fdhod ko\u013eajnicovej spony WJKC je jej dizajn, ktor\u00fd u\u013eah\u010duje in\u0161tal\u00e1ciu, nastavenie a v\u00fdmenu ko\u013eajn\u00edc. T\u00e1to vlastnos\u0165 zjednodu\u0161uje proces nastavenia a \u00fadr\u017eby, \u010do umo\u017e\u0148uje r\u00fdchlej\u0161iu in\u0161tal\u00e1ciu a minimalizuje prestoje po\u010das \u00fadr\u017eby alebo v\u00fdmeny ko\u013eajn\u00edc.<\/p>\n<h4><strong>Nie je potrebn\u00e9 v\u0155tanie<\/strong><\/h4>\n<p>Na rozdiel od tradi\u010dn\u00fdch rie\u0161en\u00ed tieto svorky eliminuj\u00fa potrebu v\u0155tania do nosn\u00edkov \u017eeriava. Namiesto toho s\u00fa priamo privaren\u00e9 na horn\u00fa pr\u00edrubu \u017eeriavov\u00e9ho nosn\u00edka, \u010do nielen \u0161etr\u00ed \u010das pri in\u0161tal\u00e1cii, ale aj zachov\u00e1va kon\u0161truk\u010dn\u00fa celistvos\u0165 \u017eeriavov\u00e9ho nosn\u00edka. T\u00e1to kon\u0161trukcia zni\u017euje potenci\u00e1lne oslabenie sp\u00f4soben\u00e9 v\u0155tan\u00edm.<\/p>\n<h4><strong>Dvojit\u00e9 skrutkov\u00e9 spojenie<\/strong><\/h4>\n<p>Na zv\u00fd\u0161enie stability a spo\u013eahlivosti sa v upev\u0148ovac\u00edch zariadeniach WJKC pou\u017e\u00edva v\u00fdhradne dvoj\u0161roubov\u00e9 spojenie. To zaru\u010duje, \u017ee svorky s\u00fa bezpe\u010dne pripevnen\u00e9 a vydr\u017eia vysok\u00e9 sily p\u00f4sobiace po\u010das prev\u00e1dzky \u017eeriava, \u010d\u00edm sa zvy\u0161uje celkov\u00e1 bezpe\u010dnos\u0165 a v\u00fdkonnos\u0165 ko\u013eajnicov\u00e9ho syst\u00e9mu.<\/p>\n<h4><strong>Nosnos\u0165<\/strong><\/h4>\n<p>Str\u00e1nka <strong>WJKC ko\u013eajnicov\u00fd klip<\/strong> je k dispoz\u00edcii v r\u00f4znych modeloch, z ktor\u00fdch ka\u017ed\u00fd je navrhnut\u00fd tak, aby zvl\u00e1dol r\u00f4zne bo\u010dn\u00e9 sily:<\/p>\n<ul>\n<li><strong>WJKC1<\/strong>: Tento model zvl\u00e1dne maxim\u00e1lnu bo\u010dn\u00fa silu 135 kN od vodorovn\u00fdch vodiacich kolies, tak\u017ee je vhodn\u00fd pre stredne n\u00e1ro\u010dn\u00e9 aplik\u00e1cie.<\/li>\n<li><strong>WJKC2<\/strong>: Tento model je navrhnut\u00fd tak, aby zvl\u00e1dol maxim\u00e1lnu bo\u010dn\u00fa silu 220 kN, a je ide\u00e1lny pre \u0165a\u017e\u0161ie \u017eeriavov\u00e9 oper\u00e1cie.<\/li>\n<li><strong>WJKC3<\/strong>: Model WJKC3 vydr\u017e\u00ed maxim\u00e1lnu bo\u010dn\u00fa silu 400 kN, \u010do z neho rob\u00ed najodolnej\u0161iu mo\u017enos\u0165 pre ve\u013ekokapacitn\u00e9 \u017eeriavy.<\/li>\n<\/ul>\n<p>Celkovo <strong>WJKC ko\u013eajnicov\u00fd klip<\/strong> pon\u00faka spo\u013eahliv\u00e9 a efekt\u00edvne rie\u0161enie na upevnenie \u017eeriavov\u00fdch ko\u013eajn\u00edc v\u010faka jednoduchej in\u0161tal\u00e1cii, vysokej nosnosti a minim\u00e1lnemu vplyvu na integritu \u017eeriavov\u00e9ho nosn\u00edka. V\u010faka dvojit\u00e9mu skrutkov\u00e9mu spojeniu a kon\u0161trukcii bez v\u0155tania je pohodlnou a odolnou vo\u013ebou pre obsluhu \u017eeriavov aj pre t\u00edmy \u00fadr\u017eby.<\/p>","protected":false},"excerpt":{"rendered":"<p><span style=\"font-family: arial, helvetica, sans-serif;\"><strong>\u0160pecifik\u00e1cie WJKC Rail Clip<\/strong><\/span><\/p>\n<ul>\n<li><strong>Modely<\/strong>: WJKC1, WJKC2, WJKC3<\/li>\n<li><strong>Sp\u00f4sob upevnenia<\/strong>: Zv\u00e1ran\u00e1 z\u00e1kladn\u00e1 doska<\/li>\n<\/ul>","protected":false},"featured_media":7089,"template":"","meta":{"_kad_post_transparent":"default","_kad_post_title":"","_kad_post_layout":"default","_kad_post_sidebar_id":"","_kad_post_content_style":"default","_kad_post_vertical_padding":"show","_kad_post_feature":"","_kad_post_feature_position":"","_kad_post_header":false,"_kad_post_footer":false},"product_brand":[],"product_cat":[83],"product_tag":[483,482,481,480,376,489,486,490,488,484,492,487,485,493,478,491,477,479],"class_list":{"0":"post-5519","1":"product","2":"type-product","3":"status-publish","4":"has-post-thumbnail","6":"product_cat-crane-rail-clip","7":"product_tag-05g525-rail-clip","8":"product_tag-cgbk-rail-clip","9":"product_tag-cgek-rail-clip","10":"product_tag-cgwk-rail-clip","11":"product_tag-china-crane-parts-supplier","12":"product_tag-crane-rail-clamp","13":"product_tag-crane-rail-clip","14":"product_tag-crane-rail-clip-supplier","15":"product_tag-crane-rail-fixing-device","16":"product_tag-hdgy-rail-clip","17":"product_tag-rail-connection-splint","18":"product_tag-rail-fixing-device","19":"product_tag-rail-joint","20":"product_tag-special-crane-spreader","21":"product_tag-swjk-rail-clip","22":"product_tag-tracks-jointing-plates","23":"product_tag-wjk-rail-clip","24":"product_tag-wjkc-rail-clip","26":"first","27":"instock","28":"shipping-taxable","29":"product-type-simple","30":"entry","31":"content-bg","32":"loop-entry"},"yoast_head":"<!-- This site is optimized with the Yoast SEO plugin v24.5 - https:\/\/yoast.com\/wordpress\/plugins\/seo\/ -->\n<title>WJKC Rail Clip - Rail fixing device-Crane Rail Clamp-Crane Parts Manufacturer<\/title>\n<meta name=\"description\" content=\"Rail Clips,WJKC Rail Clip,Crane Rail Clips,Rail fixing device,Crane Rail fixing device,crane Rail Clamp,SWJK Rail Clips,Overhead Crane Rail Clip\" \/>\n<meta name=\"robots\" content=\"index, follow, max-snippet:-1, max-image-preview:large, max-video-preview:-1\" \/>\n<link rel=\"canonical\" href=\"https:\/\/www.hnhlcranes.com\/sk\/produkt\/wjkc-kolajnicovy-klip\/\" \/>\n<meta property=\"og:locale\" content=\"sk_SK\" \/>\n<meta property=\"og:type\" content=\"article\" \/>\n<meta property=\"og:title\" content=\"WJKC Rail Clip - Rail fixing device-Crane Rail Clamp-Crane Parts Manufacturer\" \/>\n<meta property=\"og:description\" content=\"Rail Clips,WJKC Rail Clip,Crane Rail Clips,Rail fixing device,Crane Rail fixing device,crane Rail Clamp,SWJK Rail Clips,Overhead Crane Rail Clip\" \/>\n<meta property=\"og:url\" content=\"https:\/\/www.hnhlcranes.com\/sk\/produkt\/wjkc-kolajnicovy-klip\/\" \/>\n<meta property=\"og:site_name\" content=\"Crane Parts Manufacturer\" \/>\n<meta property=\"article:modified_time\" content=\"2025-01-10T09:34:32+00:00\" \/>\n<meta property=\"og:image\" content=\"https:\/\/www.hnhlcranes.com\/wp-content\/uploads\/2024\/11\/WJKC3-Rail-Clip.jpg\" \/>\n\t<meta property=\"og:image:width\" content=\"600\" \/>\n\t<meta property=\"og:image:height\" content=\"600\" \/>\n\t<meta property=\"og:image:type\" content=\"image\/jpeg\" \/>\n<meta name=\"twitter:card\" content=\"summary_large_image\" \/>\n<meta name=\"twitter:label1\" content=\"Predpokladan\u00fd \u010das \u010d\u00edtania\" \/>\n\t<meta name=\"twitter:data1\" content=\"2 min\u00faty\" \/>\n<script type=\"application\/ld+json\" class=\"yoast-schema-graph\">{\"@context\":\"https:\/\/schema.org\",\"@graph\":[{\"@type\":\"WebPage\",\"@id\":\"https:\/\/www.hnhlcranes.com\/product\/wjkc-rail-clip\/\",\"url\":\"https:\/\/www.hnhlcranes.com\/product\/wjkc-rail-clip\/\",\"name\":\"WJKC Rail Clip - Rail fixing device-Crane Rail Clamp-Crane Parts Manufacturer\",\"isPartOf\":{\"@id\":\"https:\/\/www.hnhlcranes.com\/#website\"},\"primaryImageOfPage\":{\"@id\":\"https:\/\/www.hnhlcranes.com\/product\/wjkc-rail-clip\/#primaryimage\"},\"image\":{\"@id\":\"https:\/\/www.hnhlcranes.com\/product\/wjkc-rail-clip\/#primaryimage\"},\"thumbnailUrl\":\"https:\/\/www.hnhlcranes.com\/wp-content\/uploads\/2024\/11\/WJKC3-Rail-Clip.jpg\",\"datePublished\":\"2024-11-29T13:34:40+00:00\",\"dateModified\":\"2025-01-10T09:34:32+00:00\",\"description\":\"Rail Clips,WJKC Rail Clip,Crane Rail Clips,Rail fixing device,Crane Rail fixing device,crane Rail Clamp,SWJK Rail Clips,Overhead Crane Rail Clip\",\"breadcrumb\":{\"@id\":\"https:\/\/www.hnhlcranes.com\/product\/wjkc-rail-clip\/#breadcrumb\"},\"inLanguage\":\"sk-SK\",\"potentialAction\":[{\"@type\":\"ReadAction\",\"target\":[\"https:\/\/www.hnhlcranes.com\/product\/wjkc-rail-clip\/\"]}]},{\"@type\":\"ImageObject\",\"inLanguage\":\"sk-SK\",\"@id\":\"https:\/\/www.hnhlcranes.com\/product\/wjkc-rail-clip\/#primaryimage\",\"url\":\"https:\/\/www.hnhlcranes.com\/wp-content\/uploads\/2024\/11\/WJKC3-Rail-Clip.jpg\",\"contentUrl\":\"https:\/\/www.hnhlcranes.com\/wp-content\/uploads\/2024\/11\/WJKC3-Rail-Clip.jpg\",\"width\":600,\"height\":600},{\"@type\":\"BreadcrumbList\",\"@id\":\"https:\/\/www.hnhlcranes.com\/product\/wjkc-rail-clip\/#breadcrumb\",\"itemListElement\":[{\"@type\":\"ListItem\",\"position\":1,\"name\":\"home\",\"item\":\"https:\/\/www.hnhlcranes.com\/\"},{\"@type\":\"ListItem\",\"position\":2,\"name\":\"products\",\"item\":\"https:\/\/www.hnhlcranes.com\/products\/\"},{\"@type\":\"ListItem\",\"position\":3,\"name\":\"WJKC Rail Clip\"}]},{\"@type\":\"WebSite\",\"@id\":\"https:\/\/www.hnhlcranes.com\/#website\",\"url\":\"https:\/\/www.hnhlcranes.com\/\",\"name\":\"Crane Parts Manufacturer\",\"description\":\"Crane Wheels,Crane Drums,Crane Hooks,Crane Coupling,Crane End Carriage,Electric Hoist,European Crane Parts,Crane Rail Clip,Crane Spreader,Crane Motor,Crane Reducer,Crane Brake,Light Crane Parts,Workstation Crane Parts,Crane Electrical Parts,China Crane Parts Supplier,China Crane Parts Manufacturer,Angle box type crane wheel,45 degree split crane wheel,European crane wheel,Crane Wheel Blocks,Overhead crane drum,European crane drum,Overhead crane hook,European crane hook,Crane pulley block,Gear coupling,Brake wheel coupling,Drum gear coupling,Brake wheel drum gear coupling,Cardan Shaft Coupling,WZL drum coupling,Plum blossom elastic coupling,Brake wheel plum elastic coupling,European Single girder crane end carriage,European Double girder crane end carriage,European Suspension  crane end carriage,Wire Rope Electric Hoist,Electric Chain Hoist,European Single Girder Wire Rope Electric Hoist,European Double Girder Wire Rope Electric Hoist,Crane grab,Container spreader,Billet crane clamps,C-type hook,Lifting Electromagnet,YZR crane motor,YZP crane motor,ZQ Reducer,ZSC Reducer,QJ Reducer,QJ-L Reducer,QJY Reducer,H series gearbox,F Series Gear Motor,K Series Gear Motor,R Series Gear Motor,travelling machinery gear motor,Electro hydraulic drum brake,Electro hydraulic disc brake,Crane Safety brake,Crane cable trolley,Crane remote controller,Crane pendant controller,Crane electrical control cabinet,Crane limit switch,Crane sound and light alarm,Heavy Duty Aviation Connector,Crane overload limiter\",\"publisher\":{\"@id\":\"https:\/\/www.hnhlcranes.com\/#organization\"},\"potentialAction\":[{\"@type\":\"SearchAction\",\"target\":{\"@type\":\"EntryPoint\",\"urlTemplate\":\"https:\/\/www.hnhlcranes.com\/?s={search_term_string}\"},\"query-input\":{\"@type\":\"PropertyValueSpecification\",\"valueRequired\":true,\"valueName\":\"search_term_string\"}}],\"inLanguage\":\"sk-SK\"},{\"@type\":\"Organization\",\"@id\":\"https:\/\/www.hnhlcranes.com\/#organization\",\"name\":\"Crane Parts Manufacturer\",\"url\":\"https:\/\/www.hnhlcranes.com\/\",\"logo\":{\"@type\":\"ImageObject\",\"inLanguage\":\"sk-SK\",\"@id\":\"https:\/\/www.hnhlcranes.com\/#\/schema\/logo\/image\/\",\"url\":\"https:\/\/www.hnhlcranes.com\/wp-content\/uploads\/2025\/01\/HL-logo-1.png\",\"contentUrl\":\"https:\/\/www.hnhlcranes.com\/wp-content\/uploads\/2025\/01\/HL-logo-1.png\",\"width\":600,\"height\":169,\"caption\":\"Crane Parts Manufacturer\"},\"image\":{\"@id\":\"https:\/\/www.hnhlcranes.com\/#\/schema\/logo\/image\/\"}}]}<\/script>\n<!-- \/ Yoast SEO plugin. -->","yoast_head_json":{"title":"WJKC Rail Clip - Rail fixing device-Crane Rail Clamp-Crane Parts Manufacturer","description":"Rail Clips,WJKC Rail Clip,Crane Rail Clips,Rail fixing device,Crane Rail fixing device,crane Rail Clamp,SWJK Rail Clips,Overhead Crane Rail Clip","robots":{"index":"index","follow":"follow","max-snippet":"max-snippet:-1","max-image-preview":"max-image-preview:large","max-video-preview":"max-video-preview:-1"},"canonical":"https:\/\/www.hnhlcranes.com\/sk\/produkt\/wjkc-kolajnicovy-klip\/","og_locale":"sk_SK","og_type":"article","og_title":"WJKC Rail Clip - Rail fixing device-Crane Rail Clamp-Crane Parts Manufacturer","og_description":"Rail Clips,WJKC Rail Clip,Crane Rail Clips,Rail fixing device,Crane Rail fixing device,crane Rail Clamp,SWJK Rail Clips,Overhead Crane Rail Clip","og_url":"https:\/\/www.hnhlcranes.com\/sk\/produkt\/wjkc-kolajnicovy-klip\/","og_site_name":"Crane Parts Manufacturer","article_modified_time":"2025-01-10T09:34:32+00:00","og_image":[{"width":600,"height":600,"url":"https:\/\/www.hnhlcranes.com\/wp-content\/uploads\/2024\/11\/WJKC3-Rail-Clip.jpg","type":"image\/jpeg"}],"twitter_card":"summary_large_image","twitter_misc":{"Predpokladan\u00fd \u010das \u010d\u00edtania":"2 min\u00faty"},"schema":{"@context":"https:\/\/schema.org","@graph":[{"@type":"WebPage","@id":"https:\/\/www.hnhlcranes.com\/product\/wjkc-rail-clip\/","url":"https:\/\/www.hnhlcranes.com\/product\/wjkc-rail-clip\/","name":"WJKC Rail Clip - Rail fixing device-Crane Rail Clamp-Crane Parts Manufacturer","isPartOf":{"@id":"https:\/\/www.hnhlcranes.com\/#website"},"primaryImageOfPage":{"@id":"https:\/\/www.hnhlcranes.com\/product\/wjkc-rail-clip\/#primaryimage"},"image":{"@id":"https:\/\/www.hnhlcranes.com\/product\/wjkc-rail-clip\/#primaryimage"},"thumbnailUrl":"https:\/\/www.hnhlcranes.com\/wp-content\/uploads\/2024\/11\/WJKC3-Rail-Clip.jpg","datePublished":"2024-11-29T13:34:40+00:00","dateModified":"2025-01-10T09:34:32+00:00","description":"Rail Clips,WJKC Rail Clip,Crane Rail Clips,Rail fixing device,Crane Rail fixing device,crane Rail Clamp,SWJK Rail Clips,Overhead Crane Rail Clip","breadcrumb":{"@id":"https:\/\/www.hnhlcranes.com\/product\/wjkc-rail-clip\/#breadcrumb"},"inLanguage":"sk-SK","potentialAction":[{"@type":"ReadAction","target":["https:\/\/www.hnhlcranes.com\/product\/wjkc-rail-clip\/"]}]},{"@type":"ImageObject","inLanguage":"sk-SK","@id":"https:\/\/www.hnhlcranes.com\/product\/wjkc-rail-clip\/#primaryimage","url":"https:\/\/www.hnhlcranes.com\/wp-content\/uploads\/2024\/11\/WJKC3-Rail-Clip.jpg","contentUrl":"https:\/\/www.hnhlcranes.com\/wp-content\/uploads\/2024\/11\/WJKC3-Rail-Clip.jpg","width":600,"height":600},{"@type":"BreadcrumbList","@id":"https:\/\/www.hnhlcranes.com\/product\/wjkc-rail-clip\/#breadcrumb","itemListElement":[{"@type":"ListItem","position":1,"name":"home","item":"https:\/\/www.hnhlcranes.com\/"},{"@type":"ListItem","position":2,"name":"products","item":"https:\/\/www.hnhlcranes.com\/products\/"},{"@type":"ListItem","position":3,"name":"WJKC Rail Clip"}]},{"@type":"WebSite","@id":"https:\/\/www.hnhlcranes.com\/#website","url":"https:\/\/www.hnhlcranes.com\/","name":"Crane Parts Manufacturer","description":"Crane Wheels,Crane Drums,Crane Hooks,Crane Coupling,Crane End Carriage,Electric Hoist,European Crane Parts,Crane Rail Clip,Crane Spreader,Crane Motor,Crane Reducer,Crane Brake,Light Crane Parts,Workstation Crane Parts,Crane Electrical Parts,China Crane Parts Supplier,China Crane Parts Manufacturer,Angle box type crane wheel,45 degree split crane wheel,European crane wheel,Crane Wheel Blocks,Overhead crane drum,European crane drum,Overhead crane hook,European crane hook,Crane pulley block,Gear coupling,Brake wheel coupling,Drum gear coupling,Brake wheel drum gear coupling,Cardan Shaft Coupling,WZL drum coupling,Plum blossom elastic coupling,Brake wheel plum elastic coupling,European Single girder crane end carriage,European Double girder crane end carriage,European Suspension  crane end carriage,Wire Rope Electric Hoist,Electric Chain Hoist,European Single Girder Wire Rope Electric Hoist,European Double Girder Wire Rope Electric Hoist,Crane grab,Container spreader,Billet crane clamps,C-type hook,Lifting Electromagnet,YZR crane motor,YZP crane motor,ZQ Reducer,ZSC Reducer,QJ Reducer,QJ-L Reducer,QJY Reducer,H series gearbox,F Series Gear Motor,K Series Gear Motor,R Series Gear Motor,travelling machinery gear motor,Electro hydraulic drum brake,Electro hydraulic disc brake,Crane Safety brake,Crane cable trolley,Crane remote controller,Crane pendant controller,Crane electrical control cabinet,Crane limit switch,Crane sound and light alarm,Heavy Duty Aviation Connector,Crane overload limiter","publisher":{"@id":"https:\/\/www.hnhlcranes.com\/#organization"},"potentialAction":[{"@type":"SearchAction","target":{"@type":"EntryPoint","urlTemplate":"https:\/\/www.hnhlcranes.com\/?s={search_term_string}"},"query-input":{"@type":"PropertyValueSpecification","valueRequired":true,"valueName":"search_term_string"}}],"inLanguage":"sk-SK"},{"@type":"Organization","@id":"https:\/\/www.hnhlcranes.com\/#organization","name":"Crane Parts Manufacturer","url":"https:\/\/www.hnhlcranes.com\/","logo":{"@type":"ImageObject","inLanguage":"sk-SK","@id":"https:\/\/www.hnhlcranes.com\/#\/schema\/logo\/image\/","url":"https:\/\/www.hnhlcranes.com\/wp-content\/uploads\/2025\/01\/HL-logo-1.png","contentUrl":"https:\/\/www.hnhlcranes.com\/wp-content\/uploads\/2025\/01\/HL-logo-1.png","width":600,"height":169,"caption":"Crane Parts Manufacturer"},"image":{"@id":"https:\/\/www.hnhlcranes.com\/#\/schema\/logo\/image\/"}}]}},"_links":{"self":[{"href":"https:\/\/www.hnhlcranes.com\/sk\/wp-json\/wp\/v2\/product\/5519","targetHints":{"allow":["GET"]}}],"collection":[{"href":"https:\/\/www.hnhlcranes.com\/sk\/wp-json\/wp\/v2\/product"}],"about":[{"href":"https:\/\/www.hnhlcranes.com\/sk\/wp-json\/wp\/v2\/types\/product"}],"version-history":[{"count":5,"href":"https:\/\/www.hnhlcranes.com\/sk\/wp-json\/wp\/v2\/product\/5519\/revisions"}],"predecessor-version":[{"id":7193,"href":"https:\/\/www.hnhlcranes.com\/sk\/wp-json\/wp\/v2\/product\/5519\/revisions\/7193"}],"wp:featuredmedia":[{"embeddable":true,"href":"https:\/\/www.hnhlcranes.com\/sk\/wp-json\/wp\/v2\/media\/7089"}],"wp:attachment":[{"href":"https:\/\/www.hnhlcranes.com\/sk\/wp-json\/wp\/v2\/media?parent=5519"}],"wp:term":[{"taxonomy":"product_brand","embeddable":true,"href":"https:\/\/www.hnhlcranes.com\/sk\/wp-json\/wp\/v2\/product_brand?post=5519"},{"taxonomy":"product_cat","embeddable":true,"href":"https:\/\/www.hnhlcranes.com\/sk\/wp-json\/wp\/v2\/product_cat?post=5519"},{"taxonomy":"product_tag","embeddable":true,"href":"https:\/\/www.hnhlcranes.com\/sk\/wp-json\/wp\/v2\/product_tag?post=5519"}],"curies":[{"name":"wp","href":"https:\/\/api.w.org\/{rel}","templated":true}]}}