{"id":5524,"date":"2024-11-29T21:45:30","date_gmt":"2024-11-29T13:45:30","guid":{"rendered":"https:\/\/www.hnhlcranes.com\/?post_type=product&#038;p=5524"},"modified":"2025-01-10T17:37:54","modified_gmt":"2025-01-10T09:37:54","slug":"cgwk-kolajnicovy-klip","status":"publish","type":"product","link":"https:\/\/www.hnhlcranes.com\/sk\/produkt\/cgwk-kolajnicovy-klip\/","title":{"rendered":"CGWK ko\u013eajnicov\u00e1 spona"},"content":{"rendered":"<h6><img fetchpriority=\"high\" decoding=\"async\" class=\"alignnone wp-image-7096\" src=\"https:\/\/www.hnhlcranes.com\/wp-content\/uploads\/2024\/11\/CGWK-Rail-Clip-1-300x103.jpg\" alt=\"\" width=\"955\" height=\"328\" srcset=\"https:\/\/www.hnhlcranes.com\/wp-content\/uploads\/2024\/11\/CGWK-Rail-Clip-1-300x103.jpg 300w, https:\/\/www.hnhlcranes.com\/wp-content\/uploads\/2024\/11\/CGWK-Rail-Clip-1-768x263.jpg 768w, https:\/\/www.hnhlcranes.com\/wp-content\/uploads\/2024\/11\/CGWK-Rail-Clip-1-600x205.jpg 600w, https:\/\/www.hnhlcranes.com\/wp-content\/uploads\/2024\/11\/CGWK-Rail-Clip-1.jpg 1000w\" sizes=\"(max-width: 955px) 100vw, 955px\" \/><\/h6>\n<h3><strong>Vlastnosti CGWK Rail Clip<\/strong><\/h3>\n<h4><strong>Zv\u00e1ranie z\u00e1kladnej dosky<\/strong><\/h4>\n<p>Str\u00e1nka <strong>Z\u00e1kladn\u00e1 doska CGWK<\/strong> je privaren\u00e1 k hornej pr\u00edrube oce\u013eov\u00e9ho nosn\u00edka \u017eeriavu pomocou obojstrann\u00fdch k\u00fatov\u00fdch zvarov alebo trojstrann\u00fdch obtokov\u00fdch zvarov. T\u00fdm sa zabezpe\u010d\u00ed rovnomern\u00fd prenos vodorovn\u00fdch bo\u010dn\u00fdch s\u00edl od \u017eeriava na nosn\u00edk \u017eeriava. Na druhej strane sa t\u00fdm pred\u00edde kon\u0161truk\u010dn\u00fdm nedostatkom, ktor\u00e9 s\u00fa zvy\u010dajne sp\u00f4soben\u00e9 rozsiahlym v\u0155tan\u00edm na pr\u00edrube nosn\u00edka, \u010d\u00edm sa zv\u00fd\u0161i celkov\u00e1 stabilita \u017eeriavov\u00e9ho syst\u00e9mu.<\/p>\n<h4><strong>Sf\u00e9rick\u00e9 z\u00e1vesn\u00e9 pripojenie<\/strong><\/h4>\n<p>Z\u00e1kladn\u00e1 doska a horn\u00e1 up\u00ednacia doska s\u00fa spojen\u00e9 prostredn\u00edctvom gu\u013eov\u00e9ho z\u00e1vesu. T\u00e1to kon\u0161trukcia umo\u017e\u0148uje mierny n\u00e1klon pri p\u00f4soben\u00ed bo\u010dn\u00fdch s\u00edl, \u010do \u00fa\u010dinne zmier\u0148uje vplyv horizont\u00e1lnych s\u00edl na nosn\u00edk \u017eeriava a brzdov\u00e9 syst\u00e9my. V d\u00f4sledku toho pom\u00e1ha pred\u013a\u017ei\u0165 \u017eivotnos\u0165 nosn\u00edka \u017eeriava aj brzdov\u00fdch syst\u00e9mov t\u00fdm, \u017ee zni\u017euje nam\u00e1hanie t\u00fdchto komponentov.<\/p>\n<h4><strong>Bl\u00edzkos\u0165 polohy<\/strong><\/h4>\n<p>Str\u00e1nka <strong>Z\u00e1kladn\u00e1 doska CGWK<\/strong> je strategicky umiestnen\u00e1 pribli\u017ene 1 mm pod spodn\u00fdm okrajom ko\u013eajnice. Toto presn\u00e9 umiestnenie \u00fa\u010dinne obmedzuje bo\u010dn\u00fd pohyb ko\u013eajnice, \u010d\u00edm sa zabezpe\u010duje v\u00e4\u010d\u0161ia stabilita a zni\u017euje riziko nespr\u00e1vneho nastavenia ko\u013eajnice po\u010das prev\u00e1dzky.<\/p>\n<h4><strong>\u0160peci\u00e1lne skrutky pre stabilitu<\/strong><\/h4>\n<p>Na optimaliz\u00e1ciu rozlo\u017eenia za\u0165a\u017eenia na upev\u0148ovacie komponenty sa pou\u017e\u00edvaj\u00fa \u0161peci\u00e1lne skrutky. Tieto skrutky zvy\u0161uj\u00fa celkov\u00fa stabilitu syst\u00e9mu a horn\u00fa up\u00ednaciu dosku mo\u017eno \u013eahko odstr\u00e1ni\u0165. T\u00e1to kon\u0161truk\u010dn\u00e1 vlastnos\u0165 v\u00fdrazne zjednodu\u0161uje in\u0161tal\u00e1ciu a \u00fadr\u017ebu, \u010d\u00edm sa syst\u00e9m st\u00e1va u\u017e\u00edvate\u013esky pr\u00edvetivej\u0161\u00edm a n\u00e1kladovo efekt\u00edvnej\u0161\u00edm.<\/p>\n<h4><strong>Materi\u00e1l a pevnos\u0165<\/strong><\/h4>\n<p>V\u0161etky upev\u0148ovacie komponenty s\u00fa vyroben\u00e9 z n\u00edzkolegovanej vysokopevnostnej ocele, ktor\u00e1 zaru\u010duje odolnos\u0165 a pevnos\u0165. Pevnostn\u00e9 skrutky M20 triedy 8.8 sa u\u0165ahuj\u00fa kr\u00fatiacim momentom 220 N-m, \u010do zabezpe\u010duje robustn\u00e9 a bezpe\u010dn\u00e9 upevnenie. Okrem toho syst\u00e9m vydr\u017e\u00ed maxim\u00e1lnu bo\u010dn\u00fa silu 65 kN v ka\u017edom bode za\u0165a\u017eenia kolesa, \u010do zaru\u010duje jeho spo\u013eahlivos\u0165 pri n\u00e1ro\u010dnej prev\u00e1dzke \u017eeriava.<\/p>\n<h3><strong>In\u0161tala\u010dn\u00e9 pokyny pre CGWK Rail Clip<\/strong><\/h3>\n<h4><strong>Vyrovnanie ko\u013eajn\u00edc<\/strong><\/h4>\n<p>Pred za\u010dat\u00edm in\u0161tal\u00e1cie je nevyhnutn\u00e9 vyrovna\u0165 ko\u013eajnicu pod\u013ea kon\u0161truk\u010dn\u00fdch \u00fadajov. Tento krok je rozhoduj\u00faci na zabezpe\u010denie spr\u00e1vneho umiestnenia ko\u013eajnice a spr\u00e1vnej funkcie cel\u00e9ho syst\u00e9mu.<\/p>\n<h4><strong>Umiestnenie z\u00e1kladnej dosky<\/strong><\/h4>\n<p>Potom umiestnite z\u00e1kladov\u00e9 dosky pozd\u013a\u017e smeru ko\u013eajnice v odstupoch 500 mm. Okrem toho sa uistite, \u017ee kolm\u00e1 vzdialenos\u0165 od stredu skrutky k stredu ko\u013eajnice (hodnota a) je spr\u00e1vne umiestnen\u00e1, aby sa zabezpe\u010dilo spr\u00e1vne vyrovnanie a funk\u010dnos\u0165.<\/p>\n<h4><strong>Zv\u00e1ranie z\u00e1kladnej dosky<\/strong><\/h4>\n<p>Po umiestnen\u00ed z\u00e1kladov\u00fdch dosiek privarte z\u00e1kladov\u00fa dosku k nosn\u00edku \u017eeriavu ur\u010denou met\u00f3dou zv\u00e1rania (obojstrann\u00e9 alebo trojstrann\u00e9 zv\u00e1ranie). T\u00fdmto krokom sa z\u00e1kladov\u00e9 dosky pripevnia k nosn\u00edku \u017eeriavu a vytvoria stabiln\u00fd z\u00e1klad pre ko\u013eajnicov\u00e9 svorky.<\/p>\n<h4><strong>Mont\u00e1\u017e komponentov<\/strong><\/h4>\n<p>Zostavenie <strong>CGWK ko\u013eajnicov\u00fd klip<\/strong>, postupujte pod\u013ea t\u00fdchto krokov v ni\u017e\u0161ie uvedenom porad\u00ed:<\/p>\n<ul>\n<li>Umiestnite skrutky na upevnenie komponentov.<\/li>\n<li>Umiestnite horn\u00fa up\u00ednaciu dosku na z\u00e1kladn\u00fa dosku.<\/li>\n<li>Na skrutky pridajte ploch\u00e9 podlo\u017eky, pru\u017en\u00e9 podlo\u017eky a matice.<\/li>\n<li>Nakoniec utiahnite matice kr\u00fatiacim momentom 220 N-m, aby bol syst\u00e9m bezpe\u010dne zmontovan\u00fd a pripraven\u00fd na pou\u017eitie.<\/li>\n<\/ul>\n<p>Dodr\u017eiavan\u00edm t\u00fdchto pokynov sa <strong>CGWK ko\u013eajnicov\u00fd klip<\/strong> syst\u00e9m bude nain\u0161talovan\u00fd efekt\u00edvne a poskytne spo\u013eahliv\u00e9 a odoln\u00e9 rie\u0161enie na zabezpe\u010denie \u017eeriavov\u00fdch ko\u013eajn\u00edc. V\u010faka prec\u00edznemu dizajnu, pou\u017eitiu vysokopevnostn\u00fdch materi\u00e1lov a jednoduchej in\u0161tal\u00e1cii je ide\u00e1lnou vo\u013ebou pre n\u00e1ro\u010dn\u00e9 priemyseln\u00e9 aplik\u00e1cie.<\/p>","protected":false},"excerpt":{"rendered":"<h6><span style=\"font-family: arial, helvetica, sans-serif; font-size: 14pt;\"><strong>\u0160pecifik\u00e1cie CGWK Rail Clip<\/strong><\/span><\/h6>\n<ul>\n<li><strong>Modely<\/strong>: CGWK38, CGWK43, CGWK50, CGWK60, CGWK70, CGWK80, CGWK100, CGWK120<\/li>\n<li><strong>Sp\u00f4sob upevnenia<\/strong>: Zv\u00e1ran\u00e1 z\u00e1kladn\u00e1 doska<\/li>\n<\/ul>","protected":false},"featured_media":7094,"template":"","meta":{"_kad_post_transparent":"default","_kad_post_title":"","_kad_post_layout":"default","_kad_post_sidebar_id":"","_kad_post_content_style":"default","_kad_post_vertical_padding":"show","_kad_post_feature":"","_kad_post_feature_position":"","_kad_post_header":false,"_kad_post_footer":false},"product_brand":[],"product_cat":[83],"product_tag":[483,482,481,480,376,489,486,490,488,484,492,487,485,493,478,491,477,479],"class_list":{"0":"post-5524","1":"product","2":"type-product","3":"status-publish","4":"has-post-thumbnail","6":"product_cat-crane-rail-clip","7":"product_tag-05g525-rail-clip","8":"product_tag-cgbk-rail-clip","9":"product_tag-cgek-rail-clip","10":"product_tag-cgwk-rail-clip","11":"product_tag-china-crane-parts-supplier","12":"product_tag-crane-rail-clamp","13":"product_tag-crane-rail-clip","14":"product_tag-crane-rail-clip-supplier","15":"product_tag-crane-rail-fixing-device","16":"product_tag-hdgy-rail-clip","17":"product_tag-rail-connection-splint","18":"product_tag-rail-fixing-device","19":"product_tag-rail-joint","20":"product_tag-special-crane-spreader","21":"product_tag-swjk-rail-clip","22":"product_tag-tracks-jointing-plates","23":"product_tag-wjk-rail-clip","24":"product_tag-wjkc-rail-clip","26":"first","27":"instock","28":"shipping-taxable","29":"product-type-simple","30":"entry","31":"content-bg","32":"loop-entry"},"yoast_head":"<!-- This site is optimized with the Yoast SEO plugin v24.5 - https:\/\/yoast.com\/wordpress\/plugins\/seo\/ -->\n<title>CGWK Rail Clip - Rail fixing device- Rail Clamp-Crane Parts Manufacturer<\/title>\n<meta name=\"description\" content=\"Rail Clips,CGWK Rail Clip,Crane Rail Clips,Rail fixing device,Crane Rail fixing device,crane Rail Clamp,WJK Rail Clips,Overhead Crane Rail Clip\" \/>\n<meta name=\"robots\" content=\"index, follow, max-snippet:-1, max-image-preview:large, max-video-preview:-1\" \/>\n<link rel=\"canonical\" href=\"https:\/\/www.hnhlcranes.com\/sk\/produkt\/cgwk-kolajnicovy-klip\/\" \/>\n<meta property=\"og:locale\" content=\"sk_SK\" \/>\n<meta property=\"og:type\" content=\"article\" \/>\n<meta property=\"og:title\" content=\"CGWK Rail Clip - Rail fixing device- Rail Clamp-Crane Parts Manufacturer\" \/>\n<meta property=\"og:description\" content=\"Rail Clips,CGWK Rail Clip,Crane Rail Clips,Rail fixing device,Crane Rail fixing device,crane Rail Clamp,WJK Rail Clips,Overhead Crane Rail Clip\" \/>\n<meta property=\"og:url\" content=\"https:\/\/www.hnhlcranes.com\/sk\/produkt\/cgwk-kolajnicovy-klip\/\" \/>\n<meta property=\"og:site_name\" content=\"Crane Parts Manufacturer\" \/>\n<meta property=\"article:modified_time\" content=\"2025-01-10T09:37:54+00:00\" \/>\n<meta property=\"og:image\" content=\"https:\/\/www.hnhlcranes.com\/wp-content\/uploads\/2024\/11\/CGWK-Rail-Clip.jpg\" \/>\n\t<meta property=\"og:image:width\" content=\"600\" \/>\n\t<meta property=\"og:image:height\" content=\"600\" \/>\n\t<meta property=\"og:image:type\" content=\"image\/jpeg\" \/>\n<meta name=\"twitter:card\" content=\"summary_large_image\" \/>\n<meta name=\"twitter:label1\" content=\"Predpokladan\u00fd \u010das \u010d\u00edtania\" \/>\n\t<meta name=\"twitter:data1\" content=\"3 min\u00faty\" \/>\n<script type=\"application\/ld+json\" class=\"yoast-schema-graph\">{\"@context\":\"https:\/\/schema.org\",\"@graph\":[{\"@type\":\"WebPage\",\"@id\":\"https:\/\/www.hnhlcranes.com\/product\/cgwk-rail-clip\/\",\"url\":\"https:\/\/www.hnhlcranes.com\/product\/cgwk-rail-clip\/\",\"name\":\"CGWK Rail Clip - Rail fixing device- Rail Clamp-Crane Parts Manufacturer\",\"isPartOf\":{\"@id\":\"https:\/\/www.hnhlcranes.com\/#website\"},\"primaryImageOfPage\":{\"@id\":\"https:\/\/www.hnhlcranes.com\/product\/cgwk-rail-clip\/#primaryimage\"},\"image\":{\"@id\":\"https:\/\/www.hnhlcranes.com\/product\/cgwk-rail-clip\/#primaryimage\"},\"thumbnailUrl\":\"https:\/\/www.hnhlcranes.com\/wp-content\/uploads\/2024\/11\/CGWK-Rail-Clip.jpg\",\"datePublished\":\"2024-11-29T13:45:30+00:00\",\"dateModified\":\"2025-01-10T09:37:54+00:00\",\"description\":\"Rail Clips,CGWK Rail Clip,Crane Rail Clips,Rail fixing device,Crane Rail fixing device,crane Rail Clamp,WJK Rail Clips,Overhead Crane Rail Clip\",\"breadcrumb\":{\"@id\":\"https:\/\/www.hnhlcranes.com\/product\/cgwk-rail-clip\/#breadcrumb\"},\"inLanguage\":\"sk-SK\",\"potentialAction\":[{\"@type\":\"ReadAction\",\"target\":[\"https:\/\/www.hnhlcranes.com\/product\/cgwk-rail-clip\/\"]}]},{\"@type\":\"ImageObject\",\"inLanguage\":\"sk-SK\",\"@id\":\"https:\/\/www.hnhlcranes.com\/product\/cgwk-rail-clip\/#primaryimage\",\"url\":\"https:\/\/www.hnhlcranes.com\/wp-content\/uploads\/2024\/11\/CGWK-Rail-Clip.jpg\",\"contentUrl\":\"https:\/\/www.hnhlcranes.com\/wp-content\/uploads\/2024\/11\/CGWK-Rail-Clip.jpg\",\"width\":600,\"height\":600},{\"@type\":\"BreadcrumbList\",\"@id\":\"https:\/\/www.hnhlcranes.com\/product\/cgwk-rail-clip\/#breadcrumb\",\"itemListElement\":[{\"@type\":\"ListItem\",\"position\":1,\"name\":\"home\",\"item\":\"https:\/\/www.hnhlcranes.com\/\"},{\"@type\":\"ListItem\",\"position\":2,\"name\":\"products\",\"item\":\"https:\/\/www.hnhlcranes.com\/products\/\"},{\"@type\":\"ListItem\",\"position\":3,\"name\":\"CGWK Rail Clip\"}]},{\"@type\":\"WebSite\",\"@id\":\"https:\/\/www.hnhlcranes.com\/#website\",\"url\":\"https:\/\/www.hnhlcranes.com\/\",\"name\":\"Crane Parts Manufacturer\",\"description\":\"Crane Wheels,Crane Drums,Crane Hooks,Crane Coupling,Crane End Carriage,Electric Hoist,European Crane Parts,Crane Rail Clip,Crane Spreader,Crane Motor,Crane Reducer,Crane Brake,Light Crane Parts,Workstation Crane Parts,Crane Electrical Parts,China Crane Parts Supplier,China Crane Parts Manufacturer,Angle box type crane wheel,45 degree split crane wheel,European crane wheel,Crane Wheel Blocks,Overhead crane drum,European crane drum,Overhead crane hook,European crane hook,Crane pulley block,Gear coupling,Brake wheel coupling,Drum gear coupling,Brake wheel drum gear coupling,Cardan Shaft Coupling,WZL drum coupling,Plum blossom elastic coupling,Brake wheel plum elastic coupling,European Single girder crane end carriage,European Double girder crane end carriage,European Suspension  crane end carriage,Wire Rope Electric Hoist,Electric Chain Hoist,European Single Girder Wire Rope Electric Hoist,European Double Girder Wire Rope Electric Hoist,Crane grab,Container spreader,Billet crane clamps,C-type hook,Lifting Electromagnet,YZR crane motor,YZP crane motor,ZQ Reducer,ZSC Reducer,QJ Reducer,QJ-L Reducer,QJY Reducer,H series gearbox,F Series Gear Motor,K Series Gear Motor,R Series Gear Motor,travelling machinery gear motor,Electro hydraulic drum brake,Electro hydraulic disc brake,Crane Safety brake,Crane cable trolley,Crane remote controller,Crane pendant controller,Crane electrical control cabinet,Crane limit switch,Crane sound and light alarm,Heavy Duty Aviation Connector,Crane overload limiter\",\"publisher\":{\"@id\":\"https:\/\/www.hnhlcranes.com\/#organization\"},\"potentialAction\":[{\"@type\":\"SearchAction\",\"target\":{\"@type\":\"EntryPoint\",\"urlTemplate\":\"https:\/\/www.hnhlcranes.com\/?s={search_term_string}\"},\"query-input\":{\"@type\":\"PropertyValueSpecification\",\"valueRequired\":true,\"valueName\":\"search_term_string\"}}],\"inLanguage\":\"sk-SK\"},{\"@type\":\"Organization\",\"@id\":\"https:\/\/www.hnhlcranes.com\/#organization\",\"name\":\"Crane Parts Manufacturer\",\"url\":\"https:\/\/www.hnhlcranes.com\/\",\"logo\":{\"@type\":\"ImageObject\",\"inLanguage\":\"sk-SK\",\"@id\":\"https:\/\/www.hnhlcranes.com\/#\/schema\/logo\/image\/\",\"url\":\"https:\/\/www.hnhlcranes.com\/wp-content\/uploads\/2025\/01\/HL-logo-1.png\",\"contentUrl\":\"https:\/\/www.hnhlcranes.com\/wp-content\/uploads\/2025\/01\/HL-logo-1.png\",\"width\":600,\"height\":169,\"caption\":\"Crane Parts Manufacturer\"},\"image\":{\"@id\":\"https:\/\/www.hnhlcranes.com\/#\/schema\/logo\/image\/\"}}]}<\/script>\n<!-- \/ Yoast SEO plugin. -->","yoast_head_json":{"title":"CGWK Rail Clip - Rail fixing device- Rail Clamp-Crane Parts Manufacturer","description":"Rail Clips,CGWK Rail Clip,Crane Rail Clips,Rail fixing device,Crane Rail fixing device,crane Rail Clamp,WJK Rail Clips,Overhead Crane Rail Clip","robots":{"index":"index","follow":"follow","max-snippet":"max-snippet:-1","max-image-preview":"max-image-preview:large","max-video-preview":"max-video-preview:-1"},"canonical":"https:\/\/www.hnhlcranes.com\/sk\/produkt\/cgwk-kolajnicovy-klip\/","og_locale":"sk_SK","og_type":"article","og_title":"CGWK Rail Clip - Rail fixing device- Rail Clamp-Crane Parts Manufacturer","og_description":"Rail Clips,CGWK Rail Clip,Crane Rail Clips,Rail fixing device,Crane Rail fixing device,crane Rail Clamp,WJK Rail Clips,Overhead Crane Rail Clip","og_url":"https:\/\/www.hnhlcranes.com\/sk\/produkt\/cgwk-kolajnicovy-klip\/","og_site_name":"Crane Parts Manufacturer","article_modified_time":"2025-01-10T09:37:54+00:00","og_image":[{"width":600,"height":600,"url":"https:\/\/www.hnhlcranes.com\/wp-content\/uploads\/2024\/11\/CGWK-Rail-Clip.jpg","type":"image\/jpeg"}],"twitter_card":"summary_large_image","twitter_misc":{"Predpokladan\u00fd \u010das \u010d\u00edtania":"3 min\u00faty"},"schema":{"@context":"https:\/\/schema.org","@graph":[{"@type":"WebPage","@id":"https:\/\/www.hnhlcranes.com\/product\/cgwk-rail-clip\/","url":"https:\/\/www.hnhlcranes.com\/product\/cgwk-rail-clip\/","name":"CGWK Rail Clip - Rail fixing device- Rail Clamp-Crane Parts Manufacturer","isPartOf":{"@id":"https:\/\/www.hnhlcranes.com\/#website"},"primaryImageOfPage":{"@id":"https:\/\/www.hnhlcranes.com\/product\/cgwk-rail-clip\/#primaryimage"},"image":{"@id":"https:\/\/www.hnhlcranes.com\/product\/cgwk-rail-clip\/#primaryimage"},"thumbnailUrl":"https:\/\/www.hnhlcranes.com\/wp-content\/uploads\/2024\/11\/CGWK-Rail-Clip.jpg","datePublished":"2024-11-29T13:45:30+00:00","dateModified":"2025-01-10T09:37:54+00:00","description":"Rail Clips,CGWK Rail Clip,Crane Rail Clips,Rail fixing device,Crane Rail fixing device,crane Rail Clamp,WJK Rail Clips,Overhead Crane Rail Clip","breadcrumb":{"@id":"https:\/\/www.hnhlcranes.com\/product\/cgwk-rail-clip\/#breadcrumb"},"inLanguage":"sk-SK","potentialAction":[{"@type":"ReadAction","target":["https:\/\/www.hnhlcranes.com\/product\/cgwk-rail-clip\/"]}]},{"@type":"ImageObject","inLanguage":"sk-SK","@id":"https:\/\/www.hnhlcranes.com\/product\/cgwk-rail-clip\/#primaryimage","url":"https:\/\/www.hnhlcranes.com\/wp-content\/uploads\/2024\/11\/CGWK-Rail-Clip.jpg","contentUrl":"https:\/\/www.hnhlcranes.com\/wp-content\/uploads\/2024\/11\/CGWK-Rail-Clip.jpg","width":600,"height":600},{"@type":"BreadcrumbList","@id":"https:\/\/www.hnhlcranes.com\/product\/cgwk-rail-clip\/#breadcrumb","itemListElement":[{"@type":"ListItem","position":1,"name":"home","item":"https:\/\/www.hnhlcranes.com\/"},{"@type":"ListItem","position":2,"name":"products","item":"https:\/\/www.hnhlcranes.com\/products\/"},{"@type":"ListItem","position":3,"name":"CGWK Rail Clip"}]},{"@type":"WebSite","@id":"https:\/\/www.hnhlcranes.com\/#website","url":"https:\/\/www.hnhlcranes.com\/","name":"Crane Parts Manufacturer","description":"Crane Wheels,Crane Drums,Crane Hooks,Crane Coupling,Crane End Carriage,Electric Hoist,European Crane Parts,Crane Rail Clip,Crane Spreader,Crane Motor,Crane Reducer,Crane Brake,Light Crane Parts,Workstation Crane Parts,Crane Electrical Parts,China Crane Parts Supplier,China Crane Parts Manufacturer,Angle box type crane wheel,45 degree split crane wheel,European crane wheel,Crane Wheel Blocks,Overhead crane drum,European crane drum,Overhead crane hook,European crane hook,Crane pulley block,Gear coupling,Brake wheel coupling,Drum gear coupling,Brake wheel drum gear coupling,Cardan Shaft Coupling,WZL drum coupling,Plum blossom elastic coupling,Brake wheel plum elastic coupling,European Single girder crane end carriage,European Double girder crane end carriage,European Suspension  crane end carriage,Wire Rope Electric Hoist,Electric Chain Hoist,European Single Girder Wire Rope Electric Hoist,European Double Girder Wire Rope Electric Hoist,Crane grab,Container spreader,Billet crane clamps,C-type hook,Lifting Electromagnet,YZR crane motor,YZP crane motor,ZQ Reducer,ZSC Reducer,QJ Reducer,QJ-L Reducer,QJY Reducer,H series gearbox,F Series Gear Motor,K Series Gear Motor,R Series Gear Motor,travelling machinery gear motor,Electro hydraulic drum brake,Electro hydraulic disc brake,Crane Safety brake,Crane cable trolley,Crane remote controller,Crane pendant controller,Crane electrical control cabinet,Crane limit switch,Crane sound and light alarm,Heavy Duty Aviation Connector,Crane overload limiter","publisher":{"@id":"https:\/\/www.hnhlcranes.com\/#organization"},"potentialAction":[{"@type":"SearchAction","target":{"@type":"EntryPoint","urlTemplate":"https:\/\/www.hnhlcranes.com\/?s={search_term_string}"},"query-input":{"@type":"PropertyValueSpecification","valueRequired":true,"valueName":"search_term_string"}}],"inLanguage":"sk-SK"},{"@type":"Organization","@id":"https:\/\/www.hnhlcranes.com\/#organization","name":"Crane Parts Manufacturer","url":"https:\/\/www.hnhlcranes.com\/","logo":{"@type":"ImageObject","inLanguage":"sk-SK","@id":"https:\/\/www.hnhlcranes.com\/#\/schema\/logo\/image\/","url":"https:\/\/www.hnhlcranes.com\/wp-content\/uploads\/2025\/01\/HL-logo-1.png","contentUrl":"https:\/\/www.hnhlcranes.com\/wp-content\/uploads\/2025\/01\/HL-logo-1.png","width":600,"height":169,"caption":"Crane Parts Manufacturer"},"image":{"@id":"https:\/\/www.hnhlcranes.com\/#\/schema\/logo\/image\/"}}]}},"_links":{"self":[{"href":"https:\/\/www.hnhlcranes.com\/sk\/wp-json\/wp\/v2\/product\/5524","targetHints":{"allow":["GET"]}}],"collection":[{"href":"https:\/\/www.hnhlcranes.com\/sk\/wp-json\/wp\/v2\/product"}],"about":[{"href":"https:\/\/www.hnhlcranes.com\/sk\/wp-json\/wp\/v2\/types\/product"}],"version-history":[{"count":5,"href":"https:\/\/www.hnhlcranes.com\/sk\/wp-json\/wp\/v2\/product\/5524\/revisions"}],"predecessor-version":[{"id":7194,"href":"https:\/\/www.hnhlcranes.com\/sk\/wp-json\/wp\/v2\/product\/5524\/revisions\/7194"}],"wp:featuredmedia":[{"embeddable":true,"href":"https:\/\/www.hnhlcranes.com\/sk\/wp-json\/wp\/v2\/media\/7094"}],"wp:attachment":[{"href":"https:\/\/www.hnhlcranes.com\/sk\/wp-json\/wp\/v2\/media?parent=5524"}],"wp:term":[{"taxonomy":"product_brand","embeddable":true,"href":"https:\/\/www.hnhlcranes.com\/sk\/wp-json\/wp\/v2\/product_brand?post=5524"},{"taxonomy":"product_cat","embeddable":true,"href":"https:\/\/www.hnhlcranes.com\/sk\/wp-json\/wp\/v2\/product_cat?post=5524"},{"taxonomy":"product_tag","embeddable":true,"href":"https:\/\/www.hnhlcranes.com\/sk\/wp-json\/wp\/v2\/product_tag?post=5524"}],"curies":[{"name":"wp","href":"https:\/\/api.w.org\/{rel}","templated":true}]}}