{"id":5528,"date":"2024-11-29T22:04:09","date_gmt":"2024-11-29T14:04:09","guid":{"rendered":"https:\/\/www.hnhlcranes.com\/?post_type=product&#038;p=5528"},"modified":"2025-01-10T17:43:16","modified_gmt":"2025-01-10T09:43:16","slug":"cgek-kolajnicova-svorka","status":"publish","type":"product","link":"https:\/\/www.hnhlcranes.com\/sk\/produkt\/cgek-kolajnicova-svorka\/","title":{"rendered":"CGEK ko\u013eajnicov\u00e1 spona"},"content":{"rendered":"<h6><img fetchpriority=\"high\" decoding=\"async\" class=\"alignnone wp-image-7104\" src=\"https:\/\/www.hnhlcranes.com\/wp-content\/uploads\/2024\/11\/CGEK-Rail-Clip-3-300x129.jpg\" alt=\"\" width=\"949\" height=\"408\" srcset=\"https:\/\/www.hnhlcranes.com\/wp-content\/uploads\/2024\/11\/CGEK-Rail-Clip-3-300x129.jpg 300w, https:\/\/www.hnhlcranes.com\/wp-content\/uploads\/2024\/11\/CGEK-Rail-Clip-3-768x331.jpg 768w, https:\/\/www.hnhlcranes.com\/wp-content\/uploads\/2024\/11\/CGEK-Rail-Clip-3-600x259.jpg 600w, https:\/\/www.hnhlcranes.com\/wp-content\/uploads\/2024\/11\/CGEK-Rail-Clip-3.jpg 1000w\" sizes=\"(max-width: 949px) 100vw, 949px\" \/><\/h6>\n<h3><strong>Vlastnosti CGEK Rail Clip<\/strong><\/h3>\n<h4><strong>Bo\u010dn\u00e9 nastavenie<\/strong><\/h4>\n<p>Str\u00e1nka <strong>CGEK ko\u013eajnicov\u00e1 spona<\/strong> umo\u017e\u0148uje bo\u010dn\u00e9 nastavenie, ktor\u00e9 optimalizuje podmienky pre presn\u00fa in\u0161tal\u00e1ciu a vyrovnanie ko\u013eajn\u00edc. T\u00e1to flexibilita zabezpe\u010duje presn\u00e9 umiestnenie ko\u013eajnicov\u00e9ho syst\u00e9mu, \u010do u\u013eah\u010duje plynul\u00fa a efekt\u00edvnu prev\u00e1dzku \u017eeriavu.<\/p>\n<h4><strong>Spo\u013eahlivos\u0165 pri odol\u00e1van\u00ed bo\u010dn\u00fdm sil\u00e1m<\/strong><\/h4>\n<p>Pevn\u00e9 s\u00fa\u010dasti svoriek s\u00fa navrhnut\u00e9 tak, aby spo\u013eahlivo odol\u00e1vali bo\u010dn\u00fdm sil\u00e1m vznikaj\u00facim po\u010das prev\u00e1dzky \u017eeriava. V\u010faka tomu zabezpe\u010duj\u00fa stabilitu, zabra\u0148uj\u00fa pohybu a zvy\u0161uj\u00fa celkov\u00fa bezpe\u010dnos\u0165 a v\u00fdkonnos\u0165 syst\u00e9mu \u017eeriavov\u00fdch ko\u013eajn\u00edc.<\/p>\n<h4><strong>Kompaktn\u00fd dizajn<\/strong><\/h4>\n<p>V\u010faka \u00fazkej a plochej kon\u0161trukcii maj\u00fa tieto svorky optim\u00e1lne mont\u00e1\u017ene rozmery, tak\u017ee s\u00fa vhodn\u00e9 pre \u017eeriavy s vodiacimi kolesami aj bez nich. T\u00e1to kompaktn\u00e1 kon\u0161trukcia pom\u00e1ha maximalizova\u0165 efekt\u00edvnos\u0165 vyu\u017eitia priestoru a poskytuje jednoduch\u00fa in\u0161tal\u00e1ciu.<\/p>\n<h4><strong>Automatick\u00fd uzamykac\u00ed mechanizmus<\/strong><\/h4>\n<p>V\u010faka klinovej kon\u0161trukcii a vz\u00e1jomne sa prekr\u00fdvaj\u00facim \u0161ikm\u00fdm ploch\u00e1m hornej a dolnej up\u00ednacej dosky sa svorky automaticky zaistia na svojom mieste. Tento automatick\u00fd blokovac\u00ed mechanizmus zjednodu\u0161uje proces in\u0161tal\u00e1cie a zabezpe\u010duje, \u017ee svorky zostan\u00fa po\u010das prev\u00e1dzky bezpe\u010dne na svojom mieste.<\/p>\n<h4><strong>Kontrola tolerancie a odolnos\u0165 kontaktov<\/strong><\/h4>\n<p>Ko\u013eajnicov\u00e1 spona CGEK sa \u00fa\u010dinne prisp\u00f4sobuje toleranci\u00e1m ko\u013eajnice a nosn\u00edka \u017eeriavu, \u010d\u00edm zabezpe\u010duje presn\u00e9 uchytenie. Okrem toho udr\u017eiava dlhotrvaj\u00faci kontakt medzi ko\u013eajnicou a podstavcom, ktor\u00fd je podporovan\u00fd vopred napnut\u00fdmi z\u00e1kladmi, ktor\u00e9 zvy\u0161uj\u00fa odolnos\u0165 a stabilitu.<\/p>\n<h4><strong>Zn\u00ed\u017eenie hluku<\/strong><\/h4>\n<p>Inovat\u00edvny dizajn ko\u013eajnicovej svorky CGEK v\u00fdrazne zni\u017euje hluk, \u010do prispieva k zlep\u0161eniu pracovn\u00e9ho prostredia. T\u00e1to vlastnos\u0165 je obzvl\u00e1\u0161\u0165 v\u00fdhodn\u00e1 v prostrediach, kde je regul\u00e1cia hluku rozhoduj\u00faca pre zachovanie prev\u00e1dzkovej efekt\u00edvnosti a pohodlia pracovn\u00edkov.<\/p>\n<h4><strong>Vysokopevnostn\u00e9 materi\u00e1ly<\/strong><\/h4>\n<p>Komponenty s\u00fa vyroben\u00e9 z n\u00edzkolegovanej kon\u0161truk\u010dnej ocele s vysokou pevnos\u0165ou, \u010do zaru\u010duje zv\u00fd\u0161en\u00fa odolnos\u0165 a v\u00fdkon. Tento v\u00fdber materi\u00e1lu predl\u017euje \u017eivotnos\u0165 svoriek aj v n\u00e1ro\u010dn\u00fdch podmienkach.<\/p>\n<h4><strong>Vysokopevnostn\u00e9 skrutky<\/strong><\/h4>\n<p>Syst\u00e9m ko\u013eajnicov\u00fdch svoriek CGEK, vybaven\u00fd vysokopevnostn\u00fdmi skrutkami M20 triedy 8.8, pon\u00faka u\u0165ahovac\u00ed moment 220 N-m. Okrem toho vydr\u017e\u00ed maxim\u00e1lnu bo\u010dn\u00fa silu 120 kN p\u00f4sobiacu tlakom kolesa, \u010do zaru\u010duje spo\u013eahliv\u00fa funk\u010dnos\u0165 svoriek pri vysokom za\u0165a\u017een\u00ed.<\/p>\n<h3><strong>In\u0161tala\u010dn\u00e9 kroky pre CGEK Rail Clip<\/strong><\/h3>\n<h4><strong>Umiestnenie z\u00e1kladnej dosky<\/strong><\/h4>\n<p>Na za\u010diatok umiestnite podkladov\u00e9 dosky pozd\u013a\u017e \u017eeriavovej ko\u013eajnice vo vzdialenostiach 500 mm. Dbajte na to, aby boli z\u00e1kladov\u00e9 dosky zarovnan\u00e9 kolmo na ko\u013eajnicu, pri\u010dom stred T-skrutky mus\u00ed by\u0165 vzdialen\u00fd od osi ko\u013eajnice pod\u013ea uvedenej hodnoty aaa.<\/p>\n<h4><strong>Zv\u00e1ranie z\u00e1kladn\u00fdch dosiek<\/strong><\/h4>\n<p>Potom pevne privarte z\u00e1kladn\u00e9 dosky v ur\u010den\u00fdch poloh\u00e1ch. T\u00fdm sa zabezpe\u010d\u00ed, \u017ee z\u00e1kladov\u00e9 dosky bud\u00fa pevne pripevnen\u00e9 k nosn\u00edku \u017eeriavu a vytvoria stabiln\u00fd z\u00e1klad pre cel\u00fd ko\u013eajnicov\u00fd syst\u00e9m.<\/p>\n<h4><strong>Postupn\u00e1 in\u0161tal\u00e1cia<\/strong><\/h4>\n<p>Po zv\u00e1ran\u00ed z\u00e1kladn\u00fdch dosiek pokra\u010dujte v postupnej mont\u00e1\u017ei komponentov:<\/p>\n<ol>\n<li>Umiestnite T-skrutky na miesto.<\/li>\n<li>Nain\u0161talujte komponenty v tomto porad\u00ed: horn\u00e1 krycia doska, ploch\u00e1 podlo\u017eka, pru\u017en\u00e1 podlo\u017eka a matica.<\/li>\n<li>Nakoniec utiahnite T-skrutky a pod\u013ea potreby upravte horn\u00fa kryciu dosku, aby bola mont\u00e1\u017e bezpe\u010dn\u00e1 a stabiln\u00e1.<\/li>\n<\/ol>\n<p>Dodr\u017eiavan\u00edm t\u00fdchto podrobn\u00fdch krokov mo\u017eno syst\u00e9m ko\u013eajnicov\u00fdch svoriek CGEK \u00fa\u010dinne nain\u0161talova\u0165 a pon\u00faknu\u0165 spo\u013eahliv\u00e9 a odoln\u00e9 rie\u0161enie na zabezpe\u010denie \u017eeriavov\u00fdch ko\u013eajn\u00edc pri zabezpe\u010den\u00ed bezprobl\u00e9movej prev\u00e1dzky a dlhej \u017eivotnosti. V\u010faka presn\u00fdm kon\u0161truk\u010dn\u00fdm vlastnostiam a jednoduchej in\u0161tal\u00e1cii je vynikaj\u00facou vo\u013ebou pre n\u00e1ro\u010dn\u00e9 priemyseln\u00e9 aplik\u00e1cie.<\/p>","protected":false},"excerpt":{"rendered":"<h6><span style=\"font-family: arial, helvetica, sans-serif; font-size: 14pt;\"><strong>\u0160pecifik\u00e1cie CGEK Rail Clip<\/strong><\/span><\/h6>\n<ul>\n<li><strong>Modely:<\/strong> CGEK38, CGEK43, CGEK50, CGEK60, CGEK70, CGEK80, CGEK100, CGEK120<\/li>\n<li><strong>Sp\u00f4sob upevnenia:<\/strong> Zv\u00e1ran\u00e1 z\u00e1kladn\u00e1 doska<\/li>\n<\/ul>","protected":false},"featured_media":7102,"template":"","meta":{"_kad_post_transparent":"default","_kad_post_title":"","_kad_post_layout":"default","_kad_post_sidebar_id":"","_kad_post_content_style":"default","_kad_post_vertical_padding":"show","_kad_post_feature":"","_kad_post_feature_position":"","_kad_post_header":false,"_kad_post_footer":false},"product_brand":[],"product_cat":[83],"product_tag":[483,482,481,480,376,489,486,490,488,484,492,487,485,493,478,491,477,479],"class_list":{"0":"post-5528","1":"product","2":"type-product","3":"status-publish","4":"has-post-thumbnail","6":"product_cat-crane-rail-clip","7":"product_tag-05g525-rail-clip","8":"product_tag-cgbk-rail-clip","9":"product_tag-cgek-rail-clip","10":"product_tag-cgwk-rail-clip","11":"product_tag-china-crane-parts-supplier","12":"product_tag-crane-rail-clamp","13":"product_tag-crane-rail-clip","14":"product_tag-crane-rail-clip-supplier","15":"product_tag-crane-rail-fixing-device","16":"product_tag-hdgy-rail-clip","17":"product_tag-rail-connection-splint","18":"product_tag-rail-fixing-device","19":"product_tag-rail-joint","20":"product_tag-special-crane-spreader","21":"product_tag-swjk-rail-clip","22":"product_tag-tracks-jointing-plates","23":"product_tag-wjk-rail-clip","24":"product_tag-wjkc-rail-clip","26":"first","27":"instock","28":"shipping-taxable","29":"product-type-simple","30":"entry","31":"content-bg","32":"loop-entry"},"yoast_head":"<!-- This site is optimized with the Yoast SEO plugin v24.5 - https:\/\/yoast.com\/wordpress\/plugins\/seo\/ -->\n<title>CGEK Rail Clip - Rail Clamp- Rail fixing device-Crane Parts Manufacturer<\/title>\n<meta name=\"description\" content=\"Rail Clips,CGEK Rail Clip,Crane Rail Clips,Rail fixing device,Crane Rail fixing device,crane Rail Clamp,WJK Rail Clips,Overhead Crane Rail Clip\" \/>\n<meta name=\"robots\" content=\"index, follow, max-snippet:-1, max-image-preview:large, max-video-preview:-1\" \/>\n<link rel=\"canonical\" href=\"https:\/\/www.hnhlcranes.com\/sk\/produkt\/cgek-kolajnicova-svorka\/\" \/>\n<meta property=\"og:locale\" content=\"sk_SK\" \/>\n<meta property=\"og:type\" content=\"article\" \/>\n<meta property=\"og:title\" content=\"CGEK Rail Clip - Rail Clamp- Rail fixing device-Crane Parts Manufacturer\" \/>\n<meta property=\"og:description\" content=\"Rail Clips,CGEK Rail Clip,Crane Rail Clips,Rail fixing device,Crane Rail fixing device,crane Rail Clamp,WJK Rail Clips,Overhead Crane Rail Clip\" \/>\n<meta property=\"og:url\" content=\"https:\/\/www.hnhlcranes.com\/sk\/produkt\/cgek-kolajnicova-svorka\/\" \/>\n<meta property=\"og:site_name\" content=\"Crane Parts Manufacturer\" \/>\n<meta property=\"article:modified_time\" content=\"2025-01-10T09:43:16+00:00\" \/>\n<meta property=\"og:image\" content=\"https:\/\/www.hnhlcranes.com\/wp-content\/uploads\/2024\/11\/CGEK-Rail-Clip.jpg\" \/>\n\t<meta property=\"og:image:width\" content=\"600\" \/>\n\t<meta property=\"og:image:height\" content=\"600\" \/>\n\t<meta property=\"og:image:type\" content=\"image\/jpeg\" \/>\n<meta name=\"twitter:card\" content=\"summary_large_image\" \/>\n<meta name=\"twitter:label1\" content=\"Predpokladan\u00fd \u010das \u010d\u00edtania\" \/>\n\t<meta name=\"twitter:data1\" content=\"3 min\u00faty\" \/>\n<script type=\"application\/ld+json\" class=\"yoast-schema-graph\">{\"@context\":\"https:\/\/schema.org\",\"@graph\":[{\"@type\":\"WebPage\",\"@id\":\"https:\/\/www.hnhlcranes.com\/product\/cgek-rail-clip\/\",\"url\":\"https:\/\/www.hnhlcranes.com\/product\/cgek-rail-clip\/\",\"name\":\"CGEK Rail Clip - Rail Clamp- Rail fixing device-Crane Parts Manufacturer\",\"isPartOf\":{\"@id\":\"https:\/\/www.hnhlcranes.com\/#website\"},\"primaryImageOfPage\":{\"@id\":\"https:\/\/www.hnhlcranes.com\/product\/cgek-rail-clip\/#primaryimage\"},\"image\":{\"@id\":\"https:\/\/www.hnhlcranes.com\/product\/cgek-rail-clip\/#primaryimage\"},\"thumbnailUrl\":\"https:\/\/www.hnhlcranes.com\/wp-content\/uploads\/2024\/11\/CGEK-Rail-Clip.jpg\",\"datePublished\":\"2024-11-29T14:04:09+00:00\",\"dateModified\":\"2025-01-10T09:43:16+00:00\",\"description\":\"Rail Clips,CGEK Rail Clip,Crane Rail Clips,Rail fixing device,Crane Rail fixing device,crane Rail Clamp,WJK Rail Clips,Overhead Crane Rail Clip\",\"breadcrumb\":{\"@id\":\"https:\/\/www.hnhlcranes.com\/product\/cgek-rail-clip\/#breadcrumb\"},\"inLanguage\":\"sk-SK\",\"potentialAction\":[{\"@type\":\"ReadAction\",\"target\":[\"https:\/\/www.hnhlcranes.com\/product\/cgek-rail-clip\/\"]}]},{\"@type\":\"ImageObject\",\"inLanguage\":\"sk-SK\",\"@id\":\"https:\/\/www.hnhlcranes.com\/product\/cgek-rail-clip\/#primaryimage\",\"url\":\"https:\/\/www.hnhlcranes.com\/wp-content\/uploads\/2024\/11\/CGEK-Rail-Clip.jpg\",\"contentUrl\":\"https:\/\/www.hnhlcranes.com\/wp-content\/uploads\/2024\/11\/CGEK-Rail-Clip.jpg\",\"width\":600,\"height\":600},{\"@type\":\"BreadcrumbList\",\"@id\":\"https:\/\/www.hnhlcranes.com\/product\/cgek-rail-clip\/#breadcrumb\",\"itemListElement\":[{\"@type\":\"ListItem\",\"position\":1,\"name\":\"home\",\"item\":\"https:\/\/www.hnhlcranes.com\/\"},{\"@type\":\"ListItem\",\"position\":2,\"name\":\"products\",\"item\":\"https:\/\/www.hnhlcranes.com\/products\/\"},{\"@type\":\"ListItem\",\"position\":3,\"name\":\"CGEK Rail Clip\"}]},{\"@type\":\"WebSite\",\"@id\":\"https:\/\/www.hnhlcranes.com\/#website\",\"url\":\"https:\/\/www.hnhlcranes.com\/\",\"name\":\"Crane Parts Manufacturer\",\"description\":\"Crane Wheels,Crane Drums,Crane Hooks,Crane Coupling,Crane End Carriage,Electric Hoist,European Crane Parts,Crane Rail Clip,Crane Spreader,Crane Motor,Crane Reducer,Crane Brake,Light Crane Parts,Workstation Crane Parts,Crane Electrical Parts,China Crane Parts Supplier,China Crane Parts Manufacturer,Angle box type crane wheel,45 degree split crane wheel,European crane wheel,Crane Wheel Blocks,Overhead crane drum,European crane drum,Overhead crane hook,European crane hook,Crane pulley block,Gear coupling,Brake wheel coupling,Drum gear coupling,Brake wheel drum gear coupling,Cardan Shaft Coupling,WZL drum coupling,Plum blossom elastic coupling,Brake wheel plum elastic coupling,European Single girder crane end carriage,European Double girder crane end carriage,European Suspension  crane end carriage,Wire Rope Electric Hoist,Electric Chain Hoist,European Single Girder Wire Rope Electric Hoist,European Double Girder Wire Rope Electric Hoist,Crane grab,Container spreader,Billet crane clamps,C-type hook,Lifting Electromagnet,YZR crane motor,YZP crane motor,ZQ Reducer,ZSC Reducer,QJ Reducer,QJ-L Reducer,QJY Reducer,H series gearbox,F Series Gear Motor,K Series Gear Motor,R Series Gear Motor,travelling machinery gear motor,Electro hydraulic drum brake,Electro hydraulic disc brake,Crane Safety brake,Crane cable trolley,Crane remote controller,Crane pendant controller,Crane electrical control cabinet,Crane limit switch,Crane sound and light alarm,Heavy Duty Aviation Connector,Crane overload limiter\",\"publisher\":{\"@id\":\"https:\/\/www.hnhlcranes.com\/#organization\"},\"potentialAction\":[{\"@type\":\"SearchAction\",\"target\":{\"@type\":\"EntryPoint\",\"urlTemplate\":\"https:\/\/www.hnhlcranes.com\/?s={search_term_string}\"},\"query-input\":{\"@type\":\"PropertyValueSpecification\",\"valueRequired\":true,\"valueName\":\"search_term_string\"}}],\"inLanguage\":\"sk-SK\"},{\"@type\":\"Organization\",\"@id\":\"https:\/\/www.hnhlcranes.com\/#organization\",\"name\":\"Crane Parts Manufacturer\",\"url\":\"https:\/\/www.hnhlcranes.com\/\",\"logo\":{\"@type\":\"ImageObject\",\"inLanguage\":\"sk-SK\",\"@id\":\"https:\/\/www.hnhlcranes.com\/#\/schema\/logo\/image\/\",\"url\":\"https:\/\/www.hnhlcranes.com\/wp-content\/uploads\/2025\/01\/HL-logo-1.png\",\"contentUrl\":\"https:\/\/www.hnhlcranes.com\/wp-content\/uploads\/2025\/01\/HL-logo-1.png\",\"width\":600,\"height\":169,\"caption\":\"Crane Parts Manufacturer\"},\"image\":{\"@id\":\"https:\/\/www.hnhlcranes.com\/#\/schema\/logo\/image\/\"}}]}<\/script>\n<!-- \/ Yoast SEO plugin. -->","yoast_head_json":{"title":"CGEK Rail Clip - Rail Clamp- Rail fixing device-Crane Parts Manufacturer","description":"Rail Clips,CGEK Rail Clip,Crane Rail Clips,Rail fixing device,Crane Rail fixing device,crane Rail Clamp,WJK Rail Clips,Overhead Crane Rail Clip","robots":{"index":"index","follow":"follow","max-snippet":"max-snippet:-1","max-image-preview":"max-image-preview:large","max-video-preview":"max-video-preview:-1"},"canonical":"https:\/\/www.hnhlcranes.com\/sk\/produkt\/cgek-kolajnicova-svorka\/","og_locale":"sk_SK","og_type":"article","og_title":"CGEK Rail Clip - Rail Clamp- Rail fixing device-Crane Parts Manufacturer","og_description":"Rail Clips,CGEK Rail Clip,Crane Rail Clips,Rail fixing device,Crane Rail fixing device,crane Rail Clamp,WJK Rail Clips,Overhead Crane Rail Clip","og_url":"https:\/\/www.hnhlcranes.com\/sk\/produkt\/cgek-kolajnicova-svorka\/","og_site_name":"Crane Parts Manufacturer","article_modified_time":"2025-01-10T09:43:16+00:00","og_image":[{"width":600,"height":600,"url":"https:\/\/www.hnhlcranes.com\/wp-content\/uploads\/2024\/11\/CGEK-Rail-Clip.jpg","type":"image\/jpeg"}],"twitter_card":"summary_large_image","twitter_misc":{"Predpokladan\u00fd \u010das \u010d\u00edtania":"3 min\u00faty"},"schema":{"@context":"https:\/\/schema.org","@graph":[{"@type":"WebPage","@id":"https:\/\/www.hnhlcranes.com\/product\/cgek-rail-clip\/","url":"https:\/\/www.hnhlcranes.com\/product\/cgek-rail-clip\/","name":"CGEK Rail Clip - Rail Clamp- Rail fixing device-Crane Parts Manufacturer","isPartOf":{"@id":"https:\/\/www.hnhlcranes.com\/#website"},"primaryImageOfPage":{"@id":"https:\/\/www.hnhlcranes.com\/product\/cgek-rail-clip\/#primaryimage"},"image":{"@id":"https:\/\/www.hnhlcranes.com\/product\/cgek-rail-clip\/#primaryimage"},"thumbnailUrl":"https:\/\/www.hnhlcranes.com\/wp-content\/uploads\/2024\/11\/CGEK-Rail-Clip.jpg","datePublished":"2024-11-29T14:04:09+00:00","dateModified":"2025-01-10T09:43:16+00:00","description":"Rail Clips,CGEK Rail Clip,Crane Rail Clips,Rail fixing device,Crane Rail fixing device,crane Rail Clamp,WJK Rail Clips,Overhead Crane Rail Clip","breadcrumb":{"@id":"https:\/\/www.hnhlcranes.com\/product\/cgek-rail-clip\/#breadcrumb"},"inLanguage":"sk-SK","potentialAction":[{"@type":"ReadAction","target":["https:\/\/www.hnhlcranes.com\/product\/cgek-rail-clip\/"]}]},{"@type":"ImageObject","inLanguage":"sk-SK","@id":"https:\/\/www.hnhlcranes.com\/product\/cgek-rail-clip\/#primaryimage","url":"https:\/\/www.hnhlcranes.com\/wp-content\/uploads\/2024\/11\/CGEK-Rail-Clip.jpg","contentUrl":"https:\/\/www.hnhlcranes.com\/wp-content\/uploads\/2024\/11\/CGEK-Rail-Clip.jpg","width":600,"height":600},{"@type":"BreadcrumbList","@id":"https:\/\/www.hnhlcranes.com\/product\/cgek-rail-clip\/#breadcrumb","itemListElement":[{"@type":"ListItem","position":1,"name":"home","item":"https:\/\/www.hnhlcranes.com\/"},{"@type":"ListItem","position":2,"name":"products","item":"https:\/\/www.hnhlcranes.com\/products\/"},{"@type":"ListItem","position":3,"name":"CGEK Rail Clip"}]},{"@type":"WebSite","@id":"https:\/\/www.hnhlcranes.com\/#website","url":"https:\/\/www.hnhlcranes.com\/","name":"Crane Parts Manufacturer","description":"Crane Wheels,Crane Drums,Crane Hooks,Crane Coupling,Crane End Carriage,Electric Hoist,European Crane Parts,Crane Rail Clip,Crane Spreader,Crane Motor,Crane Reducer,Crane Brake,Light Crane Parts,Workstation Crane Parts,Crane Electrical Parts,China Crane Parts Supplier,China Crane Parts Manufacturer,Angle box type crane wheel,45 degree split crane wheel,European crane wheel,Crane Wheel Blocks,Overhead crane drum,European crane drum,Overhead crane hook,European crane hook,Crane pulley block,Gear coupling,Brake wheel coupling,Drum gear coupling,Brake wheel drum gear coupling,Cardan Shaft Coupling,WZL drum coupling,Plum blossom elastic coupling,Brake wheel plum elastic coupling,European Single girder crane end carriage,European Double girder crane end carriage,European Suspension  crane end carriage,Wire Rope Electric Hoist,Electric Chain Hoist,European Single Girder Wire Rope Electric Hoist,European Double Girder Wire Rope Electric Hoist,Crane grab,Container spreader,Billet crane clamps,C-type hook,Lifting Electromagnet,YZR crane motor,YZP crane motor,ZQ Reducer,ZSC Reducer,QJ Reducer,QJ-L Reducer,QJY Reducer,H series gearbox,F Series Gear Motor,K Series Gear Motor,R Series Gear Motor,travelling machinery gear motor,Electro hydraulic drum brake,Electro hydraulic disc brake,Crane Safety brake,Crane cable trolley,Crane remote controller,Crane pendant controller,Crane electrical control cabinet,Crane limit switch,Crane sound and light alarm,Heavy Duty Aviation Connector,Crane overload limiter","publisher":{"@id":"https:\/\/www.hnhlcranes.com\/#organization"},"potentialAction":[{"@type":"SearchAction","target":{"@type":"EntryPoint","urlTemplate":"https:\/\/www.hnhlcranes.com\/?s={search_term_string}"},"query-input":{"@type":"PropertyValueSpecification","valueRequired":true,"valueName":"search_term_string"}}],"inLanguage":"sk-SK"},{"@type":"Organization","@id":"https:\/\/www.hnhlcranes.com\/#organization","name":"Crane Parts Manufacturer","url":"https:\/\/www.hnhlcranes.com\/","logo":{"@type":"ImageObject","inLanguage":"sk-SK","@id":"https:\/\/www.hnhlcranes.com\/#\/schema\/logo\/image\/","url":"https:\/\/www.hnhlcranes.com\/wp-content\/uploads\/2025\/01\/HL-logo-1.png","contentUrl":"https:\/\/www.hnhlcranes.com\/wp-content\/uploads\/2025\/01\/HL-logo-1.png","width":600,"height":169,"caption":"Crane Parts Manufacturer"},"image":{"@id":"https:\/\/www.hnhlcranes.com\/#\/schema\/logo\/image\/"}}]}},"_links":{"self":[{"href":"https:\/\/www.hnhlcranes.com\/sk\/wp-json\/wp\/v2\/product\/5528","targetHints":{"allow":["GET"]}}],"collection":[{"href":"https:\/\/www.hnhlcranes.com\/sk\/wp-json\/wp\/v2\/product"}],"about":[{"href":"https:\/\/www.hnhlcranes.com\/sk\/wp-json\/wp\/v2\/types\/product"}],"version-history":[{"count":4,"href":"https:\/\/www.hnhlcranes.com\/sk\/wp-json\/wp\/v2\/product\/5528\/revisions"}],"predecessor-version":[{"id":7195,"href":"https:\/\/www.hnhlcranes.com\/sk\/wp-json\/wp\/v2\/product\/5528\/revisions\/7195"}],"wp:featuredmedia":[{"embeddable":true,"href":"https:\/\/www.hnhlcranes.com\/sk\/wp-json\/wp\/v2\/media\/7102"}],"wp:attachment":[{"href":"https:\/\/www.hnhlcranes.com\/sk\/wp-json\/wp\/v2\/media?parent=5528"}],"wp:term":[{"taxonomy":"product_brand","embeddable":true,"href":"https:\/\/www.hnhlcranes.com\/sk\/wp-json\/wp\/v2\/product_brand?post=5528"},{"taxonomy":"product_cat","embeddable":true,"href":"https:\/\/www.hnhlcranes.com\/sk\/wp-json\/wp\/v2\/product_cat?post=5528"},{"taxonomy":"product_tag","embeddable":true,"href":"https:\/\/www.hnhlcranes.com\/sk\/wp-json\/wp\/v2\/product_tag?post=5528"}],"curies":[{"name":"wp","href":"https:\/\/api.w.org\/{rel}","templated":true}]}}