{"id":5544,"date":"2024-11-29T22:40:44","date_gmt":"2024-11-29T14:40:44","guid":{"rendered":"https:\/\/www.hnhlcranes.com\/?post_type=product&#038;p=5544"},"modified":"2025-01-10T18:14:36","modified_gmt":"2025-01-10T10:14:36","slug":"svorka-na-kolajnicu-hdgy","status":"publish","type":"product","link":"https:\/\/www.hnhlcranes.com\/sk\/produkt\/svorka-na-kolajnicu-hdgy\/","title":{"rendered":"HDGY ko\u013eajnicov\u00e1 spona"},"content":{"rendered":"<h3><strong>Vlastnosti klipu HDGY Rail Clip<\/strong><\/h3>\n<h4><strong>Pru\u017en\u00e1 fix\u00e1cia a zn\u00ed\u017een\u00e9 opotrebovanie<\/strong><\/h4>\n<p>Str\u00e1nka <strong>Ko\u013eajnicov\u00e1 spona HDGY<\/strong> je \u0161peci\u00e1lne navrhnut\u00fd na pru\u017en\u00e9 upevnenie ko\u013eajn\u00edc k bet\u00f3nov\u00fdm \u017eeriavov\u00fdm nosn\u00edkom. T\u00e1to kon\u0161trukcia zni\u017euje opotrebovanie hlavy ko\u013eajnice, minimalizuje vplyv na nosn\u00edk \u017eeriavu, zni\u017euje opotrebovanie pr\u00edruby kolesa \u017eeriavu a zni\u017euje hladinu hluku. V\u00fdsledkom je, \u017ee syst\u00e9m zvy\u0161uje \u017eivotnos\u0165 aj efekt\u00edvnos\u0165 prev\u00e1dzky \u017eeriavov.<\/p>\n<h4><strong>Zv\u00fd\u0161en\u00e1 stabilita v\u010faka elastickej kompozitnej gumovej podlo\u017eke<\/strong><\/h4>\n<p>V\u010faka tomu, \u017ee medzi ko\u013eajnicu a nosn\u00edk \u017eeriavu je vlo\u017een\u00e1 pru\u017en\u00e1 kompozitn\u00e1 gumov\u00e1 podlo\u017eka, ko\u013eajnicov\u00e1 spona HDGY v\u00fdrazne zvy\u0161uje trenie a zabra\u0148uje pohybu ko\u013eajnice. Okrem toho t\u00e1to funkcia eliminuje alebo minimalizuje nerovnomern\u00e9 medzery po d\u013a\u017eke ko\u013eajnice, \u010do vedie k lep\u0161iemu rozlo\u017eeniu nap\u00e4tia skrutiek na up\u00ednacie dosky, \u010d\u00edm sa \u010falej zvy\u0161uje celkov\u00e1 stabilita syst\u00e9mu.<\/p>\n<h4><strong>Optim\u00e1lne rozlo\u017eenie nap\u00e4tia<\/strong><\/h4>\n<p>Gumov\u00e1 podlo\u017eka je navrhnut\u00e1 s mierne vypukl\u00fdm prierezom, aby sa zabezpe\u010dilo racion\u00e1lne rozlo\u017eenie nap\u00e4tia. Okrem toho mal\u00e9 obd\u013a\u017enikov\u00e9 hrebene na podlo\u017eke zlep\u0161uj\u00fa jej kontakt s ko\u013eajnicou, zvy\u0161uj\u00fa pru\u017enos\u0165 a zabezpe\u010duj\u00fa \u00fa\u010dinn\u00e9 tlmenie vibr\u00e1ci\u00ed, \u010do v kone\u010dnom d\u00f4sledku prispieva k plynulej\u0161ej prev\u00e1dzke a zn\u00ed\u017eeniu opotrebovania.<\/p>\n<h4><strong>Odoln\u00fd dizajn<\/strong><\/h4>\n<p>Gumov\u00e1 podlo\u017eka m\u00e1 obd\u013a\u017enikov\u00e9 dr\u00e1\u017eky, ktor\u00e9 minimalizuj\u00fa bo\u010dn\u00fa deform\u00e1ciu pri nam\u00e1han\u00ed a zni\u017euj\u00fa po\u0161kodenie povrchu v d\u00f4sledku stla\u010denia. Okrem toho, v\u010faka o\u0161etrenej oce\u013eovej v\u00fdstu\u017ei je kon\u0161trukcia ko\u013eajnicovej spony HDGY vysoko odoln\u00e1 a zachov\u00e1va si vynikaj\u00face vlastnosti aj po 2 mili\u00f3noch \u00fanavov\u00fdch cyklov, \u010do zaru\u010duje dlhodob\u00fa spo\u013eahlivos\u0165.<\/p>\n<h4><strong>Bezpe\u010dn\u00e9 a symetrick\u00e9 up\u00ednacie dosky<\/strong><\/h4>\n<p>Up\u00ednacie dosky s\u00fa bezpe\u010dne pripevnen\u00e9 k nosn\u00edku \u017eeriavu, v\u010faka \u010domu s\u00fa odoln\u00e9 vo\u010di uvo\u013eneniu a minimalizuj\u00fa opotrebovanie nosn\u00edka \u017eeriavu. Symetrick\u00e1 kon\u0161trukcia up\u00ednac\u00edch dosiek vytv\u00e1ra v priereze klinovit\u00fa \u0161trukt\u00faru, ktor\u00e1 \u00fa\u010dinne obmedzuje bo\u010dn\u00fd posun ko\u013eajnice, \u010do zabezpe\u010duje stabilitu po\u010das prev\u00e1dzky \u017eeriava.<\/p>\n<h4><strong>Nastavite\u013enos\u0165 pri in\u0161tal\u00e1cii a \u00fadr\u017ebe<\/strong><\/h4>\n<p>Na zjednodu\u0161enie in\u0161tal\u00e1cie a \u00fadr\u017eby umo\u017e\u0148uj\u00fa eliptick\u00e9 dr\u00e1\u017eky v up\u00ednacej doske bo\u010dn\u00e9 nastavenie. Okrem toho \u0161ikm\u00e9 otvory spojen\u00e9 s proti\u0161mykov\u00fdmi blokmi zabra\u0148uj\u00fa pohybu svorky a u\u013eah\u010duj\u00fa bo\u010dn\u00e9 vyrovnanie po\u010das in\u0161tal\u00e1cie alebo \u00fadr\u017eby, \u010d\u00edm zabezpe\u010duj\u00fa presn\u00e9 nastavenie a jednoduch\u00fa manipul\u00e1ciu.<\/p>\n<h4><strong>Tolerancia pre pohyb ko\u013eajn\u00edc<\/strong><\/h4>\n<p>Syst\u00e9m je navrhnut\u00fd tak, aby sa prisp\u00f4sobil miernym pohybom ko\u013eajn\u00edc po\u010das prev\u00e1dzky \u017eeriavu. T\u00fdm sa zabezpe\u010duje flexibilita bez naru\u0161enia stability, \u010do umo\u017e\u0148uje efekt\u00edvny pohyb pri zachovan\u00ed integrity ko\u013eajnice a \u017eeriavov\u00e9ho syst\u00e9mu.<\/p>\n<h3><strong>In\u0161tala\u010dn\u00e9 kroky pre HDGY Rail Clip<\/strong><\/h3>\n<h4><strong>Umiestnenie gumovej podlo\u017eky<\/strong><\/h4>\n<p>Najprv umiestnite gumov\u00fa podlo\u017eku s obd\u013a\u017enikov\u00fdmi hrebienkami a dr\u00e1\u017ekami rovnobe\u017ene s ko\u013eajnicou a umiestnite ju pod \u0148u. Uistite sa, \u017ee podlo\u017eka je kolm\u00e1 na os ko\u013eajnice a spr\u00e1vne umiestnen\u00e1 vzh\u013eadom na skrutky na oboch stran\u00e1ch. T\u00fdm sa zabezpe\u010d\u00ed presn\u00e9 umiestnenie a zarovnanie na dosiahnutie optim\u00e1lneho v\u00fdkonu.<\/p>\n<h4><strong>Pr\u00edprava z\u00e1kladnej vrstvy<\/strong><\/h4>\n<p>Pred polo\u017een\u00edm gumovej podlo\u017eky na bet\u00f3nov\u00fd podklad d\u00f4kladne o\u010distite povrch, aby ste odstr\u00e1nili v\u0161etky ne\u010distoty. Tento krok je nevyhnutn\u00fd na zabezpe\u010denie toho, aby nedo\u0161lo k zne\u010disteniu, ktor\u00e9 by mohlo zn\u00ed\u017ei\u0165 v\u00fdkonnos\u0165 syst\u00e9mu.<\/p>\n<h4><strong>Mont\u00e1\u017e up\u00ednacej dosky<\/strong><\/h4>\n<p>Pri mont\u00e1\u017ei postupujte pod\u013ea t\u00fdchto krokov:<\/p>\n<ul>\n<li>Vlo\u017ete skrutky do predv\u0155tan\u00fdch otvorov v \u017eelezobet\u00f3novom nosn\u00edku \u017eeriavu.<\/li>\n<li>Umiestnite telo up\u00ednacej dosky na z\u00e1klad\u0148u.<\/li>\n<li>Na zv\u00fd\u0161enie stability pridajte proti\u0161mykov\u00fd blok s mal\u00fdm koncom smeruj\u00facim ku ko\u013eajnici.<\/li>\n<li>Pripevnite pru\u017en\u00fa podlo\u017eku a maticu a zostavu predbe\u017ene utiahnite.<\/li>\n<li>Nastavte up\u00ednaciu dosku tak, aby tesne priliehala k okraju ko\u013eajnice.<\/li>\n<li>Nakoniec skrutky \u00faplne utiahnite, aby ste komponenty upevnili na mieste.<\/li>\n<\/ul>\n<h4><strong>Vyrovnanie up\u00ednacej dosky<\/strong><\/h4>\n<p>Uistite sa, \u017ee os up\u00ednacej dosky je kolm\u00e1 na os ko\u013eajnice bez skosenia. Tento krok zaru\u010duje, \u017ee up\u00ednacia doska je spr\u00e1vne zarovnan\u00e1 na optim\u00e1lne upevnenie ko\u013eajnice a celkov\u00fd v\u00fdkon syst\u00e9mu.<\/p>","protected":false},"excerpt":{"rendered":"<h6><span style=\"font-family: arial, helvetica, sans-serif; font-size: 14pt;\"><strong>\u0160pecifik\u00e1cie HDGY Rail Clip<\/strong><\/span><\/h6>\n<ul>\n<li><strong>Modely:<\/strong> HDGY24, HDGY38A, HDGY38B, HDGY43, HDGY50, HDGY70, HDGY80, HDGY100, HDGY120<\/li>\n<li><strong>Sp\u00f4sob upevnenia:<\/strong> Upevnenie skrutky<\/li>\n<\/ul>","protected":false},"featured_media":7117,"template":"","meta":{"_kad_post_transparent":"default","_kad_post_title":"","_kad_post_layout":"default","_kad_post_sidebar_id":"","_kad_post_content_style":"default","_kad_post_vertical_padding":"show","_kad_post_feature":"","_kad_post_feature_position":"","_kad_post_header":false,"_kad_post_footer":false},"product_brand":[],"product_cat":[83],"product_tag":[483,482,481,480,376,489,486,490,488,484,492,487,485,493,478,491,477,479],"class_list":{"0":"post-5544","1":"product","2":"type-product","3":"status-publish","4":"has-post-thumbnail","6":"product_cat-crane-rail-clip","7":"product_tag-05g525-rail-clip","8":"product_tag-cgbk-rail-clip","9":"product_tag-cgek-rail-clip","10":"product_tag-cgwk-rail-clip","11":"product_tag-china-crane-parts-supplier","12":"product_tag-crane-rail-clamp","13":"product_tag-crane-rail-clip","14":"product_tag-crane-rail-clip-supplier","15":"product_tag-crane-rail-fixing-device","16":"product_tag-hdgy-rail-clip","17":"product_tag-rail-connection-splint","18":"product_tag-rail-fixing-device","19":"product_tag-rail-joint","20":"product_tag-special-crane-spreader","21":"product_tag-swjk-rail-clip","22":"product_tag-tracks-jointing-plates","23":"product_tag-wjk-rail-clip","24":"product_tag-wjkc-rail-clip","26":"first","27":"instock","28":"shipping-taxable","29":"product-type-simple","30":"entry","31":"content-bg","32":"loop-entry"},"yoast_head":"<!-- This site is optimized with the Yoast SEO plugin v24.5 - https:\/\/yoast.com\/wordpress\/plugins\/seo\/ -->\n<title>HDGY Rail Clip - Crane Rail fixing device-crane Rail Clamp- Crane Parts Manufacturer<\/title>\n<meta name=\"description\" content=\"Rail Clips,HDGY Rail Clip,Crane Rail Clips,Rail fixing device,Crane Rail fixing device,crane Rail Clamp,WJK Rail Clips,Overhead Crane Rail Clip\" \/>\n<meta name=\"robots\" content=\"index, follow, max-snippet:-1, max-image-preview:large, max-video-preview:-1\" \/>\n<link rel=\"canonical\" href=\"https:\/\/www.hnhlcranes.com\/sk\/produkt\/svorka-na-kolajnicu-hdgy\/\" \/>\n<meta property=\"og:locale\" content=\"sk_SK\" \/>\n<meta property=\"og:type\" content=\"article\" \/>\n<meta property=\"og:title\" content=\"HDGY Rail Clip - Crane Rail fixing device-crane Rail Clamp- Crane Parts Manufacturer\" \/>\n<meta property=\"og:description\" content=\"Rail Clips,HDGY Rail Clip,Crane Rail Clips,Rail fixing device,Crane Rail fixing device,crane Rail Clamp,WJK Rail Clips,Overhead Crane Rail Clip\" \/>\n<meta property=\"og:url\" content=\"https:\/\/www.hnhlcranes.com\/sk\/produkt\/svorka-na-kolajnicu-hdgy\/\" \/>\n<meta property=\"og:site_name\" content=\"Crane Parts Manufacturer\" \/>\n<meta property=\"article:modified_time\" content=\"2025-01-10T10:14:36+00:00\" \/>\n<meta property=\"og:image\" content=\"https:\/\/www.hnhlcranes.com\/wp-content\/uploads\/2024\/11\/HDGY-Rail-Clip.jpg\" \/>\n\t<meta property=\"og:image:width\" content=\"600\" \/>\n\t<meta property=\"og:image:height\" content=\"600\" \/>\n\t<meta property=\"og:image:type\" content=\"image\/jpeg\" \/>\n<meta name=\"twitter:card\" content=\"summary_large_image\" \/>\n<meta name=\"twitter:label1\" content=\"Predpokladan\u00fd \u010das \u010d\u00edtania\" \/>\n\t<meta name=\"twitter:data1\" content=\"3 min\u00faty\" \/>\n<script type=\"application\/ld+json\" class=\"yoast-schema-graph\">{\"@context\":\"https:\/\/schema.org\",\"@graph\":[{\"@type\":\"WebPage\",\"@id\":\"https:\/\/www.hnhlcranes.com\/product\/hdgy-rail-clip\/\",\"url\":\"https:\/\/www.hnhlcranes.com\/product\/hdgy-rail-clip\/\",\"name\":\"HDGY Rail Clip - Crane Rail fixing device-crane Rail Clamp- Crane Parts Manufacturer\",\"isPartOf\":{\"@id\":\"https:\/\/www.hnhlcranes.com\/#website\"},\"primaryImageOfPage\":{\"@id\":\"https:\/\/www.hnhlcranes.com\/product\/hdgy-rail-clip\/#primaryimage\"},\"image\":{\"@id\":\"https:\/\/www.hnhlcranes.com\/product\/hdgy-rail-clip\/#primaryimage\"},\"thumbnailUrl\":\"https:\/\/www.hnhlcranes.com\/wp-content\/uploads\/2024\/11\/HDGY-Rail-Clip.jpg\",\"datePublished\":\"2024-11-29T14:40:44+00:00\",\"dateModified\":\"2025-01-10T10:14:36+00:00\",\"description\":\"Rail Clips,HDGY Rail Clip,Crane Rail Clips,Rail fixing device,Crane Rail fixing device,crane Rail Clamp,WJK Rail Clips,Overhead Crane Rail Clip\",\"breadcrumb\":{\"@id\":\"https:\/\/www.hnhlcranes.com\/product\/hdgy-rail-clip\/#breadcrumb\"},\"inLanguage\":\"sk-SK\",\"potentialAction\":[{\"@type\":\"ReadAction\",\"target\":[\"https:\/\/www.hnhlcranes.com\/product\/hdgy-rail-clip\/\"]}]},{\"@type\":\"ImageObject\",\"inLanguage\":\"sk-SK\",\"@id\":\"https:\/\/www.hnhlcranes.com\/product\/hdgy-rail-clip\/#primaryimage\",\"url\":\"https:\/\/www.hnhlcranes.com\/wp-content\/uploads\/2024\/11\/HDGY-Rail-Clip.jpg\",\"contentUrl\":\"https:\/\/www.hnhlcranes.com\/wp-content\/uploads\/2024\/11\/HDGY-Rail-Clip.jpg\",\"width\":600,\"height\":600},{\"@type\":\"BreadcrumbList\",\"@id\":\"https:\/\/www.hnhlcranes.com\/product\/hdgy-rail-clip\/#breadcrumb\",\"itemListElement\":[{\"@type\":\"ListItem\",\"position\":1,\"name\":\"home\",\"item\":\"https:\/\/www.hnhlcranes.com\/\"},{\"@type\":\"ListItem\",\"position\":2,\"name\":\"products\",\"item\":\"https:\/\/www.hnhlcranes.com\/products\/\"},{\"@type\":\"ListItem\",\"position\":3,\"name\":\"HDGY Rail Clip\"}]},{\"@type\":\"WebSite\",\"@id\":\"https:\/\/www.hnhlcranes.com\/#website\",\"url\":\"https:\/\/www.hnhlcranes.com\/\",\"name\":\"Crane Parts Manufacturer\",\"description\":\"Crane Wheels,Crane Drums,Crane Hooks,Crane Coupling,Crane End Carriage,Electric Hoist,European Crane Parts,Crane Rail Clip,Crane Spreader,Crane Motor,Crane Reducer,Crane Brake,Light Crane Parts,Workstation Crane Parts,Crane Electrical Parts,China Crane Parts Supplier,China Crane Parts Manufacturer,Angle box type crane wheel,45 degree split crane wheel,European crane wheel,Crane Wheel Blocks,Overhead crane drum,European crane drum,Overhead crane hook,European crane hook,Crane pulley block,Gear coupling,Brake wheel coupling,Drum gear coupling,Brake wheel drum gear coupling,Cardan Shaft Coupling,WZL drum coupling,Plum blossom elastic coupling,Brake wheel plum elastic coupling,European Single girder crane end carriage,European Double girder crane end carriage,European Suspension  crane end carriage,Wire Rope Electric Hoist,Electric Chain Hoist,European Single Girder Wire Rope Electric Hoist,European Double Girder Wire Rope Electric Hoist,Crane grab,Container spreader,Billet crane clamps,C-type hook,Lifting Electromagnet,YZR crane motor,YZP crane motor,ZQ Reducer,ZSC Reducer,QJ Reducer,QJ-L Reducer,QJY Reducer,H series gearbox,F Series Gear Motor,K Series Gear Motor,R Series Gear Motor,travelling machinery gear motor,Electro hydraulic drum brake,Electro hydraulic disc brake,Crane Safety brake,Crane cable trolley,Crane remote controller,Crane pendant controller,Crane electrical control cabinet,Crane limit switch,Crane sound and light alarm,Heavy Duty Aviation Connector,Crane overload limiter\",\"publisher\":{\"@id\":\"https:\/\/www.hnhlcranes.com\/#organization\"},\"potentialAction\":[{\"@type\":\"SearchAction\",\"target\":{\"@type\":\"EntryPoint\",\"urlTemplate\":\"https:\/\/www.hnhlcranes.com\/?s={search_term_string}\"},\"query-input\":{\"@type\":\"PropertyValueSpecification\",\"valueRequired\":true,\"valueName\":\"search_term_string\"}}],\"inLanguage\":\"sk-SK\"},{\"@type\":\"Organization\",\"@id\":\"https:\/\/www.hnhlcranes.com\/#organization\",\"name\":\"Crane Parts Manufacturer\",\"url\":\"https:\/\/www.hnhlcranes.com\/\",\"logo\":{\"@type\":\"ImageObject\",\"inLanguage\":\"sk-SK\",\"@id\":\"https:\/\/www.hnhlcranes.com\/#\/schema\/logo\/image\/\",\"url\":\"https:\/\/www.hnhlcranes.com\/wp-content\/uploads\/2025\/01\/HL-logo-1.png\",\"contentUrl\":\"https:\/\/www.hnhlcranes.com\/wp-content\/uploads\/2025\/01\/HL-logo-1.png\",\"width\":600,\"height\":169,\"caption\":\"Crane Parts Manufacturer\"},\"image\":{\"@id\":\"https:\/\/www.hnhlcranes.com\/#\/schema\/logo\/image\/\"}}]}<\/script>\n<!-- \/ Yoast SEO plugin. -->","yoast_head_json":{"title":"HDGY Rail Clip - Crane Rail fixing device-crane Rail Clamp- Crane Parts Manufacturer","description":"Rail Clips,HDGY Rail Clip,Crane Rail Clips,Rail fixing device,Crane Rail fixing device,crane Rail Clamp,WJK Rail Clips,Overhead Crane Rail Clip","robots":{"index":"index","follow":"follow","max-snippet":"max-snippet:-1","max-image-preview":"max-image-preview:large","max-video-preview":"max-video-preview:-1"},"canonical":"https:\/\/www.hnhlcranes.com\/sk\/produkt\/svorka-na-kolajnicu-hdgy\/","og_locale":"sk_SK","og_type":"article","og_title":"HDGY Rail Clip - Crane Rail fixing device-crane Rail Clamp- Crane Parts Manufacturer","og_description":"Rail Clips,HDGY Rail Clip,Crane Rail Clips,Rail fixing device,Crane Rail fixing device,crane Rail Clamp,WJK Rail Clips,Overhead Crane Rail Clip","og_url":"https:\/\/www.hnhlcranes.com\/sk\/produkt\/svorka-na-kolajnicu-hdgy\/","og_site_name":"Crane Parts Manufacturer","article_modified_time":"2025-01-10T10:14:36+00:00","og_image":[{"width":600,"height":600,"url":"https:\/\/www.hnhlcranes.com\/wp-content\/uploads\/2024\/11\/HDGY-Rail-Clip.jpg","type":"image\/jpeg"}],"twitter_card":"summary_large_image","twitter_misc":{"Predpokladan\u00fd \u010das \u010d\u00edtania":"3 min\u00faty"},"schema":{"@context":"https:\/\/schema.org","@graph":[{"@type":"WebPage","@id":"https:\/\/www.hnhlcranes.com\/product\/hdgy-rail-clip\/","url":"https:\/\/www.hnhlcranes.com\/product\/hdgy-rail-clip\/","name":"HDGY Rail Clip - Crane Rail fixing device-crane Rail Clamp- Crane Parts Manufacturer","isPartOf":{"@id":"https:\/\/www.hnhlcranes.com\/#website"},"primaryImageOfPage":{"@id":"https:\/\/www.hnhlcranes.com\/product\/hdgy-rail-clip\/#primaryimage"},"image":{"@id":"https:\/\/www.hnhlcranes.com\/product\/hdgy-rail-clip\/#primaryimage"},"thumbnailUrl":"https:\/\/www.hnhlcranes.com\/wp-content\/uploads\/2024\/11\/HDGY-Rail-Clip.jpg","datePublished":"2024-11-29T14:40:44+00:00","dateModified":"2025-01-10T10:14:36+00:00","description":"Rail Clips,HDGY Rail Clip,Crane Rail Clips,Rail fixing device,Crane Rail fixing device,crane Rail Clamp,WJK Rail Clips,Overhead Crane Rail Clip","breadcrumb":{"@id":"https:\/\/www.hnhlcranes.com\/product\/hdgy-rail-clip\/#breadcrumb"},"inLanguage":"sk-SK","potentialAction":[{"@type":"ReadAction","target":["https:\/\/www.hnhlcranes.com\/product\/hdgy-rail-clip\/"]}]},{"@type":"ImageObject","inLanguage":"sk-SK","@id":"https:\/\/www.hnhlcranes.com\/product\/hdgy-rail-clip\/#primaryimage","url":"https:\/\/www.hnhlcranes.com\/wp-content\/uploads\/2024\/11\/HDGY-Rail-Clip.jpg","contentUrl":"https:\/\/www.hnhlcranes.com\/wp-content\/uploads\/2024\/11\/HDGY-Rail-Clip.jpg","width":600,"height":600},{"@type":"BreadcrumbList","@id":"https:\/\/www.hnhlcranes.com\/product\/hdgy-rail-clip\/#breadcrumb","itemListElement":[{"@type":"ListItem","position":1,"name":"home","item":"https:\/\/www.hnhlcranes.com\/"},{"@type":"ListItem","position":2,"name":"products","item":"https:\/\/www.hnhlcranes.com\/products\/"},{"@type":"ListItem","position":3,"name":"HDGY Rail Clip"}]},{"@type":"WebSite","@id":"https:\/\/www.hnhlcranes.com\/#website","url":"https:\/\/www.hnhlcranes.com\/","name":"Crane Parts Manufacturer","description":"Crane Wheels,Crane Drums,Crane Hooks,Crane Coupling,Crane End Carriage,Electric Hoist,European Crane Parts,Crane Rail Clip,Crane Spreader,Crane Motor,Crane Reducer,Crane Brake,Light Crane Parts,Workstation Crane Parts,Crane Electrical Parts,China Crane Parts Supplier,China Crane Parts Manufacturer,Angle box type crane wheel,45 degree split crane wheel,European crane wheel,Crane Wheel Blocks,Overhead crane drum,European crane drum,Overhead crane hook,European crane hook,Crane pulley block,Gear coupling,Brake wheel coupling,Drum gear coupling,Brake wheel drum gear coupling,Cardan Shaft Coupling,WZL drum coupling,Plum blossom elastic coupling,Brake wheel plum elastic coupling,European Single girder crane end carriage,European Double girder crane end carriage,European Suspension  crane end carriage,Wire Rope Electric Hoist,Electric Chain Hoist,European Single Girder Wire Rope Electric Hoist,European Double Girder Wire Rope Electric Hoist,Crane grab,Container spreader,Billet crane clamps,C-type hook,Lifting Electromagnet,YZR crane motor,YZP crane motor,ZQ Reducer,ZSC Reducer,QJ Reducer,QJ-L Reducer,QJY Reducer,H series gearbox,F Series Gear Motor,K Series Gear Motor,R Series Gear Motor,travelling machinery gear motor,Electro hydraulic drum brake,Electro hydraulic disc brake,Crane Safety brake,Crane cable trolley,Crane remote controller,Crane pendant controller,Crane electrical control cabinet,Crane limit switch,Crane sound and light alarm,Heavy Duty Aviation Connector,Crane overload limiter","publisher":{"@id":"https:\/\/www.hnhlcranes.com\/#organization"},"potentialAction":[{"@type":"SearchAction","target":{"@type":"EntryPoint","urlTemplate":"https:\/\/www.hnhlcranes.com\/?s={search_term_string}"},"query-input":{"@type":"PropertyValueSpecification","valueRequired":true,"valueName":"search_term_string"}}],"inLanguage":"sk-SK"},{"@type":"Organization","@id":"https:\/\/www.hnhlcranes.com\/#organization","name":"Crane Parts Manufacturer","url":"https:\/\/www.hnhlcranes.com\/","logo":{"@type":"ImageObject","inLanguage":"sk-SK","@id":"https:\/\/www.hnhlcranes.com\/#\/schema\/logo\/image\/","url":"https:\/\/www.hnhlcranes.com\/wp-content\/uploads\/2025\/01\/HL-logo-1.png","contentUrl":"https:\/\/www.hnhlcranes.com\/wp-content\/uploads\/2025\/01\/HL-logo-1.png","width":600,"height":169,"caption":"Crane Parts Manufacturer"},"image":{"@id":"https:\/\/www.hnhlcranes.com\/#\/schema\/logo\/image\/"}}]}},"_links":{"self":[{"href":"https:\/\/www.hnhlcranes.com\/sk\/wp-json\/wp\/v2\/product\/5544","targetHints":{"allow":["GET"]}}],"collection":[{"href":"https:\/\/www.hnhlcranes.com\/sk\/wp-json\/wp\/v2\/product"}],"about":[{"href":"https:\/\/www.hnhlcranes.com\/sk\/wp-json\/wp\/v2\/types\/product"}],"version-history":[{"count":3,"href":"https:\/\/www.hnhlcranes.com\/sk\/wp-json\/wp\/v2\/product\/5544\/revisions"}],"predecessor-version":[{"id":7196,"href":"https:\/\/www.hnhlcranes.com\/sk\/wp-json\/wp\/v2\/product\/5544\/revisions\/7196"}],"wp:featuredmedia":[{"embeddable":true,"href":"https:\/\/www.hnhlcranes.com\/sk\/wp-json\/wp\/v2\/media\/7117"}],"wp:attachment":[{"href":"https:\/\/www.hnhlcranes.com\/sk\/wp-json\/wp\/v2\/media?parent=5544"}],"wp:term":[{"taxonomy":"product_brand","embeddable":true,"href":"https:\/\/www.hnhlcranes.com\/sk\/wp-json\/wp\/v2\/product_brand?post=5544"},{"taxonomy":"product_cat","embeddable":true,"href":"https:\/\/www.hnhlcranes.com\/sk\/wp-json\/wp\/v2\/product_cat?post=5544"},{"taxonomy":"product_tag","embeddable":true,"href":"https:\/\/www.hnhlcranes.com\/sk\/wp-json\/wp\/v2\/product_tag?post=5544"}],"curies":[{"name":"wp","href":"https:\/\/api.w.org\/{rel}","templated":true}]}}