{"id":5590,"date":"2024-12-02T21:15:24","date_gmt":"2024-12-02T13:15:24","guid":{"rendered":"https:\/\/www.hnhlcranes.com\/?post_type=product&#038;p=5590"},"modified":"2025-01-17T02:27:00","modified_gmt":"2025-01-16T18:27:00","slug":"europsky-elektricky-kladkostroj-s-jednym-nosnikom-z-oceloveho-lana","status":"publish","type":"product","link":"https:\/\/www.hnhlcranes.com\/sk\/produkt\/europsky-elektricky-kladkostroj-s-jednym-nosnikom-z-oceloveho-lana\/","title":{"rendered":"Eur\u00f3psky elektrick\u00fd kladkostroj s jedn\u00fdm nosn\u00edkom"},"content":{"rendered":"<div class=\"flex max-w-full flex-col flex-grow\">\n<div class=\"min-h-8 text-message flex w-full flex-col items-end gap-2 whitespace-normal break-words [.text-message+&amp;]:mt-5\" dir=\"auto\" data-message-author-role=\"assistant\" data-message-id=\"ea78a6a9-c395-4bcc-8ce3-affe95563cd7\" data-message-model-slug=\"gpt-4o\">\n<div class=\"flex w-full flex-col gap-1 empty:hidden first:pt-[3px]\">\n<div class=\"markdown prose w-full break-words dark:prose-invert light\">\n<div class=\"flex-shrink-0 flex flex-col relative items-end\">\n<div class=\"pt-0\">\n<div class=\"gizmo-bot-avatar flex h-8 w-8 items-center justify-center overflow-hidden rounded-full\">\n<p>Str\u00e1nka <strong>Eur\u00f3psky elektrick\u00fd kladkostroj s jedn\u00fdm nosn\u00edkom<\/strong> je modern\u00e9 zdv\u00edhacie zariadenie, ktor\u00e9 vyu\u017e\u00edva kon\u0161trukciu s jedn\u00fdm nosn\u00edkom a oce\u013eov\u00e9 lano ako prim\u00e1rne zdv\u00edhacie m\u00e9dium. \u0160iroko sa pou\u017e\u00edva v priemyseln\u00fdch prostrediach, ktor\u00e9 si vy\u017eaduj\u00fa efekt\u00edvne a bezpe\u010dn\u00e9 zdv\u00edhanie. Tento typ elektrick\u00e9ho kladkostroja sa be\u017ene pou\u017e\u00edva v tov\u00e1r\u0148ach, skladoch, logistick\u00fdch centr\u00e1ch a na in\u00fdch miestach, najm\u00e4 v prostrediach, ktor\u00e9 si vy\u017eaduj\u00fa ve\u013ek\u00e9 zdv\u00edhacie v\u00fd\u0161ky a manipul\u00e1ciu s \u0165a\u017ek\u00fdmi bremenami.<\/p>\n<h3>Hlavn\u00e9 funkcie:<\/h3>\n<ol>\n<li><strong>Kon\u0161trukcia s jedn\u00fdm nosn\u00edkom<\/strong>: V porovnan\u00ed s tradi\u010dn\u00fdmi kon\u0161trukciami s dvoma nosn\u00edkmi je usporiadanie s jedn\u00fdm nosn\u00edkom kompaktnej\u0161ie a jednoduch\u0161ie, pon\u00faka v\u00fdkonn\u00e9 zdv\u00edhacie schopnosti a zaber\u00e1 menej miesta.<\/li>\n<li><strong>Pohon oce\u013eov\u00e9ho lana<\/strong>: Tento kladkostroj pou\u017e\u00edva ako zdv\u00edhacie m\u00e9dium oce\u013eov\u00e9 lano, v\u010faka \u010domu je vhodnej\u0161\u00ed na zdv\u00edhanie v\u00e4\u010d\u0161\u00edch bremien a pr\u00e1cu v prostred\u00ed s v\u00e4\u010d\u0161ou vzdialenos\u0165ou ako re\u0165azov\u00e9 kladkostroje.<\/li>\n<li><strong>Vysok\u00e1 nosnos\u0165<\/strong>: Eur\u00f3pske elektrick\u00e9 lanov\u00e9 kladkostroje s jedn\u00fdm nosn\u00edkom maj\u00fa zvy\u010dajne vysok\u00fa nosnos\u0165, od stoviek kilogramov a\u017e po nieko\u013eko ton, v\u010faka \u010domu s\u00fa schopn\u00e9 manipulova\u0165 s \u0165a\u017ek\u00fdmi bremenami.<\/li>\n<li><strong>\u00da\u010dinn\u00fd elektrick\u00fd motor<\/strong>: Tieto kladkostroje s\u00fa vybaven\u00e9 vysoko\u00fa\u010dinn\u00fdm motorom a m\u00f4\u017eu pracova\u0165 nepretr\u017eite dlh\u0161\u00ed \u010das, \u010d\u00edm sa zvy\u0161uje produktivita pr\u00e1ce.<\/li>\n<li><strong>Kompaktn\u00fd dizajn<\/strong>: Kompaktn\u00fd dizajn kladkostroja \u0161etr\u00ed miesto, tak\u017ee je ide\u00e1lny na pou\u017eitie v prostred\u00ed s obmedzen\u00fdm pracovn\u00fdm priestorom.<\/li>\n<li><strong>Plynul\u00e9 zdv\u00edhanie a sp\u00fa\u0161\u0165anie<\/strong>: Zdvih\u00e1k zabezpe\u010duje plynul\u00fa prev\u00e1dzku po\u010das zdv\u00edhania aj sp\u00fa\u0161\u0165ania, \u010d\u00edm sa zni\u017euje vplyv na n\u00e1klad a zariadenie, \u010do predl\u017euje \u017eivotnos\u0165 zdv\u00edhacieho zariadenia.<\/li>\n<li><strong>Bezpe\u010dnostn\u00e9 funkcie<\/strong>: Zvy\u010dajne s\u00fa vybaven\u00e9 ochranou proti pre\u0165a\u017eeniu, koncov\u00fdmi sp\u00edna\u010dmi a brzdov\u00fdmi syst\u00e9mami na zaistenie bezpe\u010dnosti po\u010das prev\u00e1dzky.<\/li>\n<\/ol>\n<h3>Kon\u0161truk\u010dn\u00e9 komponenty:<\/h3>\n<ol>\n<li><strong>Elektrick\u00fd motor<\/strong>: Poskytuje energiu na pohon zdv\u00edhacieho mechanizmu kladkostroja, \u010d\u00edm zabezpe\u010duje stabiln\u00fa a efekt\u00edvnu prev\u00e1dzku.<\/li>\n<li><strong>Redukcia<\/strong>: Redukcia men\u00ed vysokor\u00fdchlostn\u00e9 ot\u00e1\u010dky motora na ot\u00e1\u010dky s ni\u017e\u0161ou r\u00fdchlos\u0165ou, ktor\u00e9 s\u00fa vhodn\u00e9 na zdv\u00edhanie, \u010d\u00edm sa zvy\u0161uje kr\u00fatiaci moment.<\/li>\n<li><strong>Dr\u00f4ten\u00e9 lano<\/strong>: Ako zdv\u00edhacie m\u00e9dium m\u00e1 oce\u013eov\u00e9 lano vysok\u00fa pevnos\u0165 v \u0165ahu a nosnos\u0165, tak\u017ee je vhodn\u00e9 na zdv\u00edhanie \u0165a\u017ek\u00fdch predmetov.<\/li>\n<li><strong>Riadiaci syst\u00e9m<\/strong>: Oper\u00e1tori ovl\u00e1daj\u00fa kladkostroj prostredn\u00edctvom ovl\u00e1dacieho panela alebo bezdr\u00f4tov\u00e9ho dia\u013ekov\u00e9ho ovl\u00e1dania, \u010d\u00edm sa proces zdv\u00edhania st\u00e1va pohodln\u00fdm a jednoduch\u00fdm.<\/li>\n<li><strong>Bezpe\u010dnostn\u00e9 zariadenia<\/strong>: Funkcie ako ochrana proti pre\u0165a\u017eeniu, koncov\u00e9 sp\u00edna\u010de a brzdov\u00e9 syst\u00e9my zabezpe\u010duj\u00fa bezpe\u010dn\u00fa a spo\u013eahliv\u00fa prev\u00e1dzku kladkostroja.<\/li>\n<\/ol>\n<h3>V\u00fdhody:<\/h3>\n<ul>\n<li><strong>Zv\u00fd\u0161en\u00e1 efektivita pr\u00e1ce<\/strong>: Vysoko\u00fa\u010dinn\u00fd motor a plynul\u00e1 prev\u00e1dzka v\u00fdrazne zvy\u0161uj\u00fa efektivitu pr\u00e1ce t\u00fdm, \u017ee umo\u017e\u0148uj\u00fa r\u00fdchlej\u0161ie a bezpe\u010dnej\u0161ie zdv\u00edhanie.<\/li>\n<li><strong>Bezpe\u010dnos\u0165 a spo\u013eahlivos\u0165<\/strong>: Viacero bezpe\u010dnostn\u00fdch prvkov zabezpe\u010duje stabilitu a bezpe\u010dnos\u0165 kladkostroja aj po\u010das n\u00e1ro\u010dn\u00fdch \u00faloh, \u010d\u00edm sa predch\u00e1dza mo\u017en\u00fdm rizik\u00e1m.<\/li>\n<li><strong>V\u0161estrannos\u0165<\/strong>: Zdvih\u00e1k je vhodn\u00fd na \u0161irok\u00fa \u0161k\u00e1lu \u00faloh zdv\u00edhania s vysok\u00fdm za\u0165a\u017een\u00edm a vysokou frekvenciou, najm\u00e4 v stiesnen\u00fdch priestoroch, kam by sa in\u00e9 syst\u00e9my nemuseli zmesti\u0165.<\/li>\n<li><strong>Trvanlivos\u0165<\/strong>: Oce\u013eov\u00e9 lano a vysokokvalitn\u00fd motor poskytuj\u00fa kladkostroju pred\u013a\u017een\u00fa \u017eivotnos\u0165, \u010d\u00edm zni\u017euj\u00fa n\u00e1klady na \u00fadr\u017ebu a prestoje.<\/li>\n<\/ul>\n<h3>Z\u00e1ver:<\/h3>\n<p>Str\u00e1nka <strong>Eur\u00f3psky elektrick\u00fd kladkostroj s jedn\u00fdm nosn\u00edkom<\/strong> je efekt\u00edvne, bezpe\u010dn\u00e9 a odoln\u00e9 zdv\u00edhacie zariadenie, ktor\u00e9 sa v\u010faka svojej kompaktnej kon\u0161trukcii a v\u00fdkonnej nosnosti \u0161iroko pou\u017e\u00edva v r\u00f4znych oblastiach priemyslu a stavebn\u00edctva. Pon\u00faka bezprobl\u00e9mov\u00e9 zdv\u00edhacie oper\u00e1cie a v\u00fdborne funguje v r\u00f4znych prostrediach. Tento kladkostroj sa stal nepostr\u00e1date\u013enou s\u00fa\u010das\u0165ou vybavenia modern\u00fdch tov\u00e1rn\u00ed a stavebn\u00fdch projektov.<\/p>\n<div class=\"relative p-1 rounded-sm flex items-center justify-center bg-token-main-surface-primary text-token-text-primary h-8 w-8\">\n<p><img fetchpriority=\"high\" decoding=\"async\" class=\"alignnone wp-image-7046\" src=\"https:\/\/www.hnhlcranes.com\/wp-content\/uploads\/2024\/12\/European-Single-Girder-Wire-Rope-Electric-Hoist-K2-246x300.jpg\" alt=\"\" width=\"952\" height=\"1161\" srcset=\"https:\/\/www.hnhlcranes.com\/wp-content\/uploads\/2024\/12\/European-Single-Girder-Wire-Rope-Electric-Hoist-K2-246x300.jpg 246w, https:\/\/www.hnhlcranes.com\/wp-content\/uploads\/2024\/12\/European-Single-Girder-Wire-Rope-Electric-Hoist-K2-839x1024.jpg 839w, https:\/\/www.hnhlcranes.com\/wp-content\/uploads\/2024\/12\/European-Single-Girder-Wire-Rope-Electric-Hoist-K2-768x938.jpg 768w, https:\/\/www.hnhlcranes.com\/wp-content\/uploads\/2024\/12\/European-Single-Girder-Wire-Rope-Electric-Hoist-K2-600x733.jpg 600w, https:\/\/www.hnhlcranes.com\/wp-content\/uploads\/2024\/12\/European-Single-Girder-Wire-Rope-Electric-Hoist-K2.jpg 1000w\" sizes=\"(max-width: 952px) 100vw, 952px\" \/> <img decoding=\"async\" class=\"alignnone wp-image-7047\" src=\"https:\/\/www.hnhlcranes.com\/wp-content\/uploads\/2024\/12\/European-Single-Girder-Wire-Rope-Electric-Hoist-K3-250x300.jpg\" alt=\"\" width=\"951\" height=\"1141\" srcset=\"https:\/\/www.hnhlcranes.com\/wp-content\/uploads\/2024\/12\/European-Single-Girder-Wire-Rope-Electric-Hoist-K3-250x300.jpg 250w, https:\/\/www.hnhlcranes.com\/wp-content\/uploads\/2024\/12\/European-Single-Girder-Wire-Rope-Electric-Hoist-K3-600x721.jpg 600w\" sizes=\"(max-width: 951px) 100vw, 951px\" \/><\/p>\n<p><img decoding=\"async\" class=\"alignnone wp-image-7048\" src=\"https:\/\/www.hnhlcranes.com\/wp-content\/uploads\/2024\/12\/European-Single-Girder-Wire-Rope-Electric-Hoist-K4-246x300.jpg\" alt=\"\" width=\"950\" height=\"1159\" srcset=\"https:\/\/www.hnhlcranes.com\/wp-content\/uploads\/2024\/12\/European-Single-Girder-Wire-Rope-Electric-Hoist-K4-246x300.jpg 246w, https:\/\/www.hnhlcranes.com\/wp-content\/uploads\/2024\/12\/European-Single-Girder-Wire-Rope-Electric-Hoist-K4-600x731.jpg 600w\" sizes=\"(max-width: 950px) 100vw, 950px\" \/><\/p>\n<\/div>\n<\/div>\n<\/div>\n<\/div>\n<\/div>\n<\/div>\n<\/div>\n<\/div>","protected":false},"excerpt":{"rendered":"<h6><strong><span style=\"font-family: arial, helvetica, sans-serif; font-size: 14pt;\">\u0160pecifik\u00e1cie eur\u00f3pskeho elektrick\u00e9ho kladkostroja s jedn\u00fdm nosn\u00edkom<\/span><\/strong><\/h6>\n<ul>\n<li><strong>Mo\u017enosti kapacity<\/strong>: 2t, 3,2t, 5t, 6,3t, 8t, 10t, 12,5t<\/li>\n<li><strong>Klasifik\u00e1cia povinnost\u00ed<\/strong>: M3, M4, M5, M6<\/li>\n<li><strong>Rozsah v\u00fd\u0161ky zdv\u00edhania<\/strong>: 6m, 9m, 12m, 15m, 18m<\/li>\n<\/ul>","protected":false},"featured_media":7049,"template":"","meta":{"_kad_post_transparent":"default","_kad_post_title":"","_kad_post_layout":"default","_kad_post_sidebar_id":"","_kad_post_content_style":"default","_kad_post_vertical_padding":"show","_kad_post_feature":"","_kad_post_feature_position":"","_kad_post_header":false,"_kad_post_footer":false},"product_brand":[],"product_cat":[60,61],"product_tag":[457,462,376,460,474,464,463,461,472,476,470,469,475,466,471,465,467,468,459,473,458],"class_list":{"0":"post-5590","1":"product","2":"type-product","3":"status-publish","4":"has-post-thumbnail","6":"product_cat-electric-hoist","7":"product_cat-european-crane-parts","8":"product_tag-cd-md-wire-rope-electric-hoist","9":"product_tag-chain-hoist","10":"product_tag-china-crane-parts-supplier","11":"product_tag-double-girder-wire-rope-electric-hoist","12":"product_tag-electric-chain-hoist","13":"product_tag-electric-chain-hoist-china-distributor","14":"product_tag-electric-chain-hoist-manufacturer","15":"product_tag-electric-hoist","16":"product_tag-european-double-beam-wire-rope-electric-hoist","17":"product_tag-european-double-girder-wire-rope-electric-hoist","18":"product_tag-european-electric-hoist","19":"product_tag-european-hoist","20":"product_tag-european-single-girder-wire-rope-electric-hoist","21":"product_tag-european-wire-rope-electric-hoist","22":"product_tag-fem-double-girder-wire-rope-electric-hoist","23":"product_tag-fem-single-girder-wire-rope-electric-hoist","24":"product_tag-low-headroom-electric-hoist","25":"product_tag-single-beam-electric-hoist","26":"product_tag-single-girder-wire-rope-electric-hoist","27":"product_tag-wire-rope-electric-hoist","28":"product_tag-wire-rope-electric-hoist-china-manufacturer","30":"first","31":"instock","32":"featured","33":"shipping-taxable","34":"product-type-simple","35":"entry","36":"content-bg","37":"loop-entry"},"yoast_head":"<!-- This site is optimized with the Yoast SEO plugin v24.5 - https:\/\/yoast.com\/wordpress\/plugins\/seo\/ -->\n<title>European Single Girder Wire Rope Electric Hoist - Electric Hoist-Crane Parts Manufacturer<\/title>\n<meta name=\"description\" content=\"European wire rope electric hoist,Low headroom electric hoist,Single beam electric hoist,FEM Single Girder Wire Rope Electric Hoist,Electric Hoist\" \/>\n<meta name=\"robots\" content=\"index, follow, max-snippet:-1, max-image-preview:large, max-video-preview:-1\" \/>\n<link rel=\"canonical\" href=\"https:\/\/www.hnhlcranes.com\/sk\/produkt\/europsky-elektricky-kladkostroj-s-jednym-nosnikom-z-oceloveho-lana\/\" \/>\n<meta property=\"og:locale\" content=\"sk_SK\" \/>\n<meta property=\"og:type\" content=\"article\" \/>\n<meta property=\"og:title\" content=\"European Single Girder Wire Rope Electric Hoist - Electric Hoist-Crane Parts Manufacturer\" \/>\n<meta property=\"og:description\" content=\"European wire rope electric hoist,Low headroom electric hoist,Single beam electric hoist,FEM Single Girder Wire Rope Electric Hoist,Electric Hoist\" \/>\n<meta property=\"og:url\" content=\"https:\/\/www.hnhlcranes.com\/sk\/produkt\/europsky-elektricky-kladkostroj-s-jednym-nosnikom-z-oceloveho-lana\/\" \/>\n<meta property=\"og:site_name\" content=\"Crane Parts Manufacturer\" \/>\n<meta property=\"article:modified_time\" content=\"2025-01-16T18:27:00+00:00\" \/>\n<meta property=\"og:image\" content=\"https:\/\/www.hnhlcranes.com\/wp-content\/uploads\/2024\/12\/European-Single-Girder-Wire-Rope-Electric-Hoist.jpg\" \/>\n\t<meta property=\"og:image:width\" content=\"600\" \/>\n\t<meta property=\"og:image:height\" content=\"600\" \/>\n\t<meta property=\"og:image:type\" content=\"image\/jpeg\" \/>\n<meta name=\"twitter:card\" content=\"summary_large_image\" \/>\n<meta name=\"twitter:label1\" content=\"Predpokladan\u00fd \u010das \u010d\u00edtania\" \/>\n\t<meta name=\"twitter:data1\" content=\"3 min\u00faty\" \/>\n<script type=\"application\/ld+json\" class=\"yoast-schema-graph\">{\"@context\":\"https:\/\/schema.org\",\"@graph\":[{\"@type\":\"WebPage\",\"@id\":\"https:\/\/www.hnhlcranes.com\/product\/european-single-girder-wire-rope-electric-hoist\/\",\"url\":\"https:\/\/www.hnhlcranes.com\/product\/european-single-girder-wire-rope-electric-hoist\/\",\"name\":\"European Single Girder Wire Rope Electric Hoist - Electric Hoist-Crane Parts Manufacturer\",\"isPartOf\":{\"@id\":\"https:\/\/www.hnhlcranes.com\/#website\"},\"primaryImageOfPage\":{\"@id\":\"https:\/\/www.hnhlcranes.com\/product\/european-single-girder-wire-rope-electric-hoist\/#primaryimage\"},\"image\":{\"@id\":\"https:\/\/www.hnhlcranes.com\/product\/european-single-girder-wire-rope-electric-hoist\/#primaryimage\"},\"thumbnailUrl\":\"https:\/\/www.hnhlcranes.com\/wp-content\/uploads\/2024\/12\/European-Single-Girder-Wire-Rope-Electric-Hoist.jpg\",\"datePublished\":\"2024-12-02T13:15:24+00:00\",\"dateModified\":\"2025-01-16T18:27:00+00:00\",\"description\":\"European wire rope electric hoist,Low headroom electric hoist,Single beam electric hoist,FEM Single Girder Wire Rope Electric Hoist,Electric Hoist\",\"breadcrumb\":{\"@id\":\"https:\/\/www.hnhlcranes.com\/product\/european-single-girder-wire-rope-electric-hoist\/#breadcrumb\"},\"inLanguage\":\"sk-SK\",\"potentialAction\":[{\"@type\":\"ReadAction\",\"target\":[\"https:\/\/www.hnhlcranes.com\/product\/european-single-girder-wire-rope-electric-hoist\/\"]}]},{\"@type\":\"ImageObject\",\"inLanguage\":\"sk-SK\",\"@id\":\"https:\/\/www.hnhlcranes.com\/product\/european-single-girder-wire-rope-electric-hoist\/#primaryimage\",\"url\":\"https:\/\/www.hnhlcranes.com\/wp-content\/uploads\/2024\/12\/European-Single-Girder-Wire-Rope-Electric-Hoist.jpg\",\"contentUrl\":\"https:\/\/www.hnhlcranes.com\/wp-content\/uploads\/2024\/12\/European-Single-Girder-Wire-Rope-Electric-Hoist.jpg\",\"width\":600,\"height\":600},{\"@type\":\"BreadcrumbList\",\"@id\":\"https:\/\/www.hnhlcranes.com\/product\/european-single-girder-wire-rope-electric-hoist\/#breadcrumb\",\"itemListElement\":[{\"@type\":\"ListItem\",\"position\":1,\"name\":\"home\",\"item\":\"https:\/\/www.hnhlcranes.com\/\"},{\"@type\":\"ListItem\",\"position\":2,\"name\":\"products\",\"item\":\"https:\/\/www.hnhlcranes.com\/products\/\"},{\"@type\":\"ListItem\",\"position\":3,\"name\":\"European Single Girder Wire Rope Electric Hoist\"}]},{\"@type\":\"WebSite\",\"@id\":\"https:\/\/www.hnhlcranes.com\/#website\",\"url\":\"https:\/\/www.hnhlcranes.com\/\",\"name\":\"Crane Parts Manufacturer\",\"description\":\"Crane Wheels,Crane Drums,Crane Hooks,Crane Coupling,Crane End Carriage,Electric Hoist,European Crane Parts,Crane Rail Clip,Crane Spreader,Crane Motor,Crane Reducer,Crane Brake,Light Crane Parts,Workstation Crane Parts,Crane Electrical Parts,China Crane Parts Supplier,China Crane Parts Manufacturer,Angle box type crane wheel,45 degree split crane wheel,European crane wheel,Crane Wheel Blocks,Overhead crane drum,European crane drum,Overhead crane hook,European crane hook,Crane pulley block,Gear coupling,Brake wheel coupling,Drum gear coupling,Brake wheel drum gear coupling,Cardan Shaft Coupling,WZL drum coupling,Plum blossom elastic coupling,Brake wheel plum elastic coupling,European Single girder crane end carriage,European Double girder crane end carriage,European Suspension  crane end carriage,Wire Rope Electric Hoist,Electric Chain Hoist,European Single Girder Wire Rope Electric Hoist,European Double Girder Wire Rope Electric Hoist,Crane grab,Container spreader,Billet crane clamps,C-type hook,Lifting Electromagnet,YZR crane motor,YZP crane motor,ZQ Reducer,ZSC Reducer,QJ Reducer,QJ-L Reducer,QJY Reducer,H series gearbox,F Series Gear Motor,K Series Gear Motor,R Series Gear Motor,travelling machinery gear motor,Electro hydraulic drum brake,Electro hydraulic disc brake,Crane Safety brake,Crane cable trolley,Crane remote controller,Crane pendant controller,Crane electrical control cabinet,Crane limit switch,Crane sound and light alarm,Heavy Duty Aviation Connector,Crane overload limiter\",\"publisher\":{\"@id\":\"https:\/\/www.hnhlcranes.com\/#organization\"},\"potentialAction\":[{\"@type\":\"SearchAction\",\"target\":{\"@type\":\"EntryPoint\",\"urlTemplate\":\"https:\/\/www.hnhlcranes.com\/?s={search_term_string}\"},\"query-input\":{\"@type\":\"PropertyValueSpecification\",\"valueRequired\":true,\"valueName\":\"search_term_string\"}}],\"inLanguage\":\"sk-SK\"},{\"@type\":\"Organization\",\"@id\":\"https:\/\/www.hnhlcranes.com\/#organization\",\"name\":\"Crane Parts Manufacturer\",\"url\":\"https:\/\/www.hnhlcranes.com\/\",\"logo\":{\"@type\":\"ImageObject\",\"inLanguage\":\"sk-SK\",\"@id\":\"https:\/\/www.hnhlcranes.com\/#\/schema\/logo\/image\/\",\"url\":\"https:\/\/www.hnhlcranes.com\/wp-content\/uploads\/2025\/01\/HL-logo-1.png\",\"contentUrl\":\"https:\/\/www.hnhlcranes.com\/wp-content\/uploads\/2025\/01\/HL-logo-1.png\",\"width\":600,\"height\":169,\"caption\":\"Crane Parts Manufacturer\"},\"image\":{\"@id\":\"https:\/\/www.hnhlcranes.com\/#\/schema\/logo\/image\/\"}}]}<\/script>\n<!-- \/ Yoast SEO plugin. -->","yoast_head_json":{"title":"European Single Girder Wire Rope Electric Hoist - Electric Hoist-Crane Parts Manufacturer","description":"European wire rope electric hoist,Low headroom electric hoist,Single beam electric hoist,FEM Single Girder Wire Rope Electric Hoist,Electric Hoist","robots":{"index":"index","follow":"follow","max-snippet":"max-snippet:-1","max-image-preview":"max-image-preview:large","max-video-preview":"max-video-preview:-1"},"canonical":"https:\/\/www.hnhlcranes.com\/sk\/produkt\/europsky-elektricky-kladkostroj-s-jednym-nosnikom-z-oceloveho-lana\/","og_locale":"sk_SK","og_type":"article","og_title":"European Single Girder Wire Rope Electric Hoist - Electric Hoist-Crane Parts Manufacturer","og_description":"European wire rope electric hoist,Low headroom electric hoist,Single beam electric hoist,FEM Single Girder Wire Rope Electric Hoist,Electric Hoist","og_url":"https:\/\/www.hnhlcranes.com\/sk\/produkt\/europsky-elektricky-kladkostroj-s-jednym-nosnikom-z-oceloveho-lana\/","og_site_name":"Crane Parts Manufacturer","article_modified_time":"2025-01-16T18:27:00+00:00","og_image":[{"width":600,"height":600,"url":"https:\/\/www.hnhlcranes.com\/wp-content\/uploads\/2024\/12\/European-Single-Girder-Wire-Rope-Electric-Hoist.jpg","type":"image\/jpeg"}],"twitter_card":"summary_large_image","twitter_misc":{"Predpokladan\u00fd \u010das \u010d\u00edtania":"3 min\u00faty"},"schema":{"@context":"https:\/\/schema.org","@graph":[{"@type":"WebPage","@id":"https:\/\/www.hnhlcranes.com\/product\/european-single-girder-wire-rope-electric-hoist\/","url":"https:\/\/www.hnhlcranes.com\/product\/european-single-girder-wire-rope-electric-hoist\/","name":"European Single Girder Wire Rope Electric Hoist - Electric Hoist-Crane Parts Manufacturer","isPartOf":{"@id":"https:\/\/www.hnhlcranes.com\/#website"},"primaryImageOfPage":{"@id":"https:\/\/www.hnhlcranes.com\/product\/european-single-girder-wire-rope-electric-hoist\/#primaryimage"},"image":{"@id":"https:\/\/www.hnhlcranes.com\/product\/european-single-girder-wire-rope-electric-hoist\/#primaryimage"},"thumbnailUrl":"https:\/\/www.hnhlcranes.com\/wp-content\/uploads\/2024\/12\/European-Single-Girder-Wire-Rope-Electric-Hoist.jpg","datePublished":"2024-12-02T13:15:24+00:00","dateModified":"2025-01-16T18:27:00+00:00","description":"European wire rope electric hoist,Low headroom electric hoist,Single beam electric hoist,FEM Single Girder Wire Rope Electric Hoist,Electric Hoist","breadcrumb":{"@id":"https:\/\/www.hnhlcranes.com\/product\/european-single-girder-wire-rope-electric-hoist\/#breadcrumb"},"inLanguage":"sk-SK","potentialAction":[{"@type":"ReadAction","target":["https:\/\/www.hnhlcranes.com\/product\/european-single-girder-wire-rope-electric-hoist\/"]}]},{"@type":"ImageObject","inLanguage":"sk-SK","@id":"https:\/\/www.hnhlcranes.com\/product\/european-single-girder-wire-rope-electric-hoist\/#primaryimage","url":"https:\/\/www.hnhlcranes.com\/wp-content\/uploads\/2024\/12\/European-Single-Girder-Wire-Rope-Electric-Hoist.jpg","contentUrl":"https:\/\/www.hnhlcranes.com\/wp-content\/uploads\/2024\/12\/European-Single-Girder-Wire-Rope-Electric-Hoist.jpg","width":600,"height":600},{"@type":"BreadcrumbList","@id":"https:\/\/www.hnhlcranes.com\/product\/european-single-girder-wire-rope-electric-hoist\/#breadcrumb","itemListElement":[{"@type":"ListItem","position":1,"name":"home","item":"https:\/\/www.hnhlcranes.com\/"},{"@type":"ListItem","position":2,"name":"products","item":"https:\/\/www.hnhlcranes.com\/products\/"},{"@type":"ListItem","position":3,"name":"European Single Girder Wire Rope Electric Hoist"}]},{"@type":"WebSite","@id":"https:\/\/www.hnhlcranes.com\/#website","url":"https:\/\/www.hnhlcranes.com\/","name":"Crane Parts Manufacturer","description":"Crane Wheels,Crane Drums,Crane Hooks,Crane Coupling,Crane End Carriage,Electric Hoist,European Crane Parts,Crane Rail Clip,Crane Spreader,Crane Motor,Crane Reducer,Crane Brake,Light Crane Parts,Workstation Crane Parts,Crane Electrical Parts,China Crane Parts Supplier,China Crane Parts Manufacturer,Angle box type crane wheel,45 degree split crane wheel,European crane wheel,Crane Wheel Blocks,Overhead crane drum,European crane drum,Overhead crane hook,European crane hook,Crane pulley block,Gear coupling,Brake wheel coupling,Drum gear coupling,Brake wheel drum gear coupling,Cardan Shaft Coupling,WZL drum coupling,Plum blossom elastic coupling,Brake wheel plum elastic coupling,European Single girder crane end carriage,European Double girder crane end carriage,European Suspension  crane end carriage,Wire Rope Electric Hoist,Electric Chain Hoist,European Single Girder Wire Rope Electric Hoist,European Double Girder Wire Rope Electric Hoist,Crane grab,Container spreader,Billet crane clamps,C-type hook,Lifting Electromagnet,YZR crane motor,YZP crane motor,ZQ Reducer,ZSC Reducer,QJ Reducer,QJ-L Reducer,QJY Reducer,H series gearbox,F Series Gear Motor,K Series Gear Motor,R Series Gear Motor,travelling machinery gear motor,Electro hydraulic drum brake,Electro hydraulic disc brake,Crane Safety brake,Crane cable trolley,Crane remote controller,Crane pendant controller,Crane electrical control cabinet,Crane limit switch,Crane sound and light alarm,Heavy Duty Aviation Connector,Crane overload limiter","publisher":{"@id":"https:\/\/www.hnhlcranes.com\/#organization"},"potentialAction":[{"@type":"SearchAction","target":{"@type":"EntryPoint","urlTemplate":"https:\/\/www.hnhlcranes.com\/?s={search_term_string}"},"query-input":{"@type":"PropertyValueSpecification","valueRequired":true,"valueName":"search_term_string"}}],"inLanguage":"sk-SK"},{"@type":"Organization","@id":"https:\/\/www.hnhlcranes.com\/#organization","name":"Crane Parts Manufacturer","url":"https:\/\/www.hnhlcranes.com\/","logo":{"@type":"ImageObject","inLanguage":"sk-SK","@id":"https:\/\/www.hnhlcranes.com\/#\/schema\/logo\/image\/","url":"https:\/\/www.hnhlcranes.com\/wp-content\/uploads\/2025\/01\/HL-logo-1.png","contentUrl":"https:\/\/www.hnhlcranes.com\/wp-content\/uploads\/2025\/01\/HL-logo-1.png","width":600,"height":169,"caption":"Crane Parts Manufacturer"},"image":{"@id":"https:\/\/www.hnhlcranes.com\/#\/schema\/logo\/image\/"}}]}},"_links":{"self":[{"href":"https:\/\/www.hnhlcranes.com\/sk\/wp-json\/wp\/v2\/product\/5590","targetHints":{"allow":["GET"]}}],"collection":[{"href":"https:\/\/www.hnhlcranes.com\/sk\/wp-json\/wp\/v2\/product"}],"about":[{"href":"https:\/\/www.hnhlcranes.com\/sk\/wp-json\/wp\/v2\/types\/product"}],"version-history":[{"count":3,"href":"https:\/\/www.hnhlcranes.com\/sk\/wp-json\/wp\/v2\/product\/5590\/revisions"}],"predecessor-version":[{"id":7051,"href":"https:\/\/www.hnhlcranes.com\/sk\/wp-json\/wp\/v2\/product\/5590\/revisions\/7051"}],"wp:featuredmedia":[{"embeddable":true,"href":"https:\/\/www.hnhlcranes.com\/sk\/wp-json\/wp\/v2\/media\/7049"}],"wp:attachment":[{"href":"https:\/\/www.hnhlcranes.com\/sk\/wp-json\/wp\/v2\/media?parent=5590"}],"wp:term":[{"taxonomy":"product_brand","embeddable":true,"href":"https:\/\/www.hnhlcranes.com\/sk\/wp-json\/wp\/v2\/product_brand?post=5590"},{"taxonomy":"product_cat","embeddable":true,"href":"https:\/\/www.hnhlcranes.com\/sk\/wp-json\/wp\/v2\/product_cat?post=5590"},{"taxonomy":"product_tag","embeddable":true,"href":"https:\/\/www.hnhlcranes.com\/sk\/wp-json\/wp\/v2\/product_tag?post=5590"}],"curies":[{"name":"wp","href":"https:\/\/api.w.org\/{rel}","templated":true}]}}