{"id":5677,"date":"2024-12-04T00:34:44","date_gmt":"2024-12-03T16:34:44","guid":{"rendered":"https:\/\/www.hnhlcranes.com\/?post_type=product&#038;p=5677"},"modified":"2025-01-14T23:58:30","modified_gmt":"2025-01-14T15:58:30","slug":"cast-lahkeho-zeriavu","status":"publish","type":"product","link":"https:\/\/www.hnhlcranes.com\/sk\/produkt\/cast-lahkeho-zeriavu\/","title":{"rendered":"\u010cas\u0165 \u013eahk\u00e9ho \u017eeriavu"},"content":{"rendered":"<div class=\"flex max-w-full flex-col flex-grow\">\n<div class=\"min-h-8 text-message flex w-full flex-col items-end gap-2 whitespace-normal break-words [.text-message+&amp;]:mt-5\" dir=\"auto\" data-message-author-role=\"assistant\" data-message-id=\"c8d7d5a5-db5c-4384-9025-33dbfdf6a310\" data-message-model-slug=\"gpt-4o\">\n<div class=\"flex w-full flex-col gap-1 empty:hidden first:pt-[3px]\">\n<div class=\"markdown prose w-full break-words dark:prose-invert light\">\n<h3>Preh\u013ead \u013eahk\u00fdch \u017eeriavov<\/h3>\n<p>\u013dahk\u00fd \u017eeriav, zn\u00e1my aj ako modul\u00e1rny \u017eeriav, sl\u00fa\u017ei ako vysoko efekt\u00edvne a flexibiln\u00e9 rie\u0161enie na manipul\u00e1ciu s materi\u00e1lom. V\u010faka svojej v\u0161estrannosti sa \u0161iroko pou\u017e\u00edva v tov\u00e1r\u0148ach, skladoch a v\u00fdrobn\u00fdch link\u00e1ch. Pozost\u00e1va z r\u00f4znych \u0161tandardn\u00fdch modulov, ako s\u00fa z\u00e1vesn\u00e9 zariadenia, ko\u013eajnice, sp\u00edna\u010de, voz\u00edky, elektrick\u00e9 kladkostroje, mobiln\u00e9 nap\u00e1jacie jednotky (posuvn\u00e9 vedenia) a ovl\u00e1dacie zariadenia. Okrem toho obsahuje aj \u010fal\u0161ie z\u00e1kladn\u00e9 diely \u013eahk\u00fdch \u017eeriavov, ktor\u00e9 zabezpe\u010duj\u00fa bezprobl\u00e9mov\u00fa integr\u00e1ciu a prev\u00e1dzku.<\/p>\n<h3>\u010cas\u0165 \u013eahk\u00e9ho \u017eeriavu<\/h3>\n<p>Na zabezpe\u010denie optim\u00e1lnej funk\u010dnosti sa \u013eahk\u00e9 \u017eeriavy spoliehaj\u00fa na tieto komponenty:<\/p>\n<ul>\n<li><strong>Z\u00e1vesn\u00e9 zariadenia:<\/strong> Tieto zariadenia zavesuj\u00fa r\u00f4zne komponenty \u017eeriavu, \u010d\u00edm zabezpe\u010duj\u00fa stabilitu a efekt\u00edvnu prev\u00e1dzku.<\/li>\n<li><strong>Skladby:<\/strong> P\u00e1sy zabezpe\u010duj\u00fa dr\u00e1hu pohybu \u017eeriavu a umo\u017e\u0148uj\u00fa plynul\u00fd a presn\u00fd pohyb.<\/li>\n<li><strong>Prep\u00edna\u010de:<\/strong> Oper\u00e1tori pou\u017e\u00edvaj\u00fa prep\u00edna\u010de na zmenu smeru ko\u013eaje, \u010do umo\u017e\u0148uje flexibiln\u00fa prev\u00e1dzku.<\/li>\n<li><strong>Voz\u00edky:<\/strong> Voz\u00edky efekt\u00edvne pren\u00e1\u0161aj\u00fa a prepravuj\u00fa n\u00e1klad po ur\u010denej ploche.<\/li>\n<li><strong>Elektrick\u00e9 kladkostroje:<\/strong> Tieto kladkostroje vykon\u00e1vaj\u00fa funkciu zdv\u00edhania, \u010d\u00edm zabezpe\u010duj\u00fa r\u00fdchlu a spo\u013eahliv\u00fa manipul\u00e1ciu s n\u00e1kladom.<\/li>\n<li><strong>Mobiln\u00e9 nap\u00e1jacie jednotky:<\/strong> Tieto jednotky dod\u00e1vaj\u00fa \u017eeriavu energiu, \u010d\u00edm zabezpe\u010duj\u00fa nepretr\u017eit\u00fa prev\u00e1dzku.<\/li>\n<li><strong>Kontroln\u00e9 zariadenia:<\/strong> Riadiace zariadenia riadia prev\u00e1dzku \u017eeriava a pon\u00fakaj\u00fa presn\u00e9 a spo\u013eahliv\u00e9 ovl\u00e1danie.<\/li>\n<\/ul>\n<h3>Pou\u017eitie \u013eahk\u00fdch \u017eeriavov<\/h3>\n<p>\u013dahk\u00e9 \u017eeriavy vynikaj\u00fa v r\u00f4znych aplik\u00e1ci\u00e1ch v\u010faka svojej prisp\u00f4sobivosti a \u00fa\u010dinnosti:<\/p>\n<ul>\n<li><strong>Mal\u00e9 dielne a \u00fadr\u017eb\u00e1rske dielne:<\/strong> Na pracovisk\u00e1ch s obmedzen\u00fdm priestorom podporuj\u00fa \u013eahk\u00e9 \u017eeriavy flexibiln\u00e9 usporiadanie a efekt\u00edvnu manipul\u00e1ciu s materi\u00e1lom.<\/li>\n<li><strong>Ve\u013ek\u00e9 tov\u00e1rne a sklady:<\/strong> Umo\u017e\u0148uj\u00fa r\u00fdchlu manipul\u00e1ciu s materi\u00e1lom v r\u00f4znych pracovn\u00fdch oblastiach, \u010d\u00edm zvy\u0161uj\u00fa produktivitu.<\/li>\n<li><strong>Sklady a laborat\u00f3ri\u00e1 vo v\u00fd\u0161kov\u00fdch budov\u00e1ch:<\/strong> V\u010faka ich \u013eahkej a kompaktnej kon\u0161trukcii s\u00fa ide\u00e1lne na miesta, kde s\u00fa hmotnostn\u00e9 obmedzenia zariadenia kritick\u00e9.<\/li>\n<\/ul>\n<h3>Technick\u00e9 v\u00fdhody<\/h3>\n<p>\u013dahk\u00e9 \u017eeriavy pon\u00fakaj\u00fa nieko\u013eko technick\u00fdch v\u00fdhod, ktor\u00e9 zvy\u0161uj\u00fa \u00fa\u010dinnos\u0165 a spo\u013eahlivos\u0165:<\/p>\n<ul>\n<li><strong>\u0160tandardizovan\u00fd a modul\u00e1rny dizajn:<\/strong> T\u00e1to kon\u0161trukcia zjednodu\u0161uje in\u0161tal\u00e1ciu, \u00fadr\u017ebu a aktualiz\u00e1cie. Okrem toho zabezpe\u010duje pohodln\u00fa a komfortn\u00fa prev\u00e1dzku.<\/li>\n<li><strong>Vysokokvalitn\u00e9 materi\u00e1ly a v\u00fdroba:<\/strong> V\u00fdrobcovia pou\u017e\u00edvaj\u00fa prvotriedne materi\u00e1ly a postupy na zabezpe\u010denie pevnosti a odolnosti \u017eeriavov.<\/li>\n<li><strong>Efekt\u00edvne elektrick\u00e9 kladkostroje:<\/strong> Tieto kladkostroje pracuj\u00fa s r\u00fdchlymi r\u00fdchlos\u0165ami zdv\u00edhania, plynulou funk\u010dnos\u0165ou a n\u00edzkou hladinou hluku, v\u010faka \u010domu s\u00fa ide\u00e1lne pre vysoko v\u00fdkonn\u00e9 prostredia.<\/li>\n<\/ul>\n<h3>Prev\u00e1dzka a \u00fadr\u017eba<\/h3>\n<p>Prev\u00e1dzka a \u00fadr\u017eba \u013eahk\u00fdch \u017eeriavov je jednoduch\u00e1 a efekt\u00edvna. Obsluha m\u00f4\u017ee \u017eeriav ovl\u00e1da\u0165 bu\u010f manu\u00e1lne, alebo prostredn\u00edctvom automatizovan\u00fdch syst\u00e9mov. V\u010faka modul\u00e1rnej kon\u0161trukcii m\u00f4\u017eu pou\u017e\u00edvatelia \u017eeriav \u013eahko udr\u017eiava\u0165 a opravova\u0165. Napr\u00edklad po\u0161koden\u00e9 komponenty mo\u017eno r\u00fdchlo vymeni\u0165, \u010d\u00edm sa minimalizuj\u00fa prestoje a zvy\u0161uje sa efekt\u00edvnos\u0165 v\u00fdroby. V d\u00f4sledku toho sa podniky m\u00f4\u017eu spo\u013eahn\u00fa\u0165 na \u017eeriavy Light Cranes, ktor\u00e9 zabezpe\u010duj\u00fa spo\u013eahliv\u00fa a nepretr\u017eit\u00fa prev\u00e1dzku.<\/p>\n<p>&nbsp;<\/p>\n<p><img decoding=\"async\" class=\"wp-image-5681 alignleft\" src=\"https:\/\/www.hnhlcranes.com\/wp-content\/uploads\/2024\/12\/Light-crane-cable-slider-300x300.jpg\" alt=\"\" width=\"199\" height=\"199\" \/> <img decoding=\"async\" class=\"wp-image-5682 alignleft\" src=\"https:\/\/www.hnhlcranes.com\/wp-content\/uploads\/2024\/12\/Light-crane-cable-end-clamp-300x300.jpg\" alt=\"\" width=\"200\" height=\"200\" \/><img decoding=\"async\" class=\"wp-image-5683 alignleft\" src=\"https:\/\/www.hnhlcranes.com\/wp-content\/uploads\/2024\/12\/Light-crane-internal-stop-300x300.jpg\" alt=\"\" width=\"200\" height=\"200\" \/><\/p>\n<\/div>\n<\/div>\n<\/div>\n<\/div>\n<p><img loading=\"lazy\" decoding=\"async\" class=\"wp-image-5684 alignleft\" style=\"margin-right: var(--global-md-spacing);\" src=\"https:\/\/www.hnhlcranes.com\/wp-content\/uploads\/2024\/12\/C-type-steel-cable-trolley-1-300x300.jpg\" alt=\"\" width=\"200\" height=\"200\" \/><\/p>\n<p>&nbsp;<\/p>\n<p>&nbsp;<\/p>\n<p>&nbsp;<\/p>\n<p>&nbsp;<\/p>\n<p>&nbsp;<\/p>\n<p style=\"text-align: left;\">\u013dahk\u00e9 \u017eeriavov\u00e9 lanov\u00e9 klz\u00e1ky \u013dahk\u00e9 \u017eeriavov\u00e9 lanov\u00e9 koncov\u00e9 svorky \u013dahk\u00e9 \u017eeriavov\u00e9 vn\u00fatorn\u00e9 zar\u00e1\u017eky Oce\u013eov\u00fd lanov\u00fd voz\u00edk typu C<\/p>\n<p>&nbsp;<\/p>\n<p><img loading=\"lazy\" decoding=\"async\" class=\"wp-image-5685 alignleft\" src=\"https:\/\/www.hnhlcranes.com\/wp-content\/uploads\/2024\/12\/C-type-steel-cable-trolley-2-300x300.jpg\" alt=\"\" width=\"200\" height=\"200\" \/> <img loading=\"lazy\" decoding=\"async\" class=\"wp-image-5686 alignleft\" src=\"https:\/\/www.hnhlcranes.com\/wp-content\/uploads\/2024\/12\/Light-crane-manual-trolley-300x300.jpg\" alt=\"\" width=\"200\" height=\"200\" \/><\/p>\n<p><img loading=\"lazy\" decoding=\"async\" class=\"wp-image-5687 alignleft\" style=\"margin-right: var(--global-md-spacing);\" src=\"https:\/\/www.hnhlcranes.com\/wp-content\/uploads\/2024\/12\/Light-crane-manual-trolley-connecting-plate-300x300.jpg\" alt=\"\" width=\"200\" height=\"200\" \/><\/p>\n<p><img loading=\"lazy\" decoding=\"async\" class=\"wp-image-5688 alignleft\" style=\"margin-right: var(--global-md-spacing);\" src=\"https:\/\/www.hnhlcranes.com\/wp-content\/uploads\/2024\/12\/Light-crane-electric-trolley-300x300.jpg\" alt=\"\" width=\"199\" height=\"199\" \/><\/p>\n<p>&nbsp;<\/p>\n<p>&nbsp;<\/p>\n<p>&nbsp;<\/p>\n<p>&nbsp;<\/p>\n<p>&nbsp;<\/p>\n<p style=\"text-align: left;\">\u00a0Voz\u00edk s oce\u013eov\u00fdm lanom typu C \u013dahk\u00e9 \u017eeriavy ru\u010dn\u00fd voz\u00edk Ru\u010dn\u00e1 spojovacia doska voz\u00edka \u013dahk\u00e9 \u017eeriavy elektrick\u00fd voz\u00edk<\/p>\n<p>&nbsp;<\/p>\n<p><img loading=\"lazy\" decoding=\"async\" class=\"wp-image-5689 alignleft\" src=\"https:\/\/www.hnhlcranes.com\/wp-content\/uploads\/2024\/12\/Light-crane-Track-suspension-300x300.jpg\" alt=\"\" width=\"200\" height=\"200\" \/><\/p>\n<p><img loading=\"lazy\" decoding=\"async\" class=\"wp-image-5690 alignleft\" style=\"margin-right: var(--global-md-spacing);\" src=\"https:\/\/www.hnhlcranes.com\/wp-content\/uploads\/2024\/12\/Light-crane-suspension-point-300x300.jpg\" alt=\"\" width=\"200\" height=\"200\" \/><\/p>\n<p><img loading=\"lazy\" decoding=\"async\" class=\"wp-image-5691 alignleft\" style=\"margin-right: var(--global-md-spacing);\" src=\"https:\/\/www.hnhlcranes.com\/wp-content\/uploads\/2024\/12\/Light-crane-end-beam-300x300.jpg\" alt=\"\" width=\"199\" height=\"199\" \/><\/p>\n<p>&nbsp;<\/p>\n<p>&nbsp;<\/p>\n<p>&nbsp;<\/p>\n<p><strong>\u00a0 \u00a0<\/strong><\/p>\n<p>&nbsp;<\/p>\n<p style=\"text-align: left;\">\u00a0 Z\u00e1ves \u013eahk\u00e9ho \u017eeriavu Z\u00e1vesn\u00fd bod \u013eahk\u00e9ho \u017eeriavu Koncov\u00fd nosn\u00edk \u013eahk\u00e9ho \u017eeriavu<\/p>\n<p>&nbsp;<\/p>","protected":false},"excerpt":{"rendered":"<p>\u013dahk\u00fd \u017eeriavov\u00fd k\u00e1bel, \u013dahk\u00e1 \u017eeriavov\u00e1 k\u00e1blov\u00e1 koncov\u00e1 svorka, \u013dahk\u00fd \u017eeriavov\u00fd vn\u00fatorn\u00fd doraz, Oce\u013eov\u00fd k\u00e1blov\u00fd voz\u00edk typu C, \u013dahk\u00fd \u017eeriavov\u00fd ru\u010dn\u00fd voz\u00edk, \u013dahk\u00fd \u017eeriavov\u00fd ru\u010dn\u00fd voz\u00edk, Spojovacia doska, \u013dahk\u00fd \u017eeriavov\u00fd z\u00e1ves, \u013dahk\u00fd \u017eeriavov\u00fd z\u00e1vesn\u00fd bod, \u013dahk\u00fd \u017eeriavov\u00fd koncov\u00fd nosn\u00edk<\/p>","protected":false},"featured_media":7402,"template":"","meta":{"_kad_post_transparent":"default","_kad_post_title":"","_kad_post_layout":"default","_kad_post_sidebar_id":"","_kad_post_content_style":"default","_kad_post_vertical_padding":"show","_kad_post_feature":"","_kad_post_feature_position":"","_kad_post_header":false,"_kad_post_footer":false},"product_brand":[],"product_cat":[63],"product_tag":[593,376,599,602,591,590,596,600,592,594,595,601,598,597],"class_list":{"0":"post-5677","1":"product","2":"type-product","3":"status-publish","4":"has-post-thumbnail","6":"product_cat-light-crane-parts","7":"product_tag-c-type-steel-cable-trolley","8":"product_tag-china-crane-parts-supplier","9":"product_tag-flexible-track-crane-parts","10":"product_tag-light-crane","11":"product_tag-light-crane-cable-end-clamp","12":"product_tag-light-crane-cable-slider","13":"product_tag-light-crane-electric-trolley","14":"product_tag-light-crane-end-beam","15":"product_tag-light-crane-internal-stop","16":"product_tag-light-crane-manual-trolley","17":"product_tag-light-crane-manual-trolley-connecting-plate","18":"product_tag-light-crane-part","19":"product_tag-light-crane-suspension-point","20":"product_tag-light-crane-track-suspension","22":"first","23":"instock","24":"shipping-taxable","25":"product-type-simple","26":"entry","27":"content-bg","28":"loop-entry"},"yoast_head":"<!-- This site is optimized with the Yoast SEO plugin v24.5 - https:\/\/yoast.com\/wordpress\/plugins\/seo\/ -->\n<title>Light Crane Part - Light Crane- Light crane manual trolley-Crane Parts Manufacturer<\/title>\n<meta name=\"description\" content=\"Light crane Track suspension,Light Crane Parts,C-type steel cable trolley,cable slider,manual trolley,Flexible Track Crane Parts,China Crane Parts Supplier\" \/>\n<meta name=\"robots\" content=\"index, follow, max-snippet:-1, max-image-preview:large, max-video-preview:-1\" \/>\n<link rel=\"canonical\" href=\"https:\/\/www.hnhlcranes.com\/sk\/produkt\/cast-lahkeho-zeriavu\/\" \/>\n<meta property=\"og:locale\" content=\"sk_SK\" \/>\n<meta property=\"og:type\" content=\"article\" \/>\n<meta property=\"og:title\" content=\"Light Crane Part - Light Crane- Light crane manual trolley-Crane Parts Manufacturer\" \/>\n<meta property=\"og:description\" content=\"Light crane Track suspension,Light Crane Parts,C-type steel cable trolley,cable slider,manual trolley,Flexible Track Crane Parts,China Crane Parts Supplier\" \/>\n<meta property=\"og:url\" content=\"https:\/\/www.hnhlcranes.com\/sk\/produkt\/cast-lahkeho-zeriavu\/\" \/>\n<meta property=\"og:site_name\" content=\"Crane Parts Manufacturer\" \/>\n<meta property=\"article:modified_time\" content=\"2025-01-14T15:58:30+00:00\" \/>\n<meta property=\"og:image\" content=\"https:\/\/www.hnhlcranes.com\/wp-content\/uploads\/2024\/12\/Light-Crane-Part.jpg\" \/>\n\t<meta property=\"og:image:width\" content=\"600\" \/>\n\t<meta property=\"og:image:height\" content=\"600\" \/>\n\t<meta property=\"og:image:type\" content=\"image\/jpeg\" \/>\n<meta name=\"twitter:card\" content=\"summary_large_image\" \/>\n<meta name=\"twitter:label1\" content=\"Predpokladan\u00fd \u010das \u010d\u00edtania\" \/>\n\t<meta name=\"twitter:data1\" content=\"5 min\u00fat\" \/>\n<script type=\"application\/ld+json\" class=\"yoast-schema-graph\">{\"@context\":\"https:\/\/schema.org\",\"@graph\":[{\"@type\":\"WebPage\",\"@id\":\"https:\/\/www.hnhlcranes.com\/product\/light-crane-part\/\",\"url\":\"https:\/\/www.hnhlcranes.com\/product\/light-crane-part\/\",\"name\":\"Light Crane Part - Light Crane- Light crane manual trolley-Crane Parts Manufacturer\",\"isPartOf\":{\"@id\":\"https:\/\/www.hnhlcranes.com\/#website\"},\"primaryImageOfPage\":{\"@id\":\"https:\/\/www.hnhlcranes.com\/product\/light-crane-part\/#primaryimage\"},\"image\":{\"@id\":\"https:\/\/www.hnhlcranes.com\/product\/light-crane-part\/#primaryimage\"},\"thumbnailUrl\":\"https:\/\/www.hnhlcranes.com\/wp-content\/uploads\/2024\/12\/Light-Crane-Part.jpg\",\"datePublished\":\"2024-12-03T16:34:44+00:00\",\"dateModified\":\"2025-01-14T15:58:30+00:00\",\"description\":\"Light crane Track suspension,Light Crane Parts,C-type steel cable trolley,cable slider,manual trolley,Flexible Track Crane Parts,China Crane Parts Supplier\",\"breadcrumb\":{\"@id\":\"https:\/\/www.hnhlcranes.com\/product\/light-crane-part\/#breadcrumb\"},\"inLanguage\":\"sk-SK\",\"potentialAction\":[{\"@type\":\"ReadAction\",\"target\":[\"https:\/\/www.hnhlcranes.com\/product\/light-crane-part\/\"]}]},{\"@type\":\"ImageObject\",\"inLanguage\":\"sk-SK\",\"@id\":\"https:\/\/www.hnhlcranes.com\/product\/light-crane-part\/#primaryimage\",\"url\":\"https:\/\/www.hnhlcranes.com\/wp-content\/uploads\/2024\/12\/Light-Crane-Part.jpg\",\"contentUrl\":\"https:\/\/www.hnhlcranes.com\/wp-content\/uploads\/2024\/12\/Light-Crane-Part.jpg\",\"width\":600,\"height\":600},{\"@type\":\"BreadcrumbList\",\"@id\":\"https:\/\/www.hnhlcranes.com\/product\/light-crane-part\/#breadcrumb\",\"itemListElement\":[{\"@type\":\"ListItem\",\"position\":1,\"name\":\"home\",\"item\":\"https:\/\/www.hnhlcranes.com\/\"},{\"@type\":\"ListItem\",\"position\":2,\"name\":\"products\",\"item\":\"https:\/\/www.hnhlcranes.com\/products\/\"},{\"@type\":\"ListItem\",\"position\":3,\"name\":\"Light Crane Part\"}]},{\"@type\":\"WebSite\",\"@id\":\"https:\/\/www.hnhlcranes.com\/#website\",\"url\":\"https:\/\/www.hnhlcranes.com\/\",\"name\":\"Crane Parts Manufacturer\",\"description\":\"Crane Wheels,Crane Drums,Crane Hooks,Crane Coupling,Crane End Carriage,Electric Hoist,European Crane Parts,Crane Rail Clip,Crane Spreader,Crane Motor,Crane Reducer,Crane Brake,Light Crane Parts,Workstation Crane Parts,Crane Electrical Parts,China Crane Parts Supplier,China Crane Parts Manufacturer,Angle box type crane wheel,45 degree split crane wheel,European crane wheel,Crane Wheel Blocks,Overhead crane drum,European crane drum,Overhead crane hook,European crane hook,Crane pulley block,Gear coupling,Brake wheel coupling,Drum gear coupling,Brake wheel drum gear coupling,Cardan Shaft Coupling,WZL drum coupling,Plum blossom elastic coupling,Brake wheel plum elastic coupling,European Single girder crane end carriage,European Double girder crane end carriage,European Suspension  crane end carriage,Wire Rope Electric Hoist,Electric Chain Hoist,European Single Girder Wire Rope Electric Hoist,European Double Girder Wire Rope Electric Hoist,Crane grab,Container spreader,Billet crane clamps,C-type hook,Lifting Electromagnet,YZR crane motor,YZP crane motor,ZQ Reducer,ZSC Reducer,QJ Reducer,QJ-L Reducer,QJY Reducer,H series gearbox,F Series Gear Motor,K Series Gear Motor,R Series Gear Motor,travelling machinery gear motor,Electro hydraulic drum brake,Electro hydraulic disc brake,Crane Safety brake,Crane cable trolley,Crane remote controller,Crane pendant controller,Crane electrical control cabinet,Crane limit switch,Crane sound and light alarm,Heavy Duty Aviation Connector,Crane overload limiter\",\"publisher\":{\"@id\":\"https:\/\/www.hnhlcranes.com\/#organization\"},\"potentialAction\":[{\"@type\":\"SearchAction\",\"target\":{\"@type\":\"EntryPoint\",\"urlTemplate\":\"https:\/\/www.hnhlcranes.com\/?s={search_term_string}\"},\"query-input\":{\"@type\":\"PropertyValueSpecification\",\"valueRequired\":true,\"valueName\":\"search_term_string\"}}],\"inLanguage\":\"sk-SK\"},{\"@type\":\"Organization\",\"@id\":\"https:\/\/www.hnhlcranes.com\/#organization\",\"name\":\"Crane Parts Manufacturer\",\"url\":\"https:\/\/www.hnhlcranes.com\/\",\"logo\":{\"@type\":\"ImageObject\",\"inLanguage\":\"sk-SK\",\"@id\":\"https:\/\/www.hnhlcranes.com\/#\/schema\/logo\/image\/\",\"url\":\"https:\/\/www.hnhlcranes.com\/wp-content\/uploads\/2025\/01\/HL-logo-1.png\",\"contentUrl\":\"https:\/\/www.hnhlcranes.com\/wp-content\/uploads\/2025\/01\/HL-logo-1.png\",\"width\":600,\"height\":169,\"caption\":\"Crane Parts Manufacturer\"},\"image\":{\"@id\":\"https:\/\/www.hnhlcranes.com\/#\/schema\/logo\/image\/\"}}]}<\/script>\n<!-- \/ Yoast SEO plugin. -->","yoast_head_json":{"title":"Light Crane Part - Light Crane- Light crane manual trolley-Crane Parts Manufacturer","description":"Light crane Track suspension,Light Crane Parts,C-type steel cable trolley,cable slider,manual trolley,Flexible Track Crane Parts,China Crane Parts Supplier","robots":{"index":"index","follow":"follow","max-snippet":"max-snippet:-1","max-image-preview":"max-image-preview:large","max-video-preview":"max-video-preview:-1"},"canonical":"https:\/\/www.hnhlcranes.com\/sk\/produkt\/cast-lahkeho-zeriavu\/","og_locale":"sk_SK","og_type":"article","og_title":"Light Crane Part - Light Crane- Light crane manual trolley-Crane Parts Manufacturer","og_description":"Light crane Track suspension,Light Crane Parts,C-type steel cable trolley,cable slider,manual trolley,Flexible Track Crane Parts,China Crane Parts Supplier","og_url":"https:\/\/www.hnhlcranes.com\/sk\/produkt\/cast-lahkeho-zeriavu\/","og_site_name":"Crane Parts Manufacturer","article_modified_time":"2025-01-14T15:58:30+00:00","og_image":[{"width":600,"height":600,"url":"https:\/\/www.hnhlcranes.com\/wp-content\/uploads\/2024\/12\/Light-Crane-Part.jpg","type":"image\/jpeg"}],"twitter_card":"summary_large_image","twitter_misc":{"Predpokladan\u00fd \u010das \u010d\u00edtania":"5 min\u00fat"},"schema":{"@context":"https:\/\/schema.org","@graph":[{"@type":"WebPage","@id":"https:\/\/www.hnhlcranes.com\/product\/light-crane-part\/","url":"https:\/\/www.hnhlcranes.com\/product\/light-crane-part\/","name":"Light Crane Part - Light Crane- Light crane manual trolley-Crane Parts Manufacturer","isPartOf":{"@id":"https:\/\/www.hnhlcranes.com\/#website"},"primaryImageOfPage":{"@id":"https:\/\/www.hnhlcranes.com\/product\/light-crane-part\/#primaryimage"},"image":{"@id":"https:\/\/www.hnhlcranes.com\/product\/light-crane-part\/#primaryimage"},"thumbnailUrl":"https:\/\/www.hnhlcranes.com\/wp-content\/uploads\/2024\/12\/Light-Crane-Part.jpg","datePublished":"2024-12-03T16:34:44+00:00","dateModified":"2025-01-14T15:58:30+00:00","description":"Light crane Track suspension,Light Crane Parts,C-type steel cable trolley,cable slider,manual trolley,Flexible Track Crane Parts,China Crane Parts Supplier","breadcrumb":{"@id":"https:\/\/www.hnhlcranes.com\/product\/light-crane-part\/#breadcrumb"},"inLanguage":"sk-SK","potentialAction":[{"@type":"ReadAction","target":["https:\/\/www.hnhlcranes.com\/product\/light-crane-part\/"]}]},{"@type":"ImageObject","inLanguage":"sk-SK","@id":"https:\/\/www.hnhlcranes.com\/product\/light-crane-part\/#primaryimage","url":"https:\/\/www.hnhlcranes.com\/wp-content\/uploads\/2024\/12\/Light-Crane-Part.jpg","contentUrl":"https:\/\/www.hnhlcranes.com\/wp-content\/uploads\/2024\/12\/Light-Crane-Part.jpg","width":600,"height":600},{"@type":"BreadcrumbList","@id":"https:\/\/www.hnhlcranes.com\/product\/light-crane-part\/#breadcrumb","itemListElement":[{"@type":"ListItem","position":1,"name":"home","item":"https:\/\/www.hnhlcranes.com\/"},{"@type":"ListItem","position":2,"name":"products","item":"https:\/\/www.hnhlcranes.com\/products\/"},{"@type":"ListItem","position":3,"name":"Light Crane Part"}]},{"@type":"WebSite","@id":"https:\/\/www.hnhlcranes.com\/#website","url":"https:\/\/www.hnhlcranes.com\/","name":"Crane Parts Manufacturer","description":"Crane Wheels,Crane Drums,Crane Hooks,Crane Coupling,Crane End Carriage,Electric Hoist,European Crane Parts,Crane Rail Clip,Crane Spreader,Crane Motor,Crane Reducer,Crane Brake,Light Crane Parts,Workstation Crane Parts,Crane Electrical Parts,China Crane Parts Supplier,China Crane Parts Manufacturer,Angle box type crane wheel,45 degree split crane wheel,European crane wheel,Crane Wheel Blocks,Overhead crane drum,European crane drum,Overhead crane hook,European crane hook,Crane pulley block,Gear coupling,Brake wheel coupling,Drum gear coupling,Brake wheel drum gear coupling,Cardan Shaft Coupling,WZL drum coupling,Plum blossom elastic coupling,Brake wheel plum elastic coupling,European Single girder crane end carriage,European Double girder crane end carriage,European Suspension  crane end carriage,Wire Rope Electric Hoist,Electric Chain Hoist,European Single Girder Wire Rope Electric Hoist,European Double Girder Wire Rope Electric Hoist,Crane grab,Container spreader,Billet crane clamps,C-type hook,Lifting Electromagnet,YZR crane motor,YZP crane motor,ZQ Reducer,ZSC Reducer,QJ Reducer,QJ-L Reducer,QJY Reducer,H series gearbox,F Series Gear Motor,K Series Gear Motor,R Series Gear Motor,travelling machinery gear motor,Electro hydraulic drum brake,Electro hydraulic disc brake,Crane Safety brake,Crane cable trolley,Crane remote controller,Crane pendant controller,Crane electrical control cabinet,Crane limit switch,Crane sound and light alarm,Heavy Duty Aviation Connector,Crane overload limiter","publisher":{"@id":"https:\/\/www.hnhlcranes.com\/#organization"},"potentialAction":[{"@type":"SearchAction","target":{"@type":"EntryPoint","urlTemplate":"https:\/\/www.hnhlcranes.com\/?s={search_term_string}"},"query-input":{"@type":"PropertyValueSpecification","valueRequired":true,"valueName":"search_term_string"}}],"inLanguage":"sk-SK"},{"@type":"Organization","@id":"https:\/\/www.hnhlcranes.com\/#organization","name":"Crane Parts Manufacturer","url":"https:\/\/www.hnhlcranes.com\/","logo":{"@type":"ImageObject","inLanguage":"sk-SK","@id":"https:\/\/www.hnhlcranes.com\/#\/schema\/logo\/image\/","url":"https:\/\/www.hnhlcranes.com\/wp-content\/uploads\/2025\/01\/HL-logo-1.png","contentUrl":"https:\/\/www.hnhlcranes.com\/wp-content\/uploads\/2025\/01\/HL-logo-1.png","width":600,"height":169,"caption":"Crane Parts Manufacturer"},"image":{"@id":"https:\/\/www.hnhlcranes.com\/#\/schema\/logo\/image\/"}}]}},"_links":{"self":[{"href":"https:\/\/www.hnhlcranes.com\/sk\/wp-json\/wp\/v2\/product\/5677","targetHints":{"allow":["GET"]}}],"collection":[{"href":"https:\/\/www.hnhlcranes.com\/sk\/wp-json\/wp\/v2\/product"}],"about":[{"href":"https:\/\/www.hnhlcranes.com\/sk\/wp-json\/wp\/v2\/types\/product"}],"version-history":[{"count":21,"href":"https:\/\/www.hnhlcranes.com\/sk\/wp-json\/wp\/v2\/product\/5677\/revisions"}],"predecessor-version":[{"id":7425,"href":"https:\/\/www.hnhlcranes.com\/sk\/wp-json\/wp\/v2\/product\/5677\/revisions\/7425"}],"wp:featuredmedia":[{"embeddable":true,"href":"https:\/\/www.hnhlcranes.com\/sk\/wp-json\/wp\/v2\/media\/7402"}],"wp:attachment":[{"href":"https:\/\/www.hnhlcranes.com\/sk\/wp-json\/wp\/v2\/media?parent=5677"}],"wp:term":[{"taxonomy":"product_brand","embeddable":true,"href":"https:\/\/www.hnhlcranes.com\/sk\/wp-json\/wp\/v2\/product_brand?post=5677"},{"taxonomy":"product_cat","embeddable":true,"href":"https:\/\/www.hnhlcranes.com\/sk\/wp-json\/wp\/v2\/product_cat?post=5677"},{"taxonomy":"product_tag","embeddable":true,"href":"https:\/\/www.hnhlcranes.com\/sk\/wp-json\/wp\/v2\/product_tag?post=5677"}],"curies":[{"name":"wp","href":"https:\/\/api.w.org\/{rel}","templated":true}]}}