{"id":5728,"date":"2024-12-05T22:19:32","date_gmt":"2024-12-05T14:19:32","guid":{"rendered":"https:\/\/www.hnhlcranes.com\/?post_type=product&#038;p=5728"},"modified":"2025-01-14T23:58:21","modified_gmt":"2025-01-14T15:58:21","slug":"zeriavovy-vozik","status":"publish","type":"product","link":"https:\/\/www.hnhlcranes.com\/sk\/produkt\/zeriavovy-vozik\/","title":{"rendered":"\u017deriavov\u00fd k\u00e1blov\u00fd voz\u00edk"},"content":{"rendered":"<div class=\"flex max-w-full flex-col flex-grow\">\n<div class=\"min-h-8 text-message flex w-full flex-col items-end gap-2 whitespace-normal break-words [.text-message+&amp;]:mt-5\" dir=\"auto\" data-message-author-role=\"assistant\" data-message-id=\"d22886da-3fb2-45fa-876a-33dd54db9fd5\" data-message-model-slug=\"gpt-4o\">\n<div class=\"flex w-full flex-col gap-1 empty:hidden first:pt-[3px]\">\n<div class=\"markdown prose w-full break-words dark:prose-invert light\">\n<h3>Preh\u013ead k\u00e1blov\u00fdch voz\u00edkov GHC Crane<\/h3>\n<p>K\u00e1blov\u00fd voz\u00edk GHC Crane funguje ako akt\u00edvny syst\u00e9m nap\u00e1jania \u017eeriavov\u00fdch voz\u00edkov. Sklad\u00e1 sa z kolies, konzol a podporn\u00fdch dosiek, ktor\u00e9 bezpe\u010dne dr\u017eia m\u00e4kk\u00e9 k\u00e1ble na mieste. Synchroniz\u00e1ciou trak\u010dn\u00e9ho r\u00e1mu s k\u00e1blov\u00fdm voz\u00edkom \u00fa\u010dinne dod\u00e1va \u017eeriavu energiu.<\/p>\n<h3>Vlastnosti a typy<\/h3>\n<p>S\u00e9ria k\u00e1blov\u00fdch voz\u00edkov GHC Crane pon\u00faka \u013eahk\u00e9, stredne \u0165a\u017ek\u00e9 a \u0165a\u017ek\u00e9 typy na zabezpe\u010denie v\u0161estrannosti. Okrem toho sa voz\u00edky dod\u00e1vaj\u00fa s poch\u00f4dznymi kolesami v troch priemeroch: \u03a680, \u03a663 a \u03a650. Nosnos\u0165 je r\u00f4zna, od menej ako 50 kg do 150 kg. Okrem toho je ka\u017ed\u00fd typ k dispoz\u00edcii v r\u00f4znych konfigur\u00e1ci\u00e1ch na z\u00e1klade po\u010dtu vrstiev nosn\u00fdch dosiek: jednovrstvov\u00e9, dvojvrstvov\u00e9 alebo trojvrstvov\u00e9.<\/p>\n<h3>Konfigur\u00e1cie a modely<\/h3>\n<p>Tieto voz\u00edky s\u00fa k dispoz\u00edcii v troch hlavn\u00fdch konfigur\u00e1ci\u00e1ch: Ved\u00faci voz\u00edk sl\u00fa\u017ei ako lanov\u00fd voz\u00edk, koncov\u00e1 jednotka funguje ako pevn\u00e1 z\u00e1vesn\u00e1 konzola a medzi\u013eahl\u00e9 jednotky funguj\u00fa ako lanov\u00e9 voz\u00edky. S\u00e9ria zah\u0155\u0148a p\u00e4\u0165 modelov: I, II, III, IV a V.<\/p>\n<h3>Prisp\u00f4sobenie<\/h3>\n<p>Pre pou\u017e\u00edvate\u013eov, ktor\u00ed po\u017eaduj\u00fa \u0161pecifick\u00e9 I-nosn\u00edky, napr\u00edklad ve\u013ekosti 12#, 14#, 16# alebo v\u00e4\u010d\u0161ie, s\u00fa po\u010das procesu objedn\u00e1vania k dispoz\u00edcii mo\u017enosti prisp\u00f4sobenia.<\/p>\n<h6><strong><span style=\"font-family: arial, helvetica, sans-serif; font-size: 18pt;\">\u0160pecifik\u00e1cie k\u00e1blov\u00e9ho voz\u00edka GHC Crane<\/span><\/strong><\/h6>\n<table style=\"width: 100%; border-style: solid; border-color: #000000;\" border=\"1\" cellspacing=\"0.5\">\n<thead>\n<tr>\n<th style=\"text-align: center;\">Typ<\/th>\n<th style=\"text-align: center;\">A<\/th>\n<th style=\"text-align: center;\">a<\/th>\n<th style=\"text-align: center;\">B<\/th>\n<th style=\"text-align: center;\">I<\/th>\n<th style=\"text-align: center;\">L<\/th>\n<th style=\"text-align: center;\">l<\/th>\n<th style=\"text-align: center;\">R<\/th>\n<th style=\"text-align: center;\">Hmotnos\u0165 (kg)<\/th>\n<\/tr>\n<\/thead>\n<tbody>\n<tr>\n<td style=\"text-align: center;\">GHC-I 10#<\/td>\n<td style=\"text-align: center;\">170<\/td>\n<td style=\"text-align: center;\">72<\/td>\n<td style=\"text-align: center;\">195<\/td>\n<td style=\"text-align: center;\">110<\/td>\n<td style=\"text-align: center;\">145<\/td>\n<td style=\"text-align: center;\">110<\/td>\n<td style=\"text-align: center;\">50<\/td>\n<td style=\"text-align: center;\">2.84<\/td>\n<\/tr>\n<tr>\n<td style=\"text-align: center;\">GHC-II 10#<\/td>\n<td style=\"text-align: center;\">240<\/td>\n<td style=\"text-align: center;\">135<\/td>\n<td style=\"text-align: center;\">245<\/td>\n<td style=\"text-align: center;\">120<\/td>\n<td style=\"text-align: center;\">220<\/td>\n<td style=\"text-align: center;\">135<\/td>\n<td style=\"text-align: center;\">60<\/td>\n<td style=\"text-align: center;\">5.88<\/td>\n<\/tr>\n<tr>\n<td style=\"text-align: center;\">GHC-III 10#<\/td>\n<td style=\"text-align: center;\">240<\/td>\n<td style=\"text-align: center;\">135<\/td>\n<td style=\"text-align: center;\">285<\/td>\n<td style=\"text-align: center;\">130<\/td>\n<td style=\"text-align: center;\">260<\/td>\n<td style=\"text-align: center;\">180<\/td>\n<td style=\"text-align: center;\">80<\/td>\n<td style=\"text-align: center;\">7.09<\/td>\n<\/tr>\n<tr>\n<td style=\"text-align: center;\">GHC-IV 10#<\/td>\n<td style=\"text-align: center;\">320<\/td>\n<td style=\"text-align: center;\">200<\/td>\n<td style=\"text-align: center;\">315<\/td>\n<td style=\"text-align: center;\">130<\/td>\n<td style=\"text-align: center;\">300<\/td>\n<td style=\"text-align: center;\">200<\/td>\n<td style=\"text-align: center;\">95<\/td>\n<td style=\"text-align: center;\">7.33<\/td>\n<\/tr>\n<tr>\n<td style=\"text-align: center;\">GHC-V 10#<\/td>\n<td style=\"text-align: center;\">420<\/td>\n<td style=\"text-align: center;\">200<\/td>\n<td style=\"text-align: center;\">350<\/td>\n<td style=\"text-align: center;\">150<\/td>\n<td style=\"text-align: center;\">360<\/td>\n<td style=\"text-align: center;\">260<\/td>\n<td style=\"text-align: center;\">120<\/td>\n<td style=\"text-align: center;\">8.35<\/td>\n<\/tr>\n<\/tbody>\n<\/table>\n<h3>N\u00e1vod na in\u0161tal\u00e1ciu \u017eeriavov\u00e9ho k\u00e1blov\u00e9ho voz\u00edka<\/h3>\n<ul>\n<li><strong>Nain\u0161talujte pevn\u00fa konzolu zavesenia:<\/strong> Za\u010dnite in\u0161tal\u00e1ciou pevnej konzoly zavesenia. Potom na zadnej strane privarte \u017eelezn\u00fa zar\u00e1\u017eku na zv\u00fd\u0161enie bezpe\u010dnosti, \u010d\u00edm zabezpe\u010d\u00edte, \u017ee konzola zostane pevne na svojom mieste.<\/li>\n<li><strong>Nastavte \u0165a\u017en\u00fa hlavu:<\/strong> Potom nastavte \u0165a\u017en\u00fa hlavu tak, aby voz\u00edk po\u010das prev\u00e1dzky nenar\u00e1\u017eal na okraje \u0165a\u017en\u00e9ho otvoru. Toto nastavenie zabezpe\u010d\u00ed plynul\u00fd pohyb a zabr\u00e1ni pr\u00edpadn\u00e9mu po\u0161kodeniu.<\/li>\n<li><strong>Zabezpe\u010dte spr\u00e1vnu d\u013a\u017eku k\u00e1bla:<\/strong> Uistite sa, \u017ee d\u013a\u017eka k\u00e1bla je 1,2-n\u00e1sobok rozp\u00e4tia \u017eeriavu plus 8 metrov. T\u00e1to d\u013a\u017eka je nevyhnutn\u00e1 pre bezpe\u010dn\u00fa a efekt\u00edvnu prev\u00e1dzku.<\/li>\n<li><strong>\u00daprava d\u013a\u017eky trak\u010dn\u00e9ho oce\u013eov\u00e9ho dr\u00f4tu:<\/strong> Upravte d\u013a\u017eku trak\u010dn\u00e9ho oce\u013eov\u00e9ho lanka tak, aby bolo krat\u0161ie ako \u00faseky lana. To umo\u017en\u00ed, aby oce\u013eov\u00e9 lanko zn\u00e1\u0161alo prev\u00e1dzkov\u00e9 za\u0165a\u017eenie, a zabr\u00e1ni sa tak neprimeran\u00e9mu nam\u00e1haniu l\u00e1n.<\/li>\n<li><strong>Zvl\u00e1dne r\u00f4zne priemery k\u00e1blov:<\/strong> Pri r\u00f4znych priemeroch k\u00e1blov umiestnite medzi k\u00e1blov\u00e9 svorky m\u00e4kk\u00e9 gumov\u00e9 podlo\u017eky. T\u00fdmto krokom sa zabezpe\u010dia rovnak\u00e9 vonkaj\u0161ie priemery, \u010do zaru\u010d\u00ed bezpe\u010dn\u00e9 a tesn\u00e9 uchytenie.<\/li>\n<li><strong>Rovnomern\u00e9 rozlo\u017eenie za\u0165a\u017eenia k\u00e1bla:<\/strong> Rozlo\u017ete za\u0165a\u017eenie k\u00e1bla rovnomerne na obe strany nosn\u00fdch dosiek, aby ste zachovali vyv\u00e1\u017een\u00e9 za\u0165a\u017eenie a zabr\u00e1nili pr\u00edpadn\u00e9mu po\u0161kodeniu alebo opotrebovaniu.<\/li>\n<li><strong>Vyv\u00e1\u017eenie za\u0165a\u017eenia vo viacvrstvov\u00fdch voz\u00edkoch:<\/strong> Pri pou\u017eit\u00ed dvojvrstvov\u00fdch alebo trojvrstvov\u00fdch k\u00e1blov\u00fdch voz\u00edkov pou\u017eite rovnak\u00e9 z\u00e1sady vyv\u00e1\u017eenia. T\u00fdm sa zabezpe\u010d\u00ed rovnomern\u00e9 rozlo\u017eenie za\u0165a\u017eenia, \u010do podporuje stabilitu po\u010das prev\u00e1dzky.<\/li>\n<li><strong>Nastavenie pomocou dvojit\u00fdch podlo\u017eiek:<\/strong> Ako nastavovacie podlo\u017eky pou\u017eite dvojit\u00e9 podlo\u017eky na s\u00faprave voz\u00edka. Ak \u0161\u00edrka ko\u013eajn\u00edc nevyhovuje, umiestnite podlo\u017eky do pevn\u00fdch dosiek, aby ste spr\u00e1vne nastavili rozchod ko\u013eajn\u00edc.<\/li>\n<\/ul>\n<\/div>\n<\/div>\n<\/div>\n<\/div>\n<div class=\"flex max-w-full flex-col flex-grow\">\n<div class=\"min-h-8 text-message flex w-full flex-col items-end gap-2 whitespace-normal break-words [.text-message+&amp;]:mt-5\" dir=\"auto\" data-message-author-role=\"assistant\" data-message-id=\"c8d7d5a5-db5c-4384-9025-33dbfdf6a310\" data-message-model-slug=\"gpt-4o\">\n<div class=\"flex w-full flex-col gap-1 empty:hidden first:pt-[3px]\">\n<div class=\"markdown prose w-full break-words dark:prose-invert light\">\n<p><img fetchpriority=\"high\" decoding=\"async\" class=\"alignnone wp-image-7446\" src=\"https:\/\/www.hnhlcranes.com\/wp-content\/uploads\/2024\/12\/Crane-cable-trolley-5-300x115.jpg\" alt=\"\" width=\"900\" height=\"345\" srcset=\"https:\/\/www.hnhlcranes.com\/wp-content\/uploads\/2024\/12\/Crane-cable-trolley-5-300x115.jpg 300w, https:\/\/www.hnhlcranes.com\/wp-content\/uploads\/2024\/12\/Crane-cable-trolley-5-768x294.jpg 768w, https:\/\/www.hnhlcranes.com\/wp-content\/uploads\/2024\/12\/Crane-cable-trolley-5-600x230.jpg 600w, https:\/\/www.hnhlcranes.com\/wp-content\/uploads\/2024\/12\/Crane-cable-trolley-5.jpg 900w\" sizes=\"(max-width: 900px) 100vw, 900px\" \/><\/p>\n<\/div>\n<\/div>\n<\/div>\n<\/div>\n<p>&nbsp;<\/p>","protected":false},"excerpt":{"rendered":"<h6><strong><span style=\"font-family: arial, helvetica, sans-serif; font-size: 14pt;\">K\u00e1blov\u00fd voz\u00edk GHC Crane K\u013e\u00fa\u010dov\u00e9 parametre:<\/span><\/strong><\/h6>\n<ul>\n<li><strong>Modely:<\/strong> GHC-I, GHC-II, GHC-III, GHC-IV, GHC-V<\/li>\n<li><strong>Priemery pojazdn\u00fdch kolies:<\/strong> \u03a650, \u03a663, \u03a680<\/li>\n<li><strong>Nosnos\u0165:<\/strong> 50 ~ 150 kg<\/li>\n<li><strong>Kompatibiln\u00e9 ve\u013ekosti I-nosn\u00edkov:<\/strong> 10#, 12#, 14#, 16#<\/li>\n<\/ul>","protected":false},"featured_media":7444,"template":"","meta":{"_kad_post_transparent":"default","_kad_post_title":"","_kad_post_layout":"default","_kad_post_sidebar_id":"","_kad_post_content_style":"default","_kad_post_vertical_padding":"show","_kad_post_feature":"","_kad_post_feature_position":"","_kad_post_header":false,"_kad_post_footer":false},"product_brand":[],"product_cat":[65],"product_tag":[632,622,376,634,612,616,626,627,629,613,617,620,615,614,618,628,619,621,623,630,635,633,625,631,624],"class_list":{"0":"post-5728","1":"product","2":"type-product","3":"status-publish","4":"has-post-thumbnail","6":"product_cat-crane-electrical-parts","7":"product_tag-aviation-plug","8":"product_tag-cable-trolley","9":"product_tag-china-crane-parts-supplier","10":"product_tag-crane-aviation-plug","11":"product_tag-crane-cable-trolley","12":"product_tag-crane-control-cabinet","13":"product_tag-crane-control-handle","14":"product_tag-crane-controls","15":"product_tag-crane-electrical-control-cabinet","16":"product_tag-crane-electrical-part","17":"product_tag-crane-limit-switch","18":"product_tag-crane-overload-limiter","19":"product_tag-crane-pendant-controller","20":"product_tag-crane-remote-controller","21":"product_tag-crane-sound-and-light-alarm","22":"product_tag-electrical-control-cabinet","23":"product_tag-heavy-duty-aviation-connector","24":"product_tag-i-beam-cable-trolley","25":"product_tag-i-beam-cable-trolley-supplier","26":"product_tag-limit-switch","27":"product_tag-overload-limiter","28":"product_tag-quick-connector","29":"product_tag-remote-controller","30":"product_tag-sound-and-light-alarm","31":"product_tag-wireless-remote-control","33":"first","34":"instock","35":"featured","36":"shipping-taxable","37":"product-type-simple","38":"entry","39":"content-bg","40":"loop-entry"},"yoast_head":"<!-- This site is optimized with the Yoast SEO plugin v24.5 - https:\/\/yoast.com\/wordpress\/plugins\/seo\/ -->\n<title>Crane cable trolley - I-beam cable trolley-cable trolley- Crane Parts Manufacturer<\/title>\n<meta name=\"description\" content=\"crane cable trolley, I-beam cable trolley,Crane Electrical Parts, I-beam cable trolley manufacturer,cable trolley,cable trolley Supplier\" \/>\n<meta name=\"robots\" content=\"index, follow, max-snippet:-1, max-image-preview:large, max-video-preview:-1\" \/>\n<link rel=\"canonical\" href=\"https:\/\/www.hnhlcranes.com\/sk\/produkt\/zeriavovy-vozik\/\" \/>\n<meta property=\"og:locale\" content=\"sk_SK\" \/>\n<meta property=\"og:type\" content=\"article\" \/>\n<meta property=\"og:title\" content=\"Crane cable trolley - I-beam cable trolley-cable trolley- Crane Parts Manufacturer\" \/>\n<meta property=\"og:description\" content=\"crane cable trolley, I-beam cable trolley,Crane Electrical Parts, I-beam cable trolley manufacturer,cable trolley,cable trolley Supplier\" \/>\n<meta property=\"og:url\" content=\"https:\/\/www.hnhlcranes.com\/sk\/produkt\/zeriavovy-vozik\/\" \/>\n<meta property=\"og:site_name\" content=\"Crane Parts Manufacturer\" \/>\n<meta property=\"article:modified_time\" content=\"2025-01-14T15:58:21+00:00\" \/>\n<meta property=\"og:image\" content=\"https:\/\/www.hnhlcranes.com\/wp-content\/uploads\/2024\/12\/Crane-cable-trolley.jpg\" \/>\n\t<meta property=\"og:image:width\" content=\"600\" \/>\n\t<meta property=\"og:image:height\" content=\"600\" \/>\n\t<meta property=\"og:image:type\" content=\"image\/jpeg\" \/>\n<meta name=\"twitter:card\" content=\"summary_large_image\" \/>\n<meta name=\"twitter:label1\" content=\"Predpokladan\u00fd \u010das \u010d\u00edtania\" \/>\n\t<meta name=\"twitter:data1\" content=\"3 min\u00faty\" \/>\n<script type=\"application\/ld+json\" class=\"yoast-schema-graph\">{\"@context\":\"https:\/\/schema.org\",\"@graph\":[{\"@type\":\"WebPage\",\"@id\":\"https:\/\/www.hnhlcranes.com\/product\/crane-cable-trolley\/\",\"url\":\"https:\/\/www.hnhlcranes.com\/product\/crane-cable-trolley\/\",\"name\":\"Crane cable trolley - I-beam cable trolley-cable trolley- Crane Parts Manufacturer\",\"isPartOf\":{\"@id\":\"https:\/\/www.hnhlcranes.com\/#website\"},\"primaryImageOfPage\":{\"@id\":\"https:\/\/www.hnhlcranes.com\/product\/crane-cable-trolley\/#primaryimage\"},\"image\":{\"@id\":\"https:\/\/www.hnhlcranes.com\/product\/crane-cable-trolley\/#primaryimage\"},\"thumbnailUrl\":\"https:\/\/www.hnhlcranes.com\/wp-content\/uploads\/2024\/12\/Crane-cable-trolley.jpg\",\"datePublished\":\"2024-12-05T14:19:32+00:00\",\"dateModified\":\"2025-01-14T15:58:21+00:00\",\"description\":\"crane cable trolley, I-beam cable trolley,Crane Electrical Parts, I-beam cable trolley manufacturer,cable trolley,cable trolley Supplier\",\"breadcrumb\":{\"@id\":\"https:\/\/www.hnhlcranes.com\/product\/crane-cable-trolley\/#breadcrumb\"},\"inLanguage\":\"sk-SK\",\"potentialAction\":[{\"@type\":\"ReadAction\",\"target\":[\"https:\/\/www.hnhlcranes.com\/product\/crane-cable-trolley\/\"]}]},{\"@type\":\"ImageObject\",\"inLanguage\":\"sk-SK\",\"@id\":\"https:\/\/www.hnhlcranes.com\/product\/crane-cable-trolley\/#primaryimage\",\"url\":\"https:\/\/www.hnhlcranes.com\/wp-content\/uploads\/2024\/12\/Crane-cable-trolley.jpg\",\"contentUrl\":\"https:\/\/www.hnhlcranes.com\/wp-content\/uploads\/2024\/12\/Crane-cable-trolley.jpg\",\"width\":600,\"height\":600},{\"@type\":\"BreadcrumbList\",\"@id\":\"https:\/\/www.hnhlcranes.com\/product\/crane-cable-trolley\/#breadcrumb\",\"itemListElement\":[{\"@type\":\"ListItem\",\"position\":1,\"name\":\"home\",\"item\":\"https:\/\/www.hnhlcranes.com\/\"},{\"@type\":\"ListItem\",\"position\":2,\"name\":\"products\",\"item\":\"https:\/\/www.hnhlcranes.com\/products\/\"},{\"@type\":\"ListItem\",\"position\":3,\"name\":\"Crane cable trolley\"}]},{\"@type\":\"WebSite\",\"@id\":\"https:\/\/www.hnhlcranes.com\/#website\",\"url\":\"https:\/\/www.hnhlcranes.com\/\",\"name\":\"Crane Parts Manufacturer\",\"description\":\"Crane Wheels,Crane Drums,Crane Hooks,Crane Coupling,Crane End Carriage,Electric Hoist,European Crane Parts,Crane Rail Clip,Crane Spreader,Crane Motor,Crane Reducer,Crane Brake,Light Crane Parts,Workstation Crane Parts,Crane Electrical Parts,China Crane Parts Supplier,China Crane Parts Manufacturer,Angle box type crane wheel,45 degree split crane wheel,European crane wheel,Crane Wheel Blocks,Overhead crane drum,European crane drum,Overhead crane hook,European crane hook,Crane pulley block,Gear coupling,Brake wheel coupling,Drum gear coupling,Brake wheel drum gear coupling,Cardan Shaft Coupling,WZL drum coupling,Plum blossom elastic coupling,Brake wheel plum elastic coupling,European Single girder crane end carriage,European Double girder crane end carriage,European Suspension  crane end carriage,Wire Rope Electric Hoist,Electric Chain Hoist,European Single Girder Wire Rope Electric Hoist,European Double Girder Wire Rope Electric Hoist,Crane grab,Container spreader,Billet crane clamps,C-type hook,Lifting Electromagnet,YZR crane motor,YZP crane motor,ZQ Reducer,ZSC Reducer,QJ Reducer,QJ-L Reducer,QJY Reducer,H series gearbox,F Series Gear Motor,K Series Gear Motor,R Series Gear Motor,travelling machinery gear motor,Electro hydraulic drum brake,Electro hydraulic disc brake,Crane Safety brake,Crane cable trolley,Crane remote controller,Crane pendant controller,Crane electrical control cabinet,Crane limit switch,Crane sound and light alarm,Heavy Duty Aviation Connector,Crane overload limiter\",\"publisher\":{\"@id\":\"https:\/\/www.hnhlcranes.com\/#organization\"},\"potentialAction\":[{\"@type\":\"SearchAction\",\"target\":{\"@type\":\"EntryPoint\",\"urlTemplate\":\"https:\/\/www.hnhlcranes.com\/?s={search_term_string}\"},\"query-input\":{\"@type\":\"PropertyValueSpecification\",\"valueRequired\":true,\"valueName\":\"search_term_string\"}}],\"inLanguage\":\"sk-SK\"},{\"@type\":\"Organization\",\"@id\":\"https:\/\/www.hnhlcranes.com\/#organization\",\"name\":\"Crane Parts Manufacturer\",\"url\":\"https:\/\/www.hnhlcranes.com\/\",\"logo\":{\"@type\":\"ImageObject\",\"inLanguage\":\"sk-SK\",\"@id\":\"https:\/\/www.hnhlcranes.com\/#\/schema\/logo\/image\/\",\"url\":\"https:\/\/www.hnhlcranes.com\/wp-content\/uploads\/2025\/01\/HL-logo-1.png\",\"contentUrl\":\"https:\/\/www.hnhlcranes.com\/wp-content\/uploads\/2025\/01\/HL-logo-1.png\",\"width\":600,\"height\":169,\"caption\":\"Crane Parts Manufacturer\"},\"image\":{\"@id\":\"https:\/\/www.hnhlcranes.com\/#\/schema\/logo\/image\/\"}}]}<\/script>\n<!-- \/ Yoast SEO plugin. -->","yoast_head_json":{"title":"Crane cable trolley - I-beam cable trolley-cable trolley- Crane Parts Manufacturer","description":"crane cable trolley, I-beam cable trolley,Crane Electrical Parts, I-beam cable trolley manufacturer,cable trolley,cable trolley Supplier","robots":{"index":"index","follow":"follow","max-snippet":"max-snippet:-1","max-image-preview":"max-image-preview:large","max-video-preview":"max-video-preview:-1"},"canonical":"https:\/\/www.hnhlcranes.com\/sk\/produkt\/zeriavovy-vozik\/","og_locale":"sk_SK","og_type":"article","og_title":"Crane cable trolley - I-beam cable trolley-cable trolley- Crane Parts Manufacturer","og_description":"crane cable trolley, I-beam cable trolley,Crane Electrical Parts, I-beam cable trolley manufacturer,cable trolley,cable trolley Supplier","og_url":"https:\/\/www.hnhlcranes.com\/sk\/produkt\/zeriavovy-vozik\/","og_site_name":"Crane Parts Manufacturer","article_modified_time":"2025-01-14T15:58:21+00:00","og_image":[{"width":600,"height":600,"url":"https:\/\/www.hnhlcranes.com\/wp-content\/uploads\/2024\/12\/Crane-cable-trolley.jpg","type":"image\/jpeg"}],"twitter_card":"summary_large_image","twitter_misc":{"Predpokladan\u00fd \u010das \u010d\u00edtania":"3 min\u00faty"},"schema":{"@context":"https:\/\/schema.org","@graph":[{"@type":"WebPage","@id":"https:\/\/www.hnhlcranes.com\/product\/crane-cable-trolley\/","url":"https:\/\/www.hnhlcranes.com\/product\/crane-cable-trolley\/","name":"Crane cable trolley - I-beam cable trolley-cable trolley- Crane Parts Manufacturer","isPartOf":{"@id":"https:\/\/www.hnhlcranes.com\/#website"},"primaryImageOfPage":{"@id":"https:\/\/www.hnhlcranes.com\/product\/crane-cable-trolley\/#primaryimage"},"image":{"@id":"https:\/\/www.hnhlcranes.com\/product\/crane-cable-trolley\/#primaryimage"},"thumbnailUrl":"https:\/\/www.hnhlcranes.com\/wp-content\/uploads\/2024\/12\/Crane-cable-trolley.jpg","datePublished":"2024-12-05T14:19:32+00:00","dateModified":"2025-01-14T15:58:21+00:00","description":"crane cable trolley, I-beam cable trolley,Crane Electrical Parts, I-beam cable trolley manufacturer,cable trolley,cable trolley Supplier","breadcrumb":{"@id":"https:\/\/www.hnhlcranes.com\/product\/crane-cable-trolley\/#breadcrumb"},"inLanguage":"sk-SK","potentialAction":[{"@type":"ReadAction","target":["https:\/\/www.hnhlcranes.com\/product\/crane-cable-trolley\/"]}]},{"@type":"ImageObject","inLanguage":"sk-SK","@id":"https:\/\/www.hnhlcranes.com\/product\/crane-cable-trolley\/#primaryimage","url":"https:\/\/www.hnhlcranes.com\/wp-content\/uploads\/2024\/12\/Crane-cable-trolley.jpg","contentUrl":"https:\/\/www.hnhlcranes.com\/wp-content\/uploads\/2024\/12\/Crane-cable-trolley.jpg","width":600,"height":600},{"@type":"BreadcrumbList","@id":"https:\/\/www.hnhlcranes.com\/product\/crane-cable-trolley\/#breadcrumb","itemListElement":[{"@type":"ListItem","position":1,"name":"home","item":"https:\/\/www.hnhlcranes.com\/"},{"@type":"ListItem","position":2,"name":"products","item":"https:\/\/www.hnhlcranes.com\/products\/"},{"@type":"ListItem","position":3,"name":"Crane cable trolley"}]},{"@type":"WebSite","@id":"https:\/\/www.hnhlcranes.com\/#website","url":"https:\/\/www.hnhlcranes.com\/","name":"Crane Parts Manufacturer","description":"Crane Wheels,Crane Drums,Crane Hooks,Crane Coupling,Crane End Carriage,Electric Hoist,European Crane Parts,Crane Rail Clip,Crane Spreader,Crane Motor,Crane Reducer,Crane Brake,Light Crane Parts,Workstation Crane Parts,Crane Electrical Parts,China Crane Parts Supplier,China Crane Parts Manufacturer,Angle box type crane wheel,45 degree split crane wheel,European crane wheel,Crane Wheel Blocks,Overhead crane drum,European crane drum,Overhead crane hook,European crane hook,Crane pulley block,Gear coupling,Brake wheel coupling,Drum gear coupling,Brake wheel drum gear coupling,Cardan Shaft Coupling,WZL drum coupling,Plum blossom elastic coupling,Brake wheel plum elastic coupling,European Single girder crane end carriage,European Double girder crane end carriage,European Suspension  crane end carriage,Wire Rope Electric Hoist,Electric Chain Hoist,European Single Girder Wire Rope Electric Hoist,European Double Girder Wire Rope Electric Hoist,Crane grab,Container spreader,Billet crane clamps,C-type hook,Lifting Electromagnet,YZR crane motor,YZP crane motor,ZQ Reducer,ZSC Reducer,QJ Reducer,QJ-L Reducer,QJY Reducer,H series gearbox,F Series Gear Motor,K Series Gear Motor,R Series Gear Motor,travelling machinery gear motor,Electro hydraulic drum brake,Electro hydraulic disc brake,Crane Safety brake,Crane cable trolley,Crane remote controller,Crane pendant controller,Crane electrical control cabinet,Crane limit switch,Crane sound and light alarm,Heavy Duty Aviation Connector,Crane overload limiter","publisher":{"@id":"https:\/\/www.hnhlcranes.com\/#organization"},"potentialAction":[{"@type":"SearchAction","target":{"@type":"EntryPoint","urlTemplate":"https:\/\/www.hnhlcranes.com\/?s={search_term_string}"},"query-input":{"@type":"PropertyValueSpecification","valueRequired":true,"valueName":"search_term_string"}}],"inLanguage":"sk-SK"},{"@type":"Organization","@id":"https:\/\/www.hnhlcranes.com\/#organization","name":"Crane Parts Manufacturer","url":"https:\/\/www.hnhlcranes.com\/","logo":{"@type":"ImageObject","inLanguage":"sk-SK","@id":"https:\/\/www.hnhlcranes.com\/#\/schema\/logo\/image\/","url":"https:\/\/www.hnhlcranes.com\/wp-content\/uploads\/2025\/01\/HL-logo-1.png","contentUrl":"https:\/\/www.hnhlcranes.com\/wp-content\/uploads\/2025\/01\/HL-logo-1.png","width":600,"height":169,"caption":"Crane Parts Manufacturer"},"image":{"@id":"https:\/\/www.hnhlcranes.com\/#\/schema\/logo\/image\/"}}]}},"_links":{"self":[{"href":"https:\/\/www.hnhlcranes.com\/sk\/wp-json\/wp\/v2\/product\/5728","targetHints":{"allow":["GET"]}}],"collection":[{"href":"https:\/\/www.hnhlcranes.com\/sk\/wp-json\/wp\/v2\/product"}],"about":[{"href":"https:\/\/www.hnhlcranes.com\/sk\/wp-json\/wp\/v2\/types\/product"}],"version-history":[{"count":4,"href":"https:\/\/www.hnhlcranes.com\/sk\/wp-json\/wp\/v2\/product\/5728\/revisions"}],"predecessor-version":[{"id":7448,"href":"https:\/\/www.hnhlcranes.com\/sk\/wp-json\/wp\/v2\/product\/5728\/revisions\/7448"}],"wp:featuredmedia":[{"embeddable":true,"href":"https:\/\/www.hnhlcranes.com\/sk\/wp-json\/wp\/v2\/media\/7444"}],"wp:attachment":[{"href":"https:\/\/www.hnhlcranes.com\/sk\/wp-json\/wp\/v2\/media?parent=5728"}],"wp:term":[{"taxonomy":"product_brand","embeddable":true,"href":"https:\/\/www.hnhlcranes.com\/sk\/wp-json\/wp\/v2\/product_brand?post=5728"},{"taxonomy":"product_cat","embeddable":true,"href":"https:\/\/www.hnhlcranes.com\/sk\/wp-json\/wp\/v2\/product_cat?post=5728"},{"taxonomy":"product_tag","embeddable":true,"href":"https:\/\/www.hnhlcranes.com\/sk\/wp-json\/wp\/v2\/product_tag?post=5728"}],"curies":[{"name":"wp","href":"https:\/\/api.w.org\/{rel}","templated":true}]}}