{"id":5763,"date":"2024-12-05T23:37:16","date_gmt":"2024-12-05T15:37:16","guid":{"rendered":"https:\/\/www.hnhlcranes.com\/?post_type=product&#038;p=5763"},"modified":"2025-01-14T23:58:43","modified_gmt":"2025-01-14T15:58:43","slug":"elektricka-ovladacia-skrina-zeriavu","status":"publish","type":"product","link":"https:\/\/www.hnhlcranes.com\/sk\/produkt\/elektricka-ovladacia-skrina-zeriavu\/","title":{"rendered":"Skri\u0148a elektrick\u00e9ho ovl\u00e1dania \u017eeriavu"},"content":{"rendered":"<div class=\"flex max-w-full flex-col flex-grow\">\n<div class=\"min-h-8 text-message flex w-full flex-col items-end gap-2 whitespace-normal break-words text-start [.text-message+&amp;]:mt-5\" dir=\"auto\" data-message-author-role=\"assistant\" data-message-id=\"c900b7fa-04cb-4382-81d9-3bfa02a01192\" data-message-model-slug=\"gpt-4o\">\n<div class=\"flex w-full flex-col gap-1 empty:hidden first:pt-[3px]\">\n<div class=\"markdown prose w-full break-words dark:prose-invert light\">\n<h3>\u00davod do rozvodnej skrine \u017eeriavu<\/h3>\n<p>Rozv\u00e1dza\u010d \u017eeriava je k\u013e\u00fa\u010dovou s\u00fa\u010das\u0165ou elektrick\u00e9ho riadiaceho syst\u00e9mu \u017eeriavov a zdv\u00edhac\u00edch zariaden\u00ed. Funguje ako centr\u00e1lny uzol na riadenie a regul\u00e1ciu r\u00f4znych \u017eeriavov\u00fdch oper\u00e1ci\u00ed vr\u00e1tane zdv\u00edhania, sp\u00fa\u0161\u0165ania, pohybu a ot\u00e1\u010dania. T\u00fdm, \u017ee sa v nej nach\u00e1dzaj\u00fa z\u00e1kladn\u00e9 ovl\u00e1dacie prvky, bezpe\u010dnostn\u00e9 zariadenia a syst\u00e9my rozvodu energie, \u017eeriavov\u00e1 rozvodn\u00e1 skri\u0148a zabezpe\u010duje efekt\u00edvnu, bezpe\u010dn\u00fa a spo\u013eahliv\u00fa prev\u00e1dzku \u017eeriavov v r\u00f4znych priemyseln\u00fdch aplik\u00e1ci\u00e1ch.<\/p>\n<h3>K\u013e\u00fa\u010dov\u00e9 vlastnosti a funkcie<\/h3>\n<ol>\n<li><strong>Centralizovan\u00e9 riadenie<\/strong>: V rozv\u00e1dza\u010di sa nach\u00e1dzaj\u00fa r\u00f4zne ovl\u00e1dacie prvky, ako s\u00fa sp\u00fa\u0161\u0165a\u010de motorov, rel\u00e9, st\u00fdka\u010de a isti\u010de. Tieto komponenty spolupracuj\u00fa pri riaden\u00ed pohybov \u017eeriavu a chr\u00e1nia syst\u00e9m pred elektrick\u00fdmi poruchami.<\/li>\n<li><strong>Distrib\u00facia energie<\/strong>: Rozv\u00e1dza\u010d je zodpovedn\u00fd za distrib\u00faciu energie do r\u00f4znych \u010dast\u00ed \u017eeriavu vr\u00e1tane zdv\u00edhacieho zariadenia, voz\u00edka a motorov pojazdu. Zabezpe\u010duje, aby bol ka\u017ed\u00e9mu motoru dodan\u00fd potrebn\u00fd v\u00fdkon, \u010do umo\u017e\u0148uje plynul\u00fa a spo\u013eahliv\u00fa prev\u00e1dzku.<\/li>\n<li><strong>Bezpe\u010dnos\u0165 a ochrana<\/strong>: Ovl\u00e1dacia skri\u0148a \u017eeriavu je vybaven\u00e1 nieko\u013ek\u00fdmi bezpe\u010dnostn\u00fdmi prvkami, vr\u00e1tane ochrany proti pre\u0165a\u017eeniu, ochrany proti skratu a obvodov n\u00fadzov\u00e9ho zastavenia. Tieto funkcie zabra\u0148uj\u00fa nehod\u00e1m a po\u0161kodeniu zariadenia a zais\u0165uj\u00fa bezpe\u010dnos\u0165 obsluhy aj \u017eeriavov\u00e9ho syst\u00e9mu.<\/li>\n<li><strong>Automatiz\u00e1cia a monitorovanie<\/strong>: Mnoh\u00e9 modern\u00e9 \u017eeriavov\u00e9 rozv\u00e1dza\u010de obsahuj\u00fa automatiza\u010dn\u00e9 syst\u00e9my, ako s\u00fa programovate\u013en\u00e9 logick\u00e9 regul\u00e1tory (PLC) a rozhrania \u010dlovek-stroj (HMI). Tieto syst\u00e9my umo\u017e\u0148uj\u00fa dia\u013ekov\u00e9 monitorovanie a automatick\u00e9 ovl\u00e1danie \u017eeriavu, \u010d\u00edm sa zni\u017euje potreba manu\u00e1lnych z\u00e1sahov a zvy\u0161uje sa efekt\u00edvnos\u0165 prev\u00e1dzky.<\/li>\n<li><strong>Prisp\u00f4sobenie<\/strong>: Kon\u0161trukciu rozvodnej skrine \u017eeriavu mo\u017eno prisp\u00f4sobi\u0165 na z\u00e1klade \u0161pecifick\u00fdch potrieb \u017eeriavu, ako je mno\u017estvo motorov, typy za\u0165a\u017eenia a prev\u00e1dzkov\u00e9 prostredie. T\u00e1to flexibilita zaru\u010duje, \u017ee rozv\u00e1dza\u010d sp\u013a\u0148a jedine\u010dn\u00e9 po\u017eiadavky r\u00f4znych priemyseln\u00fdch odvetv\u00ed vr\u00e1tane stavebn\u00edctva, v\u00fdroby a pr\u00edstavnej logistiky.<\/li>\n<\/ol>\n<h3>aplik\u00e1cie \u017eeriavovej rozvodnej skrine<\/h3>\n<p>Rozv\u00e1dza\u010d \u017eeriavov sa \u0161iroko pou\u017e\u00edva v r\u00f4znych priemyseln\u00fdch prostrediach vr\u00e1tane:<\/p>\n<ul>\n<li><strong>Priemyseln\u00e9 \u017eeriavy<\/strong>: Pou\u017e\u00edva sa na ovl\u00e1danie mostov\u00fdch \u017eeriavov, port\u00e1lov\u00fdch \u017eeriavov a v\u00fdlo\u017en\u00edkov v tov\u00e1r\u0148ach, skladoch a v\u00fdrobn\u00fdch zariadeniach.<\/li>\n<li><strong>Pr\u00edstavn\u00e9 \u017eeriavy<\/strong>: Je nevyhnutn\u00fd na ovl\u00e1danie \u017eeriavov na manipul\u00e1ciu s kontajnermi, lodn\u00fdch \u017eeriavov a \u017eeriavov na sypk\u00e9 materi\u00e1ly v pr\u00edstavoch a pr\u00edstavisk\u00e1ch.<\/li>\n<li><strong>\u0164a\u017eobn\u00e1 \u010dinnos\u0165<\/strong>: Rozv\u00e1dza\u010d zohr\u00e1va k\u013e\u00fa\u010dov\u00fa \u00falohu pri riaden\u00ed a distrib\u00facii energie pre \u017eeriavy pou\u017e\u00edvan\u00e9 v bansk\u00fdch v\u00fd\u0165ahoch a in\u00fdch \u0165a\u017ek\u00fdch zdv\u00edhac\u00edch aplik\u00e1ci\u00e1ch.<\/li>\n<li><strong>Stavenisk\u00e1<\/strong>: Pou\u017e\u00edva sa na riadenie ve\u017eov\u00fdch \u017eeriavov, zdv\u00edhac\u00edch zariaden\u00ed a in\u00fdch zdv\u00edhac\u00edch zariaden\u00ed v stavebn\u00edctve.<\/li>\n<\/ul>\n<h6><strong><span style=\"font-family: arial, helvetica, sans-serif; font-size: 18pt;\">In\u0161tal\u00e1cia a \u00fadr\u017eba<\/span><\/strong><\/h6>\n<p>Na zabezpe\u010denie optim\u00e1lneho v\u00fdkonu dodr\u017eiavajte tieto pokyny pri in\u0161tal\u00e1cii a \u00fadr\u017ebe:<\/p>\n<ol>\n<li><strong>Kovov\u00e9 pr\u00edpojky<\/strong>:<br \/>\nV\u0161etky kovov\u00e9 \u010dasti, najm\u00e4 lakovan\u00e9 alebo eloxovan\u00e9 povrchy, spr\u00e1vne pripojte pomocou \u0161pecializovan\u00fdch kontaktn\u00fdch podlo\u017eiek.<\/li>\n<li><strong>Rozlo\u017eenie komponentov<\/strong>:<br \/>\nKomponenty usporiadajte logicky a zabezpe\u010dte minim\u00e1lnu vzdialenos\u0165 200 mm medzi pohonmi a citliv\u00fdmi elektrick\u00fdmi \u010das\u0165ami, aby sa minimalizovalo elektromagnetick\u00e9 ru\u0161enie.<\/li>\n<li><strong>Podmienky prostredia<\/strong>:\n<ul>\n<li><strong>Nadmorsk\u00e1 v\u00fd\u0161ka<\/strong>: Pod 2000 m.<\/li>\n<li><strong>Teplota<\/strong>: -30\u00b0C a\u017e +40\u00b0C.<\/li>\n<li><strong>Vlhkos\u0165<\/strong>: \u2264 85%.<\/li>\n<li><strong>Stabilita<\/strong>: Vyhnite sa miestam s nadmern\u00fdmi vibr\u00e1ciami alebo otrasmi.<\/li>\n<li><strong>Bezpe\u010dnos\u0165<\/strong>: Zabezpe\u010dte nepr\u00edtomnos\u0165 v\u00fdbu\u0161n\u00fdch plynov alebo v\u00fdparov.<\/li>\n<\/ul>\n<\/li>\n<\/ol>\n<h3>Z\u00e1ver<\/h3>\n<p>Na z\u00e1ver mo\u017eno kon\u0161tatova\u0165, \u017ee rozv\u00e1dza\u010d \u017eeriavov je neoddelite\u013enou s\u00fa\u010das\u0165ou zabezpe\u010denia bezpe\u010dnej, efekt\u00edvnej a spo\u013eahlivej prev\u00e1dzky \u017eeriavov. Centraliz\u00e1ciou ovl\u00e1dania, distrib\u00faciou energie a integr\u00e1ciou bezpe\u010dnostn\u00fdch prvkov zabezpe\u010duje plynul\u00fd pohyb \u017eeriava a z\u00e1rove\u0148 minimalizuje riziko por\u00fach syst\u00e9mu. V\u010faka prisp\u00f4sobite\u013enej kon\u0161trukcii m\u00f4\u017ee rozv\u00e1dza\u010d \u017eeriava sp\u013a\u0148a\u0165 \u0161pecifick\u00e9 potreby r\u00f4znych priemyseln\u00fdch odvetv\u00ed, \u010d\u00edm prispieva k zv\u00fd\u0161eniu produktivity a bezpe\u010dnosti prev\u00e1dzky.<\/p>\n<\/div>\n<\/div>\n<\/div>\n<\/div>","protected":false},"excerpt":{"rendered":"<p>Ovl\u00e1dacia skrinka, nap\u00e1jacia skrinka, sign\u00e1lna skrinka, \u0161peci\u00e1lna skrinka, skrinka na zber \u00fadajov, elektrick\u00e1 ovl\u00e1dacia skrinka \u017eeriavu, elektrick\u00e1 ovl\u00e1dacia skrinka, ovl\u00e1dacia skrinka \u017eeriavu<\/p>","protected":false},"featured_media":7472,"template":"","meta":{"_kad_post_transparent":"default","_kad_post_title":"","_kad_post_layout":"default","_kad_post_sidebar_id":"","_kad_post_content_style":"default","_kad_post_vertical_padding":"show","_kad_post_feature":"","_kad_post_feature_position":"","_kad_post_header":false,"_kad_post_footer":false},"product_brand":[],"product_cat":[65],"product_tag":[632,622,376,634,612,616,626,627,629,613,617,620,615,614,618,628,619,621,623,630,635,633,625,631,624],"class_list":{"0":"post-5763","1":"product","2":"type-product","3":"status-publish","4":"has-post-thumbnail","6":"product_cat-crane-electrical-parts","7":"product_tag-aviation-plug","8":"product_tag-cable-trolley","9":"product_tag-china-crane-parts-supplier","10":"product_tag-crane-aviation-plug","11":"product_tag-crane-cable-trolley","12":"product_tag-crane-control-cabinet","13":"product_tag-crane-control-handle","14":"product_tag-crane-controls","15":"product_tag-crane-electrical-control-cabinet","16":"product_tag-crane-electrical-part","17":"product_tag-crane-limit-switch","18":"product_tag-crane-overload-limiter","19":"product_tag-crane-pendant-controller","20":"product_tag-crane-remote-controller","21":"product_tag-crane-sound-and-light-alarm","22":"product_tag-electrical-control-cabinet","23":"product_tag-heavy-duty-aviation-connector","24":"product_tag-i-beam-cable-trolley","25":"product_tag-i-beam-cable-trolley-supplier","26":"product_tag-limit-switch","27":"product_tag-overload-limiter","28":"product_tag-quick-connector","29":"product_tag-remote-controller","30":"product_tag-sound-and-light-alarm","31":"product_tag-wireless-remote-control","33":"first","34":"instock","35":"featured","36":"shipping-taxable","37":"product-type-simple","38":"entry","39":"content-bg","40":"loop-entry"},"yoast_head":"<!-- This site is optimized with the Yoast SEO plugin v24.5 - https:\/\/yoast.com\/wordpress\/plugins\/seo\/ -->\n<title>Crane electrical control cabinet -electrical control cabinet- Crane Parts Manufacturer<\/title>\n<meta name=\"description\" content=\"electrical control cabinet,crane control cabinet,Crane electrical control cabinet,Electrical control cabinet manufacturer,Crane Electrical Parts\" \/>\n<meta name=\"robots\" content=\"index, follow, max-snippet:-1, max-image-preview:large, max-video-preview:-1\" \/>\n<link rel=\"canonical\" href=\"https:\/\/www.hnhlcranes.com\/sk\/produkt\/elektricka-ovladacia-skrina-zeriavu\/\" \/>\n<meta property=\"og:locale\" content=\"sk_SK\" \/>\n<meta property=\"og:type\" content=\"article\" \/>\n<meta property=\"og:title\" content=\"Crane electrical control cabinet -electrical control cabinet- Crane Parts Manufacturer\" \/>\n<meta property=\"og:description\" content=\"electrical control cabinet,crane control cabinet,Crane electrical control cabinet,Electrical control cabinet manufacturer,Crane Electrical Parts\" \/>\n<meta property=\"og:url\" content=\"https:\/\/www.hnhlcranes.com\/sk\/produkt\/elektricka-ovladacia-skrina-zeriavu\/\" \/>\n<meta property=\"og:site_name\" content=\"Crane Parts Manufacturer\" \/>\n<meta property=\"article:modified_time\" content=\"2025-01-14T15:58:43+00:00\" \/>\n<meta property=\"og:image\" content=\"https:\/\/www.hnhlcranes.com\/wp-content\/uploads\/2024\/12\/Crane-control-cabinet.jpg\" \/>\n\t<meta property=\"og:image:width\" content=\"600\" \/>\n\t<meta property=\"og:image:height\" content=\"600\" \/>\n\t<meta property=\"og:image:type\" content=\"image\/jpeg\" \/>\n<meta name=\"twitter:card\" content=\"summary_large_image\" \/>\n<meta name=\"twitter:label1\" content=\"Predpokladan\u00fd \u010das \u010d\u00edtania\" \/>\n\t<meta name=\"twitter:data1\" content=\"3 min\u00faty\" \/>\n<script type=\"application\/ld+json\" class=\"yoast-schema-graph\">{\"@context\":\"https:\/\/schema.org\",\"@graph\":[{\"@type\":\"WebPage\",\"@id\":\"https:\/\/www.hnhlcranes.com\/product\/crane-electrical-control-cabinet\/\",\"url\":\"https:\/\/www.hnhlcranes.com\/product\/crane-electrical-control-cabinet\/\",\"name\":\"Crane electrical control cabinet -electrical control cabinet- Crane Parts Manufacturer\",\"isPartOf\":{\"@id\":\"https:\/\/www.hnhlcranes.com\/#website\"},\"primaryImageOfPage\":{\"@id\":\"https:\/\/www.hnhlcranes.com\/product\/crane-electrical-control-cabinet\/#primaryimage\"},\"image\":{\"@id\":\"https:\/\/www.hnhlcranes.com\/product\/crane-electrical-control-cabinet\/#primaryimage\"},\"thumbnailUrl\":\"https:\/\/www.hnhlcranes.com\/wp-content\/uploads\/2024\/12\/Crane-control-cabinet.jpg\",\"datePublished\":\"2024-12-05T15:37:16+00:00\",\"dateModified\":\"2025-01-14T15:58:43+00:00\",\"description\":\"electrical control cabinet,crane control cabinet,Crane electrical control cabinet,Electrical control cabinet manufacturer,Crane Electrical Parts\",\"breadcrumb\":{\"@id\":\"https:\/\/www.hnhlcranes.com\/product\/crane-electrical-control-cabinet\/#breadcrumb\"},\"inLanguage\":\"sk-SK\",\"potentialAction\":[{\"@type\":\"ReadAction\",\"target\":[\"https:\/\/www.hnhlcranes.com\/product\/crane-electrical-control-cabinet\/\"]}]},{\"@type\":\"ImageObject\",\"inLanguage\":\"sk-SK\",\"@id\":\"https:\/\/www.hnhlcranes.com\/product\/crane-electrical-control-cabinet\/#primaryimage\",\"url\":\"https:\/\/www.hnhlcranes.com\/wp-content\/uploads\/2024\/12\/Crane-control-cabinet.jpg\",\"contentUrl\":\"https:\/\/www.hnhlcranes.com\/wp-content\/uploads\/2024\/12\/Crane-control-cabinet.jpg\",\"width\":600,\"height\":600},{\"@type\":\"BreadcrumbList\",\"@id\":\"https:\/\/www.hnhlcranes.com\/product\/crane-electrical-control-cabinet\/#breadcrumb\",\"itemListElement\":[{\"@type\":\"ListItem\",\"position\":1,\"name\":\"home\",\"item\":\"https:\/\/www.hnhlcranes.com\/\"},{\"@type\":\"ListItem\",\"position\":2,\"name\":\"products\",\"item\":\"https:\/\/www.hnhlcranes.com\/products\/\"},{\"@type\":\"ListItem\",\"position\":3,\"name\":\"Crane electrical control cabinet\"}]},{\"@type\":\"WebSite\",\"@id\":\"https:\/\/www.hnhlcranes.com\/#website\",\"url\":\"https:\/\/www.hnhlcranes.com\/\",\"name\":\"Crane Parts Manufacturer\",\"description\":\"Crane Wheels,Crane Drums,Crane Hooks,Crane Coupling,Crane End Carriage,Electric Hoist,European Crane Parts,Crane Rail Clip,Crane Spreader,Crane Motor,Crane Reducer,Crane Brake,Light Crane Parts,Workstation Crane Parts,Crane Electrical Parts,China Crane Parts Supplier,China Crane Parts Manufacturer,Angle box type crane wheel,45 degree split crane wheel,European crane wheel,Crane Wheel Blocks,Overhead crane drum,European crane drum,Overhead crane hook,European crane hook,Crane pulley block,Gear coupling,Brake wheel coupling,Drum gear coupling,Brake wheel drum gear coupling,Cardan Shaft Coupling,WZL drum coupling,Plum blossom elastic coupling,Brake wheel plum elastic coupling,European Single girder crane end carriage,European Double girder crane end carriage,European Suspension  crane end carriage,Wire Rope Electric Hoist,Electric Chain Hoist,European Single Girder Wire Rope Electric Hoist,European Double Girder Wire Rope Electric Hoist,Crane grab,Container spreader,Billet crane clamps,C-type hook,Lifting Electromagnet,YZR crane motor,YZP crane motor,ZQ Reducer,ZSC Reducer,QJ Reducer,QJ-L Reducer,QJY Reducer,H series gearbox,F Series Gear Motor,K Series Gear Motor,R Series Gear Motor,travelling machinery gear motor,Electro hydraulic drum brake,Electro hydraulic disc brake,Crane Safety brake,Crane cable trolley,Crane remote controller,Crane pendant controller,Crane electrical control cabinet,Crane limit switch,Crane sound and light alarm,Heavy Duty Aviation Connector,Crane overload limiter\",\"publisher\":{\"@id\":\"https:\/\/www.hnhlcranes.com\/#organization\"},\"potentialAction\":[{\"@type\":\"SearchAction\",\"target\":{\"@type\":\"EntryPoint\",\"urlTemplate\":\"https:\/\/www.hnhlcranes.com\/?s={search_term_string}\"},\"query-input\":{\"@type\":\"PropertyValueSpecification\",\"valueRequired\":true,\"valueName\":\"search_term_string\"}}],\"inLanguage\":\"sk-SK\"},{\"@type\":\"Organization\",\"@id\":\"https:\/\/www.hnhlcranes.com\/#organization\",\"name\":\"Crane Parts Manufacturer\",\"url\":\"https:\/\/www.hnhlcranes.com\/\",\"logo\":{\"@type\":\"ImageObject\",\"inLanguage\":\"sk-SK\",\"@id\":\"https:\/\/www.hnhlcranes.com\/#\/schema\/logo\/image\/\",\"url\":\"https:\/\/www.hnhlcranes.com\/wp-content\/uploads\/2025\/01\/HL-logo-1.png\",\"contentUrl\":\"https:\/\/www.hnhlcranes.com\/wp-content\/uploads\/2025\/01\/HL-logo-1.png\",\"width\":600,\"height\":169,\"caption\":\"Crane Parts Manufacturer\"},\"image\":{\"@id\":\"https:\/\/www.hnhlcranes.com\/#\/schema\/logo\/image\/\"}}]}<\/script>\n<!-- \/ Yoast SEO plugin. -->","yoast_head_json":{"title":"Crane electrical control cabinet -electrical control cabinet- Crane Parts Manufacturer","description":"electrical control cabinet,crane control cabinet,Crane electrical control cabinet,Electrical control cabinet manufacturer,Crane Electrical Parts","robots":{"index":"index","follow":"follow","max-snippet":"max-snippet:-1","max-image-preview":"max-image-preview:large","max-video-preview":"max-video-preview:-1"},"canonical":"https:\/\/www.hnhlcranes.com\/sk\/produkt\/elektricka-ovladacia-skrina-zeriavu\/","og_locale":"sk_SK","og_type":"article","og_title":"Crane electrical control cabinet -electrical control cabinet- Crane Parts Manufacturer","og_description":"electrical control cabinet,crane control cabinet,Crane electrical control cabinet,Electrical control cabinet manufacturer,Crane Electrical Parts","og_url":"https:\/\/www.hnhlcranes.com\/sk\/produkt\/elektricka-ovladacia-skrina-zeriavu\/","og_site_name":"Crane Parts Manufacturer","article_modified_time":"2025-01-14T15:58:43+00:00","og_image":[{"width":600,"height":600,"url":"https:\/\/www.hnhlcranes.com\/wp-content\/uploads\/2024\/12\/Crane-control-cabinet.jpg","type":"image\/jpeg"}],"twitter_card":"summary_large_image","twitter_misc":{"Predpokladan\u00fd \u010das \u010d\u00edtania":"3 min\u00faty"},"schema":{"@context":"https:\/\/schema.org","@graph":[{"@type":"WebPage","@id":"https:\/\/www.hnhlcranes.com\/product\/crane-electrical-control-cabinet\/","url":"https:\/\/www.hnhlcranes.com\/product\/crane-electrical-control-cabinet\/","name":"Crane electrical control cabinet -electrical control cabinet- Crane Parts Manufacturer","isPartOf":{"@id":"https:\/\/www.hnhlcranes.com\/#website"},"primaryImageOfPage":{"@id":"https:\/\/www.hnhlcranes.com\/product\/crane-electrical-control-cabinet\/#primaryimage"},"image":{"@id":"https:\/\/www.hnhlcranes.com\/product\/crane-electrical-control-cabinet\/#primaryimage"},"thumbnailUrl":"https:\/\/www.hnhlcranes.com\/wp-content\/uploads\/2024\/12\/Crane-control-cabinet.jpg","datePublished":"2024-12-05T15:37:16+00:00","dateModified":"2025-01-14T15:58:43+00:00","description":"electrical control cabinet,crane control cabinet,Crane electrical control cabinet,Electrical control cabinet manufacturer,Crane Electrical Parts","breadcrumb":{"@id":"https:\/\/www.hnhlcranes.com\/product\/crane-electrical-control-cabinet\/#breadcrumb"},"inLanguage":"sk-SK","potentialAction":[{"@type":"ReadAction","target":["https:\/\/www.hnhlcranes.com\/product\/crane-electrical-control-cabinet\/"]}]},{"@type":"ImageObject","inLanguage":"sk-SK","@id":"https:\/\/www.hnhlcranes.com\/product\/crane-electrical-control-cabinet\/#primaryimage","url":"https:\/\/www.hnhlcranes.com\/wp-content\/uploads\/2024\/12\/Crane-control-cabinet.jpg","contentUrl":"https:\/\/www.hnhlcranes.com\/wp-content\/uploads\/2024\/12\/Crane-control-cabinet.jpg","width":600,"height":600},{"@type":"BreadcrumbList","@id":"https:\/\/www.hnhlcranes.com\/product\/crane-electrical-control-cabinet\/#breadcrumb","itemListElement":[{"@type":"ListItem","position":1,"name":"home","item":"https:\/\/www.hnhlcranes.com\/"},{"@type":"ListItem","position":2,"name":"products","item":"https:\/\/www.hnhlcranes.com\/products\/"},{"@type":"ListItem","position":3,"name":"Crane electrical control cabinet"}]},{"@type":"WebSite","@id":"https:\/\/www.hnhlcranes.com\/#website","url":"https:\/\/www.hnhlcranes.com\/","name":"Crane Parts Manufacturer","description":"Crane Wheels,Crane Drums,Crane Hooks,Crane Coupling,Crane End Carriage,Electric Hoist,European Crane Parts,Crane Rail Clip,Crane Spreader,Crane Motor,Crane Reducer,Crane Brake,Light Crane Parts,Workstation Crane Parts,Crane Electrical Parts,China Crane Parts Supplier,China Crane Parts Manufacturer,Angle box type crane wheel,45 degree split crane wheel,European crane wheel,Crane Wheel Blocks,Overhead crane drum,European crane drum,Overhead crane hook,European crane hook,Crane pulley block,Gear coupling,Brake wheel coupling,Drum gear coupling,Brake wheel drum gear coupling,Cardan Shaft Coupling,WZL drum coupling,Plum blossom elastic coupling,Brake wheel plum elastic coupling,European Single girder crane end carriage,European Double girder crane end carriage,European Suspension  crane end carriage,Wire Rope Electric Hoist,Electric Chain Hoist,European Single Girder Wire Rope Electric Hoist,European Double Girder Wire Rope Electric Hoist,Crane grab,Container spreader,Billet crane clamps,C-type hook,Lifting Electromagnet,YZR crane motor,YZP crane motor,ZQ Reducer,ZSC Reducer,QJ Reducer,QJ-L Reducer,QJY Reducer,H series gearbox,F Series Gear Motor,K Series Gear Motor,R Series Gear Motor,travelling machinery gear motor,Electro hydraulic drum brake,Electro hydraulic disc brake,Crane Safety brake,Crane cable trolley,Crane remote controller,Crane pendant controller,Crane electrical control cabinet,Crane limit switch,Crane sound and light alarm,Heavy Duty Aviation Connector,Crane overload limiter","publisher":{"@id":"https:\/\/www.hnhlcranes.com\/#organization"},"potentialAction":[{"@type":"SearchAction","target":{"@type":"EntryPoint","urlTemplate":"https:\/\/www.hnhlcranes.com\/?s={search_term_string}"},"query-input":{"@type":"PropertyValueSpecification","valueRequired":true,"valueName":"search_term_string"}}],"inLanguage":"sk-SK"},{"@type":"Organization","@id":"https:\/\/www.hnhlcranes.com\/#organization","name":"Crane Parts Manufacturer","url":"https:\/\/www.hnhlcranes.com\/","logo":{"@type":"ImageObject","inLanguage":"sk-SK","@id":"https:\/\/www.hnhlcranes.com\/#\/schema\/logo\/image\/","url":"https:\/\/www.hnhlcranes.com\/wp-content\/uploads\/2025\/01\/HL-logo-1.png","contentUrl":"https:\/\/www.hnhlcranes.com\/wp-content\/uploads\/2025\/01\/HL-logo-1.png","width":600,"height":169,"caption":"Crane Parts Manufacturer"},"image":{"@id":"https:\/\/www.hnhlcranes.com\/#\/schema\/logo\/image\/"}}]}},"_links":{"self":[{"href":"https:\/\/www.hnhlcranes.com\/sk\/wp-json\/wp\/v2\/product\/5763","targetHints":{"allow":["GET"]}}],"collection":[{"href":"https:\/\/www.hnhlcranes.com\/sk\/wp-json\/wp\/v2\/product"}],"about":[{"href":"https:\/\/www.hnhlcranes.com\/sk\/wp-json\/wp\/v2\/types\/product"}],"version-history":[{"count":3,"href":"https:\/\/www.hnhlcranes.com\/sk\/wp-json\/wp\/v2\/product\/5763\/revisions"}],"predecessor-version":[{"id":7475,"href":"https:\/\/www.hnhlcranes.com\/sk\/wp-json\/wp\/v2\/product\/5763\/revisions\/7475"}],"wp:featuredmedia":[{"embeddable":true,"href":"https:\/\/www.hnhlcranes.com\/sk\/wp-json\/wp\/v2\/media\/7472"}],"wp:attachment":[{"href":"https:\/\/www.hnhlcranes.com\/sk\/wp-json\/wp\/v2\/media?parent=5763"}],"wp:term":[{"taxonomy":"product_brand","embeddable":true,"href":"https:\/\/www.hnhlcranes.com\/sk\/wp-json\/wp\/v2\/product_brand?post=5763"},{"taxonomy":"product_cat","embeddable":true,"href":"https:\/\/www.hnhlcranes.com\/sk\/wp-json\/wp\/v2\/product_cat?post=5763"},{"taxonomy":"product_tag","embeddable":true,"href":"https:\/\/www.hnhlcranes.com\/sk\/wp-json\/wp\/v2\/product_tag?post=5763"}],"curies":[{"name":"wp","href":"https:\/\/api.w.org\/{rel}","templated":true}]}}