{"id":5777,"date":"2024-12-06T00:21:10","date_gmt":"2024-12-05T16:21:10","guid":{"rendered":"https:\/\/www.hnhlcranes.com\/?post_type=product&#038;p=5777"},"modified":"2025-01-15T12:35:57","modified_gmt":"2025-01-15T04:35:57","slug":"koncovy-spinac-zeriavu","status":"publish","type":"product","link":"https:\/\/www.hnhlcranes.com\/sk\/produkt\/koncovy-spinac-zeriavu\/","title":{"rendered":"Koncov\u00fd sp\u00edna\u010d \u017eeriava"},"content":{"rendered":"<h3>Preh\u013ead koncov\u00e9ho sp\u00edna\u010da \u017eeriavov DXZ<\/h3>\n<p>Koncov\u00fd sp\u00edna\u010d \u017eeriavov DXZ je z\u00e1kladn\u00e9 zariadenie, ktor\u00e9 sa pou\u017e\u00edva na regul\u00e1ciu prev\u00e1dzkov\u00e9ho rozsahu \u017eeriavov a in\u00fdch \u0165a\u017ek\u00fdch strojov. Jeho hlavnou funkciou je zabezpe\u010di\u0165 bezpe\u010dnos\u0165 t\u00fdm, \u017ee zabra\u0148uje kol\u00edzi\u00e1m alebo stavom pre\u0165a\u017eenia prostredn\u00edctvom presnej regul\u00e1cie polohy. V\u010faka kombin\u00e1cii mechanick\u00fdch a elektronick\u00fdch komponentov pon\u00faka presn\u00fa kontrolu limitov, \u010do z neho rob\u00ed spo\u013eahliv\u00fa vo\u013ebu pre aplik\u00e1cie s ve\u013ek\u00fdm za\u0165a\u017een\u00edm.<\/p>\n<h3>K\u013e\u00fa\u010dov\u00e9 parametre<\/h3>\n<ul>\n<li><strong>Prev\u00e1dzkov\u00e9 prostredie:<\/strong>\n<ul>\n<li><strong>Teplotn\u00fd rozsah:<\/strong> -40 \u00b0C a\u017e +55 \u00b0C.<\/li>\n<li><strong>Relat\u00edvna vlhkos\u0165:<\/strong> \u2264 90%.<\/li>\n<\/ul>\n<\/li>\n<li><strong>Prevodov\u00fd pomer:<\/strong>\n<ul>\n<li>K dispoz\u00edcii s\u00fa tieto mo\u017enosti: 1:13, 1:17, 1:46, 1:60, 1:78, 1:210, 1:274, 1:960.<\/li>\n<\/ul>\n<\/li>\n<li><strong>Presnos\u0165 opakovan\u00e9ho polohovania:<\/strong>\n<ul>\n<li>Uhlov\u00e1 chyba pam\u00e4\u0165ovej va\u010dky je \u2264 0,005 radi\u00e1nu (~0,3 stup\u0148a).<\/li>\n<\/ul>\n<\/li>\n<li><strong>Menovit\u00e9 nap\u00e4tie:<\/strong>\n<ul>\n<li>AC: 125-250 V.<\/li>\n<li>DC: 30 V.<\/li>\n<\/ul>\n<\/li>\n<li><strong>Menovit\u00fd pr\u00fad:<\/strong>\n<ul>\n<li>AC: 6A.<\/li>\n<li>DC: 4A.<\/li>\n<\/ul>\n<\/li>\n<li><strong>Riadiace obvody:<\/strong>\n<ul>\n<li>\u0160tandardn\u00fd dizajn obsahuje 1 - 4 riadiace obvody, ale na z\u00e1klade po\u017eiadaviek pou\u017e\u00edvate\u013ea sa m\u00f4\u017ee roz\u0161\u00edri\u0165 na 5 - 6 obvodov.<\/li>\n<\/ul>\n<\/li>\n<\/ul>\n<h3>Aplik\u00e1cie a funkcie<\/h3>\n<p>Koncov\u00fd sp\u00edna\u010d \u017eeriavov DXZ nach\u00e1dza \u0161irok\u00e9 uplatnenie v r\u00f4znych mechanick\u00fdch zariadeniach, najm\u00e4 v \u0165a\u017ek\u00fdch zariadeniach, ako s\u00fa ve\u017eov\u00e9 \u017eeriavy a port\u00e1lov\u00e9 \u017eeriavy. Ni\u017e\u0161ie s\u00fa uveden\u00e9 jeho z\u00e1kladn\u00e9 funkcie a vlastnosti:<\/p>\n<ul>\n<li><strong>Zaistenie bezpe\u010dnosti:<\/strong>\n<ul>\n<li>Zabra\u0148uje prekro\u010deniu bezpe\u010dn\u00fdch prev\u00e1dzkov\u00fdch hran\u00edc strojov\u00e9ho zariadenia a zabezpe\u010duje, aby zariadenie pracovalo v predp\u00edsan\u00fdch medziach.<\/li>\n<\/ul>\n<\/li>\n<li><strong>Presn\u00e9 riadenie:<\/strong>\n<ul>\n<li>Pomocou mechanick\u00fdch alebo elektronick\u00fdch sn\u00edma\u010dov dosahuje sp\u00edna\u010d presn\u00e9 polohovanie a obmedzenie rozsahu.<\/li>\n<\/ul>\n<\/li>\n<li><strong>V\u0161estrannos\u0165:<\/strong>\n<ul>\n<li>Je ve\u013emi v\u0161estrann\u00fd a vhodn\u00fd do r\u00f4znych n\u00e1ro\u010dn\u00fdch prostred\u00ed, \u010d\u00edm zaru\u010duje spo\u013eahliv\u00fd v\u00fdkon v r\u00f4znych priemyseln\u00fdch podmienkach.<\/li>\n<\/ul>\n<\/li>\n<\/ul>\n<h3>In\u0161tal\u00e1cia a \u00fadr\u017eba<\/h3>\n<ul>\n<li><strong>Pokyny pre in\u0161tal\u00e1ciu:<\/strong>\n<ul>\n<li>Sp\u00edna\u010d pevne zaistite, aby ste zabr\u00e1nili vibr\u00e1ci\u00e1m po\u010das prev\u00e1dzky.<\/li>\n<li>Uistite sa, \u017ee v\u0161etky zapojenia s\u00fa spr\u00e1vne a v s\u00falade s prev\u00e1dzkov\u00fdm n\u00e1vrhom.<\/li>\n<\/ul>\n<\/li>\n<li><strong>Odpor\u00fa\u010dania pre \u00fadr\u017ebu:<\/strong>\n<ul>\n<li>Pravidelne kontrolujte mechanick\u00e9 komponenty a elektrick\u00e9 spoje, \u010di nie s\u00fa opotrebovan\u00e9 alebo po\u0161koden\u00e9.<\/li>\n<li>Pravidelne upravujte polohu a citlivos\u0165 obmedzova\u010da, aby ste udr\u017eali optim\u00e1lny v\u00fdkon.<\/li>\n<\/ul>\n<\/li>\n<\/ul>\n<p>Dodr\u017eiavan\u00edm spr\u00e1vnych postupov in\u0161tal\u00e1cie a \u00fadr\u017eby zaru\u010duje koncov\u00fd sp\u00edna\u010d \u017eeriavov DXZ dlhodob\u00fa spo\u013eahlivos\u0165 a prispieva k bezpe\u010dnej a efekt\u00edvnej prev\u00e1dzke \u017eeriavov\u00fdch syst\u00e9mov.<\/p>","protected":false},"excerpt":{"rendered":"<p><strong><span style=\"font-family: arial, helvetica, sans-serif; font-size: 14pt;\">Hlavn\u00e9 parametre koncov\u00e9ho sp\u00edna\u010da \u017eeriavu DXZ:<\/span><\/strong><br \/>\nOkolit\u00e1 teplota: Relat\u00edvna vlhkos\u0165 nie je vy\u0161\u0161ia ako 90%.<br \/>\nPrevodov\u00fd pomer: 1:13, 1:17, 1:46, 1:60, 1:78, 1:210, 1:274, 1:960<br \/>\nPresnos\u0165 opakovan\u00e9ho polohovania: Uhlov\u00e1 chyba pam\u00e4\u0165ovej va\u010dky nie je v\u00e4\u010d\u0161ia ako 0,005 radi\u00e1nu (pribli\u017ene 0,3 stup\u0148a).<br \/>\nMenovit\u00e9 nap\u00e4tie: Menovit\u00e9 pracovn\u00e9 nap\u00e4tie je AC 125-250 V alebo DC 30 V.<br \/>\nMenovit\u00fd pr\u00fad: Menovit\u00fd pracovn\u00fd pr\u00fad je 6A (AC) alebo 4A (DC).<\/p>","protected":false},"featured_media":7482,"template":"","meta":{"_kad_post_transparent":"default","_kad_post_title":"","_kad_post_layout":"default","_kad_post_sidebar_id":"","_kad_post_content_style":"default","_kad_post_vertical_padding":"show","_kad_post_feature":"","_kad_post_feature_position":"","_kad_post_header":false,"_kad_post_footer":false},"product_brand":[],"product_cat":[65],"product_tag":[632,622,376,634,612,616,626,627,629,613,617,620,615,614,618,628,619,621,623,630,635,633,625,631,624],"class_list":{"0":"post-5777","1":"product","2":"type-product","3":"status-publish","4":"has-post-thumbnail","6":"product_cat-crane-electrical-parts","7":"product_tag-aviation-plug","8":"product_tag-cable-trolley","9":"product_tag-china-crane-parts-supplier","10":"product_tag-crane-aviation-plug","11":"product_tag-crane-cable-trolley","12":"product_tag-crane-control-cabinet","13":"product_tag-crane-control-handle","14":"product_tag-crane-controls","15":"product_tag-crane-electrical-control-cabinet","16":"product_tag-crane-electrical-part","17":"product_tag-crane-limit-switch","18":"product_tag-crane-overload-limiter","19":"product_tag-crane-pendant-controller","20":"product_tag-crane-remote-controller","21":"product_tag-crane-sound-and-light-alarm","22":"product_tag-electrical-control-cabinet","23":"product_tag-heavy-duty-aviation-connector","24":"product_tag-i-beam-cable-trolley","25":"product_tag-i-beam-cable-trolley-supplier","26":"product_tag-limit-switch","27":"product_tag-overload-limiter","28":"product_tag-quick-connector","29":"product_tag-remote-controller","30":"product_tag-sound-and-light-alarm","31":"product_tag-wireless-remote-control","33":"first","34":"instock","35":"shipping-taxable","36":"product-type-simple","37":"entry","38":"content-bg","39":"loop-entry"},"yoast_head":"<!-- This site is optimized with the Yoast SEO plugin v24.5 - https:\/\/yoast.com\/wordpress\/plugins\/seo\/ -->\n<title>Crane limit switch -\u200cDXZ limit switch-lifting rotation limit switch- Crane Parts Manufacturer<\/title>\n<meta name=\"description\" content=\"Infrared anti-collision device,cross limit switch,heavy hammer limit switch,lifting rotation limit switch,Limit switch manufacturer,Crane limit switch\" \/>\n<meta name=\"robots\" content=\"index, follow, max-snippet:-1, max-image-preview:large, max-video-preview:-1\" \/>\n<link rel=\"canonical\" href=\"https:\/\/www.hnhlcranes.com\/sk\/produkt\/koncovy-spinac-zeriavu\/\" \/>\n<meta property=\"og:locale\" content=\"sk_SK\" \/>\n<meta property=\"og:type\" content=\"article\" \/>\n<meta property=\"og:title\" content=\"Crane limit switch -\u200cDXZ limit switch-lifting rotation limit switch- Crane Parts Manufacturer\" \/>\n<meta property=\"og:description\" content=\"Infrared anti-collision device,cross limit switch,heavy hammer limit switch,lifting rotation limit switch,Limit switch manufacturer,Crane limit switch\" \/>\n<meta property=\"og:url\" content=\"https:\/\/www.hnhlcranes.com\/sk\/produkt\/koncovy-spinac-zeriavu\/\" \/>\n<meta property=\"og:site_name\" content=\"Crane Parts Manufacturer\" \/>\n<meta property=\"article:modified_time\" content=\"2025-01-15T04:35:57+00:00\" \/>\n<meta property=\"og:image\" content=\"https:\/\/www.hnhlcranes.com\/wp-content\/uploads\/2024\/12\/Crane-limit-switch.jpg\" \/>\n\t<meta property=\"og:image:width\" content=\"600\" \/>\n\t<meta property=\"og:image:height\" content=\"600\" \/>\n\t<meta property=\"og:image:type\" content=\"image\/jpeg\" \/>\n<meta name=\"twitter:card\" content=\"summary_large_image\" \/>\n<meta name=\"twitter:label1\" content=\"Predpokladan\u00fd \u010das \u010d\u00edtania\" \/>\n\t<meta name=\"twitter:data1\" content=\"2 min\u00faty\" \/>\n<script type=\"application\/ld+json\" class=\"yoast-schema-graph\">{\"@context\":\"https:\/\/schema.org\",\"@graph\":[{\"@type\":\"WebPage\",\"@id\":\"https:\/\/www.hnhlcranes.com\/product\/crane-limit-switch\/\",\"url\":\"https:\/\/www.hnhlcranes.com\/product\/crane-limit-switch\/\",\"name\":\"Crane limit switch -\u200cDXZ limit switch-lifting rotation limit switch- Crane Parts Manufacturer\",\"isPartOf\":{\"@id\":\"https:\/\/www.hnhlcranes.com\/#website\"},\"primaryImageOfPage\":{\"@id\":\"https:\/\/www.hnhlcranes.com\/product\/crane-limit-switch\/#primaryimage\"},\"image\":{\"@id\":\"https:\/\/www.hnhlcranes.com\/product\/crane-limit-switch\/#primaryimage\"},\"thumbnailUrl\":\"https:\/\/www.hnhlcranes.com\/wp-content\/uploads\/2024\/12\/Crane-limit-switch.jpg\",\"datePublished\":\"2024-12-05T16:21:10+00:00\",\"dateModified\":\"2025-01-15T04:35:57+00:00\",\"description\":\"Infrared anti-collision device,cross limit switch,heavy hammer limit switch,lifting rotation limit switch,Limit switch manufacturer,Crane limit switch\",\"breadcrumb\":{\"@id\":\"https:\/\/www.hnhlcranes.com\/product\/crane-limit-switch\/#breadcrumb\"},\"inLanguage\":\"sk-SK\",\"potentialAction\":[{\"@type\":\"ReadAction\",\"target\":[\"https:\/\/www.hnhlcranes.com\/product\/crane-limit-switch\/\"]}]},{\"@type\":\"ImageObject\",\"inLanguage\":\"sk-SK\",\"@id\":\"https:\/\/www.hnhlcranes.com\/product\/crane-limit-switch\/#primaryimage\",\"url\":\"https:\/\/www.hnhlcranes.com\/wp-content\/uploads\/2024\/12\/Crane-limit-switch.jpg\",\"contentUrl\":\"https:\/\/www.hnhlcranes.com\/wp-content\/uploads\/2024\/12\/Crane-limit-switch.jpg\",\"width\":600,\"height\":600},{\"@type\":\"BreadcrumbList\",\"@id\":\"https:\/\/www.hnhlcranes.com\/product\/crane-limit-switch\/#breadcrumb\",\"itemListElement\":[{\"@type\":\"ListItem\",\"position\":1,\"name\":\"home\",\"item\":\"https:\/\/www.hnhlcranes.com\/\"},{\"@type\":\"ListItem\",\"position\":2,\"name\":\"products\",\"item\":\"https:\/\/www.hnhlcranes.com\/products\/\"},{\"@type\":\"ListItem\",\"position\":3,\"name\":\"Crane limit switch\"}]},{\"@type\":\"WebSite\",\"@id\":\"https:\/\/www.hnhlcranes.com\/#website\",\"url\":\"https:\/\/www.hnhlcranes.com\/\",\"name\":\"Crane Parts Manufacturer\",\"description\":\"Crane Wheels,Crane Drums,Crane Hooks,Crane Coupling,Crane End Carriage,Electric Hoist,European Crane Parts,Crane Rail Clip,Crane Spreader,Crane Motor,Crane Reducer,Crane Brake,Light Crane Parts,Workstation Crane Parts,Crane Electrical Parts,China Crane Parts Supplier,China Crane Parts Manufacturer,Angle box type crane wheel,45 degree split crane wheel,European crane wheel,Crane Wheel Blocks,Overhead crane drum,European crane drum,Overhead crane hook,European crane hook,Crane pulley block,Gear coupling,Brake wheel coupling,Drum gear coupling,Brake wheel drum gear coupling,Cardan Shaft Coupling,WZL drum coupling,Plum blossom elastic coupling,Brake wheel plum elastic coupling,European Single girder crane end carriage,European Double girder crane end carriage,European Suspension  crane end carriage,Wire Rope Electric Hoist,Electric Chain Hoist,European Single Girder Wire Rope Electric Hoist,European Double Girder Wire Rope Electric Hoist,Crane grab,Container spreader,Billet crane clamps,C-type hook,Lifting Electromagnet,YZR crane motor,YZP crane motor,ZQ Reducer,ZSC Reducer,QJ Reducer,QJ-L Reducer,QJY Reducer,H series gearbox,F Series Gear Motor,K Series Gear Motor,R Series Gear Motor,travelling machinery gear motor,Electro hydraulic drum brake,Electro hydraulic disc brake,Crane Safety brake,Crane cable trolley,Crane remote controller,Crane pendant controller,Crane electrical control cabinet,Crane limit switch,Crane sound and light alarm,Heavy Duty Aviation Connector,Crane overload limiter\",\"publisher\":{\"@id\":\"https:\/\/www.hnhlcranes.com\/#organization\"},\"potentialAction\":[{\"@type\":\"SearchAction\",\"target\":{\"@type\":\"EntryPoint\",\"urlTemplate\":\"https:\/\/www.hnhlcranes.com\/?s={search_term_string}\"},\"query-input\":{\"@type\":\"PropertyValueSpecification\",\"valueRequired\":true,\"valueName\":\"search_term_string\"}}],\"inLanguage\":\"sk-SK\"},{\"@type\":\"Organization\",\"@id\":\"https:\/\/www.hnhlcranes.com\/#organization\",\"name\":\"Crane Parts Manufacturer\",\"url\":\"https:\/\/www.hnhlcranes.com\/\",\"logo\":{\"@type\":\"ImageObject\",\"inLanguage\":\"sk-SK\",\"@id\":\"https:\/\/www.hnhlcranes.com\/#\/schema\/logo\/image\/\",\"url\":\"https:\/\/www.hnhlcranes.com\/wp-content\/uploads\/2025\/01\/HL-logo-1.png\",\"contentUrl\":\"https:\/\/www.hnhlcranes.com\/wp-content\/uploads\/2025\/01\/HL-logo-1.png\",\"width\":600,\"height\":169,\"caption\":\"Crane Parts Manufacturer\"},\"image\":{\"@id\":\"https:\/\/www.hnhlcranes.com\/#\/schema\/logo\/image\/\"}}]}<\/script>\n<!-- \/ Yoast SEO plugin. -->","yoast_head_json":{"title":"Crane limit switch -\u200cDXZ limit switch-lifting rotation limit switch- Crane Parts Manufacturer","description":"Infrared anti-collision device,cross limit switch,heavy hammer limit switch,lifting rotation limit switch,Limit switch manufacturer,Crane limit switch","robots":{"index":"index","follow":"follow","max-snippet":"max-snippet:-1","max-image-preview":"max-image-preview:large","max-video-preview":"max-video-preview:-1"},"canonical":"https:\/\/www.hnhlcranes.com\/sk\/produkt\/koncovy-spinac-zeriavu\/","og_locale":"sk_SK","og_type":"article","og_title":"Crane limit switch -\u200cDXZ limit switch-lifting rotation limit switch- Crane Parts Manufacturer","og_description":"Infrared anti-collision device,cross limit switch,heavy hammer limit switch,lifting rotation limit switch,Limit switch manufacturer,Crane limit switch","og_url":"https:\/\/www.hnhlcranes.com\/sk\/produkt\/koncovy-spinac-zeriavu\/","og_site_name":"Crane Parts Manufacturer","article_modified_time":"2025-01-15T04:35:57+00:00","og_image":[{"width":600,"height":600,"url":"https:\/\/www.hnhlcranes.com\/wp-content\/uploads\/2024\/12\/Crane-limit-switch.jpg","type":"image\/jpeg"}],"twitter_card":"summary_large_image","twitter_misc":{"Predpokladan\u00fd \u010das \u010d\u00edtania":"2 min\u00faty"},"schema":{"@context":"https:\/\/schema.org","@graph":[{"@type":"WebPage","@id":"https:\/\/www.hnhlcranes.com\/product\/crane-limit-switch\/","url":"https:\/\/www.hnhlcranes.com\/product\/crane-limit-switch\/","name":"Crane limit switch -\u200cDXZ limit switch-lifting rotation limit switch- Crane Parts Manufacturer","isPartOf":{"@id":"https:\/\/www.hnhlcranes.com\/#website"},"primaryImageOfPage":{"@id":"https:\/\/www.hnhlcranes.com\/product\/crane-limit-switch\/#primaryimage"},"image":{"@id":"https:\/\/www.hnhlcranes.com\/product\/crane-limit-switch\/#primaryimage"},"thumbnailUrl":"https:\/\/www.hnhlcranes.com\/wp-content\/uploads\/2024\/12\/Crane-limit-switch.jpg","datePublished":"2024-12-05T16:21:10+00:00","dateModified":"2025-01-15T04:35:57+00:00","description":"Infrared anti-collision device,cross limit switch,heavy hammer limit switch,lifting rotation limit switch,Limit switch manufacturer,Crane limit switch","breadcrumb":{"@id":"https:\/\/www.hnhlcranes.com\/product\/crane-limit-switch\/#breadcrumb"},"inLanguage":"sk-SK","potentialAction":[{"@type":"ReadAction","target":["https:\/\/www.hnhlcranes.com\/product\/crane-limit-switch\/"]}]},{"@type":"ImageObject","inLanguage":"sk-SK","@id":"https:\/\/www.hnhlcranes.com\/product\/crane-limit-switch\/#primaryimage","url":"https:\/\/www.hnhlcranes.com\/wp-content\/uploads\/2024\/12\/Crane-limit-switch.jpg","contentUrl":"https:\/\/www.hnhlcranes.com\/wp-content\/uploads\/2024\/12\/Crane-limit-switch.jpg","width":600,"height":600},{"@type":"BreadcrumbList","@id":"https:\/\/www.hnhlcranes.com\/product\/crane-limit-switch\/#breadcrumb","itemListElement":[{"@type":"ListItem","position":1,"name":"home","item":"https:\/\/www.hnhlcranes.com\/"},{"@type":"ListItem","position":2,"name":"products","item":"https:\/\/www.hnhlcranes.com\/products\/"},{"@type":"ListItem","position":3,"name":"Crane limit switch"}]},{"@type":"WebSite","@id":"https:\/\/www.hnhlcranes.com\/#website","url":"https:\/\/www.hnhlcranes.com\/","name":"Crane Parts Manufacturer","description":"Crane Wheels,Crane Drums,Crane Hooks,Crane Coupling,Crane End Carriage,Electric Hoist,European Crane Parts,Crane Rail Clip,Crane Spreader,Crane Motor,Crane Reducer,Crane Brake,Light Crane Parts,Workstation Crane Parts,Crane Electrical Parts,China Crane Parts Supplier,China Crane Parts Manufacturer,Angle box type crane wheel,45 degree split crane wheel,European crane wheel,Crane Wheel Blocks,Overhead crane drum,European crane drum,Overhead crane hook,European crane hook,Crane pulley block,Gear coupling,Brake wheel coupling,Drum gear coupling,Brake wheel drum gear coupling,Cardan Shaft Coupling,WZL drum coupling,Plum blossom elastic coupling,Brake wheel plum elastic coupling,European Single girder crane end carriage,European Double girder crane end carriage,European Suspension  crane end carriage,Wire Rope Electric Hoist,Electric Chain Hoist,European Single Girder Wire Rope Electric Hoist,European Double Girder Wire Rope Electric Hoist,Crane grab,Container spreader,Billet crane clamps,C-type hook,Lifting Electromagnet,YZR crane motor,YZP crane motor,ZQ Reducer,ZSC Reducer,QJ Reducer,QJ-L Reducer,QJY Reducer,H series gearbox,F Series Gear Motor,K Series Gear Motor,R Series Gear Motor,travelling machinery gear motor,Electro hydraulic drum brake,Electro hydraulic disc brake,Crane Safety brake,Crane cable trolley,Crane remote controller,Crane pendant controller,Crane electrical control cabinet,Crane limit switch,Crane sound and light alarm,Heavy Duty Aviation Connector,Crane overload limiter","publisher":{"@id":"https:\/\/www.hnhlcranes.com\/#organization"},"potentialAction":[{"@type":"SearchAction","target":{"@type":"EntryPoint","urlTemplate":"https:\/\/www.hnhlcranes.com\/?s={search_term_string}"},"query-input":{"@type":"PropertyValueSpecification","valueRequired":true,"valueName":"search_term_string"}}],"inLanguage":"sk-SK"},{"@type":"Organization","@id":"https:\/\/www.hnhlcranes.com\/#organization","name":"Crane Parts Manufacturer","url":"https:\/\/www.hnhlcranes.com\/","logo":{"@type":"ImageObject","inLanguage":"sk-SK","@id":"https:\/\/www.hnhlcranes.com\/#\/schema\/logo\/image\/","url":"https:\/\/www.hnhlcranes.com\/wp-content\/uploads\/2025\/01\/HL-logo-1.png","contentUrl":"https:\/\/www.hnhlcranes.com\/wp-content\/uploads\/2025\/01\/HL-logo-1.png","width":600,"height":169,"caption":"Crane Parts Manufacturer"},"image":{"@id":"https:\/\/www.hnhlcranes.com\/#\/schema\/logo\/image\/"}}]}},"_links":{"self":[{"href":"https:\/\/www.hnhlcranes.com\/sk\/wp-json\/wp\/v2\/product\/5777","targetHints":{"allow":["GET"]}}],"collection":[{"href":"https:\/\/www.hnhlcranes.com\/sk\/wp-json\/wp\/v2\/product"}],"about":[{"href":"https:\/\/www.hnhlcranes.com\/sk\/wp-json\/wp\/v2\/types\/product"}],"version-history":[{"count":3,"href":"https:\/\/www.hnhlcranes.com\/sk\/wp-json\/wp\/v2\/product\/5777\/revisions"}],"predecessor-version":[{"id":7485,"href":"https:\/\/www.hnhlcranes.com\/sk\/wp-json\/wp\/v2\/product\/5777\/revisions\/7485"}],"wp:featuredmedia":[{"embeddable":true,"href":"https:\/\/www.hnhlcranes.com\/sk\/wp-json\/wp\/v2\/media\/7482"}],"wp:attachment":[{"href":"https:\/\/www.hnhlcranes.com\/sk\/wp-json\/wp\/v2\/media?parent=5777"}],"wp:term":[{"taxonomy":"product_brand","embeddable":true,"href":"https:\/\/www.hnhlcranes.com\/sk\/wp-json\/wp\/v2\/product_brand?post=5777"},{"taxonomy":"product_cat","embeddable":true,"href":"https:\/\/www.hnhlcranes.com\/sk\/wp-json\/wp\/v2\/product_cat?post=5777"},{"taxonomy":"product_tag","embeddable":true,"href":"https:\/\/www.hnhlcranes.com\/sk\/wp-json\/wp\/v2\/product_tag?post=5777"}],"curies":[{"name":"wp","href":"https:\/\/api.w.org\/{rel}","templated":true}]}}